{"id":36133,"date":"2025-04-24T11:43:32","date_gmt":"2025-04-24T09:43:32","guid":{"rendered":"https:\/\/tibladin.dk\/?post_type=product&#038;p=36133"},"modified":"2026-04-20T19:04:09","modified_gmt":"2026-04-20T17:04:09","slug":"boek-moeders-marokkaans-eten","status":"publish","type":"product","link":"https:\/\/tibladin.dk\/nl\/produkt\/bog-mors-marokkanske-mad\/","title":{"rendered":"Boek: Mama&#039;s Marokkaanse eten"},"content":{"rendered":"<div class=\"wpb-content-wrapper\"><div class=\"vc_row wpb_row vc_row-fluid\"><div class=\"wpb_column vc_column_container vc_col-sm-4\"><div class=\"vc_column-inner\"><div class=\"wpb_wrapper\"><\/div><\/div><\/div><div class=\"wpb_column vc_column_container vc_col-sm-4\"><div class=\"vc_column-inner\"><div class=\"wpb_wrapper\"><h3 style=\"text-align: left\" class=\"vc_custom_heading vc_do_custom_heading\" >Over de auteur<\/h3>\n\t<div class=\"wpb_text_column wpb_content_element\" >\n\t\t<div class=\"wpb_wrapper\">\n\t\t\t<p>Jamila en Khadija komen uit een broer-zusgroep van 6 meisjes. Opgegroeid in Denemarken. Het boek is een eerbetoon aan hun moeder Rahma El Massoudi en haar grote liefde voor zowel gezin als koken.<\/p>\n<p>De twee zussen zijn opgegroeid met Marokkaans eten en hebben het koken van Marokkaans eten al op jonge leeftijd geleerd van hun moeder. Tegenwoordig hebben ze het caf\u00e9 southharbourcafe in Sydhavnen in Kopenhagen.<\/p>\n\n\t\t<\/div>\n\t<\/div>\n<\/div><\/div><\/div><div class=\"wpb_column vc_column_container vc_col-sm-4\"><div class=\"vc_column-inner\"><div class=\"wpb_wrapper\"><h3 style=\"text-align: left\" class=\"vc_custom_heading vc_do_custom_heading\" >Het verhaal erachter<\/h3>\n\t<div class=\"wpb_text_column wpb_content_element\" >\n\t\t<div class=\"wpb_wrapper\">\n\t\t\t<p class=\"\" data-start=\"228\" data-end=\"385\"><span class=\"relative -mx-px my-&#091;-0.2rem&#093; rounded px-px py-&#091;0.2rem&#093; transition-colors duration-100 ease-in-out\"><em data-start=\"0\" data-end=\"22\" data-is-only-node=\"\">Marokkaans eten van mama<\/em> is een sensueel en hartverwarmend kookboek dat de lezer kennis laat maken met de rijke tradities van de Marokkaanse keuken.<\/span> <span class=\"relative -mx-px my-&#091;-0.2rem&#093; rounded px-px py-&#091;0.2rem&#093; transition-colors duration-100 ease-in-out\">Met authentieke recepten en persoonlijke verhalen nodigen de zussen Mohammadi je uit in de keuken van hun moeder, waar koken een daad van liefde is en een manier om cultureel erfgoed te behouden.<\/span> <span class=\"relative -mx-px my-&#091;-0.2rem&#093; rounded px-px py-&#091;0.2rem&#093; transition-colors duration-100 ease-in-out\">Het boek is een ode aan de kracht van eten om mensen samen te brengen en een gemeenschap te cre\u00ebren die verschillende generaties en culturen overstijgt.<\/span>\u200b<\/p>\n<p class=\"\" data-start=\"412\" data-end=\"615\"><span class=\"relative -mx-px my-&#091;-0.2rem&#093; rounded px-px py-&#091;0.2rem&#093; transition-colors duration-100 ease-in-out\">Jamila en Khadija Mohammadi kwamen in 1977 vanuit het dorp Boujnanne in Marokko naar Denemarken.<\/span> <span class=\"relative -mx-px my-&#091;-0.2rem&#093; rounded px-px py-&#091;0.2rem&#093; transition-colors duration-100 ease-in-out\">Hun moeder bracht een schat aan recepten en kooktradities mee, die ze doorgaf aan haar dochters.<\/span> <span class=\"relative -mx-px my-&#091;-0.2rem&#093; rounded px-px py-&#091;0.2rem&#093; transition-colors duration-100 ease-in-out\">In 2017 openden de zusters <strong data-start=\"23\" data-end=\"45\">South Harbour Caf\u00e9<\/strong> in de Sydhavn van Kopenhagen, waar ze authentiek Marokkaans eten serveren, gebaseerd op de recepten van hun moeder.<\/span> <span class=\"relative -mx-px my-&#091;-0.2rem&#093; rounded px-px py-&#091;0.2rem&#093; transition-colors duration-100 ease-in-out\">Het caf\u00e9 werd al snel bekend om zijn gastvrijheid en smakelijke gerechten en kreeg onder andere: <strong data-start=\"90\" data-end=\"124\">Zon bij de Gudhjem-productprijs<\/strong> in 2022<\/span><\/p>\n\n\t\t<\/div>\n\t<\/div>\n<\/div><\/div><\/div><\/div>\n<\/div>","protected":false},"excerpt":{"rendered":"<p><strong data-start=\"0\" data-end=\"26\" data-is-only-node=\"\">\u201cMoeders Marokkaans eten\u201d<\/strong> is een warm en sensueel kookboek waarin de zussen Jamila en Khadija uit <a href=\"https:\/\/southharbourcafe.dk\">https:\/\/southharbourcafe.dk<\/a> en deelt authentieke recepten en persoonlijke verhalen uit de Marokkaanse keuken. Het boek is een liefdesverklaring aan de kookkunsten van hun moeder en bevat zowel klassiekers als tajine, couscous en harira als kleine anekdotes waarmee u de sfeer van de pittige straten van Marokko rechtstreeks naar uw eigen keuken brengt. Met kleurrijke afbeeldingen en eenvoudige stapsgewijze instructies inspireert het boek zowel beginners als ervaren kookliefhebbers om met hart en ziel en traditie te koken.<\/p>\n<p>Als je eenmaal begint met de Marokkaanse keuken, zul je niet meer stoppen. Er is een reden waarom Marokkaans eten wereldwijd zo geliefd is. Breng kleur, smaak en sfeer aan de eettafel. Bedek met kleurrijke <a href=\"https:\/\/tibladin.dk\/nl\/product-2\/marokkaanse-borden-26-cm-groen\/\">Marokkaanse borden<\/a> En <a href=\"https:\/\/tibladin.dk\/nl\/product-2\/beldi-glas-groen\/\">mondgeblazen Marokkaans glas<\/a> en laat de gedekte tafel met het smakelijke eten u meenemen op een reis naar Marokko.<\/p>\n<p>AANDACHT! Het boek is in het Deens.<\/p>","protected":false},"featured_media":36135,"template":"","meta":{"inline_featured_image":false},"product_brand":[],"product_cat":[27,47,35,93],"product_tag":[],"class_list":{"0":"post-36133","1":"product","2":"type-product","3":"status-publish","4":"has-post-thumbnail","6":"product_cat-diverse","7":"product_cat-gaven-til-ham","8":"product_cat-gaven-til-hende","9":"product_cat-marrakech-guide-boeger","11":"first","12":"outofstock","13":"taxable","14":"shipping-taxable","15":"purchasable","16":"product-type-simple"},"exclude_global_add_ons":false,"addons":[{"name":"Wilt u een cadeauverpakking?","type":"checkbox","position":0,"required":false,"title_format":"label","default":"","description_enable":false,"description":"","placeholder_enable":false,"placeholder":"","display":"images","restrictions_type":"any_text","adjust_price":false,"price":"","price_type":"flat_fee","restrictions":false,"min":"0","max":"0","options":[{"label":"Ja tak","price":"10","price_type":"flat_fee","image":11015,"visibility":true}],"id":1669646111}],"yoast_head":"<!-- This site is optimized with the Yoast SEO plugin v27.4 - https:\/\/yoast.com\/product\/yoast-seo-wordpress\/ -->\n<title>Mors Marokkanske mad | opskrifter fra det marokkanske k\u00f8kken<\/title>\n<meta name=\"description\" content=\"Bogen er fyldt med l\u00e6kre opskrifter fra det traditionelle marokkanske k\u00f8kken og sm\u00e5 historier og forklaringer til hver opskrift. K\u00f8b den hos Tibladin\" \/>\n<meta name=\"robots\" content=\"index, follow, max-snippet:-1, max-image-preview:large, max-video-preview:-1\" \/>\n<link rel=\"canonical\" href=\"https:\/\/tibladin.dk\/nl\/product-2\/boek-moeders-marokkaans-eten\/\" \/>\n<meta property=\"og:locale\" content=\"nl_NL\" \/>\n<meta property=\"og:type\" content=\"article\" \/>\n<meta property=\"og:title\" content=\"Mors Marokkanske mad | opskrifter fra det marokkanske k\u00f8kken\" \/>\n<meta property=\"og:description\" content=\"Bogen er fyldt med l\u00e6kre opskrifter fra det traditionelle marokkanske k\u00f8kken og sm\u00e5 historier og forklaringer til hver opskrift. K\u00f8b den hos Tibladin\" \/>\n<meta property=\"og:url\" content=\"https:\/\/tibladin.dk\/nl\/product-2\/boek-moeders-marokkaans-eten\/\" \/>\n<meta property=\"og:site_name\" content=\"Tibladin\" \/>\n<meta property=\"article:modified_time\" content=\"2026-04-20T17:04:09+00:00\" \/>\n<meta property=\"og:image\" content=\"https:\/\/tibladin.dk\/wp-content\/uploads\/2025\/04\/Mors-marokkanske-mad_bog.jpg\" \/>\n\t<meta property=\"og:image:width\" content=\"800\" \/>\n\t<meta property=\"og:image:height\" content=\"800\" \/>\n\t<meta property=\"og:image:type\" content=\"image\/jpeg\" \/>\n<meta name=\"twitter:card\" content=\"summary_large_image\" \/>\n<meta name=\"twitter:label1\" content=\"Geschatte leestijd\" \/>\n\t<meta name=\"twitter:data1\" content=\"2 minuten\" \/>\n<script type=\"application\/ld+json\" class=\"yoast-schema-graph\">{\"@context\":\"https:\\\/\\\/schema.org\",\"@graph\":[{\"@type\":\"WebPage\",\"@id\":\"https:\\\/\\\/tibladin.dk\\\/produkt\\\/bog-mors-marokkanske-mad\\\/\",\"url\":\"https:\\\/\\\/tibladin.dk\\\/produkt\\\/bog-mors-marokkanske-mad\\\/\",\"name\":\"Mors Marokkanske mad | opskrifter fra det marokkanske k\u00f8kken\",\"isPartOf\":{\"@id\":\"https:\\\/\\\/tibladin.dk\\\/#website\"},\"primaryImageOfPage\":{\"@id\":\"https:\\\/\\\/tibladin.dk\\\/produkt\\\/bog-mors-marokkanske-mad\\\/#primaryimage\"},\"image\":{\"@id\":\"https:\\\/\\\/tibladin.dk\\\/produkt\\\/bog-mors-marokkanske-mad\\\/#primaryimage\"},\"thumbnailUrl\":\"https:\\\/\\\/tibladin.dk\\\/wp-content\\\/uploads\\\/2025\\\/04\\\/Mors-marokkanske-mad_bog.jpg\",\"datePublished\":\"2025-04-24T09:43:32+00:00\",\"dateModified\":\"2026-04-20T17:04:09+00:00\",\"description\":\"Bogen er fyldt med l\u00e6kre opskrifter fra det traditionelle marokkanske k\u00f8kken og sm\u00e5 historier og forklaringer til hver opskrift. K\u00f8b den hos Tibladin\",\"breadcrumb\":{\"@id\":\"https:\\\/\\\/tibladin.dk\\\/produkt\\\/bog-mors-marokkanske-mad\\\/#breadcrumb\"},\"inLanguage\":\"nl-NL\",\"potentialAction\":[{\"@type\":\"ReadAction\",\"target\":[\"https:\\\/\\\/tibladin.dk\\\/produkt\\\/bog-mors-marokkanske-mad\\\/\"]}]},{\"@type\":\"ImageObject\",\"inLanguage\":\"nl-NL\",\"@id\":\"https:\\\/\\\/tibladin.dk\\\/produkt\\\/bog-mors-marokkanske-mad\\\/#primaryimage\",\"url\":\"https:\\\/\\\/tibladin.dk\\\/wp-content\\\/uploads\\\/2025\\\/04\\\/Mors-marokkanske-mad_bog.jpg\",\"contentUrl\":\"https:\\\/\\\/tibladin.dk\\\/wp-content\\\/uploads\\\/2025\\\/04\\\/Mors-marokkanske-mad_bog.jpg\",\"width\":800,\"height\":800,\"caption\":\"bog mors marokkanske mad. Kogebog med sk\u00f8nne fort\u00e6llinger\"},{\"@type\":\"BreadcrumbList\",\"@id\":\"https:\\\/\\\/tibladin.dk\\\/produkt\\\/bog-mors-marokkanske-mad\\\/#breadcrumb\",\"itemListElement\":[{\"@type\":\"ListItem\",\"position\":1,\"name\":\"Hjem\",\"item\":\"https:\\\/\\\/tibladin.dk\\\/\"},{\"@type\":\"ListItem\",\"position\":2,\"name\":\"Shop\",\"item\":\"https:\\\/\\\/tibladin.dk\\\/shop\\\/\"},{\"@type\":\"ListItem\",\"position\":3,\"name\":\"Bog: Mors marokkanske mad\"}]},{\"@type\":\"WebSite\",\"@id\":\"https:\\\/\\\/tibladin.dk\\\/#website\",\"url\":\"https:\\\/\\\/tibladin.dk\\\/\",\"name\":\"Tibladin\",\"description\":\"Tibladin\",\"publisher\":{\"@id\":\"https:\\\/\\\/tibladin.dk\\\/#organization\"},\"potentialAction\":[{\"@type\":\"SearchAction\",\"target\":{\"@type\":\"EntryPoint\",\"urlTemplate\":\"https:\\\/\\\/tibladin.dk\\\/?s={search_term_string}\"},\"query-input\":{\"@type\":\"PropertyValueSpecification\",\"valueRequired\":true,\"valueName\":\"search_term_string\"}}],\"inLanguage\":\"nl-NL\"},{\"@type\":\"Organization\",\"@id\":\"https:\\\/\\\/tibladin.dk\\\/#organization\",\"name\":\"Tibladin\",\"url\":\"https:\\\/\\\/tibladin.dk\\\/\",\"logo\":{\"@type\":\"ImageObject\",\"inLanguage\":\"nl-NL\",\"@id\":\"https:\\\/\\\/tibladin.dk\\\/#\\\/schema\\\/logo\\\/image\\\/\",\"url\":\"https:\\\/\\\/tibladin.dk\\\/wp-content\\\/uploads\\\/2022\\\/09\\\/tibladin_logo.svg\",\"contentUrl\":\"https:\\\/\\\/tibladin.dk\\\/wp-content\\\/uploads\\\/2022\\\/09\\\/tibladin_logo.svg\",\"caption\":\"Tibladin\"},\"image\":{\"@id\":\"https:\\\/\\\/tibladin.dk\\\/#\\\/schema\\\/logo\\\/image\\\/\"}}]}<\/script>\n<!-- \/ Yoast SEO plugin. -->","yoast_head_json":{"title":"Marokkaans eten van mama | recepten uit de Marokkaanse keuken","description":"Het boek staat vol met heerlijke recepten uit de traditionele Marokkaanse keuken en bevat korte verhaaltjes en uitleg bij elk recept. Koop het bij Tibladin","robots":{"index":"index","follow":"follow","max-snippet":"max-snippet:-1","max-image-preview":"max-image-preview:large","max-video-preview":"max-video-preview:-1"},"canonical":"https:\/\/tibladin.dk\/nl\/product-2\/boek-moeders-marokkaans-eten\/","og_locale":"nl_NL","og_type":"article","og_title":"Mors Marokkanske mad | opskrifter fra det marokkanske k\u00f8kken","og_description":"Bogen er fyldt med l\u00e6kre opskrifter fra det traditionelle marokkanske k\u00f8kken og sm\u00e5 historier og forklaringer til hver opskrift. K\u00f8b den hos Tibladin","og_url":"https:\/\/tibladin.dk\/nl\/product-2\/boek-moeders-marokkaans-eten\/","og_site_name":"Tibladin","article_modified_time":"2026-04-20T17:04:09+00:00","og_image":[{"width":800,"height":800,"url":"https:\/\/tibladin.dk\/wp-content\/uploads\/2025\/04\/Mors-marokkanske-mad_bog.jpg","type":"image\/jpeg"}],"twitter_card":"summary_large_image","twitter_misc":{"Geschatte leestijd":"2 minuten"},"schema":{"@context":"https:\/\/schema.org","@graph":[{"@type":"WebPage","@id":"https:\/\/tibladin.dk\/produkt\/bog-mors-marokkanske-mad\/","url":"https:\/\/tibladin.dk\/produkt\/bog-mors-marokkanske-mad\/","name":"Marokkaans eten van mama | recepten uit de Marokkaanse keuken","isPartOf":{"@id":"https:\/\/tibladin.dk\/#website"},"primaryImageOfPage":{"@id":"https:\/\/tibladin.dk\/produkt\/bog-mors-marokkanske-mad\/#primaryimage"},"image":{"@id":"https:\/\/tibladin.dk\/produkt\/bog-mors-marokkanske-mad\/#primaryimage"},"thumbnailUrl":"https:\/\/tibladin.dk\/wp-content\/uploads\/2025\/04\/Mors-marokkanske-mad_bog.jpg","datePublished":"2025-04-24T09:43:32+00:00","dateModified":"2026-04-20T17:04:09+00:00","description":"Het boek staat vol met heerlijke recepten uit de traditionele Marokkaanse keuken en bevat korte verhaaltjes en uitleg bij elk recept. Koop het bij Tibladin","breadcrumb":{"@id":"https:\/\/tibladin.dk\/produkt\/bog-mors-marokkanske-mad\/#breadcrumb"},"inLanguage":"nl-NL","potentialAction":[{"@type":"ReadAction","target":["https:\/\/tibladin.dk\/produkt\/bog-mors-marokkanske-mad\/"]}]},{"@type":"ImageObject","inLanguage":"nl-NL","@id":"https:\/\/tibladin.dk\/produkt\/bog-mors-marokkanske-mad\/#primaryimage","url":"https:\/\/tibladin.dk\/wp-content\/uploads\/2025\/04\/Mors-marokkanske-mad_bog.jpg","contentUrl":"https:\/\/tibladin.dk\/wp-content\/uploads\/2025\/04\/Mors-marokkanske-mad_bog.jpg","width":800,"height":800,"caption":"bog mors marokkanske mad. Kogebog med sk\u00f8nne fort\u00e6llinger"},{"@type":"BreadcrumbList","@id":"https:\/\/tibladin.dk\/produkt\/bog-mors-marokkanske-mad\/#breadcrumb","itemListElement":[{"@type":"ListItem","position":1,"name":"Hjem","item":"https:\/\/tibladin.dk\/"},{"@type":"ListItem","position":2,"name":"Shop","item":"https:\/\/tibladin.dk\/shop\/"},{"@type":"ListItem","position":3,"name":"Bog: Mors marokkanske mad"}]},{"@type":"WebSite","@id":"https:\/\/tibladin.dk\/#website","url":"https:\/\/tibladin.dk\/","name":"Tibladin","description":"Tibladin","publisher":{"@id":"https:\/\/tibladin.dk\/#organization"},"potentialAction":[{"@type":"SearchAction","target":{"@type":"EntryPoint","urlTemplate":"https:\/\/tibladin.dk\/?s={search_term_string}"},"query-input":{"@type":"PropertyValueSpecification","valueRequired":true,"valueName":"search_term_string"}}],"inLanguage":"nl-NL"},{"@type":"Organization","@id":"https:\/\/tibladin.dk\/#organization","name":"Tibladin","url":"https:\/\/tibladin.dk\/","logo":{"@type":"ImageObject","inLanguage":"nl-NL","@id":"https:\/\/tibladin.dk\/#\/schema\/logo\/image\/","url":"https:\/\/tibladin.dk\/wp-content\/uploads\/2022\/09\/tibladin_logo.svg","contentUrl":"https:\/\/tibladin.dk\/wp-content\/uploads\/2022\/09\/tibladin_logo.svg","caption":"Tibladin"},"image":{"@id":"https:\/\/tibladin.dk\/#\/schema\/logo\/image\/"}}]}},"_links":{"self":[{"href":"https:\/\/tibladin.dk\/nl\/wp-json\/wp\/v2\/product\/36133","targetHints":{"allow":["GET"]}}],"collection":[{"href":"https:\/\/tibladin.dk\/nl\/wp-json\/wp\/v2\/product"}],"about":[{"href":"https:\/\/tibladin.dk\/nl\/wp-json\/wp\/v2\/types\/product"}],"wp:featuredmedia":[{"embeddable":true,"href":"https:\/\/tibladin.dk\/nl\/wp-json\/wp\/v2\/media\/36135"}],"wp:attachment":[{"href":"https:\/\/tibladin.dk\/nl\/wp-json\/wp\/v2\/media?parent=36133"}],"wp:term":[{"taxonomy":"product_brand","embeddable":true,"href":"https:\/\/tibladin.dk\/nl\/wp-json\/wp\/v2\/product_brand?post=36133"},{"taxonomy":"product_cat","embeddable":true,"href":"https:\/\/tibladin.dk\/nl\/wp-json\/wp\/v2\/product_cat?post=36133"},{"taxonomy":"product_tag","embeddable":true,"href":"https:\/\/tibladin.dk\/nl\/wp-json\/wp\/v2\/product_tag?post=36133"}],"curies":[{"name":"wp","href":"https:\/\/api.w.org\/{rel}","templated":true}]}}