{"id":36581,"date":"2025-05-22T18:36:23","date_gmt":"2025-05-22T16:36:23","guid":{"rendered":"https:\/\/tibladin.dk\/?post_type=product&#038;p=36581"},"modified":"2025-11-29T15:39:30","modified_gmt":"2025-11-29T14:39:30","slug":"dienblad-in-handbeschilderd-hout-terra","status":"publish","type":"product","link":"https:\/\/tibladin.dk\/nl\/produkt\/bakke-i-haandmalet-trae-terra\/","title":{"rendered":"Handbeschilderd houten dienblad \u2013 TERRA"},"content":{"rendered":"<div class=\"wpb-content-wrapper\"><div class=\"vc_row wpb_row vc_row-fluid\"><div class=\"wpb_column vc_column_container vc_col-sm-4\"><div class=\"vc_column-inner\"><div class=\"wpb_wrapper\"><\/div><\/div><\/div><div class=\"wpb_column vc_column_container vc_col-sm-4\"><div class=\"vc_column-inner\"><div class=\"wpb_wrapper\"><h3 style=\"text-align: left\" class=\"vc_custom_heading vc_do_custom_heading\" >Onderhoud<\/h3>\n\t<div class=\"wpb_text_column wpb_content_element\" >\n\t\t<div class=\"wpb_wrapper\">\n\t\t\t<p>De lade kan worden afgenomen met een vochtige doek.<\/p>\n\n\t\t<\/div>\n\t<\/div>\n<\/div><\/div><\/div><div class=\"wpb_column vc_column_container vc_col-sm-4\"><div class=\"vc_column-inner\"><div class=\"wpb_wrapper\"><h3 style=\"text-align: left\" class=\"vc_custom_heading vc_do_custom_heading\" >Het verhaal erachter<\/h3>\n\t<div class=\"wpb_text_column wpb_content_element\" >\n\t\t<div class=\"wpb_wrapper\">\n\t\t\t<p data-start=\"0\" data-end=\"261\">Handbeschilderde houten dienbladen uit Marokko zijn unieke kunstwerken die traditioneel vakmanschap combineren met kleurrijke Marokkaanse esthetiek. Deze dienbladen worden gemaakt in een kleine werkplaats, waar vakkundige ambachtslieden elk afzonderlijk exemplaar met grote zorg en precisie met de hand beschilderen.<\/p>\n<p data-start=\"263\" data-end=\"725\">Het hout, meestal ceder- of olijfhout, wordt eerst gezaagd en geschuurd tot de gewenste vorm. Vervolgens wordt het oppervlak behandeld om het glad en duurzaam te maken. Vervolgens worden de karakteristieke patronen en kleuren aangebracht, die het rijke culturele erfgoed van Marokko weerspiegelen. De motieven kunnen vari\u00ebren van geometrische patronen en arabesken tot bloemen en symbolen, vaak in sterke tinten blauw, rood, geel en groen \u2013 kleuren die in de Marokkaanse kunst zowel een esthetische als een symbolische betekenis hebben.<\/p>\n<p data-start=\"727\" data-end=\"1018\">Elk dienblad is uniek, niet alleen omdat het met de hand is beschilderd, maar ook omdat de kunstenaar zich vaak laat inspireren door zijn eigen verbeelding of door lokale tradities. Daarmee zijn de dienbladen meer dan alleen maar praktische gebruiksvoorwerpen. Het zijn kleine verhalen uit Noord-Afrika die warmte, leven en geschiedenis in huis brengen.<\/p>\n\n\t\t<\/div>\n\t<\/div>\n<\/div><\/div><\/div><\/div>\n<\/div>","protected":false},"excerpt":{"rendered":"<p>Prachtig handgemaakt Marokkaans dienblad met de fijnste handgeschilderde patronen in stoffige terracotta, gele en groene kleuren en met praktische draaggrepen. Ideaal voor decoratie, serveren en bewaren. Zo haalt u de Marokkaanse stijl en vakmanschap in uw huis.<\/p>\n<p>De handbeschilderde houten dienbladen zorgen voor een exotische en authentieke sfeer, of ze nu gebruikt worden voor het serveren, als decoratie of als onderdeel van een tafelsetting. Ze zijn ook populair als cadeau, omdat ze het beste van het Marokkaanse vakmanschap en culturele erfgoed vertegenwoordigen.<\/p>\n<p>Het dienblad heeft een diameter van 32 cm.<\/p>","protected":false},"featured_media":36587,"template":"","meta":{"inline_featured_image":false},"product_brand":[],"product_cat":[54,51],"product_tag":[],"class_list":{"0":"post-36581","1":"product","2":"type-product","3":"status-publish","4":"has-post-thumbnail","6":"product_cat-aesker-og-bakker","7":"product_cat-opbevaring","9":"first","10":"outofstock","11":"taxable","12":"shipping-taxable","13":"purchasable","14":"product-type-simple"},"exclude_global_add_ons":false,"addons":[{"name":"Wilt u een cadeauverpakking?","type":"checkbox","position":0,"required":false,"title_format":"label","default":"","description_enable":false,"description":"","placeholder_enable":false,"placeholder":"","display":"images","restrictions_type":"any_text","adjust_price":false,"price":"","price_type":"flat_fee","restrictions":false,"min":"0","max":"0","options":[{"label":"Ja tak","price":"10","price_type":"flat_fee","image":11015,"visibility":true}],"id":1669646111}],"yoast_head":"<!-- This site is optimized with the Yoast SEO plugin v27.5 - https:\/\/yoast.com\/product\/yoast-seo-wordpress\/ -->\n<title>Bakke i h\u00e5ndmalet tr\u00e6 - TERRA | Smukt design | Tibladin<\/title>\n<meta name=\"description\" content=\"H\u00e5ndmalet bakke i tr\u00e6 med det fineste m\u00f8nster. Smukt design og hel unik. Brug den til at servere din eftermiddags te eller lad den st\u00e5 til pynt.\" \/>\n<meta name=\"robots\" content=\"index, follow, max-snippet:-1, max-image-preview:large, max-video-preview:-1\" \/>\n<link rel=\"canonical\" href=\"https:\/\/tibladin.dk\/nl\/product-2\/dienblad-in-handbeschilderd-hout-terra\/\" \/>\n<meta property=\"og:locale\" content=\"nl_NL\" \/>\n<meta property=\"og:type\" content=\"article\" \/>\n<meta property=\"og:title\" content=\"Bakke i h\u00e5ndmalet tr\u00e6 - TERRA | Smukt design | Tibladin\" \/>\n<meta property=\"og:description\" content=\"H\u00e5ndmalet bakke i tr\u00e6 med det fineste m\u00f8nster. Smukt design og hel unik. Brug den til at servere din eftermiddags te eller lad den st\u00e5 til pynt.\" \/>\n<meta property=\"og:url\" content=\"https:\/\/tibladin.dk\/nl\/product-2\/dienblad-in-handbeschilderd-hout-terra\/\" \/>\n<meta property=\"og:site_name\" content=\"Tibladin\" \/>\n<meta property=\"article:modified_time\" content=\"2025-11-29T14:39:30+00:00\" \/>\n<meta property=\"og:image\" content=\"https:\/\/tibladin.dk\/wp-content\/uploads\/2025\/05\/malet-bakke-i-trae_TERRA_6.jpg\" \/>\n\t<meta property=\"og:image:width\" content=\"800\" \/>\n\t<meta property=\"og:image:height\" content=\"800\" \/>\n\t<meta property=\"og:image:type\" content=\"image\/jpeg\" \/>\n<meta name=\"twitter:card\" content=\"summary_large_image\" \/>\n<meta name=\"twitter:label1\" content=\"Geschatte leestijd\" \/>\n\t<meta name=\"twitter:data1\" content=\"2 minuten\" \/>\n<script type=\"application\/ld+json\" class=\"yoast-schema-graph\">{\"@context\":\"https:\\\/\\\/schema.org\",\"@graph\":[{\"@type\":\"WebPage\",\"@id\":\"https:\\\/\\\/tibladin.dk\\\/produkt\\\/bakke-i-haandmalet-trae-terra\\\/\",\"url\":\"https:\\\/\\\/tibladin.dk\\\/produkt\\\/bakke-i-haandmalet-trae-terra\\\/\",\"name\":\"Bakke i h\u00e5ndmalet tr\u00e6 - TERRA | Smukt design | Tibladin\",\"isPartOf\":{\"@id\":\"https:\\\/\\\/tibladin.dk\\\/#website\"},\"primaryImageOfPage\":{\"@id\":\"https:\\\/\\\/tibladin.dk\\\/produkt\\\/bakke-i-haandmalet-trae-terra\\\/#primaryimage\"},\"image\":{\"@id\":\"https:\\\/\\\/tibladin.dk\\\/produkt\\\/bakke-i-haandmalet-trae-terra\\\/#primaryimage\"},\"thumbnailUrl\":\"https:\\\/\\\/tibladin.dk\\\/wp-content\\\/uploads\\\/2025\\\/05\\\/malet-bakke-i-trae_TERRA_6.jpg\",\"datePublished\":\"2025-05-22T16:36:23+00:00\",\"dateModified\":\"2025-11-29T14:39:30+00:00\",\"description\":\"H\u00e5ndmalet bakke i tr\u00e6 med det fineste m\u00f8nster. Smukt design og hel unik. Brug den til at servere din eftermiddags te eller lad den st\u00e5 til pynt.\",\"breadcrumb\":{\"@id\":\"https:\\\/\\\/tibladin.dk\\\/produkt\\\/bakke-i-haandmalet-trae-terra\\\/#breadcrumb\"},\"inLanguage\":\"nl-NL\",\"potentialAction\":[{\"@type\":\"ReadAction\",\"target\":[\"https:\\\/\\\/tibladin.dk\\\/produkt\\\/bakke-i-haandmalet-trae-terra\\\/\"]}]},{\"@type\":\"ImageObject\",\"inLanguage\":\"nl-NL\",\"@id\":\"https:\\\/\\\/tibladin.dk\\\/produkt\\\/bakke-i-haandmalet-trae-terra\\\/#primaryimage\",\"url\":\"https:\\\/\\\/tibladin.dk\\\/wp-content\\\/uploads\\\/2025\\\/05\\\/malet-bakke-i-trae_TERRA_6.jpg\",\"contentUrl\":\"https:\\\/\\\/tibladin.dk\\\/wp-content\\\/uploads\\\/2025\\\/05\\\/malet-bakke-i-trae_TERRA_6.jpg\",\"width\":800,\"height\":800,\"caption\":\"malet bakke i tr\u00e6_TERRA i st\u00f8vede terracotta og gr\u00f8nne farver\"},{\"@type\":\"BreadcrumbList\",\"@id\":\"https:\\\/\\\/tibladin.dk\\\/produkt\\\/bakke-i-haandmalet-trae-terra\\\/#breadcrumb\",\"itemListElement\":[{\"@type\":\"ListItem\",\"position\":1,\"name\":\"Hjem\",\"item\":\"https:\\\/\\\/tibladin.dk\\\/\"},{\"@type\":\"ListItem\",\"position\":2,\"name\":\"Shop\",\"item\":\"https:\\\/\\\/tibladin.dk\\\/shop\\\/\"},{\"@type\":\"ListItem\",\"position\":3,\"name\":\"Bakke i h\u00e5ndmalet tr\u00e6 &#8211; TERRA\"}]},{\"@type\":\"WebSite\",\"@id\":\"https:\\\/\\\/tibladin.dk\\\/#website\",\"url\":\"https:\\\/\\\/tibladin.dk\\\/\",\"name\":\"Tibladin\",\"description\":\"Tibladin\",\"publisher\":{\"@id\":\"https:\\\/\\\/tibladin.dk\\\/#organization\"},\"potentialAction\":[{\"@type\":\"SearchAction\",\"target\":{\"@type\":\"EntryPoint\",\"urlTemplate\":\"https:\\\/\\\/tibladin.dk\\\/?s={search_term_string}\"},\"query-input\":{\"@type\":\"PropertyValueSpecification\",\"valueRequired\":true,\"valueName\":\"search_term_string\"}}],\"inLanguage\":\"nl-NL\"},{\"@type\":\"Organization\",\"@id\":\"https:\\\/\\\/tibladin.dk\\\/#organization\",\"name\":\"Tibladin\",\"url\":\"https:\\\/\\\/tibladin.dk\\\/\",\"logo\":{\"@type\":\"ImageObject\",\"inLanguage\":\"nl-NL\",\"@id\":\"https:\\\/\\\/tibladin.dk\\\/#\\\/schema\\\/logo\\\/image\\\/\",\"url\":\"https:\\\/\\\/tibladin.dk\\\/wp-content\\\/uploads\\\/2022\\\/09\\\/tibladin_logo.svg\",\"contentUrl\":\"https:\\\/\\\/tibladin.dk\\\/wp-content\\\/uploads\\\/2022\\\/09\\\/tibladin_logo.svg\",\"caption\":\"Tibladin\"},\"image\":{\"@id\":\"https:\\\/\\\/tibladin.dk\\\/#\\\/schema\\\/logo\\\/image\\\/\"}}]}<\/script>\n<!-- \/ Yoast SEO plugin. -->","yoast_head_json":{"title":"Handbeschilderd houten dienblad - TERRA | Prachtig ontwerp | Tibladin","description":"Handbeschilderd houten dienblad met het fijnste patroon. Prachtig ontwerp en volkomen uniek. Serveer er uw afternoon tea mee of zet het neer als decoratie.","robots":{"index":"index","follow":"follow","max-snippet":"max-snippet:-1","max-image-preview":"max-image-preview:large","max-video-preview":"max-video-preview:-1"},"canonical":"https:\/\/tibladin.dk\/nl\/product-2\/dienblad-in-handbeschilderd-hout-terra\/","og_locale":"nl_NL","og_type":"article","og_title":"Bakke i h\u00e5ndmalet tr\u00e6 - TERRA | Smukt design | Tibladin","og_description":"H\u00e5ndmalet bakke i tr\u00e6 med det fineste m\u00f8nster. Smukt design og hel unik. Brug den til at servere din eftermiddags te eller lad den st\u00e5 til pynt.","og_url":"https:\/\/tibladin.dk\/nl\/product-2\/dienblad-in-handbeschilderd-hout-terra\/","og_site_name":"Tibladin","article_modified_time":"2025-11-29T14:39:30+00:00","og_image":[{"width":800,"height":800,"url":"https:\/\/tibladin.dk\/wp-content\/uploads\/2025\/05\/malet-bakke-i-trae_TERRA_6.jpg","type":"image\/jpeg"}],"twitter_card":"summary_large_image","twitter_misc":{"Geschatte leestijd":"2 minuten"},"schema":{"@context":"https:\/\/schema.org","@graph":[{"@type":"WebPage","@id":"https:\/\/tibladin.dk\/produkt\/bakke-i-haandmalet-trae-terra\/","url":"https:\/\/tibladin.dk\/produkt\/bakke-i-haandmalet-trae-terra\/","name":"Handbeschilderd houten dienblad - TERRA | Prachtig ontwerp | Tibladin","isPartOf":{"@id":"https:\/\/tibladin.dk\/#website"},"primaryImageOfPage":{"@id":"https:\/\/tibladin.dk\/produkt\/bakke-i-haandmalet-trae-terra\/#primaryimage"},"image":{"@id":"https:\/\/tibladin.dk\/produkt\/bakke-i-haandmalet-trae-terra\/#primaryimage"},"thumbnailUrl":"https:\/\/tibladin.dk\/wp-content\/uploads\/2025\/05\/malet-bakke-i-trae_TERRA_6.jpg","datePublished":"2025-05-22T16:36:23+00:00","dateModified":"2025-11-29T14:39:30+00:00","description":"Handbeschilderd houten dienblad met het fijnste patroon. Prachtig ontwerp en volkomen uniek. Serveer er uw afternoon tea mee of zet het neer als decoratie.","breadcrumb":{"@id":"https:\/\/tibladin.dk\/produkt\/bakke-i-haandmalet-trae-terra\/#breadcrumb"},"inLanguage":"nl-NL","potentialAction":[{"@type":"ReadAction","target":["https:\/\/tibladin.dk\/produkt\/bakke-i-haandmalet-trae-terra\/"]}]},{"@type":"ImageObject","inLanguage":"nl-NL","@id":"https:\/\/tibladin.dk\/produkt\/bakke-i-haandmalet-trae-terra\/#primaryimage","url":"https:\/\/tibladin.dk\/wp-content\/uploads\/2025\/05\/malet-bakke-i-trae_TERRA_6.jpg","contentUrl":"https:\/\/tibladin.dk\/wp-content\/uploads\/2025\/05\/malet-bakke-i-trae_TERRA_6.jpg","width":800,"height":800,"caption":"malet bakke i tr\u00e6_TERRA i st\u00f8vede terracotta og gr\u00f8nne farver"},{"@type":"BreadcrumbList","@id":"https:\/\/tibladin.dk\/produkt\/bakke-i-haandmalet-trae-terra\/#breadcrumb","itemListElement":[{"@type":"ListItem","position":1,"name":"Hjem","item":"https:\/\/tibladin.dk\/"},{"@type":"ListItem","position":2,"name":"Shop","item":"https:\/\/tibladin.dk\/shop\/"},{"@type":"ListItem","position":3,"name":"Bakke i h\u00e5ndmalet tr\u00e6 &#8211; TERRA"}]},{"@type":"WebSite","@id":"https:\/\/tibladin.dk\/#website","url":"https:\/\/tibladin.dk\/","name":"Tibladin","description":"Tibladin","publisher":{"@id":"https:\/\/tibladin.dk\/#organization"},"potentialAction":[{"@type":"SearchAction","target":{"@type":"EntryPoint","urlTemplate":"https:\/\/tibladin.dk\/?s={search_term_string}"},"query-input":{"@type":"PropertyValueSpecification","valueRequired":true,"valueName":"search_term_string"}}],"inLanguage":"nl-NL"},{"@type":"Organization","@id":"https:\/\/tibladin.dk\/#organization","name":"Tibladin","url":"https:\/\/tibladin.dk\/","logo":{"@type":"ImageObject","inLanguage":"nl-NL","@id":"https:\/\/tibladin.dk\/#\/schema\/logo\/image\/","url":"https:\/\/tibladin.dk\/wp-content\/uploads\/2022\/09\/tibladin_logo.svg","contentUrl":"https:\/\/tibladin.dk\/wp-content\/uploads\/2022\/09\/tibladin_logo.svg","caption":"Tibladin"},"image":{"@id":"https:\/\/tibladin.dk\/#\/schema\/logo\/image\/"}}]}},"_links":{"self":[{"href":"https:\/\/tibladin.dk\/nl\/wp-json\/wp\/v2\/product\/36581","targetHints":{"allow":["GET"]}}],"collection":[{"href":"https:\/\/tibladin.dk\/nl\/wp-json\/wp\/v2\/product"}],"about":[{"href":"https:\/\/tibladin.dk\/nl\/wp-json\/wp\/v2\/types\/product"}],"wp:featuredmedia":[{"embeddable":true,"href":"https:\/\/tibladin.dk\/nl\/wp-json\/wp\/v2\/media\/36587"}],"wp:attachment":[{"href":"https:\/\/tibladin.dk\/nl\/wp-json\/wp\/v2\/media?parent=36581"}],"wp:term":[{"taxonomy":"product_brand","embeddable":true,"href":"https:\/\/tibladin.dk\/nl\/wp-json\/wp\/v2\/product_brand?post=36581"},{"taxonomy":"product_cat","embeddable":true,"href":"https:\/\/tibladin.dk\/nl\/wp-json\/wp\/v2\/product_cat?post=36581"},{"taxonomy":"product_tag","embeddable":true,"href":"https:\/\/tibladin.dk\/nl\/wp-json\/wp\/v2\/product_tag?post=36581"}],"curies":[{"name":"wp","href":"https:\/\/api.w.org\/{rel}","templated":true}]}}