{"id":36854,"date":"2025-05-31T12:13:51","date_gmt":"2025-05-31T10:13:51","guid":{"rendered":"https:\/\/tibladin.dk\/?post_type=product&#038;p=36854"},"modified":"2025-06-03T11:59:49","modified_gmt":"2025-06-03T09:59:49","slug":"shirt-engel-berry_m","status":"publish","type":"product","link":"https:\/\/tibladin.dk\/nl\/produkt\/skjorte-angel-berry_m\/","title":{"rendered":"Overhemd ANGEL-BERRY_M"},"content":{"rendered":"<div class=\"wpb-content-wrapper\"><div class=\"vc_row wpb_row vc_row-fluid\"><div class=\"wpb_column vc_column_container vc_col-sm-4\"><div class=\"vc_column-inner\"><div class=\"wpb_wrapper\"><\/div><\/div><\/div><div class=\"wpb_column vc_column_container vc_col-sm-4\"><div class=\"vc_column-inner\"><div class=\"wpb_wrapper\"><h3 style=\"text-align: left\" class=\"vc_custom_heading vc_do_custom_heading\" >Onderhoud<\/h3>\n\t<div class=\"wpb_text_column wpb_content_element\" >\n\t\t<div class=\"wpb_wrapper\">\n\t\t\t<p>De shirts zijn gemaakt van 100% katoen en kunnen daarom in de machine gewassen worden tot 30 graden. Wij adviseren om de jurken op de laagste temperatuur te stomen\/strijken om kreukels en vouwen te voorkomen.<\/p>\n\n\t\t<\/div>\n\t<\/div>\n<\/div><\/div><\/div><div class=\"wpb_column vc_column_container vc_col-sm-4\"><div class=\"vc_column-inner\"><div class=\"wpb_wrapper\"><h3 style=\"text-align: left\" class=\"vc_custom_heading vc_do_custom_heading\" >Het verhaal erachter<\/h3>\n\t<div class=\"wpb_text_column wpb_content_element\" >\n\t\t<div class=\"wpb_wrapper\">\n\t\t\t<p data-start=\"192\" data-end=\"371\">Geboren in het hart van Marrakesh, waar kleuren, ambachten en geschiedenis in elke straat verweven zijn, <em data-start=\"288\" data-end=\"299\">chic2luxe<\/em> een merk met wortels in traditie \u2013 en een oog voor vrijheid en stijl. Virginie, de bedenker van dit merk, werkt nauw samen met Marokkaanse kleermakers die alle creaties met de hand maken, met veel liefde voor hun vak. Uit respect voor het milieu worden deze creaties slechts in beperkte oplage met de hand gemaakt en is er van elk ontwerp maar \u00e9\u00e9n exemplaar. Geen massaproductie.<\/p>\n<p data-start=\"373\" data-end=\"695\">Achter het merk schuilt een passie voor persoonlijke mode met een ziel: kleding die verhalen vertelt en ruimte cre\u00ebert voor zowel alledaagse momenten als dromerige momenten.<br data-start=\"525\" data-end=\"528\" \/>Alle stijlen zijn ontworpen met respect voor comfort, lichtheid en de handgemaakte look \u2013 vaak met een speelse twist zoals borduursels, contrasten of verrassende details.<\/p>\n<p data-start=\"697\" data-end=\"875\">De collecties zijn gemaakt van lichte, natuurlijke materialen en elk stuk draagt een vleugje van de energie van Marrakesh met zich mee, waar de woestijnwind de souk ontmoet en waar traditie iets nieuws wordt.<\/p>\n\n\t\t<\/div>\n\t<\/div>\n<\/div><\/div><\/div><\/div>\n<\/div>","protected":false},"excerpt":{"rendered":"<p data-start=\"14\" data-end=\"250\">Dit shirt heeft een mooie, speelse uitstraling met de donkere bloemenvleugels in roze en paarse tinten, afstekend tegen de lichte, discrete gestreepte achtergrond. Het voelt gedurfd, vrouwelijk en een beetje dromerig \u2013 een shirt met karakter en contrast.<\/p>\n<p data-start=\"267\" data-end=\"538\">Gemaakt van licht, ademend katoen met fijne witte en oudroze streepjes. Heeft een relaxte, licht oversized snit, lange mouwen en een elegante, diepe halslijn. Aan de achterkant ontvouwt zich een set opgenaaide gekleurde engelen vleugels, met bloemdetails in roze en rozenkleuren die kracht en gratie uitstralen.<\/p>\n<p data-start=\"540\" data-end=\"618\">Ideaal voor warme dagen, als laagjeskleding of gewoon wanneer je je vrij wilt voelen.<\/p>\n<p data-start=\"540\" data-end=\"618\">Het shirt valt in maat. Medium, maar valt oversized, waardoor hij geschikt is voor de meeste Medium en Large maten. Als je een oversized look wilt zoals het model op de foto, dan is dat een maat. S, je kunt het ook gebruiken als je normaal gesproken Small gebruikt. Er is maar \u00e9\u00e9n exemplaar van dit shirt en daarom is het niet in meerdere maten verkrijgbaar.<\/p>\n<p data-start=\"540\" data-end=\"618\">AFMETINGEN: Mouwlengte 58 cm (vanaf kraag) halslijn 20 cm<\/p>\n<p data-start=\"540\" data-end=\"618\">Lengte (vanaf de nek) 47 cm voor en 55 cm achter | Breedte 63 cm<\/p>\n<p data-start=\"540\" data-end=\"618\">Het model op de foto is een maat. S<\/p>","protected":false},"featured_media":36861,"template":"","meta":{"inline_featured_image":false},"product_brand":[],"product_cat":[27,170,169],"product_tag":[],"class_list":{"0":"post-36854","1":"product","2":"type-product","3":"status-publish","4":"has-post-thumbnail","6":"product_cat-diverse","7":"product_cat-skjorter","8":"product_cat-toej","10":"first","11":"instock","12":"taxable","13":"shipping-taxable","14":"purchasable","15":"product-type-simple"},"exclude_global_add_ons":[],"addons":[],"yoast_head":"<!-- This site is optimized with the Yoast SEO plugin v27.4 - https:\/\/yoast.com\/product\/yoast-seo-wordpress\/ -->\n<title>H\u00e5ndlavet Marokkansk skjorte | Unika design | Tibladin |<\/title>\n<meta name=\"description\" content=\"Flotte h\u00e5ndsyede kjoler i 100% bomuld. Udviklet i samarbejde med dygtige designere og skr\u00e6ddere i Marrakech. Unikke og farvestr\u00e5lende materialer.\" \/>\n<meta name=\"robots\" content=\"index, follow, max-snippet:-1, max-image-preview:large, max-video-preview:-1\" \/>\n<link rel=\"canonical\" href=\"https:\/\/tibladin.dk\/nl\/product-2\/shirt-engel-berry_m\/\" \/>\n<meta property=\"og:locale\" content=\"nl_NL\" \/>\n<meta property=\"og:type\" content=\"article\" \/>\n<meta property=\"og:title\" content=\"H\u00e5ndlavet Marokkansk skjorte | Unika design | Tibladin |\" \/>\n<meta property=\"og:description\" content=\"Flotte h\u00e5ndsyede kjoler i 100% bomuld. Udviklet i samarbejde med dygtige designere og skr\u00e6ddere i Marrakech. Unikke og farvestr\u00e5lende materialer.\" \/>\n<meta property=\"og:url\" content=\"https:\/\/tibladin.dk\/nl\/product-2\/shirt-engel-berry_m\/\" \/>\n<meta property=\"og:site_name\" content=\"Tibladin\" \/>\n<meta property=\"article:modified_time\" content=\"2025-06-03T09:59:49+00:00\" \/>\n<meta property=\"og:image\" content=\"https:\/\/tibladin.dk\/wp-content\/uploads\/2025\/05\/Skjorte_ANGEL-BERRY_M_7.jpg\" \/>\n\t<meta property=\"og:image:width\" content=\"800\" \/>\n\t<meta property=\"og:image:height\" content=\"800\" \/>\n\t<meta property=\"og:image:type\" content=\"image\/jpeg\" \/>\n<meta name=\"twitter:card\" content=\"summary_large_image\" \/>\n<meta name=\"twitter:label1\" content=\"Geschatte leestijd\" \/>\n\t<meta name=\"twitter:data1\" content=\"2 minuten\" \/>\n<script type=\"application\/ld+json\" class=\"yoast-schema-graph\">{\"@context\":\"https:\\\/\\\/schema.org\",\"@graph\":[{\"@type\":\"WebPage\",\"@id\":\"https:\\\/\\\/tibladin.dk\\\/produkt\\\/skjorte-angel-berry_m\\\/\",\"url\":\"https:\\\/\\\/tibladin.dk\\\/produkt\\\/skjorte-angel-berry_m\\\/\",\"name\":\"H\u00e5ndlavet Marokkansk skjorte | Unika design | Tibladin |\",\"isPartOf\":{\"@id\":\"https:\\\/\\\/tibladin.dk\\\/#website\"},\"primaryImageOfPage\":{\"@id\":\"https:\\\/\\\/tibladin.dk\\\/produkt\\\/skjorte-angel-berry_m\\\/#primaryimage\"},\"image\":{\"@id\":\"https:\\\/\\\/tibladin.dk\\\/produkt\\\/skjorte-angel-berry_m\\\/#primaryimage\"},\"thumbnailUrl\":\"https:\\\/\\\/tibladin.dk\\\/wp-content\\\/uploads\\\/2025\\\/05\\\/Skjorte_ANGEL-BERRY_M_7.jpg\",\"datePublished\":\"2025-05-31T10:13:51+00:00\",\"dateModified\":\"2025-06-03T09:59:49+00:00\",\"description\":\"Flotte h\u00e5ndsyede kjoler i 100% bomuld. Udviklet i samarbejde med dygtige designere og skr\u00e6ddere i Marrakech. Unikke og farvestr\u00e5lende materialer.\",\"breadcrumb\":{\"@id\":\"https:\\\/\\\/tibladin.dk\\\/produkt\\\/skjorte-angel-berry_m\\\/#breadcrumb\"},\"inLanguage\":\"nl-NL\",\"potentialAction\":[{\"@type\":\"ReadAction\",\"target\":[\"https:\\\/\\\/tibladin.dk\\\/produkt\\\/skjorte-angel-berry_m\\\/\"]}]},{\"@type\":\"ImageObject\",\"inLanguage\":\"nl-NL\",\"@id\":\"https:\\\/\\\/tibladin.dk\\\/produkt\\\/skjorte-angel-berry_m\\\/#primaryimage\",\"url\":\"https:\\\/\\\/tibladin.dk\\\/wp-content\\\/uploads\\\/2025\\\/05\\\/Skjorte_ANGEL-BERRY_M_7.jpg\",\"contentUrl\":\"https:\\\/\\\/tibladin.dk\\\/wp-content\\\/uploads\\\/2025\\\/05\\\/Skjorte_ANGEL-BERRY_M_7.jpg\",\"width\":800,\"height\":800,\"caption\":\"Skjorte_ANGEL BERRY_M skjorte med gammelrosa og hvide striber med lange \u00e6rmer og p\u00e5syet englevinger p\u00e5 ryggen\"},{\"@type\":\"BreadcrumbList\",\"@id\":\"https:\\\/\\\/tibladin.dk\\\/produkt\\\/skjorte-angel-berry_m\\\/#breadcrumb\",\"itemListElement\":[{\"@type\":\"ListItem\",\"position\":1,\"name\":\"Hjem\",\"item\":\"https:\\\/\\\/tibladin.dk\\\/\"},{\"@type\":\"ListItem\",\"position\":2,\"name\":\"Shop\",\"item\":\"https:\\\/\\\/tibladin.dk\\\/shop\\\/\"},{\"@type\":\"ListItem\",\"position\":3,\"name\":\"Skjorte ANGEL-BERRY_M\"}]},{\"@type\":\"WebSite\",\"@id\":\"https:\\\/\\\/tibladin.dk\\\/#website\",\"url\":\"https:\\\/\\\/tibladin.dk\\\/\",\"name\":\"Tibladin\",\"description\":\"Tibladin\",\"publisher\":{\"@id\":\"https:\\\/\\\/tibladin.dk\\\/#organization\"},\"potentialAction\":[{\"@type\":\"SearchAction\",\"target\":{\"@type\":\"EntryPoint\",\"urlTemplate\":\"https:\\\/\\\/tibladin.dk\\\/?s={search_term_string}\"},\"query-input\":{\"@type\":\"PropertyValueSpecification\",\"valueRequired\":true,\"valueName\":\"search_term_string\"}}],\"inLanguage\":\"nl-NL\"},{\"@type\":\"Organization\",\"@id\":\"https:\\\/\\\/tibladin.dk\\\/#organization\",\"name\":\"Tibladin\",\"url\":\"https:\\\/\\\/tibladin.dk\\\/\",\"logo\":{\"@type\":\"ImageObject\",\"inLanguage\":\"nl-NL\",\"@id\":\"https:\\\/\\\/tibladin.dk\\\/#\\\/schema\\\/logo\\\/image\\\/\",\"url\":\"https:\\\/\\\/tibladin.dk\\\/wp-content\\\/uploads\\\/2022\\\/09\\\/tibladin_logo.svg\",\"contentUrl\":\"https:\\\/\\\/tibladin.dk\\\/wp-content\\\/uploads\\\/2022\\\/09\\\/tibladin_logo.svg\",\"caption\":\"Tibladin\"},\"image\":{\"@id\":\"https:\\\/\\\/tibladin.dk\\\/#\\\/schema\\\/logo\\\/image\\\/\"}}]}<\/script>\n<!-- \/ Yoast SEO plugin. -->","yoast_head_json":{"title":"Handgemaakt Marokkaans overhemd | Uniek ontwerp | Tibladin |","description":"Prachtige handgenaaide jurken van 100% katoen. Ontwikkeld in samenwerking met bekwame ontwerpers en kleermakers in Marrakech. Unieke en kleurrijke materialen.","robots":{"index":"index","follow":"follow","max-snippet":"max-snippet:-1","max-image-preview":"max-image-preview:large","max-video-preview":"max-video-preview:-1"},"canonical":"https:\/\/tibladin.dk\/nl\/product-2\/shirt-engel-berry_m\/","og_locale":"nl_NL","og_type":"article","og_title":"H\u00e5ndlavet Marokkansk skjorte | Unika design | Tibladin |","og_description":"Flotte h\u00e5ndsyede kjoler i 100% bomuld. Udviklet i samarbejde med dygtige designere og skr\u00e6ddere i Marrakech. Unikke og farvestr\u00e5lende materialer.","og_url":"https:\/\/tibladin.dk\/nl\/product-2\/shirt-engel-berry_m\/","og_site_name":"Tibladin","article_modified_time":"2025-06-03T09:59:49+00:00","og_image":[{"width":800,"height":800,"url":"https:\/\/tibladin.dk\/wp-content\/uploads\/2025\/05\/Skjorte_ANGEL-BERRY_M_7.jpg","type":"image\/jpeg"}],"twitter_card":"summary_large_image","twitter_misc":{"Geschatte leestijd":"2 minuten"},"schema":{"@context":"https:\/\/schema.org","@graph":[{"@type":"WebPage","@id":"https:\/\/tibladin.dk\/produkt\/skjorte-angel-berry_m\/","url":"https:\/\/tibladin.dk\/produkt\/skjorte-angel-berry_m\/","name":"Handgemaakt Marokkaans overhemd | Uniek ontwerp | Tibladin |","isPartOf":{"@id":"https:\/\/tibladin.dk\/#website"},"primaryImageOfPage":{"@id":"https:\/\/tibladin.dk\/produkt\/skjorte-angel-berry_m\/#primaryimage"},"image":{"@id":"https:\/\/tibladin.dk\/produkt\/skjorte-angel-berry_m\/#primaryimage"},"thumbnailUrl":"https:\/\/tibladin.dk\/wp-content\/uploads\/2025\/05\/Skjorte_ANGEL-BERRY_M_7.jpg","datePublished":"2025-05-31T10:13:51+00:00","dateModified":"2025-06-03T09:59:49+00:00","description":"Prachtige handgenaaide jurken van 100% katoen. Ontwikkeld in samenwerking met bekwame ontwerpers en kleermakers in Marrakech. Unieke en kleurrijke materialen.","breadcrumb":{"@id":"https:\/\/tibladin.dk\/produkt\/skjorte-angel-berry_m\/#breadcrumb"},"inLanguage":"nl-NL","potentialAction":[{"@type":"ReadAction","target":["https:\/\/tibladin.dk\/produkt\/skjorte-angel-berry_m\/"]}]},{"@type":"ImageObject","inLanguage":"nl-NL","@id":"https:\/\/tibladin.dk\/produkt\/skjorte-angel-berry_m\/#primaryimage","url":"https:\/\/tibladin.dk\/wp-content\/uploads\/2025\/05\/Skjorte_ANGEL-BERRY_M_7.jpg","contentUrl":"https:\/\/tibladin.dk\/wp-content\/uploads\/2025\/05\/Skjorte_ANGEL-BERRY_M_7.jpg","width":800,"height":800,"caption":"Skjorte_ANGEL BERRY_M skjorte med gammelrosa og hvide striber med lange \u00e6rmer og p\u00e5syet englevinger p\u00e5 ryggen"},{"@type":"BreadcrumbList","@id":"https:\/\/tibladin.dk\/produkt\/skjorte-angel-berry_m\/#breadcrumb","itemListElement":[{"@type":"ListItem","position":1,"name":"Hjem","item":"https:\/\/tibladin.dk\/"},{"@type":"ListItem","position":2,"name":"Shop","item":"https:\/\/tibladin.dk\/shop\/"},{"@type":"ListItem","position":3,"name":"Skjorte ANGEL-BERRY_M"}]},{"@type":"WebSite","@id":"https:\/\/tibladin.dk\/#website","url":"https:\/\/tibladin.dk\/","name":"Tibladin","description":"Tibladin","publisher":{"@id":"https:\/\/tibladin.dk\/#organization"},"potentialAction":[{"@type":"SearchAction","target":{"@type":"EntryPoint","urlTemplate":"https:\/\/tibladin.dk\/?s={search_term_string}"},"query-input":{"@type":"PropertyValueSpecification","valueRequired":true,"valueName":"search_term_string"}}],"inLanguage":"nl-NL"},{"@type":"Organization","@id":"https:\/\/tibladin.dk\/#organization","name":"Tibladin","url":"https:\/\/tibladin.dk\/","logo":{"@type":"ImageObject","inLanguage":"nl-NL","@id":"https:\/\/tibladin.dk\/#\/schema\/logo\/image\/","url":"https:\/\/tibladin.dk\/wp-content\/uploads\/2022\/09\/tibladin_logo.svg","contentUrl":"https:\/\/tibladin.dk\/wp-content\/uploads\/2022\/09\/tibladin_logo.svg","caption":"Tibladin"},"image":{"@id":"https:\/\/tibladin.dk\/#\/schema\/logo\/image\/"}}]}},"_links":{"self":[{"href":"https:\/\/tibladin.dk\/nl\/wp-json\/wp\/v2\/product\/36854","targetHints":{"allow":["GET"]}}],"collection":[{"href":"https:\/\/tibladin.dk\/nl\/wp-json\/wp\/v2\/product"}],"about":[{"href":"https:\/\/tibladin.dk\/nl\/wp-json\/wp\/v2\/types\/product"}],"wp:featuredmedia":[{"embeddable":true,"href":"https:\/\/tibladin.dk\/nl\/wp-json\/wp\/v2\/media\/36861"}],"wp:attachment":[{"href":"https:\/\/tibladin.dk\/nl\/wp-json\/wp\/v2\/media?parent=36854"}],"wp:term":[{"taxonomy":"product_brand","embeddable":true,"href":"https:\/\/tibladin.dk\/nl\/wp-json\/wp\/v2\/product_brand?post=36854"},{"taxonomy":"product_cat","embeddable":true,"href":"https:\/\/tibladin.dk\/nl\/wp-json\/wp\/v2\/product_cat?post=36854"},{"taxonomy":"product_tag","embeddable":true,"href":"https:\/\/tibladin.dk\/nl\/wp-json\/wp\/v2\/product_tag?post=36854"}],"curies":[{"name":"wp","href":"https:\/\/api.w.org\/{rel}","templated":true}]}}