{"id":37007,"date":"2025-06-04T08:55:36","date_gmt":"2025-06-04T06:55:36","guid":{"rendered":"https:\/\/tibladin.dk\/?post_type=product&#038;p=37007"},"modified":"2025-06-04T09:07:07","modified_gmt":"2025-06-04T07:07:07","slug":"vestjasje-zwart-wild-m","status":"publish","type":"product","link":"https:\/\/tibladin.dk\/nl\/produkt\/cardigan-jakke-noir-sauvage-m\/","title":{"rendered":"Cardigan\/Jasje - NOIR SAUVAGE \u2013 M"},"content":{"rendered":"<div class=\"wpb-content-wrapper\"><div class=\"vc_row wpb_row vc_row-fluid\"><div class=\"wpb_column vc_column_container vc_col-sm-4\"><div class=\"vc_column-inner\"><div class=\"wpb_wrapper\"><\/div><\/div><\/div><div class=\"wpb_column vc_column_container vc_col-sm-4\"><div class=\"vc_column-inner\"><div class=\"wpb_wrapper\"><h3 style=\"text-align: left\" class=\"vc_custom_heading vc_do_custom_heading\" >Onderhoud<\/h3>\n\t<div class=\"wpb_text_column wpb_content_element\" >\n\t\t<div class=\"wpb_wrapper\">\n\t\t\t<p>De shirts zijn gemaakt van 100% katoen en kunnen daarom in de machine gewassen worden tot 30 graden. Wij adviseren om de jurken op de laagste temperatuur te stomen\/strijken om kreukels en vouwen te voorkomen.<\/p>\n\n\t\t<\/div>\n\t<\/div>\n<\/div><\/div><\/div><div class=\"wpb_column vc_column_container vc_col-sm-4\"><div class=\"vc_column-inner\"><div class=\"wpb_wrapper\"><h3 style=\"text-align: left\" class=\"vc_custom_heading vc_do_custom_heading\" >Het verhaal erachter<\/h3>\n\t<div class=\"wpb_text_column wpb_content_element\" >\n\t\t<div class=\"wpb_wrapper\">\n\t\t\t<p data-start=\"192\" data-end=\"371\">Bab of Desert Marrakech, geboren in het hart van Marrakesh, waar kleuren, vakmanschap en geschiedenis in elke straat verweven zijn, is een merk met wortels in traditie \u2013 en oog voor vrijheid en stijl. Daniela, de ontwerper van dit merk, werkt nauw samen met Marokkaanse kleermakers die met grote liefde voor hun vak elke creatie met de hand naaien. Uit respect voor het milieu worden deze creaties slechts in beperkte oplage met de hand genaaid en is er van elk ontwerp slechts \u00e9\u00e9n exemplaar. Geen massaproductie.<\/p>\n<p data-start=\"373\" data-end=\"695\">Achter het merk schuilt een passie voor persoonlijke mode met een ziel: kleding die verhalen vertelt en ruimte cre\u00ebert voor zowel alledaagse momenten als dromerige momenten.<br data-start=\"525\" data-end=\"528\" \/>Alle stijlen zijn ontworpen met respect voor comfort, lichtheid en de handgemaakte look \u2013 vaak met een speelse twist zoals borduursels, contrasten of verrassende details.<\/p>\n<p data-start=\"697\" data-end=\"875\">De collecties zijn gemaakt van lichte, natuurlijke materialen en elk stuk draagt een vleugje van de energie van Marrakesh met zich mee, waar de woestijnwind de souk ontmoet en waar traditie iets nieuws wordt.<\/p>\n\n\t\t<\/div>\n\t<\/div>\n<\/div><\/div><\/div><\/div>\n<\/div>","protected":false},"excerpt":{"rendered":"<p data-start=\"223\" data-end=\"463\">Dit zwarte jasje combineert zachtheid en attitude in een eenvoudig, elegant ontwerp. De lichte stof valt losjes en comfortabel, terwijl de contrasten \u2013 met name de opvallende imitatieleren zakken met slangenstructuur \u2013 een verfijnde en moderne twist geven.<\/p>\n<p data-start=\"465\" data-end=\"718\">Details zoals de groenige geborduurde randen geven het jasje diepte en karakter, en de open, losse pasvorm maakt hem gemakkelijk te stylen, zowel overdag als &#039;s avonds. Hij is perfect over een simpele top en jeans, maar kan ook als een coole laag over een jurk gedragen worden.<\/p>\n<p data-start=\"720\" data-end=\"796\">Een stijlvol jasje voor wie een casual look met een exclusieve touch wil.<\/p>\n<p data-start=\"231\" data-end=\"572\">De jas is maat medium, maar past de meeste small en medium. Er is er maar \u00e9\u00e9n van en daarom is hij niet in meerdere maten verkrijgbaar.<\/p>\n<p data-start=\"540\" data-end=\"618\">AFMETINGEN: Mouwlengte 72 cm (vanaf kraag) mouwlengte 47 cm<\/p>\n<p data-start=\"540\" data-end=\"618\">Lengte (schouder) 56 cm | Breedte 55 cm<\/p>\n<p data-start=\"540\" data-end=\"618\">Het gebruikte fotomodel draagt maat S.<\/p>\n<p>&nbsp;<\/p>","protected":false},"featured_media":37013,"template":"","meta":{"inline_featured_image":false},"product_brand":[],"product_cat":[171,27,169],"product_tag":[],"class_list":{"0":"post-37007","1":"product","2":"type-product","3":"status-publish","4":"has-post-thumbnail","6":"product_cat-cardigans-jakker","7":"product_cat-diverse","8":"product_cat-toej","10":"first","11":"instock","12":"taxable","13":"shipping-taxable","14":"purchasable","15":"product-type-simple"},"exclude_global_add_ons":[],"addons":[],"yoast_head":"<!-- This site is optimized with the Yoast SEO plugin v27.4 - https:\/\/yoast.com\/product\/yoast-seo-wordpress\/ -->\n<title>H\u00e5ndlavet Marokkansk cardigan | Unika design | Tibladin |<\/title>\n<meta name=\"description\" content=\"Flotte h\u00e5ndsyede unika t\u00f8j. Udviklet i samarbejde med dygtig designer og skr\u00e6dder i Marrakech. Unikke og farvestr\u00e5lende materialer.\" \/>\n<meta name=\"robots\" content=\"index, follow, max-snippet:-1, max-image-preview:large, max-video-preview:-1\" \/>\n<link rel=\"canonical\" href=\"https:\/\/tibladin.dk\/nl\/product-2\/vestjasje-zwart-wild-m\/\" \/>\n<meta property=\"og:locale\" content=\"nl_NL\" \/>\n<meta property=\"og:type\" content=\"article\" \/>\n<meta property=\"og:title\" content=\"H\u00e5ndlavet Marokkansk cardigan | Unika design | Tibladin |\" \/>\n<meta property=\"og:description\" content=\"Flotte h\u00e5ndsyede unika t\u00f8j. Udviklet i samarbejde med dygtig designer og skr\u00e6dder i Marrakech. Unikke og farvestr\u00e5lende materialer.\" \/>\n<meta property=\"og:url\" content=\"https:\/\/tibladin.dk\/nl\/product-2\/vestjasje-zwart-wild-m\/\" \/>\n<meta property=\"og:site_name\" content=\"Tibladin\" \/>\n<meta property=\"article:modified_time\" content=\"2025-06-04T07:07:07+00:00\" \/>\n<meta property=\"og:image\" content=\"https:\/\/tibladin.dk\/wp-content\/uploads\/2025\/06\/Cardigan-jakke_NOIR-SAUVAGE_6.jpg\" \/>\n\t<meta property=\"og:image:width\" content=\"800\" \/>\n\t<meta property=\"og:image:height\" content=\"800\" \/>\n\t<meta property=\"og:image:type\" content=\"image\/jpeg\" \/>\n<meta name=\"twitter:card\" content=\"summary_large_image\" \/>\n<meta name=\"twitter:label1\" content=\"Geschatte leestijd\" \/>\n\t<meta name=\"twitter:data1\" content=\"2 minuten\" \/>\n<script type=\"application\/ld+json\" class=\"yoast-schema-graph\">{\"@context\":\"https:\\\/\\\/schema.org\",\"@graph\":[{\"@type\":\"WebPage\",\"@id\":\"https:\\\/\\\/tibladin.dk\\\/produkt\\\/cardigan-jakke-noir-sauvage-m\\\/\",\"url\":\"https:\\\/\\\/tibladin.dk\\\/produkt\\\/cardigan-jakke-noir-sauvage-m\\\/\",\"name\":\"H\u00e5ndlavet Marokkansk cardigan | Unika design | Tibladin |\",\"isPartOf\":{\"@id\":\"https:\\\/\\\/tibladin.dk\\\/#website\"},\"primaryImageOfPage\":{\"@id\":\"https:\\\/\\\/tibladin.dk\\\/produkt\\\/cardigan-jakke-noir-sauvage-m\\\/#primaryimage\"},\"image\":{\"@id\":\"https:\\\/\\\/tibladin.dk\\\/produkt\\\/cardigan-jakke-noir-sauvage-m\\\/#primaryimage\"},\"thumbnailUrl\":\"https:\\\/\\\/tibladin.dk\\\/wp-content\\\/uploads\\\/2025\\\/06\\\/Cardigan-jakke_NOIR-SAUVAGE_6.jpg\",\"datePublished\":\"2025-06-04T06:55:36+00:00\",\"dateModified\":\"2025-06-04T07:07:07+00:00\",\"description\":\"Flotte h\u00e5ndsyede unika t\u00f8j. Udviklet i samarbejde med dygtig designer og skr\u00e6dder i Marrakech. Unikke og farvestr\u00e5lende materialer.\",\"breadcrumb\":{\"@id\":\"https:\\\/\\\/tibladin.dk\\\/produkt\\\/cardigan-jakke-noir-sauvage-m\\\/#breadcrumb\"},\"inLanguage\":\"nl-NL\",\"potentialAction\":[{\"@type\":\"ReadAction\",\"target\":[\"https:\\\/\\\/tibladin.dk\\\/produkt\\\/cardigan-jakke-noir-sauvage-m\\\/\"]}]},{\"@type\":\"ImageObject\",\"inLanguage\":\"nl-NL\",\"@id\":\"https:\\\/\\\/tibladin.dk\\\/produkt\\\/cardigan-jakke-noir-sauvage-m\\\/#primaryimage\",\"url\":\"https:\\\/\\\/tibladin.dk\\\/wp-content\\\/uploads\\\/2025\\\/06\\\/Cardigan-jakke_NOIR-SAUVAGE_6.jpg\",\"contentUrl\":\"https:\\\/\\\/tibladin.dk\\\/wp-content\\\/uploads\\\/2025\\\/06\\\/Cardigan-jakke_NOIR-SAUVAGE_6.jpg\",\"width\":800,\"height\":800,\"caption\":\"Cardigan\\\/jakke_NO\u00cdR SAUVAGE_i bl\u00f8dt sort stof med gr\u00f8nne kantb\u00e5nd og slangeimiteret skind lommer\"},{\"@type\":\"BreadcrumbList\",\"@id\":\"https:\\\/\\\/tibladin.dk\\\/produkt\\\/cardigan-jakke-noir-sauvage-m\\\/#breadcrumb\",\"itemListElement\":[{\"@type\":\"ListItem\",\"position\":1,\"name\":\"Hjem\",\"item\":\"https:\\\/\\\/tibladin.dk\\\/\"},{\"@type\":\"ListItem\",\"position\":2,\"name\":\"Shop\",\"item\":\"https:\\\/\\\/tibladin.dk\\\/shop\\\/\"},{\"@type\":\"ListItem\",\"position\":3,\"name\":\"Cardigan\\\/Jakke -NOIR SAUVAGE &#8211; M\"}]},{\"@type\":\"WebSite\",\"@id\":\"https:\\\/\\\/tibladin.dk\\\/#website\",\"url\":\"https:\\\/\\\/tibladin.dk\\\/\",\"name\":\"Tibladin\",\"description\":\"Tibladin\",\"publisher\":{\"@id\":\"https:\\\/\\\/tibladin.dk\\\/#organization\"},\"potentialAction\":[{\"@type\":\"SearchAction\",\"target\":{\"@type\":\"EntryPoint\",\"urlTemplate\":\"https:\\\/\\\/tibladin.dk\\\/?s={search_term_string}\"},\"query-input\":{\"@type\":\"PropertyValueSpecification\",\"valueRequired\":true,\"valueName\":\"search_term_string\"}}],\"inLanguage\":\"nl-NL\"},{\"@type\":\"Organization\",\"@id\":\"https:\\\/\\\/tibladin.dk\\\/#organization\",\"name\":\"Tibladin\",\"url\":\"https:\\\/\\\/tibladin.dk\\\/\",\"logo\":{\"@type\":\"ImageObject\",\"inLanguage\":\"nl-NL\",\"@id\":\"https:\\\/\\\/tibladin.dk\\\/#\\\/schema\\\/logo\\\/image\\\/\",\"url\":\"https:\\\/\\\/tibladin.dk\\\/wp-content\\\/uploads\\\/2022\\\/09\\\/tibladin_logo.svg\",\"contentUrl\":\"https:\\\/\\\/tibladin.dk\\\/wp-content\\\/uploads\\\/2022\\\/09\\\/tibladin_logo.svg\",\"caption\":\"Tibladin\"},\"image\":{\"@id\":\"https:\\\/\\\/tibladin.dk\\\/#\\\/schema\\\/logo\\\/image\\\/\"}}]}<\/script>\n<!-- \/ Yoast SEO plugin. -->","yoast_head_json":{"title":"Handgemaakt Marokkaans vest | Uniek ontwerp | Tibladin |","description":"Prachtige, handgenaaide, unieke kleding. Ontwikkeld in samenwerking met een bekwame ontwerper en kleermaker in Marrakech. Unieke en kleurrijke materialen.","robots":{"index":"index","follow":"follow","max-snippet":"max-snippet:-1","max-image-preview":"max-image-preview:large","max-video-preview":"max-video-preview:-1"},"canonical":"https:\/\/tibladin.dk\/nl\/product-2\/vestjasje-zwart-wild-m\/","og_locale":"nl_NL","og_type":"article","og_title":"H\u00e5ndlavet Marokkansk cardigan | Unika design | Tibladin |","og_description":"Flotte h\u00e5ndsyede unika t\u00f8j. Udviklet i samarbejde med dygtig designer og skr\u00e6dder i Marrakech. Unikke og farvestr\u00e5lende materialer.","og_url":"https:\/\/tibladin.dk\/nl\/product-2\/vestjasje-zwart-wild-m\/","og_site_name":"Tibladin","article_modified_time":"2025-06-04T07:07:07+00:00","og_image":[{"width":800,"height":800,"url":"https:\/\/tibladin.dk\/wp-content\/uploads\/2025\/06\/Cardigan-jakke_NOIR-SAUVAGE_6.jpg","type":"image\/jpeg"}],"twitter_card":"summary_large_image","twitter_misc":{"Geschatte leestijd":"2 minuten"},"schema":{"@context":"https:\/\/schema.org","@graph":[{"@type":"WebPage","@id":"https:\/\/tibladin.dk\/produkt\/cardigan-jakke-noir-sauvage-m\/","url":"https:\/\/tibladin.dk\/produkt\/cardigan-jakke-noir-sauvage-m\/","name":"Handgemaakt Marokkaans vest | Uniek ontwerp | Tibladin |","isPartOf":{"@id":"https:\/\/tibladin.dk\/#website"},"primaryImageOfPage":{"@id":"https:\/\/tibladin.dk\/produkt\/cardigan-jakke-noir-sauvage-m\/#primaryimage"},"image":{"@id":"https:\/\/tibladin.dk\/produkt\/cardigan-jakke-noir-sauvage-m\/#primaryimage"},"thumbnailUrl":"https:\/\/tibladin.dk\/wp-content\/uploads\/2025\/06\/Cardigan-jakke_NOIR-SAUVAGE_6.jpg","datePublished":"2025-06-04T06:55:36+00:00","dateModified":"2025-06-04T07:07:07+00:00","description":"Prachtige, handgenaaide, unieke kleding. Ontwikkeld in samenwerking met een bekwame ontwerper en kleermaker in Marrakech. Unieke en kleurrijke materialen.","breadcrumb":{"@id":"https:\/\/tibladin.dk\/produkt\/cardigan-jakke-noir-sauvage-m\/#breadcrumb"},"inLanguage":"nl-NL","potentialAction":[{"@type":"ReadAction","target":["https:\/\/tibladin.dk\/produkt\/cardigan-jakke-noir-sauvage-m\/"]}]},{"@type":"ImageObject","inLanguage":"nl-NL","@id":"https:\/\/tibladin.dk\/produkt\/cardigan-jakke-noir-sauvage-m\/#primaryimage","url":"https:\/\/tibladin.dk\/wp-content\/uploads\/2025\/06\/Cardigan-jakke_NOIR-SAUVAGE_6.jpg","contentUrl":"https:\/\/tibladin.dk\/wp-content\/uploads\/2025\/06\/Cardigan-jakke_NOIR-SAUVAGE_6.jpg","width":800,"height":800,"caption":"Cardigan\/jakke_NO\u00cdR SAUVAGE_i bl\u00f8dt sort stof med gr\u00f8nne kantb\u00e5nd og slangeimiteret skind lommer"},{"@type":"BreadcrumbList","@id":"https:\/\/tibladin.dk\/produkt\/cardigan-jakke-noir-sauvage-m\/#breadcrumb","itemListElement":[{"@type":"ListItem","position":1,"name":"Hjem","item":"https:\/\/tibladin.dk\/"},{"@type":"ListItem","position":2,"name":"Shop","item":"https:\/\/tibladin.dk\/shop\/"},{"@type":"ListItem","position":3,"name":"Cardigan\/Jakke -NOIR SAUVAGE &#8211; M"}]},{"@type":"WebSite","@id":"https:\/\/tibladin.dk\/#website","url":"https:\/\/tibladin.dk\/","name":"Tibladin","description":"Tibladin","publisher":{"@id":"https:\/\/tibladin.dk\/#organization"},"potentialAction":[{"@type":"SearchAction","target":{"@type":"EntryPoint","urlTemplate":"https:\/\/tibladin.dk\/?s={search_term_string}"},"query-input":{"@type":"PropertyValueSpecification","valueRequired":true,"valueName":"search_term_string"}}],"inLanguage":"nl-NL"},{"@type":"Organization","@id":"https:\/\/tibladin.dk\/#organization","name":"Tibladin","url":"https:\/\/tibladin.dk\/","logo":{"@type":"ImageObject","inLanguage":"nl-NL","@id":"https:\/\/tibladin.dk\/#\/schema\/logo\/image\/","url":"https:\/\/tibladin.dk\/wp-content\/uploads\/2022\/09\/tibladin_logo.svg","contentUrl":"https:\/\/tibladin.dk\/wp-content\/uploads\/2022\/09\/tibladin_logo.svg","caption":"Tibladin"},"image":{"@id":"https:\/\/tibladin.dk\/#\/schema\/logo\/image\/"}}]}},"_links":{"self":[{"href":"https:\/\/tibladin.dk\/nl\/wp-json\/wp\/v2\/product\/37007","targetHints":{"allow":["GET"]}}],"collection":[{"href":"https:\/\/tibladin.dk\/nl\/wp-json\/wp\/v2\/product"}],"about":[{"href":"https:\/\/tibladin.dk\/nl\/wp-json\/wp\/v2\/types\/product"}],"wp:featuredmedia":[{"embeddable":true,"href":"https:\/\/tibladin.dk\/nl\/wp-json\/wp\/v2\/media\/37013"}],"wp:attachment":[{"href":"https:\/\/tibladin.dk\/nl\/wp-json\/wp\/v2\/media?parent=37007"}],"wp:term":[{"taxonomy":"product_brand","embeddable":true,"href":"https:\/\/tibladin.dk\/nl\/wp-json\/wp\/v2\/product_brand?post=37007"},{"taxonomy":"product_cat","embeddable":true,"href":"https:\/\/tibladin.dk\/nl\/wp-json\/wp\/v2\/product_cat?post=37007"},{"taxonomy":"product_tag","embeddable":true,"href":"https:\/\/tibladin.dk\/nl\/wp-json\/wp\/v2\/product_tag?post=37007"}],"curies":[{"name":"wp","href":"https:\/\/api.w.org\/{rel}","templated":true}]}}