{"id":38210,"date":"2025-07-10T12:53:42","date_gmt":"2025-07-10T10:53:42","guid":{"rendered":"https:\/\/tibladin.dk\/?post_type=product&#038;p=38210"},"modified":"2026-03-26T13:24:40","modified_gmt":"2026-03-26T12:24:40","slug":"marokkaanse-gevlekte-keramische-kan-23-cm","status":"publish","type":"product","link":"https:\/\/tibladin.dk\/nl\/produkt\/marokkansk-meleret-keramik-kande-23-cm\/","title":{"rendered":"Marokkaanse gevlekte keramische kan \u2013 23 cm"},"content":{"rendered":"<div class=\"wpb-content-wrapper\"><div class=\"vc_row wpb_row vc_row-fluid\"><div class=\"wpb_column vc_column_container vc_col-sm-4\"><div class=\"vc_column-inner\"><div class=\"wpb_wrapper\"><\/div><\/div><\/div><div class=\"wpb_column vc_column_container vc_col-sm-4\"><div class=\"vc_column-inner\"><div class=\"wpb_wrapper\"><h3 style=\"text-align: left\" class=\"vc_custom_heading vc_do_custom_heading\" >Onderhoud<\/h3>\n\t<div class=\"wpb_text_column wpb_content_element\" >\n\t\t<div class=\"wpb_wrapper\">\n\t\t\t<p><span style=\"font-weight: 400;\">Kan gebruikt worden voor zowel verse als gedroogde bloemen.<\/span><\/p>\n<p>Kan worden afgeveegd met een vochtige doek of met de hand worden gewassen.<\/p>\n\n\t\t<\/div>\n\t<\/div>\n<\/div><\/div><\/div><div class=\"wpb_column vc_column_container vc_col-sm-4\"><div class=\"vc_column-inner\"><div class=\"wpb_wrapper\"><h3 style=\"text-align: left\" class=\"vc_custom_heading vc_do_custom_heading\" >Het verhaal erachter<\/h3>\n\t<div class=\"wpb_text_column wpb_content_element\" >\n\t\t<div class=\"wpb_wrapper\">\n\t\t\t<p>Safi is een provinciehoofdstad en havenstad in het westen van Marokko, die zeer bekend staat om de productie van prachtig handgemaakt keramiek, dat vaak in veel verschillende kleuren en tinten glanst. \u2018Safi\u2019 is dus geen aardewerksoort, maar de naam voor de plaats waar het aardewerk wordt geproduceerd. Je zult &quot;Safi&quot; vaak aantreffen onder de bodem van aardewerk uit Marokko, omdat ze er zo&#039;n grote producent van zijn.<\/p>\n\n\t\t<\/div>\n\t<\/div>\n<\/div><\/div><\/div><\/div>\n<\/div>","protected":false},"excerpt":{"rendered":"<h3 data-start=\"96\" data-end=\"131\"><strong data-start=\"100\" data-end=\"131\">Groen gevlekte keramische kan<\/strong><\/h3>\n<p data-start=\"133\" data-end=\"401\">Voeg zowel functionaliteit als karakter toe aan uw tafelsetting met deze prachtige handgemaakte kan van groen gem\u00ealeerd keramiek. De kan heeft een licht asymmetrische vorm en een artistiek, golvend handvat dat de kan een sculpturale uitstraling geeft.<\/p>\n<p data-start=\"403\" data-end=\"649\">Het oppervlak heeft een levendige, organische textuur met diepte en spel in het glazuur \u2013 van smaragdgroen tot donkere tinten die het licht op de mooiste manier vangen. Elke kan is uniek in zowel vorm als kleurenspel, waardoor het een gespreksstarter is aan elke tafel.<\/p>\n<p data-start=\"651\" data-end=\"715\">Ideaal voor water, limonade, wijn of als vaas met wilde bloemen.<\/p>\n<hr data-start=\"717\" data-end=\"720\" \/>\n<p data-start=\"722\" data-end=\"735\"><strong data-start=\"722\" data-end=\"735\">Details:<\/strong><\/p>\n<ul data-start=\"736\" data-end=\"924\">\n<li data-start=\"736\" data-end=\"757\">\n<p data-start=\"738\" data-end=\"757\">Handgemaakt keramiek<\/p>\n<\/li>\n<li data-start=\"758\" data-end=\"785\">\n<p data-start=\"760\" data-end=\"785\">Unieke groene melange glazuur<\/p>\n<\/li>\n<li data-start=\"786\" data-end=\"846\">\n<p data-start=\"788\" data-end=\"846\">Golvende handgreep en licht oneffen rand voor een levendige uitstraling<\/p>\n<\/li>\n<li data-start=\"847\" data-end=\"903\">\n<p data-start=\"849\" data-end=\"903\">23 cm. 10 cm in diameter<\/p>\n<\/li>\n<li data-start=\"904\" data-end=\"924\">\n<p data-start=\"906\" data-end=\"924\">Hand- en machinewasbaar<\/p>\n<\/li>\n<\/ul>\n<p>&nbsp;<\/p>","protected":false},"featured_media":38145,"template":"","meta":{"inline_featured_image":false},"product_brand":[],"product_cat":[175,139,173],"product_tag":[],"class_list":{"0":"post-38210","1":"product","2":"type-product","3":"status-publish","4":"has-post-thumbnail","6":"product_cat-driverse-marokkansk-keramik","7":"product_cat-marokkansk-keramik","8":"product_cat-marokkanske-keramik-kander","10":"first","11":"instock","12":"taxable","13":"shipping-taxable","14":"purchasable","15":"product-type-simple"},"exclude_global_add_ons":false,"addons":[{"name":"Wilt u een cadeauverpakking?","type":"checkbox","position":0,"required":false,"title_format":"label","default":"","description_enable":false,"description":"","placeholder_enable":false,"placeholder":"","display":"images","restrictions_type":"any_text","adjust_price":false,"price":"","price_type":"flat_fee","restrictions":false,"min":"0","max":"0","options":[{"label":"Ja tak","price":"10","price_type":"flat_fee","image":11015,"visibility":true}],"id":1669646111}],"yoast_head":"<!-- This site is optimized with the Yoast SEO plugin v27.5 - https:\/\/yoast.com\/product\/yoast-seo-wordpress\/ -->\n<title>Meleret keramik kande | Smuk og levende gr\u00f8n farve | Tibladin<\/title>\n<meta name=\"description\" content=\"Marokkansk meleret keramik kande. Brug den til friske l\u00e6kre forfriskninger. Stort udvalg af smukke kander, som er h\u00e5ndlavet i Marokko.\" \/>\n<meta name=\"robots\" content=\"index, follow, max-snippet:-1, max-image-preview:large, max-video-preview:-1\" \/>\n<link rel=\"canonical\" href=\"https:\/\/tibladin.dk\/nl\/product-2\/marokkaanse-gevlekte-keramische-kan-23-cm\/\" \/>\n<meta property=\"og:locale\" content=\"nl_NL\" \/>\n<meta property=\"og:type\" content=\"article\" \/>\n<meta property=\"og:title\" content=\"Meleret keramik kande | Smuk og levende gr\u00f8n farve | Tibladin\" \/>\n<meta property=\"og:description\" content=\"Marokkansk meleret keramik kande. Brug den til friske l\u00e6kre forfriskninger. Stort udvalg af smukke kander, som er h\u00e5ndlavet i Marokko.\" \/>\n<meta property=\"og:url\" content=\"https:\/\/tibladin.dk\/nl\/product-2\/marokkaanse-gevlekte-keramische-kan-23-cm\/\" \/>\n<meta property=\"og:site_name\" content=\"Tibladin\" \/>\n<meta property=\"article:modified_time\" content=\"2026-03-26T12:24:40+00:00\" \/>\n<meta property=\"og:image\" content=\"https:\/\/tibladin.dk\/wp-content\/uploads\/2025\/07\/kande-i-groen-meleret-keramik_6.jpg\" \/>\n\t<meta property=\"og:image:width\" content=\"800\" \/>\n\t<meta property=\"og:image:height\" content=\"800\" \/>\n\t<meta property=\"og:image:type\" content=\"image\/jpeg\" \/>\n<meta name=\"twitter:card\" content=\"summary_large_image\" \/>\n<meta name=\"twitter:label1\" content=\"Geschatte leestijd\" \/>\n\t<meta name=\"twitter:data1\" content=\"2 minuten\" \/>\n<script type=\"application\/ld+json\" class=\"yoast-schema-graph\">{\"@context\":\"https:\\\/\\\/schema.org\",\"@graph\":[{\"@type\":\"WebPage\",\"@id\":\"https:\\\/\\\/tibladin.dk\\\/produkt\\\/marokkansk-meleret-keramik-kande-23-cm\\\/\",\"url\":\"https:\\\/\\\/tibladin.dk\\\/produkt\\\/marokkansk-meleret-keramik-kande-23-cm\\\/\",\"name\":\"Meleret keramik kande | Smuk og levende gr\u00f8n farve | Tibladin\",\"isPartOf\":{\"@id\":\"https:\\\/\\\/tibladin.dk\\\/#website\"},\"primaryImageOfPage\":{\"@id\":\"https:\\\/\\\/tibladin.dk\\\/produkt\\\/marokkansk-meleret-keramik-kande-23-cm\\\/#primaryimage\"},\"image\":{\"@id\":\"https:\\\/\\\/tibladin.dk\\\/produkt\\\/marokkansk-meleret-keramik-kande-23-cm\\\/#primaryimage\"},\"thumbnailUrl\":\"https:\\\/\\\/tibladin.dk\\\/wp-content\\\/uploads\\\/2025\\\/07\\\/kande-i-groen-meleret-keramik_6.jpg\",\"datePublished\":\"2025-07-10T10:53:42+00:00\",\"dateModified\":\"2026-03-26T12:24:40+00:00\",\"description\":\"Marokkansk meleret keramik kande. Brug den til friske l\u00e6kre forfriskninger. Stort udvalg af smukke kander, som er h\u00e5ndlavet i Marokko.\",\"breadcrumb\":{\"@id\":\"https:\\\/\\\/tibladin.dk\\\/produkt\\\/marokkansk-meleret-keramik-kande-23-cm\\\/#breadcrumb\"},\"inLanguage\":\"nl-NL\",\"potentialAction\":[{\"@type\":\"ReadAction\",\"target\":[\"https:\\\/\\\/tibladin.dk\\\/produkt\\\/marokkansk-meleret-keramik-kande-23-cm\\\/\"]}]},{\"@type\":\"ImageObject\",\"inLanguage\":\"nl-NL\",\"@id\":\"https:\\\/\\\/tibladin.dk\\\/produkt\\\/marokkansk-meleret-keramik-kande-23-cm\\\/#primaryimage\",\"url\":\"https:\\\/\\\/tibladin.dk\\\/wp-content\\\/uploads\\\/2025\\\/07\\\/kande-i-groen-meleret-keramik_6.jpg\",\"contentUrl\":\"https:\\\/\\\/tibladin.dk\\\/wp-content\\\/uploads\\\/2025\\\/07\\\/kande-i-groen-meleret-keramik_6.jpg\",\"width\":800,\"height\":800,\"caption\":\"Kande i gr\u00f8n meleret keramik 6\"},{\"@type\":\"BreadcrumbList\",\"@id\":\"https:\\\/\\\/tibladin.dk\\\/produkt\\\/marokkansk-meleret-keramik-kande-23-cm\\\/#breadcrumb\",\"itemListElement\":[{\"@type\":\"ListItem\",\"position\":1,\"name\":\"Hjem\",\"item\":\"https:\\\/\\\/tibladin.dk\\\/\"},{\"@type\":\"ListItem\",\"position\":2,\"name\":\"Shop\",\"item\":\"https:\\\/\\\/tibladin.dk\\\/shop\\\/\"},{\"@type\":\"ListItem\",\"position\":3,\"name\":\"Marokkansk Meleret Keramik Kande &#8211; 23 cm\"}]},{\"@type\":\"WebSite\",\"@id\":\"https:\\\/\\\/tibladin.dk\\\/#website\",\"url\":\"https:\\\/\\\/tibladin.dk\\\/\",\"name\":\"Tibladin\",\"description\":\"Tibladin\",\"publisher\":{\"@id\":\"https:\\\/\\\/tibladin.dk\\\/#organization\"},\"potentialAction\":[{\"@type\":\"SearchAction\",\"target\":{\"@type\":\"EntryPoint\",\"urlTemplate\":\"https:\\\/\\\/tibladin.dk\\\/?s={search_term_string}\"},\"query-input\":{\"@type\":\"PropertyValueSpecification\",\"valueRequired\":true,\"valueName\":\"search_term_string\"}}],\"inLanguage\":\"nl-NL\"},{\"@type\":\"Organization\",\"@id\":\"https:\\\/\\\/tibladin.dk\\\/#organization\",\"name\":\"Tibladin\",\"url\":\"https:\\\/\\\/tibladin.dk\\\/\",\"logo\":{\"@type\":\"ImageObject\",\"inLanguage\":\"nl-NL\",\"@id\":\"https:\\\/\\\/tibladin.dk\\\/#\\\/schema\\\/logo\\\/image\\\/\",\"url\":\"https:\\\/\\\/tibladin.dk\\\/wp-content\\\/uploads\\\/2022\\\/09\\\/tibladin_logo.svg\",\"contentUrl\":\"https:\\\/\\\/tibladin.dk\\\/wp-content\\\/uploads\\\/2022\\\/09\\\/tibladin_logo.svg\",\"caption\":\"Tibladin\"},\"image\":{\"@id\":\"https:\\\/\\\/tibladin.dk\\\/#\\\/schema\\\/logo\\\/image\\\/\"}}]}<\/script>\n<!-- \/ Yoast SEO plugin. -->","yoast_head_json":{"title":"Ge\u00ebtste keramische kan | Mooie en levendige groene kleur | Tibladin","description":"Marokkaanse melange keramische kan. Gebruik hem voor heerlijke, verse versnaperingen. Ruime keuze aan prachtige kannen, handgemaakt in Marokko.","robots":{"index":"index","follow":"follow","max-snippet":"max-snippet:-1","max-image-preview":"max-image-preview:large","max-video-preview":"max-video-preview:-1"},"canonical":"https:\/\/tibladin.dk\/nl\/product-2\/marokkaanse-gevlekte-keramische-kan-23-cm\/","og_locale":"nl_NL","og_type":"article","og_title":"Meleret keramik kande | Smuk og levende gr\u00f8n farve | Tibladin","og_description":"Marokkansk meleret keramik kande. Brug den til friske l\u00e6kre forfriskninger. Stort udvalg af smukke kander, som er h\u00e5ndlavet i Marokko.","og_url":"https:\/\/tibladin.dk\/nl\/product-2\/marokkaanse-gevlekte-keramische-kan-23-cm\/","og_site_name":"Tibladin","article_modified_time":"2026-03-26T12:24:40+00:00","og_image":[{"width":800,"height":800,"url":"https:\/\/tibladin.dk\/wp-content\/uploads\/2025\/07\/kande-i-groen-meleret-keramik_6.jpg","type":"image\/jpeg"}],"twitter_card":"summary_large_image","twitter_misc":{"Geschatte leestijd":"2 minuten"},"schema":{"@context":"https:\/\/schema.org","@graph":[{"@type":"WebPage","@id":"https:\/\/tibladin.dk\/produkt\/marokkansk-meleret-keramik-kande-23-cm\/","url":"https:\/\/tibladin.dk\/produkt\/marokkansk-meleret-keramik-kande-23-cm\/","name":"Ge\u00ebtste keramische kan | Mooie en levendige groene kleur | Tibladin","isPartOf":{"@id":"https:\/\/tibladin.dk\/#website"},"primaryImageOfPage":{"@id":"https:\/\/tibladin.dk\/produkt\/marokkansk-meleret-keramik-kande-23-cm\/#primaryimage"},"image":{"@id":"https:\/\/tibladin.dk\/produkt\/marokkansk-meleret-keramik-kande-23-cm\/#primaryimage"},"thumbnailUrl":"https:\/\/tibladin.dk\/wp-content\/uploads\/2025\/07\/kande-i-groen-meleret-keramik_6.jpg","datePublished":"2025-07-10T10:53:42+00:00","dateModified":"2026-03-26T12:24:40+00:00","description":"Marokkaanse melange keramische kan. Gebruik hem voor heerlijke, verse versnaperingen. Ruime keuze aan prachtige kannen, handgemaakt in Marokko.","breadcrumb":{"@id":"https:\/\/tibladin.dk\/produkt\/marokkansk-meleret-keramik-kande-23-cm\/#breadcrumb"},"inLanguage":"nl-NL","potentialAction":[{"@type":"ReadAction","target":["https:\/\/tibladin.dk\/produkt\/marokkansk-meleret-keramik-kande-23-cm\/"]}]},{"@type":"ImageObject","inLanguage":"nl-NL","@id":"https:\/\/tibladin.dk\/produkt\/marokkansk-meleret-keramik-kande-23-cm\/#primaryimage","url":"https:\/\/tibladin.dk\/wp-content\/uploads\/2025\/07\/kande-i-groen-meleret-keramik_6.jpg","contentUrl":"https:\/\/tibladin.dk\/wp-content\/uploads\/2025\/07\/kande-i-groen-meleret-keramik_6.jpg","width":800,"height":800,"caption":"Kande i gr\u00f8n meleret keramik 6"},{"@type":"BreadcrumbList","@id":"https:\/\/tibladin.dk\/produkt\/marokkansk-meleret-keramik-kande-23-cm\/#breadcrumb","itemListElement":[{"@type":"ListItem","position":1,"name":"Hjem","item":"https:\/\/tibladin.dk\/"},{"@type":"ListItem","position":2,"name":"Shop","item":"https:\/\/tibladin.dk\/shop\/"},{"@type":"ListItem","position":3,"name":"Marokkansk Meleret Keramik Kande &#8211; 23 cm"}]},{"@type":"WebSite","@id":"https:\/\/tibladin.dk\/#website","url":"https:\/\/tibladin.dk\/","name":"Tibladin","description":"Tibladin","publisher":{"@id":"https:\/\/tibladin.dk\/#organization"},"potentialAction":[{"@type":"SearchAction","target":{"@type":"EntryPoint","urlTemplate":"https:\/\/tibladin.dk\/?s={search_term_string}"},"query-input":{"@type":"PropertyValueSpecification","valueRequired":true,"valueName":"search_term_string"}}],"inLanguage":"nl-NL"},{"@type":"Organization","@id":"https:\/\/tibladin.dk\/#organization","name":"Tibladin","url":"https:\/\/tibladin.dk\/","logo":{"@type":"ImageObject","inLanguage":"nl-NL","@id":"https:\/\/tibladin.dk\/#\/schema\/logo\/image\/","url":"https:\/\/tibladin.dk\/wp-content\/uploads\/2022\/09\/tibladin_logo.svg","contentUrl":"https:\/\/tibladin.dk\/wp-content\/uploads\/2022\/09\/tibladin_logo.svg","caption":"Tibladin"},"image":{"@id":"https:\/\/tibladin.dk\/#\/schema\/logo\/image\/"}}]}},"_links":{"self":[{"href":"https:\/\/tibladin.dk\/nl\/wp-json\/wp\/v2\/product\/38210","targetHints":{"allow":["GET"]}}],"collection":[{"href":"https:\/\/tibladin.dk\/nl\/wp-json\/wp\/v2\/product"}],"about":[{"href":"https:\/\/tibladin.dk\/nl\/wp-json\/wp\/v2\/types\/product"}],"wp:featuredmedia":[{"embeddable":true,"href":"https:\/\/tibladin.dk\/nl\/wp-json\/wp\/v2\/media\/38145"}],"wp:attachment":[{"href":"https:\/\/tibladin.dk\/nl\/wp-json\/wp\/v2\/media?parent=38210"}],"wp:term":[{"taxonomy":"product_brand","embeddable":true,"href":"https:\/\/tibladin.dk\/nl\/wp-json\/wp\/v2\/product_brand?post=38210"},{"taxonomy":"product_cat","embeddable":true,"href":"https:\/\/tibladin.dk\/nl\/wp-json\/wp\/v2\/product_cat?post=38210"},{"taxonomy":"product_tag","embeddable":true,"href":"https:\/\/tibladin.dk\/nl\/wp-json\/wp\/v2\/product_tag?post=38210"}],"curies":[{"name":"wp","href":"https:\/\/api.w.org\/{rel}","templated":true}]}}