{"id":38214,"date":"2025-07-10T13:00:05","date_gmt":"2025-07-10T11:00:05","guid":{"rendered":"https:\/\/tibladin.dk\/?post_type=product&#038;p=38214"},"modified":"2026-03-13T16:41:07","modified_gmt":"2026-03-13T15:41:07","slug":"marokkaanse-borden-20-25-cm-half-zon","status":"publish","type":"product","link":"https:\/\/tibladin.dk\/nl\/produkt\/marokkanske-tallerkner-20-25-cm-half-sun\/","title":{"rendered":"Marokkaanse borden 20-25 cm. HALF SUN"},"content":{"rendered":"<div class=\"wpb-content-wrapper\"><div class=\"vc_row wpb_row vc_row-fluid\"><div class=\"wpb_column vc_column_container vc_col-sm-4\"><div class=\"vc_column-inner\"><div class=\"wpb_wrapper\"><\/div><\/div><\/div><div class=\"wpb_column vc_column_container vc_col-sm-4\"><div class=\"vc_column-inner\"><div class=\"wpb_wrapper\"><h3 style=\"text-align: left\" class=\"vc_custom_heading vc_do_custom_heading\" >Onderhoud<\/h3>\n\t<div class=\"wpb_text_column wpb_content_element\" >\n\t\t<div class=\"wpb_wrapper\">\n\t\t\t<p><span style=\"font-weight: 400;\">Kan gebruikt worden voor voedsel.<\/span><\/p>\n<p><span style=\"font-weight: 400;\">Wij raden aan om de vaat met de hand af te wassen.<\/span><\/p>\n<p><br style=\"font-weight: 400;\" \/><br style=\"font-weight: 400;\" \/><\/p>\n\n\t\t<\/div>\n\t<\/div>\n<\/div><\/div><\/div><div class=\"wpb_column vc_column_container vc_col-sm-4\"><div class=\"vc_column-inner\"><div class=\"wpb_wrapper\"><h3 style=\"text-align: left\" class=\"vc_custom_heading vc_do_custom_heading\" >Het verhaal erachter<\/h3>\n\t<div class=\"wpb_text_column wpb_content_element\" >\n\t\t<div class=\"wpb_wrapper\">\n\t\t\t<p>Safi is een provinciehoofdstad en havenstad in het westen van Marokko, die zeer bekend staat om de productie van prachtig handgemaakt keramiek, dat vaak in veel verschillende kleuren en tinten glanst. \u2018Safi\u2019 is dus geen aardewerksoort, maar de naam voor de plaats waar het aardewerk wordt geproduceerd. Je zult &quot;Safi&quot; vaak aantreffen onder de bodem van aardewerk uit Marokko, omdat ze er zo&#039;n grote producent van zijn.<\/p>\n\n\t\t<\/div>\n\t<\/div>\n<\/div><\/div><\/div><\/div>\n<\/div>","protected":false},"excerpt":{"rendered":"<h3 data-start=\"104\" data-end=\"134\"><strong data-start=\"108\" data-end=\"134\">Tallerken \u2013 Half Sun<\/strong><\/h3>\n<p data-start=\"136\" data-end=\"406\">Lys dit bord op med denne smukke <em data-start=\"169\" data-end=\"179\">Half Sun<\/em>-tallerken \u2013 en h\u00e5ndlavet keramik tallerken med et halvt solskinsgult og halvt r\u00e5hvidt design, der emmer af varme og personlighed. Den delte glasur giver et moderne, grafisk udtryk og skaber en perfekt ramme om alt, hvad du serverer.<\/p>\n<p data-start=\"408\" data-end=\"466\">Den let dybe form g\u00f8r den alsidig og s\u00e6rligt velegnet til:<\/p>\n<ul data-start=\"467\" data-end=\"608\">\n<li data-start=\"467\" data-end=\"492\">\n<p data-start=\"469\" data-end=\"492\">Pasta- og nudelretter<\/p>\n<\/li>\n<li data-start=\"493\" data-end=\"511\">\n<p data-start=\"495\" data-end=\"511\">Friske salater<\/p>\n<\/li>\n<li data-start=\"512\" data-end=\"554\">\n<p data-start=\"514\" data-end=\"554\">Marokkansk couscous og Tagine<\/p>\n<\/li>\n<li data-start=\"555\" data-end=\"588\">\n<p data-start=\"557\" data-end=\"588\">Risotto eller sm\u00e5 tapasretter<\/p>\n<\/li>\n<li data-start=\"555\" data-end=\"588\">Dhal<\/li>\n<\/ul>\n<p data-start=\"610\" data-end=\"733\">Hver tallerken er unik i glasuren og formet med en let, h\u00e5ndlavet uj\u00e6vnhed, der kun g\u00f8r den endnu smukkere og mere levende.<\/p>\n<p><span data-sheets-value=\"{&quot;1&quot;:2,&quot;2&quot;:&quot;S\u00f8d lille sk\u00e5l med marokkansk farvet m\u00f8nster. Perfekt som soyask\u00e5l, tappenda sk\u00e5l, lille serveringssk\u00e5l til lidt chokolade, sukkersk\u00e5l, krydderisk\u00e5l&quot;}\" data-sheets-userformat=\"{&quot;2&quot;:15293,&quot;3&quot;:{&quot;1&quot;:0},&quot;5&quot;:{&quot;1&quot;:[{&quot;1&quot;:2,&quot;2&quot;:0,&quot;5&quot;:{&quot;1&quot;:2,&quot;2&quot;:0}},{&quot;1&quot;:0,&quot;2&quot;:0,&quot;3&quot;:3},{&quot;1&quot;:1,&quot;2&quot;:0,&quot;4&quot;:1}]},&quot;6&quot;:{&quot;1&quot;:[{&quot;1&quot;:2,&quot;2&quot;:0,&quot;5&quot;:{&quot;1&quot;:2,&quot;2&quot;:0}},{&quot;1&quot;:0,&quot;2&quot;:0,&quot;3&quot;:3},{&quot;1&quot;:1,&quot;2&quot;:0,&quot;4&quot;:1}]},&quot;7&quot;:{&quot;1&quot;:[{&quot;1&quot;:2,&quot;2&quot;:0,&quot;5&quot;:{&quot;1&quot;:2,&quot;2&quot;:0}},{&quot;1&quot;:0,&quot;2&quot;:0,&quot;3&quot;:3},{&quot;1&quot;:1,&quot;2&quot;:0,&quot;4&quot;:1}]},&quot;8&quot;:{&quot;1&quot;:[{&quot;1&quot;:2,&quot;2&quot;:0,&quot;5&quot;:{&quot;1&quot;:2,&quot;2&quot;:0}},{&quot;1&quot;:0,&quot;2&quot;:0,&quot;3&quot;:3},{&quot;1&quot;:1,&quot;2&quot;:0,&quot;4&quot;:1}]},&quot;10&quot;:0,&quot;11&quot;:4,&quot;12&quot;:0,&quot;14&quot;:{&quot;1&quot;:2,&quot;2&quot;:0},&quot;15&quot;:&quot;Helvetica Neue&quot;,&quot;16&quot;:10}\">Smuk tallerken med halv-halv design, <\/span>m\u00e5ler 20-25 cm i diameter.<\/p>\n<p>Tallerknerne findes i to st\u00f8rrelse, lille som m\u00e5ler ca. 20 cm i diameter og ca. 3 cm i h\u00f8jde. Den store som m\u00e5ler ca. 25 cm i diameter og ca. 5 cm i h\u00f8jden. Tallerknerne har h\u00f8je sider, s\u00e5 de er oplagte til pastaretter.<\/p>\n<p>Fadene er h\u00e5nddrejede og h\u00e5ndmalede og der vil v\u00e6re sm\u00e5 uperfektheder, som giver en sk\u00f8n charme.<\/p>\n","protected":false},"featured_media":38151,"template":"","meta":{"inline_featured_image":false},"product_brand":[],"product_cat":[175,139,148],"product_tag":[],"class_list":{"0":"post-38214","1":"product","2":"type-product","3":"status-publish","4":"has-post-thumbnail","6":"product_cat-driverse-marokkansk-keramik","7":"product_cat-marokkansk-keramik","8":"product_cat-marokkanske-tallerkner","10":"first","11":"instock","12":"taxable","13":"shipping-taxable","14":"purchasable","15":"product-type-variable"},"exclude_global_add_ons":false,"addons":[{"name":"Wilt u een cadeauverpakking?","type":"checkbox","position":0,"required":false,"title_format":"label","default":"","description_enable":false,"description":"","placeholder_enable":false,"placeholder":"","display":"images","restrictions_type":"any_text","adjust_price":false,"price":"","price_type":"flat_fee","restrictions":false,"min":"0","max":"0","options":[{"label":"Ja tak","price":"10","price_type":"flat_fee","image":11015,"visibility":true}],"id":1669646111}],"yoast_head":"<!-- This site is optimized with the Yoast SEO plugin v27.4 - https:\/\/yoast.com\/product\/yoast-seo-wordpress\/ -->\n<title>Marokkanske tallerkener | H\u00e5ndlavet keramik fra Marokko | Tibladin<\/title>\n<meta name=\"description\" content=\"Smukke gul og hvid stribet marokkanske tallerkner. To forskellige st\u00f8rrelser, 20-25 cm. Perfekt til varme pasta og risretter.\" \/>\n<meta name=\"robots\" content=\"index, follow, max-snippet:-1, max-image-preview:large, max-video-preview:-1\" \/>\n<link rel=\"canonical\" href=\"https:\/\/tibladin.dk\/nl\/product-2\/marokkaanse-borden-20-25-cm-half-zon\/\" \/>\n<meta property=\"og:locale\" content=\"nl_NL\" \/>\n<meta property=\"og:type\" content=\"article\" \/>\n<meta property=\"og:title\" content=\"Marokkanske tallerkener | H\u00e5ndlavet keramik fra Marokko | Tibladin\" \/>\n<meta property=\"og:description\" content=\"Smukke gul og hvid stribet marokkanske tallerkner. To forskellige st\u00f8rrelser, 20-25 cm. Perfekt til varme pasta og risretter.\" \/>\n<meta property=\"og:url\" content=\"https:\/\/tibladin.dk\/nl\/product-2\/marokkaanse-borden-20-25-cm-half-zon\/\" \/>\n<meta property=\"og:site_name\" content=\"Tibladin\" \/>\n<meta property=\"article:modified_time\" content=\"2026-03-13T15:41:07+00:00\" \/>\n<meta property=\"og:image\" content=\"https:\/\/tibladin.dk\/wp-content\/uploads\/2025\/07\/tallerken-half-sun_pasta-tallerken_10.jpg\" \/>\n\t<meta property=\"og:image:width\" content=\"800\" \/>\n\t<meta property=\"og:image:height\" content=\"800\" \/>\n\t<meta property=\"og:image:type\" content=\"image\/jpeg\" \/>\n<meta name=\"twitter:card\" content=\"summary_large_image\" \/>\n<meta name=\"twitter:label1\" content=\"Geschatte leestijd\" \/>\n\t<meta name=\"twitter:data1\" content=\"2 minuten\" \/>\n<script type=\"application\/ld+json\" class=\"yoast-schema-graph\">{\"@context\":\"https:\\\/\\\/schema.org\",\"@graph\":[{\"@type\":\"WebPage\",\"@id\":\"https:\\\/\\\/tibladin.dk\\\/produkt\\\/marokkanske-tallerkner-20-25-cm-half-sun\\\/\",\"url\":\"https:\\\/\\\/tibladin.dk\\\/produkt\\\/marokkanske-tallerkner-20-25-cm-half-sun\\\/\",\"name\":\"Marokkanske tallerkener | H\u00e5ndlavet keramik fra Marokko | Tibladin\",\"isPartOf\":{\"@id\":\"https:\\\/\\\/tibladin.dk\\\/#website\"},\"primaryImageOfPage\":{\"@id\":\"https:\\\/\\\/tibladin.dk\\\/produkt\\\/marokkanske-tallerkner-20-25-cm-half-sun\\\/#primaryimage\"},\"image\":{\"@id\":\"https:\\\/\\\/tibladin.dk\\\/produkt\\\/marokkanske-tallerkner-20-25-cm-half-sun\\\/#primaryimage\"},\"thumbnailUrl\":\"https:\\\/\\\/tibladin.dk\\\/wp-content\\\/uploads\\\/2025\\\/07\\\/tallerken-half-sun_pasta-tallerken_10.jpg\",\"datePublished\":\"2025-07-10T11:00:05+00:00\",\"dateModified\":\"2026-03-13T15:41:07+00:00\",\"description\":\"Smukke gul og hvid stribet marokkanske tallerkner. To forskellige st\u00f8rrelser, 20-25 cm. Perfekt til varme pasta og risretter.\",\"breadcrumb\":{\"@id\":\"https:\\\/\\\/tibladin.dk\\\/produkt\\\/marokkanske-tallerkner-20-25-cm-half-sun\\\/#breadcrumb\"},\"inLanguage\":\"nl-NL\",\"potentialAction\":[{\"@type\":\"ReadAction\",\"target\":[\"https:\\\/\\\/tibladin.dk\\\/produkt\\\/marokkanske-tallerkner-20-25-cm-half-sun\\\/\"]}]},{\"@type\":\"ImageObject\",\"inLanguage\":\"nl-NL\",\"@id\":\"https:\\\/\\\/tibladin.dk\\\/produkt\\\/marokkanske-tallerkner-20-25-cm-half-sun\\\/#primaryimage\",\"url\":\"https:\\\/\\\/tibladin.dk\\\/wp-content\\\/uploads\\\/2025\\\/07\\\/tallerken-half-sun_pasta-tallerken_10.jpg\",\"contentUrl\":\"https:\\\/\\\/tibladin.dk\\\/wp-content\\\/uploads\\\/2025\\\/07\\\/tallerken-half-sun_pasta-tallerken_10.jpg\",\"width\":800,\"height\":800,\"caption\":\"tallerken half sun pasta tallerken\"},{\"@type\":\"BreadcrumbList\",\"@id\":\"https:\\\/\\\/tibladin.dk\\\/produkt\\\/marokkanske-tallerkner-20-25-cm-half-sun\\\/#breadcrumb\",\"itemListElement\":[{\"@type\":\"ListItem\",\"position\":1,\"name\":\"Hjem\",\"item\":\"https:\\\/\\\/tibladin.dk\\\/\"},{\"@type\":\"ListItem\",\"position\":2,\"name\":\"Shop\",\"item\":\"https:\\\/\\\/tibladin.dk\\\/shop\\\/\"},{\"@type\":\"ListItem\",\"position\":3,\"name\":\"Marokkanske tallerkner 20-25 cm. HALF SUN\"}]},{\"@type\":\"WebSite\",\"@id\":\"https:\\\/\\\/tibladin.dk\\\/#website\",\"url\":\"https:\\\/\\\/tibladin.dk\\\/\",\"name\":\"Tibladin\",\"description\":\"Tibladin\",\"publisher\":{\"@id\":\"https:\\\/\\\/tibladin.dk\\\/#organization\"},\"potentialAction\":[{\"@type\":\"SearchAction\",\"target\":{\"@type\":\"EntryPoint\",\"urlTemplate\":\"https:\\\/\\\/tibladin.dk\\\/?s={search_term_string}\"},\"query-input\":{\"@type\":\"PropertyValueSpecification\",\"valueRequired\":true,\"valueName\":\"search_term_string\"}}],\"inLanguage\":\"nl-NL\"},{\"@type\":\"Organization\",\"@id\":\"https:\\\/\\\/tibladin.dk\\\/#organization\",\"name\":\"Tibladin\",\"url\":\"https:\\\/\\\/tibladin.dk\\\/\",\"logo\":{\"@type\":\"ImageObject\",\"inLanguage\":\"nl-NL\",\"@id\":\"https:\\\/\\\/tibladin.dk\\\/#\\\/schema\\\/logo\\\/image\\\/\",\"url\":\"https:\\\/\\\/tibladin.dk\\\/wp-content\\\/uploads\\\/2022\\\/09\\\/tibladin_logo.svg\",\"contentUrl\":\"https:\\\/\\\/tibladin.dk\\\/wp-content\\\/uploads\\\/2022\\\/09\\\/tibladin_logo.svg\",\"caption\":\"Tibladin\"},\"image\":{\"@id\":\"https:\\\/\\\/tibladin.dk\\\/#\\\/schema\\\/logo\\\/image\\\/\"}}]}<\/script>\n<!-- \/ Yoast SEO plugin. -->","yoast_head_json":{"title":"Marokkaanse borden | Handgemaakt keramiek uit Marokko | Tibladin","description":"Prachtige geel-wit gestreepte Marokkaanse borden. Twee verschillende formaten, 20-25 cm. Perfect voor warme pasta- en rijstgerechten.","robots":{"index":"index","follow":"follow","max-snippet":"max-snippet:-1","max-image-preview":"max-image-preview:large","max-video-preview":"max-video-preview:-1"},"canonical":"https:\/\/tibladin.dk\/nl\/product-2\/marokkaanse-borden-20-25-cm-half-zon\/","og_locale":"nl_NL","og_type":"article","og_title":"Marokkanske tallerkener | H\u00e5ndlavet keramik fra Marokko | Tibladin","og_description":"Smukke gul og hvid stribet marokkanske tallerkner. To forskellige st\u00f8rrelser, 20-25 cm. Perfekt til varme pasta og risretter.","og_url":"https:\/\/tibladin.dk\/nl\/product-2\/marokkaanse-borden-20-25-cm-half-zon\/","og_site_name":"Tibladin","article_modified_time":"2026-03-13T15:41:07+00:00","og_image":[{"width":800,"height":800,"url":"https:\/\/tibladin.dk\/wp-content\/uploads\/2025\/07\/tallerken-half-sun_pasta-tallerken_10.jpg","type":"image\/jpeg"}],"twitter_card":"summary_large_image","twitter_misc":{"Geschatte leestijd":"2 minuten"},"schema":{"@context":"https:\/\/schema.org","@graph":[{"@type":"WebPage","@id":"https:\/\/tibladin.dk\/produkt\/marokkanske-tallerkner-20-25-cm-half-sun\/","url":"https:\/\/tibladin.dk\/produkt\/marokkanske-tallerkner-20-25-cm-half-sun\/","name":"Marokkaanse borden | Handgemaakt keramiek uit Marokko | Tibladin","isPartOf":{"@id":"https:\/\/tibladin.dk\/#website"},"primaryImageOfPage":{"@id":"https:\/\/tibladin.dk\/produkt\/marokkanske-tallerkner-20-25-cm-half-sun\/#primaryimage"},"image":{"@id":"https:\/\/tibladin.dk\/produkt\/marokkanske-tallerkner-20-25-cm-half-sun\/#primaryimage"},"thumbnailUrl":"https:\/\/tibladin.dk\/wp-content\/uploads\/2025\/07\/tallerken-half-sun_pasta-tallerken_10.jpg","datePublished":"2025-07-10T11:00:05+00:00","dateModified":"2026-03-13T15:41:07+00:00","description":"Prachtige geel-wit gestreepte Marokkaanse borden. Twee verschillende formaten, 20-25 cm. Perfect voor warme pasta- en rijstgerechten.","breadcrumb":{"@id":"https:\/\/tibladin.dk\/produkt\/marokkanske-tallerkner-20-25-cm-half-sun\/#breadcrumb"},"inLanguage":"nl-NL","potentialAction":[{"@type":"ReadAction","target":["https:\/\/tibladin.dk\/produkt\/marokkanske-tallerkner-20-25-cm-half-sun\/"]}]},{"@type":"ImageObject","inLanguage":"nl-NL","@id":"https:\/\/tibladin.dk\/produkt\/marokkanske-tallerkner-20-25-cm-half-sun\/#primaryimage","url":"https:\/\/tibladin.dk\/wp-content\/uploads\/2025\/07\/tallerken-half-sun_pasta-tallerken_10.jpg","contentUrl":"https:\/\/tibladin.dk\/wp-content\/uploads\/2025\/07\/tallerken-half-sun_pasta-tallerken_10.jpg","width":800,"height":800,"caption":"tallerken half sun pasta tallerken"},{"@type":"BreadcrumbList","@id":"https:\/\/tibladin.dk\/produkt\/marokkanske-tallerkner-20-25-cm-half-sun\/#breadcrumb","itemListElement":[{"@type":"ListItem","position":1,"name":"Hjem","item":"https:\/\/tibladin.dk\/"},{"@type":"ListItem","position":2,"name":"Shop","item":"https:\/\/tibladin.dk\/shop\/"},{"@type":"ListItem","position":3,"name":"Marokkanske tallerkner 20-25 cm. HALF SUN"}]},{"@type":"WebSite","@id":"https:\/\/tibladin.dk\/#website","url":"https:\/\/tibladin.dk\/","name":"Tibladin","description":"Tibladin","publisher":{"@id":"https:\/\/tibladin.dk\/#organization"},"potentialAction":[{"@type":"SearchAction","target":{"@type":"EntryPoint","urlTemplate":"https:\/\/tibladin.dk\/?s={search_term_string}"},"query-input":{"@type":"PropertyValueSpecification","valueRequired":true,"valueName":"search_term_string"}}],"inLanguage":"nl-NL"},{"@type":"Organization","@id":"https:\/\/tibladin.dk\/#organization","name":"Tibladin","url":"https:\/\/tibladin.dk\/","logo":{"@type":"ImageObject","inLanguage":"nl-NL","@id":"https:\/\/tibladin.dk\/#\/schema\/logo\/image\/","url":"https:\/\/tibladin.dk\/wp-content\/uploads\/2022\/09\/tibladin_logo.svg","contentUrl":"https:\/\/tibladin.dk\/wp-content\/uploads\/2022\/09\/tibladin_logo.svg","caption":"Tibladin"},"image":{"@id":"https:\/\/tibladin.dk\/#\/schema\/logo\/image\/"}}]}},"_links":{"self":[{"href":"https:\/\/tibladin.dk\/nl\/wp-json\/wp\/v2\/product\/38214","targetHints":{"allow":["GET"]}}],"collection":[{"href":"https:\/\/tibladin.dk\/nl\/wp-json\/wp\/v2\/product"}],"about":[{"href":"https:\/\/tibladin.dk\/nl\/wp-json\/wp\/v2\/types\/product"}],"wp:featuredmedia":[{"embeddable":true,"href":"https:\/\/tibladin.dk\/nl\/wp-json\/wp\/v2\/media\/38151"}],"wp:attachment":[{"href":"https:\/\/tibladin.dk\/nl\/wp-json\/wp\/v2\/media?parent=38214"}],"wp:term":[{"taxonomy":"product_brand","embeddable":true,"href":"https:\/\/tibladin.dk\/nl\/wp-json\/wp\/v2\/product_brand?post=38214"},{"taxonomy":"product_cat","embeddable":true,"href":"https:\/\/tibladin.dk\/nl\/wp-json\/wp\/v2\/product_cat?post=38214"},{"taxonomy":"product_tag","embeddable":true,"href":"https:\/\/tibladin.dk\/nl\/wp-json\/wp\/v2\/product_tag?post=38214"}],"curies":[{"name":"wp","href":"https:\/\/api.w.org\/{rel}","templated":true}]}}