{"id":38249,"date":"2025-07-10T14:41:38","date_gmt":"2025-07-10T12:41:38","guid":{"rendered":"https:\/\/tibladin.dk\/?post_type=product&#038;p=38249"},"modified":"2025-07-11T09:32:12","modified_gmt":"2025-07-11T07:32:12","slug":"tuniek-hemel-maat-m","status":"publish","type":"product","link":"https:\/\/tibladin.dk\/nl\/produkt\/tunika-sky-str-m\/","title":{"rendered":"Tuniek SKY maat M"},"content":{"rendered":"<div class=\"wpb-content-wrapper\"><div class=\"vc_row wpb_row vc_row-fluid\"><div class=\"wpb_column vc_column_container vc_col-sm-4\"><div class=\"vc_column-inner\"><div class=\"wpb_wrapper\"><\/div><\/div><\/div><div class=\"wpb_column vc_column_container vc_col-sm-4\"><div class=\"vc_column-inner\"><div class=\"wpb_wrapper\"><h3 style=\"text-align: left\" class=\"vc_custom_heading vc_do_custom_heading\" >Onderhoud<\/h3>\n\t<div class=\"wpb_text_column wpb_content_element\" >\n\t\t<div class=\"wpb_wrapper\">\n\t\t\t<p>De tunieken zijn gemaakt van 100% katoen en kunnen daardoor in de machine gewassen worden tot 40 graden. Ook raden wij aan om de tunieken te stomen\/strijken om kreuken en plooien te voorkomen.<\/p>\n\n\t\t<\/div>\n\t<\/div>\n<\/div><\/div><\/div><div class=\"wpb_column vc_column_container vc_col-sm-4\"><div class=\"vc_column-inner\"><div class=\"wpb_wrapper\"><h3 style=\"text-align: left\" class=\"vc_custom_heading vc_do_custom_heading\" >Het verhaal erachter<\/h3>\n\t<div class=\"wpb_text_column wpb_content_element\" >\n\t\t<div class=\"wpb_wrapper\">\n\t\t\t<p>Deze prachtige Marokkaanse tunieken zijn met de hand gestikt in 100% katoen en stralen leven en kleur uit. De tunieken zijn gemaakt in samenwerking met een ontwerper en kleermaker in Marrakech, en samen hebben we voor elke tuniek zorgvuldig de kleuren, materialen en patronen geselecteerd. Daarom zijn ze ook volkomen uniek: van elk is er maar \u00e9\u00e9n, en deze ontwerpen vind je nergens anders. De pasvorm van de prachtige tunieken is los en comfortabel, maar tegelijkertijd flatterend en heerlijk. De tuniek kan zowel thuis, op kantoor als voor een uitstapje naar het strand of terras op een warme zomerdag gebruikt worden.<\/p>\n<p>De tunieken in Str. S is verkrijgbaar in drie verschillende prachtige designs.<\/p>\n\n\t\t<\/div>\n\t<\/div>\n<\/div><\/div><\/div><\/div>\n<\/div>","protected":false},"excerpt":{"rendered":"<p class=\"p1\">De tuniek is handgemaakt van licht, ademend katoen uit Marokko.<\/p>\n<p>Handgemaakt in Marokko van zacht, ademend katoen met fijne, mintblauwe strepen voor een frisse en elegante look. De klassieke blousesnit, gecombineerd met een vrouwelijke V-hals en strikceintuur in de taille, geeft je de mogelijkheid om hem casual of juist figuurnaadloos te stylen - helemaal naar eigen inzicht. De tuniek heeft verborgen en ruime zakken. Op de rug zie je twee geappliceerde vleugels in een gedetailleerde paisleyprint in blauw- en groentinten, omringd door blauwe stiksels. Een kleine ster zweeft erboven en voegt een po\u00ebtische finesse toe die de tuniek tot iets heel bijzonders maakt. De Sky tuniek is perfect voor alles, van een kopje koffie in de ochtend tot stranduitjes en van vakantieavonturen tot het stadsleven.<\/p>\n<p class=\"p1\">Alle tunieken van Tibladin worden gemaakt in samenwerking met een ontwerper en kleermaker in Marrakech, en elk ontwerp is volkomen uniek.<\/p>\n<p>De tuniek is uniek, er is er dus maar \u00e9\u00e9n van.<\/p>\n<p>Hemel: | Mouwlengte vanaf de hals: 58 cm | Taille: 60 cm | Lengte voorkant: 90 cm | Lengte achterkant: 103 cm | Halslijn: 19 | Strik: 157 cm |<\/p>\n<p>&nbsp;<\/p>\n<p>&nbsp;<\/p>","protected":false},"featured_media":38222,"template":"","meta":{"inline_featured_image":false},"product_brand":[],"product_cat":[27,109],"product_tag":[],"class_list":{"0":"post-38249","1":"product","2":"type-product","3":"status-publish","4":"has-post-thumbnail","6":"product_cat-diverse","7":"product_cat-kjoler","9":"first","10":"instock","11":"taxable","12":"shipping-taxable","13":"purchasable","14":"product-type-simple"},"exclude_global_add_ons":false,"addons":[{"name":"Wilt u een cadeauverpakking?","type":"checkbox","position":0,"required":false,"title_format":"label","default":"","description_enable":false,"description":"","placeholder_enable":false,"placeholder":"","display":"images","restrictions_type":"any_text","adjust_price":false,"price":"","price_type":"flat_fee","restrictions":false,"min":"0","max":"0","options":[{"label":"Ja tak","price":"10","price_type":"flat_fee","image":11015,"visibility":true}],"id":1669646111}],"yoast_head":"<!-- This site is optimized with the Yoast SEO plugin v27.4 - https:\/\/yoast.com\/product\/yoast-seo-wordpress\/ -->\n<title>H\u00e5ndsyet tunika fra Marokko | Hvid &amp; mintbl\u00e5 striber | Tibladin |<\/title>\n<meta name=\"description\" content=\"Smuk h\u00e5ndsyede tunika i 100% bomuld. Udviklet i samarbejde med designer og skr\u00e6dder i Marrakech. Hel unik tunika med vinger p\u00e5 ryggen.\" \/>\n<meta name=\"robots\" content=\"index, follow, max-snippet:-1, max-image-preview:large, max-video-preview:-1\" \/>\n<link rel=\"canonical\" href=\"https:\/\/tibladin.dk\/nl\/product-2\/tuniek-hemel-maat-m\/\" \/>\n<meta property=\"og:locale\" content=\"nl_NL\" \/>\n<meta property=\"og:type\" content=\"article\" \/>\n<meta property=\"og:title\" content=\"H\u00e5ndsyet tunika fra Marokko | Hvid &amp; mintbl\u00e5 striber | Tibladin |\" \/>\n<meta property=\"og:description\" content=\"Smuk h\u00e5ndsyede tunika i 100% bomuld. Udviklet i samarbejde med designer og skr\u00e6dder i Marrakech. Hel unik tunika med vinger p\u00e5 ryggen.\" \/>\n<meta property=\"og:url\" content=\"https:\/\/tibladin.dk\/nl\/product-2\/tuniek-hemel-maat-m\/\" \/>\n<meta property=\"og:site_name\" content=\"Tibladin\" \/>\n<meta property=\"article:modified_time\" content=\"2025-07-11T07:32:12+00:00\" \/>\n<meta property=\"og:image\" content=\"https:\/\/tibladin.dk\/wp-content\/uploads\/2025\/07\/Tunika_SKY_2.jpg\" \/>\n\t<meta property=\"og:image:width\" content=\"800\" \/>\n\t<meta property=\"og:image:height\" content=\"800\" \/>\n\t<meta property=\"og:image:type\" content=\"image\/jpeg\" \/>\n<meta name=\"twitter:card\" content=\"summary_large_image\" \/>\n<meta name=\"twitter:label1\" content=\"Geschatte leestijd\" \/>\n\t<meta name=\"twitter:data1\" content=\"2 minuten\" \/>\n<script type=\"application\/ld+json\" class=\"yoast-schema-graph\">{\"@context\":\"https:\\\/\\\/schema.org\",\"@graph\":[{\"@type\":\"WebPage\",\"@id\":\"https:\\\/\\\/tibladin.dk\\\/produkt\\\/tunika-sky-str-m\\\/\",\"url\":\"https:\\\/\\\/tibladin.dk\\\/produkt\\\/tunika-sky-str-m\\\/\",\"name\":\"H\u00e5ndsyet tunika fra Marokko | Hvid & mintbl\u00e5 striber | Tibladin |\",\"isPartOf\":{\"@id\":\"https:\\\/\\\/tibladin.dk\\\/#website\"},\"primaryImageOfPage\":{\"@id\":\"https:\\\/\\\/tibladin.dk\\\/produkt\\\/tunika-sky-str-m\\\/#primaryimage\"},\"image\":{\"@id\":\"https:\\\/\\\/tibladin.dk\\\/produkt\\\/tunika-sky-str-m\\\/#primaryimage\"},\"thumbnailUrl\":\"https:\\\/\\\/tibladin.dk\\\/wp-content\\\/uploads\\\/2025\\\/07\\\/Tunika_SKY_2.jpg\",\"datePublished\":\"2025-07-10T12:41:38+00:00\",\"dateModified\":\"2025-07-11T07:32:12+00:00\",\"description\":\"Smuk h\u00e5ndsyede tunika i 100% bomuld. Udviklet i samarbejde med designer og skr\u00e6dder i Marrakech. Hel unik tunika med vinger p\u00e5 ryggen.\",\"breadcrumb\":{\"@id\":\"https:\\\/\\\/tibladin.dk\\\/produkt\\\/tunika-sky-str-m\\\/#breadcrumb\"},\"inLanguage\":\"nl-NL\",\"potentialAction\":[{\"@type\":\"ReadAction\",\"target\":[\"https:\\\/\\\/tibladin.dk\\\/produkt\\\/tunika-sky-str-m\\\/\"]}]},{\"@type\":\"ImageObject\",\"inLanguage\":\"nl-NL\",\"@id\":\"https:\\\/\\\/tibladin.dk\\\/produkt\\\/tunika-sky-str-m\\\/#primaryimage\",\"url\":\"https:\\\/\\\/tibladin.dk\\\/wp-content\\\/uploads\\\/2025\\\/07\\\/Tunika_SKY_2.jpg\",\"contentUrl\":\"https:\\\/\\\/tibladin.dk\\\/wp-content\\\/uploads\\\/2025\\\/07\\\/Tunika_SKY_2.jpg\",\"width\":800,\"height\":800,\"caption\":\"Tunika sky 2\"},{\"@type\":\"BreadcrumbList\",\"@id\":\"https:\\\/\\\/tibladin.dk\\\/produkt\\\/tunika-sky-str-m\\\/#breadcrumb\",\"itemListElement\":[{\"@type\":\"ListItem\",\"position\":1,\"name\":\"Hjem\",\"item\":\"https:\\\/\\\/tibladin.dk\\\/\"},{\"@type\":\"ListItem\",\"position\":2,\"name\":\"Shop\",\"item\":\"https:\\\/\\\/tibladin.dk\\\/shop\\\/\"},{\"@type\":\"ListItem\",\"position\":3,\"name\":\"Tunika SKY str. M\"}]},{\"@type\":\"WebSite\",\"@id\":\"https:\\\/\\\/tibladin.dk\\\/#website\",\"url\":\"https:\\\/\\\/tibladin.dk\\\/\",\"name\":\"Tibladin\",\"description\":\"Tibladin\",\"publisher\":{\"@id\":\"https:\\\/\\\/tibladin.dk\\\/#organization\"},\"potentialAction\":[{\"@type\":\"SearchAction\",\"target\":{\"@type\":\"EntryPoint\",\"urlTemplate\":\"https:\\\/\\\/tibladin.dk\\\/?s={search_term_string}\"},\"query-input\":{\"@type\":\"PropertyValueSpecification\",\"valueRequired\":true,\"valueName\":\"search_term_string\"}}],\"inLanguage\":\"nl-NL\"},{\"@type\":\"Organization\",\"@id\":\"https:\\\/\\\/tibladin.dk\\\/#organization\",\"name\":\"Tibladin\",\"url\":\"https:\\\/\\\/tibladin.dk\\\/\",\"logo\":{\"@type\":\"ImageObject\",\"inLanguage\":\"nl-NL\",\"@id\":\"https:\\\/\\\/tibladin.dk\\\/#\\\/schema\\\/logo\\\/image\\\/\",\"url\":\"https:\\\/\\\/tibladin.dk\\\/wp-content\\\/uploads\\\/2022\\\/09\\\/tibladin_logo.svg\",\"contentUrl\":\"https:\\\/\\\/tibladin.dk\\\/wp-content\\\/uploads\\\/2022\\\/09\\\/tibladin_logo.svg\",\"caption\":\"Tibladin\"},\"image\":{\"@id\":\"https:\\\/\\\/tibladin.dk\\\/#\\\/schema\\\/logo\\\/image\\\/\"}}]}<\/script>\n<!-- \/ Yoast SEO plugin. -->","yoast_head_json":{"title":"Handgenaaide tuniek uit Marokko | Wit &amp; mintblauwe strepen | Tibladin |","description":"Prachtige handgenaaide tuniek van 100% katoen. Ontwikkeld in samenwerking met een ontwerper en kleermaker in Marrakech. Een volledig unieke tuniek met vleugels op de rug.","robots":{"index":"index","follow":"follow","max-snippet":"max-snippet:-1","max-image-preview":"max-image-preview:large","max-video-preview":"max-video-preview:-1"},"canonical":"https:\/\/tibladin.dk\/nl\/product-2\/tuniek-hemel-maat-m\/","og_locale":"nl_NL","og_type":"article","og_title":"H\u00e5ndsyet tunika fra Marokko | Hvid & mintbl\u00e5 striber | Tibladin |","og_description":"Smuk h\u00e5ndsyede tunika i 100% bomuld. Udviklet i samarbejde med designer og skr\u00e6dder i Marrakech. Hel unik tunika med vinger p\u00e5 ryggen.","og_url":"https:\/\/tibladin.dk\/nl\/product-2\/tuniek-hemel-maat-m\/","og_site_name":"Tibladin","article_modified_time":"2025-07-11T07:32:12+00:00","og_image":[{"width":800,"height":800,"url":"https:\/\/tibladin.dk\/wp-content\/uploads\/2025\/07\/Tunika_SKY_2.jpg","type":"image\/jpeg"}],"twitter_card":"summary_large_image","twitter_misc":{"Geschatte leestijd":"2 minuten"},"schema":{"@context":"https:\/\/schema.org","@graph":[{"@type":"WebPage","@id":"https:\/\/tibladin.dk\/produkt\/tunika-sky-str-m\/","url":"https:\/\/tibladin.dk\/produkt\/tunika-sky-str-m\/","name":"Handgenaaide tuniek uit Marokko | Wit &amp; mintblauwe strepen | Tibladin |","isPartOf":{"@id":"https:\/\/tibladin.dk\/#website"},"primaryImageOfPage":{"@id":"https:\/\/tibladin.dk\/produkt\/tunika-sky-str-m\/#primaryimage"},"image":{"@id":"https:\/\/tibladin.dk\/produkt\/tunika-sky-str-m\/#primaryimage"},"thumbnailUrl":"https:\/\/tibladin.dk\/wp-content\/uploads\/2025\/07\/Tunika_SKY_2.jpg","datePublished":"2025-07-10T12:41:38+00:00","dateModified":"2025-07-11T07:32:12+00:00","description":"Prachtige handgenaaide tuniek van 100% katoen. Ontwikkeld in samenwerking met een ontwerper en kleermaker in Marrakech. Een volledig unieke tuniek met vleugels op de rug.","breadcrumb":{"@id":"https:\/\/tibladin.dk\/produkt\/tunika-sky-str-m\/#breadcrumb"},"inLanguage":"nl-NL","potentialAction":[{"@type":"ReadAction","target":["https:\/\/tibladin.dk\/produkt\/tunika-sky-str-m\/"]}]},{"@type":"ImageObject","inLanguage":"nl-NL","@id":"https:\/\/tibladin.dk\/produkt\/tunika-sky-str-m\/#primaryimage","url":"https:\/\/tibladin.dk\/wp-content\/uploads\/2025\/07\/Tunika_SKY_2.jpg","contentUrl":"https:\/\/tibladin.dk\/wp-content\/uploads\/2025\/07\/Tunika_SKY_2.jpg","width":800,"height":800,"caption":"Tunika sky 2"},{"@type":"BreadcrumbList","@id":"https:\/\/tibladin.dk\/produkt\/tunika-sky-str-m\/#breadcrumb","itemListElement":[{"@type":"ListItem","position":1,"name":"Hjem","item":"https:\/\/tibladin.dk\/"},{"@type":"ListItem","position":2,"name":"Shop","item":"https:\/\/tibladin.dk\/shop\/"},{"@type":"ListItem","position":3,"name":"Tunika SKY str. M"}]},{"@type":"WebSite","@id":"https:\/\/tibladin.dk\/#website","url":"https:\/\/tibladin.dk\/","name":"Tibladin","description":"Tibladin","publisher":{"@id":"https:\/\/tibladin.dk\/#organization"},"potentialAction":[{"@type":"SearchAction","target":{"@type":"EntryPoint","urlTemplate":"https:\/\/tibladin.dk\/?s={search_term_string}"},"query-input":{"@type":"PropertyValueSpecification","valueRequired":true,"valueName":"search_term_string"}}],"inLanguage":"nl-NL"},{"@type":"Organization","@id":"https:\/\/tibladin.dk\/#organization","name":"Tibladin","url":"https:\/\/tibladin.dk\/","logo":{"@type":"ImageObject","inLanguage":"nl-NL","@id":"https:\/\/tibladin.dk\/#\/schema\/logo\/image\/","url":"https:\/\/tibladin.dk\/wp-content\/uploads\/2022\/09\/tibladin_logo.svg","contentUrl":"https:\/\/tibladin.dk\/wp-content\/uploads\/2022\/09\/tibladin_logo.svg","caption":"Tibladin"},"image":{"@id":"https:\/\/tibladin.dk\/#\/schema\/logo\/image\/"}}]}},"_links":{"self":[{"href":"https:\/\/tibladin.dk\/nl\/wp-json\/wp\/v2\/product\/38249","targetHints":{"allow":["GET"]}}],"collection":[{"href":"https:\/\/tibladin.dk\/nl\/wp-json\/wp\/v2\/product"}],"about":[{"href":"https:\/\/tibladin.dk\/nl\/wp-json\/wp\/v2\/types\/product"}],"wp:featuredmedia":[{"embeddable":true,"href":"https:\/\/tibladin.dk\/nl\/wp-json\/wp\/v2\/media\/38222"}],"wp:attachment":[{"href":"https:\/\/tibladin.dk\/nl\/wp-json\/wp\/v2\/media?parent=38249"}],"wp:term":[{"taxonomy":"product_brand","embeddable":true,"href":"https:\/\/tibladin.dk\/nl\/wp-json\/wp\/v2\/product_brand?post=38249"},{"taxonomy":"product_cat","embeddable":true,"href":"https:\/\/tibladin.dk\/nl\/wp-json\/wp\/v2\/product_cat?post=38249"},{"taxonomy":"product_tag","embeddable":true,"href":"https:\/\/tibladin.dk\/nl\/wp-json\/wp\/v2\/product_tag?post=38249"}],"curies":[{"name":"wp","href":"https:\/\/api.w.org\/{rel}","templated":true}]}}