{"id":38251,"date":"2025-07-10T15:28:41","date_gmt":"2025-07-10T13:28:41","guid":{"rendered":"https:\/\/tibladin.dk\/?post_type=product&#038;p=38251"},"modified":"2026-03-04T17:03:42","modified_gmt":"2026-03-04T16:03:42","slug":"roze-jurk-maat-m","status":"publish","type":"product","link":"https:\/\/tibladin.dk\/nl\/produkt\/kjole-rosa-str-m\/","title":{"rendered":"Jurk ROZE maat M"},"content":{"rendered":"<div class=\"wpb-content-wrapper\"><div class=\"vc_row wpb_row vc_row-fluid\"><div class=\"wpb_column vc_column_container vc_col-sm-4\"><div class=\"vc_column-inner\"><div class=\"wpb_wrapper\"><\/div><\/div><\/div><div class=\"wpb_column vc_column_container vc_col-sm-4\"><div class=\"vc_column-inner\"><div class=\"wpb_wrapper\"><h3 style=\"text-align: left\" class=\"vc_custom_heading vc_do_custom_heading\" >Onderhoud<\/h3>\n\t<div class=\"wpb_text_column wpb_content_element\" >\n\t\t<div class=\"wpb_wrapper\">\n\t\t\t<p>De jurken zijn gemaakt van 100% katoen en kunnen daarom in de wasmachine gewassen worden tot 40 graden. We raden ook aan om de tunieken te stomen\/strijken om kreukels en vouwen te voorkomen.<\/p>\n\n\t\t<\/div>\n\t<\/div>\n<\/div><\/div><\/div><div class=\"wpb_column vc_column_container vc_col-sm-4\"><div class=\"vc_column-inner\"><div class=\"wpb_wrapper\"><h3 style=\"text-align: left\" class=\"vc_custom_heading vc_do_custom_heading\" >Het verhaal erachter<\/h3>\n\t<div class=\"wpb_text_column wpb_content_element\" >\n\t\t<div class=\"wpb_wrapper\">\n\t\t\t<p>Deze prachtige Marokkaanse jurken zijn met de hand genaaid van 100% katoen en zitten vol leven en kleur. De jurken worden gemaakt in samenwerking met een ontwerper en kleermaker in Marrakech, en samen hebben we de kleuren, materialen en patronen voor elke jurk zorgvuldig geselecteerd. Daarom zijn ze ook volledig uniek - er is er maar \u00e9\u00e9n van elk, en deze ontwerpen zijn nergens anders te vinden. De pasvorm van de prachtige jurken is losjes en comfortabel, maar tegelijkertijd flatterend en heerlijk. De jurk kan thuis, op kantoor en voor een uitstapje naar het strand of terras op een warme zomerdag gedragen worden.<\/p>\n\n\t\t<\/div>\n\t<\/div>\n<\/div><\/div><\/div><\/div>\n<\/div>","protected":false},"excerpt":{"rendered":"<p>De jurk is met de hand genaaid in Marokko, van 100% katoen, en heeft fijne streepjes in roze, bruin en wit.<\/p>\n<p>ROSA is jouw nieuwe favoriete jurk voor zowel alledaagse luxe als relaxte zomermomenten. Gemaakt van licht en luchtig katoen met subtiele rozerode strepen. De jurk heeft een losse, relaxte pasvorm met verlaagde schouders en prachtig geconstrueerde mouwen, die zijn afgewerkt met een elegante manchet en een kleine, discrete plooi. De jurk heeft ook ruime zakken. De V-hals en open kraag zorgen voor een open, flatterende snit, terwijl de strik in de taille je de vrijheid geeft om de jurk te stylen zoals je wilt - casual of opvallend.<\/p>\n<p class=\"p1\">Alle jurken van Tibladin worden gemaakt in samenwerking met een ontwerper en kleermaker in Marrakech, en elk ontwerp is volkomen uniek.<\/p>\n<p>ROZE: | Mouwlengte vanaf de hals: 60 cm | Taille: 60 cm | Lengte voorkant: 110 cm | Lengte achterkant: 125 cm | Halslijn: 16 | Strik: 158 cm |<\/p>\n<p>&nbsp;<\/p>\n<p>&nbsp;<\/p>","protected":false},"featured_media":38246,"template":"","meta":{"inline_featured_image":false},"product_brand":[],"product_cat":[27,109],"product_tag":[],"class_list":{"0":"post-38251","1":"product","2":"type-product","3":"status-publish","4":"has-post-thumbnail","6":"product_cat-diverse","7":"product_cat-kjoler","9":"first","10":"outofstock","11":"taxable","12":"shipping-taxable","13":"purchasable","14":"product-type-simple"},"exclude_global_add_ons":false,"addons":[{"name":"Wilt u een cadeauverpakking?","type":"checkbox","position":0,"required":false,"title_format":"label","default":"","description_enable":false,"description":"","placeholder_enable":false,"placeholder":"","display":"images","restrictions_type":"any_text","adjust_price":false,"price":"","price_type":"flat_fee","restrictions":false,"min":"0","max":"0","options":[{"label":"Ja tak","price":"10","price_type":"flat_fee","image":11015,"visibility":true}],"id":1669646111}],"yoast_head":"<!-- This site is optimized with the Yoast SEO plugin v27.4 - https:\/\/yoast.com\/product\/yoast-seo-wordpress\/ -->\n<title>H\u00e5ndsyet kjole fra Marokko | Rosa &amp; hvide striber | Tibladin |<\/title>\n<meta name=\"description\" content=\"Smuk h\u00e5ndsyede kjole i 100% bomuld. Udviklet i samarbejde med designer og skr\u00e6dder i Marrakech. Hel unik, elegant og afslappet kjole.\" \/>\n<meta name=\"robots\" content=\"index, follow, max-snippet:-1, max-image-preview:large, max-video-preview:-1\" \/>\n<link rel=\"canonical\" href=\"https:\/\/tibladin.dk\/nl\/product-2\/roze-jurk-maat-m\/\" \/>\n<meta property=\"og:locale\" content=\"nl_NL\" \/>\n<meta property=\"og:type\" content=\"article\" \/>\n<meta property=\"og:title\" content=\"H\u00e5ndsyet kjole fra Marokko | Rosa &amp; hvide striber | Tibladin |\" \/>\n<meta property=\"og:description\" content=\"Smuk h\u00e5ndsyede kjole i 100% bomuld. Udviklet i samarbejde med designer og skr\u00e6dder i Marrakech. Hel unik, elegant og afslappet kjole.\" \/>\n<meta property=\"og:url\" content=\"https:\/\/tibladin.dk\/nl\/product-2\/roze-jurk-maat-m\/\" \/>\n<meta property=\"og:site_name\" content=\"Tibladin\" \/>\n<meta property=\"article:modified_time\" content=\"2026-03-04T16:03:42+00:00\" \/>\n<meta property=\"og:image\" content=\"https:\/\/tibladin.dk\/wp-content\/uploads\/2025\/07\/Kjole_Rosa_6.jpg\" \/>\n\t<meta property=\"og:image:width\" content=\"800\" \/>\n\t<meta property=\"og:image:height\" content=\"800\" \/>\n\t<meta property=\"og:image:type\" content=\"image\/jpeg\" \/>\n<meta name=\"twitter:card\" content=\"summary_large_image\" \/>\n<meta name=\"twitter:label1\" content=\"Geschatte leestijd\" \/>\n\t<meta name=\"twitter:data1\" content=\"2 minuten\" \/>\n<script type=\"application\/ld+json\" class=\"yoast-schema-graph\">{\"@context\":\"https:\\\/\\\/schema.org\",\"@graph\":[{\"@type\":\"WebPage\",\"@id\":\"https:\\\/\\\/tibladin.dk\\\/produkt\\\/kjole-rosa-str-m\\\/\",\"url\":\"https:\\\/\\\/tibladin.dk\\\/produkt\\\/kjole-rosa-str-m\\\/\",\"name\":\"H\u00e5ndsyet kjole fra Marokko | Rosa & hvide striber | Tibladin |\",\"isPartOf\":{\"@id\":\"https:\\\/\\\/tibladin.dk\\\/#website\"},\"primaryImageOfPage\":{\"@id\":\"https:\\\/\\\/tibladin.dk\\\/produkt\\\/kjole-rosa-str-m\\\/#primaryimage\"},\"image\":{\"@id\":\"https:\\\/\\\/tibladin.dk\\\/produkt\\\/kjole-rosa-str-m\\\/#primaryimage\"},\"thumbnailUrl\":\"https:\\\/\\\/tibladin.dk\\\/wp-content\\\/uploads\\\/2025\\\/07\\\/Kjole_Rosa_6.jpg\",\"datePublished\":\"2025-07-10T13:28:41+00:00\",\"dateModified\":\"2026-03-04T16:03:42+00:00\",\"description\":\"Smuk h\u00e5ndsyede kjole i 100% bomuld. Udviklet i samarbejde med designer og skr\u00e6dder i Marrakech. Hel unik, elegant og afslappet kjole.\",\"breadcrumb\":{\"@id\":\"https:\\\/\\\/tibladin.dk\\\/produkt\\\/kjole-rosa-str-m\\\/#breadcrumb\"},\"inLanguage\":\"nl-NL\",\"potentialAction\":[{\"@type\":\"ReadAction\",\"target\":[\"https:\\\/\\\/tibladin.dk\\\/produkt\\\/kjole-rosa-str-m\\\/\"]}]},{\"@type\":\"ImageObject\",\"inLanguage\":\"nl-NL\",\"@id\":\"https:\\\/\\\/tibladin.dk\\\/produkt\\\/kjole-rosa-str-m\\\/#primaryimage\",\"url\":\"https:\\\/\\\/tibladin.dk\\\/wp-content\\\/uploads\\\/2025\\\/07\\\/Kjole_Rosa_6.jpg\",\"contentUrl\":\"https:\\\/\\\/tibladin.dk\\\/wp-content\\\/uploads\\\/2025\\\/07\\\/Kjole_Rosa_6.jpg\",\"width\":800,\"height\":800,\"caption\":\"Kjole rosa 6\"},{\"@type\":\"BreadcrumbList\",\"@id\":\"https:\\\/\\\/tibladin.dk\\\/produkt\\\/kjole-rosa-str-m\\\/#breadcrumb\",\"itemListElement\":[{\"@type\":\"ListItem\",\"position\":1,\"name\":\"Hjem\",\"item\":\"https:\\\/\\\/tibladin.dk\\\/\"},{\"@type\":\"ListItem\",\"position\":2,\"name\":\"Shop\",\"item\":\"https:\\\/\\\/tibladin.dk\\\/shop\\\/\"},{\"@type\":\"ListItem\",\"position\":3,\"name\":\"Kjole ROSA str. M\"}]},{\"@type\":\"WebSite\",\"@id\":\"https:\\\/\\\/tibladin.dk\\\/#website\",\"url\":\"https:\\\/\\\/tibladin.dk\\\/\",\"name\":\"Tibladin\",\"description\":\"Tibladin\",\"publisher\":{\"@id\":\"https:\\\/\\\/tibladin.dk\\\/#organization\"},\"potentialAction\":[{\"@type\":\"SearchAction\",\"target\":{\"@type\":\"EntryPoint\",\"urlTemplate\":\"https:\\\/\\\/tibladin.dk\\\/?s={search_term_string}\"},\"query-input\":{\"@type\":\"PropertyValueSpecification\",\"valueRequired\":true,\"valueName\":\"search_term_string\"}}],\"inLanguage\":\"nl-NL\"},{\"@type\":\"Organization\",\"@id\":\"https:\\\/\\\/tibladin.dk\\\/#organization\",\"name\":\"Tibladin\",\"url\":\"https:\\\/\\\/tibladin.dk\\\/\",\"logo\":{\"@type\":\"ImageObject\",\"inLanguage\":\"nl-NL\",\"@id\":\"https:\\\/\\\/tibladin.dk\\\/#\\\/schema\\\/logo\\\/image\\\/\",\"url\":\"https:\\\/\\\/tibladin.dk\\\/wp-content\\\/uploads\\\/2022\\\/09\\\/tibladin_logo.svg\",\"contentUrl\":\"https:\\\/\\\/tibladin.dk\\\/wp-content\\\/uploads\\\/2022\\\/09\\\/tibladin_logo.svg\",\"caption\":\"Tibladin\"},\"image\":{\"@id\":\"https:\\\/\\\/tibladin.dk\\\/#\\\/schema\\\/logo\\\/image\\\/\"}}]}<\/script>\n<!-- \/ Yoast SEO plugin. -->","yoast_head_json":{"title":"Handgemaakte jurk uit Marokko | Roze &amp; witte strepen | Tibladin |","description":"Prachtige handgenaaide jurk van 100% katoen. Ontwikkeld in samenwerking met een ontwerper en kleermaker in Marrakech. Een volledig unieke, elegante en relaxte jurk.","robots":{"index":"index","follow":"follow","max-snippet":"max-snippet:-1","max-image-preview":"max-image-preview:large","max-video-preview":"max-video-preview:-1"},"canonical":"https:\/\/tibladin.dk\/nl\/product-2\/roze-jurk-maat-m\/","og_locale":"nl_NL","og_type":"article","og_title":"H\u00e5ndsyet kjole fra Marokko | Rosa & hvide striber | Tibladin |","og_description":"Smuk h\u00e5ndsyede kjole i 100% bomuld. Udviklet i samarbejde med designer og skr\u00e6dder i Marrakech. Hel unik, elegant og afslappet kjole.","og_url":"https:\/\/tibladin.dk\/nl\/product-2\/roze-jurk-maat-m\/","og_site_name":"Tibladin","article_modified_time":"2026-03-04T16:03:42+00:00","og_image":[{"width":800,"height":800,"url":"https:\/\/tibladin.dk\/wp-content\/uploads\/2025\/07\/Kjole_Rosa_6.jpg","type":"image\/jpeg"}],"twitter_card":"summary_large_image","twitter_misc":{"Geschatte leestijd":"2 minuten"},"schema":{"@context":"https:\/\/schema.org","@graph":[{"@type":"WebPage","@id":"https:\/\/tibladin.dk\/produkt\/kjole-rosa-str-m\/","url":"https:\/\/tibladin.dk\/produkt\/kjole-rosa-str-m\/","name":"Handgemaakte jurk uit Marokko | Roze &amp; witte strepen | Tibladin |","isPartOf":{"@id":"https:\/\/tibladin.dk\/#website"},"primaryImageOfPage":{"@id":"https:\/\/tibladin.dk\/produkt\/kjole-rosa-str-m\/#primaryimage"},"image":{"@id":"https:\/\/tibladin.dk\/produkt\/kjole-rosa-str-m\/#primaryimage"},"thumbnailUrl":"https:\/\/tibladin.dk\/wp-content\/uploads\/2025\/07\/Kjole_Rosa_6.jpg","datePublished":"2025-07-10T13:28:41+00:00","dateModified":"2026-03-04T16:03:42+00:00","description":"Prachtige handgenaaide jurk van 100% katoen. Ontwikkeld in samenwerking met een ontwerper en kleermaker in Marrakech. Een volledig unieke, elegante en relaxte jurk.","breadcrumb":{"@id":"https:\/\/tibladin.dk\/produkt\/kjole-rosa-str-m\/#breadcrumb"},"inLanguage":"nl-NL","potentialAction":[{"@type":"ReadAction","target":["https:\/\/tibladin.dk\/produkt\/kjole-rosa-str-m\/"]}]},{"@type":"ImageObject","inLanguage":"nl-NL","@id":"https:\/\/tibladin.dk\/produkt\/kjole-rosa-str-m\/#primaryimage","url":"https:\/\/tibladin.dk\/wp-content\/uploads\/2025\/07\/Kjole_Rosa_6.jpg","contentUrl":"https:\/\/tibladin.dk\/wp-content\/uploads\/2025\/07\/Kjole_Rosa_6.jpg","width":800,"height":800,"caption":"Kjole rosa 6"},{"@type":"BreadcrumbList","@id":"https:\/\/tibladin.dk\/produkt\/kjole-rosa-str-m\/#breadcrumb","itemListElement":[{"@type":"ListItem","position":1,"name":"Hjem","item":"https:\/\/tibladin.dk\/"},{"@type":"ListItem","position":2,"name":"Shop","item":"https:\/\/tibladin.dk\/shop\/"},{"@type":"ListItem","position":3,"name":"Kjole ROSA str. M"}]},{"@type":"WebSite","@id":"https:\/\/tibladin.dk\/#website","url":"https:\/\/tibladin.dk\/","name":"Tibladin","description":"Tibladin","publisher":{"@id":"https:\/\/tibladin.dk\/#organization"},"potentialAction":[{"@type":"SearchAction","target":{"@type":"EntryPoint","urlTemplate":"https:\/\/tibladin.dk\/?s={search_term_string}"},"query-input":{"@type":"PropertyValueSpecification","valueRequired":true,"valueName":"search_term_string"}}],"inLanguage":"nl-NL"},{"@type":"Organization","@id":"https:\/\/tibladin.dk\/#organization","name":"Tibladin","url":"https:\/\/tibladin.dk\/","logo":{"@type":"ImageObject","inLanguage":"nl-NL","@id":"https:\/\/tibladin.dk\/#\/schema\/logo\/image\/","url":"https:\/\/tibladin.dk\/wp-content\/uploads\/2022\/09\/tibladin_logo.svg","contentUrl":"https:\/\/tibladin.dk\/wp-content\/uploads\/2022\/09\/tibladin_logo.svg","caption":"Tibladin"},"image":{"@id":"https:\/\/tibladin.dk\/#\/schema\/logo\/image\/"}}]}},"_links":{"self":[{"href":"https:\/\/tibladin.dk\/nl\/wp-json\/wp\/v2\/product\/38251","targetHints":{"allow":["GET"]}}],"collection":[{"href":"https:\/\/tibladin.dk\/nl\/wp-json\/wp\/v2\/product"}],"about":[{"href":"https:\/\/tibladin.dk\/nl\/wp-json\/wp\/v2\/types\/product"}],"wp:featuredmedia":[{"embeddable":true,"href":"https:\/\/tibladin.dk\/nl\/wp-json\/wp\/v2\/media\/38246"}],"wp:attachment":[{"href":"https:\/\/tibladin.dk\/nl\/wp-json\/wp\/v2\/media?parent=38251"}],"wp:term":[{"taxonomy":"product_brand","embeddable":true,"href":"https:\/\/tibladin.dk\/nl\/wp-json\/wp\/v2\/product_brand?post=38251"},{"taxonomy":"product_cat","embeddable":true,"href":"https:\/\/tibladin.dk\/nl\/wp-json\/wp\/v2\/product_cat?post=38251"},{"taxonomy":"product_tag","embeddable":true,"href":"https:\/\/tibladin.dk\/nl\/wp-json\/wp\/v2\/product_tag?post=38251"}],"curies":[{"name":"wp","href":"https:\/\/api.w.org\/{rel}","templated":true}]}}