{"id":38541,"date":"2025-07-16T14:40:18","date_gmt":"2025-07-16T12:40:18","guid":{"rendered":"https:\/\/tibladin.dk\/?post_type=product&#038;p=38541"},"modified":"2025-07-16T16:31:57","modified_gmt":"2025-07-16T14:31:57","slug":"klein-gevlochten-tasje-met-gekleurd-leer","status":"publish","type":"product","link":"https:\/\/tibladin.dk\/nl\/produkt\/lille-flet-taske-m-farvet-laeder\/","title":{"rendered":"Klein gevlochten tasje met gekleurd leer"},"content":{"rendered":"<div class=\"wpb-content-wrapper\"><div class=\"vc_row wpb_row vc_row-fluid\"><div class=\"wpb_column vc_column_container vc_col-sm-4\"><div class=\"vc_column-inner\"><div class=\"wpb_wrapper\"><\/div><\/div><\/div><div class=\"wpb_column vc_column_container vc_col-sm-4\"><div class=\"vc_column-inner\"><div class=\"wpb_wrapper\"><h3 style=\"text-align: left\" class=\"vc_custom_heading vc_do_custom_heading\" >Onderhoud<\/h3>\n\t<div class=\"wpb_text_column wpb_content_element\" >\n\t\t<div class=\"wpb_wrapper\">\n\t\t\t<p>Reinigingsrieten kunnen worden gestofzuigd. Het leer kan voorzien worden van leervet.<\/p>\n<p>De tassen zijn uniek en handgemaakt en er kunnen kleine onvolkomenheden in voorkomen die alleen maar charmant zijn.<\/p>\n\n\t\t<\/div>\n\t<\/div>\n<\/div><\/div><\/div><div class=\"wpb_column vc_column_container vc_col-sm-4\"><div class=\"vc_column-inner\"><div class=\"wpb_wrapper\"><h3 style=\"text-align: left\" class=\"vc_custom_heading vc_do_custom_heading\" >Het verhaal erachter<\/h3>\n\t<div class=\"wpb_text_column wpb_content_element\" >\n\t\t<div class=\"wpb_wrapper\">\n\t\t\t<p>Een mooie tas kan je outfit opfleuren. Ik werd verliefd op deze mooie tassen, gemaakt van stevig, duurzaam riet en leer van goede kwaliteit. Ze zijn gevoerd met stof voor betere bescherming van je spullen.<\/p>\n<p>De taxi&#039;s zijn handgemaakt door vrouwen van een vrouwenco\u00f6peratie ten zuiden van Marrakech, waar fanatiekelingen hun leven hebben gewijd aan het verbeteren van de levensstandaard van veel gezinnen in het kleine dorp, door de vrouwen werk aan te bieden en tegelijkertijd een zorgsysteem en school aan te bieden. voor de vrouwenkinderen.<\/p>\n\n\t\t<\/div>\n\t<\/div>\n<\/div><\/div><\/div><\/div>\n<\/div>","protected":false},"excerpt":{"rendered":"<p class=\"p1\"><span class=\"s1\">Handgemaakte tas van sterk riet, met prachtige leren details, in 4 verschillende kleuren.<\/span><\/p>\n<p>De band is gemaakt van kwaliteitsleer en is afneembaar. De band is verstelbaar en kan daardoor in 5 verschillende lengtes worden versteld.<\/p>\n<p class=\"p1\">AFMETINGEN: | Diepte\/Hoogte: 18 cm | Breedte: 24 cm | Band: 128-118 cm | Handvat: 8 cm |<\/p>\n<p class=\"p1\"><span class=\"s1\">Zijn zowel mooi voor het dagelijks leven als voor feestjes of een uitstapje naar het strand.<\/span><\/p>\n<p>&nbsp;<\/p>","protected":false},"featured_media":38544,"template":"","meta":{"inline_featured_image":false},"product_brand":[],"product_cat":[27,35,36,31,32],"product_tag":[],"class_list":{"0":"post-38541","1":"product","2":"type-product","3":"status-publish","4":"has-post-thumbnail","6":"product_cat-diverse","7":"product_cat-gaven-til-hende","8":"product_cat-gaver-til-under-500-kr","9":"product_cat-tasker","10":"product_cat-tilbud","12":"first","13":"instock","14":"taxable","15":"shipping-taxable","16":"purchasable","17":"product-type-variable"},"exclude_global_add_ons":false,"addons":[{"name":"Wilt u een cadeauverpakking?","type":"checkbox","position":0,"required":false,"title_format":"label","default":"","description_enable":false,"description":"","placeholder_enable":false,"placeholder":"","display":"images","restrictions_type":"any_text","adjust_price":false,"price":"","price_type":"flat_fee","restrictions":false,"min":"0","max":"0","options":[{"label":"Ja tak","price":"10","price_type":"flat_fee","image":11015,"visibility":true}],"id":1669646111}],"yoast_head":"<!-- This site is optimized with the Yoast SEO plugin v27.4 - https:\/\/yoast.com\/product\/yoast-seo-wordpress\/ -->\n<title>H\u00e5ndlavet taske i siv med farvet l\u00e6der |\u00a0 Tibladin<\/title>\n<meta name=\"description\" content=\"H\u00e5ndlavede tasker i siv med l\u00e6der i smukke farver. Taskerne f\u00e5es 4 forskellige farver. Perfekt til strandturen, byen, cafetur og meget mere.\" \/>\n<meta name=\"robots\" content=\"index, follow, max-snippet:-1, max-image-preview:large, max-video-preview:-1\" \/>\n<link rel=\"canonical\" href=\"https:\/\/tibladin.dk\/nl\/product-2\/klein-gevlochten-tasje-met-gekleurd-leer\/\" \/>\n<meta property=\"og:locale\" content=\"nl_NL\" \/>\n<meta property=\"og:type\" content=\"article\" \/>\n<meta property=\"og:title\" content=\"H\u00e5ndlavet taske i siv med farvet l\u00e6der |\u00a0 Tibladin\" \/>\n<meta property=\"og:description\" content=\"H\u00e5ndlavede tasker i siv med l\u00e6der i smukke farver. Taskerne f\u00e5es 4 forskellige farver. Perfekt til strandturen, byen, cafetur og meget mere.\" \/>\n<meta property=\"og:url\" content=\"https:\/\/tibladin.dk\/nl\/product-2\/klein-gevlochten-tasje-met-gekleurd-leer\/\" \/>\n<meta property=\"og:site_name\" content=\"Tibladin\" \/>\n<meta property=\"article:modified_time\" content=\"2025-07-16T14:31:57+00:00\" \/>\n<meta property=\"og:image\" content=\"https:\/\/tibladin.dk\/wp-content\/uploads\/2025\/07\/Tasker-i-flet-og-laeder_alle-farver_2.jpg\" \/>\n\t<meta property=\"og:image:width\" content=\"800\" \/>\n\t<meta property=\"og:image:height\" content=\"800\" \/>\n\t<meta property=\"og:image:type\" content=\"image\/jpeg\" \/>\n<meta name=\"twitter:card\" content=\"summary_large_image\" \/>\n<meta name=\"twitter:label1\" content=\"Geschatte leestijd\" \/>\n\t<meta name=\"twitter:data1\" content=\"2 minuten\" \/>\n<script type=\"application\/ld+json\" class=\"yoast-schema-graph\">{\"@context\":\"https:\\\/\\\/schema.org\",\"@graph\":[{\"@type\":\"WebPage\",\"@id\":\"https:\\\/\\\/tibladin.dk\\\/produkt\\\/lille-flet-taske-m-farvet-laeder\\\/\",\"url\":\"https:\\\/\\\/tibladin.dk\\\/produkt\\\/lille-flet-taske-m-farvet-laeder\\\/\",\"name\":\"H\u00e5ndlavet taske i siv med farvet l\u00e6der |\u00a0 Tibladin\",\"isPartOf\":{\"@id\":\"https:\\\/\\\/tibladin.dk\\\/#website\"},\"primaryImageOfPage\":{\"@id\":\"https:\\\/\\\/tibladin.dk\\\/produkt\\\/lille-flet-taske-m-farvet-laeder\\\/#primaryimage\"},\"image\":{\"@id\":\"https:\\\/\\\/tibladin.dk\\\/produkt\\\/lille-flet-taske-m-farvet-laeder\\\/#primaryimage\"},\"thumbnailUrl\":\"https:\\\/\\\/tibladin.dk\\\/wp-content\\\/uploads\\\/2025\\\/07\\\/Tasker-i-flet-og-laeder_alle-farver_2.jpg\",\"datePublished\":\"2025-07-16T12:40:18+00:00\",\"dateModified\":\"2025-07-16T14:31:57+00:00\",\"description\":\"H\u00e5ndlavede tasker i siv med l\u00e6der i smukke farver. Taskerne f\u00e5es 4 forskellige farver. Perfekt til strandturen, byen, cafetur og meget mere.\",\"breadcrumb\":{\"@id\":\"https:\\\/\\\/tibladin.dk\\\/produkt\\\/lille-flet-taske-m-farvet-laeder\\\/#breadcrumb\"},\"inLanguage\":\"nl-NL\",\"potentialAction\":[{\"@type\":\"ReadAction\",\"target\":[\"https:\\\/\\\/tibladin.dk\\\/produkt\\\/lille-flet-taske-m-farvet-laeder\\\/\"]}]},{\"@type\":\"ImageObject\",\"inLanguage\":\"nl-NL\",\"@id\":\"https:\\\/\\\/tibladin.dk\\\/produkt\\\/lille-flet-taske-m-farvet-laeder\\\/#primaryimage\",\"url\":\"https:\\\/\\\/tibladin.dk\\\/wp-content\\\/uploads\\\/2025\\\/07\\\/Tasker-i-flet-og-laeder_alle-farver_2.jpg\",\"contentUrl\":\"https:\\\/\\\/tibladin.dk\\\/wp-content\\\/uploads\\\/2025\\\/07\\\/Tasker-i-flet-og-laeder_alle-farver_2.jpg\",\"width\":800,\"height\":800,\"caption\":\"alle\"},{\"@type\":\"BreadcrumbList\",\"@id\":\"https:\\\/\\\/tibladin.dk\\\/produkt\\\/lille-flet-taske-m-farvet-laeder\\\/#breadcrumb\",\"itemListElement\":[{\"@type\":\"ListItem\",\"position\":1,\"name\":\"Hjem\",\"item\":\"https:\\\/\\\/tibladin.dk\\\/\"},{\"@type\":\"ListItem\",\"position\":2,\"name\":\"Shop\",\"item\":\"https:\\\/\\\/tibladin.dk\\\/shop\\\/\"},{\"@type\":\"ListItem\",\"position\":3,\"name\":\"Lille flet taske m. farvet l\u00e6der\"}]},{\"@type\":\"WebSite\",\"@id\":\"https:\\\/\\\/tibladin.dk\\\/#website\",\"url\":\"https:\\\/\\\/tibladin.dk\\\/\",\"name\":\"Tibladin\",\"description\":\"Tibladin\",\"publisher\":{\"@id\":\"https:\\\/\\\/tibladin.dk\\\/#organization\"},\"potentialAction\":[{\"@type\":\"SearchAction\",\"target\":{\"@type\":\"EntryPoint\",\"urlTemplate\":\"https:\\\/\\\/tibladin.dk\\\/?s={search_term_string}\"},\"query-input\":{\"@type\":\"PropertyValueSpecification\",\"valueRequired\":true,\"valueName\":\"search_term_string\"}}],\"inLanguage\":\"nl-NL\"},{\"@type\":\"Organization\",\"@id\":\"https:\\\/\\\/tibladin.dk\\\/#organization\",\"name\":\"Tibladin\",\"url\":\"https:\\\/\\\/tibladin.dk\\\/\",\"logo\":{\"@type\":\"ImageObject\",\"inLanguage\":\"nl-NL\",\"@id\":\"https:\\\/\\\/tibladin.dk\\\/#\\\/schema\\\/logo\\\/image\\\/\",\"url\":\"https:\\\/\\\/tibladin.dk\\\/wp-content\\\/uploads\\\/2022\\\/09\\\/tibladin_logo.svg\",\"contentUrl\":\"https:\\\/\\\/tibladin.dk\\\/wp-content\\\/uploads\\\/2022\\\/09\\\/tibladin_logo.svg\",\"caption\":\"Tibladin\"},\"image\":{\"@id\":\"https:\\\/\\\/tibladin.dk\\\/#\\\/schema\\\/logo\\\/image\\\/\"}}]}<\/script>\n<!-- \/ Yoast SEO plugin. -->","yoast_head_json":{"title":"Handgemaakte tas van riet met gekleurd leer | Tibladin","description":"Handgemaakte tassen van riet met leer in prachtige kleuren. De tassen zijn verkrijgbaar in vier verschillende kleuren. Perfect voor een dagje strand, de stad, een terrasje en nog veel meer.","robots":{"index":"index","follow":"follow","max-snippet":"max-snippet:-1","max-image-preview":"max-image-preview:large","max-video-preview":"max-video-preview:-1"},"canonical":"https:\/\/tibladin.dk\/nl\/product-2\/klein-gevlochten-tasje-met-gekleurd-leer\/","og_locale":"nl_NL","og_type":"article","og_title":"H\u00e5ndlavet taske i siv med farvet l\u00e6der |\u00a0 Tibladin","og_description":"H\u00e5ndlavede tasker i siv med l\u00e6der i smukke farver. Taskerne f\u00e5es 4 forskellige farver. Perfekt til strandturen, byen, cafetur og meget mere.","og_url":"https:\/\/tibladin.dk\/nl\/product-2\/klein-gevlochten-tasje-met-gekleurd-leer\/","og_site_name":"Tibladin","article_modified_time":"2025-07-16T14:31:57+00:00","og_image":[{"width":800,"height":800,"url":"https:\/\/tibladin.dk\/wp-content\/uploads\/2025\/07\/Tasker-i-flet-og-laeder_alle-farver_2.jpg","type":"image\/jpeg"}],"twitter_card":"summary_large_image","twitter_misc":{"Geschatte leestijd":"2 minuten"},"schema":{"@context":"https:\/\/schema.org","@graph":[{"@type":"WebPage","@id":"https:\/\/tibladin.dk\/produkt\/lille-flet-taske-m-farvet-laeder\/","url":"https:\/\/tibladin.dk\/produkt\/lille-flet-taske-m-farvet-laeder\/","name":"Handgemaakte tas van riet met gekleurd leer | Tibladin","isPartOf":{"@id":"https:\/\/tibladin.dk\/#website"},"primaryImageOfPage":{"@id":"https:\/\/tibladin.dk\/produkt\/lille-flet-taske-m-farvet-laeder\/#primaryimage"},"image":{"@id":"https:\/\/tibladin.dk\/produkt\/lille-flet-taske-m-farvet-laeder\/#primaryimage"},"thumbnailUrl":"https:\/\/tibladin.dk\/wp-content\/uploads\/2025\/07\/Tasker-i-flet-og-laeder_alle-farver_2.jpg","datePublished":"2025-07-16T12:40:18+00:00","dateModified":"2025-07-16T14:31:57+00:00","description":"Handgemaakte tassen van riet met leer in prachtige kleuren. De tassen zijn verkrijgbaar in vier verschillende kleuren. Perfect voor een dagje strand, de stad, een terrasje en nog veel meer.","breadcrumb":{"@id":"https:\/\/tibladin.dk\/produkt\/lille-flet-taske-m-farvet-laeder\/#breadcrumb"},"inLanguage":"nl-NL","potentialAction":[{"@type":"ReadAction","target":["https:\/\/tibladin.dk\/produkt\/lille-flet-taske-m-farvet-laeder\/"]}]},{"@type":"ImageObject","inLanguage":"nl-NL","@id":"https:\/\/tibladin.dk\/produkt\/lille-flet-taske-m-farvet-laeder\/#primaryimage","url":"https:\/\/tibladin.dk\/wp-content\/uploads\/2025\/07\/Tasker-i-flet-og-laeder_alle-farver_2.jpg","contentUrl":"https:\/\/tibladin.dk\/wp-content\/uploads\/2025\/07\/Tasker-i-flet-og-laeder_alle-farver_2.jpg","width":800,"height":800,"caption":"alle"},{"@type":"BreadcrumbList","@id":"https:\/\/tibladin.dk\/produkt\/lille-flet-taske-m-farvet-laeder\/#breadcrumb","itemListElement":[{"@type":"ListItem","position":1,"name":"Hjem","item":"https:\/\/tibladin.dk\/"},{"@type":"ListItem","position":2,"name":"Shop","item":"https:\/\/tibladin.dk\/shop\/"},{"@type":"ListItem","position":3,"name":"Lille flet taske m. farvet l\u00e6der"}]},{"@type":"WebSite","@id":"https:\/\/tibladin.dk\/#website","url":"https:\/\/tibladin.dk\/","name":"Tibladin","description":"Tibladin","publisher":{"@id":"https:\/\/tibladin.dk\/#organization"},"potentialAction":[{"@type":"SearchAction","target":{"@type":"EntryPoint","urlTemplate":"https:\/\/tibladin.dk\/?s={search_term_string}"},"query-input":{"@type":"PropertyValueSpecification","valueRequired":true,"valueName":"search_term_string"}}],"inLanguage":"nl-NL"},{"@type":"Organization","@id":"https:\/\/tibladin.dk\/#organization","name":"Tibladin","url":"https:\/\/tibladin.dk\/","logo":{"@type":"ImageObject","inLanguage":"nl-NL","@id":"https:\/\/tibladin.dk\/#\/schema\/logo\/image\/","url":"https:\/\/tibladin.dk\/wp-content\/uploads\/2022\/09\/tibladin_logo.svg","contentUrl":"https:\/\/tibladin.dk\/wp-content\/uploads\/2022\/09\/tibladin_logo.svg","caption":"Tibladin"},"image":{"@id":"https:\/\/tibladin.dk\/#\/schema\/logo\/image\/"}}]}},"_links":{"self":[{"href":"https:\/\/tibladin.dk\/nl\/wp-json\/wp\/v2\/product\/38541","targetHints":{"allow":["GET"]}}],"collection":[{"href":"https:\/\/tibladin.dk\/nl\/wp-json\/wp\/v2\/product"}],"about":[{"href":"https:\/\/tibladin.dk\/nl\/wp-json\/wp\/v2\/types\/product"}],"wp:featuredmedia":[{"embeddable":true,"href":"https:\/\/tibladin.dk\/nl\/wp-json\/wp\/v2\/media\/38544"}],"wp:attachment":[{"href":"https:\/\/tibladin.dk\/nl\/wp-json\/wp\/v2\/media?parent=38541"}],"wp:term":[{"taxonomy":"product_brand","embeddable":true,"href":"https:\/\/tibladin.dk\/nl\/wp-json\/wp\/v2\/product_brand?post=38541"},{"taxonomy":"product_cat","embeddable":true,"href":"https:\/\/tibladin.dk\/nl\/wp-json\/wp\/v2\/product_cat?post=38541"},{"taxonomy":"product_tag","embeddable":true,"href":"https:\/\/tibladin.dk\/nl\/wp-json\/wp\/v2\/product_tag?post=38541"}],"curies":[{"name":"wp","href":"https:\/\/api.w.org\/{rel}","templated":true}]}}