{"id":38601,"date":"2025-07-16T16:33:37","date_gmt":"2025-07-16T14:33:37","guid":{"rendered":"https:\/\/tibladin.dk\/?post_type=product&#038;p=38601"},"modified":"2025-07-17T07:35:56","modified_gmt":"2025-07-17T05:35:56","slug":"kussens-van-vintage-tapijt-langwerpig-roos","status":"publish","type":"product","link":"https:\/\/tibladin.dk\/nl\/produkt\/puder-af-vintagetaeppe-aflange-rose\/","title":{"rendered":"Vintage tapijtkussens, langwerpig \u2013 ROSE"},"content":{"rendered":"<div class=\"wpb-content-wrapper\"><div class=\"vc_row wpb_row vc_row-fluid\"><div class=\"wpb_column vc_column_container vc_col-sm-4\"><div class=\"vc_column-inner\"><div class=\"wpb_wrapper\"><\/div><\/div><\/div><div class=\"wpb_column vc_column_container vc_col-sm-4\"><div class=\"vc_column-inner\"><div class=\"wpb_wrapper\"><h3 style=\"text-align: left\" class=\"vc_custom_heading vc_do_custom_heading\" >Onderhoud<\/h3>\n\t<div class=\"wpb_text_column wpb_content_element\" >\n\t\t<div class=\"wpb_wrapper\">\n\t\t\t<p>De kussenslopen zijn gemaakt van vintage wollen Kelim-tapijten met een achterkant van kiria-katoen. Stomerij bij een stomerij. Omdat de hoezen delen van vintage Kelim-tapijten bevatten, zullen er gebruikssporen op zitten, wat slechts een deel van de charme is.<\/p>\n\n\t\t<\/div>\n\t<\/div>\n<\/div><\/div><\/div><div class=\"wpb_column vc_column_container vc_col-sm-4\"><div class=\"vc_column-inner\"><div class=\"wpb_wrapper\"><h3 style=\"text-align: left\" class=\"vc_custom_heading vc_do_custom_heading\" >Het verhaal erachter<\/h3>\n\t<div class=\"wpb_text_column wpb_content_element\" >\n\t\t<div class=\"wpb_wrapper\">\n\t\t\t<p>Deze prachtige handgemaakte kussenhoezen zijn gemaakt van vintage wollen vloerkleden. De voorkant van de kussensloop is van vintage Berbertapijt met een pluche rand, terwijl de achterkant van kiria-katoen is. Hier worden vintage tapijten uit Marokko nieuw leven ingeblazen in een kussenhoes die de warme tinten van het katoen combineert met de prachtige stoffen en patronen van de tapijten. De prachtige vintage tapijten brengen kleuren en spannende patronen in huis en afhankelijk van welk vintage tapijt we hebben gekozen, krijg je een geheel uniek kussen. De kussens passen perfect in het Scandinavische huis, waar de warme kleuren en patronen een eenvoudige en tijdloze stijl complementeren.<\/p>\n<p>De hoezen zijn voorzien van een sterke ritssluiting, zodat ze eenvoudig kunnen worden verwijderd en gereinigd.<\/p>\n<p>De deksels hebben verschillende afmetingen, maar zijn allemaal rechthoekig.<\/p>\n\n\t\t<\/div>\n\t<\/div>\n<\/div><\/div><\/div><\/div>\n<\/div>","protected":false},"excerpt":{"rendered":"<p>Prachtige handgemaakte kussenslopen van een vintage Berbere wollen tapijt in prachtige roze tinten. Hier krijgen vintage tapijten uit Marokko een nieuw leven in een kussensloop. De achterkant is gemaakt van kiria-katoen.<\/p>\n<p>AFMETINGEN: M18: 38\u00d765 | M24: 38\u00d765<\/p>\n<p>De kussenhoezen worden zonder kussens geleverd, maar er kan wel een montagekussen bijgekocht worden.<\/p>\n<p>&nbsp;<\/p>\n<p>&nbsp;<\/p>","protected":false},"featured_media":38572,"template":"","meta":{"inline_featured_image":false},"product_brand":[],"product_cat":[66,163,37],"product_tag":[],"class_list":{"0":"post-38601","1":"product","2":"type-product","3":"status-publish","4":"has-post-thumbnail","6":"product_cat-pudebetraek","7":"product_cat-puder-af-vintagetaepper","8":"product_cat-tekstiler","10":"first","11":"instock","12":"taxable","13":"shipping-taxable","14":"purchasable","15":"product-type-variable"},"exclude_global_add_ons":false,"addons":[{"name":"Wilt u een cadeauverpakking?","type":"checkbox","position":0,"required":false,"title_format":"label","default":"","description_enable":false,"description":"","placeholder_enable":false,"placeholder":"","display":"images","restrictions_type":"any_text","adjust_price":false,"price":"","price_type":"flat_fee","restrictions":false,"min":"0","max":"0","options":[{"label":"Ja tak","price":"10","price_type":"flat_fee","image":11015,"visibility":true}],"id":1669646111},{"name":"Ontvang uw kussensloop geleverd met montagekussen in 100 % katoen en vulling van 100% dons\/veren","type":"checkbox","position":0,"required":false,"title_format":"label","default":"","description_enable":false,"description":"","placeholder_enable":false,"placeholder":"","display":"images","restrictions_type":"any_text","adjust_price":false,"price":"","price_type":"flat_fee","restrictions":false,"min":"0","max":"0","options":[{"label":"Ja tak","price":"125","price_type":"quantity_based","image":11025,"visibility":true}],"id":1760629331}],"yoast_head":"<!-- This site is optimized with the Yoast SEO plugin v27.4 - https:\/\/yoast.com\/product\/yoast-seo-wordpress\/ -->\n<title>Pude med vintage berber vintaget\u00e6pper | H\u00e5ndlavede i Marokko<\/title>\n<meta name=\"description\" content=\"Flotte h\u00e5ndlavede, aflange pudebetr\u00e6k i kiria bomuld og vintage berber Kelimt\u00e6pper i rosa farver. Der er forskellige m\u00e5l p\u00e5 puderne.\" \/>\n<meta name=\"robots\" content=\"index, follow, max-snippet:-1, max-image-preview:large, max-video-preview:-1\" \/>\n<link rel=\"canonical\" href=\"https:\/\/tibladin.dk\/nl\/product-2\/kussens-van-vintage-tapijt-langwerpig-roos\/\" \/>\n<meta property=\"og:locale\" content=\"nl_NL\" \/>\n<meta property=\"og:type\" content=\"article\" \/>\n<meta property=\"og:title\" content=\"Pude med vintage berber vintaget\u00e6pper | H\u00e5ndlavede i Marokko\" \/>\n<meta property=\"og:description\" content=\"Flotte h\u00e5ndlavede, aflange pudebetr\u00e6k i kiria bomuld og vintage berber Kelimt\u00e6pper i rosa farver. Der er forskellige m\u00e5l p\u00e5 puderne.\" \/>\n<meta property=\"og:url\" content=\"https:\/\/tibladin.dk\/nl\/product-2\/kussens-van-vintage-tapijt-langwerpig-roos\/\" \/>\n<meta property=\"og:site_name\" content=\"Tibladin\" \/>\n<meta property=\"article:modified_time\" content=\"2025-07-17T05:35:56+00:00\" \/>\n<meta property=\"og:image\" content=\"https:\/\/tibladin.dk\/wp-content\/uploads\/2025\/07\/ROSE_Motiv-24_4.jpg\" \/>\n\t<meta property=\"og:image:width\" content=\"800\" \/>\n\t<meta property=\"og:image:height\" content=\"800\" \/>\n\t<meta property=\"og:image:type\" content=\"image\/jpeg\" \/>\n<meta name=\"twitter:card\" content=\"summary_large_image\" \/>\n<meta name=\"twitter:label1\" content=\"Geschatte leestijd\" \/>\n\t<meta name=\"twitter:data1\" content=\"2 minuten\" \/>\n<script type=\"application\/ld+json\" class=\"yoast-schema-graph\">{\"@context\":\"https:\\\/\\\/schema.org\",\"@graph\":[{\"@type\":\"WebPage\",\"@id\":\"https:\\\/\\\/tibladin.dk\\\/produkt\\\/puder-af-vintagetaeppe-aflange-rose\\\/\",\"url\":\"https:\\\/\\\/tibladin.dk\\\/produkt\\\/puder-af-vintagetaeppe-aflange-rose\\\/\",\"name\":\"Pude med vintage berber vintaget\u00e6pper | H\u00e5ndlavede i Marokko\",\"isPartOf\":{\"@id\":\"https:\\\/\\\/tibladin.dk\\\/#website\"},\"primaryImageOfPage\":{\"@id\":\"https:\\\/\\\/tibladin.dk\\\/produkt\\\/puder-af-vintagetaeppe-aflange-rose\\\/#primaryimage\"},\"image\":{\"@id\":\"https:\\\/\\\/tibladin.dk\\\/produkt\\\/puder-af-vintagetaeppe-aflange-rose\\\/#primaryimage\"},\"thumbnailUrl\":\"https:\\\/\\\/tibladin.dk\\\/wp-content\\\/uploads\\\/2025\\\/07\\\/ROSE_Motiv-24_4.jpg\",\"datePublished\":\"2025-07-16T14:33:37+00:00\",\"dateModified\":\"2025-07-17T05:35:56+00:00\",\"description\":\"Flotte h\u00e5ndlavede, aflange pudebetr\u00e6k i kiria bomuld og vintage berber Kelimt\u00e6pper i rosa farver. Der er forskellige m\u00e5l p\u00e5 puderne.\",\"breadcrumb\":{\"@id\":\"https:\\\/\\\/tibladin.dk\\\/produkt\\\/puder-af-vintagetaeppe-aflange-rose\\\/#breadcrumb\"},\"inLanguage\":\"nl-NL\",\"potentialAction\":[{\"@type\":\"ReadAction\",\"target\":[\"https:\\\/\\\/tibladin.dk\\\/produkt\\\/puder-af-vintagetaeppe-aflange-rose\\\/\"]}]},{\"@type\":\"ImageObject\",\"inLanguage\":\"nl-NL\",\"@id\":\"https:\\\/\\\/tibladin.dk\\\/produkt\\\/puder-af-vintagetaeppe-aflange-rose\\\/#primaryimage\",\"url\":\"https:\\\/\\\/tibladin.dk\\\/wp-content\\\/uploads\\\/2025\\\/07\\\/ROSE_Motiv-24_4.jpg\",\"contentUrl\":\"https:\\\/\\\/tibladin.dk\\\/wp-content\\\/uploads\\\/2025\\\/07\\\/ROSE_Motiv-24_4.jpg\",\"width\":800,\"height\":800,\"caption\":\"Rose motiv 24 4\"},{\"@type\":\"BreadcrumbList\",\"@id\":\"https:\\\/\\\/tibladin.dk\\\/produkt\\\/puder-af-vintagetaeppe-aflange-rose\\\/#breadcrumb\",\"itemListElement\":[{\"@type\":\"ListItem\",\"position\":1,\"name\":\"Hjem\",\"item\":\"https:\\\/\\\/tibladin.dk\\\/\"},{\"@type\":\"ListItem\",\"position\":2,\"name\":\"Shop\",\"item\":\"https:\\\/\\\/tibladin.dk\\\/shop\\\/\"},{\"@type\":\"ListItem\",\"position\":3,\"name\":\"Puder af vintaget\u00e6ppe aflange &#8211; ROSE\"}]},{\"@type\":\"WebSite\",\"@id\":\"https:\\\/\\\/tibladin.dk\\\/#website\",\"url\":\"https:\\\/\\\/tibladin.dk\\\/\",\"name\":\"Tibladin\",\"description\":\"Tibladin\",\"publisher\":{\"@id\":\"https:\\\/\\\/tibladin.dk\\\/#organization\"},\"potentialAction\":[{\"@type\":\"SearchAction\",\"target\":{\"@type\":\"EntryPoint\",\"urlTemplate\":\"https:\\\/\\\/tibladin.dk\\\/?s={search_term_string}\"},\"query-input\":{\"@type\":\"PropertyValueSpecification\",\"valueRequired\":true,\"valueName\":\"search_term_string\"}}],\"inLanguage\":\"nl-NL\"},{\"@type\":\"Organization\",\"@id\":\"https:\\\/\\\/tibladin.dk\\\/#organization\",\"name\":\"Tibladin\",\"url\":\"https:\\\/\\\/tibladin.dk\\\/\",\"logo\":{\"@type\":\"ImageObject\",\"inLanguage\":\"nl-NL\",\"@id\":\"https:\\\/\\\/tibladin.dk\\\/#\\\/schema\\\/logo\\\/image\\\/\",\"url\":\"https:\\\/\\\/tibladin.dk\\\/wp-content\\\/uploads\\\/2022\\\/09\\\/tibladin_logo.svg\",\"contentUrl\":\"https:\\\/\\\/tibladin.dk\\\/wp-content\\\/uploads\\\/2022\\\/09\\\/tibladin_logo.svg\",\"caption\":\"Tibladin\"},\"image\":{\"@id\":\"https:\\\/\\\/tibladin.dk\\\/#\\\/schema\\\/logo\\\/image\\\/\"}}]}<\/script>\n<!-- \/ Yoast SEO plugin. -->","yoast_head_json":{"title":"Kussen met vintage Berber vintage tapijten | Handgemaakt in Marokko","description":"Prachtige handgemaakte, langwerpige kussenslopen van kiria-katoen en vintage Berber Kelim-tapijten in roze tinten. De kussens zijn verkrijgbaar in verschillende maten.","robots":{"index":"index","follow":"follow","max-snippet":"max-snippet:-1","max-image-preview":"max-image-preview:large","max-video-preview":"max-video-preview:-1"},"canonical":"https:\/\/tibladin.dk\/nl\/product-2\/kussens-van-vintage-tapijt-langwerpig-roos\/","og_locale":"nl_NL","og_type":"article","og_title":"Pude med vintage berber vintaget\u00e6pper | H\u00e5ndlavede i Marokko","og_description":"Flotte h\u00e5ndlavede, aflange pudebetr\u00e6k i kiria bomuld og vintage berber Kelimt\u00e6pper i rosa farver. Der er forskellige m\u00e5l p\u00e5 puderne.","og_url":"https:\/\/tibladin.dk\/nl\/product-2\/kussens-van-vintage-tapijt-langwerpig-roos\/","og_site_name":"Tibladin","article_modified_time":"2025-07-17T05:35:56+00:00","og_image":[{"width":800,"height":800,"url":"https:\/\/tibladin.dk\/wp-content\/uploads\/2025\/07\/ROSE_Motiv-24_4.jpg","type":"image\/jpeg"}],"twitter_card":"summary_large_image","twitter_misc":{"Geschatte leestijd":"2 minuten"},"schema":{"@context":"https:\/\/schema.org","@graph":[{"@type":"WebPage","@id":"https:\/\/tibladin.dk\/produkt\/puder-af-vintagetaeppe-aflange-rose\/","url":"https:\/\/tibladin.dk\/produkt\/puder-af-vintagetaeppe-aflange-rose\/","name":"Kussen met vintage Berber vintage tapijten | Handgemaakt in Marokko","isPartOf":{"@id":"https:\/\/tibladin.dk\/#website"},"primaryImageOfPage":{"@id":"https:\/\/tibladin.dk\/produkt\/puder-af-vintagetaeppe-aflange-rose\/#primaryimage"},"image":{"@id":"https:\/\/tibladin.dk\/produkt\/puder-af-vintagetaeppe-aflange-rose\/#primaryimage"},"thumbnailUrl":"https:\/\/tibladin.dk\/wp-content\/uploads\/2025\/07\/ROSE_Motiv-24_4.jpg","datePublished":"2025-07-16T14:33:37+00:00","dateModified":"2025-07-17T05:35:56+00:00","description":"Prachtige handgemaakte, langwerpige kussenslopen van kiria-katoen en vintage Berber Kelim-tapijten in roze tinten. De kussens zijn verkrijgbaar in verschillende maten.","breadcrumb":{"@id":"https:\/\/tibladin.dk\/produkt\/puder-af-vintagetaeppe-aflange-rose\/#breadcrumb"},"inLanguage":"nl-NL","potentialAction":[{"@type":"ReadAction","target":["https:\/\/tibladin.dk\/produkt\/puder-af-vintagetaeppe-aflange-rose\/"]}]},{"@type":"ImageObject","inLanguage":"nl-NL","@id":"https:\/\/tibladin.dk\/produkt\/puder-af-vintagetaeppe-aflange-rose\/#primaryimage","url":"https:\/\/tibladin.dk\/wp-content\/uploads\/2025\/07\/ROSE_Motiv-24_4.jpg","contentUrl":"https:\/\/tibladin.dk\/wp-content\/uploads\/2025\/07\/ROSE_Motiv-24_4.jpg","width":800,"height":800,"caption":"Rose motiv 24 4"},{"@type":"BreadcrumbList","@id":"https:\/\/tibladin.dk\/produkt\/puder-af-vintagetaeppe-aflange-rose\/#breadcrumb","itemListElement":[{"@type":"ListItem","position":1,"name":"Hjem","item":"https:\/\/tibladin.dk\/"},{"@type":"ListItem","position":2,"name":"Shop","item":"https:\/\/tibladin.dk\/shop\/"},{"@type":"ListItem","position":3,"name":"Puder af vintaget\u00e6ppe aflange &#8211; ROSE"}]},{"@type":"WebSite","@id":"https:\/\/tibladin.dk\/#website","url":"https:\/\/tibladin.dk\/","name":"Tibladin","description":"Tibladin","publisher":{"@id":"https:\/\/tibladin.dk\/#organization"},"potentialAction":[{"@type":"SearchAction","target":{"@type":"EntryPoint","urlTemplate":"https:\/\/tibladin.dk\/?s={search_term_string}"},"query-input":{"@type":"PropertyValueSpecification","valueRequired":true,"valueName":"search_term_string"}}],"inLanguage":"nl-NL"},{"@type":"Organization","@id":"https:\/\/tibladin.dk\/#organization","name":"Tibladin","url":"https:\/\/tibladin.dk\/","logo":{"@type":"ImageObject","inLanguage":"nl-NL","@id":"https:\/\/tibladin.dk\/#\/schema\/logo\/image\/","url":"https:\/\/tibladin.dk\/wp-content\/uploads\/2022\/09\/tibladin_logo.svg","contentUrl":"https:\/\/tibladin.dk\/wp-content\/uploads\/2022\/09\/tibladin_logo.svg","caption":"Tibladin"},"image":{"@id":"https:\/\/tibladin.dk\/#\/schema\/logo\/image\/"}}]}},"_links":{"self":[{"href":"https:\/\/tibladin.dk\/nl\/wp-json\/wp\/v2\/product\/38601","targetHints":{"allow":["GET"]}}],"collection":[{"href":"https:\/\/tibladin.dk\/nl\/wp-json\/wp\/v2\/product"}],"about":[{"href":"https:\/\/tibladin.dk\/nl\/wp-json\/wp\/v2\/types\/product"}],"wp:featuredmedia":[{"embeddable":true,"href":"https:\/\/tibladin.dk\/nl\/wp-json\/wp\/v2\/media\/38572"}],"wp:attachment":[{"href":"https:\/\/tibladin.dk\/nl\/wp-json\/wp\/v2\/media?parent=38601"}],"wp:term":[{"taxonomy":"product_brand","embeddable":true,"href":"https:\/\/tibladin.dk\/nl\/wp-json\/wp\/v2\/product_brand?post=38601"},{"taxonomy":"product_cat","embeddable":true,"href":"https:\/\/tibladin.dk\/nl\/wp-json\/wp\/v2\/product_cat?post=38601"},{"taxonomy":"product_tag","embeddable":true,"href":"https:\/\/tibladin.dk\/nl\/wp-json\/wp\/v2\/product_tag?post=38601"}],"curies":[{"name":"wp","href":"https:\/\/api.w.org\/{rel}","templated":true}]}}