{"id":38777,"date":"2025-07-17T14:08:53","date_gmt":"2025-07-17T12:08:53","guid":{"rendered":"https:\/\/tibladin.dk\/?post_type=product&#038;p=38777"},"modified":"2026-03-05T15:50:52","modified_gmt":"2026-03-05T14:50:52","slug":"geborduurde-kussensloop","status":"publish","type":"product","link":"https:\/\/tibladin.dk\/nl\/produkt\/pudebetraek-embroidered\/","title":{"rendered":"Kussensloop \u2013 Geborduurd"},"content":{"rendered":"<div class=\"wpb-content-wrapper\"><div class=\"vc_row wpb_row vc_row-fluid\"><div class=\"wpb_column vc_column_container vc_col-sm-4\"><div class=\"vc_column-inner\"><div class=\"wpb_wrapper\"><\/div><\/div><\/div><div class=\"wpb_column vc_column_container vc_col-sm-4\"><div class=\"vc_column-inner\"><div class=\"wpb_wrapper\"><h3 style=\"text-align: left\" class=\"vc_custom_heading vc_do_custom_heading\" >Onderhoud<\/h3>\n\t<div class=\"wpb_text_column wpb_content_element\" >\n\t\t<div class=\"wpb_wrapper\">\n\t\t\t<p>Het kussensloop kan voorzichtig met de hand gewassen worden op maximaal 30 graden.<\/p>\n<p>Omdat de kussenslopen 100 % handgemaakt zijn, kunnen er kleine onvolkomenheden zijn, maar ook verschillen in maat en patroon.<\/p>\n\n\t\t<\/div>\n\t<\/div>\n<\/div><\/div><\/div><div class=\"wpb_column vc_column_container vc_col-sm-4\"><div class=\"vc_column-inner\"><div class=\"wpb_wrapper\"><h3 style=\"text-align: left\" class=\"vc_custom_heading vc_do_custom_heading\" >Het verhaal erachter<\/h3>\n\t<div class=\"wpb_text_column wpb_content_element\" >\n\t\t<div class=\"wpb_wrapper\">\n\t\t\t<p>De kussenslopen zijn met de hand geborduurd met katoen- en wollen garen en aan de achterkant zit een rits in het midden, waardoor u de hoes eenvoudig kunt verwijderen en wassen.<\/p>\n<p>De hoezen zijn handgemaakt door vrouwen uit een vrouwenco\u00f6peratie ten zuiden van Marrakech.<\/p>\n\n\t\t<\/div>\n\t<\/div>\n<\/div><\/div><\/div><\/div>\n<\/div>","protected":false},"excerpt":{"rendered":"<p>Unieke, handgeborduurde Marokkaanse katoenen kussenslopen. Verkrijgbaar in 3 kleuren: blauw, groen en oranje.<\/p>\n<p>Met de hand geborduurd door vrouwen van een vrouwenco\u00f6peratie ten zuiden van Marrakech.<\/p>\n<p>De kussenslopen zijn ongeveer 30 x 50 cm groot.<\/p>\n<p>De kussenhoezen zijn eenvoudig te verwijderen en met de hand te wassen.<\/p>\n<p>&nbsp;<\/p>","protected":false},"featured_media":38786,"template":"","meta":{"inline_featured_image":false},"product_brand":[],"product_cat":[36,66,37],"product_tag":[],"class_list":{"0":"post-38777","1":"product","2":"type-product","3":"status-publish","4":"has-post-thumbnail","6":"product_cat-gaver-til-under-500-kr","7":"product_cat-pudebetraek","8":"product_cat-tekstiler","10":"first","11":"instock","12":"taxable","13":"shipping-taxable","14":"purchasable","15":"product-type-variable"},"exclude_global_add_ons":false,"addons":[{"name":"Wilt u een cadeauverpakking?","type":"checkbox","position":0,"required":false,"title_format":"label","default":"","description_enable":false,"description":"","placeholder_enable":false,"placeholder":"","display":"images","restrictions_type":"any_text","adjust_price":false,"price":"","price_type":"flat_fee","restrictions":false,"min":"0","max":"0","options":[{"label":"Ja tak","price":"10","price_type":"flat_fee","image":11015,"visibility":true}],"id":1669646111}],"yoast_head":"<!-- This site is optimized with the Yoast SEO plugin v27.4 - https:\/\/yoast.com\/product\/yoast-seo-wordpress\/ -->\n<title>Pudebetr\u00e6k med h\u00e5ndbroderet m\u00f8nster | H\u00f8j kvalitet | Tibladin<\/title>\n<meta name=\"description\" content=\"Marokkanske pudebetr\u00e6k med h\u00e5ndbroderet m\u00f8nster. Bomuld. F\u00e5es i 3 varianter, gr\u00f8n, bl\u00e5 og orange - som alle tre st\u00e5r flot til hinanden.\" \/>\n<meta name=\"robots\" content=\"index, follow, max-snippet:-1, max-image-preview:large, max-video-preview:-1\" \/>\n<link rel=\"canonical\" href=\"https:\/\/tibladin.dk\/nl\/product-2\/geborduurde-kussensloop\/\" \/>\n<meta property=\"og:locale\" content=\"nl_NL\" \/>\n<meta property=\"og:type\" content=\"article\" \/>\n<meta property=\"og:title\" content=\"Pudebetr\u00e6k med h\u00e5ndbroderet m\u00f8nster | H\u00f8j kvalitet | Tibladin\" \/>\n<meta property=\"og:description\" content=\"Marokkanske pudebetr\u00e6k med h\u00e5ndbroderet m\u00f8nster. Bomuld. F\u00e5es i 3 varianter, gr\u00f8n, bl\u00e5 og orange - som alle tre st\u00e5r flot til hinanden.\" \/>\n<meta property=\"og:url\" content=\"https:\/\/tibladin.dk\/nl\/product-2\/geborduurde-kussensloop\/\" \/>\n<meta property=\"og:site_name\" content=\"Tibladin\" \/>\n<meta property=\"article:modified_time\" content=\"2026-03-05T14:50:52+00:00\" \/>\n<meta property=\"og:image\" content=\"https:\/\/tibladin.dk\/wp-content\/uploads\/2025\/07\/pudebetraek-broderier_alle-farver_1.jpg\" \/>\n\t<meta property=\"og:image:width\" content=\"800\" \/>\n\t<meta property=\"og:image:height\" content=\"800\" \/>\n\t<meta property=\"og:image:type\" content=\"image\/jpeg\" \/>\n<meta name=\"twitter:card\" content=\"summary_large_image\" \/>\n<meta name=\"twitter:label1\" content=\"Geschatte leestijd\" \/>\n\t<meta name=\"twitter:data1\" content=\"1 minuut\" \/>\n<script type=\"application\/ld+json\" class=\"yoast-schema-graph\">{\"@context\":\"https:\\\/\\\/schema.org\",\"@graph\":[{\"@type\":\"WebPage\",\"@id\":\"https:\\\/\\\/tibladin.dk\\\/produkt\\\/pudebetraek-embroidered\\\/\",\"url\":\"https:\\\/\\\/tibladin.dk\\\/produkt\\\/pudebetraek-embroidered\\\/\",\"name\":\"Pudebetr\u00e6k med h\u00e5ndbroderet m\u00f8nster | H\u00f8j kvalitet | Tibladin\",\"isPartOf\":{\"@id\":\"https:\\\/\\\/tibladin.dk\\\/#website\"},\"primaryImageOfPage\":{\"@id\":\"https:\\\/\\\/tibladin.dk\\\/produkt\\\/pudebetraek-embroidered\\\/#primaryimage\"},\"image\":{\"@id\":\"https:\\\/\\\/tibladin.dk\\\/produkt\\\/pudebetraek-embroidered\\\/#primaryimage\"},\"thumbnailUrl\":\"https:\\\/\\\/tibladin.dk\\\/wp-content\\\/uploads\\\/2025\\\/07\\\/pudebetraek-broderier_alle-farver_1.jpg\",\"datePublished\":\"2025-07-17T12:08:53+00:00\",\"dateModified\":\"2026-03-05T14:50:52+00:00\",\"description\":\"Marokkanske pudebetr\u00e6k med h\u00e5ndbroderet m\u00f8nster. Bomuld. F\u00e5es i 3 varianter, gr\u00f8n, bl\u00e5 og orange - som alle tre st\u00e5r flot til hinanden.\",\"breadcrumb\":{\"@id\":\"https:\\\/\\\/tibladin.dk\\\/produkt\\\/pudebetraek-embroidered\\\/#breadcrumb\"},\"inLanguage\":\"nl-NL\",\"potentialAction\":[{\"@type\":\"ReadAction\",\"target\":[\"https:\\\/\\\/tibladin.dk\\\/produkt\\\/pudebetraek-embroidered\\\/\"]}]},{\"@type\":\"ImageObject\",\"inLanguage\":\"nl-NL\",\"@id\":\"https:\\\/\\\/tibladin.dk\\\/produkt\\\/pudebetraek-embroidered\\\/#primaryimage\",\"url\":\"https:\\\/\\\/tibladin.dk\\\/wp-content\\\/uploads\\\/2025\\\/07\\\/pudebetraek-broderier_alle-farver_1.jpg\",\"contentUrl\":\"https:\\\/\\\/tibladin.dk\\\/wp-content\\\/uploads\\\/2025\\\/07\\\/pudebetraek-broderier_alle-farver_1.jpg\",\"width\":800,\"height\":800,\"caption\":\"pude 30x50 cm med broderi tre farver\"},{\"@type\":\"BreadcrumbList\",\"@id\":\"https:\\\/\\\/tibladin.dk\\\/produkt\\\/pudebetraek-embroidered\\\/#breadcrumb\",\"itemListElement\":[{\"@type\":\"ListItem\",\"position\":1,\"name\":\"Hjem\",\"item\":\"https:\\\/\\\/tibladin.dk\\\/\"},{\"@type\":\"ListItem\",\"position\":2,\"name\":\"Shop\",\"item\":\"https:\\\/\\\/tibladin.dk\\\/shop\\\/\"},{\"@type\":\"ListItem\",\"position\":3,\"name\":\"Pudebetr\u00e6k &#8211; Embroidered\"}]},{\"@type\":\"WebSite\",\"@id\":\"https:\\\/\\\/tibladin.dk\\\/#website\",\"url\":\"https:\\\/\\\/tibladin.dk\\\/\",\"name\":\"Tibladin\",\"description\":\"Tibladin\",\"publisher\":{\"@id\":\"https:\\\/\\\/tibladin.dk\\\/#organization\"},\"potentialAction\":[{\"@type\":\"SearchAction\",\"target\":{\"@type\":\"EntryPoint\",\"urlTemplate\":\"https:\\\/\\\/tibladin.dk\\\/?s={search_term_string}\"},\"query-input\":{\"@type\":\"PropertyValueSpecification\",\"valueRequired\":true,\"valueName\":\"search_term_string\"}}],\"inLanguage\":\"nl-NL\"},{\"@type\":\"Organization\",\"@id\":\"https:\\\/\\\/tibladin.dk\\\/#organization\",\"name\":\"Tibladin\",\"url\":\"https:\\\/\\\/tibladin.dk\\\/\",\"logo\":{\"@type\":\"ImageObject\",\"inLanguage\":\"nl-NL\",\"@id\":\"https:\\\/\\\/tibladin.dk\\\/#\\\/schema\\\/logo\\\/image\\\/\",\"url\":\"https:\\\/\\\/tibladin.dk\\\/wp-content\\\/uploads\\\/2022\\\/09\\\/tibladin_logo.svg\",\"contentUrl\":\"https:\\\/\\\/tibladin.dk\\\/wp-content\\\/uploads\\\/2022\\\/09\\\/tibladin_logo.svg\",\"caption\":\"Tibladin\"},\"image\":{\"@id\":\"https:\\\/\\\/tibladin.dk\\\/#\\\/schema\\\/logo\\\/image\\\/\"}}]}<\/script>\n<!-- \/ Yoast SEO plugin. -->","yoast_head_json":{"title":"Kussensloop met handgeborduurd patroon | Hoge kwaliteit | Tibladin","description":"Marokkaanse kussenslopen met handgeborduurd patroon. Katoen. Verkrijgbaar in drie varianten: groen, blauw en oranje \u2013 alle drie prachtig te combineren.","robots":{"index":"index","follow":"follow","max-snippet":"max-snippet:-1","max-image-preview":"max-image-preview:large","max-video-preview":"max-video-preview:-1"},"canonical":"https:\/\/tibladin.dk\/nl\/product-2\/geborduurde-kussensloop\/","og_locale":"nl_NL","og_type":"article","og_title":"Pudebetr\u00e6k med h\u00e5ndbroderet m\u00f8nster | H\u00f8j kvalitet | Tibladin","og_description":"Marokkanske pudebetr\u00e6k med h\u00e5ndbroderet m\u00f8nster. Bomuld. F\u00e5es i 3 varianter, gr\u00f8n, bl\u00e5 og orange - som alle tre st\u00e5r flot til hinanden.","og_url":"https:\/\/tibladin.dk\/nl\/product-2\/geborduurde-kussensloop\/","og_site_name":"Tibladin","article_modified_time":"2026-03-05T14:50:52+00:00","og_image":[{"width":800,"height":800,"url":"https:\/\/tibladin.dk\/wp-content\/uploads\/2025\/07\/pudebetraek-broderier_alle-farver_1.jpg","type":"image\/jpeg"}],"twitter_card":"summary_large_image","twitter_misc":{"Geschatte leestijd":"1 minuut"},"schema":{"@context":"https:\/\/schema.org","@graph":[{"@type":"WebPage","@id":"https:\/\/tibladin.dk\/produkt\/pudebetraek-embroidered\/","url":"https:\/\/tibladin.dk\/produkt\/pudebetraek-embroidered\/","name":"Kussensloop met handgeborduurd patroon | Hoge kwaliteit | Tibladin","isPartOf":{"@id":"https:\/\/tibladin.dk\/#website"},"primaryImageOfPage":{"@id":"https:\/\/tibladin.dk\/produkt\/pudebetraek-embroidered\/#primaryimage"},"image":{"@id":"https:\/\/tibladin.dk\/produkt\/pudebetraek-embroidered\/#primaryimage"},"thumbnailUrl":"https:\/\/tibladin.dk\/wp-content\/uploads\/2025\/07\/pudebetraek-broderier_alle-farver_1.jpg","datePublished":"2025-07-17T12:08:53+00:00","dateModified":"2026-03-05T14:50:52+00:00","description":"Marokkaanse kussenslopen met handgeborduurd patroon. Katoen. Verkrijgbaar in drie varianten: groen, blauw en oranje \u2013 alle drie prachtig te combineren.","breadcrumb":{"@id":"https:\/\/tibladin.dk\/produkt\/pudebetraek-embroidered\/#breadcrumb"},"inLanguage":"nl-NL","potentialAction":[{"@type":"ReadAction","target":["https:\/\/tibladin.dk\/produkt\/pudebetraek-embroidered\/"]}]},{"@type":"ImageObject","inLanguage":"nl-NL","@id":"https:\/\/tibladin.dk\/produkt\/pudebetraek-embroidered\/#primaryimage","url":"https:\/\/tibladin.dk\/wp-content\/uploads\/2025\/07\/pudebetraek-broderier_alle-farver_1.jpg","contentUrl":"https:\/\/tibladin.dk\/wp-content\/uploads\/2025\/07\/pudebetraek-broderier_alle-farver_1.jpg","width":800,"height":800,"caption":"pude 30x50 cm med broderi tre farver"},{"@type":"BreadcrumbList","@id":"https:\/\/tibladin.dk\/produkt\/pudebetraek-embroidered\/#breadcrumb","itemListElement":[{"@type":"ListItem","position":1,"name":"Hjem","item":"https:\/\/tibladin.dk\/"},{"@type":"ListItem","position":2,"name":"Shop","item":"https:\/\/tibladin.dk\/shop\/"},{"@type":"ListItem","position":3,"name":"Pudebetr\u00e6k &#8211; Embroidered"}]},{"@type":"WebSite","@id":"https:\/\/tibladin.dk\/#website","url":"https:\/\/tibladin.dk\/","name":"Tibladin","description":"Tibladin","publisher":{"@id":"https:\/\/tibladin.dk\/#organization"},"potentialAction":[{"@type":"SearchAction","target":{"@type":"EntryPoint","urlTemplate":"https:\/\/tibladin.dk\/?s={search_term_string}"},"query-input":{"@type":"PropertyValueSpecification","valueRequired":true,"valueName":"search_term_string"}}],"inLanguage":"nl-NL"},{"@type":"Organization","@id":"https:\/\/tibladin.dk\/#organization","name":"Tibladin","url":"https:\/\/tibladin.dk\/","logo":{"@type":"ImageObject","inLanguage":"nl-NL","@id":"https:\/\/tibladin.dk\/#\/schema\/logo\/image\/","url":"https:\/\/tibladin.dk\/wp-content\/uploads\/2022\/09\/tibladin_logo.svg","contentUrl":"https:\/\/tibladin.dk\/wp-content\/uploads\/2022\/09\/tibladin_logo.svg","caption":"Tibladin"},"image":{"@id":"https:\/\/tibladin.dk\/#\/schema\/logo\/image\/"}}]}},"_links":{"self":[{"href":"https:\/\/tibladin.dk\/nl\/wp-json\/wp\/v2\/product\/38777","targetHints":{"allow":["GET"]}}],"collection":[{"href":"https:\/\/tibladin.dk\/nl\/wp-json\/wp\/v2\/product"}],"about":[{"href":"https:\/\/tibladin.dk\/nl\/wp-json\/wp\/v2\/types\/product"}],"wp:featuredmedia":[{"embeddable":true,"href":"https:\/\/tibladin.dk\/nl\/wp-json\/wp\/v2\/media\/38786"}],"wp:attachment":[{"href":"https:\/\/tibladin.dk\/nl\/wp-json\/wp\/v2\/media?parent=38777"}],"wp:term":[{"taxonomy":"product_brand","embeddable":true,"href":"https:\/\/tibladin.dk\/nl\/wp-json\/wp\/v2\/product_brand?post=38777"},{"taxonomy":"product_cat","embeddable":true,"href":"https:\/\/tibladin.dk\/nl\/wp-json\/wp\/v2\/product_cat?post=38777"},{"taxonomy":"product_tag","embeddable":true,"href":"https:\/\/tibladin.dk\/nl\/wp-json\/wp\/v2\/product_tag?post=38777"}],"curies":[{"name":"wp","href":"https:\/\/api.w.org\/{rel}","templated":true}]}}