{"id":39193,"date":"2025-08-21T15:35:38","date_gmt":"2025-08-21T13:35:38","guid":{"rendered":"https:\/\/tibladin.dk\/?post_type=product&#038;p=39193"},"modified":"2025-08-21T16:16:09","modified_gmt":"2025-08-21T14:16:09","slug":"vloerkussenpoef-van-wol-van-afra","status":"publish","type":"product","link":"https:\/\/tibladin.dk\/nl\/produkt\/gulvpude-puf-i-uld-afra\/","title":{"rendered":"Vloerkussen\/poef van wol \u2013 AFRA"},"content":{"rendered":"<div class=\"wpb-content-wrapper\"><div class=\"vc_row wpb_row vc_row-fluid\"><div class=\"wpb_column vc_column_container vc_col-sm-6\"><div class=\"vc_column-inner\"><div class=\"wpb_wrapper\"><h3 style=\"text-align: left\" class=\"vc_custom_heading vc_do_custom_heading\" >Het onderhouden van uw vloerkussen<\/h3>\n\t<div class=\"wpb_text_column wpb_content_element\" >\n\t\t<div class=\"wpb_wrapper\">\n\t\t\t<p>Mocht u de pech hebben dat er een vlek op uw wollen poef of wollen vloerkussen komt, begin dan met het stofzuigen van de vlek. De wol is van nature omgeven door lanoline, dat een beschermend laagje op de vezels vormt, waardoor vlekken een grotere kans hebben om in te dringen. Mocht het hiermee niet lukken, dan kun je een vochtige doek nemen en de vlek deppen, tenslotte niet wrijven. Mochten we het geluk hebben dat er op een winterdag sneeuw valt, leg dan uw wollen poef of wollen deken in de pas gevallen sneeuw. Het is de meest effectieve methode om het grondig te reinigen<\/p>\n\n\t\t<\/div>\n\t<\/div>\n<\/div><\/div><\/div><div class=\"wpb_column vc_column_container vc_col-sm-6\"><div class=\"vc_column-inner\"><div class=\"wpb_wrapper\"><h3 style=\"text-align: left\" class=\"vc_custom_heading vc_do_custom_heading\" >Vloerkussens\/poefs van azilal tapijten<\/h3>\n\t<div class=\"wpb_text_column wpb_content_element\" >\n\t\t<div class=\"wpb_wrapper\">\n\t\t\t<p>We hebben veel vloerkussens\/wollen poefs ontvangen in verschillende kleuren en patronen. Deze vloerkussens zijn met de hand gestikt van echte vintage azilal-tapijten, daarom zijn alle vloerkussens verschillend. De tapijten komen uit de regio Azilal in de Marokkaanse bergen ten oosten van Marrakech, waar het doorgaans de taak van de vrouw is om de tapijten met de hand te weven. Oorspronkelijk hadden de lokale Berbervrouwen geen geschreven taal, dus weefden ze verhalen in de tapijten, waardoor elk tapijt uniek is. Azilal-tapijten zijn gemaakt van 100%-wol \u2013 soms gecombineerd met katoendraad.<\/p>\n<p><a href=\"https:\/\/tibladin.dk\/nl\/product-categorie-3\/interieur\/meubilair\/poef\/\">Bekijk hier ons volledige assortiment vloerkussens gemaakt van gerecyclede Azilal- en Beni Ouarain-tapijten.<\/a><\/p>\n<p><b>Vul je poef<\/b><br \/>\nHet beste is om je poef te vullen met een groot stevig kussen van het liefst 90\u00d790 cm, waarmee je het hele kussen goed kunt vullen. Je kunt gemakkelijk dingen gebruiken die je al hebt, dekbedden, kussens, dekens of een strak verfrommelde krant. Voor uw poef kunt u ook schuimkorrels of katoenen vulling kopen. Als u dit soort vulling gebruikt, raden wij u aan een binnenhoes te naaien of een oud dekbedovertrek te nemen en de vulling erin te doen voordat u deze in uw poef legt.<\/p>\n<p>Bij extra aankoop sturen wij het met een montagepad van 90\u00d790 cm.<\/p>\n\n\t\t<\/div>\n\t<\/div>\n<\/div><\/div><\/div><\/div>\n<\/div>","protected":false},"excerpt":{"rendered":"<article class=\"text-token-text-primary w-full focus:outline-none scroll-mt-[calc(var(--header-height)+min(200px,max(70px,20svh)))]\" dir=\"auto\" tabindex=\"-1\" data-turn-id=\"43dfec14-1809-43f4-a852-c7415f8209c4\" data-testid=\"conversation-turn-30\" data-scroll-anchor=\"true\" data-turn=\"assistant\">\n<div class=\"text-base my-auto mx-auto pb-10 [--thread-content-margin:--spacing(4)] @[37rem]:[--thread-content-margin:--spacing(6)] @[72rem]:[--thread-content-margin:--spacing(16)] px-(--thread-content-margin)\">\n<div class=\"[--thread-content-max-width:32rem] @[34rem]:[--thread-content-max-width:40rem] @[64rem]:[--thread-content-max-width:48rem] mx-auto max-w-(--thread-content-max-width) flex-1 group\/turn-messages focus-visible:outline-hidden relative flex w-full min-w-0 flex-col agent-turn\" tabindex=\"-1\">\n<div class=\"flex max-w-full flex-col grow\">\n<div class=\"min-h-8 text-message relative flex w-full flex-col items-end gap-2 text-start break-words whitespace-normal [.text-message+&amp;]:mt-5\" dir=\"auto\" data-message-author-role=\"assistant\" data-message-id=\"5a20f797-1d00-4fae-b31c-c3b8fb963e0d\" data-message-model-slug=\"gpt-5\">\n<div class=\"flex w-full flex-col gap-1 empty:hidden first:pt-[3px]\">\n<div class=\"markdown prose dark:prose-invert w-full break-words light markdown-new-styling\">\n<p data-start=\"241\" data-end=\"287\">\ud83d\udd25 <strong data-start=\"244\" data-end=\"282\">Afra \u2013 vintage marokkansk gulvpude<\/strong> \ud83d\udd25<\/p>\n<p data-start=\"289\" data-end=\"526\">Bring varme og karakter ind i dit hjem med denne unikke gulvpude fra Marokko. Puden er fremstillet af et vintage t\u00e6ppe, hvilket giver den et helt s\u00e6rligt udtryk, hvor de dybe r\u00f8de og sorte nuancer forenes i traditionelle berberm\u00f8nstre.<\/p>\n<p data-start=\"528\" data-end=\"782\">H\u00e5ndlavet i Atlasbjergene af 100% uld, rummer puden b\u00e5de historie og autenticitet \u2013 ingen to er ens. Dens st\u00e6rke farver og geometriske detaljer g\u00f8r den til et oplagt statement-piece, der kan tilf\u00f8re energi til b\u00e5de stue, loungeomr\u00e5de eller hyggehj\u00f8rne.<\/p>\n<p data-start=\"784\" data-end=\"912\">Perfekt som ekstra siddeplads, fodskammel eller blot som dekorativt element, der tilf\u00f8jer varme og boheme-stemning til rummet.<\/p>\n<p data-start=\"914\" data-end=\"1068\">\u2714 H\u00e5ndlavet i Marokko<br data-start=\"935\" data-end=\"938\" \/>\u2714 Fremstillet af vintage t\u00e6ppe \u2013 hver pude er unik<br data-start=\"988\" data-end=\"991\" \/>\u2714 100% uld \u2013 slidst\u00e6rk og autentisk<br data-start=\"1026\" data-end=\"1029\" \/>\u2714 Flot dybr\u00f8d farve med sorte m\u00f8nstre<\/p>\n<p data-start=\"207\" data-end=\"253\">M\u00e5l: ca. 60&#215;60 cm \u00a0og ca 25 -30 cm i h\u00f8jden (kan variere lidt, da den er h\u00e5ndlavet) bagsiden er i stribet rosa berbert\u00e6ppe og der er praktisk lynl\u00e5s for lettere at kunne fylde den.<\/p>\n<p data-start=\"1205\" data-end=\"1265\">Du kan v\u00e6lge din gulvpude med fyld af en stor monteringspude 90&#215;90 cm der fylder puden godt ud og g\u00f8r den bl\u00f8d og behagelig at sidde p\u00e5.<\/p>\n<\/div>\n<\/div>\n<\/div>\n<\/div>\n<div class=\"flex min-h-[46px] justify-start\"><\/div>\n<div class=\"mt-3 w-full empty:hidden\"><\/div>\n<\/div>\n<\/div>\n<\/article>\n","protected":false},"featured_media":39200,"template":"","meta":{"inline_featured_image":false},"product_brand":[],"product_cat":[101,39],"product_tag":[],"class_list":{"0":"post-39193","1":"product","2":"type-product","3":"status-publish","4":"has-post-thumbnail","6":"product_cat-gulvpuder-uldpufs","7":"product_cat-moebler","9":"first","10":"instock","11":"taxable","12":"shipping-taxable","13":"purchasable","14":"product-type-simple"},"exclude_global_add_ons":false,"addons":[{"name":"Laat je poef leveren met vulling van een groot montagekussen","type":"checkbox","position":0,"required":false,"title_format":"label","default":"","description_enable":true,"description":"Gevuld met een groot oplegkussen van 90x90 cm, dat de poef goed vult en zorgt voor een zacht en comfortabel zitcomfort. De hoes is eenvoudig te verwijderen en schoon te maken.","placeholder_enable":false,"placeholder":"","display":"images","restrictions_type":"any_text","adjust_price":false,"price":"","price_type":"flat_fee","restrictions":false,"min":"0","max":"0","options":[{"label":"Ja tak","price":"300","price_type":"quantity_based","image":11028,"visibility":true}],"id":1672424044}],"yoast_head":"<!-- This site is optimized with the Yoast SEO plugin v27.6 - https:\/\/yoast.com\/product\/yoast-seo-wordpress\/ -->\n<title>Marokkansk gulvpude | H\u00e5ndsyet af Azilal-t\u00e6ppe | Tibladin<\/title>\n<meta name=\"description\" content=\"Unik marokkansk gulvpude af uldt\u00e6ppe i en varme r\u00f8de farver. S\u00e6t dig godt til rette. Unika h\u00e5ndv\u00e6rk fra Marrakech \u21d2 Se den her.\" \/>\n<meta name=\"robots\" content=\"index, follow, max-snippet:-1, max-image-preview:large, max-video-preview:-1\" \/>\n<link rel=\"canonical\" href=\"https:\/\/tibladin.dk\/nl\/product-2\/vloerkussenpoef-van-wol-van-afra\/\" \/>\n<meta property=\"og:locale\" content=\"nl_NL\" \/>\n<meta property=\"og:type\" content=\"article\" \/>\n<meta property=\"og:title\" content=\"Marokkansk gulvpude | H\u00e5ndsyet af Azilal-t\u00e6ppe | Tibladin\" \/>\n<meta property=\"og:description\" content=\"Unik marokkansk gulvpude af uldt\u00e6ppe i en varme r\u00f8de farver. S\u00e6t dig godt til rette. Unika h\u00e5ndv\u00e6rk fra Marrakech \u21d2 Se den her.\" \/>\n<meta property=\"og:url\" content=\"https:\/\/tibladin.dk\/nl\/product-2\/vloerkussenpoef-van-wol-van-afra\/\" \/>\n<meta property=\"og:site_name\" content=\"Tibladin\" \/>\n<meta property=\"article:modified_time\" content=\"2025-08-21T14:16:09+00:00\" \/>\n<meta property=\"og:image\" content=\"https:\/\/tibladin.dk\/wp-content\/uploads\/2025\/08\/Photoroom_002_20250821_153153.jpeg\" \/>\n\t<meta property=\"og:image:width\" content=\"800\" \/>\n\t<meta property=\"og:image:height\" content=\"800\" \/>\n\t<meta property=\"og:image:type\" content=\"image\/jpeg\" \/>\n<meta name=\"twitter:card\" content=\"summary_large_image\" \/>\n<meta name=\"twitter:label1\" content=\"Geschatte leestijd\" \/>\n\t<meta name=\"twitter:data1\" content=\"3 minuten\" \/>\n<script type=\"application\/ld+json\" class=\"yoast-schema-graph\">{\"@context\":\"https:\\\/\\\/schema.org\",\"@graph\":[{\"@type\":\"WebPage\",\"@id\":\"https:\\\/\\\/tibladin.dk\\\/produkt\\\/gulvpude-puf-i-uld-afra\\\/\",\"url\":\"https:\\\/\\\/tibladin.dk\\\/produkt\\\/gulvpude-puf-i-uld-afra\\\/\",\"name\":\"Marokkansk gulvpude | H\u00e5ndsyet af Azilal-t\u00e6ppe | Tibladin\",\"isPartOf\":{\"@id\":\"https:\\\/\\\/tibladin.dk\\\/#website\"},\"primaryImageOfPage\":{\"@id\":\"https:\\\/\\\/tibladin.dk\\\/produkt\\\/gulvpude-puf-i-uld-afra\\\/#primaryimage\"},\"image\":{\"@id\":\"https:\\\/\\\/tibladin.dk\\\/produkt\\\/gulvpude-puf-i-uld-afra\\\/#primaryimage\"},\"thumbnailUrl\":\"https:\\\/\\\/tibladin.dk\\\/wp-content\\\/uploads\\\/2025\\\/08\\\/Photoroom_002_20250821_153153.jpeg\",\"datePublished\":\"2025-08-21T13:35:38+00:00\",\"dateModified\":\"2025-08-21T14:16:09+00:00\",\"description\":\"Unik marokkansk gulvpude af uldt\u00e6ppe i en varme r\u00f8de farver. S\u00e6t dig godt til rette. Unika h\u00e5ndv\u00e6rk fra Marrakech \u21d2 Se den her.\",\"breadcrumb\":{\"@id\":\"https:\\\/\\\/tibladin.dk\\\/produkt\\\/gulvpude-puf-i-uld-afra\\\/#breadcrumb\"},\"inLanguage\":\"nl-NL\",\"potentialAction\":[{\"@type\":\"ReadAction\",\"target\":[\"https:\\\/\\\/tibladin.dk\\\/produkt\\\/gulvpude-puf-i-uld-afra\\\/\"]}]},{\"@type\":\"ImageObject\",\"inLanguage\":\"nl-NL\",\"@id\":\"https:\\\/\\\/tibladin.dk\\\/produkt\\\/gulvpude-puf-i-uld-afra\\\/#primaryimage\",\"url\":\"https:\\\/\\\/tibladin.dk\\\/wp-content\\\/uploads\\\/2025\\\/08\\\/Photoroom_002_20250821_153153.jpeg\",\"contentUrl\":\"https:\\\/\\\/tibladin.dk\\\/wp-content\\\/uploads\\\/2025\\\/08\\\/Photoroom_002_20250821_153153.jpeg\",\"width\":800,\"height\":800,\"caption\":\"gulvpude AFRA\"},{\"@type\":\"BreadcrumbList\",\"@id\":\"https:\\\/\\\/tibladin.dk\\\/produkt\\\/gulvpude-puf-i-uld-afra\\\/#breadcrumb\",\"itemListElement\":[{\"@type\":\"ListItem\",\"position\":1,\"name\":\"Hjem\",\"item\":\"https:\\\/\\\/tibladin.dk\\\/\"},{\"@type\":\"ListItem\",\"position\":2,\"name\":\"Shop\",\"item\":\"https:\\\/\\\/tibladin.dk\\\/shop\\\/\"},{\"@type\":\"ListItem\",\"position\":3,\"name\":\"Gulvpude\\\/puf i uld &#8211; AFRA\"}]},{\"@type\":\"WebSite\",\"@id\":\"https:\\\/\\\/tibladin.dk\\\/#website\",\"url\":\"https:\\\/\\\/tibladin.dk\\\/\",\"name\":\"Tibladin\",\"description\":\"Tibladin\",\"publisher\":{\"@id\":\"https:\\\/\\\/tibladin.dk\\\/#organization\"},\"potentialAction\":[{\"@type\":\"SearchAction\",\"target\":{\"@type\":\"EntryPoint\",\"urlTemplate\":\"https:\\\/\\\/tibladin.dk\\\/?s={search_term_string}\"},\"query-input\":{\"@type\":\"PropertyValueSpecification\",\"valueRequired\":true,\"valueName\":\"search_term_string\"}}],\"inLanguage\":\"nl-NL\"},{\"@type\":\"Organization\",\"@id\":\"https:\\\/\\\/tibladin.dk\\\/#organization\",\"name\":\"Tibladin\",\"url\":\"https:\\\/\\\/tibladin.dk\\\/\",\"logo\":{\"@type\":\"ImageObject\",\"inLanguage\":\"nl-NL\",\"@id\":\"https:\\\/\\\/tibladin.dk\\\/#\\\/schema\\\/logo\\\/image\\\/\",\"url\":\"https:\\\/\\\/tibladin.dk\\\/wp-content\\\/uploads\\\/2022\\\/09\\\/tibladin_logo.svg\",\"contentUrl\":\"https:\\\/\\\/tibladin.dk\\\/wp-content\\\/uploads\\\/2022\\\/09\\\/tibladin_logo.svg\",\"caption\":\"Tibladin\"},\"image\":{\"@id\":\"https:\\\/\\\/tibladin.dk\\\/#\\\/schema\\\/logo\\\/image\\\/\"}}]}<\/script>\n<!-- \/ Yoast SEO plugin. -->","yoast_head_json":{"title":"Marokkaans vloerkussen | Handgenaaid van Azilal-tapijt | Tibladin","description":"Uniek Marokkaans vloerkussen van wollen tapijt in warme rode tinten. Maak het jezelf gemakkelijk. Uniek vakmanschap uit Marrakech \u21d2 Bekijk het hier.","robots":{"index":"index","follow":"follow","max-snippet":"max-snippet:-1","max-image-preview":"max-image-preview:large","max-video-preview":"max-video-preview:-1"},"canonical":"https:\/\/tibladin.dk\/nl\/product-2\/vloerkussenpoef-van-wol-van-afra\/","og_locale":"nl_NL","og_type":"article","og_title":"Marokkansk gulvpude | H\u00e5ndsyet af Azilal-t\u00e6ppe | Tibladin","og_description":"Unik marokkansk gulvpude af uldt\u00e6ppe i en varme r\u00f8de farver. S\u00e6t dig godt til rette. Unika h\u00e5ndv\u00e6rk fra Marrakech \u21d2 Se den her.","og_url":"https:\/\/tibladin.dk\/nl\/product-2\/vloerkussenpoef-van-wol-van-afra\/","og_site_name":"Tibladin","article_modified_time":"2025-08-21T14:16:09+00:00","og_image":[{"width":800,"height":800,"url":"https:\/\/tibladin.dk\/wp-content\/uploads\/2025\/08\/Photoroom_002_20250821_153153.jpeg","type":"image\/jpeg"}],"twitter_card":"summary_large_image","twitter_misc":{"Geschatte leestijd":"3 minuten"},"schema":{"@context":"https:\/\/schema.org","@graph":[{"@type":"WebPage","@id":"https:\/\/tibladin.dk\/produkt\/gulvpude-puf-i-uld-afra\/","url":"https:\/\/tibladin.dk\/produkt\/gulvpude-puf-i-uld-afra\/","name":"Marokkaans vloerkussen | Handgenaaid van Azilal-tapijt | Tibladin","isPartOf":{"@id":"https:\/\/tibladin.dk\/#website"},"primaryImageOfPage":{"@id":"https:\/\/tibladin.dk\/produkt\/gulvpude-puf-i-uld-afra\/#primaryimage"},"image":{"@id":"https:\/\/tibladin.dk\/produkt\/gulvpude-puf-i-uld-afra\/#primaryimage"},"thumbnailUrl":"https:\/\/tibladin.dk\/wp-content\/uploads\/2025\/08\/Photoroom_002_20250821_153153.jpeg","datePublished":"2025-08-21T13:35:38+00:00","dateModified":"2025-08-21T14:16:09+00:00","description":"Uniek Marokkaans vloerkussen van wollen tapijt in warme rode tinten. Maak het jezelf gemakkelijk. Uniek vakmanschap uit Marrakech \u21d2 Bekijk het hier.","breadcrumb":{"@id":"https:\/\/tibladin.dk\/produkt\/gulvpude-puf-i-uld-afra\/#breadcrumb"},"inLanguage":"nl-NL","potentialAction":[{"@type":"ReadAction","target":["https:\/\/tibladin.dk\/produkt\/gulvpude-puf-i-uld-afra\/"]}]},{"@type":"ImageObject","inLanguage":"nl-NL","@id":"https:\/\/tibladin.dk\/produkt\/gulvpude-puf-i-uld-afra\/#primaryimage","url":"https:\/\/tibladin.dk\/wp-content\/uploads\/2025\/08\/Photoroom_002_20250821_153153.jpeg","contentUrl":"https:\/\/tibladin.dk\/wp-content\/uploads\/2025\/08\/Photoroom_002_20250821_153153.jpeg","width":800,"height":800,"caption":"gulvpude AFRA"},{"@type":"BreadcrumbList","@id":"https:\/\/tibladin.dk\/produkt\/gulvpude-puf-i-uld-afra\/#breadcrumb","itemListElement":[{"@type":"ListItem","position":1,"name":"Hjem","item":"https:\/\/tibladin.dk\/"},{"@type":"ListItem","position":2,"name":"Shop","item":"https:\/\/tibladin.dk\/shop\/"},{"@type":"ListItem","position":3,"name":"Gulvpude\/puf i uld &#8211; AFRA"}]},{"@type":"WebSite","@id":"https:\/\/tibladin.dk\/#website","url":"https:\/\/tibladin.dk\/","name":"Tibladin","description":"Tibladin","publisher":{"@id":"https:\/\/tibladin.dk\/#organization"},"potentialAction":[{"@type":"SearchAction","target":{"@type":"EntryPoint","urlTemplate":"https:\/\/tibladin.dk\/?s={search_term_string}"},"query-input":{"@type":"PropertyValueSpecification","valueRequired":true,"valueName":"search_term_string"}}],"inLanguage":"nl-NL"},{"@type":"Organization","@id":"https:\/\/tibladin.dk\/#organization","name":"Tibladin","url":"https:\/\/tibladin.dk\/","logo":{"@type":"ImageObject","inLanguage":"nl-NL","@id":"https:\/\/tibladin.dk\/#\/schema\/logo\/image\/","url":"https:\/\/tibladin.dk\/wp-content\/uploads\/2022\/09\/tibladin_logo.svg","contentUrl":"https:\/\/tibladin.dk\/wp-content\/uploads\/2022\/09\/tibladin_logo.svg","caption":"Tibladin"},"image":{"@id":"https:\/\/tibladin.dk\/#\/schema\/logo\/image\/"}}]}},"_links":{"self":[{"href":"https:\/\/tibladin.dk\/nl\/wp-json\/wp\/v2\/product\/39193","targetHints":{"allow":["GET"]}}],"collection":[{"href":"https:\/\/tibladin.dk\/nl\/wp-json\/wp\/v2\/product"}],"about":[{"href":"https:\/\/tibladin.dk\/nl\/wp-json\/wp\/v2\/types\/product"}],"wp:featuredmedia":[{"embeddable":true,"href":"https:\/\/tibladin.dk\/nl\/wp-json\/wp\/v2\/media\/39200"}],"wp:attachment":[{"href":"https:\/\/tibladin.dk\/nl\/wp-json\/wp\/v2\/media?parent=39193"}],"wp:term":[{"taxonomy":"product_brand","embeddable":true,"href":"https:\/\/tibladin.dk\/nl\/wp-json\/wp\/v2\/product_brand?post=39193"},{"taxonomy":"product_cat","embeddable":true,"href":"https:\/\/tibladin.dk\/nl\/wp-json\/wp\/v2\/product_cat?post=39193"},{"taxonomy":"product_tag","embeddable":true,"href":"https:\/\/tibladin.dk\/nl\/wp-json\/wp\/v2\/product_tag?post=39193"}],"curies":[{"name":"wp","href":"https:\/\/api.w.org\/{rel}","templated":true}]}}