{"id":39278,"date":"2025-08-26T14:50:56","date_gmt":"2025-08-26T12:50:56","guid":{"rendered":"https:\/\/tibladin.dk\/?post_type=product&#038;p=39278"},"modified":"2026-02-26T14:33:39","modified_gmt":"2026-02-26T13:33:39","slug":"berber-tapijt-vintage-184x281-cm-aghilas","status":"publish","type":"product","link":"https:\/\/tibladin.dk\/nl\/produkt\/berbertaeppe-vintage-184x281-cm-aghilas\/","title":{"rendered":"Berber tapijt vintage 184\u00d7281 cm. AGHILAS"},"content":{"rendered":"<div class=\"wpb-content-wrapper\"><div class=\"vc_row wpb_row vc_row-fluid\"><div class=\"wpb_column vc_column_container vc_col-sm-12\"><div class=\"vc_column-inner\"><div class=\"wpb_wrapper\">\n\t<div class=\"wpb_text_column wpb_content_element\" >\n\t\t<div class=\"wpb_wrapper\">\n\t\t\t<p>!<\/p>\n\n\t\t<\/div>\n\t<\/div>\n<\/div><\/div><\/div><\/div><div class=\"vc_row wpb_row vc_row-fluid\"><div class=\"wpb_column vc_column_container vc_col-sm-4\"><div class=\"vc_column-inner\"><div class=\"wpb_wrapper\"><\/div><\/div><\/div><div class=\"wpb_column vc_column_container vc_col-sm-4\"><div class=\"vc_column-inner\"><div class=\"wpb_wrapper\"><h3 style=\"text-align: left\" class=\"vc_custom_heading vc_do_custom_heading\" >BOUJAAD tapijtonderhoud<\/h3>\n\t<div class=\"wpb_text_column wpb_content_element\" >\n\t\t<div class=\"wpb_wrapper\">\n\t\t\t<p>Stofzuig het Berbertapijt regelmatig en neem het mee naar buiten en schud het af en toe. Vlekken verwijdert u door de vlek zo snel mogelijk met een doek op te zuigen en vervolgens met een vochtige doek de vlek af te deppen. Het tapijt is 100% pure wol % en is op elke vezel op natuurlijke wijze bedekt met lanoline, waardoor vlekken niet in het tapijt dringen. Mochten we het geluk hebben om op een winter in Denemarken sneeuw te krijgen, leg dan eindelijk de deken in de witte sneeuw. Hierdoor wordt het tapijt grondig gereinigd \u2013 geheel natuurlijk.<\/p>\n\n\t\t<\/div>\n\t<\/div>\n<\/div><\/div><\/div><div class=\"wpb_column vc_column_container vc_col-sm-4\"><div class=\"vc_column-inner\"><div class=\"wpb_wrapper\"><h3 style=\"text-align: left\" class=\"vc_custom_heading vc_do_custom_heading\" >Het verhaal achter BOUJAAD-tapijten<\/h3>\n\t<div class=\"wpb_text_column wpb_content_element\" >\n\t\t<div class=\"wpb_wrapper\">\n\t\t\t<h2 data-start=\"146\" data-end=\"164\">Oorsprong<\/h2>\n<ul data-start=\"165\" data-end=\"531\">\n<li data-start=\"165\" data-end=\"282\">\n<p data-start=\"167\" data-end=\"282\">Boujaad-tapijten komen uit <strong data-start=\"193\" data-end=\"210\">Haouz-vlakte<\/strong> in centraal Marokko, vlakbij de stad <strong data-start=\"244\" data-end=\"255\">Boujad<\/strong>, ten westen van het Atlasgebergte.<\/p>\n<\/li>\n<li data-start=\"283\" data-end=\"414\">\n<p data-start=\"285\" data-end=\"414\">Ze zijn geweven van <strong data-start=\"300\" data-end=\"317\">Berberse vrouwen<\/strong>, vaak voor familiegebruik \u2013 niet voor de handel \u2013 waardoor veel van de oude tapijten volkomen uniek zijn.<\/p>\n<\/li>\n<li data-start=\"415\" data-end=\"531\">\n<p data-start=\"417\" data-end=\"531\">De traditie wordt al generaties lang doorgegeven en bevat krachtige symbolen die het leven, de hoop en de dromen van de wever weerspiegelen.<\/p>\n<\/li>\n<\/ul>\n<hr data-start=\"533\" data-end=\"536\" \/>\n<h2 data-start=\"538\" data-end=\"555\">Kenmerken<\/h2>\n<ul data-start=\"556\" data-end=\"1162\">\n<li data-start=\"556\" data-end=\"724\">\n<p data-start=\"558\" data-end=\"724\"><strong data-start=\"558\" data-end=\"569\">Kleuren:<\/strong> Boujaad staat bekend om zijn warme, verzadigde kleuren in <strong data-start=\"620\" data-end=\"668\">roze, rood, oranje, roest, koraal en aardse kleuren<\/strong> \u2013 vaak gekleurd met natuurlijke plantaardige en minerale kleurstoffen.<\/p>\n<\/li>\n<li data-start=\"725\" data-end=\"960\">\n<p data-start=\"727\" data-end=\"741\"><strong data-start=\"727\" data-end=\"739\">Patronen:<\/strong><\/p>\n<ul data-start=\"744\" data-end=\"960\">\n<li data-start=\"744\" data-end=\"858\">\n<p data-start=\"746\" data-end=\"858\">Typisch <strong data-start=\"753\" data-end=\"771\">diamantpatronen<\/strong> of geometrische symbolen, vaak vrijer en onregelmatiger dan bijvoorbeeld Beni Ourain.<\/p>\n<\/li>\n<li data-start=\"861\" data-end=\"960\">\n<p data-start=\"863\" data-end=\"960\">Veel tapijten hebben een soort <em data-start=\"889\" data-end=\"907\">\u201cabstracte po\u00ebzie\u201d<\/em> in het ontwerp \u2013 asymmetrisch, maar met een sterke symboliek.<\/p>\n<\/li>\n<\/ul>\n<\/li>\n<li data-start=\"961\" data-end=\"1062\">\n<p data-start=\"963\" data-end=\"1062\"><strong data-start=\"963\" data-end=\"978\">Materialen:<\/strong> Traditioneel gezien is dit wol, maar de laatste tijd vind je ook mengsels van wol en katoen.<\/p>\n<\/li>\n<li data-start=\"1063\" data-end=\"1162\">\n<p data-start=\"1065\" data-end=\"1162\"><strong data-start=\"1065\" data-end=\"1077\">Textuur:<\/strong> Ze zijn over het algemeen dunner dan Beni Ouarain, hebben een lagere pool en een dichter geweven structuur.<\/p>\n<\/li>\n<\/ul>\n<hr data-start=\"1164\" data-end=\"1167\" \/>\n<h2 data-start=\"1169\" data-end=\"1185\">Symboliek<\/h2>\n<p data-start=\"1186\" data-end=\"1244\">Zoals bij veel Berber-tapijten zitten de patronen vol betekenis:<\/p>\n<ul data-start=\"1245\" data-end=\"1465\">\n<li data-start=\"1245\" data-end=\"1306\">\n<p data-start=\"1247\" data-end=\"1306\"><strong data-start=\"1247\" data-end=\"1260\">Diamanten<\/strong> = vruchtbaarheid, vrouwelijkheid en bescherming.<\/p>\n<\/li>\n<li data-start=\"1307\" data-end=\"1367\">\n<p data-start=\"1309\" data-end=\"1367\"><strong data-start=\"1309\" data-end=\"1336\">Haken, zigzaggen en lijnen<\/strong> = levensreis en weerstand.<\/p>\n<\/li>\n<li data-start=\"1368\" data-end=\"1465\">\n<p data-start=\"1370\" data-end=\"1465\"><strong data-start=\"1370\" data-end=\"1382\">De kleuren<\/strong> = Rood wordt vaak geassocieerd met kracht en bescherming, roze met liefde en intimiteit.<\/p>\n<\/li>\n<\/ul>\n<hr data-start=\"1467\" data-end=\"1470\" \/>\n<h2 data-start=\"1472\" data-end=\"1505\">Populariteit en zeldzaamheid<\/h2>\n<ul data-start=\"1506\" data-end=\"2135\">\n<li data-start=\"1506\" data-end=\"1681\">\n<p data-start=\"1508\" data-end=\"1681\"><strong data-start=\"1508\" data-end=\"1534\">Vintage Boujaad-tapijten<\/strong> (vooral die uit de jaren 1950-1970) zijn tegenwoordig zeer gewild, omdat ze vaak geweven zijn van handgesponnen wol en geverfd met natuurlijke kleurstoffen.<\/p>\n<\/li>\n<li data-start=\"1682\" data-end=\"1795\">\n<p data-start=\"1684\" data-end=\"1795\">Zij zijn <strong data-start=\"1690\" data-end=\"1703\">minder vaak<\/strong> dan Beni Ourain omdat ze in kleinere aantallen werden geweven en niet voor de export werden geproduceerd.<\/p>\n<\/li>\n<li data-start=\"1796\" data-end=\"1975\">\n<p data-start=\"1798\" data-end=\"1975\">Tegenwoordig is de vraag onder ontwerpers en verzamelaars groot, vooral in Europa en de Verenigde Staten, waar Boujaad wordt beschouwd als een perfecte combinatie van <strong data-start=\"1931\" data-end=\"1972\">bohemian, vintage en artistieke expressie<\/strong>.<\/p>\n<\/li>\n<li data-start=\"1976\" data-end=\"2135\">\n<p data-start=\"1978\" data-end=\"2135\">Nieuwere Boujaad-tapijten worden nog steeds geweven, maar ze hebben niet dezelfde diepe patina en natuurlijke kleurenspel als de oudere tapijten. Daarom zijn de vintage versies het meest gewild.<\/p>\n<\/li>\n<\/ul>\n<hr data-start=\"2137\" data-end=\"2140\" \/>\n\n\t\t<\/div>\n\t<\/div>\n<\/div><\/div><\/div><\/div>\n<\/div>","protected":false},"excerpt":{"rendered":"<p data-start=\"0\" data-end=\"37\">Dit tapijt is werkelijk bijzonder \u2013 AGHILAS<\/p>\n<p data-start=\"39\" data-end=\"372\">Je hebt een echte <strong data-start=\"49\" data-end=\"72\">vintage berber tapijt - BOUJAAD<\/strong> Geweven in een dicht patroon van kleine kruis-\/bloemachtige symbolen in warme aardetinten, gecombineerd met prachtige tinten roze, rood en een vleugje groen. Het kleurenspel geeft het kleed een licht vrouwelijk en romantisch karakter, terwijl de geometrische herhalingen en randen het ambachtelijke karakter benadrukken.<\/p>\n<p data-start=\"374\" data-end=\"649\">Het heeft de patina die alleen echte vintage kan hebben \u2013 de kleuren zijn op precies de juiste manier vervaagd, waardoor het kleed een levendige en historische uitstraling krijgt. Het zal prachtig staan als statement piece in een lichte woonkamer of als kleurrijk contrast met een meer minimalistische inrichting.<\/p>\n<p data-start=\"374\" data-end=\"649\">Vintage Boujaad-tapijten zijn nu een zeldzame vondst en wereldwijd zeer gewild. Er werden er in de jaren 50-70 minder van geweven en ze worden niet voor de export geproduceerd. Het tapijt is geweven van handgesponnen wol en geverfd met natuurlijke kleurstoffen.<\/p>\n<p data-start=\"374\" data-end=\"649\">Aghilas betekent bloem in het Berbers. Het kleed is 184 x 281 cm groot en is perfect voor onder een eettafel, in de hoek van de bank of in de kamer.<\/p>","protected":false},"featured_media":39280,"template":"","meta":{"inline_featured_image":false},"product_brand":[],"product_cat":[143,59],"product_tag":[],"class_list":{"0":"post-39278","1":"product","2":"type-product","3":"status-publish","4":"has-post-thumbnail","6":"product_cat-berbertaepper","7":"product_cat-marokkanske-taepper","9":"first","10":"instock","11":"taxable","12":"shipping-taxable","13":"purchasable","14":"product-type-simple"},"exclude_global_add_ons":[],"addons":[],"yoast_head":"<!-- This site is optimized with the Yoast SEO plugin v27.5 - https:\/\/yoast.com\/product\/yoast-seo-wordpress\/ -->\n<title>Berbert\u00e6ppe | Marokkansk t\u00e6ppe | Kig her lige nu!<\/title>\n<meta name=\"description\" content=\"\u00c6gte Vintage Berbert\u00e6ppe i rosa nuancer og unikt blomstermotiv. Regul\u00e6r st\u00f8rrelse som passer fint til et sofahj\u00f8rne. Helt unikt og kun hos Tibladin.\" \/>\n<meta name=\"robots\" content=\"index, follow, max-snippet:-1, max-image-preview:large, max-video-preview:-1\" \/>\n<link rel=\"canonical\" href=\"https:\/\/tibladin.dk\/nl\/product-2\/berber-tapijt-vintage-184x281-cm-aghilas\/\" \/>\n<meta property=\"og:locale\" content=\"nl_NL\" \/>\n<meta property=\"og:type\" content=\"article\" \/>\n<meta property=\"og:title\" content=\"Berbert\u00e6ppe | Marokkansk t\u00e6ppe | Kig her lige nu!\" \/>\n<meta property=\"og:description\" content=\"\u00c6gte Vintage Berbert\u00e6ppe i rosa nuancer og unikt blomstermotiv. Regul\u00e6r st\u00f8rrelse som passer fint til et sofahj\u00f8rne. Helt unikt og kun hos Tibladin.\" \/>\n<meta property=\"og:url\" content=\"https:\/\/tibladin.dk\/nl\/product-2\/berber-tapijt-vintage-184x281-cm-aghilas\/\" \/>\n<meta property=\"og:site_name\" content=\"Tibladin\" \/>\n<meta property=\"article:modified_time\" content=\"2026-02-26T13:33:39+00:00\" \/>\n<meta property=\"og:image\" content=\"https:\/\/tibladin.dk\/wp-content\/uploads\/2025\/08\/Vintage-taeppe_AGHILAS_3.jpg\" \/>\n\t<meta property=\"og:image:width\" content=\"800\" \/>\n\t<meta property=\"og:image:height\" content=\"800\" \/>\n\t<meta property=\"og:image:type\" content=\"image\/jpeg\" \/>\n<meta name=\"twitter:card\" content=\"summary_large_image\" \/>\n<meta name=\"twitter:label1\" content=\"Geschatte leestijd\" \/>\n\t<meta name=\"twitter:data1\" content=\"3 minuten\" \/>\n<script type=\"application\/ld+json\" class=\"yoast-schema-graph\">{\"@context\":\"https:\\\/\\\/schema.org\",\"@graph\":[{\"@type\":\"WebPage\",\"@id\":\"https:\\\/\\\/tibladin.dk\\\/produkt\\\/berbertaeppe-vintage-184x281-cm-aghilas\\\/\",\"url\":\"https:\\\/\\\/tibladin.dk\\\/produkt\\\/berbertaeppe-vintage-184x281-cm-aghilas\\\/\",\"name\":\"Berbert\u00e6ppe | Marokkansk t\u00e6ppe | Kig her lige nu!\",\"isPartOf\":{\"@id\":\"https:\\\/\\\/tibladin.dk\\\/#website\"},\"primaryImageOfPage\":{\"@id\":\"https:\\\/\\\/tibladin.dk\\\/produkt\\\/berbertaeppe-vintage-184x281-cm-aghilas\\\/#primaryimage\"},\"image\":{\"@id\":\"https:\\\/\\\/tibladin.dk\\\/produkt\\\/berbertaeppe-vintage-184x281-cm-aghilas\\\/#primaryimage\"},\"thumbnailUrl\":\"https:\\\/\\\/tibladin.dk\\\/wp-content\\\/uploads\\\/2025\\\/08\\\/Vintage-taeppe_AGHILAS_3.jpg\",\"datePublished\":\"2025-08-26T12:50:56+00:00\",\"dateModified\":\"2026-02-26T13:33:39+00:00\",\"description\":\"\u00c6gte Vintage Berbert\u00e6ppe i rosa nuancer og unikt blomstermotiv. Regul\u00e6r st\u00f8rrelse som passer fint til et sofahj\u00f8rne. Helt unikt og kun hos Tibladin.\",\"breadcrumb\":{\"@id\":\"https:\\\/\\\/tibladin.dk\\\/produkt\\\/berbertaeppe-vintage-184x281-cm-aghilas\\\/#breadcrumb\"},\"inLanguage\":\"nl-NL\",\"potentialAction\":[{\"@type\":\"ReadAction\",\"target\":[\"https:\\\/\\\/tibladin.dk\\\/produkt\\\/berbertaeppe-vintage-184x281-cm-aghilas\\\/\"]}]},{\"@type\":\"ImageObject\",\"inLanguage\":\"nl-NL\",\"@id\":\"https:\\\/\\\/tibladin.dk\\\/produkt\\\/berbertaeppe-vintage-184x281-cm-aghilas\\\/#primaryimage\",\"url\":\"https:\\\/\\\/tibladin.dk\\\/wp-content\\\/uploads\\\/2025\\\/08\\\/Vintage-taeppe_AGHILAS_3.jpg\",\"contentUrl\":\"https:\\\/\\\/tibladin.dk\\\/wp-content\\\/uploads\\\/2025\\\/08\\\/Vintage-taeppe_AGHILAS_3.jpg\",\"width\":800,\"height\":800,\"caption\":\"Vintage t\u00e6ppe_AGHILAS\"},{\"@type\":\"BreadcrumbList\",\"@id\":\"https:\\\/\\\/tibladin.dk\\\/produkt\\\/berbertaeppe-vintage-184x281-cm-aghilas\\\/#breadcrumb\",\"itemListElement\":[{\"@type\":\"ListItem\",\"position\":1,\"name\":\"Hjem\",\"item\":\"https:\\\/\\\/tibladin.dk\\\/\"},{\"@type\":\"ListItem\",\"position\":2,\"name\":\"Shop\",\"item\":\"https:\\\/\\\/tibladin.dk\\\/shop\\\/\"},{\"@type\":\"ListItem\",\"position\":3,\"name\":\"Berbert\u00e6ppe vintage 184&#215;281 cm. AGHILAS\"}]},{\"@type\":\"WebSite\",\"@id\":\"https:\\\/\\\/tibladin.dk\\\/#website\",\"url\":\"https:\\\/\\\/tibladin.dk\\\/\",\"name\":\"Tibladin\",\"description\":\"Tibladin\",\"publisher\":{\"@id\":\"https:\\\/\\\/tibladin.dk\\\/#organization\"},\"potentialAction\":[{\"@type\":\"SearchAction\",\"target\":{\"@type\":\"EntryPoint\",\"urlTemplate\":\"https:\\\/\\\/tibladin.dk\\\/?s={search_term_string}\"},\"query-input\":{\"@type\":\"PropertyValueSpecification\",\"valueRequired\":true,\"valueName\":\"search_term_string\"}}],\"inLanguage\":\"nl-NL\"},{\"@type\":\"Organization\",\"@id\":\"https:\\\/\\\/tibladin.dk\\\/#organization\",\"name\":\"Tibladin\",\"url\":\"https:\\\/\\\/tibladin.dk\\\/\",\"logo\":{\"@type\":\"ImageObject\",\"inLanguage\":\"nl-NL\",\"@id\":\"https:\\\/\\\/tibladin.dk\\\/#\\\/schema\\\/logo\\\/image\\\/\",\"url\":\"https:\\\/\\\/tibladin.dk\\\/wp-content\\\/uploads\\\/2022\\\/09\\\/tibladin_logo.svg\",\"contentUrl\":\"https:\\\/\\\/tibladin.dk\\\/wp-content\\\/uploads\\\/2022\\\/09\\\/tibladin_logo.svg\",\"caption\":\"Tibladin\"},\"image\":{\"@id\":\"https:\\\/\\\/tibladin.dk\\\/#\\\/schema\\\/logo\\\/image\\\/\"}}]}<\/script>\n<!-- \/ Yoast SEO plugin. -->","yoast_head_json":{"title":"Berbertapijt | Marokkaans vloerkleed | Kijk hier meteen!","description":"Origineel vintage Berber tapijt in roze tinten en een uniek bloemenmotief. Standaardformaat, past perfect in een hoekbank. Volledig uniek en alleen bij Tibladin.","robots":{"index":"index","follow":"follow","max-snippet":"max-snippet:-1","max-image-preview":"max-image-preview:large","max-video-preview":"max-video-preview:-1"},"canonical":"https:\/\/tibladin.dk\/nl\/product-2\/berber-tapijt-vintage-184x281-cm-aghilas\/","og_locale":"nl_NL","og_type":"article","og_title":"Berbert\u00e6ppe | Marokkansk t\u00e6ppe | Kig her lige nu!","og_description":"\u00c6gte Vintage Berbert\u00e6ppe i rosa nuancer og unikt blomstermotiv. Regul\u00e6r st\u00f8rrelse som passer fint til et sofahj\u00f8rne. Helt unikt og kun hos Tibladin.","og_url":"https:\/\/tibladin.dk\/nl\/product-2\/berber-tapijt-vintage-184x281-cm-aghilas\/","og_site_name":"Tibladin","article_modified_time":"2026-02-26T13:33:39+00:00","og_image":[{"width":800,"height":800,"url":"https:\/\/tibladin.dk\/wp-content\/uploads\/2025\/08\/Vintage-taeppe_AGHILAS_3.jpg","type":"image\/jpeg"}],"twitter_card":"summary_large_image","twitter_misc":{"Geschatte leestijd":"3 minuten"},"schema":{"@context":"https:\/\/schema.org","@graph":[{"@type":"WebPage","@id":"https:\/\/tibladin.dk\/produkt\/berbertaeppe-vintage-184x281-cm-aghilas\/","url":"https:\/\/tibladin.dk\/produkt\/berbertaeppe-vintage-184x281-cm-aghilas\/","name":"Berbertapijt | Marokkaans vloerkleed | Kijk hier meteen!","isPartOf":{"@id":"https:\/\/tibladin.dk\/#website"},"primaryImageOfPage":{"@id":"https:\/\/tibladin.dk\/produkt\/berbertaeppe-vintage-184x281-cm-aghilas\/#primaryimage"},"image":{"@id":"https:\/\/tibladin.dk\/produkt\/berbertaeppe-vintage-184x281-cm-aghilas\/#primaryimage"},"thumbnailUrl":"https:\/\/tibladin.dk\/wp-content\/uploads\/2025\/08\/Vintage-taeppe_AGHILAS_3.jpg","datePublished":"2025-08-26T12:50:56+00:00","dateModified":"2026-02-26T13:33:39+00:00","description":"Origineel vintage Berber tapijt in roze tinten en een uniek bloemenmotief. Standaardformaat, past perfect in een hoekbank. Volledig uniek en alleen bij Tibladin.","breadcrumb":{"@id":"https:\/\/tibladin.dk\/produkt\/berbertaeppe-vintage-184x281-cm-aghilas\/#breadcrumb"},"inLanguage":"nl-NL","potentialAction":[{"@type":"ReadAction","target":["https:\/\/tibladin.dk\/produkt\/berbertaeppe-vintage-184x281-cm-aghilas\/"]}]},{"@type":"ImageObject","inLanguage":"nl-NL","@id":"https:\/\/tibladin.dk\/produkt\/berbertaeppe-vintage-184x281-cm-aghilas\/#primaryimage","url":"https:\/\/tibladin.dk\/wp-content\/uploads\/2025\/08\/Vintage-taeppe_AGHILAS_3.jpg","contentUrl":"https:\/\/tibladin.dk\/wp-content\/uploads\/2025\/08\/Vintage-taeppe_AGHILAS_3.jpg","width":800,"height":800,"caption":"Vintage t\u00e6ppe_AGHILAS"},{"@type":"BreadcrumbList","@id":"https:\/\/tibladin.dk\/produkt\/berbertaeppe-vintage-184x281-cm-aghilas\/#breadcrumb","itemListElement":[{"@type":"ListItem","position":1,"name":"Hjem","item":"https:\/\/tibladin.dk\/"},{"@type":"ListItem","position":2,"name":"Shop","item":"https:\/\/tibladin.dk\/shop\/"},{"@type":"ListItem","position":3,"name":"Berbert\u00e6ppe vintage 184&#215;281 cm. AGHILAS"}]},{"@type":"WebSite","@id":"https:\/\/tibladin.dk\/#website","url":"https:\/\/tibladin.dk\/","name":"Tibladin","description":"Tibladin","publisher":{"@id":"https:\/\/tibladin.dk\/#organization"},"potentialAction":[{"@type":"SearchAction","target":{"@type":"EntryPoint","urlTemplate":"https:\/\/tibladin.dk\/?s={search_term_string}"},"query-input":{"@type":"PropertyValueSpecification","valueRequired":true,"valueName":"search_term_string"}}],"inLanguage":"nl-NL"},{"@type":"Organization","@id":"https:\/\/tibladin.dk\/#organization","name":"Tibladin","url":"https:\/\/tibladin.dk\/","logo":{"@type":"ImageObject","inLanguage":"nl-NL","@id":"https:\/\/tibladin.dk\/#\/schema\/logo\/image\/","url":"https:\/\/tibladin.dk\/wp-content\/uploads\/2022\/09\/tibladin_logo.svg","contentUrl":"https:\/\/tibladin.dk\/wp-content\/uploads\/2022\/09\/tibladin_logo.svg","caption":"Tibladin"},"image":{"@id":"https:\/\/tibladin.dk\/#\/schema\/logo\/image\/"}}]}},"_links":{"self":[{"href":"https:\/\/tibladin.dk\/nl\/wp-json\/wp\/v2\/product\/39278","targetHints":{"allow":["GET"]}}],"collection":[{"href":"https:\/\/tibladin.dk\/nl\/wp-json\/wp\/v2\/product"}],"about":[{"href":"https:\/\/tibladin.dk\/nl\/wp-json\/wp\/v2\/types\/product"}],"wp:featuredmedia":[{"embeddable":true,"href":"https:\/\/tibladin.dk\/nl\/wp-json\/wp\/v2\/media\/39280"}],"wp:attachment":[{"href":"https:\/\/tibladin.dk\/nl\/wp-json\/wp\/v2\/media?parent=39278"}],"wp:term":[{"taxonomy":"product_brand","embeddable":true,"href":"https:\/\/tibladin.dk\/nl\/wp-json\/wp\/v2\/product_brand?post=39278"},{"taxonomy":"product_cat","embeddable":true,"href":"https:\/\/tibladin.dk\/nl\/wp-json\/wp\/v2\/product_cat?post=39278"},{"taxonomy":"product_tag","embeddable":true,"href":"https:\/\/tibladin.dk\/nl\/wp-json\/wp\/v2\/product_tag?post=39278"}],"curies":[{"name":"wp","href":"https:\/\/api.w.org\/{rel}","templated":true}]}}