{"id":39282,"date":"2025-08-26T15:20:00","date_gmt":"2025-08-26T13:20:00","guid":{"rendered":"https:\/\/tibladin.dk\/?post_type=product&#038;p=39282"},"modified":"2026-02-06T18:48:38","modified_gmt":"2026-02-06T17:48:38","slug":"berber-tapijt-vintage-185x310cm-ijsgordel","status":"publish","type":"product","link":"https:\/\/tibladin.dk\/nl\/produkt\/berbertaeppe-vintage-185x310cm-asirem\/","title":{"rendered":"Berbertapijt vintage 185x310cm. ASIREM"},"content":{"rendered":"<div class=\"wpb-content-wrapper\"><div class=\"vc_row wpb_row vc_row-fluid\"><div class=\"wpb_column vc_column_container vc_col-sm-12\"><div class=\"vc_column-inner\"><div class=\"wpb_wrapper\">\n\t<div class=\"wpb_text_column wpb_content_element\" >\n\t\t<div class=\"wpb_wrapper\">\n\t\t\t<p>!<\/p>\n\n\t\t<\/div>\n\t<\/div>\n<\/div><\/div><\/div><\/div><div class=\"vc_row wpb_row vc_row-fluid\"><div class=\"wpb_column vc_column_container vc_col-sm-4\"><div class=\"vc_column-inner\"><div class=\"wpb_wrapper\"><\/div><\/div><\/div><div class=\"wpb_column vc_column_container vc_col-sm-4\"><div class=\"vc_column-inner\"><div class=\"wpb_wrapper\"><h3 style=\"text-align: left\" class=\"vc_custom_heading vc_do_custom_heading\" >Beni Mguild tapijtonderhoud<\/h3>\n\t<div class=\"wpb_text_column wpb_content_element\" >\n\t\t<div class=\"wpb_wrapper\">\n\t\t\t<p>Stofzuig het Berbertapijt regelmatig en neem het mee naar buiten en schud het af en toe. Vlekken verwijdert u door de vlek zo snel mogelijk met een doek op te zuigen en vervolgens met een vochtige doek de vlek af te deppen. Het tapijt is 100% pure wol % en is op elke vezel op natuurlijke wijze bedekt met lanoline, waardoor vlekken niet in het tapijt dringen. Mochten we het geluk hebben om op een winter in Denemarken sneeuw te krijgen, leg dan eindelijk de deken in de witte sneeuw. Hierdoor wordt het tapijt grondig gereinigd \u2013 geheel natuurlijk.<\/p>\n\n\t\t<\/div>\n\t<\/div>\n<\/div><\/div><\/div><div class=\"wpb_column vc_column_container vc_col-sm-4\"><div class=\"vc_column-inner\"><div class=\"wpb_wrapper\"><h3 style=\"text-align: left\" class=\"vc_custom_heading vc_do_custom_heading\" >Het verhaal achter Beni Mguild-tapijten<\/h3>\n\t<div class=\"wpb_text_column wpb_content_element\" >\n\t\t<div class=\"wpb_wrapper\">\n\t\t\t<h3 data-start=\"160\" data-end=\"191\"><strong data-start=\"167\" data-end=\"191\">Oorsprong en gebied<\/strong><\/h3>\n<ul data-start=\"192\" data-end=\"439\">\n<li data-start=\"192\" data-end=\"314\">\n<p data-start=\"194\" data-end=\"314\">De Beni Mguild-stam behoort tot <strong data-start=\"226\" data-end=\"250\">Midden-Atlasgebergte<\/strong>, vooral rond steden <strong data-start=\"272\" data-end=\"291\">Azrou en Boujad<\/strong> in de regio Khenifra.<\/p>\n<\/li>\n<li data-start=\"315\" data-end=\"439\">\n<p data-start=\"317\" data-end=\"439\">Het gebied is bergachtig en koud, wat invloed heeft gehad op de stijl van de dekens: ze werden gemaakt om warmte vast te houden in strenge winters.<\/p>\n<\/li>\n<\/ul>\n<hr data-start=\"441\" data-end=\"444\" \/>\n<h3 data-start=\"446\" data-end=\"489\"><strong data-start=\"453\" data-end=\"489\">Kenmerken van Beni Mguild-tapijten<\/strong><\/h3>\n<ul data-start=\"490\" data-end=\"965\">\n<li data-start=\"490\" data-end=\"650\">\n<p data-start=\"492\" data-end=\"650\"><strong data-start=\"492\" data-end=\"503\">Kleuren:<\/strong> Vaak diepe en donkere tinten \u2013 vooral <strong data-start=\"538\" data-end=\"582\">indigoblauw, rood, bruin, paars en bordeauxrood<\/strong>Het donkerblauw (indigo) is bijna een kenmerkend kenmerk van Beni Mguild.<\/p>\n<\/li>\n<li data-start=\"651\" data-end=\"761\">\n<p data-start=\"653\" data-end=\"761\"><strong data-start=\"653\" data-end=\"665\">Patronen:<\/strong> Klassiek <strong data-start=\"676\" data-end=\"694\">diamantpatronen<\/strong> in herhalingen, maar dichter en \u201cvoller\u201d dan bijvoorbeeld Beni Ourain.<\/p>\n<\/li>\n<li data-start=\"762\" data-end=\"851\">\n<p data-start=\"764\" data-end=\"851\"><strong data-start=\"764\" data-end=\"776\">Textuur:<\/strong> Dikke, sterke en zware wollen dekens \u2013 perfect voor de kou in de bergen.<\/p>\n<\/li>\n<li data-start=\"852\" data-end=\"965\">\n<p data-start=\"854\" data-end=\"965\"><strong data-start=\"854\" data-end=\"865\">Patina:<\/strong> Veel vintage Beni Mguilds hebben een prachtig vervaagd oppervlak, waarbij de kleuren in de loop van de tijd zachter zijn geworden.<\/p>\n<\/li>\n<\/ul>\n<hr data-start=\"967\" data-end=\"970\" \/>\n<h3 data-start=\"972\" data-end=\"991\"><strong data-start=\"979\" data-end=\"991\">Symboliek<\/strong><\/h3>\n<p data-start=\"992\" data-end=\"1052\">Net als bij andere Berberstammen zijn de patronen niet willekeurig:<\/p>\n<ul data-start=\"1053\" data-end=\"1240\">\n<li data-start=\"1053\" data-end=\"1134\">\n<p data-start=\"1055\" data-end=\"1134\"><strong data-start=\"1055\" data-end=\"1077\">Ruiten en kruisen<\/strong> symboliseert bescherming, vruchtbaarheid en vrouwelijkheid.<\/p>\n<\/li>\n<li data-start=\"1135\" data-end=\"1240\">\n<p data-start=\"1137\" data-end=\"1240\">Repetitieve vormen kunnen gezien worden als een verhaal over de reis van het leven, de cyclus van de natuur en de spirituele overtuigingen van de stammen.<\/p>\n<\/li>\n<\/ul>\n\n\t\t<\/div>\n\t<\/div>\n<\/div><\/div><\/div><\/div>\n<\/div>","protected":false},"excerpt":{"rendered":"<p data-start=\"0\" data-end=\"114\">Dit is indrukwekkend <strong data-start=\"26\" data-end=\"49\">vintage berber tapijt BENI MAGHIL ook geschreven BENI Mguild<\/strong>\u00a0op <strong data-start=\"53\" data-end=\"67\">185\u00d7310 cm<\/strong>, en het bevat werkelijk een sterk verhaal.<\/p>\n<p data-start=\"116\" data-end=\"407\">Het kleed is geweven in een gedetailleerd ruitpatroon, waarbij de herhalende geometrische vormen een bijna hypnotiserend ritme cre\u00ebren. De kleuren zijn prachtig vervaagd met tinten grijs, blauw, beige en een vleugje roestrood in het midden \u2013 de patina geeft het kleed een levendig karakter dat alleen decennialang gebruik kan cre\u00ebren.<\/p>\n<ul data-start=\"192\" data-end=\"439\">\n<li data-start=\"192\" data-end=\"314\">\n<p data-start=\"194\" data-end=\"314\">De Beni Mguild-stam behoort tot <strong data-start=\"226\" data-end=\"250\">Midden-Atlasgebergte<\/strong>, vooral rond steden <strong data-start=\"272\" data-end=\"291\">Azrou en Boujad<\/strong> in de regio Khenifra.<\/p>\n<\/li>\n<li data-start=\"315\" data-end=\"439\">\n<p data-start=\"317\" data-end=\"439\">Het gebied is bergachtig en koud, wat invloed heeft gehad op de stijl van de dekens: ze werden gemaakt om warmte vast te houden in strenge winters.<\/p>\n<\/li>\n<\/ul>\n<p data-start=\"409\" data-end=\"734\">Het is een klassiek voorbeeld van hoe Berbervrouwen kunst en functionaliteit combineren: de patronen zijn geworteld in de symboliek van bescherming, leven en evenwicht, en ogen tegelijkertijd elegant en modern. Door zijn formaat is het tapijt ideaal voor een grote woon- of eetkamer, waar het een opvallend middelpunt kan vormen.<\/p>\n<p data-start=\"409\" data-end=\"734\">ASRIEM betekent hoop in het Berbers.<\/p>","protected":false},"featured_media":39290,"template":"","meta":{"inline_featured_image":false},"product_brand":[],"product_cat":[143,59],"product_tag":[],"class_list":{"0":"post-39282","1":"product","2":"type-product","3":"status-publish","4":"has-post-thumbnail","6":"product_cat-berbertaepper","7":"product_cat-marokkanske-taepper","9":"first","10":"instock","11":"taxable","12":"shipping-taxable","13":"purchasable","14":"product-type-simple"},"exclude_global_add_ons":[],"addons":[],"yoast_head":"<!-- This site is optimized with the Yoast SEO plugin v27.4 - https:\/\/yoast.com\/product\/yoast-seo-wordpress\/ -->\n<title>Berbert\u00e6ppe | Marokkansk t\u00e6ppe | Kig her lige nu!<\/title>\n<meta name=\"description\" content=\"\u00c6gte Vintage Berbert\u00e6ppe i rolige bl\u00e5, gr\u00e5 og beige nuancer. Et stort dejligt t\u00e6ppe med masser af historie og karakter. Se det hos Tibladin.\" \/>\n<meta name=\"robots\" content=\"index, follow, max-snippet:-1, max-image-preview:large, max-video-preview:-1\" \/>\n<link rel=\"canonical\" href=\"https:\/\/tibladin.dk\/nl\/product-2\/berber-tapijt-vintage-185x310cm-ijsgordel\/\" \/>\n<meta property=\"og:locale\" content=\"nl_NL\" \/>\n<meta property=\"og:type\" content=\"article\" \/>\n<meta property=\"og:title\" content=\"Berbert\u00e6ppe | Marokkansk t\u00e6ppe | Kig her lige nu!\" \/>\n<meta property=\"og:description\" content=\"\u00c6gte Vintage Berbert\u00e6ppe i rolige bl\u00e5, gr\u00e5 og beige nuancer. Et stort dejligt t\u00e6ppe med masser af historie og karakter. Se det hos Tibladin.\" \/>\n<meta property=\"og:url\" content=\"https:\/\/tibladin.dk\/nl\/product-2\/berber-tapijt-vintage-185x310cm-ijsgordel\/\" \/>\n<meta property=\"og:site_name\" content=\"Tibladin\" \/>\n<meta property=\"article:modified_time\" content=\"2026-02-06T17:48:38+00:00\" \/>\n<meta property=\"og:image\" content=\"https:\/\/tibladin.dk\/wp-content\/uploads\/2025\/08\/Berbertaeppe_ASIREM_9.jpg\" \/>\n\t<meta property=\"og:image:width\" content=\"800\" \/>\n\t<meta property=\"og:image:height\" content=\"800\" \/>\n\t<meta property=\"og:image:type\" content=\"image\/jpeg\" \/>\n<meta name=\"twitter:card\" content=\"summary_large_image\" \/>\n<meta name=\"twitter:label1\" content=\"Geschatte leestijd\" \/>\n\t<meta name=\"twitter:data1\" content=\"2 minuten\" \/>\n<script type=\"application\/ld+json\" class=\"yoast-schema-graph\">{\"@context\":\"https:\\\/\\\/schema.org\",\"@graph\":[{\"@type\":\"WebPage\",\"@id\":\"https:\\\/\\\/tibladin.dk\\\/produkt\\\/berbertaeppe-vintage-185x310cm-asirem\\\/\",\"url\":\"https:\\\/\\\/tibladin.dk\\\/produkt\\\/berbertaeppe-vintage-185x310cm-asirem\\\/\",\"name\":\"Berbert\u00e6ppe | Marokkansk t\u00e6ppe | Kig her lige nu!\",\"isPartOf\":{\"@id\":\"https:\\\/\\\/tibladin.dk\\\/#website\"},\"primaryImageOfPage\":{\"@id\":\"https:\\\/\\\/tibladin.dk\\\/produkt\\\/berbertaeppe-vintage-185x310cm-asirem\\\/#primaryimage\"},\"image\":{\"@id\":\"https:\\\/\\\/tibladin.dk\\\/produkt\\\/berbertaeppe-vintage-185x310cm-asirem\\\/#primaryimage\"},\"thumbnailUrl\":\"https:\\\/\\\/tibladin.dk\\\/wp-content\\\/uploads\\\/2025\\\/08\\\/Berbertaeppe_ASIREM_9.jpg\",\"datePublished\":\"2025-08-26T13:20:00+00:00\",\"dateModified\":\"2026-02-06T17:48:38+00:00\",\"description\":\"\u00c6gte Vintage Berbert\u00e6ppe i rolige bl\u00e5, gr\u00e5 og beige nuancer. Et stort dejligt t\u00e6ppe med masser af historie og karakter. Se det hos Tibladin.\",\"breadcrumb\":{\"@id\":\"https:\\\/\\\/tibladin.dk\\\/produkt\\\/berbertaeppe-vintage-185x310cm-asirem\\\/#breadcrumb\"},\"inLanguage\":\"nl-NL\",\"potentialAction\":[{\"@type\":\"ReadAction\",\"target\":[\"https:\\\/\\\/tibladin.dk\\\/produkt\\\/berbertaeppe-vintage-185x310cm-asirem\\\/\"]}]},{\"@type\":\"ImageObject\",\"inLanguage\":\"nl-NL\",\"@id\":\"https:\\\/\\\/tibladin.dk\\\/produkt\\\/berbertaeppe-vintage-185x310cm-asirem\\\/#primaryimage\",\"url\":\"https:\\\/\\\/tibladin.dk\\\/wp-content\\\/uploads\\\/2025\\\/08\\\/Berbertaeppe_ASIREM_9.jpg\",\"contentUrl\":\"https:\\\/\\\/tibladin.dk\\\/wp-content\\\/uploads\\\/2025\\\/08\\\/Berbertaeppe_ASIREM_9.jpg\",\"width\":800,\"height\":800,\"caption\":\"Berbert\u00e6ppe_ASIREM\"},{\"@type\":\"BreadcrumbList\",\"@id\":\"https:\\\/\\\/tibladin.dk\\\/produkt\\\/berbertaeppe-vintage-185x310cm-asirem\\\/#breadcrumb\",\"itemListElement\":[{\"@type\":\"ListItem\",\"position\":1,\"name\":\"Hjem\",\"item\":\"https:\\\/\\\/tibladin.dk\\\/\"},{\"@type\":\"ListItem\",\"position\":2,\"name\":\"Shop\",\"item\":\"https:\\\/\\\/tibladin.dk\\\/shop\\\/\"},{\"@type\":\"ListItem\",\"position\":3,\"name\":\"Berbert\u00e6ppe vintage 185x310cm. ASIREM\"}]},{\"@type\":\"WebSite\",\"@id\":\"https:\\\/\\\/tibladin.dk\\\/#website\",\"url\":\"https:\\\/\\\/tibladin.dk\\\/\",\"name\":\"Tibladin\",\"description\":\"Tibladin\",\"publisher\":{\"@id\":\"https:\\\/\\\/tibladin.dk\\\/#organization\"},\"potentialAction\":[{\"@type\":\"SearchAction\",\"target\":{\"@type\":\"EntryPoint\",\"urlTemplate\":\"https:\\\/\\\/tibladin.dk\\\/?s={search_term_string}\"},\"query-input\":{\"@type\":\"PropertyValueSpecification\",\"valueRequired\":true,\"valueName\":\"search_term_string\"}}],\"inLanguage\":\"nl-NL\"},{\"@type\":\"Organization\",\"@id\":\"https:\\\/\\\/tibladin.dk\\\/#organization\",\"name\":\"Tibladin\",\"url\":\"https:\\\/\\\/tibladin.dk\\\/\",\"logo\":{\"@type\":\"ImageObject\",\"inLanguage\":\"nl-NL\",\"@id\":\"https:\\\/\\\/tibladin.dk\\\/#\\\/schema\\\/logo\\\/image\\\/\",\"url\":\"https:\\\/\\\/tibladin.dk\\\/wp-content\\\/uploads\\\/2022\\\/09\\\/tibladin_logo.svg\",\"contentUrl\":\"https:\\\/\\\/tibladin.dk\\\/wp-content\\\/uploads\\\/2022\\\/09\\\/tibladin_logo.svg\",\"caption\":\"Tibladin\"},\"image\":{\"@id\":\"https:\\\/\\\/tibladin.dk\\\/#\\\/schema\\\/logo\\\/image\\\/\"}}]}<\/script>\n<!-- \/ Yoast SEO plugin. -->","yoast_head_json":{"title":"Berbertapijt | Marokkaans vloerkleed | Kijk hier meteen!","description":"Origineel vintage Berber tapijt in rustige blauw-, grijs- en beigetinten. Een groot, prachtig tapijt met veel geschiedenis en karakter. Bekijk het bij Tibladin.","robots":{"index":"index","follow":"follow","max-snippet":"max-snippet:-1","max-image-preview":"max-image-preview:large","max-video-preview":"max-video-preview:-1"},"canonical":"https:\/\/tibladin.dk\/nl\/product-2\/berber-tapijt-vintage-185x310cm-ijsgordel\/","og_locale":"nl_NL","og_type":"article","og_title":"Berbert\u00e6ppe | Marokkansk t\u00e6ppe | Kig her lige nu!","og_description":"\u00c6gte Vintage Berbert\u00e6ppe i rolige bl\u00e5, gr\u00e5 og beige nuancer. Et stort dejligt t\u00e6ppe med masser af historie og karakter. Se det hos Tibladin.","og_url":"https:\/\/tibladin.dk\/nl\/product-2\/berber-tapijt-vintage-185x310cm-ijsgordel\/","og_site_name":"Tibladin","article_modified_time":"2026-02-06T17:48:38+00:00","og_image":[{"width":800,"height":800,"url":"https:\/\/tibladin.dk\/wp-content\/uploads\/2025\/08\/Berbertaeppe_ASIREM_9.jpg","type":"image\/jpeg"}],"twitter_card":"summary_large_image","twitter_misc":{"Geschatte leestijd":"2 minuten"},"schema":{"@context":"https:\/\/schema.org","@graph":[{"@type":"WebPage","@id":"https:\/\/tibladin.dk\/produkt\/berbertaeppe-vintage-185x310cm-asirem\/","url":"https:\/\/tibladin.dk\/produkt\/berbertaeppe-vintage-185x310cm-asirem\/","name":"Berbertapijt | Marokkaans vloerkleed | Kijk hier meteen!","isPartOf":{"@id":"https:\/\/tibladin.dk\/#website"},"primaryImageOfPage":{"@id":"https:\/\/tibladin.dk\/produkt\/berbertaeppe-vintage-185x310cm-asirem\/#primaryimage"},"image":{"@id":"https:\/\/tibladin.dk\/produkt\/berbertaeppe-vintage-185x310cm-asirem\/#primaryimage"},"thumbnailUrl":"https:\/\/tibladin.dk\/wp-content\/uploads\/2025\/08\/Berbertaeppe_ASIREM_9.jpg","datePublished":"2025-08-26T13:20:00+00:00","dateModified":"2026-02-06T17:48:38+00:00","description":"Origineel vintage Berber tapijt in rustige blauw-, grijs- en beigetinten. Een groot, prachtig tapijt met veel geschiedenis en karakter. Bekijk het bij Tibladin.","breadcrumb":{"@id":"https:\/\/tibladin.dk\/produkt\/berbertaeppe-vintage-185x310cm-asirem\/#breadcrumb"},"inLanguage":"nl-NL","potentialAction":[{"@type":"ReadAction","target":["https:\/\/tibladin.dk\/produkt\/berbertaeppe-vintage-185x310cm-asirem\/"]}]},{"@type":"ImageObject","inLanguage":"nl-NL","@id":"https:\/\/tibladin.dk\/produkt\/berbertaeppe-vintage-185x310cm-asirem\/#primaryimage","url":"https:\/\/tibladin.dk\/wp-content\/uploads\/2025\/08\/Berbertaeppe_ASIREM_9.jpg","contentUrl":"https:\/\/tibladin.dk\/wp-content\/uploads\/2025\/08\/Berbertaeppe_ASIREM_9.jpg","width":800,"height":800,"caption":"Berbert\u00e6ppe_ASIREM"},{"@type":"BreadcrumbList","@id":"https:\/\/tibladin.dk\/produkt\/berbertaeppe-vintage-185x310cm-asirem\/#breadcrumb","itemListElement":[{"@type":"ListItem","position":1,"name":"Hjem","item":"https:\/\/tibladin.dk\/"},{"@type":"ListItem","position":2,"name":"Shop","item":"https:\/\/tibladin.dk\/shop\/"},{"@type":"ListItem","position":3,"name":"Berbert\u00e6ppe vintage 185x310cm. ASIREM"}]},{"@type":"WebSite","@id":"https:\/\/tibladin.dk\/#website","url":"https:\/\/tibladin.dk\/","name":"Tibladin","description":"Tibladin","publisher":{"@id":"https:\/\/tibladin.dk\/#organization"},"potentialAction":[{"@type":"SearchAction","target":{"@type":"EntryPoint","urlTemplate":"https:\/\/tibladin.dk\/?s={search_term_string}"},"query-input":{"@type":"PropertyValueSpecification","valueRequired":true,"valueName":"search_term_string"}}],"inLanguage":"nl-NL"},{"@type":"Organization","@id":"https:\/\/tibladin.dk\/#organization","name":"Tibladin","url":"https:\/\/tibladin.dk\/","logo":{"@type":"ImageObject","inLanguage":"nl-NL","@id":"https:\/\/tibladin.dk\/#\/schema\/logo\/image\/","url":"https:\/\/tibladin.dk\/wp-content\/uploads\/2022\/09\/tibladin_logo.svg","contentUrl":"https:\/\/tibladin.dk\/wp-content\/uploads\/2022\/09\/tibladin_logo.svg","caption":"Tibladin"},"image":{"@id":"https:\/\/tibladin.dk\/#\/schema\/logo\/image\/"}}]}},"_links":{"self":[{"href":"https:\/\/tibladin.dk\/nl\/wp-json\/wp\/v2\/product\/39282","targetHints":{"allow":["GET"]}}],"collection":[{"href":"https:\/\/tibladin.dk\/nl\/wp-json\/wp\/v2\/product"}],"about":[{"href":"https:\/\/tibladin.dk\/nl\/wp-json\/wp\/v2\/types\/product"}],"wp:featuredmedia":[{"embeddable":true,"href":"https:\/\/tibladin.dk\/nl\/wp-json\/wp\/v2\/media\/39290"}],"wp:attachment":[{"href":"https:\/\/tibladin.dk\/nl\/wp-json\/wp\/v2\/media?parent=39282"}],"wp:term":[{"taxonomy":"product_brand","embeddable":true,"href":"https:\/\/tibladin.dk\/nl\/wp-json\/wp\/v2\/product_brand?post=39282"},{"taxonomy":"product_cat","embeddable":true,"href":"https:\/\/tibladin.dk\/nl\/wp-json\/wp\/v2\/product_cat?post=39282"},{"taxonomy":"product_tag","embeddable":true,"href":"https:\/\/tibladin.dk\/nl\/wp-json\/wp\/v2\/product_tag?post=39282"}],"curies":[{"name":"wp","href":"https:\/\/api.w.org\/{rel}","templated":true}]}}