{"id":39418,"date":"2025-08-30T13:28:35","date_gmt":"2025-08-30T11:28:35","guid":{"rendered":"https:\/\/tibladin.dk\/?post_type=product&#038;p=39418"},"modified":"2026-02-06T18:48:37","modified_gmt":"2026-02-06T17:48:37","slug":"berber-tapijt-vintage-190x320-cm-anir","status":"publish","type":"product","link":"https:\/\/tibladin.dk\/nl\/produkt\/berbertaeppe-vintage-190x320-cm-anir\/","title":{"rendered":"Berbertapijt vintage 190\u00d7320 cm. ANIR"},"content":{"rendered":"<div class=\"wpb-content-wrapper\"><div class=\"vc_row wpb_row vc_row-fluid\"><div class=\"wpb_column vc_column_container vc_col-sm-12\"><div class=\"vc_column-inner\"><div class=\"wpb_wrapper\">\n\t<div class=\"wpb_text_column wpb_content_element\" >\n\t\t<div class=\"wpb_wrapper\">\n\t\t\t<p>!<\/p>\n\n\t\t<\/div>\n\t<\/div>\n<\/div><\/div><\/div><\/div><div class=\"vc_row wpb_row vc_row-fluid\"><div class=\"wpb_column vc_column_container vc_col-sm-4\"><div class=\"vc_column-inner\"><div class=\"wpb_wrapper\"><\/div><\/div><\/div><div class=\"wpb_column vc_column_container vc_col-sm-4\"><div class=\"vc_column-inner\"><div class=\"wpb_wrapper\"><h3 style=\"text-align: left\" class=\"vc_custom_heading vc_do_custom_heading\" >Tapijten van Taznakt onderhoud<\/h3>\n\t<div class=\"wpb_text_column wpb_content_element\" >\n\t\t<div class=\"wpb_wrapper\">\n\t\t\t<h2 data-start=\"187\" data-end=\"209\"><strong data-start=\"193\" data-end=\"209\">Dagelijkse verzorging<\/strong><\/h2>\n<ul data-start=\"210\" data-end=\"513\">\n<li data-start=\"210\" data-end=\"332\">\n<p data-start=\"212\" data-end=\"332\"><strong data-start=\"212\" data-end=\"232\">Regelmatig stofzuigen<\/strong> \u2013 maar dan zonder roterende borstel (alleen een mondstuk of zachte zuigkracht), zodat de wol niet onnodig slijt.<\/p>\n<\/li>\n<li data-start=\"333\" data-end=\"411\">\n<p data-start=\"335\" data-end=\"411\"><strong data-start=\"335\" data-end=\"350\">Draai de deken om.<\/strong> af en toe, zodat de slijtage gelijkmatig wordt verdeeld en de kleuren gelijkmatig vervagen.<\/p>\n<\/li>\n<li data-start=\"412\" data-end=\"513\">\n<p data-start=\"414\" data-end=\"513\"><strong data-start=\"414\" data-end=\"433\">Schud het tapijt uit<\/strong> een paar keer per jaar \u2013 hiermee worden stof en zandkorrels losgemaakt die zich in de vezels verstoppen.<\/p>\n<\/li>\n<\/ul>\n<hr data-start=\"515\" data-end=\"518\" \/>\n<h2 data-start=\"520\" data-end=\"542\"><strong data-start=\"526\" data-end=\"542\">Vlekverwijdering<\/strong><\/h2>\n<ul data-start=\"543\" data-end=\"781\">\n<li data-start=\"543\" data-end=\"613\">\n<p data-start=\"545\" data-end=\"613\">Altijd droog <strong data-start=\"555\" data-end=\"571\">onmiddellijk afval<\/strong> met een schone, witte doek \u2013 deppen, niet wrijven.<\/p>\n<\/li>\n<li data-start=\"614\" data-end=\"710\">\n<p data-start=\"616\" data-end=\"710\">Gebruik lauw water met een beetje neutrale zeep (bijv. wolshampoo of zeepvlokken) bij kleine vlekken.<\/p>\n<\/li>\n<li data-start=\"711\" data-end=\"781\">\n<p data-start=\"713\" data-end=\"781\">Gebruik geen chemische reinigingsmiddelen, want die kunnen de kleur van de plant aantasten.<\/p>\n<\/li>\n<\/ul>\n<hr data-start=\"783\" data-end=\"786\" \/>\n<h2 data-start=\"788\" data-end=\"814\"><strong data-start=\"794\" data-end=\"814\">Diepere reiniging<\/strong><\/h2>\n<ul data-start=\"815\" data-end=\"1109\">\n<li data-start=\"815\" data-end=\"971\">\n<p data-start=\"817\" data-end=\"971\">Reinig het tapijt voorzichtig in <strong data-start=\"840\" data-end=\"854\">koud water<\/strong> Met milde wolzeep indien nodig. Laat het liggend drogen in de schaduw \u2013 nooit in direct zonlicht (want dat kan de kleuren doen vervagen).<\/p>\n<\/li>\n<li data-start=\"972\" data-end=\"1109\">\n<p data-start=\"974\" data-end=\"1109\">Professionele reiniging wordt alleen aanbevolen voor mensen met ervaring met originele Marokkaanse Berber tapijten. Regelmatig reinigen van het tapijt kan de wol en de kleuren aantasten.<\/p>\n<\/li>\n<\/ul>\n\n\t\t<\/div>\n\t<\/div>\n<\/div><\/div><\/div><div class=\"wpb_column vc_column_container vc_col-sm-4\"><div class=\"vc_column-inner\"><div class=\"wpb_wrapper\"><h3 style=\"text-align: left\" class=\"vc_custom_heading vc_do_custom_heading\" >Het verhaal achter Taznakt-tapijten<\/h3>\n\t<div class=\"wpb_text_column wpb_content_element\" >\n\t\t<div class=\"wpb_wrapper\">\n\t\t\t<h2 data-start=\"157\" data-end=\"199\"><strong data-start=\"163\" data-end=\"197\">De oorsprong van Taznakht-tapijten<\/strong><\/h2>\n<ul data-start=\"200\" data-end=\"663\">\n<li data-start=\"200\" data-end=\"319\">\n<p data-start=\"202\" data-end=\"319\"><strong data-start=\"202\" data-end=\"215\">Geografie:<\/strong> Taznakht ligt in <strong data-start=\"234\" data-end=\"253\">Zuid-Marokko<\/strong>, tussen Ouarzazate en de Sahara, aan de voet van het Anti-Atlasgebergte.<\/p>\n<\/li>\n<li data-start=\"320\" data-end=\"535\">\n<p data-start=\"322\" data-end=\"535\"><strong data-start=\"322\" data-end=\"335\">Geschiedenis:<\/strong> Het gebied is al eeuwenlang een belangrijk weefcentrum, waar Berbervrouwen tapijten maken waarin verschillende weeftechnieken worden gecombineerd: <strong data-start=\"464\" data-end=\"532\">vlakweefsel (Kelim), geknoopte tapijten en borduurachtige details<\/strong>.<\/p>\n<\/li>\n<li data-start=\"536\" data-end=\"663\">\n<p data-start=\"538\" data-end=\"663\"><strong data-start=\"538\" data-end=\"550\">Stammen:<\/strong> De tapijten zijn verbonden met <strong data-start=\"574\" data-end=\"601\">A\u00eft Ouaouzguite-stam<\/strong>, dat bekend staat om zijn verfijnde en kleurrijke tapijten.<\/p>\n<\/li>\n<\/ul>\n<hr data-start=\"665\" data-end=\"668\" \/>\n<h2 data-start=\"670\" data-end=\"719\"><strong data-start=\"676\" data-end=\"717\">Kenmerken van Taznakht vintage tapijten<\/strong><\/h2>\n<ul data-start=\"720\" data-end=\"1394\">\n<li data-start=\"720\" data-end=\"934\">\n<p data-start=\"722\" data-end=\"934\"><strong data-start=\"722\" data-end=\"733\">Kleuren:<\/strong> Natuurlijke kleurstoffen van planten, mineralen en wortels \u2013 zoals saffraan (geel), henna (oranje), indigo (blauw) en granaatappelschil (rood) \u2013 zorgen voor een warm en intens kleurenpalet dat prachtig vervaagt in de loop van de tijd.<\/p>\n<\/li>\n<li data-start=\"935\" data-end=\"1193\">\n<p data-start=\"937\" data-end=\"1046\"><strong data-start=\"937\" data-end=\"949\">Patronen:<\/strong> Zeer gedetailleerd en vaak &quot;verfijnder&quot; dan andere Berber-tapijten. Typische motieven zijn onder meer:<\/p>\n<ul data-start=\"1049\" data-end=\"1193\">\n<li data-start=\"1049\" data-end=\"1084\">\n<p data-start=\"1051\" data-end=\"1084\">Herhaald <strong data-start=\"1060\" data-end=\"1082\">ruiten en sterren<\/strong><\/p>\n<\/li>\n<li data-start=\"1087\" data-end=\"1141\">\n<p data-start=\"1089\" data-end=\"1141\"><strong data-start=\"1089\" data-end=\"1108\">Stamsymbolen<\/strong> die beschermt tegen het boze oog<\/p>\n<\/li>\n<li data-start=\"1144\" data-end=\"1193\">\n<p data-start=\"1146\" data-end=\"1193\">Randen met kleine patronen die het tapijt omlijsten<\/p>\n<\/li>\n<\/ul>\n<\/li>\n<li data-start=\"1194\" data-end=\"1394\">\n<p data-start=\"1196\" data-end=\"1394\"><strong data-start=\"1196\" data-end=\"1207\">Techniek:<\/strong> Taznakht is bijzonder omdat de tapijten vaak worden gecombineerd <strong data-start=\"1260\" data-end=\"1288\">drie technieken in \u00e9\u00e9n deken<\/strong>: geknoopte pool, kilim-oppervlakken en borduurachtige patronen. Dit maakt ze complexer dan bijvoorbeeld Beni Ourain.<\/p>\n<\/li>\n<\/ul>\n<hr data-start=\"1396\" data-end=\"1399\" \/>\n<h2 data-start=\"1401\" data-end=\"1432\"><strong data-start=\"1407\" data-end=\"1430\">Zeldzaamheid en waarde<\/strong><\/h2>\n<ul data-start=\"1433\" data-end=\"2095\">\n<li data-start=\"1433\" data-end=\"1614\">\n<p data-start=\"1435\" data-end=\"1614\"><strong data-start=\"1435\" data-end=\"1462\">Vintage Taznakht-tapijten<\/strong> (uit de jaren 1950-1970) zijn tegenwoordig zeer zeldzaam, omdat de productie destijds beperkt was tot kleine dorpen en het weven van \u00e9\u00e9n tapijt maanden kon duren.<\/p>\n<\/li>\n<li data-start=\"1615\" data-end=\"1788\">\n<p data-start=\"1617\" data-end=\"1788\">In tegenstelling tot Beni Ouarain en Azilal, die massaal voor de export zijn geproduceerd, zijn echte Taznakht-tapijten <strong data-start=\"1725\" data-end=\"1746\">meer niche<\/strong> en zijn daarom minder vaak op de markt verkrijgbaar.<\/p>\n<\/li>\n<li data-start=\"1789\" data-end=\"1972\">\n<p data-start=\"1791\" data-end=\"1972\">Hun bijzondere combinatie van weeftechnieken en rijke kleuren maken ze vandaag de dag <strong data-start=\"1867\" data-end=\"1899\">gewilde verzamelobjecten<\/strong> \u2013 vooral die tapijten waarbij de originele plantenkleuren nog bewaard zijn gebleven.<\/p>\n<\/li>\n<li data-start=\"1973\" data-end=\"2095\">\n<p data-start=\"1975\" data-end=\"2095\">Veel experts en verzamelaars beschouwen Taznakht als een van de <strong data-start=\"2035\" data-end=\"2092\">de meest verfijnde en artistieke tapijten uit Marokko<\/strong>.<\/p>\n<\/li>\n<\/ul>\n\n\t\t<\/div>\n\t<\/div>\n<\/div><\/div><\/div><\/div>\n<\/div>","protected":false},"excerpt":{"rendered":"<p data-start=\"0\" data-end=\"83\">Dit is een werkelijk prachtig en sereen vintage tapijt uit de regio Taznakht \ud83c\udf3f<\/p>\n<p data-start=\"106\" data-end=\"255\">Het kleed is handgeweven van 100% wol door Berbervrouwen in het Anti-Atlasgebergte rond Taznakht \u2013 een gebied dat bekend staat om zijn kleurrijke en symbolische tapijten.<\/p>\n<p data-start=\"257\" data-end=\"548\">Dit kleed heeft een eenvoudig, elegant ontwerp met drie grote diamanten in het midden \u2013 een klassiek Berbers symbool voor bescherming en de cyclus van het leven \u2013 omgeven door een frame in stoffige turquoise tinten. De basiskleur is een warme, vervaagde roze\/beige tint, wat het kleed een zacht en evenwichtig karakter geeft.<\/p>\n<p data-start=\"550\" data-end=\"710\">De kleuren zijn in de loop der tijd op natuurlijke wijze vervaagd, waardoor een unieke patina is ontstaan. Dit is een kenmerk van vintage Taznakht-tapijten en maakt elk stuk werkelijk bijzonder.<\/p>\n<p data-start=\"712\" data-end=\"872\">Dankzij de mix van warme aardse tinten en koel turquoise past het kleed perfect in zowel moderne, Scandinavische huizen als kleurrijke, bohemian-ge\u00efnspireerde interieurs.<\/p>\n<p data-start=\"712\" data-end=\"872\">ANIR betekent droom in het Berbers en past goed bij de zachte, po\u00ebtische expressie van het tapijt. Het tapijt is 190 x 320 cm groot en past prachtig onder een eettafel, in een hoek van de bank of midden in de kamer.<\/p>","protected":false},"featured_media":39422,"template":"","meta":{"inline_featured_image":false},"product_brand":[],"product_cat":[143,59],"product_tag":[],"class_list":{"0":"post-39418","1":"product","2":"type-product","3":"status-publish","4":"has-post-thumbnail","6":"product_cat-berbertaepper","7":"product_cat-marokkanske-taepper","9":"first","10":"instock","11":"taxable","12":"shipping-taxable","13":"purchasable","14":"product-type-simple"},"exclude_global_add_ons":[],"addons":[],"yoast_head":"<!-- This site is optimized with the Yoast SEO plugin v27.5 - https:\/\/yoast.com\/product\/yoast-seo-wordpress\/ -->\n<title>Berbert\u00e6ppe | Marokkansk t\u00e6ppe | Kig her lige nu!<\/title>\n<meta name=\"description\" content=\"Unikt vintage Beni Mguild t\u00e6ppe 167x246 cm. H\u00e5ndv\u00e6vet i Marokko af 100% uld med klassisk diamantm\u00f8nster og smuk patina. Kun \u00e9t eksemplar.\" \/>\n<meta name=\"robots\" content=\"index, follow, max-snippet:-1, max-image-preview:large, max-video-preview:-1\" \/>\n<link rel=\"canonical\" href=\"https:\/\/tibladin.dk\/nl\/product-2\/berber-tapijt-vintage-190x320-cm-anir\/\" \/>\n<meta property=\"og:locale\" content=\"nl_NL\" \/>\n<meta property=\"og:type\" content=\"article\" \/>\n<meta property=\"og:title\" content=\"Berbert\u00e6ppe | Marokkansk t\u00e6ppe | Kig her lige nu!\" \/>\n<meta property=\"og:description\" content=\"Unikt vintage Beni Mguild t\u00e6ppe 167x246 cm. H\u00e5ndv\u00e6vet i Marokko af 100% uld med klassisk diamantm\u00f8nster og smuk patina. Kun \u00e9t eksemplar.\" \/>\n<meta property=\"og:url\" content=\"https:\/\/tibladin.dk\/nl\/product-2\/berber-tapijt-vintage-190x320-cm-anir\/\" \/>\n<meta property=\"og:site_name\" content=\"Tibladin\" \/>\n<meta property=\"article:modified_time\" content=\"2026-02-06T17:48:37+00:00\" \/>\n<meta property=\"og:image\" content=\"https:\/\/tibladin.dk\/wp-content\/uploads\/2025\/08\/vintage-taeppe_ANIR_5.jpg\" \/>\n\t<meta property=\"og:image:width\" content=\"800\" \/>\n\t<meta property=\"og:image:height\" content=\"800\" \/>\n\t<meta property=\"og:image:type\" content=\"image\/jpeg\" \/>\n<meta name=\"twitter:card\" content=\"summary_large_image\" \/>\n<meta name=\"twitter:label1\" content=\"Geschatte leestijd\" \/>\n\t<meta name=\"twitter:data1\" content=\"3 minuten\" \/>\n<script type=\"application\/ld+json\" class=\"yoast-schema-graph\">{\"@context\":\"https:\\\/\\\/schema.org\",\"@graph\":[{\"@type\":\"WebPage\",\"@id\":\"https:\\\/\\\/tibladin.dk\\\/produkt\\\/berbertaeppe-vintage-190x320-cm-anir\\\/\",\"url\":\"https:\\\/\\\/tibladin.dk\\\/produkt\\\/berbertaeppe-vintage-190x320-cm-anir\\\/\",\"name\":\"Berbert\u00e6ppe | Marokkansk t\u00e6ppe | Kig her lige nu!\",\"isPartOf\":{\"@id\":\"https:\\\/\\\/tibladin.dk\\\/#website\"},\"primaryImageOfPage\":{\"@id\":\"https:\\\/\\\/tibladin.dk\\\/produkt\\\/berbertaeppe-vintage-190x320-cm-anir\\\/#primaryimage\"},\"image\":{\"@id\":\"https:\\\/\\\/tibladin.dk\\\/produkt\\\/berbertaeppe-vintage-190x320-cm-anir\\\/#primaryimage\"},\"thumbnailUrl\":\"https:\\\/\\\/tibladin.dk\\\/wp-content\\\/uploads\\\/2025\\\/08\\\/vintage-taeppe_ANIR_5.jpg\",\"datePublished\":\"2025-08-30T11:28:35+00:00\",\"dateModified\":\"2026-02-06T17:48:37+00:00\",\"description\":\"Unikt vintage Beni Mguild t\u00e6ppe 167x246 cm. H\u00e5ndv\u00e6vet i Marokko af 100% uld med klassisk diamantm\u00f8nster og smuk patina. Kun \u00e9t eksemplar.\",\"breadcrumb\":{\"@id\":\"https:\\\/\\\/tibladin.dk\\\/produkt\\\/berbertaeppe-vintage-190x320-cm-anir\\\/#breadcrumb\"},\"inLanguage\":\"nl-NL\",\"potentialAction\":[{\"@type\":\"ReadAction\",\"target\":[\"https:\\\/\\\/tibladin.dk\\\/produkt\\\/berbertaeppe-vintage-190x320-cm-anir\\\/\"]}]},{\"@type\":\"ImageObject\",\"inLanguage\":\"nl-NL\",\"@id\":\"https:\\\/\\\/tibladin.dk\\\/produkt\\\/berbertaeppe-vintage-190x320-cm-anir\\\/#primaryimage\",\"url\":\"https:\\\/\\\/tibladin.dk\\\/wp-content\\\/uploads\\\/2025\\\/08\\\/vintage-taeppe_ANIR_5.jpg\",\"contentUrl\":\"https:\\\/\\\/tibladin.dk\\\/wp-content\\\/uploads\\\/2025\\\/08\\\/vintage-taeppe_ANIR_5.jpg\",\"width\":800,\"height\":800,\"caption\":\"vintage t\u00e6ppe_ANIR\"},{\"@type\":\"BreadcrumbList\",\"@id\":\"https:\\\/\\\/tibladin.dk\\\/produkt\\\/berbertaeppe-vintage-190x320-cm-anir\\\/#breadcrumb\",\"itemListElement\":[{\"@type\":\"ListItem\",\"position\":1,\"name\":\"Hjem\",\"item\":\"https:\\\/\\\/tibladin.dk\\\/\"},{\"@type\":\"ListItem\",\"position\":2,\"name\":\"Shop\",\"item\":\"https:\\\/\\\/tibladin.dk\\\/shop\\\/\"},{\"@type\":\"ListItem\",\"position\":3,\"name\":\"Berbert\u00e6ppe vintage 190&#215;320 cm. ANIR\"}]},{\"@type\":\"WebSite\",\"@id\":\"https:\\\/\\\/tibladin.dk\\\/#website\",\"url\":\"https:\\\/\\\/tibladin.dk\\\/\",\"name\":\"Tibladin\",\"description\":\"Tibladin\",\"publisher\":{\"@id\":\"https:\\\/\\\/tibladin.dk\\\/#organization\"},\"potentialAction\":[{\"@type\":\"SearchAction\",\"target\":{\"@type\":\"EntryPoint\",\"urlTemplate\":\"https:\\\/\\\/tibladin.dk\\\/?s={search_term_string}\"},\"query-input\":{\"@type\":\"PropertyValueSpecification\",\"valueRequired\":true,\"valueName\":\"search_term_string\"}}],\"inLanguage\":\"nl-NL\"},{\"@type\":\"Organization\",\"@id\":\"https:\\\/\\\/tibladin.dk\\\/#organization\",\"name\":\"Tibladin\",\"url\":\"https:\\\/\\\/tibladin.dk\\\/\",\"logo\":{\"@type\":\"ImageObject\",\"inLanguage\":\"nl-NL\",\"@id\":\"https:\\\/\\\/tibladin.dk\\\/#\\\/schema\\\/logo\\\/image\\\/\",\"url\":\"https:\\\/\\\/tibladin.dk\\\/wp-content\\\/uploads\\\/2022\\\/09\\\/tibladin_logo.svg\",\"contentUrl\":\"https:\\\/\\\/tibladin.dk\\\/wp-content\\\/uploads\\\/2022\\\/09\\\/tibladin_logo.svg\",\"caption\":\"Tibladin\"},\"image\":{\"@id\":\"https:\\\/\\\/tibladin.dk\\\/#\\\/schema\\\/logo\\\/image\\\/\"}}]}<\/script>\n<!-- \/ Yoast SEO plugin. -->","yoast_head_json":{"title":"Berbertapijt | Marokkaans vloerkleed | Kijk hier meteen!","description":"Uniek vintage Beni Mguild vloerkleed 167x246 cm. Handgeweven in Marokko van 100% wol met klassiek ruitpatroon en prachtige patina. Slechts \u00e9\u00e9n exemplaar.","robots":{"index":"index","follow":"follow","max-snippet":"max-snippet:-1","max-image-preview":"max-image-preview:large","max-video-preview":"max-video-preview:-1"},"canonical":"https:\/\/tibladin.dk\/nl\/product-2\/berber-tapijt-vintage-190x320-cm-anir\/","og_locale":"nl_NL","og_type":"article","og_title":"Berbert\u00e6ppe | Marokkansk t\u00e6ppe | Kig her lige nu!","og_description":"Unikt vintage Beni Mguild t\u00e6ppe 167x246 cm. H\u00e5ndv\u00e6vet i Marokko af 100% uld med klassisk diamantm\u00f8nster og smuk patina. Kun \u00e9t eksemplar.","og_url":"https:\/\/tibladin.dk\/nl\/product-2\/berber-tapijt-vintage-190x320-cm-anir\/","og_site_name":"Tibladin","article_modified_time":"2026-02-06T17:48:37+00:00","og_image":[{"width":800,"height":800,"url":"https:\/\/tibladin.dk\/wp-content\/uploads\/2025\/08\/vintage-taeppe_ANIR_5.jpg","type":"image\/jpeg"}],"twitter_card":"summary_large_image","twitter_misc":{"Geschatte leestijd":"3 minuten"},"schema":{"@context":"https:\/\/schema.org","@graph":[{"@type":"WebPage","@id":"https:\/\/tibladin.dk\/produkt\/berbertaeppe-vintage-190x320-cm-anir\/","url":"https:\/\/tibladin.dk\/produkt\/berbertaeppe-vintage-190x320-cm-anir\/","name":"Berbertapijt | Marokkaans vloerkleed | Kijk hier meteen!","isPartOf":{"@id":"https:\/\/tibladin.dk\/#website"},"primaryImageOfPage":{"@id":"https:\/\/tibladin.dk\/produkt\/berbertaeppe-vintage-190x320-cm-anir\/#primaryimage"},"image":{"@id":"https:\/\/tibladin.dk\/produkt\/berbertaeppe-vintage-190x320-cm-anir\/#primaryimage"},"thumbnailUrl":"https:\/\/tibladin.dk\/wp-content\/uploads\/2025\/08\/vintage-taeppe_ANIR_5.jpg","datePublished":"2025-08-30T11:28:35+00:00","dateModified":"2026-02-06T17:48:37+00:00","description":"Uniek vintage Beni Mguild vloerkleed 167x246 cm. Handgeweven in Marokko van 100% wol met klassiek ruitpatroon en prachtige patina. Slechts \u00e9\u00e9n exemplaar.","breadcrumb":{"@id":"https:\/\/tibladin.dk\/produkt\/berbertaeppe-vintage-190x320-cm-anir\/#breadcrumb"},"inLanguage":"nl-NL","potentialAction":[{"@type":"ReadAction","target":["https:\/\/tibladin.dk\/produkt\/berbertaeppe-vintage-190x320-cm-anir\/"]}]},{"@type":"ImageObject","inLanguage":"nl-NL","@id":"https:\/\/tibladin.dk\/produkt\/berbertaeppe-vintage-190x320-cm-anir\/#primaryimage","url":"https:\/\/tibladin.dk\/wp-content\/uploads\/2025\/08\/vintage-taeppe_ANIR_5.jpg","contentUrl":"https:\/\/tibladin.dk\/wp-content\/uploads\/2025\/08\/vintage-taeppe_ANIR_5.jpg","width":800,"height":800,"caption":"vintage t\u00e6ppe_ANIR"},{"@type":"BreadcrumbList","@id":"https:\/\/tibladin.dk\/produkt\/berbertaeppe-vintage-190x320-cm-anir\/#breadcrumb","itemListElement":[{"@type":"ListItem","position":1,"name":"Hjem","item":"https:\/\/tibladin.dk\/"},{"@type":"ListItem","position":2,"name":"Shop","item":"https:\/\/tibladin.dk\/shop\/"},{"@type":"ListItem","position":3,"name":"Berbert\u00e6ppe vintage 190&#215;320 cm. ANIR"}]},{"@type":"WebSite","@id":"https:\/\/tibladin.dk\/#website","url":"https:\/\/tibladin.dk\/","name":"Tibladin","description":"Tibladin","publisher":{"@id":"https:\/\/tibladin.dk\/#organization"},"potentialAction":[{"@type":"SearchAction","target":{"@type":"EntryPoint","urlTemplate":"https:\/\/tibladin.dk\/?s={search_term_string}"},"query-input":{"@type":"PropertyValueSpecification","valueRequired":true,"valueName":"search_term_string"}}],"inLanguage":"nl-NL"},{"@type":"Organization","@id":"https:\/\/tibladin.dk\/#organization","name":"Tibladin","url":"https:\/\/tibladin.dk\/","logo":{"@type":"ImageObject","inLanguage":"nl-NL","@id":"https:\/\/tibladin.dk\/#\/schema\/logo\/image\/","url":"https:\/\/tibladin.dk\/wp-content\/uploads\/2022\/09\/tibladin_logo.svg","contentUrl":"https:\/\/tibladin.dk\/wp-content\/uploads\/2022\/09\/tibladin_logo.svg","caption":"Tibladin"},"image":{"@id":"https:\/\/tibladin.dk\/#\/schema\/logo\/image\/"}}]}},"_links":{"self":[{"href":"https:\/\/tibladin.dk\/nl\/wp-json\/wp\/v2\/product\/39418","targetHints":{"allow":["GET"]}}],"collection":[{"href":"https:\/\/tibladin.dk\/nl\/wp-json\/wp\/v2\/product"}],"about":[{"href":"https:\/\/tibladin.dk\/nl\/wp-json\/wp\/v2\/types\/product"}],"wp:featuredmedia":[{"embeddable":true,"href":"https:\/\/tibladin.dk\/nl\/wp-json\/wp\/v2\/media\/39422"}],"wp:attachment":[{"href":"https:\/\/tibladin.dk\/nl\/wp-json\/wp\/v2\/media?parent=39418"}],"wp:term":[{"taxonomy":"product_brand","embeddable":true,"href":"https:\/\/tibladin.dk\/nl\/wp-json\/wp\/v2\/product_brand?post=39418"},{"taxonomy":"product_cat","embeddable":true,"href":"https:\/\/tibladin.dk\/nl\/wp-json\/wp\/v2\/product_cat?post=39418"},{"taxonomy":"product_tag","embeddable":true,"href":"https:\/\/tibladin.dk\/nl\/wp-json\/wp\/v2\/product_tag?post=39418"}],"curies":[{"name":"wp","href":"https:\/\/api.w.org\/{rel}","templated":true}]}}