{"id":39493,"date":"2025-09-05T15:00:55","date_gmt":"2025-09-05T13:00:55","guid":{"rendered":"https:\/\/tibladin.dk\/?post_type=product&#038;p=39493"},"modified":"2025-09-05T16:05:30","modified_gmt":"2025-09-05T14:05:30","slug":"beni-ouarain-100x164-cm-azura","status":"publish","type":"product","link":"https:\/\/tibladin.dk\/nl\/produkt\/beni-ouarain-100x164-cm-azura\/","title":{"rendered":"Beni Ouarain 100\u00d7164 cm. \u2013 AZURA"},"content":{"rendered":"<div class=\"wpb-content-wrapper\"><p>!<div class=\"vc_row wpb_row vc_row-fluid\"><div class=\"wpb_column vc_column_container vc_col-sm-4\"><div class=\"vc_column-inner\"><div class=\"wpb_wrapper\"><\/div><\/div><\/div><div class=\"wpb_column vc_column_container vc_col-sm-4\"><div class=\"vc_column-inner\"><div class=\"wpb_wrapper\"><h3 style=\"text-align: left\" class=\"vc_custom_heading vc_do_custom_heading\" >Beni Ouarain tapijtonderhoud<\/h3>\n\t<div class=\"wpb_text_column wpb_content_element\" >\n\t\t<div class=\"wpb_wrapper\">\n\t\t\t<p>Stofzuig het Beni Ouarain vloerkleed regelmatig, neem het mee naar buiten en schud het af en toe. Vlekken verwijdert u door de vlek zo snel mogelijk met een doek op te zuigen en vervolgens met een vochtige doek de vlek af te deppen. Het tapijt is 100% pure wol % en is op elke vezel op natuurlijke wijze bedekt met lanoline, waardoor vlekken niet in het tapijt dringen. Mochten we het geluk hebben om op een winter in Denemarken sneeuw te krijgen, leg dan eindelijk de deken in de witte sneeuw. Hierdoor wordt het tapijt grondig gereinigd \u2013 geheel natuurlijk.<\/p>\n\n\t\t<\/div>\n\t<\/div>\n<\/div><\/div><\/div><div class=\"wpb_column vc_column_container vc_col-sm-4\"><div class=\"vc_column-inner\"><div class=\"wpb_wrapper\"><h3 style=\"text-align: left\" class=\"vc_custom_heading vc_do_custom_heading\" >Het verhaal achter Beni Ouarain-tapijten<\/h3>\n\t<div class=\"wpb_text_column wpb_content_element\" >\n\t\t<div class=\"wpb_wrapper\">\n\t\t\t<p>Beni Ouarain tapijt siert, zorgt voor gezelligheid en warmte en is bovendien geluidsabsorberend.<\/p>\n<p>Beni Ouarain tapijten zijn over de hele wereld erg populair en passen ook heel goed bij het Scandinavische interieur. Veel interieurmerken hebben hun stijl gekopieerd en industrieel laten maken. Hier bij Tibladin hebben we alleen originele Beni Ouarain-tapijten, met de hand gemaakt door vrouwen van de Berberstam Beni Ouarain, die zijn oorsprong vindt ten zuiden van het Rifgebergte in Marokko. De dekens worden door de Berberstam gebruikt om zichzelf te bedekken en om op te liggen als ze moeten slapen. Elk tapijt is een kunstwerk en in tegenstelling tot oosterse tapijten worden ze niet volgens modellen geproduceerd, maar alleen volgens de wensen van de vrouw zelf en symboliseren ze vaak de gevoelens die de vrouwen hebben gehad tijdens het weven. De ruitvorm die je in veel van de vloerkleden ziet, beschermt tegen het kwaad. De kleurtonen zijn natuurlijk in hun witte, beige, bruine en zwarte kleuren.<\/p>\n<p>Gooi je schoenen weg en voel de zachte wol onder je voeten!<\/p>\n\n\t\t<\/div>\n\t<\/div>\n<\/div><\/div><\/div><\/div>\n<\/div>","protected":false},"excerpt":{"rendered":"<ul>\n<li>\n<p data-start=\"270\" data-end=\"315\">\u2728 <strong data-start=\"272\" data-end=\"311\">Azura \u2013 Beni Ourain tapijt 100% wol<\/strong> \u2728<\/p>\n<p data-start=\"317\" data-end=\"506\">Dit unieke Beni Ourain-kleed is handgeweven door Berbervrouwen in het Atlasgebergte in Marokko. Het kleed is gemaakt van natuurlijke 100%-wol, wat het zacht, warm en duurzaam maakt.<\/p>\n<p data-start=\"508\" data-end=\"843\">Het ontwerp combineert de klassieke natuurlijke witte basis met <strong data-start=\"562\" data-end=\"616\">scherp gedefinieerde diamantpatronen in blauwgroene tinten<\/strong> \u2013 een zeldzame variant op de traditionele Beni Ouarain-uitdrukking. De diamant symboliseert bescherming en de levensreis in de Berbercultuur, waardoor het tapijt meer is dan alleen een interieurelement \u2013 het is een stuk levend cultureel erfgoed.<\/p>\n<p data-start=\"845\" data-end=\"1051\">\u2714 Handgeweven in Marokko van 100% wol<br data-start=\"878\" data-end=\"881\" \/>\u2714 Klassiek Beni Ourain-patroon in modern blauwgroen<br data-start=\"930\" data-end=\"933\" \/>\u2714 Tijdloos design dat perfect past in zowel een Scandinavisch als een bohemian interieur<br data-start=\"1007\" data-end=\"1010\" \/>\u2714 Een uniek stuk \u2013 geen twee tapijten zijn hetzelfde<\/p>\n<p data-start=\"1053\" data-end=\"1204\">Met <strong data-start=\"1057\" data-end=\"1066\">Azuurblauw<\/strong> U krijgt een tapijt dat Marokkaanse traditie combineert met een moderne kleurstelling \u2013 perfect om persoonlijkheid en warmte in uw huis te cre\u00ebren.<\/p>\n<\/li>\n<\/ul>\n<p><strong>Het kleed is 100x164cm groot.<\/strong><\/p>","protected":false},"featured_media":39498,"template":"","meta":{"inline_featured_image":false},"product_brand":[],"product_cat":[62,59],"product_tag":[],"class_list":{"0":"post-39493","1":"product","2":"type-product","3":"status-publish","4":"has-post-thumbnail","6":"product_cat-beni-ouarain","7":"product_cat-marokkanske-taepper","9":"first","10":"instock","11":"taxable","12":"shipping-taxable","13":"purchasable","14":"product-type-simple"},"exclude_global_add_ons":[],"addons":[],"yoast_head":"<!-- This site is optimized with the Yoast SEO plugin v27.4 - https:\/\/yoast.com\/product\/yoast-seo-wordpress\/ -->\n<title>Beni Ouarain t\u00e6ppe | Marokkansk t\u00e6ppe | Kig her lige nu!<\/title>\n<meta name=\"description\" content=\"Marokkansk t\u00e6ppe Beni Ouarain i 100% uld. Dejlig lys uld med turkis diamantformet m\u00f8nster. T\u00e6ppet er h\u00e5ndv\u00e6vet i kvalitetsuld og m\u00e5ler 100x164 cm.\" \/>\n<meta name=\"robots\" content=\"index, follow, max-snippet:-1, max-image-preview:large, max-video-preview:-1\" \/>\n<link rel=\"canonical\" href=\"https:\/\/tibladin.dk\/nl\/product-2\/beni-ouarain-100x164-cm-azura\/\" \/>\n<meta property=\"og:locale\" content=\"nl_NL\" \/>\n<meta property=\"og:type\" content=\"article\" \/>\n<meta property=\"og:title\" content=\"Beni Ouarain t\u00e6ppe | Marokkansk t\u00e6ppe | Kig her lige nu!\" \/>\n<meta property=\"og:description\" content=\"Marokkansk t\u00e6ppe Beni Ouarain i 100% uld. Dejlig lys uld med turkis diamantformet m\u00f8nster. T\u00e6ppet er h\u00e5ndv\u00e6vet i kvalitetsuld og m\u00e5ler 100x164 cm.\" \/>\n<meta property=\"og:url\" content=\"https:\/\/tibladin.dk\/nl\/product-2\/beni-ouarain-100x164-cm-azura\/\" \/>\n<meta property=\"og:site_name\" content=\"Tibladin\" \/>\n<meta property=\"article:modified_time\" content=\"2025-09-05T14:05:30+00:00\" \/>\n<meta property=\"og:image\" content=\"https:\/\/tibladin.dk\/wp-content\/uploads\/2025\/09\/Beni-Ouarain-taeppe_AZURA_6.jpg\" \/>\n\t<meta property=\"og:image:width\" content=\"800\" \/>\n\t<meta property=\"og:image:height\" content=\"800\" \/>\n\t<meta property=\"og:image:type\" content=\"image\/jpeg\" \/>\n<meta name=\"twitter:card\" content=\"summary_large_image\" \/>\n<meta name=\"twitter:label1\" content=\"Geschatte leestijd\" \/>\n\t<meta name=\"twitter:data1\" content=\"2 minuten\" \/>\n<script type=\"application\/ld+json\" class=\"yoast-schema-graph\">{\"@context\":\"https:\\\/\\\/schema.org\",\"@graph\":[{\"@type\":\"WebPage\",\"@id\":\"https:\\\/\\\/tibladin.dk\\\/produkt\\\/beni-ouarain-100x164-cm-azura\\\/\",\"url\":\"https:\\\/\\\/tibladin.dk\\\/produkt\\\/beni-ouarain-100x164-cm-azura\\\/\",\"name\":\"Beni Ouarain t\u00e6ppe | Marokkansk t\u00e6ppe | Kig her lige nu!\",\"isPartOf\":{\"@id\":\"https:\\\/\\\/tibladin.dk\\\/#website\"},\"primaryImageOfPage\":{\"@id\":\"https:\\\/\\\/tibladin.dk\\\/produkt\\\/beni-ouarain-100x164-cm-azura\\\/#primaryimage\"},\"image\":{\"@id\":\"https:\\\/\\\/tibladin.dk\\\/produkt\\\/beni-ouarain-100x164-cm-azura\\\/#primaryimage\"},\"thumbnailUrl\":\"https:\\\/\\\/tibladin.dk\\\/wp-content\\\/uploads\\\/2025\\\/09\\\/Beni-Ouarain-taeppe_AZURA_6.jpg\",\"datePublished\":\"2025-09-05T13:00:55+00:00\",\"dateModified\":\"2025-09-05T14:05:30+00:00\",\"description\":\"Marokkansk t\u00e6ppe Beni Ouarain i 100% uld. Dejlig lys uld med turkis diamantformet m\u00f8nster. T\u00e6ppet er h\u00e5ndv\u00e6vet i kvalitetsuld og m\u00e5ler 100x164 cm.\",\"breadcrumb\":{\"@id\":\"https:\\\/\\\/tibladin.dk\\\/produkt\\\/beni-ouarain-100x164-cm-azura\\\/#breadcrumb\"},\"inLanguage\":\"nl-NL\",\"potentialAction\":[{\"@type\":\"ReadAction\",\"target\":[\"https:\\\/\\\/tibladin.dk\\\/produkt\\\/beni-ouarain-100x164-cm-azura\\\/\"]}]},{\"@type\":\"ImageObject\",\"inLanguage\":\"nl-NL\",\"@id\":\"https:\\\/\\\/tibladin.dk\\\/produkt\\\/beni-ouarain-100x164-cm-azura\\\/#primaryimage\",\"url\":\"https:\\\/\\\/tibladin.dk\\\/wp-content\\\/uploads\\\/2025\\\/09\\\/Beni-Ouarain-taeppe_AZURA_6.jpg\",\"contentUrl\":\"https:\\\/\\\/tibladin.dk\\\/wp-content\\\/uploads\\\/2025\\\/09\\\/Beni-Ouarain-taeppe_AZURA_6.jpg\",\"width\":800,\"height\":800,\"caption\":\"Azura beni Ouarain t\u00e6ppe. Lyst med turkis diamantformet m\u00f8nster - 100x164 cm\"},{\"@type\":\"BreadcrumbList\",\"@id\":\"https:\\\/\\\/tibladin.dk\\\/produkt\\\/beni-ouarain-100x164-cm-azura\\\/#breadcrumb\",\"itemListElement\":[{\"@type\":\"ListItem\",\"position\":1,\"name\":\"Hjem\",\"item\":\"https:\\\/\\\/tibladin.dk\\\/\"},{\"@type\":\"ListItem\",\"position\":2,\"name\":\"Shop\",\"item\":\"https:\\\/\\\/tibladin.dk\\\/shop\\\/\"},{\"@type\":\"ListItem\",\"position\":3,\"name\":\"Beni Ouarain 100&#215;164 cm. &#8211; AZURA\"}]},{\"@type\":\"WebSite\",\"@id\":\"https:\\\/\\\/tibladin.dk\\\/#website\",\"url\":\"https:\\\/\\\/tibladin.dk\\\/\",\"name\":\"Tibladin\",\"description\":\"Tibladin\",\"publisher\":{\"@id\":\"https:\\\/\\\/tibladin.dk\\\/#organization\"},\"potentialAction\":[{\"@type\":\"SearchAction\",\"target\":{\"@type\":\"EntryPoint\",\"urlTemplate\":\"https:\\\/\\\/tibladin.dk\\\/?s={search_term_string}\"},\"query-input\":{\"@type\":\"PropertyValueSpecification\",\"valueRequired\":true,\"valueName\":\"search_term_string\"}}],\"inLanguage\":\"nl-NL\"},{\"@type\":\"Organization\",\"@id\":\"https:\\\/\\\/tibladin.dk\\\/#organization\",\"name\":\"Tibladin\",\"url\":\"https:\\\/\\\/tibladin.dk\\\/\",\"logo\":{\"@type\":\"ImageObject\",\"inLanguage\":\"nl-NL\",\"@id\":\"https:\\\/\\\/tibladin.dk\\\/#\\\/schema\\\/logo\\\/image\\\/\",\"url\":\"https:\\\/\\\/tibladin.dk\\\/wp-content\\\/uploads\\\/2022\\\/09\\\/tibladin_logo.svg\",\"contentUrl\":\"https:\\\/\\\/tibladin.dk\\\/wp-content\\\/uploads\\\/2022\\\/09\\\/tibladin_logo.svg\",\"caption\":\"Tibladin\"},\"image\":{\"@id\":\"https:\\\/\\\/tibladin.dk\\\/#\\\/schema\\\/logo\\\/image\\\/\"}}]}<\/script>\n<!-- \/ Yoast SEO plugin. -->","yoast_head_json":{"title":"Beni Ouarain-tapijt | Marokkaans vloerkleed | Kijk hier meteen!","description":"Marokkaans tapijt Beni Ourain van 100% wol. Prachtige lichte wol met een turquoise ruitpatroon. Het tapijt is handgeweven van hoogwaardige wol en meet 100x164 cm.","robots":{"index":"index","follow":"follow","max-snippet":"max-snippet:-1","max-image-preview":"max-image-preview:large","max-video-preview":"max-video-preview:-1"},"canonical":"https:\/\/tibladin.dk\/nl\/product-2\/beni-ouarain-100x164-cm-azura\/","og_locale":"nl_NL","og_type":"article","og_title":"Beni Ouarain t\u00e6ppe | Marokkansk t\u00e6ppe | Kig her lige nu!","og_description":"Marokkansk t\u00e6ppe Beni Ouarain i 100% uld. Dejlig lys uld med turkis diamantformet m\u00f8nster. T\u00e6ppet er h\u00e5ndv\u00e6vet i kvalitetsuld og m\u00e5ler 100x164 cm.","og_url":"https:\/\/tibladin.dk\/nl\/product-2\/beni-ouarain-100x164-cm-azura\/","og_site_name":"Tibladin","article_modified_time":"2025-09-05T14:05:30+00:00","og_image":[{"width":800,"height":800,"url":"https:\/\/tibladin.dk\/wp-content\/uploads\/2025\/09\/Beni-Ouarain-taeppe_AZURA_6.jpg","type":"image\/jpeg"}],"twitter_card":"summary_large_image","twitter_misc":{"Geschatte leestijd":"2 minuten"},"schema":{"@context":"https:\/\/schema.org","@graph":[{"@type":"WebPage","@id":"https:\/\/tibladin.dk\/produkt\/beni-ouarain-100x164-cm-azura\/","url":"https:\/\/tibladin.dk\/produkt\/beni-ouarain-100x164-cm-azura\/","name":"Beni Ouarain-tapijt | Marokkaans vloerkleed | Kijk hier meteen!","isPartOf":{"@id":"https:\/\/tibladin.dk\/#website"},"primaryImageOfPage":{"@id":"https:\/\/tibladin.dk\/produkt\/beni-ouarain-100x164-cm-azura\/#primaryimage"},"image":{"@id":"https:\/\/tibladin.dk\/produkt\/beni-ouarain-100x164-cm-azura\/#primaryimage"},"thumbnailUrl":"https:\/\/tibladin.dk\/wp-content\/uploads\/2025\/09\/Beni-Ouarain-taeppe_AZURA_6.jpg","datePublished":"2025-09-05T13:00:55+00:00","dateModified":"2025-09-05T14:05:30+00:00","description":"Marokkaans tapijt Beni Ourain van 100% wol. Prachtige lichte wol met een turquoise ruitpatroon. Het tapijt is handgeweven van hoogwaardige wol en meet 100x164 cm.","breadcrumb":{"@id":"https:\/\/tibladin.dk\/produkt\/beni-ouarain-100x164-cm-azura\/#breadcrumb"},"inLanguage":"nl-NL","potentialAction":[{"@type":"ReadAction","target":["https:\/\/tibladin.dk\/produkt\/beni-ouarain-100x164-cm-azura\/"]}]},{"@type":"ImageObject","inLanguage":"nl-NL","@id":"https:\/\/tibladin.dk\/produkt\/beni-ouarain-100x164-cm-azura\/#primaryimage","url":"https:\/\/tibladin.dk\/wp-content\/uploads\/2025\/09\/Beni-Ouarain-taeppe_AZURA_6.jpg","contentUrl":"https:\/\/tibladin.dk\/wp-content\/uploads\/2025\/09\/Beni-Ouarain-taeppe_AZURA_6.jpg","width":800,"height":800,"caption":"Azura beni Ouarain t\u00e6ppe. Lyst med turkis diamantformet m\u00f8nster - 100x164 cm"},{"@type":"BreadcrumbList","@id":"https:\/\/tibladin.dk\/produkt\/beni-ouarain-100x164-cm-azura\/#breadcrumb","itemListElement":[{"@type":"ListItem","position":1,"name":"Hjem","item":"https:\/\/tibladin.dk\/"},{"@type":"ListItem","position":2,"name":"Shop","item":"https:\/\/tibladin.dk\/shop\/"},{"@type":"ListItem","position":3,"name":"Beni Ouarain 100&#215;164 cm. &#8211; AZURA"}]},{"@type":"WebSite","@id":"https:\/\/tibladin.dk\/#website","url":"https:\/\/tibladin.dk\/","name":"Tibladin","description":"Tibladin","publisher":{"@id":"https:\/\/tibladin.dk\/#organization"},"potentialAction":[{"@type":"SearchAction","target":{"@type":"EntryPoint","urlTemplate":"https:\/\/tibladin.dk\/?s={search_term_string}"},"query-input":{"@type":"PropertyValueSpecification","valueRequired":true,"valueName":"search_term_string"}}],"inLanguage":"nl-NL"},{"@type":"Organization","@id":"https:\/\/tibladin.dk\/#organization","name":"Tibladin","url":"https:\/\/tibladin.dk\/","logo":{"@type":"ImageObject","inLanguage":"nl-NL","@id":"https:\/\/tibladin.dk\/#\/schema\/logo\/image\/","url":"https:\/\/tibladin.dk\/wp-content\/uploads\/2022\/09\/tibladin_logo.svg","contentUrl":"https:\/\/tibladin.dk\/wp-content\/uploads\/2022\/09\/tibladin_logo.svg","caption":"Tibladin"},"image":{"@id":"https:\/\/tibladin.dk\/#\/schema\/logo\/image\/"}}]}},"_links":{"self":[{"href":"https:\/\/tibladin.dk\/nl\/wp-json\/wp\/v2\/product\/39493","targetHints":{"allow":["GET"]}}],"collection":[{"href":"https:\/\/tibladin.dk\/nl\/wp-json\/wp\/v2\/product"}],"about":[{"href":"https:\/\/tibladin.dk\/nl\/wp-json\/wp\/v2\/types\/product"}],"wp:featuredmedia":[{"embeddable":true,"href":"https:\/\/tibladin.dk\/nl\/wp-json\/wp\/v2\/media\/39498"}],"wp:attachment":[{"href":"https:\/\/tibladin.dk\/nl\/wp-json\/wp\/v2\/media?parent=39493"}],"wp:term":[{"taxonomy":"product_brand","embeddable":true,"href":"https:\/\/tibladin.dk\/nl\/wp-json\/wp\/v2\/product_brand?post=39493"},{"taxonomy":"product_cat","embeddable":true,"href":"https:\/\/tibladin.dk\/nl\/wp-json\/wp\/v2\/product_cat?post=39493"},{"taxonomy":"product_tag","embeddable":true,"href":"https:\/\/tibladin.dk\/nl\/wp-json\/wp\/v2\/product_tag?post=39493"}],"curies":[{"name":"wp","href":"https:\/\/api.w.org\/{rel}","templated":true}]}}