{"id":39722,"date":"2025-09-12T16:01:53","date_gmt":"2025-09-12T14:01:53","guid":{"rendered":"https:\/\/tibladin.dk\/?post_type=product&#038;p=39722"},"modified":"2026-04-04T13:47:08","modified_gmt":"2026-04-04T11:47:08","slug":"berber-tapijt-vintage-80x290-cm-tislit","status":"publish","type":"product","link":"https:\/\/tibladin.dk\/nl\/produkt\/berbertaeppe-vintage-80x290-cm-tislit\/","title":{"rendered":"Berber tapijt vintage 80\u00d7290 cm. \u2013 TISLIT"},"content":{"rendered":"<div class=\"wpb-content-wrapper\"><div class=\"vc_row wpb_row vc_row-fluid\"><div class=\"wpb_column vc_column_container vc_col-sm-12\"><div class=\"vc_column-inner\"><div class=\"wpb_wrapper\">\n\t<div class=\"wpb_text_column wpb_content_element\" >\n\t\t<div class=\"wpb_wrapper\">\n\t\t\t<p>!<\/p>\n\n\t\t<\/div>\n\t<\/div>\n<\/div><\/div><\/div><\/div><div class=\"vc_row wpb_row vc_row-fluid\"><div class=\"wpb_column vc_column_container vc_col-sm-4\"><div class=\"vc_column-inner\"><div class=\"wpb_wrapper\"><\/div><\/div><\/div><div class=\"wpb_column vc_column_container vc_col-sm-4\"><div class=\"vc_column-inner\"><div class=\"wpb_wrapper\"><h3 style=\"text-align: left\" class=\"vc_custom_heading vc_do_custom_heading\" >Onderhoud van Boujaad-tapijten<\/h3>\n\t<div class=\"wpb_text_column wpb_content_element\" >\n\t\t<div class=\"wpb_wrapper\">\n\t\t\t<h2 data-start=\"1275\" data-end=\"1316\">Onderhoud van Boujaad-tapijten<\/h2>\n<p data-start=\"1318\" data-end=\"1433\">Hoewel Boujaad-tapijten robuust zijn, kunt u hun levendige kleuren en fijne weefsel het beste behouden met een beetje extra zorg:<\/p>\n<ol data-start=\"1435\" data-end=\"2308\">\n<li data-start=\"1435\" data-end=\"1634\">\n<p data-start=\"1438\" data-end=\"1455\"><strong data-start=\"1438\" data-end=\"1453\">Stofzuigen<\/strong><\/p>\n<ul data-start=\"1459\" data-end=\"1634\">\n<li data-start=\"1459\" data-end=\"1534\">\n<p data-start=\"1461\" data-end=\"1534\">Stofzuig regelmatig, maar gebruik daarbij een lage zuigkracht en bij voorkeur geen roterende borstel.<\/p>\n<\/li>\n<li data-start=\"1538\" data-end=\"1634\">\n<p data-start=\"1540\" data-end=\"1634\">Stofzuig beide kanten een paar keer per jaar om het stof te verwijderen dat diep in het weefsel zit.<\/p>\n<\/li>\n<\/ul>\n<\/li>\n<li data-start=\"1636\" data-end=\"1778\">\n<p data-start=\"1639\" data-end=\"1655\"><strong data-start=\"1639\" data-end=\"1653\">Ontluchten<\/strong><\/p>\n<ul data-start=\"1659\" data-end=\"1778\">\n<li data-start=\"1659\" data-end=\"1778\">\n<p data-start=\"1661\" data-end=\"1778\">Lucht het tapijt een paar keer per jaar, bij voorkeur op een droge, lichte plek met veel zonlicht. Vermijd echter de felle middagzon, omdat de kleuren dan kunnen vervagen.<\/p>\n<\/li>\n<\/ul>\n<\/li>\n<li data-start=\"1780\" data-end=\"1920\">\n<p data-start=\"1783\" data-end=\"1801\"><strong data-start=\"1783\" data-end=\"1799\">Vlekverwijdering<\/strong><\/p>\n<ul data-start=\"1805\" data-end=\"1920\">\n<li data-start=\"1805\" data-end=\"1920\">\n<p data-start=\"1807\" data-end=\"1920\">Verwijder vlekken direct. Dep ze voorzichtig met een vochtige doek en gebruik indien nodig een milde wolzeep. Vermijd hard wrijven.<\/p>\n<\/li>\n<\/ul>\n<\/li>\n<li data-start=\"1922\" data-end=\"2060\">\n<p data-start=\"1925\" data-end=\"1948\"><strong data-start=\"1925\" data-end=\"1946\">Professioneel wassen<\/strong><\/p>\n<ul data-start=\"1952\" data-end=\"2060\">\n<li data-start=\"1952\" data-end=\"2060\">\n<p data-start=\"1954\" data-end=\"2060\">Laat het tapijt elke 3-5 jaar professioneel reinigen bij een stomerij die ervaring heeft met handgemaakte wollen tapijten.<\/p>\n<\/li>\n<\/ul>\n<\/li>\n<li data-start=\"2062\" data-end=\"2159\">\n<p data-start=\"2065\" data-end=\"2079\"><strong data-start=\"2065\" data-end=\"2077\">Rotatie<\/strong><\/p>\n<ul data-start=\"2083\" data-end=\"2159\">\n<li data-start=\"2083\" data-end=\"2159\">\n<p data-start=\"2085\" data-end=\"2159\">Draai het tapijt een paar keer per jaar om, zodat slijtage en verkleuring door de zon gelijkmatig worden verdeeld.<\/p>\n<\/li>\n<\/ul>\n<\/li>\n<\/ol>\n\n\t\t<\/div>\n\t<\/div>\n<\/div><\/div><\/div><div class=\"wpb_column vc_column_container vc_col-sm-4\"><div class=\"vc_column-inner\"><div class=\"wpb_wrapper\"><h3 style=\"text-align: left\" class=\"vc_custom_heading vc_do_custom_heading\" >Het verhaal achter tapijten van Taznakt<\/h3>\n\t<div class=\"wpb_text_column wpb_content_element\" >\n\t\t<div class=\"wpb_wrapper\">\n\t\t\t<h2 data-start=\"193\" data-end=\"229\">Het verhaal achter de tapijten van Boujaad<\/h2>\n<p data-start=\"231\" data-end=\"393\">Boujaad-tapijten zijn afkomstig uit <strong data-start=\"258\" data-end=\"276\">Haouz-regio<\/strong> in centraal Marokko, vlak bij de stad Boujaad, en staat bekend om enkele van de meest kleurrijke en artistieke Berbertapijten.<\/p>\n<p data-start=\"395\" data-end=\"661\">Ze werden traditioneel geweven door Berbervrouwen als onderdeel van hun <strong data-start=\"459\" data-end=\"470\">bruidsschat<\/strong> \u2013 een soort visueel dagboek, waarin de wever symbolen van liefde, vruchtbaarheid, bescherming en de cyclus van het leven verwerkte. Dit maakt elk Boujaad-kleed uniek en vol persoonlijke geschiedenis.<\/p>\n<p data-start=\"663\" data-end=\"696\">Boujaad-tapijten worden gekenmerkt door:<\/p>\n<ul data-start=\"698\" data-end=\"1025\">\n<li data-start=\"698\" data-end=\"800\">\n<p data-start=\"700\" data-end=\"800\"><strong data-start=\"700\" data-end=\"718\">Levendige kleuren<\/strong> \u2013 vaak in tinten roze, oranje, rood en blauw, gemaakt met natuurlijke plantaardige kleurstoffen.<\/p>\n<\/li>\n<li data-start=\"801\" data-end=\"916\">\n<p data-start=\"803\" data-end=\"916\"><strong data-start=\"803\" data-end=\"829\">Creatieve, gratis patronen<\/strong> \u2013 geen twee tapijten zijn hetzelfde. Ze kunnen geometrisch, abstract of bijna schilderachtig zijn.<\/p>\n<\/li>\n<li data-start=\"917\" data-end=\"1025\">\n<p data-start=\"919\" data-end=\"1025\"><strong data-start=\"919\" data-end=\"946\">Zachte en iets lagere pool<\/strong> dan Beni Ouarain en Beni Mguild, wat hen een lichte en flexibele uitdrukking geeft.<\/p>\n<\/li>\n<\/ul>\n<p data-start=\"1027\" data-end=\"1268\">Tegenwoordig zijn Boujaad-tapijten zeer geliefd bij ontwerpers en verzamelaars omdat ze <strong data-start=\"1108\" data-end=\"1130\">bohemian-kleurrijkheid<\/strong> Met authentiek vakmanschap. Ze kunnen zowel dienen als statement pieces in moderne huizen als als warme, zielvolle elementen in klassieke interieurs.<\/p>\n\n\t\t<\/div>\n\t<\/div>\n<\/div><\/div><\/div><\/div>\n<\/div>","protected":false},"excerpt":{"rendered":"<p data-start=\"382\" data-end=\"432\"><strong data-start=\"384\" data-end=\"428\">Tislit \u2013 Vintage Boujaad loper 80\u00d7290 cm<\/strong><\/p>\n<p data-start=\"434\" data-end=\"625\">Deze prachtige <strong data-start=\"447\" data-end=\"464\">Boujaad-tapijt<\/strong> wordt met de hand geweven in de regio Haouz nabij de stad Boujaad in Marokko en meet <strong data-start=\"531\" data-end=\"544\">80\u00d7290cm<\/strong> \u2013 perfect als loper voor de hal, keuken of als kleurrijk statement in de woonkamer.<\/p>\n<p data-start=\"627\" data-end=\"885\">Boujaad-tapijten staan bekend om hun <strong data-start=\"661\" data-end=\"695\">levendige kleuren en gratis patronen<\/strong>, En <strong data-start=\"700\" data-end=\"710\">Tislit<\/strong> is daarop geen uitzondering. Het kleed combineert tinten roze, lichtblauw, bruin en een vleugje geel in een grafisch en bijna abstract dessin dat het tot een klein kunstwerkje op de vloer maakt.<\/p>\n<p data-start=\"887\" data-end=\"1133\">Boujaad-tapijten werden van oudsher geweven door Berbervrouwen als onderdeel van hun bruidsschat. Elk patroon en elke kleurkeuze symboliseerde persoonlijke dromen, vruchtbaarheid, liefde en bescherming \u2013 waardoor elk tapijt uniek en vol verhalen is.<\/p>\n<p data-start=\"1135\" data-end=\"1319\">\u2714 Handgeweven van 100% wol in de regio Haouz<br data-start=\"1175\" data-end=\"1178\" \/>\u2714 Vintage \u2013 uniek stuk met karakter en patina<br data-start=\"1225\" data-end=\"1228\" \/>\u2714 Loperformaat \u2013 perfect voor lange, smalle ruimtes<br data-start=\"1272\" data-end=\"1275\" \/>\u2714 Kleurrijk, speels en artistiek ontwerp<\/p>\n<p data-start=\"1321\" data-end=\"1497\">Met <strong data-start=\"1325\" data-end=\"1335\">Tislit<\/strong> U haalt een tapijt in huis dat zowel een moderne uitstraling heeft als geworteld is in de Marokkaanse traditie en dat warmte, persoonlijkheid en charme toevoegt aan elke kamer.<\/p>\n<p>&nbsp;<\/p>","protected":false},"featured_media":39726,"template":"","meta":{"inline_featured_image":false},"product_brand":[],"product_cat":[143,59],"product_tag":[],"class_list":{"0":"post-39722","1":"product","2":"type-product","3":"status-publish","4":"has-post-thumbnail","6":"product_cat-berbertaepper","7":"product_cat-marokkanske-taepper","9":"first","10":"outofstock","11":"taxable","12":"shipping-taxable","13":"purchasable","14":"product-type-simple"},"exclude_global_add_ons":[],"addons":[],"yoast_head":"<!-- This site is optimized with the Yoast SEO plugin v27.4 - https:\/\/yoast.com\/product\/yoast-seo-wordpress\/ -->\n<title>Berbert\u00e6ppe | Marokkansk t\u00e6ppe | Kig her lige nu!<\/title>\n<meta name=\"description\" content=\"Unikt vintage BOUJ\u00c0AD t\u00e6ppe 80x290 cm.en dejlig lang l\u00f8ber. H\u00e5ndv\u00e6vet i Marokko af 100% uld i med mange l\u00e6kre farver. Kun \u00e9t eksemplar.\" \/>\n<meta name=\"robots\" content=\"index, follow, max-snippet:-1, max-image-preview:large, max-video-preview:-1\" \/>\n<link rel=\"canonical\" href=\"https:\/\/tibladin.dk\/nl\/product-2\/berber-tapijt-vintage-80x290-cm-tislit\/\" \/>\n<meta property=\"og:locale\" content=\"nl_NL\" \/>\n<meta property=\"og:type\" content=\"article\" \/>\n<meta property=\"og:title\" content=\"Berbert\u00e6ppe | Marokkansk t\u00e6ppe | Kig her lige nu!\" \/>\n<meta property=\"og:description\" content=\"Unikt vintage BOUJ\u00c0AD t\u00e6ppe 80x290 cm.en dejlig lang l\u00f8ber. H\u00e5ndv\u00e6vet i Marokko af 100% uld i med mange l\u00e6kre farver. Kun \u00e9t eksemplar.\" \/>\n<meta property=\"og:url\" content=\"https:\/\/tibladin.dk\/nl\/product-2\/berber-tapijt-vintage-80x290-cm-tislit\/\" \/>\n<meta property=\"og:site_name\" content=\"Tibladin\" \/>\n<meta property=\"article:modified_time\" content=\"2026-04-04T11:47:08+00:00\" \/>\n<meta property=\"og:image\" content=\"https:\/\/tibladin.dk\/wp-content\/uploads\/2025\/09\/Marokkansk-Boujaad-taeppe_Tislit_4.jpg\" \/>\n\t<meta property=\"og:image:width\" content=\"800\" \/>\n\t<meta property=\"og:image:height\" content=\"800\" \/>\n\t<meta property=\"og:image:type\" content=\"image\/jpeg\" \/>\n<meta name=\"twitter:card\" content=\"summary_large_image\" \/>\n<meta name=\"twitter:label1\" content=\"Geschatte leestijd\" \/>\n\t<meta name=\"twitter:data1\" content=\"3 minuten\" \/>\n<script type=\"application\/ld+json\" class=\"yoast-schema-graph\">{\"@context\":\"https:\\\/\\\/schema.org\",\"@graph\":[{\"@type\":\"WebPage\",\"@id\":\"https:\\\/\\\/tibladin.dk\\\/produkt\\\/berbertaeppe-vintage-80x290-cm-tislit\\\/\",\"url\":\"https:\\\/\\\/tibladin.dk\\\/produkt\\\/berbertaeppe-vintage-80x290-cm-tislit\\\/\",\"name\":\"Berbert\u00e6ppe | Marokkansk t\u00e6ppe | Kig her lige nu!\",\"isPartOf\":{\"@id\":\"https:\\\/\\\/tibladin.dk\\\/#website\"},\"primaryImageOfPage\":{\"@id\":\"https:\\\/\\\/tibladin.dk\\\/produkt\\\/berbertaeppe-vintage-80x290-cm-tislit\\\/#primaryimage\"},\"image\":{\"@id\":\"https:\\\/\\\/tibladin.dk\\\/produkt\\\/berbertaeppe-vintage-80x290-cm-tislit\\\/#primaryimage\"},\"thumbnailUrl\":\"https:\\\/\\\/tibladin.dk\\\/wp-content\\\/uploads\\\/2025\\\/09\\\/Marokkansk-Boujaad-taeppe_Tislit_4.jpg\",\"datePublished\":\"2025-09-12T14:01:53+00:00\",\"dateModified\":\"2026-04-04T11:47:08+00:00\",\"description\":\"Unikt vintage BOUJ\u00c0AD t\u00e6ppe 80x290 cm.en dejlig lang l\u00f8ber. H\u00e5ndv\u00e6vet i Marokko af 100% uld i med mange l\u00e6kre farver. Kun \u00e9t eksemplar.\",\"breadcrumb\":{\"@id\":\"https:\\\/\\\/tibladin.dk\\\/produkt\\\/berbertaeppe-vintage-80x290-cm-tislit\\\/#breadcrumb\"},\"inLanguage\":\"nl-NL\",\"potentialAction\":[{\"@type\":\"ReadAction\",\"target\":[\"https:\\\/\\\/tibladin.dk\\\/produkt\\\/berbertaeppe-vintage-80x290-cm-tislit\\\/\"]}]},{\"@type\":\"ImageObject\",\"inLanguage\":\"nl-NL\",\"@id\":\"https:\\\/\\\/tibladin.dk\\\/produkt\\\/berbertaeppe-vintage-80x290-cm-tislit\\\/#primaryimage\",\"url\":\"https:\\\/\\\/tibladin.dk\\\/wp-content\\\/uploads\\\/2025\\\/09\\\/Marokkansk-Boujaad-taeppe_Tislit_4.jpg\",\"contentUrl\":\"https:\\\/\\\/tibladin.dk\\\/wp-content\\\/uploads\\\/2025\\\/09\\\/Marokkansk-Boujaad-taeppe_Tislit_4.jpg\",\"width\":800,\"height\":800,\"caption\":\"Marokkansk Boujaad t\u00e6ppe_Tislit - l\u00f8ber\"},{\"@type\":\"BreadcrumbList\",\"@id\":\"https:\\\/\\\/tibladin.dk\\\/produkt\\\/berbertaeppe-vintage-80x290-cm-tislit\\\/#breadcrumb\",\"itemListElement\":[{\"@type\":\"ListItem\",\"position\":1,\"name\":\"Hjem\",\"item\":\"https:\\\/\\\/tibladin.dk\\\/\"},{\"@type\":\"ListItem\",\"position\":2,\"name\":\"Shop\",\"item\":\"https:\\\/\\\/tibladin.dk\\\/shop\\\/\"},{\"@type\":\"ListItem\",\"position\":3,\"name\":\"Berbert\u00e6ppe vintage 80&#215;290 cm. &#8211; TISLIT\"}]},{\"@type\":\"WebSite\",\"@id\":\"https:\\\/\\\/tibladin.dk\\\/#website\",\"url\":\"https:\\\/\\\/tibladin.dk\\\/\",\"name\":\"Tibladin\",\"description\":\"Tibladin\",\"publisher\":{\"@id\":\"https:\\\/\\\/tibladin.dk\\\/#organization\"},\"potentialAction\":[{\"@type\":\"SearchAction\",\"target\":{\"@type\":\"EntryPoint\",\"urlTemplate\":\"https:\\\/\\\/tibladin.dk\\\/?s={search_term_string}\"},\"query-input\":{\"@type\":\"PropertyValueSpecification\",\"valueRequired\":true,\"valueName\":\"search_term_string\"}}],\"inLanguage\":\"nl-NL\"},{\"@type\":\"Organization\",\"@id\":\"https:\\\/\\\/tibladin.dk\\\/#organization\",\"name\":\"Tibladin\",\"url\":\"https:\\\/\\\/tibladin.dk\\\/\",\"logo\":{\"@type\":\"ImageObject\",\"inLanguage\":\"nl-NL\",\"@id\":\"https:\\\/\\\/tibladin.dk\\\/#\\\/schema\\\/logo\\\/image\\\/\",\"url\":\"https:\\\/\\\/tibladin.dk\\\/wp-content\\\/uploads\\\/2022\\\/09\\\/tibladin_logo.svg\",\"contentUrl\":\"https:\\\/\\\/tibladin.dk\\\/wp-content\\\/uploads\\\/2022\\\/09\\\/tibladin_logo.svg\",\"caption\":\"Tibladin\"},\"image\":{\"@id\":\"https:\\\/\\\/tibladin.dk\\\/#\\\/schema\\\/logo\\\/image\\\/\"}}]}<\/script>\n<!-- \/ Yoast SEO plugin. -->","yoast_head_json":{"title":"Berbertapijt | Marokkaans vloerkleed | Kijk hier meteen!","description":"Uniek vintage BOUJ\u00c0AD vloerkleed 80x290 cm. Een heerlijke lange loper. Handgeweven in Marokko van 100% wol in vele prachtige kleuren. Slechts \u00e9\u00e9n exemplaar.","robots":{"index":"index","follow":"follow","max-snippet":"max-snippet:-1","max-image-preview":"max-image-preview:large","max-video-preview":"max-video-preview:-1"},"canonical":"https:\/\/tibladin.dk\/nl\/product-2\/berber-tapijt-vintage-80x290-cm-tislit\/","og_locale":"nl_NL","og_type":"article","og_title":"Berbert\u00e6ppe | Marokkansk t\u00e6ppe | Kig her lige nu!","og_description":"Unikt vintage BOUJ\u00c0AD t\u00e6ppe 80x290 cm.en dejlig lang l\u00f8ber. H\u00e5ndv\u00e6vet i Marokko af 100% uld i med mange l\u00e6kre farver. Kun \u00e9t eksemplar.","og_url":"https:\/\/tibladin.dk\/nl\/product-2\/berber-tapijt-vintage-80x290-cm-tislit\/","og_site_name":"Tibladin","article_modified_time":"2026-04-04T11:47:08+00:00","og_image":[{"width":800,"height":800,"url":"https:\/\/tibladin.dk\/wp-content\/uploads\/2025\/09\/Marokkansk-Boujaad-taeppe_Tislit_4.jpg","type":"image\/jpeg"}],"twitter_card":"summary_large_image","twitter_misc":{"Geschatte leestijd":"3 minuten"},"schema":{"@context":"https:\/\/schema.org","@graph":[{"@type":"WebPage","@id":"https:\/\/tibladin.dk\/produkt\/berbertaeppe-vintage-80x290-cm-tislit\/","url":"https:\/\/tibladin.dk\/produkt\/berbertaeppe-vintage-80x290-cm-tislit\/","name":"Berbertapijt | Marokkaans vloerkleed | Kijk hier meteen!","isPartOf":{"@id":"https:\/\/tibladin.dk\/#website"},"primaryImageOfPage":{"@id":"https:\/\/tibladin.dk\/produkt\/berbertaeppe-vintage-80x290-cm-tislit\/#primaryimage"},"image":{"@id":"https:\/\/tibladin.dk\/produkt\/berbertaeppe-vintage-80x290-cm-tislit\/#primaryimage"},"thumbnailUrl":"https:\/\/tibladin.dk\/wp-content\/uploads\/2025\/09\/Marokkansk-Boujaad-taeppe_Tislit_4.jpg","datePublished":"2025-09-12T14:01:53+00:00","dateModified":"2026-04-04T11:47:08+00:00","description":"Uniek vintage BOUJ\u00c0AD vloerkleed 80x290 cm. Een heerlijke lange loper. Handgeweven in Marokko van 100% wol in vele prachtige kleuren. Slechts \u00e9\u00e9n exemplaar.","breadcrumb":{"@id":"https:\/\/tibladin.dk\/produkt\/berbertaeppe-vintage-80x290-cm-tislit\/#breadcrumb"},"inLanguage":"nl-NL","potentialAction":[{"@type":"ReadAction","target":["https:\/\/tibladin.dk\/produkt\/berbertaeppe-vintage-80x290-cm-tislit\/"]}]},{"@type":"ImageObject","inLanguage":"nl-NL","@id":"https:\/\/tibladin.dk\/produkt\/berbertaeppe-vintage-80x290-cm-tislit\/#primaryimage","url":"https:\/\/tibladin.dk\/wp-content\/uploads\/2025\/09\/Marokkansk-Boujaad-taeppe_Tislit_4.jpg","contentUrl":"https:\/\/tibladin.dk\/wp-content\/uploads\/2025\/09\/Marokkansk-Boujaad-taeppe_Tislit_4.jpg","width":800,"height":800,"caption":"Marokkansk Boujaad t\u00e6ppe_Tislit - l\u00f8ber"},{"@type":"BreadcrumbList","@id":"https:\/\/tibladin.dk\/produkt\/berbertaeppe-vintage-80x290-cm-tislit\/#breadcrumb","itemListElement":[{"@type":"ListItem","position":1,"name":"Hjem","item":"https:\/\/tibladin.dk\/"},{"@type":"ListItem","position":2,"name":"Shop","item":"https:\/\/tibladin.dk\/shop\/"},{"@type":"ListItem","position":3,"name":"Berbert\u00e6ppe vintage 80&#215;290 cm. &#8211; TISLIT"}]},{"@type":"WebSite","@id":"https:\/\/tibladin.dk\/#website","url":"https:\/\/tibladin.dk\/","name":"Tibladin","description":"Tibladin","publisher":{"@id":"https:\/\/tibladin.dk\/#organization"},"potentialAction":[{"@type":"SearchAction","target":{"@type":"EntryPoint","urlTemplate":"https:\/\/tibladin.dk\/?s={search_term_string}"},"query-input":{"@type":"PropertyValueSpecification","valueRequired":true,"valueName":"search_term_string"}}],"inLanguage":"nl-NL"},{"@type":"Organization","@id":"https:\/\/tibladin.dk\/#organization","name":"Tibladin","url":"https:\/\/tibladin.dk\/","logo":{"@type":"ImageObject","inLanguage":"nl-NL","@id":"https:\/\/tibladin.dk\/#\/schema\/logo\/image\/","url":"https:\/\/tibladin.dk\/wp-content\/uploads\/2022\/09\/tibladin_logo.svg","contentUrl":"https:\/\/tibladin.dk\/wp-content\/uploads\/2022\/09\/tibladin_logo.svg","caption":"Tibladin"},"image":{"@id":"https:\/\/tibladin.dk\/#\/schema\/logo\/image\/"}}]}},"_links":{"self":[{"href":"https:\/\/tibladin.dk\/nl\/wp-json\/wp\/v2\/product\/39722","targetHints":{"allow":["GET"]}}],"collection":[{"href":"https:\/\/tibladin.dk\/nl\/wp-json\/wp\/v2\/product"}],"about":[{"href":"https:\/\/tibladin.dk\/nl\/wp-json\/wp\/v2\/types\/product"}],"wp:featuredmedia":[{"embeddable":true,"href":"https:\/\/tibladin.dk\/nl\/wp-json\/wp\/v2\/media\/39726"}],"wp:attachment":[{"href":"https:\/\/tibladin.dk\/nl\/wp-json\/wp\/v2\/media?parent=39722"}],"wp:term":[{"taxonomy":"product_brand","embeddable":true,"href":"https:\/\/tibladin.dk\/nl\/wp-json\/wp\/v2\/product_brand?post=39722"},{"taxonomy":"product_cat","embeddable":true,"href":"https:\/\/tibladin.dk\/nl\/wp-json\/wp\/v2\/product_cat?post=39722"},{"taxonomy":"product_tag","embeddable":true,"href":"https:\/\/tibladin.dk\/nl\/wp-json\/wp\/v2\/product_tag?post=39722"}],"curies":[{"name":"wp","href":"https:\/\/api.w.org\/{rel}","templated":true}]}}