{"id":39739,"date":"2025-09-13T13:01:41","date_gmt":"2025-09-13T11:01:41","guid":{"rendered":"https:\/\/tibladin.dk\/?post_type=product&#038;p=39739"},"modified":"2026-02-06T18:48:30","modified_gmt":"2026-02-06T17:48:30","slug":"berbertapijt-vintage-195x335cm-amnay","status":"publish","type":"product","link":"https:\/\/tibladin.dk\/nl\/produkt\/berbertaeppe-vintage-195x335cm-amnay\/","title":{"rendered":"Berbertapijt vintage 195x335cm. AMNAJ"},"content":{"rendered":"<div class=\"wpb-content-wrapper\"><div class=\"vc_row wpb_row vc_row-fluid\"><div class=\"wpb_column vc_column_container vc_col-sm-12\"><div class=\"vc_column-inner\"><div class=\"wpb_wrapper\">\n\t<div class=\"wpb_text_column wpb_content_element\" >\n\t\t<div class=\"wpb_wrapper\">\n\t\t\t<p>!<\/p>\n\n\t\t<\/div>\n\t<\/div>\n<\/div><\/div><\/div><\/div><div class=\"vc_row wpb_row vc_row-fluid\"><div class=\"wpb_column vc_column_container vc_col-sm-4\"><div class=\"vc_column-inner\"><div class=\"wpb_wrapper\"><\/div><\/div><\/div><div class=\"wpb_column vc_column_container vc_col-sm-4\"><div class=\"vc_column-inner\"><div class=\"wpb_wrapper\"><h3 style=\"text-align: left\" class=\"vc_custom_heading vc_do_custom_heading\" >Beni Mguild tapijtonderhoud<\/h3>\n\t<div class=\"wpb_text_column wpb_content_element\" >\n\t\t<div class=\"wpb_wrapper\">\n\t\t\t<h2 data-start=\"1435\" data-end=\"1480\">Onderhoud van Beni Mguild-tapijten<\/h2>\n<p data-start=\"1482\" data-end=\"1572\">Als u uw vintage Beni Mguild-kleed goed verzorgt, gaat het nog vele jaren mee:<\/p>\n<ol data-start=\"1574\" data-end=\"2587\">\n<li data-start=\"1574\" data-end=\"1782\">\n<p data-start=\"1577\" data-end=\"1594\"><strong data-start=\"1577\" data-end=\"1592\">Stofzuigen<\/strong><\/p>\n<ul data-start=\"1598\" data-end=\"1782\">\n<li data-start=\"1598\" data-end=\"1695\">\n<p data-start=\"1600\" data-end=\"1695\">Stofzuig het tapijt regelmatig (bij voorkeur zonder borstels) zodat stof en vuil zich niet in de vezels nestelen.<\/p>\n<\/li>\n<li data-start=\"1699\" data-end=\"1782\">\n<p data-start=\"1701\" data-end=\"1782\">Stofzuig een paar keer per jaar aan beide kanten op een lage zuigkracht om het fris te houden.<\/p>\n<\/li>\n<\/ul>\n<\/li>\n<li data-start=\"1784\" data-end=\"2008\">\n<p data-start=\"1787\" data-end=\"1815\"><strong data-start=\"1787\" data-end=\"1813\">Ontluchten en schudden<\/strong><\/p>\n<ul data-start=\"1819\" data-end=\"2008\">\n<li data-start=\"1819\" data-end=\"1937\">\n<p data-start=\"1821\" data-end=\"1937\">Haal het kleed een paar keer per jaar naar buiten, hang het over de reling en tik er zachtjes tegenaan om los stof te verwijderen.<\/p>\n<\/li>\n<li data-start=\"1941\" data-end=\"2008\">\n<p data-start=\"1943\" data-end=\"2008\">Laat het drogen in fris, droog weer: wol heeft een ademend vermogen.<\/p>\n<\/li>\n<\/ul>\n<\/li>\n<li data-start=\"2010\" data-end=\"2183\">\n<p data-start=\"2013\" data-end=\"2031\"><strong data-start=\"2013\" data-end=\"2029\">Vlekverwijdering<\/strong><\/p>\n<ul data-start=\"2035\" data-end=\"2183\">\n<li data-start=\"2035\" data-end=\"2078\">\n<p data-start=\"2037\" data-end=\"2078\">Veeg vlekken snel weg met een schone doek.<\/p>\n<\/li>\n<li data-start=\"2082\" data-end=\"2183\">\n<p data-start=\"2084\" data-end=\"2183\">Gebruik een milde wolzeep en koud water \u2013 nooit agressieve chemicali\u00ebn. Dep zachtjes en vermijd wrijven.<\/p>\n<\/li>\n<\/ul>\n<\/li>\n<li data-start=\"2185\" data-end=\"2330\">\n<p data-start=\"2188\" data-end=\"2211\"><strong data-start=\"2188\" data-end=\"2209\">Professioneel wassen<\/strong><\/p>\n<ul data-start=\"2215\" data-end=\"2330\">\n<li data-start=\"2215\" data-end=\"2330\">\n<p data-start=\"2217\" data-end=\"2330\">Overweeg om uw tapijt elke 3-5 jaar professioneel te laten reinigen. Kies een stomerij die ervaring heeft met tapijten van echte wol.<\/p>\n<\/li>\n<\/ul>\n<\/li>\n<\/ol>\n\n\t\t<\/div>\n\t<\/div>\n<\/div><\/div><\/div><div class=\"wpb_column vc_column_container vc_col-sm-4\"><div class=\"vc_column-inner\"><div class=\"wpb_wrapper\"><h3 style=\"text-align: left\" class=\"vc_custom_heading vc_do_custom_heading\" >Het verhaal achter Beni Mguild-tapijten<\/h3>\n\t<div class=\"wpb_text_column wpb_content_element\" >\n\t\t<div class=\"wpb_wrapper\">\n\t\t\t<h3 data-start=\"160\" data-end=\"191\"><strong data-start=\"167\" data-end=\"191\">Oorsprong en gebied<\/strong><\/h3>\n<ul data-start=\"192\" data-end=\"439\">\n<li data-start=\"192\" data-end=\"314\">\n<p data-start=\"194\" data-end=\"314\">De Beni Mguild-stam behoort tot <strong data-start=\"226\" data-end=\"250\">Midden-Atlasgebergte<\/strong>, vooral rond steden <strong data-start=\"272\" data-end=\"291\">Azrou en Boujad<\/strong> in de regio Khenifra.<\/p>\n<\/li>\n<li data-start=\"315\" data-end=\"439\">\n<p data-start=\"317\" data-end=\"439\">Het gebied is bergachtig en koud, wat invloed heeft gehad op de stijl van de dekens: ze werden gemaakt om warmte vast te houden in strenge winters.<\/p>\n<\/li>\n<\/ul>\n<hr data-start=\"441\" data-end=\"444\" \/>\n<h3 data-start=\"446\" data-end=\"489\"><strong data-start=\"453\" data-end=\"489\">Kenmerken van Beni Mguild-tapijten<\/strong><\/h3>\n<ul data-start=\"490\" data-end=\"965\">\n<li data-start=\"490\" data-end=\"650\">\n<p data-start=\"492\" data-end=\"650\"><strong data-start=\"492\" data-end=\"503\">Kleuren:<\/strong> Vaak diepe en donkere tinten \u2013 vooral <strong data-start=\"538\" data-end=\"582\">indigoblauw, rood, bruin, paars en bordeauxrood<\/strong>Het donkerblauw (indigo) is bijna een kenmerkend kenmerk van Beni Mguild.<\/p>\n<\/li>\n<li data-start=\"651\" data-end=\"761\">\n<p data-start=\"653\" data-end=\"761\"><strong data-start=\"653\" data-end=\"665\">Patronen:<\/strong> Klassiek <strong data-start=\"676\" data-end=\"694\">diamantpatronen<\/strong> in herhalingen, maar dichter en \u201cvoller\u201d dan bijvoorbeeld Beni Ourain.<\/p>\n<\/li>\n<li data-start=\"762\" data-end=\"851\">\n<p data-start=\"764\" data-end=\"851\"><strong data-start=\"764\" data-end=\"776\">Textuur:<\/strong> Dikke, sterke en zware wollen dekens \u2013 perfect voor de kou in de bergen.<\/p>\n<\/li>\n<li data-start=\"852\" data-end=\"965\">\n<p data-start=\"854\" data-end=\"965\"><strong data-start=\"854\" data-end=\"865\">Patina:<\/strong> Veel vintage Beni Mguilds hebben een prachtig vervaagd oppervlak, waarbij de kleuren in de loop van de tijd zachter zijn geworden.<\/p>\n<\/li>\n<\/ul>\n<hr data-start=\"967\" data-end=\"970\" \/>\n<h3 data-start=\"972\" data-end=\"991\"><strong data-start=\"979\" data-end=\"991\">Symboliek<\/strong><\/h3>\n<p data-start=\"992\" data-end=\"1052\">Net als bij andere Berberstammen zijn de patronen niet willekeurig:<\/p>\n<ul data-start=\"1053\" data-end=\"1240\">\n<li data-start=\"1053\" data-end=\"1134\">\n<p data-start=\"1055\" data-end=\"1134\"><strong data-start=\"1055\" data-end=\"1077\">Ruiten en kruisen<\/strong> symboliseert bescherming, vruchtbaarheid en vrouwelijkheid.<\/p>\n<\/li>\n<li data-start=\"1135\" data-end=\"1240\">\n<p data-start=\"1137\" data-end=\"1240\">Repetitieve vormen kunnen gezien worden als een verhaal over de reis van het leven, de cyclus van de natuur en de spirituele overtuigingen van de stammen.<\/p>\n<\/li>\n<\/ul>\n\n\t\t<\/div>\n\t<\/div>\n<\/div><\/div><\/div><\/div>\n<\/div>","protected":false},"excerpt":{"rendered":"<p data-start=\"325\" data-end=\"379\">\u2728 <strong data-start=\"327\" data-end=\"375\">Amnay \u2013 Vintage Beni Mguild-tapijt 195\u00d7335 cm<\/strong> \u2728<\/p>\n<p data-start=\"381\" data-end=\"602\">Deze echte vintage <strong data-start=\"400\" data-end=\"421\">Beni Mguild-tapijt<\/strong> uit het Midden-Atlasgebergte is een stukje levende cultuurgeschiedenis. Met zijn <strong data-start=\"493\" data-end=\"544\">gedempte tinten van stoffig roze, grijsblauw cr\u00e8me en groen<\/strong> Het cre\u00ebert een rustige en verfijnde sfeer in de kamer.<\/p>\n<p data-start=\"604\" data-end=\"779\">Het kenmerkende ruitpatroon, omgeven door een prachtige rand, is geweven van dichte wol met een luxueuze en duurzame pool \u2013 een kwaliteit waar Beni Mguild-tapijten om bekendstaan.<\/p>\n<p data-start=\"781\" data-end=\"1080\">Tapijten zoals deze werden van oudsher geweven door Berbervrouwen voor gebruik in de bergen als warme vloerkleden of spreien. De kleuren zijn traditioneel afkomstig van natuurlijke planten- en minerale kleurstoffen, en de lichte patina getuigt van een geleefd leven \u2013 wat dit tapijt tot een <strong data-start=\"1042\" data-end=\"1077\">volledig uniek uniek stuk<\/strong>.<\/p>\n<p data-start=\"1082\" data-end=\"1233\">\u2714 Handgeweven in 100% wol<br data-start=\"1104\" data-end=\"1107\" \/>\u2714 Mooie patina en zachte kleuren<br data-start=\"1136\" data-end=\"1139\" \/>\u2714 Klassiek ruitpatroon en decoratieve rand<br data-start=\"1182\" data-end=\"1185\" \/>\u2714 Perfecte maat voor woonkamer of eetkamer<\/p>\n<p data-start=\"1235\" data-end=\"1389\">Breng warmte, authenticiteit en een vleugje Marokkaanse geschiedenis in uw huis met <strong data-start=\"1316\" data-end=\"1325\">Amnay<\/strong> \u2013 een tapijt dat zowel functioneel als een esthetisch kunstwerk is.<\/p>\n<p data-start=\"1235\" data-end=\"1389\">AMNAY betekent <em data-start=\"195\" data-end=\"201\">vrede<\/em> in het Berbers. Past perfect bij de rustige uitstraling van het tapijt en de ingetogen, harmonieuze kleuren.<\/p>\n<hr data-start=\"1391\" data-end=\"1394\" \/>","protected":false},"featured_media":39745,"template":"","meta":{"inline_featured_image":false},"product_brand":[],"product_cat":[143,59],"product_tag":[],"class_list":{"0":"post-39739","1":"product","2":"type-product","3":"status-publish","4":"has-post-thumbnail","6":"product_cat-berbertaepper","7":"product_cat-marokkanske-taepper","9":"first","10":"instock","11":"taxable","12":"shipping-taxable","13":"purchasable","14":"product-type-simple"},"exclude_global_add_ons":[],"addons":[],"yoast_head":"<!-- This site is optimized with the Yoast SEO plugin v27.4 - https:\/\/yoast.com\/product\/yoast-seo-wordpress\/ -->\n<title>Berbert\u00e6ppe | Marokkansk t\u00e6ppe | Kig her lige nu!<\/title>\n<meta name=\"description\" content=\"\u00c6gte Vintage Berbert\u00e6ppe i rolige bl\u00e5, gr\u00e5 og beige og gr\u00f8nne nuancer. Et stort dejligt t\u00e6ppe med masser af historie og karakter. Se det hos Tibladin.\" \/>\n<meta name=\"robots\" content=\"index, follow, max-snippet:-1, max-image-preview:large, max-video-preview:-1\" \/>\n<link rel=\"canonical\" href=\"https:\/\/tibladin.dk\/nl\/product-2\/berbertapijt-vintage-195x335cm-amnay\/\" \/>\n<meta property=\"og:locale\" content=\"nl_NL\" \/>\n<meta property=\"og:type\" content=\"article\" \/>\n<meta property=\"og:title\" content=\"Berbert\u00e6ppe | Marokkansk t\u00e6ppe | Kig her lige nu!\" \/>\n<meta property=\"og:description\" content=\"\u00c6gte Vintage Berbert\u00e6ppe i rolige bl\u00e5, gr\u00e5 og beige og gr\u00f8nne nuancer. Et stort dejligt t\u00e6ppe med masser af historie og karakter. Se det hos Tibladin.\" \/>\n<meta property=\"og:url\" content=\"https:\/\/tibladin.dk\/nl\/product-2\/berbertapijt-vintage-195x335cm-amnay\/\" \/>\n<meta property=\"og:site_name\" content=\"Tibladin\" \/>\n<meta property=\"article:modified_time\" content=\"2026-02-06T17:48:30+00:00\" \/>\n<meta property=\"og:image\" content=\"https:\/\/tibladin.dk\/wp-content\/uploads\/2025\/09\/Stort-Beni-Mguild-taeppe_AMNAY_6.jpg\" \/>\n\t<meta property=\"og:image:width\" content=\"800\" \/>\n\t<meta property=\"og:image:height\" content=\"800\" \/>\n\t<meta property=\"og:image:type\" content=\"image\/jpeg\" \/>\n<meta name=\"twitter:card\" content=\"summary_large_image\" \/>\n<meta name=\"twitter:label1\" content=\"Geschatte leestijd\" \/>\n\t<meta name=\"twitter:data1\" content=\"3 minuten\" \/>\n<script type=\"application\/ld+json\" class=\"yoast-schema-graph\">{\"@context\":\"https:\\\/\\\/schema.org\",\"@graph\":[{\"@type\":\"WebPage\",\"@id\":\"https:\\\/\\\/tibladin.dk\\\/produkt\\\/berbertaeppe-vintage-195x335cm-amnay\\\/\",\"url\":\"https:\\\/\\\/tibladin.dk\\\/produkt\\\/berbertaeppe-vintage-195x335cm-amnay\\\/\",\"name\":\"Berbert\u00e6ppe | Marokkansk t\u00e6ppe | Kig her lige nu!\",\"isPartOf\":{\"@id\":\"https:\\\/\\\/tibladin.dk\\\/#website\"},\"primaryImageOfPage\":{\"@id\":\"https:\\\/\\\/tibladin.dk\\\/produkt\\\/berbertaeppe-vintage-195x335cm-amnay\\\/#primaryimage\"},\"image\":{\"@id\":\"https:\\\/\\\/tibladin.dk\\\/produkt\\\/berbertaeppe-vintage-195x335cm-amnay\\\/#primaryimage\"},\"thumbnailUrl\":\"https:\\\/\\\/tibladin.dk\\\/wp-content\\\/uploads\\\/2025\\\/09\\\/Stort-Beni-Mguild-taeppe_AMNAY_6.jpg\",\"datePublished\":\"2025-09-13T11:01:41+00:00\",\"dateModified\":\"2026-02-06T17:48:30+00:00\",\"description\":\"\u00c6gte Vintage Berbert\u00e6ppe i rolige bl\u00e5, gr\u00e5 og beige og gr\u00f8nne nuancer. Et stort dejligt t\u00e6ppe med masser af historie og karakter. Se det hos Tibladin.\",\"breadcrumb\":{\"@id\":\"https:\\\/\\\/tibladin.dk\\\/produkt\\\/berbertaeppe-vintage-195x335cm-amnay\\\/#breadcrumb\"},\"inLanguage\":\"nl-NL\",\"potentialAction\":[{\"@type\":\"ReadAction\",\"target\":[\"https:\\\/\\\/tibladin.dk\\\/produkt\\\/berbertaeppe-vintage-195x335cm-amnay\\\/\"]}]},{\"@type\":\"ImageObject\",\"inLanguage\":\"nl-NL\",\"@id\":\"https:\\\/\\\/tibladin.dk\\\/produkt\\\/berbertaeppe-vintage-195x335cm-amnay\\\/#primaryimage\",\"url\":\"https:\\\/\\\/tibladin.dk\\\/wp-content\\\/uploads\\\/2025\\\/09\\\/Stort-Beni-Mguild-taeppe_AMNAY_6.jpg\",\"contentUrl\":\"https:\\\/\\\/tibladin.dk\\\/wp-content\\\/uploads\\\/2025\\\/09\\\/Stort-Beni-Mguild-taeppe_AMNAY_6.jpg\",\"width\":800,\"height\":800,\"caption\":\"Stort Beni Mguild t\u00e6ppe_AMNAY\"},{\"@type\":\"BreadcrumbList\",\"@id\":\"https:\\\/\\\/tibladin.dk\\\/produkt\\\/berbertaeppe-vintage-195x335cm-amnay\\\/#breadcrumb\",\"itemListElement\":[{\"@type\":\"ListItem\",\"position\":1,\"name\":\"Hjem\",\"item\":\"https:\\\/\\\/tibladin.dk\\\/\"},{\"@type\":\"ListItem\",\"position\":2,\"name\":\"Shop\",\"item\":\"https:\\\/\\\/tibladin.dk\\\/shop\\\/\"},{\"@type\":\"ListItem\",\"position\":3,\"name\":\"Berbert\u00e6ppe vintage 195x335cm. AMNAY\"}]},{\"@type\":\"WebSite\",\"@id\":\"https:\\\/\\\/tibladin.dk\\\/#website\",\"url\":\"https:\\\/\\\/tibladin.dk\\\/\",\"name\":\"Tibladin\",\"description\":\"Tibladin\",\"publisher\":{\"@id\":\"https:\\\/\\\/tibladin.dk\\\/#organization\"},\"potentialAction\":[{\"@type\":\"SearchAction\",\"target\":{\"@type\":\"EntryPoint\",\"urlTemplate\":\"https:\\\/\\\/tibladin.dk\\\/?s={search_term_string}\"},\"query-input\":{\"@type\":\"PropertyValueSpecification\",\"valueRequired\":true,\"valueName\":\"search_term_string\"}}],\"inLanguage\":\"nl-NL\"},{\"@type\":\"Organization\",\"@id\":\"https:\\\/\\\/tibladin.dk\\\/#organization\",\"name\":\"Tibladin\",\"url\":\"https:\\\/\\\/tibladin.dk\\\/\",\"logo\":{\"@type\":\"ImageObject\",\"inLanguage\":\"nl-NL\",\"@id\":\"https:\\\/\\\/tibladin.dk\\\/#\\\/schema\\\/logo\\\/image\\\/\",\"url\":\"https:\\\/\\\/tibladin.dk\\\/wp-content\\\/uploads\\\/2022\\\/09\\\/tibladin_logo.svg\",\"contentUrl\":\"https:\\\/\\\/tibladin.dk\\\/wp-content\\\/uploads\\\/2022\\\/09\\\/tibladin_logo.svg\",\"caption\":\"Tibladin\"},\"image\":{\"@id\":\"https:\\\/\\\/tibladin.dk\\\/#\\\/schema\\\/logo\\\/image\\\/\"}}]}<\/script>\n<!-- \/ Yoast SEO plugin. -->","yoast_head_json":{"title":"Berbertapijt | Marokkaans vloerkleed | Kijk hier meteen!","description":"Origineel vintage Berber tapijt in rustige blauw-, grijs-, beige- en groentinten. Een groot, prachtig tapijt met veel geschiedenis en karakter. Bekijk het bij Tibladin.","robots":{"index":"index","follow":"follow","max-snippet":"max-snippet:-1","max-image-preview":"max-image-preview:large","max-video-preview":"max-video-preview:-1"},"canonical":"https:\/\/tibladin.dk\/nl\/product-2\/berbertapijt-vintage-195x335cm-amnay\/","og_locale":"nl_NL","og_type":"article","og_title":"Berbert\u00e6ppe | Marokkansk t\u00e6ppe | Kig her lige nu!","og_description":"\u00c6gte Vintage Berbert\u00e6ppe i rolige bl\u00e5, gr\u00e5 og beige og gr\u00f8nne nuancer. Et stort dejligt t\u00e6ppe med masser af historie og karakter. Se det hos Tibladin.","og_url":"https:\/\/tibladin.dk\/nl\/product-2\/berbertapijt-vintage-195x335cm-amnay\/","og_site_name":"Tibladin","article_modified_time":"2026-02-06T17:48:30+00:00","og_image":[{"width":800,"height":800,"url":"https:\/\/tibladin.dk\/wp-content\/uploads\/2025\/09\/Stort-Beni-Mguild-taeppe_AMNAY_6.jpg","type":"image\/jpeg"}],"twitter_card":"summary_large_image","twitter_misc":{"Geschatte leestijd":"3 minuten"},"schema":{"@context":"https:\/\/schema.org","@graph":[{"@type":"WebPage","@id":"https:\/\/tibladin.dk\/produkt\/berbertaeppe-vintage-195x335cm-amnay\/","url":"https:\/\/tibladin.dk\/produkt\/berbertaeppe-vintage-195x335cm-amnay\/","name":"Berbertapijt | Marokkaans vloerkleed | Kijk hier meteen!","isPartOf":{"@id":"https:\/\/tibladin.dk\/#website"},"primaryImageOfPage":{"@id":"https:\/\/tibladin.dk\/produkt\/berbertaeppe-vintage-195x335cm-amnay\/#primaryimage"},"image":{"@id":"https:\/\/tibladin.dk\/produkt\/berbertaeppe-vintage-195x335cm-amnay\/#primaryimage"},"thumbnailUrl":"https:\/\/tibladin.dk\/wp-content\/uploads\/2025\/09\/Stort-Beni-Mguild-taeppe_AMNAY_6.jpg","datePublished":"2025-09-13T11:01:41+00:00","dateModified":"2026-02-06T17:48:30+00:00","description":"Origineel vintage Berber tapijt in rustige blauw-, grijs-, beige- en groentinten. Een groot, prachtig tapijt met veel geschiedenis en karakter. Bekijk het bij Tibladin.","breadcrumb":{"@id":"https:\/\/tibladin.dk\/produkt\/berbertaeppe-vintage-195x335cm-amnay\/#breadcrumb"},"inLanguage":"nl-NL","potentialAction":[{"@type":"ReadAction","target":["https:\/\/tibladin.dk\/produkt\/berbertaeppe-vintage-195x335cm-amnay\/"]}]},{"@type":"ImageObject","inLanguage":"nl-NL","@id":"https:\/\/tibladin.dk\/produkt\/berbertaeppe-vintage-195x335cm-amnay\/#primaryimage","url":"https:\/\/tibladin.dk\/wp-content\/uploads\/2025\/09\/Stort-Beni-Mguild-taeppe_AMNAY_6.jpg","contentUrl":"https:\/\/tibladin.dk\/wp-content\/uploads\/2025\/09\/Stort-Beni-Mguild-taeppe_AMNAY_6.jpg","width":800,"height":800,"caption":"Stort Beni Mguild t\u00e6ppe_AMNAY"},{"@type":"BreadcrumbList","@id":"https:\/\/tibladin.dk\/produkt\/berbertaeppe-vintage-195x335cm-amnay\/#breadcrumb","itemListElement":[{"@type":"ListItem","position":1,"name":"Hjem","item":"https:\/\/tibladin.dk\/"},{"@type":"ListItem","position":2,"name":"Shop","item":"https:\/\/tibladin.dk\/shop\/"},{"@type":"ListItem","position":3,"name":"Berbert\u00e6ppe vintage 195x335cm. AMNAY"}]},{"@type":"WebSite","@id":"https:\/\/tibladin.dk\/#website","url":"https:\/\/tibladin.dk\/","name":"Tibladin","description":"Tibladin","publisher":{"@id":"https:\/\/tibladin.dk\/#organization"},"potentialAction":[{"@type":"SearchAction","target":{"@type":"EntryPoint","urlTemplate":"https:\/\/tibladin.dk\/?s={search_term_string}"},"query-input":{"@type":"PropertyValueSpecification","valueRequired":true,"valueName":"search_term_string"}}],"inLanguage":"nl-NL"},{"@type":"Organization","@id":"https:\/\/tibladin.dk\/#organization","name":"Tibladin","url":"https:\/\/tibladin.dk\/","logo":{"@type":"ImageObject","inLanguage":"nl-NL","@id":"https:\/\/tibladin.dk\/#\/schema\/logo\/image\/","url":"https:\/\/tibladin.dk\/wp-content\/uploads\/2022\/09\/tibladin_logo.svg","contentUrl":"https:\/\/tibladin.dk\/wp-content\/uploads\/2022\/09\/tibladin_logo.svg","caption":"Tibladin"},"image":{"@id":"https:\/\/tibladin.dk\/#\/schema\/logo\/image\/"}}]}},"_links":{"self":[{"href":"https:\/\/tibladin.dk\/nl\/wp-json\/wp\/v2\/product\/39739","targetHints":{"allow":["GET"]}}],"collection":[{"href":"https:\/\/tibladin.dk\/nl\/wp-json\/wp\/v2\/product"}],"about":[{"href":"https:\/\/tibladin.dk\/nl\/wp-json\/wp\/v2\/types\/product"}],"wp:featuredmedia":[{"embeddable":true,"href":"https:\/\/tibladin.dk\/nl\/wp-json\/wp\/v2\/media\/39745"}],"wp:attachment":[{"href":"https:\/\/tibladin.dk\/nl\/wp-json\/wp\/v2\/media?parent=39739"}],"wp:term":[{"taxonomy":"product_brand","embeddable":true,"href":"https:\/\/tibladin.dk\/nl\/wp-json\/wp\/v2\/product_brand?post=39739"},{"taxonomy":"product_cat","embeddable":true,"href":"https:\/\/tibladin.dk\/nl\/wp-json\/wp\/v2\/product_cat?post=39739"},{"taxonomy":"product_tag","embeddable":true,"href":"https:\/\/tibladin.dk\/nl\/wp-json\/wp\/v2\/product_tag?post=39739"}],"curies":[{"name":"wp","href":"https:\/\/api.w.org\/{rel}","templated":true}]}}