{"id":40254,"date":"2025-10-02T15:17:51","date_gmt":"2025-10-02T13:17:51","guid":{"rendered":"https:\/\/tibladin.dk\/?post_type=product&#038;p=40254"},"modified":"2026-04-04T14:16:26","modified_gmt":"2026-04-04T12:16:26","slug":"mand-riet-met-sterrenpatroon-60-cm","status":"publish","type":"product","link":"https:\/\/tibladin.dk\/nl\/produkt\/kurv-flet-m-stjernemoenster-60-cm\/","title":{"rendered":"Rieten mand met sterrenpatroon - 60 cm"},"content":{"rendered":"<div class=\"wpb-content-wrapper\"><div class=\"vc_row wpb_row vc_row-fluid\"><div class=\"wpb_column vc_column_container vc_col-sm-4\"><div class=\"vc_column-inner\"><div class=\"wpb_wrapper\"><h3 style=\"text-align: left\" class=\"vc_custom_heading vc_do_custom_heading\" >Onderhoud<\/h3>\n\t<div class=\"wpb_text_column wpb_content_element\" >\n\t\t<div class=\"wpb_wrapper\">\n\t\t\t<p>Voor het schoonmaken is het het gemakkelijkst om het voorzichtig te stofzuigen.<\/p>\n\n\t\t<\/div>\n\t<\/div>\n<\/div><\/div><\/div><div class=\"wpb_column vc_column_container vc_col-sm-4\"><div class=\"vc_column-inner\"><div class=\"wpb_wrapper\"><h3 style=\"text-align: left\" class=\"vc_custom_heading vc_do_custom_heading\" >Het verhaal erachter<\/h3>\n\t<div class=\"wpb_text_column wpb_content_element\" >\n\t\t<div class=\"wpb_wrapper\">\n\t\t\t<p>Ik hou van rondingen! Ze kunnen elke kamer warmte en gezelligheid geven.<\/p>\n<p>Gebruik deze mand als wasmand of voor het opbergen van extra kussens en dekens.<\/p>\n<p>De manden zijn handgemaakt in Marrakech, gespecialiseerd in rieten en dat al generaties lang.<\/p>\n<p>Als je deze mand als wasmand gebruikt, kun je er voor kiezen om een waszak te naaien om in de mand te doen. Je kunt niet voorkomen dat de mand een beetje vlechtwerk afgeeft.<\/p>\n\n\t\t<\/div>\n\t<\/div>\n<\/div><\/div><\/div><div class=\"wpb_column vc_column_container vc_col-sm-4\"><div class=\"vc_column-inner\"><div class=\"wpb_wrapper\"><h3 style=\"text-align: left\" class=\"vc_custom_heading vc_do_custom_heading\" >Wat is rotan?<\/h3>\n\t<div class=\"wpb_text_column wpb_content_element\" >\n\t\t<div class=\"wpb_wrapper\">\n\t\t\t<p>Rotan is gemaakt van een tropische palm die afkomstig is uit Australi\u00eb, Azi\u00eb en Afrika. Het materiaal is erg sterk en lijkt op bamboe, daarom wordt het voor van alles gebruikt: van dienbladen en manden tot hoofdeinden en borreltafels.<\/p>\n<p>Raffia lijkt op rotan omdat ze allebei afkomstig zijn van palmbladeren, maar raffia is wat zachter.<\/p>\n\n\t\t<\/div>\n\t<\/div>\n<\/div><\/div><\/div><\/div>\n<\/div>","protected":false},"excerpt":{"rendered":"<p>Marokkaanse mand, handgemaakt van natuurlijk rotan met zwart sterrenpatroon - met deksel.<\/p>\n<p>Hoogte: 60 cm - diameter 45 cm.<\/p>\n<p>Een praktische grote wasmand of mand voor het opbergen van de iets grotere kussens en dekens. De mand verfraait en geeft elke kamer een gezellige sfeer en zorgt voor een vleugje Marokko.<\/p>\n<p>De mand is handgemaakt en kleine afwijkingen en onvolkomenheden kunnen voorkomen.<\/p>\n<p>&nbsp;<\/p>","protected":false},"featured_media":40208,"template":"","meta":{"inline_featured_image":false},"product_brand":[],"product_cat":[55,51],"product_tag":[],"class_list":{"0":"post-40254","1":"product","2":"type-product","3":"status-publish","4":"has-post-thumbnail","6":"product_cat-kurve","7":"product_cat-opbevaring","9":"first","10":"instock","11":"taxable","12":"shipping-taxable","13":"purchasable","14":"product-type-simple"},"exclude_global_add_ons":[],"addons":[],"yoast_head":"<!-- This site is optimized with the Yoast SEO plugin v27.5 - https:\/\/yoast.com\/product\/yoast-seo-wordpress\/ -->\n<title>| H\u00e5ndlavet fletkurv af rattan | 60 cm | Smukt m\u00f8nster<\/title>\n<meta name=\"description\" content=\"H\u00e5ndlavet marrokansk rattan-kurv, flettet af naturmaterialer. Giver varme, hygge og et touch af Marokko i ethvert rum \u21d2 Se den her\" \/>\n<meta name=\"robots\" content=\"index, follow, max-snippet:-1, max-image-preview:large, max-video-preview:-1\" \/>\n<link rel=\"canonical\" href=\"https:\/\/tibladin.dk\/nl\/product-2\/mand-riet-met-sterrenpatroon-60-cm\/\" \/>\n<meta property=\"og:locale\" content=\"nl_NL\" \/>\n<meta property=\"og:type\" content=\"article\" \/>\n<meta property=\"og:title\" content=\"| H\u00e5ndlavet fletkurv af rattan | 60 cm | Smukt m\u00f8nster\" \/>\n<meta property=\"og:description\" content=\"H\u00e5ndlavet marrokansk rattan-kurv, flettet af naturmaterialer. Giver varme, hygge og et touch af Marokko i ethvert rum \u21d2 Se den her\" \/>\n<meta property=\"og:url\" content=\"https:\/\/tibladin.dk\/nl\/product-2\/mand-riet-met-sterrenpatroon-60-cm\/\" \/>\n<meta property=\"og:site_name\" content=\"Tibladin\" \/>\n<meta property=\"article:modified_time\" content=\"2026-04-04T12:16:26+00:00\" \/>\n<meta property=\"og:image\" content=\"https:\/\/tibladin.dk\/wp-content\/uploads\/2025\/10\/Naturkurv-med-stjernemoenster_H60-cm-Bredde-45-cm_1.jpg\" \/>\n\t<meta property=\"og:image:width\" content=\"800\" \/>\n\t<meta property=\"og:image:height\" content=\"800\" \/>\n\t<meta property=\"og:image:type\" content=\"image\/jpeg\" \/>\n<meta name=\"twitter:card\" content=\"summary_large_image\" \/>\n<meta name=\"twitter:label1\" content=\"Geschatte leestijd\" \/>\n\t<meta name=\"twitter:data1\" content=\"2 minuten\" \/>\n<script type=\"application\/ld+json\" class=\"yoast-schema-graph\">{\"@context\":\"https:\\\/\\\/schema.org\",\"@graph\":[{\"@type\":\"WebPage\",\"@id\":\"https:\\\/\\\/tibladin.dk\\\/produkt\\\/kurv-flet-m-stjernemoenster-60-cm\\\/\",\"url\":\"https:\\\/\\\/tibladin.dk\\\/produkt\\\/kurv-flet-m-stjernemoenster-60-cm\\\/\",\"name\":\"| H\u00e5ndlavet fletkurv af rattan | 60 cm | Smukt m\u00f8nster\",\"isPartOf\":{\"@id\":\"https:\\\/\\\/tibladin.dk\\\/#website\"},\"primaryImageOfPage\":{\"@id\":\"https:\\\/\\\/tibladin.dk\\\/produkt\\\/kurv-flet-m-stjernemoenster-60-cm\\\/#primaryimage\"},\"image\":{\"@id\":\"https:\\\/\\\/tibladin.dk\\\/produkt\\\/kurv-flet-m-stjernemoenster-60-cm\\\/#primaryimage\"},\"thumbnailUrl\":\"https:\\\/\\\/tibladin.dk\\\/wp-content\\\/uploads\\\/2025\\\/10\\\/Naturkurv-med-stjernemoenster_H60-cm-Bredde-45-cm_1.jpg\",\"datePublished\":\"2025-10-02T13:17:51+00:00\",\"dateModified\":\"2026-04-04T12:16:26+00:00\",\"description\":\"H\u00e5ndlavet marrokansk rattan-kurv, flettet af naturmaterialer. Giver varme, hygge og et touch af Marokko i ethvert rum \u21d2 Se den her\",\"breadcrumb\":{\"@id\":\"https:\\\/\\\/tibladin.dk\\\/produkt\\\/kurv-flet-m-stjernemoenster-60-cm\\\/#breadcrumb\"},\"inLanguage\":\"nl-NL\",\"potentialAction\":[{\"@type\":\"ReadAction\",\"target\":[\"https:\\\/\\\/tibladin.dk\\\/produkt\\\/kurv-flet-m-stjernemoenster-60-cm\\\/\"]}]},{\"@type\":\"ImageObject\",\"inLanguage\":\"nl-NL\",\"@id\":\"https:\\\/\\\/tibladin.dk\\\/produkt\\\/kurv-flet-m-stjernemoenster-60-cm\\\/#primaryimage\",\"url\":\"https:\\\/\\\/tibladin.dk\\\/wp-content\\\/uploads\\\/2025\\\/10\\\/Naturkurv-med-stjernemoenster_H60-cm-Bredde-45-cm_1.jpg\",\"contentUrl\":\"https:\\\/\\\/tibladin.dk\\\/wp-content\\\/uploads\\\/2025\\\/10\\\/Naturkurv-med-stjernemoenster_H60-cm-Bredde-45-cm_1.jpg\",\"width\":800,\"height\":800,\"caption\":\"stor kurv med marokkansk stjernem\u00f8nster\"},{\"@type\":\"BreadcrumbList\",\"@id\":\"https:\\\/\\\/tibladin.dk\\\/produkt\\\/kurv-flet-m-stjernemoenster-60-cm\\\/#breadcrumb\",\"itemListElement\":[{\"@type\":\"ListItem\",\"position\":1,\"name\":\"Hjem\",\"item\":\"https:\\\/\\\/tibladin.dk\\\/\"},{\"@type\":\"ListItem\",\"position\":2,\"name\":\"Shop\",\"item\":\"https:\\\/\\\/tibladin.dk\\\/shop\\\/\"},{\"@type\":\"ListItem\",\"position\":3,\"name\":\"Kurv flet m. stjernem\u00f8nster &#8211; 60 cm\"}]},{\"@type\":\"WebSite\",\"@id\":\"https:\\\/\\\/tibladin.dk\\\/#website\",\"url\":\"https:\\\/\\\/tibladin.dk\\\/\",\"name\":\"Tibladin\",\"description\":\"Tibladin\",\"publisher\":{\"@id\":\"https:\\\/\\\/tibladin.dk\\\/#organization\"},\"potentialAction\":[{\"@type\":\"SearchAction\",\"target\":{\"@type\":\"EntryPoint\",\"urlTemplate\":\"https:\\\/\\\/tibladin.dk\\\/?s={search_term_string}\"},\"query-input\":{\"@type\":\"PropertyValueSpecification\",\"valueRequired\":true,\"valueName\":\"search_term_string\"}}],\"inLanguage\":\"nl-NL\"},{\"@type\":\"Organization\",\"@id\":\"https:\\\/\\\/tibladin.dk\\\/#organization\",\"name\":\"Tibladin\",\"url\":\"https:\\\/\\\/tibladin.dk\\\/\",\"logo\":{\"@type\":\"ImageObject\",\"inLanguage\":\"nl-NL\",\"@id\":\"https:\\\/\\\/tibladin.dk\\\/#\\\/schema\\\/logo\\\/image\\\/\",\"url\":\"https:\\\/\\\/tibladin.dk\\\/wp-content\\\/uploads\\\/2022\\\/09\\\/tibladin_logo.svg\",\"contentUrl\":\"https:\\\/\\\/tibladin.dk\\\/wp-content\\\/uploads\\\/2022\\\/09\\\/tibladin_logo.svg\",\"caption\":\"Tibladin\"},\"image\":{\"@id\":\"https:\\\/\\\/tibladin.dk\\\/#\\\/schema\\\/logo\\\/image\\\/\"}}]}<\/script>\n<!-- \/ Yoast SEO plugin. -->","yoast_head_json":{"title":"| Handgemaakte rieten mand van rotan | 60 cm | Prachtig patroon","description":"Handgemaakte Marokkaanse rotan mand, geweven van natuurlijke materialen. Zorgt voor warmte, gezelligheid en een vleugje Marokko in elke kamer \u21d2 Bekijk hem hier","robots":{"index":"index","follow":"follow","max-snippet":"max-snippet:-1","max-image-preview":"max-image-preview:large","max-video-preview":"max-video-preview:-1"},"canonical":"https:\/\/tibladin.dk\/nl\/product-2\/mand-riet-met-sterrenpatroon-60-cm\/","og_locale":"nl_NL","og_type":"article","og_title":"| H\u00e5ndlavet fletkurv af rattan | 60 cm | Smukt m\u00f8nster","og_description":"H\u00e5ndlavet marrokansk rattan-kurv, flettet af naturmaterialer. Giver varme, hygge og et touch af Marokko i ethvert rum \u21d2 Se den her","og_url":"https:\/\/tibladin.dk\/nl\/product-2\/mand-riet-met-sterrenpatroon-60-cm\/","og_site_name":"Tibladin","article_modified_time":"2026-04-04T12:16:26+00:00","og_image":[{"width":800,"height":800,"url":"https:\/\/tibladin.dk\/wp-content\/uploads\/2025\/10\/Naturkurv-med-stjernemoenster_H60-cm-Bredde-45-cm_1.jpg","type":"image\/jpeg"}],"twitter_card":"summary_large_image","twitter_misc":{"Geschatte leestijd":"2 minuten"},"schema":{"@context":"https:\/\/schema.org","@graph":[{"@type":"WebPage","@id":"https:\/\/tibladin.dk\/produkt\/kurv-flet-m-stjernemoenster-60-cm\/","url":"https:\/\/tibladin.dk\/produkt\/kurv-flet-m-stjernemoenster-60-cm\/","name":"| Handgemaakte rieten mand van rotan | 60 cm | Prachtig patroon","isPartOf":{"@id":"https:\/\/tibladin.dk\/#website"},"primaryImageOfPage":{"@id":"https:\/\/tibladin.dk\/produkt\/kurv-flet-m-stjernemoenster-60-cm\/#primaryimage"},"image":{"@id":"https:\/\/tibladin.dk\/produkt\/kurv-flet-m-stjernemoenster-60-cm\/#primaryimage"},"thumbnailUrl":"https:\/\/tibladin.dk\/wp-content\/uploads\/2025\/10\/Naturkurv-med-stjernemoenster_H60-cm-Bredde-45-cm_1.jpg","datePublished":"2025-10-02T13:17:51+00:00","dateModified":"2026-04-04T12:16:26+00:00","description":"Handgemaakte Marokkaanse rotan mand, geweven van natuurlijke materialen. Zorgt voor warmte, gezelligheid en een vleugje Marokko in elke kamer \u21d2 Bekijk hem hier","breadcrumb":{"@id":"https:\/\/tibladin.dk\/produkt\/kurv-flet-m-stjernemoenster-60-cm\/#breadcrumb"},"inLanguage":"nl-NL","potentialAction":[{"@type":"ReadAction","target":["https:\/\/tibladin.dk\/produkt\/kurv-flet-m-stjernemoenster-60-cm\/"]}]},{"@type":"ImageObject","inLanguage":"nl-NL","@id":"https:\/\/tibladin.dk\/produkt\/kurv-flet-m-stjernemoenster-60-cm\/#primaryimage","url":"https:\/\/tibladin.dk\/wp-content\/uploads\/2025\/10\/Naturkurv-med-stjernemoenster_H60-cm-Bredde-45-cm_1.jpg","contentUrl":"https:\/\/tibladin.dk\/wp-content\/uploads\/2025\/10\/Naturkurv-med-stjernemoenster_H60-cm-Bredde-45-cm_1.jpg","width":800,"height":800,"caption":"stor kurv med marokkansk stjernem\u00f8nster"},{"@type":"BreadcrumbList","@id":"https:\/\/tibladin.dk\/produkt\/kurv-flet-m-stjernemoenster-60-cm\/#breadcrumb","itemListElement":[{"@type":"ListItem","position":1,"name":"Hjem","item":"https:\/\/tibladin.dk\/"},{"@type":"ListItem","position":2,"name":"Shop","item":"https:\/\/tibladin.dk\/shop\/"},{"@type":"ListItem","position":3,"name":"Kurv flet m. stjernem\u00f8nster &#8211; 60 cm"}]},{"@type":"WebSite","@id":"https:\/\/tibladin.dk\/#website","url":"https:\/\/tibladin.dk\/","name":"Tibladin","description":"Tibladin","publisher":{"@id":"https:\/\/tibladin.dk\/#organization"},"potentialAction":[{"@type":"SearchAction","target":{"@type":"EntryPoint","urlTemplate":"https:\/\/tibladin.dk\/?s={search_term_string}"},"query-input":{"@type":"PropertyValueSpecification","valueRequired":true,"valueName":"search_term_string"}}],"inLanguage":"nl-NL"},{"@type":"Organization","@id":"https:\/\/tibladin.dk\/#organization","name":"Tibladin","url":"https:\/\/tibladin.dk\/","logo":{"@type":"ImageObject","inLanguage":"nl-NL","@id":"https:\/\/tibladin.dk\/#\/schema\/logo\/image\/","url":"https:\/\/tibladin.dk\/wp-content\/uploads\/2022\/09\/tibladin_logo.svg","contentUrl":"https:\/\/tibladin.dk\/wp-content\/uploads\/2022\/09\/tibladin_logo.svg","caption":"Tibladin"},"image":{"@id":"https:\/\/tibladin.dk\/#\/schema\/logo\/image\/"}}]}},"_links":{"self":[{"href":"https:\/\/tibladin.dk\/nl\/wp-json\/wp\/v2\/product\/40254","targetHints":{"allow":["GET"]}}],"collection":[{"href":"https:\/\/tibladin.dk\/nl\/wp-json\/wp\/v2\/product"}],"about":[{"href":"https:\/\/tibladin.dk\/nl\/wp-json\/wp\/v2\/types\/product"}],"wp:featuredmedia":[{"embeddable":true,"href":"https:\/\/tibladin.dk\/nl\/wp-json\/wp\/v2\/media\/40208"}],"wp:attachment":[{"href":"https:\/\/tibladin.dk\/nl\/wp-json\/wp\/v2\/media?parent=40254"}],"wp:term":[{"taxonomy":"product_brand","embeddable":true,"href":"https:\/\/tibladin.dk\/nl\/wp-json\/wp\/v2\/product_brand?post=40254"},{"taxonomy":"product_cat","embeddable":true,"href":"https:\/\/tibladin.dk\/nl\/wp-json\/wp\/v2\/product_cat?post=40254"},{"taxonomy":"product_tag","embeddable":true,"href":"https:\/\/tibladin.dk\/nl\/wp-json\/wp\/v2\/product_tag?post=40254"}],"curies":[{"name":"wp","href":"https:\/\/api.w.org\/{rel}","templated":true}]}}