{"id":40497,"date":"2025-10-10T10:40:30","date_gmt":"2025-10-10T08:40:30","guid":{"rendered":"https:\/\/tibladin.dk\/?post_type=product&#038;p=40497"},"modified":"2025-10-10T14:48:58","modified_gmt":"2025-10-10T12:48:58","slug":"berber-mand-l-assif","status":"publish","type":"product","link":"https:\/\/tibladin.dk\/nl\/produkt\/berberkurv-l-assif\/","title":{"rendered":"Berbermand L \u2013 ASSIF"},"content":{"rendered":"<div class=\"wpb-content-wrapper\"><p>Kleurrijke en karakteristieke Berbermand, handgemaakt in de bergen van Marokko met behulp van eeuwenoude weeftechnieken. Perfect om spullen in op te bergen - unieke ontwerpen!<div class=\"vc_row wpb_row vc_row-fluid\"><div class=\"wpb_column vc_column_container vc_col-sm-4\"><div class=\"vc_column-inner\"><div class=\"wpb_wrapper\"><\/div><\/div><\/div><div class=\"wpb_column vc_column_container vc_col-sm-4\"><div class=\"vc_column-inner\"><div class=\"wpb_wrapper\"><h3 style=\"text-align: left\" class=\"vc_custom_heading vc_do_custom_heading\" >Onderhoud<\/h3>\n\t<div class=\"wpb_text_column wpb_content_element\" >\n\t\t<div class=\"wpb_wrapper\">\n\t\t\t<p>Voor het schoonmaken is het het gemakkelijkst om het voorzichtig te stofzuigen.<\/p>\n\n\t\t<\/div>\n\t<\/div>\n<\/div><\/div><\/div><div class=\"wpb_column vc_column_container vc_col-sm-4\"><div class=\"vc_column-inner\"><div class=\"wpb_wrapper\"><h3 style=\"text-align: left\" class=\"vc_custom_heading vc_do_custom_heading\" >Het verhaal erachter<\/h3>\n\t<div class=\"wpb_text_column wpb_content_element\" >\n\t\t<div class=\"wpb_wrapper\">\n\t\t\t<p>Ik hou van rondingen! Ze kunnen elke kamer warmte en gezelligheid geven.<\/p>\n<p>Gebruik deze mand als opbergruimte voor extra kussens en dekens, sjaals of pantoffels.<\/p>\n<p>De manden zijn handgemaakt en afkomstig van een familiebedrijf in Marrakech dat gespecialiseerd is in rieten en dat al generaties lang doet.<\/p>\n\n\t\t<\/div>\n\t<\/div>\n<\/div><\/div><\/div><\/div>\n<\/div>","protected":false},"excerpt":{"rendered":"<p>Assif betekent rivier in het Berbers \u2013 een naam die het natuurlijke ritme en de beweging in het patroon en de kleuren van de mand weerspiegelt.<br \/>\nDeze Berbermand is met de hand gemaakt door vrouwen in de bergachtige gebieden van Marokko, volgens traditionele technieken die al generaties lang worden doorgegeven.<\/p>\n<p>Het is gemaakt van natuurlijk gras en omwikkeld met wollen draad in warme tinten geel, groen, rood, bruin en wit \u2013 kleuren die doen denken aan het Marokkaanse landschap, de zon en de aarde.<\/p>\n<p>Met een hoogte van circa 40 cm en een diameter van 26 cm is Assif ideaal voor zowel opberging als decoratie. Gebruik hem in de hal voor kleine spullen, in de badkamer voor accessoires of als een kleurrijk, handgemaakt statement in de woonkamer.<\/p>\n<p>Elke Assif is uniek \u2013 gemaakt met geduld, zorg en diep respect voor het ambacht. Een mand die warmte, authenticiteit en Marokkaanse cultuur in huis haalt.<\/p>\n<p>Details:<\/p>\n<p>* Handgemaakt in Marokko<br \/>\n* Materiaal: natuurlijk gras en wollen draad<br \/>\n* Afmetingen: ca. H 40 cm x \u00d8 26 cm<\/p>\n<p>Elke mand is uniek \u2013 er kunnen kleine variaties in kleuren en patronen optreden<\/p>","protected":false},"featured_media":40442,"template":"","meta":{"inline_featured_image":false},"product_brand":[],"product_cat":[55,51],"product_tag":[],"class_list":{"0":"post-40497","1":"product","2":"type-product","3":"status-publish","4":"has-post-thumbnail","6":"product_cat-kurve","7":"product_cat-opbevaring","9":"first","10":"instock","11":"taxable","12":"shipping-taxable","13":"purchasable","14":"product-type-simple"},"exclude_global_add_ons":[],"addons":[],"yoast_head":"<!-- This site is optimized with the Yoast SEO plugin v27.4 - https:\/\/yoast.com\/product\/yoast-seo-wordpress\/ -->\n<title>Berberkurv L - ASSIF - Tibladin<\/title>\n<meta name=\"description\" content=\"Berberkurv i varme toner af gul, gr\u00f8n, r\u00f8d, brun og hvid, h\u00e5ndlavet i Marokkos bjerge. F\u00e5s i flere varianter \u2013 perfekt til opbevaring!\" \/>\n<meta name=\"robots\" content=\"index, follow, max-snippet:-1, max-image-preview:large, max-video-preview:-1\" \/>\n<link rel=\"canonical\" href=\"https:\/\/tibladin.dk\/nl\/product-2\/berber-mand-l-assif\/\" \/>\n<meta property=\"og:locale\" content=\"nl_NL\" \/>\n<meta property=\"og:type\" content=\"article\" \/>\n<meta property=\"og:title\" content=\"Berberkurv L - ASSIF - Tibladin\" \/>\n<meta property=\"og:description\" content=\"Berberkurv i varme toner af gul, gr\u00f8n, r\u00f8d, brun og hvid, h\u00e5ndlavet i Marokkos bjerge. F\u00e5s i flere varianter \u2013 perfekt til opbevaring!\" \/>\n<meta property=\"og:url\" content=\"https:\/\/tibladin.dk\/nl\/product-2\/berber-mand-l-assif\/\" \/>\n<meta property=\"og:site_name\" content=\"Tibladin\" \/>\n<meta property=\"article:modified_time\" content=\"2025-10-10T12:48:58+00:00\" \/>\n<meta property=\"og:image\" content=\"https:\/\/tibladin.dk\/wp-content\/uploads\/2025\/10\/ASSIF_-berberkurv-str-L_1.jpeg\" \/>\n\t<meta property=\"og:image:width\" content=\"800\" \/>\n\t<meta property=\"og:image:height\" content=\"800\" \/>\n\t<meta property=\"og:image:type\" content=\"image\/jpeg\" \/>\n<meta name=\"twitter:card\" content=\"summary_large_image\" \/>\n<meta name=\"twitter:label1\" content=\"Geschatte leestijd\" \/>\n\t<meta name=\"twitter:data1\" content=\"1 minuut\" \/>\n<script type=\"application\/ld+json\" class=\"yoast-schema-graph\">{\"@context\":\"https:\\\/\\\/schema.org\",\"@graph\":[{\"@type\":\"WebPage\",\"@id\":\"https:\\\/\\\/tibladin.dk\\\/produkt\\\/berberkurv-l-assif\\\/\",\"url\":\"https:\\\/\\\/tibladin.dk\\\/produkt\\\/berberkurv-l-assif\\\/\",\"name\":\"Berberkurv L - ASSIF - Tibladin\",\"isPartOf\":{\"@id\":\"https:\\\/\\\/tibladin.dk\\\/#website\"},\"primaryImageOfPage\":{\"@id\":\"https:\\\/\\\/tibladin.dk\\\/produkt\\\/berberkurv-l-assif\\\/#primaryimage\"},\"image\":{\"@id\":\"https:\\\/\\\/tibladin.dk\\\/produkt\\\/berberkurv-l-assif\\\/#primaryimage\"},\"thumbnailUrl\":\"https:\\\/\\\/tibladin.dk\\\/wp-content\\\/uploads\\\/2025\\\/10\\\/ASSIF_-berberkurv-str-L_1.jpeg\",\"datePublished\":\"2025-10-10T08:40:30+00:00\",\"dateModified\":\"2025-10-10T12:48:58+00:00\",\"description\":\"Berberkurv i varme toner af gul, gr\u00f8n, r\u00f8d, brun og hvid, h\u00e5ndlavet i Marokkos bjerge. F\u00e5s i flere varianter \u2013 perfekt til opbevaring!\",\"breadcrumb\":{\"@id\":\"https:\\\/\\\/tibladin.dk\\\/produkt\\\/berberkurv-l-assif\\\/#breadcrumb\"},\"inLanguage\":\"nl-NL\",\"potentialAction\":[{\"@type\":\"ReadAction\",\"target\":[\"https:\\\/\\\/tibladin.dk\\\/produkt\\\/berberkurv-l-assif\\\/\"]}]},{\"@type\":\"ImageObject\",\"inLanguage\":\"nl-NL\",\"@id\":\"https:\\\/\\\/tibladin.dk\\\/produkt\\\/berberkurv-l-assif\\\/#primaryimage\",\"url\":\"https:\\\/\\\/tibladin.dk\\\/wp-content\\\/uploads\\\/2025\\\/10\\\/ASSIF_-berberkurv-str-L_1.jpeg\",\"contentUrl\":\"https:\\\/\\\/tibladin.dk\\\/wp-content\\\/uploads\\\/2025\\\/10\\\/ASSIF_-berberkurv-str-L_1.jpeg\",\"width\":800,\"height\":800,\"caption\":\"ASSIF_-berberkurv-str-L_1\"},{\"@type\":\"BreadcrumbList\",\"@id\":\"https:\\\/\\\/tibladin.dk\\\/produkt\\\/berberkurv-l-assif\\\/#breadcrumb\",\"itemListElement\":[{\"@type\":\"ListItem\",\"position\":1,\"name\":\"Hjem\",\"item\":\"https:\\\/\\\/tibladin.dk\\\/\"},{\"@type\":\"ListItem\",\"position\":2,\"name\":\"Shop\",\"item\":\"https:\\\/\\\/tibladin.dk\\\/shop\\\/\"},{\"@type\":\"ListItem\",\"position\":3,\"name\":\"Berberkurv L &#8211; ASSIF\"}]},{\"@type\":\"WebSite\",\"@id\":\"https:\\\/\\\/tibladin.dk\\\/#website\",\"url\":\"https:\\\/\\\/tibladin.dk\\\/\",\"name\":\"Tibladin\",\"description\":\"Tibladin\",\"publisher\":{\"@id\":\"https:\\\/\\\/tibladin.dk\\\/#organization\"},\"potentialAction\":[{\"@type\":\"SearchAction\",\"target\":{\"@type\":\"EntryPoint\",\"urlTemplate\":\"https:\\\/\\\/tibladin.dk\\\/?s={search_term_string}\"},\"query-input\":{\"@type\":\"PropertyValueSpecification\",\"valueRequired\":true,\"valueName\":\"search_term_string\"}}],\"inLanguage\":\"nl-NL\"},{\"@type\":\"Organization\",\"@id\":\"https:\\\/\\\/tibladin.dk\\\/#organization\",\"name\":\"Tibladin\",\"url\":\"https:\\\/\\\/tibladin.dk\\\/\",\"logo\":{\"@type\":\"ImageObject\",\"inLanguage\":\"nl-NL\",\"@id\":\"https:\\\/\\\/tibladin.dk\\\/#\\\/schema\\\/logo\\\/image\\\/\",\"url\":\"https:\\\/\\\/tibladin.dk\\\/wp-content\\\/uploads\\\/2022\\\/09\\\/tibladin_logo.svg\",\"contentUrl\":\"https:\\\/\\\/tibladin.dk\\\/wp-content\\\/uploads\\\/2022\\\/09\\\/tibladin_logo.svg\",\"caption\":\"Tibladin\"},\"image\":{\"@id\":\"https:\\\/\\\/tibladin.dk\\\/#\\\/schema\\\/logo\\\/image\\\/\"}}]}<\/script>\n<!-- \/ Yoast SEO plugin. -->","yoast_head_json":{"title":"Berber mand L - ASSIF - Tibladin","description":"Berbermand in warme tinten geel, groen, rood, bruin en wit, handgemaakt in de bergen van Marokko. Verkrijgbaar in verschillende varianten - perfect om spullen in op te bergen!","robots":{"index":"index","follow":"follow","max-snippet":"max-snippet:-1","max-image-preview":"max-image-preview:large","max-video-preview":"max-video-preview:-1"},"canonical":"https:\/\/tibladin.dk\/nl\/product-2\/berber-mand-l-assif\/","og_locale":"nl_NL","og_type":"article","og_title":"Berberkurv L - ASSIF - Tibladin","og_description":"Berberkurv i varme toner af gul, gr\u00f8n, r\u00f8d, brun og hvid, h\u00e5ndlavet i Marokkos bjerge. F\u00e5s i flere varianter \u2013 perfekt til opbevaring!","og_url":"https:\/\/tibladin.dk\/nl\/product-2\/berber-mand-l-assif\/","og_site_name":"Tibladin","article_modified_time":"2025-10-10T12:48:58+00:00","og_image":[{"width":800,"height":800,"url":"https:\/\/tibladin.dk\/wp-content\/uploads\/2025\/10\/ASSIF_-berberkurv-str-L_1.jpeg","type":"image\/jpeg"}],"twitter_card":"summary_large_image","twitter_misc":{"Geschatte leestijd":"1 minuut"},"schema":{"@context":"https:\/\/schema.org","@graph":[{"@type":"WebPage","@id":"https:\/\/tibladin.dk\/produkt\/berberkurv-l-assif\/","url":"https:\/\/tibladin.dk\/produkt\/berberkurv-l-assif\/","name":"Berber mand L - ASSIF - Tibladin","isPartOf":{"@id":"https:\/\/tibladin.dk\/#website"},"primaryImageOfPage":{"@id":"https:\/\/tibladin.dk\/produkt\/berberkurv-l-assif\/#primaryimage"},"image":{"@id":"https:\/\/tibladin.dk\/produkt\/berberkurv-l-assif\/#primaryimage"},"thumbnailUrl":"https:\/\/tibladin.dk\/wp-content\/uploads\/2025\/10\/ASSIF_-berberkurv-str-L_1.jpeg","datePublished":"2025-10-10T08:40:30+00:00","dateModified":"2025-10-10T12:48:58+00:00","description":"Berbermand in warme tinten geel, groen, rood, bruin en wit, handgemaakt in de bergen van Marokko. Verkrijgbaar in verschillende varianten - perfect om spullen in op te bergen!","breadcrumb":{"@id":"https:\/\/tibladin.dk\/produkt\/berberkurv-l-assif\/#breadcrumb"},"inLanguage":"nl-NL","potentialAction":[{"@type":"ReadAction","target":["https:\/\/tibladin.dk\/produkt\/berberkurv-l-assif\/"]}]},{"@type":"ImageObject","inLanguage":"nl-NL","@id":"https:\/\/tibladin.dk\/produkt\/berberkurv-l-assif\/#primaryimage","url":"https:\/\/tibladin.dk\/wp-content\/uploads\/2025\/10\/ASSIF_-berberkurv-str-L_1.jpeg","contentUrl":"https:\/\/tibladin.dk\/wp-content\/uploads\/2025\/10\/ASSIF_-berberkurv-str-L_1.jpeg","width":800,"height":800,"caption":"ASSIF_-berberkurv-str-L_1"},{"@type":"BreadcrumbList","@id":"https:\/\/tibladin.dk\/produkt\/berberkurv-l-assif\/#breadcrumb","itemListElement":[{"@type":"ListItem","position":1,"name":"Hjem","item":"https:\/\/tibladin.dk\/"},{"@type":"ListItem","position":2,"name":"Shop","item":"https:\/\/tibladin.dk\/shop\/"},{"@type":"ListItem","position":3,"name":"Berberkurv L &#8211; ASSIF"}]},{"@type":"WebSite","@id":"https:\/\/tibladin.dk\/#website","url":"https:\/\/tibladin.dk\/","name":"Tibladin","description":"Tibladin","publisher":{"@id":"https:\/\/tibladin.dk\/#organization"},"potentialAction":[{"@type":"SearchAction","target":{"@type":"EntryPoint","urlTemplate":"https:\/\/tibladin.dk\/?s={search_term_string}"},"query-input":{"@type":"PropertyValueSpecification","valueRequired":true,"valueName":"search_term_string"}}],"inLanguage":"nl-NL"},{"@type":"Organization","@id":"https:\/\/tibladin.dk\/#organization","name":"Tibladin","url":"https:\/\/tibladin.dk\/","logo":{"@type":"ImageObject","inLanguage":"nl-NL","@id":"https:\/\/tibladin.dk\/#\/schema\/logo\/image\/","url":"https:\/\/tibladin.dk\/wp-content\/uploads\/2022\/09\/tibladin_logo.svg","contentUrl":"https:\/\/tibladin.dk\/wp-content\/uploads\/2022\/09\/tibladin_logo.svg","caption":"Tibladin"},"image":{"@id":"https:\/\/tibladin.dk\/#\/schema\/logo\/image\/"}}]}},"_links":{"self":[{"href":"https:\/\/tibladin.dk\/nl\/wp-json\/wp\/v2\/product\/40497","targetHints":{"allow":["GET"]}}],"collection":[{"href":"https:\/\/tibladin.dk\/nl\/wp-json\/wp\/v2\/product"}],"about":[{"href":"https:\/\/tibladin.dk\/nl\/wp-json\/wp\/v2\/types\/product"}],"wp:featuredmedia":[{"embeddable":true,"href":"https:\/\/tibladin.dk\/nl\/wp-json\/wp\/v2\/media\/40442"}],"wp:attachment":[{"href":"https:\/\/tibladin.dk\/nl\/wp-json\/wp\/v2\/media?parent=40497"}],"wp:term":[{"taxonomy":"product_brand","embeddable":true,"href":"https:\/\/tibladin.dk\/nl\/wp-json\/wp\/v2\/product_brand?post=40497"},{"taxonomy":"product_cat","embeddable":true,"href":"https:\/\/tibladin.dk\/nl\/wp-json\/wp\/v2\/product_cat?post=40497"},{"taxonomy":"product_tag","embeddable":true,"href":"https:\/\/tibladin.dk\/nl\/wp-json\/wp\/v2\/product_tag?post=40497"}],"curies":[{"name":"wp","href":"https:\/\/api.w.org\/{rel}","templated":true}]}}