{"id":40920,"date":"2025-10-16T10:15:48","date_gmt":"2025-10-16T08:15:48","guid":{"rendered":"https:\/\/tibladin.dk\/?post_type=product&#038;p=40920"},"modified":"2026-01-31T17:59:39","modified_gmt":"2026-01-31T16:59:39","slug":"cactus-zijden-kussensloop-groen-50x92-cm","status":"publish","type":"product","link":"https:\/\/tibladin.dk\/nl\/produkt\/kaktussilke-pudebetraek-groen-50x92-cm\/","title":{"rendered":"Cactus zijden kussensloop \u2013 Groen 50\u00d792 cm"},"content":{"rendered":"<div class=\"wpb-content-wrapper\"><div class=\"vc_row wpb_row vc_row-fluid\"><div class=\"wpb_column vc_column_container vc_col-sm-4\"><div class=\"vc_column-inner\"><div class=\"wpb_wrapper\"><\/div><\/div><\/div><div class=\"wpb_column vc_column_container vc_col-sm-4\"><div class=\"vc_column-inner\"><div class=\"wpb_wrapper\"><h3 style=\"text-align: left\" class=\"vc_custom_heading vc_do_custom_heading\" >Onderhoud<\/h3>\n\t<div class=\"wpb_text_column wpb_content_element\" >\n\t\t<div class=\"wpb_wrapper\">\n\t\t\t<p>De kussensloop kan niet tegen water!<\/p>\n<p>Ze moeten bij een stomerij worden gestoomd.<\/p>\n<p>Omdat de kussenhoezen 100 % handgemaakt zijn, zijn er zowel onvolkomenheden als verschillen in maat en patroon die deel uitmaken van de charme van deze kussens.<\/p>\n\n\t\t<\/div>\n\t<\/div>\n<\/div><\/div><\/div><div class=\"wpb_column vc_column_container vc_col-sm-4\"><div class=\"vc_column-inner\"><div class=\"wpb_wrapper\"><h3 style=\"text-align: left\" class=\"vc_custom_heading vc_do_custom_heading\" >Het verhaal erachter<\/h3>\n\t<div class=\"wpb_text_column wpb_content_element\" >\n\t\t<div class=\"wpb_wrapper\">\n\t\t\t<p>De kussenhoezen in cactuszijde \u2013 ook wel agavezijde genoemd \u2013 zijn handgemaakt. De hoezen zijn voorzien van een stevige ritssluiting, waardoor je de hoezen gemakkelijk kunt verwijderen en meenemen om schoon te maken.<\/p>\n<p>De hoezen zijn geschikt voor 50 x 50 of 60 x 60 cm. montagepads, afhankelijk van hoe vol je ze wilt hebben.<\/p>\n<p>Cactuszijde is geweven van vezels van cactussen uit Marokko.<\/p>\n\n\t\t<\/div>\n\t<\/div>\n<\/div><\/div><\/div><\/div>\n<\/div>","protected":false},"excerpt":{"rendered":"<p data-start=\"82\" data-end=\"171\"><strong data-start=\"82\" data-end=\"169\">Unieke, handgemaakte Marokkaanse kussenslopen van cactuszijde, in een prachtige groenachtige tint.<\/strong><\/p>\n<p data-start=\"173\" data-end=\"340\">Deze zijden kussens met cactusmotief zijn de perfecte keuze voor wie houdt van een persoonlijke en bohemian-ge\u00efnspireerde inrichting. Ze voegen warmte, kleur en een unieke uitstraling toe aan je huis.<\/p>\n<p data-start=\"342\" data-end=\"638\">Bij Tibladin, onze <em data-start=\"364\" data-end=\"371\">Sabra<\/em>-kussens met liefde handgemaakt in Marokko \u2013 geweven van echte Alo\u00eb Vera-zijde, gewonnen uit cactussen die groeien in de Sahara-woestijn.<br data-start=\"499\" data-end=\"502\" \/>De zijde wordt geverfd met natuurlijke pigmenten van planten, bessen, wortels en mineralen \u2013 100% biologisch en vervaardigd volgens eeuwenoude Berbertradities.<\/p>\n<p data-start=\"640\" data-end=\"776\">Elk kussensloop is uniek en vertoont kleine imperfecties die getuigen van echt vakmanschap \u2013 kleine charmante kunstwerkjes met een eigen verhaal.<\/p>\n<p data-start=\"778\" data-end=\"970\"><strong data-start=\"778\" data-end=\"792\">Maat:<\/strong> Past op montagepads in <strong data-start=\"822\" data-end=\"836\">50 x 90 cm<\/strong>, afhankelijk van hoe vol u uw kussen wilt hebben.<br data-start=\"879\" data-end=\"882\" \/><strong data-start=\"882\" data-end=\"893\">Opmerking:<\/strong> Kussenslopen worden geleverd zonder vulling \u2013 <strong data-start=\"925\" data-end=\"970\">Een montagepad is verkrijgbaar voor 150,- DKK.<\/strong><\/p>","protected":false},"featured_media":40849,"template":"","meta":{"inline_featured_image":false},"product_brand":[],"product_cat":[160,66,178,37],"product_tag":[],"class_list":{"0":"post-40920","1":"product","2":"type-product","3":"status-publish","4":"has-post-thumbnail","6":"product_cat-kaktussilke-puder","7":"product_cat-pudebetraek","8":"product_cat-store-kaktussilke-puder","9":"product_cat-tekstiler","11":"first","12":"outofstock","13":"taxable","14":"shipping-taxable","15":"purchasable","16":"product-type-simple"},"exclude_global_add_ons":false,"addons":[{"name":"Wilt u een cadeauverpakking?","type":"checkbox","position":0,"required":false,"title_format":"label","default":"","description_enable":false,"description":"","placeholder_enable":false,"placeholder":"","display":"images","restrictions_type":"any_text","adjust_price":false,"price":"","price_type":"flat_fee","restrictions":false,"min":"0","max":"0","options":[{"label":"Ja tak","price":"10","price_type":"flat_fee","image":11015,"visibility":true}],"id":1669646111},{"name":"Laat uw kussensloop bezorgen met een groot montagekussen","type":"multiple_choice","position":0,"required":false,"title_format":"label","default":"","description_enable":false,"description":"","placeholder_enable":false,"placeholder":"","display":"select","restrictions_type":"any_text","adjust_price":false,"price":"","price_type":"flat_fee","restrictions":false,"min":"0","max":"0","options":[{"label":"Ja tak!","price":"150","price_type":"quantity_based","image":0,"visibility":true}],"id":1760629446}],"yoast_head":"<!-- This site is optimized with the Yoast SEO plugin v27.4 - https:\/\/yoast.com\/product\/yoast-seo-wordpress\/ -->\n<title>Marokkansk kaktussilke pude | Gr\u00f8n | H\u00e5ndlavet i Marrakech<\/title>\n<meta name=\"description\" content=\"Kaktussilkepude i gr\u00f8n \u2013 perfekt til din sofa.Passer til pudest\u00f8rrelse 50x92 cm, alt efter hvor fyldig du \u00f8nsker puden.\u21d2 Find den her\" \/>\n<meta name=\"robots\" content=\"index, follow, max-snippet:-1, max-image-preview:large, max-video-preview:-1\" \/>\n<link rel=\"canonical\" href=\"https:\/\/tibladin.dk\/nl\/product-2\/cactus-zijden-kussensloop-groen-50x92-cm\/\" \/>\n<meta property=\"og:locale\" content=\"nl_NL\" \/>\n<meta property=\"og:type\" content=\"article\" \/>\n<meta property=\"og:title\" content=\"Marokkansk kaktussilke pude | Gr\u00f8n | H\u00e5ndlavet i Marrakech\" \/>\n<meta property=\"og:description\" content=\"Kaktussilkepude i gr\u00f8n \u2013 perfekt til din sofa.Passer til pudest\u00f8rrelse 50x92 cm, alt efter hvor fyldig du \u00f8nsker puden.\u21d2 Find den her\" \/>\n<meta property=\"og:url\" content=\"https:\/\/tibladin.dk\/nl\/product-2\/cactus-zijden-kussensloop-groen-50x92-cm\/\" \/>\n<meta property=\"og:site_name\" content=\"Tibladin\" \/>\n<meta property=\"article:modified_time\" content=\"2026-01-31T16:59:39+00:00\" \/>\n<meta property=\"og:image\" content=\"https:\/\/tibladin.dk\/wp-content\/uploads\/2025\/10\/GROeN_Kaktuspude_50x92_5.jpg\" \/>\n\t<meta property=\"og:image:width\" content=\"800\" \/>\n\t<meta property=\"og:image:height\" content=\"800\" \/>\n\t<meta property=\"og:image:type\" content=\"image\/jpeg\" \/>\n<meta name=\"twitter:card\" content=\"summary_large_image\" \/>\n<meta name=\"twitter:label1\" content=\"Geschatte leestijd\" \/>\n\t<meta name=\"twitter:data1\" content=\"2 minuten\" \/>\n<script type=\"application\/ld+json\" class=\"yoast-schema-graph\">{\"@context\":\"https:\\\/\\\/schema.org\",\"@graph\":[{\"@type\":\"WebPage\",\"@id\":\"https:\\\/\\\/tibladin.dk\\\/produkt\\\/kaktussilke-pudebetraek-groen-50x92-cm\\\/\",\"url\":\"https:\\\/\\\/tibladin.dk\\\/produkt\\\/kaktussilke-pudebetraek-groen-50x92-cm\\\/\",\"name\":\"Marokkansk kaktussilke pude | Gr\u00f8n | H\u00e5ndlavet i Marrakech\",\"isPartOf\":{\"@id\":\"https:\\\/\\\/tibladin.dk\\\/#website\"},\"primaryImageOfPage\":{\"@id\":\"https:\\\/\\\/tibladin.dk\\\/produkt\\\/kaktussilke-pudebetraek-groen-50x92-cm\\\/#primaryimage\"},\"image\":{\"@id\":\"https:\\\/\\\/tibladin.dk\\\/produkt\\\/kaktussilke-pudebetraek-groen-50x92-cm\\\/#primaryimage\"},\"thumbnailUrl\":\"https:\\\/\\\/tibladin.dk\\\/wp-content\\\/uploads\\\/2025\\\/10\\\/GROeN_Kaktuspude_50x92_5.jpg\",\"datePublished\":\"2025-10-16T08:15:48+00:00\",\"dateModified\":\"2026-01-31T16:59:39+00:00\",\"description\":\"Kaktussilkepude i gr\u00f8n \u2013 perfekt til din sofa.Passer til pudest\u00f8rrelse 50x92 cm, alt efter hvor fyldig du \u00f8nsker puden.\u21d2 Find den her\",\"breadcrumb\":{\"@id\":\"https:\\\/\\\/tibladin.dk\\\/produkt\\\/kaktussilke-pudebetraek-groen-50x92-cm\\\/#breadcrumb\"},\"inLanguage\":\"nl-NL\",\"potentialAction\":[{\"@type\":\"ReadAction\",\"target\":[\"https:\\\/\\\/tibladin.dk\\\/produkt\\\/kaktussilke-pudebetraek-groen-50x92-cm\\\/\"]}]},{\"@type\":\"ImageObject\",\"inLanguage\":\"nl-NL\",\"@id\":\"https:\\\/\\\/tibladin.dk\\\/produkt\\\/kaktussilke-pudebetraek-groen-50x92-cm\\\/#primaryimage\",\"url\":\"https:\\\/\\\/tibladin.dk\\\/wp-content\\\/uploads\\\/2025\\\/10\\\/GROeN_Kaktuspude_50x92_5.jpg\",\"contentUrl\":\"https:\\\/\\\/tibladin.dk\\\/wp-content\\\/uploads\\\/2025\\\/10\\\/GROeN_Kaktuspude_50x92_5.jpg\",\"width\":800,\"height\":800,\"caption\":\"Groen_Kaktuspude_50x92\"},{\"@type\":\"BreadcrumbList\",\"@id\":\"https:\\\/\\\/tibladin.dk\\\/produkt\\\/kaktussilke-pudebetraek-groen-50x92-cm\\\/#breadcrumb\",\"itemListElement\":[{\"@type\":\"ListItem\",\"position\":1,\"name\":\"Hjem\",\"item\":\"https:\\\/\\\/tibladin.dk\\\/\"},{\"@type\":\"ListItem\",\"position\":2,\"name\":\"Shop\",\"item\":\"https:\\\/\\\/tibladin.dk\\\/shop\\\/\"},{\"@type\":\"ListItem\",\"position\":3,\"name\":\"Kaktussilke pudebetr\u00e6k &#8211; Gr\u00f8n 50&#215;92 cm\"}]},{\"@type\":\"WebSite\",\"@id\":\"https:\\\/\\\/tibladin.dk\\\/#website\",\"url\":\"https:\\\/\\\/tibladin.dk\\\/\",\"name\":\"Tibladin\",\"description\":\"Tibladin\",\"publisher\":{\"@id\":\"https:\\\/\\\/tibladin.dk\\\/#organization\"},\"potentialAction\":[{\"@type\":\"SearchAction\",\"target\":{\"@type\":\"EntryPoint\",\"urlTemplate\":\"https:\\\/\\\/tibladin.dk\\\/?s={search_term_string}\"},\"query-input\":{\"@type\":\"PropertyValueSpecification\",\"valueRequired\":true,\"valueName\":\"search_term_string\"}}],\"inLanguage\":\"nl-NL\"},{\"@type\":\"Organization\",\"@id\":\"https:\\\/\\\/tibladin.dk\\\/#organization\",\"name\":\"Tibladin\",\"url\":\"https:\\\/\\\/tibladin.dk\\\/\",\"logo\":{\"@type\":\"ImageObject\",\"inLanguage\":\"nl-NL\",\"@id\":\"https:\\\/\\\/tibladin.dk\\\/#\\\/schema\\\/logo\\\/image\\\/\",\"url\":\"https:\\\/\\\/tibladin.dk\\\/wp-content\\\/uploads\\\/2022\\\/09\\\/tibladin_logo.svg\",\"contentUrl\":\"https:\\\/\\\/tibladin.dk\\\/wp-content\\\/uploads\\\/2022\\\/09\\\/tibladin_logo.svg\",\"caption\":\"Tibladin\"},\"image\":{\"@id\":\"https:\\\/\\\/tibladin.dk\\\/#\\\/schema\\\/logo\\\/image\\\/\"}}]}<\/script>\n<!-- \/ Yoast SEO plugin. -->","yoast_head_json":{"title":"Marokkaans Cactus Zijden Kussen | Groen | Handgemaakt in Marrakech","description":"Cactus zijden kussen in groen - perfect voor op de bank. Geschikt voor kussenmaat 50x92 cm, afhankelijk van hoe vol je het kussen wilt hebben. \u21d2 Vind het hier","robots":{"index":"index","follow":"follow","max-snippet":"max-snippet:-1","max-image-preview":"max-image-preview:large","max-video-preview":"max-video-preview:-1"},"canonical":"https:\/\/tibladin.dk\/nl\/product-2\/cactus-zijden-kussensloop-groen-50x92-cm\/","og_locale":"nl_NL","og_type":"article","og_title":"Marokkansk kaktussilke pude | Gr\u00f8n | H\u00e5ndlavet i Marrakech","og_description":"Kaktussilkepude i gr\u00f8n \u2013 perfekt til din sofa.Passer til pudest\u00f8rrelse 50x92 cm, alt efter hvor fyldig du \u00f8nsker puden.\u21d2 Find den her","og_url":"https:\/\/tibladin.dk\/nl\/product-2\/cactus-zijden-kussensloop-groen-50x92-cm\/","og_site_name":"Tibladin","article_modified_time":"2026-01-31T16:59:39+00:00","og_image":[{"width":800,"height":800,"url":"https:\/\/tibladin.dk\/wp-content\/uploads\/2025\/10\/GROeN_Kaktuspude_50x92_5.jpg","type":"image\/jpeg"}],"twitter_card":"summary_large_image","twitter_misc":{"Geschatte leestijd":"2 minuten"},"schema":{"@context":"https:\/\/schema.org","@graph":[{"@type":"WebPage","@id":"https:\/\/tibladin.dk\/produkt\/kaktussilke-pudebetraek-groen-50x92-cm\/","url":"https:\/\/tibladin.dk\/produkt\/kaktussilke-pudebetraek-groen-50x92-cm\/","name":"Marokkaans Cactus Zijden Kussen | Groen | Handgemaakt in Marrakech","isPartOf":{"@id":"https:\/\/tibladin.dk\/#website"},"primaryImageOfPage":{"@id":"https:\/\/tibladin.dk\/produkt\/kaktussilke-pudebetraek-groen-50x92-cm\/#primaryimage"},"image":{"@id":"https:\/\/tibladin.dk\/produkt\/kaktussilke-pudebetraek-groen-50x92-cm\/#primaryimage"},"thumbnailUrl":"https:\/\/tibladin.dk\/wp-content\/uploads\/2025\/10\/GROeN_Kaktuspude_50x92_5.jpg","datePublished":"2025-10-16T08:15:48+00:00","dateModified":"2026-01-31T16:59:39+00:00","description":"Cactus zijden kussen in groen - perfect voor op de bank. Geschikt voor kussenmaat 50x92 cm, afhankelijk van hoe vol je het kussen wilt hebben. \u21d2 Vind het hier","breadcrumb":{"@id":"https:\/\/tibladin.dk\/produkt\/kaktussilke-pudebetraek-groen-50x92-cm\/#breadcrumb"},"inLanguage":"nl-NL","potentialAction":[{"@type":"ReadAction","target":["https:\/\/tibladin.dk\/produkt\/kaktussilke-pudebetraek-groen-50x92-cm\/"]}]},{"@type":"ImageObject","inLanguage":"nl-NL","@id":"https:\/\/tibladin.dk\/produkt\/kaktussilke-pudebetraek-groen-50x92-cm\/#primaryimage","url":"https:\/\/tibladin.dk\/wp-content\/uploads\/2025\/10\/GROeN_Kaktuspude_50x92_5.jpg","contentUrl":"https:\/\/tibladin.dk\/wp-content\/uploads\/2025\/10\/GROeN_Kaktuspude_50x92_5.jpg","width":800,"height":800,"caption":"Groen_Kaktuspude_50x92"},{"@type":"BreadcrumbList","@id":"https:\/\/tibladin.dk\/produkt\/kaktussilke-pudebetraek-groen-50x92-cm\/#breadcrumb","itemListElement":[{"@type":"ListItem","position":1,"name":"Hjem","item":"https:\/\/tibladin.dk\/"},{"@type":"ListItem","position":2,"name":"Shop","item":"https:\/\/tibladin.dk\/shop\/"},{"@type":"ListItem","position":3,"name":"Kaktussilke pudebetr\u00e6k &#8211; Gr\u00f8n 50&#215;92 cm"}]},{"@type":"WebSite","@id":"https:\/\/tibladin.dk\/#website","url":"https:\/\/tibladin.dk\/","name":"Tibladin","description":"Tibladin","publisher":{"@id":"https:\/\/tibladin.dk\/#organization"},"potentialAction":[{"@type":"SearchAction","target":{"@type":"EntryPoint","urlTemplate":"https:\/\/tibladin.dk\/?s={search_term_string}"},"query-input":{"@type":"PropertyValueSpecification","valueRequired":true,"valueName":"search_term_string"}}],"inLanguage":"nl-NL"},{"@type":"Organization","@id":"https:\/\/tibladin.dk\/#organization","name":"Tibladin","url":"https:\/\/tibladin.dk\/","logo":{"@type":"ImageObject","inLanguage":"nl-NL","@id":"https:\/\/tibladin.dk\/#\/schema\/logo\/image\/","url":"https:\/\/tibladin.dk\/wp-content\/uploads\/2022\/09\/tibladin_logo.svg","contentUrl":"https:\/\/tibladin.dk\/wp-content\/uploads\/2022\/09\/tibladin_logo.svg","caption":"Tibladin"},"image":{"@id":"https:\/\/tibladin.dk\/#\/schema\/logo\/image\/"}}]}},"_links":{"self":[{"href":"https:\/\/tibladin.dk\/nl\/wp-json\/wp\/v2\/product\/40920","targetHints":{"allow":["GET"]}}],"collection":[{"href":"https:\/\/tibladin.dk\/nl\/wp-json\/wp\/v2\/product"}],"about":[{"href":"https:\/\/tibladin.dk\/nl\/wp-json\/wp\/v2\/types\/product"}],"wp:featuredmedia":[{"embeddable":true,"href":"https:\/\/tibladin.dk\/nl\/wp-json\/wp\/v2\/media\/40849"}],"wp:attachment":[{"href":"https:\/\/tibladin.dk\/nl\/wp-json\/wp\/v2\/media?parent=40920"}],"wp:term":[{"taxonomy":"product_brand","embeddable":true,"href":"https:\/\/tibladin.dk\/nl\/wp-json\/wp\/v2\/product_brand?post=40920"},{"taxonomy":"product_cat","embeddable":true,"href":"https:\/\/tibladin.dk\/nl\/wp-json\/wp\/v2\/product_cat?post=40920"},{"taxonomy":"product_tag","embeddable":true,"href":"https:\/\/tibladin.dk\/nl\/wp-json\/wp\/v2\/product_tag?post=40920"}],"curies":[{"name":"wp","href":"https:\/\/api.w.org\/{rel}","templated":true}]}}