{"id":40935,"date":"2025-10-16T11:57:19","date_gmt":"2025-10-16T09:57:19","guid":{"rendered":"https:\/\/tibladin.dk\/?post_type=product&#038;p=40935"},"modified":"2026-03-17T11:55:38","modified_gmt":"2026-03-17T10:55:38","slug":"marokkaanse-vloerlamp-sahara-elegantie","status":"publish","type":"product","link":"https:\/\/tibladin.dk\/nl\/produkt\/marokkansk-gulvlampe-sahara-elegance\/","title":{"rendered":"Marokkaanse vloerlamp \u2013 Sahara Elegance"},"content":{"rendered":"<div class=\"wpb-content-wrapper\"><div class=\"vc_row wpb_row vc_row-fluid\"><div class=\"wpb_column vc_column_container vc_col-sm-4\"><div class=\"vc_column-inner\"><div class=\"wpb_wrapper\"><\/div><\/div><\/div><div class=\"wpb_column vc_column_container vc_col-sm-4\"><div class=\"vc_column-inner\"><div class=\"wpb_wrapper\"><h3 style=\"text-align: left\" class=\"vc_custom_heading vc_do_custom_heading\" >Onderhoud<\/h3>\n\t<div class=\"wpb_text_column wpb_content_element\" >\n\t\t<div class=\"wpb_wrapper\">\n\t\t\t<p>Veeg af met een vochtige doek. De lampen kunnen na verloop van tijd wat oxideren, wat alleen maar extra charme toevoegt. Als u uw lamp wilt laten polijsten, kunt u, zoals de Marokkanen doen, een polijstmiddel of een beetje citroensap gebruiken.<\/p>\n<p>Het metaal waarvan de lampen zijn gemaakt is flexibel en mocht uw lamp toch een klein deukje krijgen, dan kan deze heel gemakkelijk worden rechtgetrokken. Gebruik een theelepel en wrijf erover waar de bult uitsteekt en strijk het voorzichtig op zijn plaats.<\/p>\n\n\t\t<\/div>\n\t<\/div>\n<\/div><\/div><\/div><div class=\"wpb_column vc_column_container vc_col-sm-4\"><div class=\"vc_column-inner\"><div class=\"wpb_wrapper\"><h3 style=\"text-align: left\" class=\"vc_custom_heading vc_do_custom_heading\" >Het verhaal erachter<\/h3>\n\t<div class=\"wpb_text_column wpb_content_element\" >\n\t\t<div class=\"wpb_wrapper\">\n\t\t\t<p>De lampen zijn gemaakt van zilverkleurig metaal met met de hand uitgeslagen kleine gaatjespatronen. De gaten in de lamp reflecteren het licht in een magische gloed op de muur en geven de kamer een heel bijzondere sfeer.<\/p>\n<p>Lampen uit Marokko geven een uniek tintje aan uw interieur en zorgen voor decoratief licht.<\/p>\n<p>De lampen zijn handgemaakt en er zullen kleine onvolkomenheden en verschillen in patroon en vorm voorkomen.<\/p>\n<p>Cre\u00eber je eigen Riad-sfeer met een handgemaakte lamp uit Marrakech.<\/p>\n\n\t\t<\/div>\n\t<\/div>\n<\/div><\/div><\/div><\/div>\n<\/div>","protected":false},"excerpt":{"rendered":"<p>Sculptuurlijk en sfeervol \u2013 Sahara \u00c9l\u00e9gance is een handgemaakte messing lamp die een vleugje magie van Duizend-en-een-nacht in huis haalt.<\/p>\n<p>Hij bestaat uit drie ronde, fijn geperforeerde koepels die het licht in prachtige patronen op de wanden en het plafond laten dansen. De hoge, slanke bovenkant geeft de lamp een elegante en exclusieve uitstraling, terwijl de warme gouden gloed rust en gezelligheid cre\u00ebert.<\/p>\n<p>In de lamp zit een rij van drie LED-lampjes die elke koepel verlichten.<\/p>\n<p>De lamp kan zowel als staande lamp als grote tafellamp gebruikt worden. Ideaal voor in een hoek van de woonkamer, naast de bank of als blikvanger in de hal.<\/p>\n<p>Afmetingen: H 70 cm, \u00d8 onderkant 18 cm, \u00d8 bovenkant 8 cm<\/p>\n<p>Materiaal: handgesneden messing<\/p>\n<p>Oorsprong: Marokko<\/p>\n<p>Kleur: Messing<\/p>","protected":false},"featured_media":40901,"template":"","meta":{"inline_featured_image":false},"product_brand":[],"product_cat":[67,68],"product_tag":[],"class_list":{"0":"post-40935","1":"product","2":"type-product","3":"status-publish","4":"has-post-thumbnail","6":"product_cat-lamper","7":"product_cat-metal-lamper","9":"first","10":"instock","11":"taxable","12":"shipping-taxable","13":"purchasable","14":"product-type-simple"},"exclude_global_add_ons":false,"addons":[{"name":"Wilt u een cadeauverpakking?","type":"checkbox","position":0,"required":false,"title_format":"label","default":"","description_enable":false,"description":"","placeholder_enable":false,"placeholder":"","display":"images","restrictions_type":"any_text","adjust_price":false,"price":"","price_type":"flat_fee","restrictions":false,"min":"0","max":"0","options":[{"label":"Ja tak","price":"10","price_type":"flat_fee","image":11015,"visibility":true}],"id":1669646111}],"yoast_head":"<!-- This site is optimized with the Yoast SEO plugin v27.5 - https:\/\/yoast.com\/product\/yoast-seo-wordpress\/ -->\n<title>Marokkansk h\u00e5ndlavet messinglampe- Tibladin<\/title>\n<meta name=\"description\" content=\"Skulpturel messinglampe med tre lysende kupler. H\u00e5ndlavet i Marokko og kaster smukke m\u00f8nstre. Perfekt som gulv- eller bordlampe.\" \/>\n<meta name=\"robots\" content=\"index, follow, max-snippet:-1, max-image-preview:large, max-video-preview:-1\" \/>\n<link rel=\"canonical\" href=\"https:\/\/tibladin.dk\/nl\/product-2\/marokkaanse-vloerlamp-sahara-elegantie\/\" \/>\n<meta property=\"og:locale\" content=\"nl_NL\" \/>\n<meta property=\"og:type\" content=\"article\" \/>\n<meta property=\"og:title\" content=\"Marokkansk h\u00e5ndlavet messinglampe- Tibladin\" \/>\n<meta property=\"og:description\" content=\"Skulpturel messinglampe med tre lysende kupler. H\u00e5ndlavet i Marokko og kaster smukke m\u00f8nstre. Perfekt som gulv- eller bordlampe.\" \/>\n<meta property=\"og:url\" content=\"https:\/\/tibladin.dk\/nl\/product-2\/marokkaanse-vloerlamp-sahara-elegantie\/\" \/>\n<meta property=\"og:site_name\" content=\"Tibladin\" \/>\n<meta property=\"article:modified_time\" content=\"2026-03-17T10:55:38+00:00\" \/>\n<meta property=\"og:image\" content=\"https:\/\/tibladin.dk\/wp-content\/uploads\/2025\/10\/Sahara_elegance_1.jpg\" \/>\n\t<meta property=\"og:image:width\" content=\"800\" \/>\n\t<meta property=\"og:image:height\" content=\"800\" \/>\n\t<meta property=\"og:image:type\" content=\"image\/jpeg\" \/>\n<meta name=\"twitter:card\" content=\"summary_large_image\" \/>\n<meta name=\"twitter:label1\" content=\"Geschatte leestijd\" \/>\n\t<meta name=\"twitter:data1\" content=\"2 minuten\" \/>\n<script type=\"application\/ld+json\" class=\"yoast-schema-graph\">{\"@context\":\"https:\\\/\\\/schema.org\",\"@graph\":[{\"@type\":\"WebPage\",\"@id\":\"https:\\\/\\\/tibladin.dk\\\/produkt\\\/marokkansk-gulvlampe-sahara-elegance\\\/\",\"url\":\"https:\\\/\\\/tibladin.dk\\\/produkt\\\/marokkansk-gulvlampe-sahara-elegance\\\/\",\"name\":\"Marokkansk h\u00e5ndlavet messinglampe- Tibladin\",\"isPartOf\":{\"@id\":\"https:\\\/\\\/tibladin.dk\\\/#website\"},\"primaryImageOfPage\":{\"@id\":\"https:\\\/\\\/tibladin.dk\\\/produkt\\\/marokkansk-gulvlampe-sahara-elegance\\\/#primaryimage\"},\"image\":{\"@id\":\"https:\\\/\\\/tibladin.dk\\\/produkt\\\/marokkansk-gulvlampe-sahara-elegance\\\/#primaryimage\"},\"thumbnailUrl\":\"https:\\\/\\\/tibladin.dk\\\/wp-content\\\/uploads\\\/2025\\\/10\\\/Sahara_elegance_1.jpg\",\"datePublished\":\"2025-10-16T09:57:19+00:00\",\"dateModified\":\"2026-03-17T10:55:38+00:00\",\"description\":\"Skulpturel messinglampe med tre lysende kupler. H\u00e5ndlavet i Marokko og kaster smukke m\u00f8nstre. Perfekt som gulv- eller bordlampe.\",\"breadcrumb\":{\"@id\":\"https:\\\/\\\/tibladin.dk\\\/produkt\\\/marokkansk-gulvlampe-sahara-elegance\\\/#breadcrumb\"},\"inLanguage\":\"nl-NL\",\"potentialAction\":[{\"@type\":\"ReadAction\",\"target\":[\"https:\\\/\\\/tibladin.dk\\\/produkt\\\/marokkansk-gulvlampe-sahara-elegance\\\/\"]}]},{\"@type\":\"ImageObject\",\"inLanguage\":\"nl-NL\",\"@id\":\"https:\\\/\\\/tibladin.dk\\\/produkt\\\/marokkansk-gulvlampe-sahara-elegance\\\/#primaryimage\",\"url\":\"https:\\\/\\\/tibladin.dk\\\/wp-content\\\/uploads\\\/2025\\\/10\\\/Sahara_elegance_1.jpg\",\"contentUrl\":\"https:\\\/\\\/tibladin.dk\\\/wp-content\\\/uploads\\\/2025\\\/10\\\/Sahara_elegance_1.jpg\",\"width\":800,\"height\":800,\"caption\":\"Sahara_elegance_1\"},{\"@type\":\"BreadcrumbList\",\"@id\":\"https:\\\/\\\/tibladin.dk\\\/produkt\\\/marokkansk-gulvlampe-sahara-elegance\\\/#breadcrumb\",\"itemListElement\":[{\"@type\":\"ListItem\",\"position\":1,\"name\":\"Hjem\",\"item\":\"https:\\\/\\\/tibladin.dk\\\/\"},{\"@type\":\"ListItem\",\"position\":2,\"name\":\"Shop\",\"item\":\"https:\\\/\\\/tibladin.dk\\\/shop\\\/\"},{\"@type\":\"ListItem\",\"position\":3,\"name\":\"Marokkansk gulvlampe &#8211; Sahara Elegance\"}]},{\"@type\":\"WebSite\",\"@id\":\"https:\\\/\\\/tibladin.dk\\\/#website\",\"url\":\"https:\\\/\\\/tibladin.dk\\\/\",\"name\":\"Tibladin\",\"description\":\"Tibladin\",\"publisher\":{\"@id\":\"https:\\\/\\\/tibladin.dk\\\/#organization\"},\"potentialAction\":[{\"@type\":\"SearchAction\",\"target\":{\"@type\":\"EntryPoint\",\"urlTemplate\":\"https:\\\/\\\/tibladin.dk\\\/?s={search_term_string}\"},\"query-input\":{\"@type\":\"PropertyValueSpecification\",\"valueRequired\":true,\"valueName\":\"search_term_string\"}}],\"inLanguage\":\"nl-NL\"},{\"@type\":\"Organization\",\"@id\":\"https:\\\/\\\/tibladin.dk\\\/#organization\",\"name\":\"Tibladin\",\"url\":\"https:\\\/\\\/tibladin.dk\\\/\",\"logo\":{\"@type\":\"ImageObject\",\"inLanguage\":\"nl-NL\",\"@id\":\"https:\\\/\\\/tibladin.dk\\\/#\\\/schema\\\/logo\\\/image\\\/\",\"url\":\"https:\\\/\\\/tibladin.dk\\\/wp-content\\\/uploads\\\/2022\\\/09\\\/tibladin_logo.svg\",\"contentUrl\":\"https:\\\/\\\/tibladin.dk\\\/wp-content\\\/uploads\\\/2022\\\/09\\\/tibladin_logo.svg\",\"caption\":\"Tibladin\"},\"image\":{\"@id\":\"https:\\\/\\\/tibladin.dk\\\/#\\\/schema\\\/logo\\\/image\\\/\"}}]}<\/script>\n<!-- \/ Yoast SEO plugin. -->","yoast_head_json":{"title":"Marokkaanse handgemaakte messing lamp - Tibladin","description":"Sculpturale messing lamp met drie lichtgevende koepels. Handgemaakt in Marokko en voorzien van prachtige patronen. Perfect als vloer- of tafellamp.","robots":{"index":"index","follow":"follow","max-snippet":"max-snippet:-1","max-image-preview":"max-image-preview:large","max-video-preview":"max-video-preview:-1"},"canonical":"https:\/\/tibladin.dk\/nl\/product-2\/marokkaanse-vloerlamp-sahara-elegantie\/","og_locale":"nl_NL","og_type":"article","og_title":"Marokkansk h\u00e5ndlavet messinglampe- Tibladin","og_description":"Skulpturel messinglampe med tre lysende kupler. H\u00e5ndlavet i Marokko og kaster smukke m\u00f8nstre. Perfekt som gulv- eller bordlampe.","og_url":"https:\/\/tibladin.dk\/nl\/product-2\/marokkaanse-vloerlamp-sahara-elegantie\/","og_site_name":"Tibladin","article_modified_time":"2026-03-17T10:55:38+00:00","og_image":[{"width":800,"height":800,"url":"https:\/\/tibladin.dk\/wp-content\/uploads\/2025\/10\/Sahara_elegance_1.jpg","type":"image\/jpeg"}],"twitter_card":"summary_large_image","twitter_misc":{"Geschatte leestijd":"2 minuten"},"schema":{"@context":"https:\/\/schema.org","@graph":[{"@type":"WebPage","@id":"https:\/\/tibladin.dk\/produkt\/marokkansk-gulvlampe-sahara-elegance\/","url":"https:\/\/tibladin.dk\/produkt\/marokkansk-gulvlampe-sahara-elegance\/","name":"Marokkaanse handgemaakte messing lamp - Tibladin","isPartOf":{"@id":"https:\/\/tibladin.dk\/#website"},"primaryImageOfPage":{"@id":"https:\/\/tibladin.dk\/produkt\/marokkansk-gulvlampe-sahara-elegance\/#primaryimage"},"image":{"@id":"https:\/\/tibladin.dk\/produkt\/marokkansk-gulvlampe-sahara-elegance\/#primaryimage"},"thumbnailUrl":"https:\/\/tibladin.dk\/wp-content\/uploads\/2025\/10\/Sahara_elegance_1.jpg","datePublished":"2025-10-16T09:57:19+00:00","dateModified":"2026-03-17T10:55:38+00:00","description":"Sculpturale messing lamp met drie lichtgevende koepels. Handgemaakt in Marokko en voorzien van prachtige patronen. Perfect als vloer- of tafellamp.","breadcrumb":{"@id":"https:\/\/tibladin.dk\/produkt\/marokkansk-gulvlampe-sahara-elegance\/#breadcrumb"},"inLanguage":"nl-NL","potentialAction":[{"@type":"ReadAction","target":["https:\/\/tibladin.dk\/produkt\/marokkansk-gulvlampe-sahara-elegance\/"]}]},{"@type":"ImageObject","inLanguage":"nl-NL","@id":"https:\/\/tibladin.dk\/produkt\/marokkansk-gulvlampe-sahara-elegance\/#primaryimage","url":"https:\/\/tibladin.dk\/wp-content\/uploads\/2025\/10\/Sahara_elegance_1.jpg","contentUrl":"https:\/\/tibladin.dk\/wp-content\/uploads\/2025\/10\/Sahara_elegance_1.jpg","width":800,"height":800,"caption":"Sahara_elegance_1"},{"@type":"BreadcrumbList","@id":"https:\/\/tibladin.dk\/produkt\/marokkansk-gulvlampe-sahara-elegance\/#breadcrumb","itemListElement":[{"@type":"ListItem","position":1,"name":"Hjem","item":"https:\/\/tibladin.dk\/"},{"@type":"ListItem","position":2,"name":"Shop","item":"https:\/\/tibladin.dk\/shop\/"},{"@type":"ListItem","position":3,"name":"Marokkansk gulvlampe &#8211; Sahara Elegance"}]},{"@type":"WebSite","@id":"https:\/\/tibladin.dk\/#website","url":"https:\/\/tibladin.dk\/","name":"Tibladin","description":"Tibladin","publisher":{"@id":"https:\/\/tibladin.dk\/#organization"},"potentialAction":[{"@type":"SearchAction","target":{"@type":"EntryPoint","urlTemplate":"https:\/\/tibladin.dk\/?s={search_term_string}"},"query-input":{"@type":"PropertyValueSpecification","valueRequired":true,"valueName":"search_term_string"}}],"inLanguage":"nl-NL"},{"@type":"Organization","@id":"https:\/\/tibladin.dk\/#organization","name":"Tibladin","url":"https:\/\/tibladin.dk\/","logo":{"@type":"ImageObject","inLanguage":"nl-NL","@id":"https:\/\/tibladin.dk\/#\/schema\/logo\/image\/","url":"https:\/\/tibladin.dk\/wp-content\/uploads\/2022\/09\/tibladin_logo.svg","contentUrl":"https:\/\/tibladin.dk\/wp-content\/uploads\/2022\/09\/tibladin_logo.svg","caption":"Tibladin"},"image":{"@id":"https:\/\/tibladin.dk\/#\/schema\/logo\/image\/"}}]}},"_links":{"self":[{"href":"https:\/\/tibladin.dk\/nl\/wp-json\/wp\/v2\/product\/40935","targetHints":{"allow":["GET"]}}],"collection":[{"href":"https:\/\/tibladin.dk\/nl\/wp-json\/wp\/v2\/product"}],"about":[{"href":"https:\/\/tibladin.dk\/nl\/wp-json\/wp\/v2\/types\/product"}],"wp:featuredmedia":[{"embeddable":true,"href":"https:\/\/tibladin.dk\/nl\/wp-json\/wp\/v2\/media\/40901"}],"wp:attachment":[{"href":"https:\/\/tibladin.dk\/nl\/wp-json\/wp\/v2\/media?parent=40935"}],"wp:term":[{"taxonomy":"product_brand","embeddable":true,"href":"https:\/\/tibladin.dk\/nl\/wp-json\/wp\/v2\/product_brand?post=40935"},{"taxonomy":"product_cat","embeddable":true,"href":"https:\/\/tibladin.dk\/nl\/wp-json\/wp\/v2\/product_cat?post=40935"},{"taxonomy":"product_tag","embeddable":true,"href":"https:\/\/tibladin.dk\/nl\/wp-json\/wp\/v2\/product_tag?post=40935"}],"curies":[{"name":"wp","href":"https:\/\/api.w.org\/{rel}","templated":true}]}}