{"id":41404,"date":"2025-10-23T13:35:13","date_gmt":"2025-10-23T11:35:13","guid":{"rendered":"https:\/\/tibladin.dk\/?post_type=product&#038;p=41404"},"modified":"2025-10-27T15:17:31","modified_gmt":"2025-10-27T14:17:31","slug":"vaas-in-ongeglazuurd-tamegroute-terra","status":"publish","type":"product","link":"https:\/\/tibladin.dk\/nl\/produkt\/vase-i-uglaseret-tamegroute-terra\/","title":{"rendered":"Vaas in ongeglazuurd Tamegroute-TERRA"},"content":{"rendered":"<div class=\"wpb-content-wrapper\"><div class=\"vc_row wpb_row vc_row-fluid\"><div class=\"wpb_column vc_column_container vc_col-sm-4\"><div class=\"vc_column-inner\"><div class=\"wpb_wrapper\"><\/div><\/div><\/div><div class=\"wpb_column vc_column_container vc_col-sm-4\"><div class=\"vc_column-inner\"><div class=\"wpb_wrapper\"><h3 style=\"text-align: left\" class=\"vc_custom_heading vc_do_custom_heading\" >Onderhoud<\/h3>\n\t<div class=\"wpb_text_column wpb_content_element\" >\n\t\t<div class=\"wpb_wrapper\">\n\t\t\t<p>Kan worden afgeveegd met een stofdoek.<\/p>\n\n\t\t<\/div>\n\t<\/div>\n<\/div><\/div><\/div><div class=\"wpb_column vc_column_container vc_col-sm-4\"><div class=\"vc_column-inner\"><div class=\"wpb_wrapper\"><h3 style=\"text-align: left\" class=\"vc_custom_heading vc_do_custom_heading\" >Het verhaal erachter<\/h3>\n\t<div class=\"wpb_text_column wpb_content_element\" >\n\t\t<div class=\"wpb_wrapper\">\n\t\t\t<p>Tamegroute-aardewerk is een traditionele manier van aardewerk maken die afkomstig is van Marokkaanse mensen in de Zagora-regio. De manier waarop het gemaakt is en de unieke groene kleur kenmerken het keramiek het beste. Door de manier waarop het gemaakt is, heeft het keramiek een zeer tastbaar oppervlak. Naast dat het handgemaakt is, kunnen er ook diverse kleine variaties in maten, kleuren en coating en onvolkomenheden in het keramiek voorkomen. Het maakt deel uit van de charme dat het uniek is en het geeft het keramiek meer karakter.<\/p>\n\n\t\t<\/div>\n\t<\/div>\n<\/div><\/div><\/div><\/div>\n<\/div>","protected":false},"excerpt":{"rendered":"<p>Ruw en natuurlijk \u2013 Tamegroute Terra is een unieke vaas van ongeglazuurde klei, met de hand gedraaid en versierd met palmbladvlechtwerk.<\/p>\n<p>De combinatie van grove klei en zachte natuurlijke vezels cre\u00ebert een authentieke en organische uitstraling die de warmte van de Marokkaanse ambachtelijke tradities in huis haalt. Perfect als sculpturale decoratie of in combinatie met gedroogd stro voor een ware bohemian uitstraling.<\/p>\n<p>Kleur: Natuurlijk zand.<\/p>\n<p>De vaas kan geen water vasthouden en is daarom alleen<br \/>\nvoor droogbloemen.<\/p>\n<p>MAATREGELEN: H 23, D 10<\/p>","protected":false},"featured_media":41113,"template":"","meta":{"inline_featured_image":false},"product_brand":[],"product_cat":[138],"product_tag":[],"class_list":{"0":"post-41404","1":"product","2":"type-product","3":"status-publish","4":"has-post-thumbnail","6":"product_cat-tamegroute-keramik","8":"first","9":"instock","10":"taxable","11":"shipping-taxable","12":"purchasable","13":"product-type-simple"},"exclude_global_add_ons":false,"addons":[{"name":"Wilt u een cadeauverpakking?","type":"checkbox","position":0,"required":false,"title_format":"label","default":"","description_enable":false,"description":"","placeholder_enable":false,"placeholder":"","display":"images","restrictions_type":"any_text","adjust_price":false,"price":"","price_type":"flat_fee","restrictions":false,"min":"0","max":"0","options":[{"label":"Ja tak","price":"10","price_type":"flat_fee","image":11015,"visibility":true}],"id":1669646111}],"yoast_head":"<!-- This site is optimized with the Yoast SEO plugin v27.4 - https:\/\/yoast.com\/product\/yoast-seo-wordpress\/ -->\n<title>Vase i uglaseret Tamegroute-TERRA<\/title>\n<meta name=\"description\" content=\"R\u00e5 og naturlig vase i uglaseret ler med h\u00e5ndflettede palmeblade. Et unikt marokkansk h\u00e5ndv\u00e6rk med autentisk, organisk udtryk i naturlig sandfarve.\" \/>\n<meta name=\"robots\" content=\"index, follow, max-snippet:-1, max-image-preview:large, max-video-preview:-1\" \/>\n<link rel=\"canonical\" href=\"https:\/\/tibladin.dk\/nl\/product-2\/vaas-in-ongeglazuurd-tamegroute-terra\/\" \/>\n<meta property=\"og:locale\" content=\"nl_NL\" \/>\n<meta property=\"og:type\" content=\"article\" \/>\n<meta property=\"og:title\" content=\"Vase i uglaseret Tamegroute-TERRA\" \/>\n<meta property=\"og:description\" content=\"R\u00e5 og naturlig vase i uglaseret ler med h\u00e5ndflettede palmeblade. Et unikt marokkansk h\u00e5ndv\u00e6rk med autentisk, organisk udtryk i naturlig sandfarve.\" \/>\n<meta property=\"og:url\" content=\"https:\/\/tibladin.dk\/nl\/product-2\/vaas-in-ongeglazuurd-tamegroute-terra\/\" \/>\n<meta property=\"og:site_name\" content=\"Tibladin\" \/>\n<meta property=\"article:modified_time\" content=\"2025-10-27T14:17:31+00:00\" \/>\n<meta property=\"og:image\" content=\"https:\/\/tibladin.dk\/wp-content\/uploads\/2025\/10\/Vase-i-uglaseret-Tamegroute-TERRA_1.jpg\" \/>\n\t<meta property=\"og:image:width\" content=\"800\" \/>\n\t<meta property=\"og:image:height\" content=\"800\" \/>\n\t<meta property=\"og:image:type\" content=\"image\/jpeg\" \/>\n<meta name=\"twitter:card\" content=\"summary_large_image\" \/>\n<meta name=\"twitter:label1\" content=\"Geschatte leestijd\" \/>\n\t<meta name=\"twitter:data1\" content=\"2 minuten\" \/>\n<script type=\"application\/ld+json\" class=\"yoast-schema-graph\">{\"@context\":\"https:\\\/\\\/schema.org\",\"@graph\":[{\"@type\":\"WebPage\",\"@id\":\"https:\\\/\\\/tibladin.dk\\\/produkt\\\/vase-i-uglaseret-tamegroute-terra\\\/\",\"url\":\"https:\\\/\\\/tibladin.dk\\\/produkt\\\/vase-i-uglaseret-tamegroute-terra\\\/\",\"name\":\"Vase i uglaseret Tamegroute-TERRA\",\"isPartOf\":{\"@id\":\"https:\\\/\\\/tibladin.dk\\\/#website\"},\"primaryImageOfPage\":{\"@id\":\"https:\\\/\\\/tibladin.dk\\\/produkt\\\/vase-i-uglaseret-tamegroute-terra\\\/#primaryimage\"},\"image\":{\"@id\":\"https:\\\/\\\/tibladin.dk\\\/produkt\\\/vase-i-uglaseret-tamegroute-terra\\\/#primaryimage\"},\"thumbnailUrl\":\"https:\\\/\\\/tibladin.dk\\\/wp-content\\\/uploads\\\/2025\\\/10\\\/Vase-i-uglaseret-Tamegroute-TERRA_1.jpg\",\"datePublished\":\"2025-10-23T11:35:13+00:00\",\"dateModified\":\"2025-10-27T14:17:31+00:00\",\"description\":\"R\u00e5 og naturlig vase i uglaseret ler med h\u00e5ndflettede palmeblade. Et unikt marokkansk h\u00e5ndv\u00e6rk med autentisk, organisk udtryk i naturlig sandfarve.\",\"breadcrumb\":{\"@id\":\"https:\\\/\\\/tibladin.dk\\\/produkt\\\/vase-i-uglaseret-tamegroute-terra\\\/#breadcrumb\"},\"inLanguage\":\"nl-NL\",\"potentialAction\":[{\"@type\":\"ReadAction\",\"target\":[\"https:\\\/\\\/tibladin.dk\\\/produkt\\\/vase-i-uglaseret-tamegroute-terra\\\/\"]}]},{\"@type\":\"ImageObject\",\"inLanguage\":\"nl-NL\",\"@id\":\"https:\\\/\\\/tibladin.dk\\\/produkt\\\/vase-i-uglaseret-tamegroute-terra\\\/#primaryimage\",\"url\":\"https:\\\/\\\/tibladin.dk\\\/wp-content\\\/uploads\\\/2025\\\/10\\\/Vase-i-uglaseret-Tamegroute-TERRA_1.jpg\",\"contentUrl\":\"https:\\\/\\\/tibladin.dk\\\/wp-content\\\/uploads\\\/2025\\\/10\\\/Vase-i-uglaseret-Tamegroute-TERRA_1.jpg\",\"width\":800,\"height\":800,\"caption\":\"Vase-i-uglaseret-Tamegroute-TERRA_1\"},{\"@type\":\"BreadcrumbList\",\"@id\":\"https:\\\/\\\/tibladin.dk\\\/produkt\\\/vase-i-uglaseret-tamegroute-terra\\\/#breadcrumb\",\"itemListElement\":[{\"@type\":\"ListItem\",\"position\":1,\"name\":\"Hjem\",\"item\":\"https:\\\/\\\/tibladin.dk\\\/\"},{\"@type\":\"ListItem\",\"position\":2,\"name\":\"Shop\",\"item\":\"https:\\\/\\\/tibladin.dk\\\/shop\\\/\"},{\"@type\":\"ListItem\",\"position\":3,\"name\":\"Vase i uglaseret Tamegroute-TERRA\"}]},{\"@type\":\"WebSite\",\"@id\":\"https:\\\/\\\/tibladin.dk\\\/#website\",\"url\":\"https:\\\/\\\/tibladin.dk\\\/\",\"name\":\"Tibladin\",\"description\":\"Tibladin\",\"publisher\":{\"@id\":\"https:\\\/\\\/tibladin.dk\\\/#organization\"},\"potentialAction\":[{\"@type\":\"SearchAction\",\"target\":{\"@type\":\"EntryPoint\",\"urlTemplate\":\"https:\\\/\\\/tibladin.dk\\\/?s={search_term_string}\"},\"query-input\":{\"@type\":\"PropertyValueSpecification\",\"valueRequired\":true,\"valueName\":\"search_term_string\"}}],\"inLanguage\":\"nl-NL\"},{\"@type\":\"Organization\",\"@id\":\"https:\\\/\\\/tibladin.dk\\\/#organization\",\"name\":\"Tibladin\",\"url\":\"https:\\\/\\\/tibladin.dk\\\/\",\"logo\":{\"@type\":\"ImageObject\",\"inLanguage\":\"nl-NL\",\"@id\":\"https:\\\/\\\/tibladin.dk\\\/#\\\/schema\\\/logo\\\/image\\\/\",\"url\":\"https:\\\/\\\/tibladin.dk\\\/wp-content\\\/uploads\\\/2022\\\/09\\\/tibladin_logo.svg\",\"contentUrl\":\"https:\\\/\\\/tibladin.dk\\\/wp-content\\\/uploads\\\/2022\\\/09\\\/tibladin_logo.svg\",\"caption\":\"Tibladin\"},\"image\":{\"@id\":\"https:\\\/\\\/tibladin.dk\\\/#\\\/schema\\\/logo\\\/image\\\/\"}}]}<\/script>\n<!-- \/ Yoast SEO plugin. -->","yoast_head_json":{"title":"Vaas in ongeglazuurd Tamegroute-TERRA","description":"Ruwe en natuurlijke vaas van ongeglazuurde klei met handgevlochten palmbladeren. Een uniek Marokkaans handwerk met een authentieke, organische uitstraling in een natuurlijke zandkleur.","robots":{"index":"index","follow":"follow","max-snippet":"max-snippet:-1","max-image-preview":"max-image-preview:large","max-video-preview":"max-video-preview:-1"},"canonical":"https:\/\/tibladin.dk\/nl\/product-2\/vaas-in-ongeglazuurd-tamegroute-terra\/","og_locale":"nl_NL","og_type":"article","og_title":"Vase i uglaseret Tamegroute-TERRA","og_description":"R\u00e5 og naturlig vase i uglaseret ler med h\u00e5ndflettede palmeblade. Et unikt marokkansk h\u00e5ndv\u00e6rk med autentisk, organisk udtryk i naturlig sandfarve.","og_url":"https:\/\/tibladin.dk\/nl\/product-2\/vaas-in-ongeglazuurd-tamegroute-terra\/","og_site_name":"Tibladin","article_modified_time":"2025-10-27T14:17:31+00:00","og_image":[{"width":800,"height":800,"url":"https:\/\/tibladin.dk\/wp-content\/uploads\/2025\/10\/Vase-i-uglaseret-Tamegroute-TERRA_1.jpg","type":"image\/jpeg"}],"twitter_card":"summary_large_image","twitter_misc":{"Geschatte leestijd":"2 minuten"},"schema":{"@context":"https:\/\/schema.org","@graph":[{"@type":"WebPage","@id":"https:\/\/tibladin.dk\/produkt\/vase-i-uglaseret-tamegroute-terra\/","url":"https:\/\/tibladin.dk\/produkt\/vase-i-uglaseret-tamegroute-terra\/","name":"Vaas in ongeglazuurd Tamegroute-TERRA","isPartOf":{"@id":"https:\/\/tibladin.dk\/#website"},"primaryImageOfPage":{"@id":"https:\/\/tibladin.dk\/produkt\/vase-i-uglaseret-tamegroute-terra\/#primaryimage"},"image":{"@id":"https:\/\/tibladin.dk\/produkt\/vase-i-uglaseret-tamegroute-terra\/#primaryimage"},"thumbnailUrl":"https:\/\/tibladin.dk\/wp-content\/uploads\/2025\/10\/Vase-i-uglaseret-Tamegroute-TERRA_1.jpg","datePublished":"2025-10-23T11:35:13+00:00","dateModified":"2025-10-27T14:17:31+00:00","description":"Ruwe en natuurlijke vaas van ongeglazuurde klei met handgevlochten palmbladeren. Een uniek Marokkaans handwerk met een authentieke, organische uitstraling in een natuurlijke zandkleur.","breadcrumb":{"@id":"https:\/\/tibladin.dk\/produkt\/vase-i-uglaseret-tamegroute-terra\/#breadcrumb"},"inLanguage":"nl-NL","potentialAction":[{"@type":"ReadAction","target":["https:\/\/tibladin.dk\/produkt\/vase-i-uglaseret-tamegroute-terra\/"]}]},{"@type":"ImageObject","inLanguage":"nl-NL","@id":"https:\/\/tibladin.dk\/produkt\/vase-i-uglaseret-tamegroute-terra\/#primaryimage","url":"https:\/\/tibladin.dk\/wp-content\/uploads\/2025\/10\/Vase-i-uglaseret-Tamegroute-TERRA_1.jpg","contentUrl":"https:\/\/tibladin.dk\/wp-content\/uploads\/2025\/10\/Vase-i-uglaseret-Tamegroute-TERRA_1.jpg","width":800,"height":800,"caption":"Vase-i-uglaseret-Tamegroute-TERRA_1"},{"@type":"BreadcrumbList","@id":"https:\/\/tibladin.dk\/produkt\/vase-i-uglaseret-tamegroute-terra\/#breadcrumb","itemListElement":[{"@type":"ListItem","position":1,"name":"Hjem","item":"https:\/\/tibladin.dk\/"},{"@type":"ListItem","position":2,"name":"Shop","item":"https:\/\/tibladin.dk\/shop\/"},{"@type":"ListItem","position":3,"name":"Vase i uglaseret Tamegroute-TERRA"}]},{"@type":"WebSite","@id":"https:\/\/tibladin.dk\/#website","url":"https:\/\/tibladin.dk\/","name":"Tibladin","description":"Tibladin","publisher":{"@id":"https:\/\/tibladin.dk\/#organization"},"potentialAction":[{"@type":"SearchAction","target":{"@type":"EntryPoint","urlTemplate":"https:\/\/tibladin.dk\/?s={search_term_string}"},"query-input":{"@type":"PropertyValueSpecification","valueRequired":true,"valueName":"search_term_string"}}],"inLanguage":"nl-NL"},{"@type":"Organization","@id":"https:\/\/tibladin.dk\/#organization","name":"Tibladin","url":"https:\/\/tibladin.dk\/","logo":{"@type":"ImageObject","inLanguage":"nl-NL","@id":"https:\/\/tibladin.dk\/#\/schema\/logo\/image\/","url":"https:\/\/tibladin.dk\/wp-content\/uploads\/2022\/09\/tibladin_logo.svg","contentUrl":"https:\/\/tibladin.dk\/wp-content\/uploads\/2022\/09\/tibladin_logo.svg","caption":"Tibladin"},"image":{"@id":"https:\/\/tibladin.dk\/#\/schema\/logo\/image\/"}}]}},"_links":{"self":[{"href":"https:\/\/tibladin.dk\/nl\/wp-json\/wp\/v2\/product\/41404","targetHints":{"allow":["GET"]}}],"collection":[{"href":"https:\/\/tibladin.dk\/nl\/wp-json\/wp\/v2\/product"}],"about":[{"href":"https:\/\/tibladin.dk\/nl\/wp-json\/wp\/v2\/types\/product"}],"wp:featuredmedia":[{"embeddable":true,"href":"https:\/\/tibladin.dk\/nl\/wp-json\/wp\/v2\/media\/41113"}],"wp:attachment":[{"href":"https:\/\/tibladin.dk\/nl\/wp-json\/wp\/v2\/media?parent=41404"}],"wp:term":[{"taxonomy":"product_brand","embeddable":true,"href":"https:\/\/tibladin.dk\/nl\/wp-json\/wp\/v2\/product_brand?post=41404"},{"taxonomy":"product_cat","embeddable":true,"href":"https:\/\/tibladin.dk\/nl\/wp-json\/wp\/v2\/product_cat?post=41404"},{"taxonomy":"product_tag","embeddable":true,"href":"https:\/\/tibladin.dk\/nl\/wp-json\/wp\/v2\/product_tag?post=41404"}],"curies":[{"name":"wp","href":"https:\/\/api.w.org\/{rel}","templated":true}]}}