{"id":41426,"date":"2025-10-23T19:35:50","date_gmt":"2025-10-23T17:35:50","guid":{"rendered":"https:\/\/tibladin.dk\/?post_type=product&#038;p=41426"},"modified":"2025-11-01T07:15:56","modified_gmt":"2025-11-01T06:15:56","slug":"keramische-vazen-tadil","status":"publish","type":"product","link":"https:\/\/tibladin.dk\/nl\/produkt\/vaser-i-keramik-tadil\/","title":{"rendered":"Keramische vazen -TADIL"},"content":{"rendered":"<div class=\"wpb-content-wrapper\"><div class=\"vc_row wpb_row vc_row-fluid\"><div class=\"wpb_column vc_column_container vc_col-sm-4\"><div class=\"vc_column-inner\"><div class=\"wpb_wrapper\"><\/div><\/div><\/div><div class=\"wpb_column vc_column_container vc_col-sm-4\"><div class=\"vc_column-inner\"><div class=\"wpb_wrapper\"><h3 style=\"text-align: left\" class=\"vc_custom_heading vc_do_custom_heading\" >Onderhoud<\/h3>\n\t<div class=\"wpb_text_column wpb_content_element\" >\n\t\t<div class=\"wpb_wrapper\">\n\t\t\t<p>Wij raden de vaatwasser niet aan. Het is beter om ze met de hand te wassen.<\/p>\n\n\t\t<\/div>\n\t<\/div>\n<\/div><\/div><\/div><div class=\"wpb_column vc_column_container vc_col-sm-4\"><div class=\"vc_column-inner\"><div class=\"wpb_wrapper\"><\/div><\/div><\/div><\/div>\n<\/div>","protected":false},"excerpt":{"rendered":"<p>Rauwe en eenvoudige elegantie \u2013 Duo Vase is een moderne interpretatie van de klassieke aardewerken pot. Met zijn twee karakteristieke handgrepen en organische oppervlak brengt hij een artistieke en tijdloze uitstraling in de kamer.<\/p>\n<p>De vaas is verkrijgbaar in zowel zwarte als zandkleurige afwerkingen en is prachtig als sculpturale decoratie en als vaas voor gedroogde takken. De combinatie van de twee kleuren zorgt voor een harmonieuze en evenwichtige uitstraling die perfect past bij zowel een Scandinavisch als bohemian interieur.<\/p>\n<p>AFMETINGEN: H: 32 cm \u00d8: 13 cm<\/p>\n<p>Alleen voor gedroogde bloemen \u2013 houdt geen water vast<\/p>","protected":false},"featured_media":41157,"template":"","meta":{"inline_featured_image":false},"product_brand":[],"product_cat":[175],"product_tag":[],"class_list":{"0":"post-41426","1":"product","2":"type-product","3":"status-publish","4":"has-post-thumbnail","6":"product_cat-driverse-marokkansk-keramik","8":"first","9":"instock","10":"taxable","11":"shipping-taxable","12":"purchasable","13":"product-type-variable"},"exclude_global_add_ons":[],"addons":[],"yoast_head":"<!-- This site is optimized with the Yoast SEO plugin v27.4 - https:\/\/yoast.com\/product\/yoast-seo-wordpress\/ -->\n<title>Vaser i keramik -TADIL<\/title>\n<meta name=\"description\" content=\"R\u00e5 og enkel elegance med ikoniske h\u00e5ndtag og organisk overflade. F\u00e5s i sort og sand og fungerer b\u00e5de som skulptur og vase.\" \/>\n<meta name=\"robots\" content=\"index, follow, max-snippet:-1, max-image-preview:large, max-video-preview:-1\" \/>\n<link rel=\"canonical\" href=\"https:\/\/tibladin.dk\/nl\/product-2\/keramische-vazen-tadil\/\" \/>\n<meta property=\"og:locale\" content=\"nl_NL\" \/>\n<meta property=\"og:type\" content=\"article\" \/>\n<meta property=\"og:title\" content=\"Vaser i keramik -TADIL\" \/>\n<meta property=\"og:description\" content=\"R\u00e5 og enkel elegance med ikoniske h\u00e5ndtag og organisk overflade. F\u00e5s i sort og sand og fungerer b\u00e5de som skulptur og vase.\" \/>\n<meta property=\"og:url\" content=\"https:\/\/tibladin.dk\/nl\/product-2\/keramische-vazen-tadil\/\" \/>\n<meta property=\"og:site_name\" content=\"Tibladin\" \/>\n<meta property=\"article:modified_time\" content=\"2025-11-01T06:15:56+00:00\" \/>\n<meta property=\"og:image\" content=\"https:\/\/tibladin.dk\/wp-content\/uploads\/2025\/10\/marokkansk-vase_TADIL_1.jpg\" \/>\n\t<meta property=\"og:image:width\" content=\"800\" \/>\n\t<meta property=\"og:image:height\" content=\"800\" \/>\n\t<meta property=\"og:image:type\" content=\"image\/jpeg\" \/>\n<meta name=\"twitter:card\" content=\"summary_large_image\" \/>\n<meta name=\"twitter:label1\" content=\"Geschatte leestijd\" \/>\n\t<meta name=\"twitter:data1\" content=\"1 minuut\" \/>\n<script type=\"application\/ld+json\" class=\"yoast-schema-graph\">{\"@context\":\"https:\\\/\\\/schema.org\",\"@graph\":[{\"@type\":\"WebPage\",\"@id\":\"https:\\\/\\\/tibladin.dk\\\/produkt\\\/vaser-i-keramik-tadil\\\/\",\"url\":\"https:\\\/\\\/tibladin.dk\\\/produkt\\\/vaser-i-keramik-tadil\\\/\",\"name\":\"Vaser i keramik -TADIL\",\"isPartOf\":{\"@id\":\"https:\\\/\\\/tibladin.dk\\\/#website\"},\"primaryImageOfPage\":{\"@id\":\"https:\\\/\\\/tibladin.dk\\\/produkt\\\/vaser-i-keramik-tadil\\\/#primaryimage\"},\"image\":{\"@id\":\"https:\\\/\\\/tibladin.dk\\\/produkt\\\/vaser-i-keramik-tadil\\\/#primaryimage\"},\"thumbnailUrl\":\"https:\\\/\\\/tibladin.dk\\\/wp-content\\\/uploads\\\/2025\\\/10\\\/marokkansk-vase_TADIL_1.jpg\",\"datePublished\":\"2025-10-23T17:35:50+00:00\",\"dateModified\":\"2025-11-01T06:15:56+00:00\",\"description\":\"R\u00e5 og enkel elegance med ikoniske h\u00e5ndtag og organisk overflade. F\u00e5s i sort og sand og fungerer b\u00e5de som skulptur og vase.\",\"breadcrumb\":{\"@id\":\"https:\\\/\\\/tibladin.dk\\\/produkt\\\/vaser-i-keramik-tadil\\\/#breadcrumb\"},\"inLanguage\":\"nl-NL\",\"potentialAction\":[{\"@type\":\"ReadAction\",\"target\":[\"https:\\\/\\\/tibladin.dk\\\/produkt\\\/vaser-i-keramik-tadil\\\/\"]}]},{\"@type\":\"ImageObject\",\"inLanguage\":\"nl-NL\",\"@id\":\"https:\\\/\\\/tibladin.dk\\\/produkt\\\/vaser-i-keramik-tadil\\\/#primaryimage\",\"url\":\"https:\\\/\\\/tibladin.dk\\\/wp-content\\\/uploads\\\/2025\\\/10\\\/marokkansk-vase_TADIL_1.jpg\",\"contentUrl\":\"https:\\\/\\\/tibladin.dk\\\/wp-content\\\/uploads\\\/2025\\\/10\\\/marokkansk-vase_TADIL_1.jpg\",\"width\":800,\"height\":800,\"caption\":\"marokkansk-vase_TADIL_1\"},{\"@type\":\"BreadcrumbList\",\"@id\":\"https:\\\/\\\/tibladin.dk\\\/produkt\\\/vaser-i-keramik-tadil\\\/#breadcrumb\",\"itemListElement\":[{\"@type\":\"ListItem\",\"position\":1,\"name\":\"Hjem\",\"item\":\"https:\\\/\\\/tibladin.dk\\\/\"},{\"@type\":\"ListItem\",\"position\":2,\"name\":\"Shop\",\"item\":\"https:\\\/\\\/tibladin.dk\\\/shop\\\/\"},{\"@type\":\"ListItem\",\"position\":3,\"name\":\"Vaser i keramik -TADIL\"}]},{\"@type\":\"WebSite\",\"@id\":\"https:\\\/\\\/tibladin.dk\\\/#website\",\"url\":\"https:\\\/\\\/tibladin.dk\\\/\",\"name\":\"Tibladin\",\"description\":\"Tibladin\",\"publisher\":{\"@id\":\"https:\\\/\\\/tibladin.dk\\\/#organization\"},\"potentialAction\":[{\"@type\":\"SearchAction\",\"target\":{\"@type\":\"EntryPoint\",\"urlTemplate\":\"https:\\\/\\\/tibladin.dk\\\/?s={search_term_string}\"},\"query-input\":{\"@type\":\"PropertyValueSpecification\",\"valueRequired\":true,\"valueName\":\"search_term_string\"}}],\"inLanguage\":\"nl-NL\"},{\"@type\":\"Organization\",\"@id\":\"https:\\\/\\\/tibladin.dk\\\/#organization\",\"name\":\"Tibladin\",\"url\":\"https:\\\/\\\/tibladin.dk\\\/\",\"logo\":{\"@type\":\"ImageObject\",\"inLanguage\":\"nl-NL\",\"@id\":\"https:\\\/\\\/tibladin.dk\\\/#\\\/schema\\\/logo\\\/image\\\/\",\"url\":\"https:\\\/\\\/tibladin.dk\\\/wp-content\\\/uploads\\\/2022\\\/09\\\/tibladin_logo.svg\",\"contentUrl\":\"https:\\\/\\\/tibladin.dk\\\/wp-content\\\/uploads\\\/2022\\\/09\\\/tibladin_logo.svg\",\"caption\":\"Tibladin\"},\"image\":{\"@id\":\"https:\\\/\\\/tibladin.dk\\\/#\\\/schema\\\/logo\\\/image\\\/\"}}]}<\/script>\n<!-- \/ Yoast SEO plugin. -->","yoast_head_json":{"title":"Keramische vazen -TADIL","description":"Rauwe en eenvoudige elegantie met iconische handgrepen en een organisch oppervlak. Verkrijgbaar in zwart en zandkleur en kan zowel als sculptuur als vaas worden gebruikt.","robots":{"index":"index","follow":"follow","max-snippet":"max-snippet:-1","max-image-preview":"max-image-preview:large","max-video-preview":"max-video-preview:-1"},"canonical":"https:\/\/tibladin.dk\/nl\/product-2\/keramische-vazen-tadil\/","og_locale":"nl_NL","og_type":"article","og_title":"Vaser i keramik -TADIL","og_description":"R\u00e5 og enkel elegance med ikoniske h\u00e5ndtag og organisk overflade. F\u00e5s i sort og sand og fungerer b\u00e5de som skulptur og vase.","og_url":"https:\/\/tibladin.dk\/nl\/product-2\/keramische-vazen-tadil\/","og_site_name":"Tibladin","article_modified_time":"2025-11-01T06:15:56+00:00","og_image":[{"width":800,"height":800,"url":"https:\/\/tibladin.dk\/wp-content\/uploads\/2025\/10\/marokkansk-vase_TADIL_1.jpg","type":"image\/jpeg"}],"twitter_card":"summary_large_image","twitter_misc":{"Geschatte leestijd":"1 minuut"},"schema":{"@context":"https:\/\/schema.org","@graph":[{"@type":"WebPage","@id":"https:\/\/tibladin.dk\/produkt\/vaser-i-keramik-tadil\/","url":"https:\/\/tibladin.dk\/produkt\/vaser-i-keramik-tadil\/","name":"Keramische vazen -TADIL","isPartOf":{"@id":"https:\/\/tibladin.dk\/#website"},"primaryImageOfPage":{"@id":"https:\/\/tibladin.dk\/produkt\/vaser-i-keramik-tadil\/#primaryimage"},"image":{"@id":"https:\/\/tibladin.dk\/produkt\/vaser-i-keramik-tadil\/#primaryimage"},"thumbnailUrl":"https:\/\/tibladin.dk\/wp-content\/uploads\/2025\/10\/marokkansk-vase_TADIL_1.jpg","datePublished":"2025-10-23T17:35:50+00:00","dateModified":"2025-11-01T06:15:56+00:00","description":"Rauwe en eenvoudige elegantie met iconische handgrepen en een organisch oppervlak. Verkrijgbaar in zwart en zandkleur en kan zowel als sculptuur als vaas worden gebruikt.","breadcrumb":{"@id":"https:\/\/tibladin.dk\/produkt\/vaser-i-keramik-tadil\/#breadcrumb"},"inLanguage":"nl-NL","potentialAction":[{"@type":"ReadAction","target":["https:\/\/tibladin.dk\/produkt\/vaser-i-keramik-tadil\/"]}]},{"@type":"ImageObject","inLanguage":"nl-NL","@id":"https:\/\/tibladin.dk\/produkt\/vaser-i-keramik-tadil\/#primaryimage","url":"https:\/\/tibladin.dk\/wp-content\/uploads\/2025\/10\/marokkansk-vase_TADIL_1.jpg","contentUrl":"https:\/\/tibladin.dk\/wp-content\/uploads\/2025\/10\/marokkansk-vase_TADIL_1.jpg","width":800,"height":800,"caption":"marokkansk-vase_TADIL_1"},{"@type":"BreadcrumbList","@id":"https:\/\/tibladin.dk\/produkt\/vaser-i-keramik-tadil\/#breadcrumb","itemListElement":[{"@type":"ListItem","position":1,"name":"Hjem","item":"https:\/\/tibladin.dk\/"},{"@type":"ListItem","position":2,"name":"Shop","item":"https:\/\/tibladin.dk\/shop\/"},{"@type":"ListItem","position":3,"name":"Vaser i keramik -TADIL"}]},{"@type":"WebSite","@id":"https:\/\/tibladin.dk\/#website","url":"https:\/\/tibladin.dk\/","name":"Tibladin","description":"Tibladin","publisher":{"@id":"https:\/\/tibladin.dk\/#organization"},"potentialAction":[{"@type":"SearchAction","target":{"@type":"EntryPoint","urlTemplate":"https:\/\/tibladin.dk\/?s={search_term_string}"},"query-input":{"@type":"PropertyValueSpecification","valueRequired":true,"valueName":"search_term_string"}}],"inLanguage":"nl-NL"},{"@type":"Organization","@id":"https:\/\/tibladin.dk\/#organization","name":"Tibladin","url":"https:\/\/tibladin.dk\/","logo":{"@type":"ImageObject","inLanguage":"nl-NL","@id":"https:\/\/tibladin.dk\/#\/schema\/logo\/image\/","url":"https:\/\/tibladin.dk\/wp-content\/uploads\/2022\/09\/tibladin_logo.svg","contentUrl":"https:\/\/tibladin.dk\/wp-content\/uploads\/2022\/09\/tibladin_logo.svg","caption":"Tibladin"},"image":{"@id":"https:\/\/tibladin.dk\/#\/schema\/logo\/image\/"}}]}},"_links":{"self":[{"href":"https:\/\/tibladin.dk\/nl\/wp-json\/wp\/v2\/product\/41426","targetHints":{"allow":["GET"]}}],"collection":[{"href":"https:\/\/tibladin.dk\/nl\/wp-json\/wp\/v2\/product"}],"about":[{"href":"https:\/\/tibladin.dk\/nl\/wp-json\/wp\/v2\/types\/product"}],"wp:featuredmedia":[{"embeddable":true,"href":"https:\/\/tibladin.dk\/nl\/wp-json\/wp\/v2\/media\/41157"}],"wp:attachment":[{"href":"https:\/\/tibladin.dk\/nl\/wp-json\/wp\/v2\/media?parent=41426"}],"wp:term":[{"taxonomy":"product_brand","embeddable":true,"href":"https:\/\/tibladin.dk\/nl\/wp-json\/wp\/v2\/product_brand?post=41426"},{"taxonomy":"product_cat","embeddable":true,"href":"https:\/\/tibladin.dk\/nl\/wp-json\/wp\/v2\/product_cat?post=41426"},{"taxonomy":"product_tag","embeddable":true,"href":"https:\/\/tibladin.dk\/nl\/wp-json\/wp\/v2\/product_tag?post=41426"}],"curies":[{"name":"wp","href":"https:\/\/api.w.org\/{rel}","templated":true}]}}