{"id":41626,"date":"2025-11-05T15:18:02","date_gmt":"2025-11-05T14:18:02","guid":{"rendered":"https:\/\/tibladin.dk\/?post_type=product&#038;p=41626"},"modified":"2026-01-02T13:13:04","modified_gmt":"2026-01-02T12:13:04","slug":"spiegelwolk-goud","status":"publish","type":"product","link":"https:\/\/tibladin.dk\/nl\/produkt\/spejl-sky-guld\/","title":{"rendered":"Mirror Sky \u2013 goud"},"content":{"rendered":"<div class=\"wpb-content-wrapper\"><div class=\"vc_row wpb_row vc_row-fluid\"><div class=\"wpb_column vc_column_container vc_col-sm-4\"><div class=\"vc_column-inner\"><div class=\"wpb_wrapper\"><\/div><\/div><\/div><div class=\"wpb_column vc_column_container vc_col-sm-4\"><div class=\"vc_column-inner\"><div class=\"wpb_wrapper\"><h3 style=\"text-align: left\" class=\"vc_custom_heading vc_do_custom_heading\" >Onderhoud<\/h3>\n\t<div class=\"wpb_text_column wpb_content_element\" >\n\t\t<div class=\"wpb_wrapper\">\n\t\t\t<p>Gebruik polijstmiddel voor de rand. De spiegel krijgt na verloop van tijd een patina en kan eenvoudig opnieuw worden gepolijst.<\/p>\n<p>Gebruik gewone glasreiniger voor de spiegel.<\/p>\n\n\t\t<\/div>\n\t<\/div>\n<\/div><\/div><\/div><div class=\"wpb_column vc_column_container vc_col-sm-4\"><div class=\"vc_column-inner\"><div class=\"wpb_wrapper\"><h3 style=\"text-align: left\" class=\"vc_custom_heading vc_do_custom_heading\" >Het verhaal erachter<\/h3>\n\t<div class=\"wpb_text_column wpb_content_element\" >\n\t\t<div class=\"wpb_wrapper\">\n\t\t\t<p>Spiegels brengen leven aan de muur. Het is heel trendy om spiegels toe te passen in het interieur, en het liefst meerdere bij elkaar in verschillende vormen. Denk aan spiegels in het ontwerp van uw kamers en experimenteer met verschillende opstellingen. Gebruik ze als finishing touch op je fotomuur.<\/p>\n<p>De spiegels zijn gemaakt van messing.<\/p>\n\n\t\t<\/div>\n\t<\/div>\n<\/div><\/div><\/div><\/div>\n<\/div>","protected":false},"excerpt":{"rendered":"<p>Handgemaakte Marokkaanse spiegel in een schattige hartvorm van messing<\/p>\n<p>Verkrijgbaar in drie verschillende maten: XS, S, M<\/p>\n<p>De spiegel heeft verborgen beugels aan de achterkant, gewoon om aan de muur te hangen.<\/p>\n<p>Afmetingen: XS: 20\u00d710 cm | S: 25\u00d715 cm | M: 30\u00d720 cm<\/p>\n<p>&nbsp;<\/p>","protected":false},"featured_media":41249,"template":"","meta":{"inline_featured_image":false},"product_brand":[],"product_cat":[58,56],"product_tag":[],"class_list":{"0":"post-41626","1":"product","2":"type-product","3":"status-publish","4":"has-post-thumbnail","6":"product_cat-spejle","7":"product_cat-vaegdekoration","9":"first","10":"instock","11":"taxable","12":"shipping-taxable","13":"purchasable","14":"product-type-variable"},"exclude_global_add_ons":[],"addons":[],"yoast_head":"<!-- This site is optimized with the Yoast SEO plugin v27.5 - https:\/\/yoast.com\/product\/yoast-seo-wordpress\/ -->\n<title>Spejl hjerteformet i messing | Marokkansk v\u00e6gdekoration | Tibladin<\/title>\n<meta name=\"description\" content=\"Marokkansk spejl formet som et hjerte i messing., H\u00e5ndlavet p\u00e5 metalv\u00e6rksted i Marokko. F\u00e5es i 4 forskellige st\u00f8rrelser M, S og XS.\" \/>\n<meta name=\"robots\" content=\"index, follow, max-snippet:-1, max-image-preview:large, max-video-preview:-1\" \/>\n<link rel=\"canonical\" href=\"https:\/\/tibladin.dk\/nl\/product-2\/spiegelwolk-goud\/\" \/>\n<meta property=\"og:locale\" content=\"nl_NL\" \/>\n<meta property=\"og:type\" content=\"article\" \/>\n<meta property=\"og:title\" content=\"Spejl hjerteformet i messing | Marokkansk v\u00e6gdekoration | Tibladin\" \/>\n<meta property=\"og:description\" content=\"Marokkansk spejl formet som et hjerte i messing., H\u00e5ndlavet p\u00e5 metalv\u00e6rksted i Marokko. F\u00e5es i 4 forskellige st\u00f8rrelser M, S og XS.\" \/>\n<meta property=\"og:url\" content=\"https:\/\/tibladin.dk\/nl\/product-2\/spiegelwolk-goud\/\" \/>\n<meta property=\"og:site_name\" content=\"Tibladin\" \/>\n<meta property=\"article:modified_time\" content=\"2026-01-02T12:13:04+00:00\" \/>\n<meta property=\"og:image\" content=\"https:\/\/tibladin.dk\/wp-content\/uploads\/2025\/10\/Spejle-guld-skyer_2.jpg\" \/>\n\t<meta property=\"og:image:width\" content=\"800\" \/>\n\t<meta property=\"og:image:height\" content=\"800\" \/>\n\t<meta property=\"og:image:type\" content=\"image\/jpeg\" \/>\n<meta name=\"twitter:card\" content=\"summary_large_image\" \/>\n<meta name=\"twitter:label1\" content=\"Geschatte leestijd\" \/>\n\t<meta name=\"twitter:data1\" content=\"1 minuut\" \/>\n<script type=\"application\/ld+json\" class=\"yoast-schema-graph\">{\"@context\":\"https:\\\/\\\/schema.org\",\"@graph\":[{\"@type\":\"WebPage\",\"@id\":\"https:\\\/\\\/tibladin.dk\\\/produkt\\\/spejl-sky-guld\\\/\",\"url\":\"https:\\\/\\\/tibladin.dk\\\/produkt\\\/spejl-sky-guld\\\/\",\"name\":\"Spejl hjerteformet i messing | Marokkansk v\u00e6gdekoration | Tibladin\",\"isPartOf\":{\"@id\":\"https:\\\/\\\/tibladin.dk\\\/#website\"},\"primaryImageOfPage\":{\"@id\":\"https:\\\/\\\/tibladin.dk\\\/produkt\\\/spejl-sky-guld\\\/#primaryimage\"},\"image\":{\"@id\":\"https:\\\/\\\/tibladin.dk\\\/produkt\\\/spejl-sky-guld\\\/#primaryimage\"},\"thumbnailUrl\":\"https:\\\/\\\/tibladin.dk\\\/wp-content\\\/uploads\\\/2025\\\/10\\\/Spejle-guld-skyer_2.jpg\",\"datePublished\":\"2025-11-05T14:18:02+00:00\",\"dateModified\":\"2026-01-02T12:13:04+00:00\",\"description\":\"Marokkansk spejl formet som et hjerte i messing., H\u00e5ndlavet p\u00e5 metalv\u00e6rksted i Marokko. F\u00e5es i 4 forskellige st\u00f8rrelser M, S og XS.\",\"breadcrumb\":{\"@id\":\"https:\\\/\\\/tibladin.dk\\\/produkt\\\/spejl-sky-guld\\\/#breadcrumb\"},\"inLanguage\":\"nl-NL\",\"potentialAction\":[{\"@type\":\"ReadAction\",\"target\":[\"https:\\\/\\\/tibladin.dk\\\/produkt\\\/spejl-sky-guld\\\/\"]}]},{\"@type\":\"ImageObject\",\"inLanguage\":\"nl-NL\",\"@id\":\"https:\\\/\\\/tibladin.dk\\\/produkt\\\/spejl-sky-guld\\\/#primaryimage\",\"url\":\"https:\\\/\\\/tibladin.dk\\\/wp-content\\\/uploads\\\/2025\\\/10\\\/Spejle-guld-skyer_2.jpg\",\"contentUrl\":\"https:\\\/\\\/tibladin.dk\\\/wp-content\\\/uploads\\\/2025\\\/10\\\/Spejle-guld-skyer_2.jpg\",\"width\":800,\"height\":800,\"caption\":\"marokkansk spejl i messing med form som sky\"},{\"@type\":\"BreadcrumbList\",\"@id\":\"https:\\\/\\\/tibladin.dk\\\/produkt\\\/spejl-sky-guld\\\/#breadcrumb\",\"itemListElement\":[{\"@type\":\"ListItem\",\"position\":1,\"name\":\"Hjem\",\"item\":\"https:\\\/\\\/tibladin.dk\\\/\"},{\"@type\":\"ListItem\",\"position\":2,\"name\":\"Shop\",\"item\":\"https:\\\/\\\/tibladin.dk\\\/shop\\\/\"},{\"@type\":\"ListItem\",\"position\":3,\"name\":\"Spejl Sky &#8211; guld\"}]},{\"@type\":\"WebSite\",\"@id\":\"https:\\\/\\\/tibladin.dk\\\/#website\",\"url\":\"https:\\\/\\\/tibladin.dk\\\/\",\"name\":\"Tibladin\",\"description\":\"Tibladin\",\"publisher\":{\"@id\":\"https:\\\/\\\/tibladin.dk\\\/#organization\"},\"potentialAction\":[{\"@type\":\"SearchAction\",\"target\":{\"@type\":\"EntryPoint\",\"urlTemplate\":\"https:\\\/\\\/tibladin.dk\\\/?s={search_term_string}\"},\"query-input\":{\"@type\":\"PropertyValueSpecification\",\"valueRequired\":true,\"valueName\":\"search_term_string\"}}],\"inLanguage\":\"nl-NL\"},{\"@type\":\"Organization\",\"@id\":\"https:\\\/\\\/tibladin.dk\\\/#organization\",\"name\":\"Tibladin\",\"url\":\"https:\\\/\\\/tibladin.dk\\\/\",\"logo\":{\"@type\":\"ImageObject\",\"inLanguage\":\"nl-NL\",\"@id\":\"https:\\\/\\\/tibladin.dk\\\/#\\\/schema\\\/logo\\\/image\\\/\",\"url\":\"https:\\\/\\\/tibladin.dk\\\/wp-content\\\/uploads\\\/2022\\\/09\\\/tibladin_logo.svg\",\"contentUrl\":\"https:\\\/\\\/tibladin.dk\\\/wp-content\\\/uploads\\\/2022\\\/09\\\/tibladin_logo.svg\",\"caption\":\"Tibladin\"},\"image\":{\"@id\":\"https:\\\/\\\/tibladin.dk\\\/#\\\/schema\\\/logo\\\/image\\\/\"}}]}<\/script>\n<!-- \/ Yoast SEO plugin. -->","yoast_head_json":{"title":"Hartvormige spiegel van messing | Marokkaanse wanddecoratie | Tibladin","description":"Marokkaanse spiegel in de vorm van een hart van messing. Handgemaakt in een metaalatelier in Marokko. Verkrijgbaar in 4 verschillende maten: M, S en XS.","robots":{"index":"index","follow":"follow","max-snippet":"max-snippet:-1","max-image-preview":"max-image-preview:large","max-video-preview":"max-video-preview:-1"},"canonical":"https:\/\/tibladin.dk\/nl\/product-2\/spiegelwolk-goud\/","og_locale":"nl_NL","og_type":"article","og_title":"Spejl hjerteformet i messing | Marokkansk v\u00e6gdekoration | Tibladin","og_description":"Marokkansk spejl formet som et hjerte i messing., H\u00e5ndlavet p\u00e5 metalv\u00e6rksted i Marokko. F\u00e5es i 4 forskellige st\u00f8rrelser M, S og XS.","og_url":"https:\/\/tibladin.dk\/nl\/product-2\/spiegelwolk-goud\/","og_site_name":"Tibladin","article_modified_time":"2026-01-02T12:13:04+00:00","og_image":[{"width":800,"height":800,"url":"https:\/\/tibladin.dk\/wp-content\/uploads\/2025\/10\/Spejle-guld-skyer_2.jpg","type":"image\/jpeg"}],"twitter_card":"summary_large_image","twitter_misc":{"Geschatte leestijd":"1 minuut"},"schema":{"@context":"https:\/\/schema.org","@graph":[{"@type":"WebPage","@id":"https:\/\/tibladin.dk\/produkt\/spejl-sky-guld\/","url":"https:\/\/tibladin.dk\/produkt\/spejl-sky-guld\/","name":"Hartvormige spiegel van messing | Marokkaanse wanddecoratie | Tibladin","isPartOf":{"@id":"https:\/\/tibladin.dk\/#website"},"primaryImageOfPage":{"@id":"https:\/\/tibladin.dk\/produkt\/spejl-sky-guld\/#primaryimage"},"image":{"@id":"https:\/\/tibladin.dk\/produkt\/spejl-sky-guld\/#primaryimage"},"thumbnailUrl":"https:\/\/tibladin.dk\/wp-content\/uploads\/2025\/10\/Spejle-guld-skyer_2.jpg","datePublished":"2025-11-05T14:18:02+00:00","dateModified":"2026-01-02T12:13:04+00:00","description":"Marokkaanse spiegel in de vorm van een hart van messing. Handgemaakt in een metaalatelier in Marokko. Verkrijgbaar in 4 verschillende maten: M, S en XS.","breadcrumb":{"@id":"https:\/\/tibladin.dk\/produkt\/spejl-sky-guld\/#breadcrumb"},"inLanguage":"nl-NL","potentialAction":[{"@type":"ReadAction","target":["https:\/\/tibladin.dk\/produkt\/spejl-sky-guld\/"]}]},{"@type":"ImageObject","inLanguage":"nl-NL","@id":"https:\/\/tibladin.dk\/produkt\/spejl-sky-guld\/#primaryimage","url":"https:\/\/tibladin.dk\/wp-content\/uploads\/2025\/10\/Spejle-guld-skyer_2.jpg","contentUrl":"https:\/\/tibladin.dk\/wp-content\/uploads\/2025\/10\/Spejle-guld-skyer_2.jpg","width":800,"height":800,"caption":"marokkansk spejl i messing med form som sky"},{"@type":"BreadcrumbList","@id":"https:\/\/tibladin.dk\/produkt\/spejl-sky-guld\/#breadcrumb","itemListElement":[{"@type":"ListItem","position":1,"name":"Hjem","item":"https:\/\/tibladin.dk\/"},{"@type":"ListItem","position":2,"name":"Shop","item":"https:\/\/tibladin.dk\/shop\/"},{"@type":"ListItem","position":3,"name":"Spejl Sky &#8211; guld"}]},{"@type":"WebSite","@id":"https:\/\/tibladin.dk\/#website","url":"https:\/\/tibladin.dk\/","name":"Tibladin","description":"Tibladin","publisher":{"@id":"https:\/\/tibladin.dk\/#organization"},"potentialAction":[{"@type":"SearchAction","target":{"@type":"EntryPoint","urlTemplate":"https:\/\/tibladin.dk\/?s={search_term_string}"},"query-input":{"@type":"PropertyValueSpecification","valueRequired":true,"valueName":"search_term_string"}}],"inLanguage":"nl-NL"},{"@type":"Organization","@id":"https:\/\/tibladin.dk\/#organization","name":"Tibladin","url":"https:\/\/tibladin.dk\/","logo":{"@type":"ImageObject","inLanguage":"nl-NL","@id":"https:\/\/tibladin.dk\/#\/schema\/logo\/image\/","url":"https:\/\/tibladin.dk\/wp-content\/uploads\/2022\/09\/tibladin_logo.svg","contentUrl":"https:\/\/tibladin.dk\/wp-content\/uploads\/2022\/09\/tibladin_logo.svg","caption":"Tibladin"},"image":{"@id":"https:\/\/tibladin.dk\/#\/schema\/logo\/image\/"}}]}},"_links":{"self":[{"href":"https:\/\/tibladin.dk\/nl\/wp-json\/wp\/v2\/product\/41626","targetHints":{"allow":["GET"]}}],"collection":[{"href":"https:\/\/tibladin.dk\/nl\/wp-json\/wp\/v2\/product"}],"about":[{"href":"https:\/\/tibladin.dk\/nl\/wp-json\/wp\/v2\/types\/product"}],"wp:featuredmedia":[{"embeddable":true,"href":"https:\/\/tibladin.dk\/nl\/wp-json\/wp\/v2\/media\/41249"}],"wp:attachment":[{"href":"https:\/\/tibladin.dk\/nl\/wp-json\/wp\/v2\/media?parent=41626"}],"wp:term":[{"taxonomy":"product_brand","embeddable":true,"href":"https:\/\/tibladin.dk\/nl\/wp-json\/wp\/v2\/product_brand?post=41626"},{"taxonomy":"product_cat","embeddable":true,"href":"https:\/\/tibladin.dk\/nl\/wp-json\/wp\/v2\/product_cat?post=41626"},{"taxonomy":"product_tag","embeddable":true,"href":"https:\/\/tibladin.dk\/nl\/wp-json\/wp\/v2\/product_tag?post=41626"}],"curies":[{"name":"wp","href":"https:\/\/api.w.org\/{rel}","templated":true}]}}