{"id":417,"date":"2022-09-20T11:02:01","date_gmt":"2022-09-20T09:02:01","guid":{"rendered":"https:\/\/tibladin.dk\/?post_type=product&#038;p=417"},"modified":"2024-12-09T15:01:48","modified_gmt":"2024-12-09T14:01:48","slug":"marokkaanse-poef-in-kelim-beni-ouarain","status":"publish","type":"product","link":"https:\/\/tibladin.dk\/nl\/produkt\/marokkansk-puf-i-kelim-beni-ouarain\/","title":{"rendered":"Marokkaanse poef in Kelim \u2013 Beni Ouarain"},"content":{"rendered":"<div class=\"wpb-content-wrapper\"><div class=\"vc_row wpb_row vc_row-fluid\"><div class=\"wpb_column vc_column_container vc_col-sm-4\"><div class=\"vc_column-inner\"><div class=\"wpb_wrapper\">\n\t<div class=\"wpb_video_widget wpb_content_element vc_clearfix   vc_video-aspect-ratio-43 vc_video-el-width-100 vc_video-align-left\" >\n\t\t<div class=\"wpb_wrapper\">\n\t\t\t\n\t\t\t<div class=\"wpb_video_wrapper\"><div class=\"video-container\"><iframe loading=\"lazy\" title=\"Vul je poef_Beni Ouarain\" src=\"https:\/\/player.vimeo.com\/video\/416206236?dnt=1&amp;app_id=122963\" width=\"310\" height=\"310\" frameborder=\"0\" allow=\"autoplay; fullscreen; picture-in-picture\"><\/iframe><\/div><\/div>\n\t\t<\/div>\n\t<\/div>\n<\/div><\/div><\/div><div class=\"wpb_column vc_column_container vc_col-sm-4\"><div class=\"vc_column-inner\"><div class=\"wpb_wrapper\"><h3 style=\"text-align: left\" class=\"vc_custom_heading vc_do_custom_heading\" >Onderhoud<\/h3>\n\t<div class=\"wpb_text_column wpb_content_element\" >\n\t\t<div class=\"wpb_wrapper\">\n\t\t\t<p>Bij Tibladin koop je poefjes zonder vulling, zodat je ze naar eigen smaak met vulling kunt vullen.<\/p>\n<p>Als je de pech hebt dat er een vlek op je wollen poef komt, begin dan met het stofzuigen van de vlek. De wol is van nature omgeven door lanoline, dat een beschermend laagje op de vezels vormt, waardoor vlekken een grotere kans hebben om in te dringen. Mocht het hiermee niet lukken, dan kun je een vochtige doek nemen en de vlek deppen, tenslotte niet wrijven. Kan ook gedroogd worden bij de stomerij. Mochten we het geluk hebben dat er op een winterdag sneeuw valt, leg dan je wollen poef of je wollen deken in de pas gevallen sneeuw. Het is de meest effectieve methode om het grondig te reinigen.<\/p>\n\n\t\t<\/div>\n\t<\/div>\n<\/div><\/div><\/div><div class=\"wpb_column vc_column_container vc_col-sm-4\"><div class=\"vc_column-inner\"><div class=\"wpb_wrapper\"><h3 style=\"text-align: left\" class=\"vc_custom_heading vc_do_custom_heading\" >Het verhaal erachter<\/h3>\n\t<div class=\"wpb_text_column wpb_content_element\" >\n\t\t<div class=\"wpb_wrapper\">\n\t\t\t<p>Kleine poefjes zijn makkelijk toe te voegen aan je interieur en krijgen al snel een exotische uitstraling en een persoonlijker tintje. Deze poefs zijn gemaakt van een wollen kelimkleed, Beni Ouarain. Berbervrouwen uit het Atlasgebergte in Marokko vertellen hun stille verhalen via deze handgeweven tapijten van echte wol, en elke poef is uniek.<\/p>\n\n\t\t<\/div>\n\t<\/div>\n<\/div><\/div><\/div><\/div>\n<\/div>","protected":false},"excerpt":{"rendered":"<p>Marokkaanse poef Beni Ouarain. Handgemaakt van echte Beni Ouarain-wollen kortpolige kelim-tapijten.<\/p>\n<p>Staat prachtig bij het Scandinavische decor in wit en zwart en geeft een leuke persoonlijke touch. Alle trekjes hebben een uniek patroon, afhankelijk van welk deel van het tapijt wordt gebruikt.<\/p>\n<p>Verkrijgbaar in twee maten 100 x 50 en 50 x 50 cm. Beide zijn 50 cm hoog. Ze worden zonder vulling verzonden. Als je houtwolvulling wilt, vergeet dan niet om deze te kiezen.<\/p>\n<p>&nbsp;<\/p>","protected":false},"featured_media":475,"template":"","meta":{"inline_featured_image":false},"product_brand":[],"product_cat":[39,40,50],"product_tag":[],"class_list":{"0":"post-417","1":"product","2":"type-product","3":"status-publish","4":"has-post-thumbnail","6":"product_cat-moebler","7":"product_cat-pufs","8":"product_cat-uldpufs","10":"first","11":"instock","12":"taxable","13":"shipping-taxable","14":"purchasable","15":"product-type-variable"},"exclude_global_add_ons":false,"addons":[{"name":"Wilt u uw poef geleverd hebben met houtwolvulling?","type":"checkbox","position":0,"required":false,"title_format":"label","default":"","description_enable":false,"description":"","placeholder_enable":false,"placeholder":"","display":"select","restrictions_type":"any_text","adjust_price":false,"price":"","price_type":"flat_fee","restrictions":false,"min":"0","max":"0","options":[{"label":"ja tak","price":"300","price_type":"quantity_based","image":0,"visibility":true}],"id":1719219413}],"yoast_head":"<!-- This site is optimized with the Yoast SEO plugin v27.5 - https:\/\/yoast.com\/product\/yoast-seo-wordpress\/ -->\n<title>Marokkansk puf i Kelim - Beni Ouarain. 100x50 cm el. 50x50 cm.<\/title>\n<meta name=\"description\" content=\"Marokkansk Puf i uld kelim i Beni Ouarain m\u00f8nster. F\u00e5es i st\u00f8rrelserne 100x50 eller 50x50 cm. Er h\u00e5ndlavet af \u00e6gte kelim t\u00e6pper og hver puf er unik.\" \/>\n<meta name=\"robots\" content=\"index, follow, max-snippet:-1, max-image-preview:large, max-video-preview:-1\" \/>\n<link rel=\"canonical\" href=\"https:\/\/tibladin.dk\/nl\/product-2\/marokkaanse-poef-in-kelim-beni-ouarain\/\" \/>\n<meta property=\"og:locale\" content=\"nl_NL\" \/>\n<meta property=\"og:type\" content=\"article\" \/>\n<meta property=\"og:title\" content=\"Marokkansk puf i Kelim - Beni Ouarain. 100x50 cm el. 50x50 cm.\" \/>\n<meta property=\"og:description\" content=\"Marokkansk Puf i uld kelim i Beni Ouarain m\u00f8nster. F\u00e5es i st\u00f8rrelserne 100x50 eller 50x50 cm. Er h\u00e5ndlavet af \u00e6gte kelim t\u00e6pper og hver puf er unik.\" \/>\n<meta property=\"og:url\" content=\"https:\/\/tibladin.dk\/nl\/product-2\/marokkaanse-poef-in-kelim-beni-ouarain\/\" \/>\n<meta property=\"og:site_name\" content=\"Tibladin\" \/>\n<meta property=\"article:modified_time\" content=\"2024-12-09T14:01:48+00:00\" \/>\n<meta property=\"og:image\" content=\"https:\/\/tibladin.dk\/wp-content\/uploads\/2022\/09\/Tibladin_puf_BeniOurain_100x60_800x800-1.jpg\" \/>\n\t<meta property=\"og:image:width\" content=\"800\" \/>\n\t<meta property=\"og:image:height\" content=\"800\" \/>\n\t<meta property=\"og:image:type\" content=\"image\/jpeg\" \/>\n<meta name=\"twitter:card\" content=\"summary_large_image\" \/>\n<meta name=\"twitter:label1\" content=\"Geschatte leestijd\" \/>\n\t<meta name=\"twitter:data1\" content=\"2 minuten\" \/>\n<script type=\"application\/ld+json\" class=\"yoast-schema-graph\">{\"@context\":\"https:\\\/\\\/schema.org\",\"@graph\":[{\"@type\":\"WebPage\",\"@id\":\"https:\\\/\\\/tibladin.dk\\\/produkt\\\/marokkansk-puf-i-kelim-beni-ouarain\\\/\",\"url\":\"https:\\\/\\\/tibladin.dk\\\/produkt\\\/marokkansk-puf-i-kelim-beni-ouarain\\\/\",\"name\":\"Marokkansk puf i Kelim - Beni Ouarain. 100x50 cm el. 50x50 cm.\",\"isPartOf\":{\"@id\":\"https:\\\/\\\/tibladin.dk\\\/#website\"},\"primaryImageOfPage\":{\"@id\":\"https:\\\/\\\/tibladin.dk\\\/produkt\\\/marokkansk-puf-i-kelim-beni-ouarain\\\/#primaryimage\"},\"image\":{\"@id\":\"https:\\\/\\\/tibladin.dk\\\/produkt\\\/marokkansk-puf-i-kelim-beni-ouarain\\\/#primaryimage\"},\"thumbnailUrl\":\"https:\\\/\\\/tibladin.dk\\\/wp-content\\\/uploads\\\/2022\\\/09\\\/Tibladin_puf_BeniOurain_100x60_800x800-1.jpg\",\"datePublished\":\"2022-09-20T09:02:01+00:00\",\"dateModified\":\"2024-12-09T14:01:48+00:00\",\"description\":\"Marokkansk Puf i uld kelim i Beni Ouarain m\u00f8nster. F\u00e5es i st\u00f8rrelserne 100x50 eller 50x50 cm. Er h\u00e5ndlavet af \u00e6gte kelim t\u00e6pper og hver puf er unik.\",\"breadcrumb\":{\"@id\":\"https:\\\/\\\/tibladin.dk\\\/produkt\\\/marokkansk-puf-i-kelim-beni-ouarain\\\/#breadcrumb\"},\"inLanguage\":\"nl-NL\",\"potentialAction\":[{\"@type\":\"ReadAction\",\"target\":[\"https:\\\/\\\/tibladin.dk\\\/produkt\\\/marokkansk-puf-i-kelim-beni-ouarain\\\/\"]}]},{\"@type\":\"ImageObject\",\"inLanguage\":\"nl-NL\",\"@id\":\"https:\\\/\\\/tibladin.dk\\\/produkt\\\/marokkansk-puf-i-kelim-beni-ouarain\\\/#primaryimage\",\"url\":\"https:\\\/\\\/tibladin.dk\\\/wp-content\\\/uploads\\\/2022\\\/09\\\/Tibladin_puf_BeniOurain_100x60_800x800-1.jpg\",\"contentUrl\":\"https:\\\/\\\/tibladin.dk\\\/wp-content\\\/uploads\\\/2022\\\/09\\\/Tibladin_puf_BeniOurain_100x60_800x800-1.jpg\",\"width\":800,\"height\":800,\"caption\":\"Marokkansk beni ouarain puf\"},{\"@type\":\"BreadcrumbList\",\"@id\":\"https:\\\/\\\/tibladin.dk\\\/produkt\\\/marokkansk-puf-i-kelim-beni-ouarain\\\/#breadcrumb\",\"itemListElement\":[{\"@type\":\"ListItem\",\"position\":1,\"name\":\"Hjem\",\"item\":\"https:\\\/\\\/tibladin.dk\\\/\"},{\"@type\":\"ListItem\",\"position\":2,\"name\":\"Shop\",\"item\":\"https:\\\/\\\/tibladin.dk\\\/shop\\\/\"},{\"@type\":\"ListItem\",\"position\":3,\"name\":\"Marokkansk puf i Kelim &#8211; Beni Ouarain\"}]},{\"@type\":\"WebSite\",\"@id\":\"https:\\\/\\\/tibladin.dk\\\/#website\",\"url\":\"https:\\\/\\\/tibladin.dk\\\/\",\"name\":\"Tibladin\",\"description\":\"Tibladin\",\"publisher\":{\"@id\":\"https:\\\/\\\/tibladin.dk\\\/#organization\"},\"potentialAction\":[{\"@type\":\"SearchAction\",\"target\":{\"@type\":\"EntryPoint\",\"urlTemplate\":\"https:\\\/\\\/tibladin.dk\\\/?s={search_term_string}\"},\"query-input\":{\"@type\":\"PropertyValueSpecification\",\"valueRequired\":true,\"valueName\":\"search_term_string\"}}],\"inLanguage\":\"nl-NL\"},{\"@type\":\"Organization\",\"@id\":\"https:\\\/\\\/tibladin.dk\\\/#organization\",\"name\":\"Tibladin\",\"url\":\"https:\\\/\\\/tibladin.dk\\\/\",\"logo\":{\"@type\":\"ImageObject\",\"inLanguage\":\"nl-NL\",\"@id\":\"https:\\\/\\\/tibladin.dk\\\/#\\\/schema\\\/logo\\\/image\\\/\",\"url\":\"https:\\\/\\\/tibladin.dk\\\/wp-content\\\/uploads\\\/2022\\\/09\\\/tibladin_logo.svg\",\"contentUrl\":\"https:\\\/\\\/tibladin.dk\\\/wp-content\\\/uploads\\\/2022\\\/09\\\/tibladin_logo.svg\",\"caption\":\"Tibladin\"},\"image\":{\"@id\":\"https:\\\/\\\/tibladin.dk\\\/#\\\/schema\\\/logo\\\/image\\\/\"}}]}<\/script>\n<!-- \/ Yoast SEO plugin. -->","yoast_head_json":{"title":"Marokkaanse poef in Kelim - Beni Ouarain. 100x50 cm of 50x50 cm.","description":"Marokkaanse poef van wollen kelim in Beni Ouarain-patroon. Verkrijgbaar in de maten 100x50 of 50x50 cm. Is handgemaakt van echte kilim tapijten en elke poef is uniek.","robots":{"index":"index","follow":"follow","max-snippet":"max-snippet:-1","max-image-preview":"max-image-preview:large","max-video-preview":"max-video-preview:-1"},"canonical":"https:\/\/tibladin.dk\/nl\/product-2\/marokkaanse-poef-in-kelim-beni-ouarain\/","og_locale":"nl_NL","og_type":"article","og_title":"Marokkansk puf i Kelim - Beni Ouarain. 100x50 cm el. 50x50 cm.","og_description":"Marokkansk Puf i uld kelim i Beni Ouarain m\u00f8nster. F\u00e5es i st\u00f8rrelserne 100x50 eller 50x50 cm. Er h\u00e5ndlavet af \u00e6gte kelim t\u00e6pper og hver puf er unik.","og_url":"https:\/\/tibladin.dk\/nl\/product-2\/marokkaanse-poef-in-kelim-beni-ouarain\/","og_site_name":"Tibladin","article_modified_time":"2024-12-09T14:01:48+00:00","og_image":[{"width":800,"height":800,"url":"https:\/\/tibladin.dk\/wp-content\/uploads\/2022\/09\/Tibladin_puf_BeniOurain_100x60_800x800-1.jpg","type":"image\/jpeg"}],"twitter_card":"summary_large_image","twitter_misc":{"Geschatte leestijd":"2 minuten"},"schema":{"@context":"https:\/\/schema.org","@graph":[{"@type":"WebPage","@id":"https:\/\/tibladin.dk\/produkt\/marokkansk-puf-i-kelim-beni-ouarain\/","url":"https:\/\/tibladin.dk\/produkt\/marokkansk-puf-i-kelim-beni-ouarain\/","name":"Marokkaanse poef in Kelim - Beni Ouarain. 100x50 cm of 50x50 cm.","isPartOf":{"@id":"https:\/\/tibladin.dk\/#website"},"primaryImageOfPage":{"@id":"https:\/\/tibladin.dk\/produkt\/marokkansk-puf-i-kelim-beni-ouarain\/#primaryimage"},"image":{"@id":"https:\/\/tibladin.dk\/produkt\/marokkansk-puf-i-kelim-beni-ouarain\/#primaryimage"},"thumbnailUrl":"https:\/\/tibladin.dk\/wp-content\/uploads\/2022\/09\/Tibladin_puf_BeniOurain_100x60_800x800-1.jpg","datePublished":"2022-09-20T09:02:01+00:00","dateModified":"2024-12-09T14:01:48+00:00","description":"Marokkaanse poef van wollen kelim in Beni Ouarain-patroon. Verkrijgbaar in de maten 100x50 of 50x50 cm. Is handgemaakt van echte kilim tapijten en elke poef is uniek.","breadcrumb":{"@id":"https:\/\/tibladin.dk\/produkt\/marokkansk-puf-i-kelim-beni-ouarain\/#breadcrumb"},"inLanguage":"nl-NL","potentialAction":[{"@type":"ReadAction","target":["https:\/\/tibladin.dk\/produkt\/marokkansk-puf-i-kelim-beni-ouarain\/"]}]},{"@type":"ImageObject","inLanguage":"nl-NL","@id":"https:\/\/tibladin.dk\/produkt\/marokkansk-puf-i-kelim-beni-ouarain\/#primaryimage","url":"https:\/\/tibladin.dk\/wp-content\/uploads\/2022\/09\/Tibladin_puf_BeniOurain_100x60_800x800-1.jpg","contentUrl":"https:\/\/tibladin.dk\/wp-content\/uploads\/2022\/09\/Tibladin_puf_BeniOurain_100x60_800x800-1.jpg","width":800,"height":800,"caption":"Marokkansk beni ouarain puf"},{"@type":"BreadcrumbList","@id":"https:\/\/tibladin.dk\/produkt\/marokkansk-puf-i-kelim-beni-ouarain\/#breadcrumb","itemListElement":[{"@type":"ListItem","position":1,"name":"Hjem","item":"https:\/\/tibladin.dk\/"},{"@type":"ListItem","position":2,"name":"Shop","item":"https:\/\/tibladin.dk\/shop\/"},{"@type":"ListItem","position":3,"name":"Marokkansk puf i Kelim &#8211; Beni Ouarain"}]},{"@type":"WebSite","@id":"https:\/\/tibladin.dk\/#website","url":"https:\/\/tibladin.dk\/","name":"Tibladin","description":"Tibladin","publisher":{"@id":"https:\/\/tibladin.dk\/#organization"},"potentialAction":[{"@type":"SearchAction","target":{"@type":"EntryPoint","urlTemplate":"https:\/\/tibladin.dk\/?s={search_term_string}"},"query-input":{"@type":"PropertyValueSpecification","valueRequired":true,"valueName":"search_term_string"}}],"inLanguage":"nl-NL"},{"@type":"Organization","@id":"https:\/\/tibladin.dk\/#organization","name":"Tibladin","url":"https:\/\/tibladin.dk\/","logo":{"@type":"ImageObject","inLanguage":"nl-NL","@id":"https:\/\/tibladin.dk\/#\/schema\/logo\/image\/","url":"https:\/\/tibladin.dk\/wp-content\/uploads\/2022\/09\/tibladin_logo.svg","contentUrl":"https:\/\/tibladin.dk\/wp-content\/uploads\/2022\/09\/tibladin_logo.svg","caption":"Tibladin"},"image":{"@id":"https:\/\/tibladin.dk\/#\/schema\/logo\/image\/"}}]}},"_links":{"self":[{"href":"https:\/\/tibladin.dk\/nl\/wp-json\/wp\/v2\/product\/417","targetHints":{"allow":["GET"]}}],"collection":[{"href":"https:\/\/tibladin.dk\/nl\/wp-json\/wp\/v2\/product"}],"about":[{"href":"https:\/\/tibladin.dk\/nl\/wp-json\/wp\/v2\/types\/product"}],"wp:featuredmedia":[{"embeddable":true,"href":"https:\/\/tibladin.dk\/nl\/wp-json\/wp\/v2\/media\/475"}],"wp:attachment":[{"href":"https:\/\/tibladin.dk\/nl\/wp-json\/wp\/v2\/media?parent=417"}],"wp:term":[{"taxonomy":"product_brand","embeddable":true,"href":"https:\/\/tibladin.dk\/nl\/wp-json\/wp\/v2\/product_brand?post=417"},{"taxonomy":"product_cat","embeddable":true,"href":"https:\/\/tibladin.dk\/nl\/wp-json\/wp\/v2\/product_cat?post=417"},{"taxonomy":"product_tag","embeddable":true,"href":"https:\/\/tibladin.dk\/nl\/wp-json\/wp\/v2\/product_tag?post=417"}],"curies":[{"name":"wp","href":"https:\/\/api.w.org\/{rel}","templated":true}]}}