{"id":41907,"date":"2025-11-21T12:32:46","date_gmt":"2025-11-21T11:32:46","guid":{"rendered":"https:\/\/tibladin.dk\/?post_type=product&#038;p=41907"},"modified":"2026-03-06T20:51:24","modified_gmt":"2026-03-06T19:51:24","slug":"ring-in-zilveren-traan","status":"publish","type":"product","link":"https:\/\/tibladin.dk\/nl\/produkt\/ring-i-soelv-tear\/","title":{"rendered":"Zilveren ring \u2013 SCHEUR"},"content":{"rendered":"<div class=\"wpb-content-wrapper\"><div class=\"vc_row wpb_row vc_row-fluid\"><div class=\"wpb_column vc_column_container vc_col-sm-4\"><div class=\"vc_column-inner\"><div class=\"wpb_wrapper\"><\/div><\/div><\/div><div class=\"wpb_column vc_column_container vc_col-sm-4\"><div class=\"vc_column-inner\"><div class=\"wpb_wrapper\"><h3 style=\"text-align: left\" class=\"vc_custom_heading vc_do_custom_heading\" >Onderhoud<\/h3>\n\t<div class=\"wpb_text_column wpb_content_element\" >\n\t\t<div class=\"wpb_wrapper\">\n\t\t\t<p>Zilver zal uiteindelijk verkleuren en donker worden. Dit is een geheel natuurlijk proces dat plaatsvindt wanneer zilver in contact komt met zuurstof, zuur en zweet van het lichaam. U kunt uw zilveren sieraden eenvoudig weer opknappen. Leg ze in een kleine kom met milde zeep en water en wrijf ze voorzichtig schoon met een zachte katoenen doek.<\/p>\n<p>Om turquoise schoon te maken, kunt u het voorzichtig schoonmaken met een zachte doek. Nooit hard wrijven of schrobben. Vermijd chemicali\u00ebn, parfums en cr\u00e8mes, omdat deze de steen kunnen verkleuren.<\/p>\n\n\t\t<\/div>\n\t<\/div>\n<\/div><\/div><\/div><div class=\"wpb_column vc_column_container vc_col-sm-4\"><div class=\"vc_column-inner\"><div class=\"wpb_wrapper\"><h3 style=\"text-align: left\" class=\"vc_custom_heading vc_do_custom_heading\" >Het verhaal erachter<\/h3>\n\t<div class=\"wpb_text_column wpb_content_element\" >\n\t\t<div class=\"wpb_wrapper\">\n\t\t\t<p><span style=\"font-weight: 400;\">Tiznit is een klein stadje in de regio Souss-Massa, gelegen aan de westkust van Marokko. Traditionele Marokkaanse Amazigh\/Berber-sieraden worden geassocieerd met Tiznit, omdat deze stad bekend staat om zijn jarenlange vakmanschap van traditionele zilveren sieraden van hoge kwaliteit, handgemaakt door bekwame ambachtslieden. Elk sieraad is het resultaat van toegewijd vakmanschap en vertelt een verhaal, dat het creatieve en mooie vakmanschap van de makers symboliseert. De sieraden vertegenwoordigen niet alleen het culturele erfgoed van de stad, maar het gehele culturele erfgoed van Marokko en de tradities van de Berbers, die van generatie op generatie zijn doorgegeven.\u00a0<\/span><\/p>\n<p><span style=\"font-weight: 400;\"><br \/>\n<\/span><b>Vertel jouw verhaal via sieraden<\/b><\/p>\n<p><span style=\"font-weight: 400;\">Een sieraad kan veel herinneringen bevatten en je persoonlijke verhaal vertellen, terwijl je het sieraad meeneemt op je eigen reis en mooie, gedenkwaardige ervaringen cre\u00ebert. Wanneer Tibladin op sieradenjacht gaat in de Marokkaanse stad Tiznit, wiens hart klopt voor sieraden,<\/span><\/p>\n<p><span style=\"font-weight: 400;\">we selecteren sieraden die vari\u00ebren in stijl en op hun eigen charmante manier het klassieke, historische ontwerp waar de Berbers de voorkeur aan geven, combineren met elegantie en tijdloosheid.\u00a0<\/span><\/p>\n<p><br style=\"font-weight: 400;\" \/><\/p>\n\n\t\t<\/div>\n\t<\/div>\n<\/div><\/div><\/div><\/div>\n<\/div>","protected":false},"excerpt":{"rendered":"<p data-start=\"557\" data-end=\"906\"><strong data-start=\"557\" data-end=\"667\">Tear is een handgemaakte zilveren ring met een traanvormige amethist in een elegant, versierd zilveren ontwerp.<\/strong><br data-start=\"667\" data-end=\"670\" \/>De steen heeft een diepe, heldere violette tint die prachtig schittert in het licht en de ring een kalme, bijna meditatieve uitstraling geeft. Het fijne zilveren montuur met kleine details benadrukt de natuurlijke schoonheid van de steen en maakt de ring tot een klein kunstwerkje aan de hand.<\/p>\n<p data-start=\"908\" data-end=\"1001\">De ring is handgemaakt in Marokko, waar traditionele technieken worden gecombineerd met een modern, tijdloos design.<\/p>\n<p data-start=\"1040\" data-end=\"1108\">Amethist staat bekend als <strong data-start=\"1061\" data-end=\"1091\">steen van intu\u00eftie en kalmte<\/strong>.<br data-start=\"1092\" data-end=\"1095\" \/>Er wordt gezegd dat:<\/p>\n<ul data-start=\"1110\" data-end=\"1315\">\n<li data-start=\"1110\" data-end=\"1160\">\n<p data-start=\"1112\" data-end=\"1160\">cre\u00ebren <strong data-start=\"1118\" data-end=\"1158\">innerlijke vrede en emotionele balans<\/strong><\/p>\n<\/li>\n<li data-start=\"1161\" data-end=\"1206\">\n<p data-start=\"1163\" data-end=\"1206\">kracht <strong data-start=\"1170\" data-end=\"1204\">intu\u00eftie en spirituele helderheid<\/strong><\/p>\n<\/li>\n<li data-start=\"1207\" data-end=\"1234\">\n<p data-start=\"1209\" data-end=\"1234\">dempen <strong data-start=\"1215\" data-end=\"1232\">stress en angst<\/strong><\/p>\n<\/li>\n<li data-start=\"1235\" data-end=\"1269\">\n<p data-start=\"1237\" data-end=\"1269\">beschermen tegen negatieve energie\u00ebn<\/p>\n<\/li>\n<li data-start=\"1270\" data-end=\"1315\">\n<p data-start=\"1272\" data-end=\"1315\">steun <strong data-start=\"1284\" data-end=\"1315\">meditatie, aanwezigheid en diepte<\/strong><\/p>\n<\/li>\n<\/ul>\n<p data-start=\"1317\" data-end=\"1395\">Amethist wordt geassocieerd met het kruinchakra en symboliseert wijsheid, sereniteit en openheid.<\/p>\n<p data-start=\"1430\" data-end=\"1603\">Ringmaat 55,5<\/p>","protected":false},"featured_media":41911,"template":"","meta":{"inline_featured_image":false},"product_brand":[],"product_cat":[165,162],"product_tag":[],"class_list":{"0":"post-41907","1":"product","2":"type-product","3":"status-publish","4":"has-post-thumbnail","6":"product_cat-ringe","7":"product_cat-smykker","9":"first","10":"instock","11":"taxable","12":"shipping-taxable","13":"purchasable","14":"product-type-simple"},"exclude_global_add_ons":[],"addons":[],"yoast_head":"<!-- This site is optimized with the Yoast SEO plugin v27.5 - https:\/\/yoast.com\/product\/yoast-seo-wordpress\/ -->\n<title>S\u00f8lvring | H\u00e5ndlavede marokkanske kreationer | Kun hos Tibladin<\/title>\n<meta name=\"description\" content=\"Smuk s\u00f8lvring med turkis sten h\u00e5ndlavet i Tiznit. Helt unikke kreationer til dig, der elsker at have autentiske smykker med en historie.\" \/>\n<meta name=\"robots\" content=\"index, follow, max-snippet:-1, max-image-preview:large, max-video-preview:-1\" \/>\n<link rel=\"canonical\" href=\"https:\/\/tibladin.dk\/nl\/product-2\/ring-in-zilveren-traan\/\" \/>\n<meta property=\"og:locale\" content=\"nl_NL\" \/>\n<meta property=\"og:type\" content=\"article\" \/>\n<meta property=\"og:title\" content=\"S\u00f8lvring | H\u00e5ndlavede marokkanske kreationer | Kun hos Tibladin\" \/>\n<meta property=\"og:description\" content=\"Smuk s\u00f8lvring med turkis sten h\u00e5ndlavet i Tiznit. Helt unikke kreationer til dig, der elsker at have autentiske smykker med en historie.\" \/>\n<meta property=\"og:url\" content=\"https:\/\/tibladin.dk\/nl\/product-2\/ring-in-zilveren-traan\/\" \/>\n<meta property=\"og:site_name\" content=\"Tibladin\" \/>\n<meta property=\"article:modified_time\" content=\"2026-03-06T19:51:24+00:00\" \/>\n<meta property=\"og:image\" content=\"https:\/\/tibladin.dk\/wp-content\/uploads\/2025\/11\/Tear_4.jpg\" \/>\n\t<meta property=\"og:image:width\" content=\"800\" \/>\n\t<meta property=\"og:image:height\" content=\"800\" \/>\n\t<meta property=\"og:image:type\" content=\"image\/jpeg\" \/>\n<meta name=\"twitter:card\" content=\"summary_large_image\" \/>\n<meta name=\"twitter:label1\" content=\"Geschatte leestijd\" \/>\n\t<meta name=\"twitter:data1\" content=\"2 minuten\" \/>\n<script type=\"application\/ld+json\" class=\"yoast-schema-graph\">{\"@context\":\"https:\\\/\\\/schema.org\",\"@graph\":[{\"@type\":\"WebPage\",\"@id\":\"https:\\\/\\\/tibladin.dk\\\/produkt\\\/ring-i-soelv-tear\\\/\",\"url\":\"https:\\\/\\\/tibladin.dk\\\/produkt\\\/ring-i-soelv-tear\\\/\",\"name\":\"S\u00f8lvring | H\u00e5ndlavede marokkanske kreationer | Kun hos Tibladin\",\"isPartOf\":{\"@id\":\"https:\\\/\\\/tibladin.dk\\\/#website\"},\"primaryImageOfPage\":{\"@id\":\"https:\\\/\\\/tibladin.dk\\\/produkt\\\/ring-i-soelv-tear\\\/#primaryimage\"},\"image\":{\"@id\":\"https:\\\/\\\/tibladin.dk\\\/produkt\\\/ring-i-soelv-tear\\\/#primaryimage\"},\"thumbnailUrl\":\"https:\\\/\\\/tibladin.dk\\\/wp-content\\\/uploads\\\/2025\\\/11\\\/Tear_4.jpg\",\"datePublished\":\"2025-11-21T11:32:46+00:00\",\"dateModified\":\"2026-03-06T19:51:24+00:00\",\"description\":\"Smuk s\u00f8lvring med turkis sten h\u00e5ndlavet i Tiznit. Helt unikke kreationer til dig, der elsker at have autentiske smykker med en historie.\",\"breadcrumb\":{\"@id\":\"https:\\\/\\\/tibladin.dk\\\/produkt\\\/ring-i-soelv-tear\\\/#breadcrumb\"},\"inLanguage\":\"nl-NL\",\"potentialAction\":[{\"@type\":\"ReadAction\",\"target\":[\"https:\\\/\\\/tibladin.dk\\\/produkt\\\/ring-i-soelv-tear\\\/\"]}]},{\"@type\":\"ImageObject\",\"inLanguage\":\"nl-NL\",\"@id\":\"https:\\\/\\\/tibladin.dk\\\/produkt\\\/ring-i-soelv-tear\\\/#primaryimage\",\"url\":\"https:\\\/\\\/tibladin.dk\\\/wp-content\\\/uploads\\\/2025\\\/11\\\/Tear_4.jpg\",\"contentUrl\":\"https:\\\/\\\/tibladin.dk\\\/wp-content\\\/uploads\\\/2025\\\/11\\\/Tear_4.jpg\",\"width\":800,\"height\":800,\"caption\":\"ring med dr\u00e5beformet amethyst sten\"},{\"@type\":\"BreadcrumbList\",\"@id\":\"https:\\\/\\\/tibladin.dk\\\/produkt\\\/ring-i-soelv-tear\\\/#breadcrumb\",\"itemListElement\":[{\"@type\":\"ListItem\",\"position\":1,\"name\":\"Hjem\",\"item\":\"https:\\\/\\\/tibladin.dk\\\/\"},{\"@type\":\"ListItem\",\"position\":2,\"name\":\"Shop\",\"item\":\"https:\\\/\\\/tibladin.dk\\\/shop\\\/\"},{\"@type\":\"ListItem\",\"position\":3,\"name\":\"Ring i s\u00f8lv &#8211; TEAR\"}]},{\"@type\":\"WebSite\",\"@id\":\"https:\\\/\\\/tibladin.dk\\\/#website\",\"url\":\"https:\\\/\\\/tibladin.dk\\\/\",\"name\":\"Tibladin\",\"description\":\"Tibladin\",\"publisher\":{\"@id\":\"https:\\\/\\\/tibladin.dk\\\/#organization\"},\"potentialAction\":[{\"@type\":\"SearchAction\",\"target\":{\"@type\":\"EntryPoint\",\"urlTemplate\":\"https:\\\/\\\/tibladin.dk\\\/?s={search_term_string}\"},\"query-input\":{\"@type\":\"PropertyValueSpecification\",\"valueRequired\":true,\"valueName\":\"search_term_string\"}}],\"inLanguage\":\"nl-NL\"},{\"@type\":\"Organization\",\"@id\":\"https:\\\/\\\/tibladin.dk\\\/#organization\",\"name\":\"Tibladin\",\"url\":\"https:\\\/\\\/tibladin.dk\\\/\",\"logo\":{\"@type\":\"ImageObject\",\"inLanguage\":\"nl-NL\",\"@id\":\"https:\\\/\\\/tibladin.dk\\\/#\\\/schema\\\/logo\\\/image\\\/\",\"url\":\"https:\\\/\\\/tibladin.dk\\\/wp-content\\\/uploads\\\/2022\\\/09\\\/tibladin_logo.svg\",\"contentUrl\":\"https:\\\/\\\/tibladin.dk\\\/wp-content\\\/uploads\\\/2022\\\/09\\\/tibladin_logo.svg\",\"caption\":\"Tibladin\"},\"image\":{\"@id\":\"https:\\\/\\\/tibladin.dk\\\/#\\\/schema\\\/logo\\\/image\\\/\"}}]}<\/script>\n<!-- \/ Yoast SEO plugin. -->","yoast_head_json":{"title":"Zilveren ring | Handgemaakte Marokkaanse creaties | Alleen bij Tibladin","description":"Prachtige zilveren ring met turquoise steen, handgemaakt in Tiznit. Volledig unieke creaties voor wie houdt van authentieke sieraden met een verhaal.","robots":{"index":"index","follow":"follow","max-snippet":"max-snippet:-1","max-image-preview":"max-image-preview:large","max-video-preview":"max-video-preview:-1"},"canonical":"https:\/\/tibladin.dk\/nl\/product-2\/ring-in-zilveren-traan\/","og_locale":"nl_NL","og_type":"article","og_title":"S\u00f8lvring | H\u00e5ndlavede marokkanske kreationer | Kun hos Tibladin","og_description":"Smuk s\u00f8lvring med turkis sten h\u00e5ndlavet i Tiznit. Helt unikke kreationer til dig, der elsker at have autentiske smykker med en historie.","og_url":"https:\/\/tibladin.dk\/nl\/product-2\/ring-in-zilveren-traan\/","og_site_name":"Tibladin","article_modified_time":"2026-03-06T19:51:24+00:00","og_image":[{"width":800,"height":800,"url":"https:\/\/tibladin.dk\/wp-content\/uploads\/2025\/11\/Tear_4.jpg","type":"image\/jpeg"}],"twitter_card":"summary_large_image","twitter_misc":{"Geschatte leestijd":"2 minuten"},"schema":{"@context":"https:\/\/schema.org","@graph":[{"@type":"WebPage","@id":"https:\/\/tibladin.dk\/produkt\/ring-i-soelv-tear\/","url":"https:\/\/tibladin.dk\/produkt\/ring-i-soelv-tear\/","name":"Zilveren ring | Handgemaakte Marokkaanse creaties | Alleen bij Tibladin","isPartOf":{"@id":"https:\/\/tibladin.dk\/#website"},"primaryImageOfPage":{"@id":"https:\/\/tibladin.dk\/produkt\/ring-i-soelv-tear\/#primaryimage"},"image":{"@id":"https:\/\/tibladin.dk\/produkt\/ring-i-soelv-tear\/#primaryimage"},"thumbnailUrl":"https:\/\/tibladin.dk\/wp-content\/uploads\/2025\/11\/Tear_4.jpg","datePublished":"2025-11-21T11:32:46+00:00","dateModified":"2026-03-06T19:51:24+00:00","description":"Prachtige zilveren ring met turquoise steen, handgemaakt in Tiznit. Volledig unieke creaties voor wie houdt van authentieke sieraden met een verhaal.","breadcrumb":{"@id":"https:\/\/tibladin.dk\/produkt\/ring-i-soelv-tear\/#breadcrumb"},"inLanguage":"nl-NL","potentialAction":[{"@type":"ReadAction","target":["https:\/\/tibladin.dk\/produkt\/ring-i-soelv-tear\/"]}]},{"@type":"ImageObject","inLanguage":"nl-NL","@id":"https:\/\/tibladin.dk\/produkt\/ring-i-soelv-tear\/#primaryimage","url":"https:\/\/tibladin.dk\/wp-content\/uploads\/2025\/11\/Tear_4.jpg","contentUrl":"https:\/\/tibladin.dk\/wp-content\/uploads\/2025\/11\/Tear_4.jpg","width":800,"height":800,"caption":"ring med dr\u00e5beformet amethyst sten"},{"@type":"BreadcrumbList","@id":"https:\/\/tibladin.dk\/produkt\/ring-i-soelv-tear\/#breadcrumb","itemListElement":[{"@type":"ListItem","position":1,"name":"Hjem","item":"https:\/\/tibladin.dk\/"},{"@type":"ListItem","position":2,"name":"Shop","item":"https:\/\/tibladin.dk\/shop\/"},{"@type":"ListItem","position":3,"name":"Ring i s\u00f8lv &#8211; TEAR"}]},{"@type":"WebSite","@id":"https:\/\/tibladin.dk\/#website","url":"https:\/\/tibladin.dk\/","name":"Tibladin","description":"Tibladin","publisher":{"@id":"https:\/\/tibladin.dk\/#organization"},"potentialAction":[{"@type":"SearchAction","target":{"@type":"EntryPoint","urlTemplate":"https:\/\/tibladin.dk\/?s={search_term_string}"},"query-input":{"@type":"PropertyValueSpecification","valueRequired":true,"valueName":"search_term_string"}}],"inLanguage":"nl-NL"},{"@type":"Organization","@id":"https:\/\/tibladin.dk\/#organization","name":"Tibladin","url":"https:\/\/tibladin.dk\/","logo":{"@type":"ImageObject","inLanguage":"nl-NL","@id":"https:\/\/tibladin.dk\/#\/schema\/logo\/image\/","url":"https:\/\/tibladin.dk\/wp-content\/uploads\/2022\/09\/tibladin_logo.svg","contentUrl":"https:\/\/tibladin.dk\/wp-content\/uploads\/2022\/09\/tibladin_logo.svg","caption":"Tibladin"},"image":{"@id":"https:\/\/tibladin.dk\/#\/schema\/logo\/image\/"}}]}},"_links":{"self":[{"href":"https:\/\/tibladin.dk\/nl\/wp-json\/wp\/v2\/product\/41907","targetHints":{"allow":["GET"]}}],"collection":[{"href":"https:\/\/tibladin.dk\/nl\/wp-json\/wp\/v2\/product"}],"about":[{"href":"https:\/\/tibladin.dk\/nl\/wp-json\/wp\/v2\/types\/product"}],"wp:featuredmedia":[{"embeddable":true,"href":"https:\/\/tibladin.dk\/nl\/wp-json\/wp\/v2\/media\/41911"}],"wp:attachment":[{"href":"https:\/\/tibladin.dk\/nl\/wp-json\/wp\/v2\/media?parent=41907"}],"wp:term":[{"taxonomy":"product_brand","embeddable":true,"href":"https:\/\/tibladin.dk\/nl\/wp-json\/wp\/v2\/product_brand?post=41907"},{"taxonomy":"product_cat","embeddable":true,"href":"https:\/\/tibladin.dk\/nl\/wp-json\/wp\/v2\/product_cat?post=41907"},{"taxonomy":"product_tag","embeddable":true,"href":"https:\/\/tibladin.dk\/nl\/wp-json\/wp\/v2\/product_tag?post=41907"}],"curies":[{"name":"wp","href":"https:\/\/api.w.org\/{rel}","templated":true}]}}