{"id":421,"date":"2022-09-20T11:02:01","date_gmt":"2022-09-20T09:02:01","guid":{"rendered":"https:\/\/tibladin.dk\/?post_type=product&#038;p=421"},"modified":"2025-12-16T12:29:11","modified_gmt":"2025-12-16T11:29:11","slug":"potten-in-stucwerk-tadlekt-bordeaux","status":"publish","type":"product","link":"https:\/\/tibladin.dk\/nl\/produkt\/krukker-i-stucco-tadlekt-bordeaux\/","title":{"rendered":"Potten in stucwerk\/tadlect - bordeaux"},"content":{"rendered":"<div class=\"wpb-content-wrapper\"><div class=\"vc_row wpb_row vc_row-fluid\"><div class=\"wpb_column vc_column_container vc_col-sm-4\"><div class=\"vc_column-inner\"><div class=\"wpb_wrapper\"><\/div><\/div><\/div><div class=\"wpb_column vc_column_container vc_col-sm-4\"><div class=\"vc_column-inner\"><div class=\"wpb_wrapper\"><h3 style=\"text-align: left\" class=\"vc_custom_heading vc_do_custom_heading\" >Onderhoud<\/h3>\n\t<div class=\"wpb_text_column wpb_content_element\" >\n\t\t<div class=\"wpb_wrapper\">\n\t\t\t<p>Voor het schoonmaken raad ik gewoon een stofdoek of een hard uitgewrongen doek aan.<\/p>\n\n\t\t<\/div>\n\t<\/div>\n<\/div><\/div><\/div><div class=\"wpb_column vc_column_container vc_col-sm-4\"><div class=\"vc_column-inner\"><div class=\"wpb_wrapper\"><h3 style=\"text-align: left\" class=\"vc_custom_heading vc_do_custom_heading\" >Het verhaal erachter<\/h3>\n\t<div class=\"wpb_text_column wpb_content_element\" >\n\t\t<div class=\"wpb_wrapper\">\n\t\t\t<p>Opbergruimte die siert. Het is altijd leuk om jezelf te omringen met mooie spullen, en als je daar ook spullen in kunt opbergen, is dat extra fijn. Ik hou van kleine dingen die het huis versieren en net dat extra vleugje warmte en Marokkaans mysterie geven.<\/p>\n<p>De potjes hier in talekkt of het Europese woord stucco is een materiaal dat in Marokko gebruikt wordt op de muren, vooral in badkamers. Het geeft de muren een soort marmering, een glanzende, exclusieve uitstraling. In Marokko zie je tadlekt vaak gebruikt op muren in de meeste kamers, in badkamers, in hamam (Marokkaanse stoomkamer). Ik ben helemaal weg van dit materiaal, ik vind het er zo cool uitzien. Talekkt wordt ook gebruikt om potten te maken. Ze zijn goed te gebruiken in de badkamer voor wattenschijfjes en wattenstaafjes of gewoon als decoratie.<\/p>\n<p>Ze kunnen niet worden gebruikt om voedsel in te bewaren.<\/p>\n\n\t\t<\/div>\n\t<\/div>\n<\/div><\/div><\/div><\/div>\n<\/div>","protected":false},"excerpt":{"rendered":"<p>Handgemaakte pot in stucwerk\/tadlect in bordeaux.<\/p>\n<p>Verkrijgbaar in drie verschillende maten.<\/p>\n<p>Ideaal als opbergruimte voor b.v. badkamer.<\/p>","protected":false},"featured_media":502,"template":"","meta":{"inline_featured_image":false},"product_brand":[],"product_cat":[53,51],"product_tag":[],"class_list":{"0":"post-421","1":"product","2":"type-product","3":"status-publish","4":"has-post-thumbnail","6":"product_cat-krukker-i-stucco","7":"product_cat-opbevaring","9":"first","10":"instock","11":"taxable","12":"shipping-taxable","13":"purchasable","14":"product-type-variable"},"exclude_global_add_ons":false,"addons":[{"name":"Wilt u een cadeauverpakking?","type":"checkbox","position":0,"required":false,"title_format":"label","default":"","description_enable":false,"description":"","placeholder_enable":false,"placeholder":"","display":"images","restrictions_type":"any_text","adjust_price":false,"price":"","price_type":"flat_fee","restrictions":false,"min":"0","max":"0","options":[{"label":"Ja tak","price":"10","price_type":"flat_fee","image":11015,"visibility":true}],"id":1669646111}],"yoast_head":"<!-- This site is optimized with the Yoast SEO plugin v27.5 - https:\/\/yoast.com\/product\/yoast-seo-wordpress\/ -->\n<title>Krukker i stucco\/tadlekt - bordeaux | Marokkansk keramik | Tibladin<\/title>\n<meta name=\"description\" content=\"Krukker i stucco\/tadlekt bordeaux til opbevaring og pynt til f.eks dit badev\u00e6relse. F\u00e5es i en lav og en h\u00f8j model og i tre forskellige st\u00f8rrelser.\" \/>\n<meta name=\"robots\" content=\"index, follow, max-snippet:-1, max-image-preview:large, max-video-preview:-1\" \/>\n<link rel=\"canonical\" href=\"https:\/\/tibladin.dk\/nl\/product-2\/potten-in-stucwerk-tadlekt-bordeaux\/\" \/>\n<meta property=\"og:locale\" content=\"nl_NL\" \/>\n<meta property=\"og:type\" content=\"article\" \/>\n<meta property=\"og:title\" content=\"Krukker i stucco\/tadlekt - bordeaux | Marokkansk keramik | Tibladin\" \/>\n<meta property=\"og:description\" content=\"Krukker i stucco\/tadlekt bordeaux til opbevaring og pynt til f.eks dit badev\u00e6relse. F\u00e5es i en lav og en h\u00f8j model og i tre forskellige st\u00f8rrelser.\" \/>\n<meta property=\"og:url\" content=\"https:\/\/tibladin.dk\/nl\/product-2\/potten-in-stucwerk-tadlekt-bordeaux\/\" \/>\n<meta property=\"og:site_name\" content=\"Tibladin\" \/>\n<meta property=\"article:modified_time\" content=\"2025-12-16T11:29:11+00:00\" \/>\n<meta property=\"og:image\" content=\"https:\/\/tibladin.dk\/wp-content\/uploads\/2022\/09\/Tibladin_Krukker_Tadlekt_bordeaux_800x800-1.jpg\" \/>\n\t<meta property=\"og:image:width\" content=\"800\" \/>\n\t<meta property=\"og:image:height\" content=\"800\" \/>\n\t<meta property=\"og:image:type\" content=\"image\/jpeg\" \/>\n<meta name=\"twitter:card\" content=\"summary_large_image\" \/>\n<meta name=\"twitter:label1\" content=\"Geschatte leestijd\" \/>\n\t<meta name=\"twitter:data1\" content=\"2 minuten\" \/>\n<script type=\"application\/ld+json\" class=\"yoast-schema-graph\">{\"@context\":\"https:\\\/\\\/schema.org\",\"@graph\":[{\"@type\":\"WebPage\",\"@id\":\"https:\\\/\\\/tibladin.dk\\\/produkt\\\/krukker-i-stucco-tadlekt-bordeaux\\\/\",\"url\":\"https:\\\/\\\/tibladin.dk\\\/produkt\\\/krukker-i-stucco-tadlekt-bordeaux\\\/\",\"name\":\"Krukker i stucco\\\/tadlekt - bordeaux | Marokkansk keramik | Tibladin\",\"isPartOf\":{\"@id\":\"https:\\\/\\\/tibladin.dk\\\/#website\"},\"primaryImageOfPage\":{\"@id\":\"https:\\\/\\\/tibladin.dk\\\/produkt\\\/krukker-i-stucco-tadlekt-bordeaux\\\/#primaryimage\"},\"image\":{\"@id\":\"https:\\\/\\\/tibladin.dk\\\/produkt\\\/krukker-i-stucco-tadlekt-bordeaux\\\/#primaryimage\"},\"thumbnailUrl\":\"https:\\\/\\\/tibladin.dk\\\/wp-content\\\/uploads\\\/2022\\\/09\\\/Tibladin_Krukker_Tadlekt_bordeaux_800x800-1.jpg\",\"datePublished\":\"2022-09-20T09:02:01+00:00\",\"dateModified\":\"2025-12-16T11:29:11+00:00\",\"description\":\"Krukker i stucco\\\/tadlekt bordeaux til opbevaring og pynt til f.eks dit badev\u00e6relse. F\u00e5es i en lav og en h\u00f8j model og i tre forskellige st\u00f8rrelser.\",\"breadcrumb\":{\"@id\":\"https:\\\/\\\/tibladin.dk\\\/produkt\\\/krukker-i-stucco-tadlekt-bordeaux\\\/#breadcrumb\"},\"inLanguage\":\"nl-NL\",\"potentialAction\":[{\"@type\":\"ReadAction\",\"target\":[\"https:\\\/\\\/tibladin.dk\\\/produkt\\\/krukker-i-stucco-tadlekt-bordeaux\\\/\"]}]},{\"@type\":\"ImageObject\",\"inLanguage\":\"nl-NL\",\"@id\":\"https:\\\/\\\/tibladin.dk\\\/produkt\\\/krukker-i-stucco-tadlekt-bordeaux\\\/#primaryimage\",\"url\":\"https:\\\/\\\/tibladin.dk\\\/wp-content\\\/uploads\\\/2022\\\/09\\\/Tibladin_Krukker_Tadlekt_bordeaux_800x800-1.jpg\",\"contentUrl\":\"https:\\\/\\\/tibladin.dk\\\/wp-content\\\/uploads\\\/2022\\\/09\\\/Tibladin_Krukker_Tadlekt_bordeaux_800x800-1.jpg\",\"width\":800,\"height\":800,\"caption\":\"Marokkanske krukker i stucco i bordeaux\"},{\"@type\":\"BreadcrumbList\",\"@id\":\"https:\\\/\\\/tibladin.dk\\\/produkt\\\/krukker-i-stucco-tadlekt-bordeaux\\\/#breadcrumb\",\"itemListElement\":[{\"@type\":\"ListItem\",\"position\":1,\"name\":\"Hjem\",\"item\":\"https:\\\/\\\/tibladin.dk\\\/\"},{\"@type\":\"ListItem\",\"position\":2,\"name\":\"Shop\",\"item\":\"https:\\\/\\\/tibladin.dk\\\/shop\\\/\"},{\"@type\":\"ListItem\",\"position\":3,\"name\":\"Krukker i stucco\\\/tadlekt &#8211; bordeaux\"}]},{\"@type\":\"WebSite\",\"@id\":\"https:\\\/\\\/tibladin.dk\\\/#website\",\"url\":\"https:\\\/\\\/tibladin.dk\\\/\",\"name\":\"Tibladin\",\"description\":\"Tibladin\",\"publisher\":{\"@id\":\"https:\\\/\\\/tibladin.dk\\\/#organization\"},\"potentialAction\":[{\"@type\":\"SearchAction\",\"target\":{\"@type\":\"EntryPoint\",\"urlTemplate\":\"https:\\\/\\\/tibladin.dk\\\/?s={search_term_string}\"},\"query-input\":{\"@type\":\"PropertyValueSpecification\",\"valueRequired\":true,\"valueName\":\"search_term_string\"}}],\"inLanguage\":\"nl-NL\"},{\"@type\":\"Organization\",\"@id\":\"https:\\\/\\\/tibladin.dk\\\/#organization\",\"name\":\"Tibladin\",\"url\":\"https:\\\/\\\/tibladin.dk\\\/\",\"logo\":{\"@type\":\"ImageObject\",\"inLanguage\":\"nl-NL\",\"@id\":\"https:\\\/\\\/tibladin.dk\\\/#\\\/schema\\\/logo\\\/image\\\/\",\"url\":\"https:\\\/\\\/tibladin.dk\\\/wp-content\\\/uploads\\\/2022\\\/09\\\/tibladin_logo.svg\",\"contentUrl\":\"https:\\\/\\\/tibladin.dk\\\/wp-content\\\/uploads\\\/2022\\\/09\\\/tibladin_logo.svg\",\"caption\":\"Tibladin\"},\"image\":{\"@id\":\"https:\\\/\\\/tibladin.dk\\\/#\\\/schema\\\/logo\\\/image\\\/\"}}]}<\/script>\n<!-- \/ Yoast SEO plugin. -->","yoast_head_json":{"title":"Potten in stucwerk\/tadlect - bordeaux | Marokkaans aardewerk | Tibladin","description":"Potten in stucwerk\/tadlekt bordeaux voor opbergen en decoratie voor bijvoorbeeld uw badkamer. Verkrijgbaar in een laag en een hoog model en in drie verschillende maten.","robots":{"index":"index","follow":"follow","max-snippet":"max-snippet:-1","max-image-preview":"max-image-preview:large","max-video-preview":"max-video-preview:-1"},"canonical":"https:\/\/tibladin.dk\/nl\/product-2\/potten-in-stucwerk-tadlekt-bordeaux\/","og_locale":"nl_NL","og_type":"article","og_title":"Krukker i stucco\/tadlekt - bordeaux | Marokkansk keramik | Tibladin","og_description":"Krukker i stucco\/tadlekt bordeaux til opbevaring og pynt til f.eks dit badev\u00e6relse. F\u00e5es i en lav og en h\u00f8j model og i tre forskellige st\u00f8rrelser.","og_url":"https:\/\/tibladin.dk\/nl\/product-2\/potten-in-stucwerk-tadlekt-bordeaux\/","og_site_name":"Tibladin","article_modified_time":"2025-12-16T11:29:11+00:00","og_image":[{"width":800,"height":800,"url":"https:\/\/tibladin.dk\/wp-content\/uploads\/2022\/09\/Tibladin_Krukker_Tadlekt_bordeaux_800x800-1.jpg","type":"image\/jpeg"}],"twitter_card":"summary_large_image","twitter_misc":{"Geschatte leestijd":"2 minuten"},"schema":{"@context":"https:\/\/schema.org","@graph":[{"@type":"WebPage","@id":"https:\/\/tibladin.dk\/produkt\/krukker-i-stucco-tadlekt-bordeaux\/","url":"https:\/\/tibladin.dk\/produkt\/krukker-i-stucco-tadlekt-bordeaux\/","name":"Potten in stucwerk\/tadlect - bordeaux | Marokkaans aardewerk | Tibladin","isPartOf":{"@id":"https:\/\/tibladin.dk\/#website"},"primaryImageOfPage":{"@id":"https:\/\/tibladin.dk\/produkt\/krukker-i-stucco-tadlekt-bordeaux\/#primaryimage"},"image":{"@id":"https:\/\/tibladin.dk\/produkt\/krukker-i-stucco-tadlekt-bordeaux\/#primaryimage"},"thumbnailUrl":"https:\/\/tibladin.dk\/wp-content\/uploads\/2022\/09\/Tibladin_Krukker_Tadlekt_bordeaux_800x800-1.jpg","datePublished":"2022-09-20T09:02:01+00:00","dateModified":"2025-12-16T11:29:11+00:00","description":"Potten in stucwerk\/tadlekt bordeaux voor opbergen en decoratie voor bijvoorbeeld uw badkamer. Verkrijgbaar in een laag en een hoog model en in drie verschillende maten.","breadcrumb":{"@id":"https:\/\/tibladin.dk\/produkt\/krukker-i-stucco-tadlekt-bordeaux\/#breadcrumb"},"inLanguage":"nl-NL","potentialAction":[{"@type":"ReadAction","target":["https:\/\/tibladin.dk\/produkt\/krukker-i-stucco-tadlekt-bordeaux\/"]}]},{"@type":"ImageObject","inLanguage":"nl-NL","@id":"https:\/\/tibladin.dk\/produkt\/krukker-i-stucco-tadlekt-bordeaux\/#primaryimage","url":"https:\/\/tibladin.dk\/wp-content\/uploads\/2022\/09\/Tibladin_Krukker_Tadlekt_bordeaux_800x800-1.jpg","contentUrl":"https:\/\/tibladin.dk\/wp-content\/uploads\/2022\/09\/Tibladin_Krukker_Tadlekt_bordeaux_800x800-1.jpg","width":800,"height":800,"caption":"Marokkanske krukker i stucco i bordeaux"},{"@type":"BreadcrumbList","@id":"https:\/\/tibladin.dk\/produkt\/krukker-i-stucco-tadlekt-bordeaux\/#breadcrumb","itemListElement":[{"@type":"ListItem","position":1,"name":"Hjem","item":"https:\/\/tibladin.dk\/"},{"@type":"ListItem","position":2,"name":"Shop","item":"https:\/\/tibladin.dk\/shop\/"},{"@type":"ListItem","position":3,"name":"Krukker i stucco\/tadlekt &#8211; bordeaux"}]},{"@type":"WebSite","@id":"https:\/\/tibladin.dk\/#website","url":"https:\/\/tibladin.dk\/","name":"Tibladin","description":"Tibladin","publisher":{"@id":"https:\/\/tibladin.dk\/#organization"},"potentialAction":[{"@type":"SearchAction","target":{"@type":"EntryPoint","urlTemplate":"https:\/\/tibladin.dk\/?s={search_term_string}"},"query-input":{"@type":"PropertyValueSpecification","valueRequired":true,"valueName":"search_term_string"}}],"inLanguage":"nl-NL"},{"@type":"Organization","@id":"https:\/\/tibladin.dk\/#organization","name":"Tibladin","url":"https:\/\/tibladin.dk\/","logo":{"@type":"ImageObject","inLanguage":"nl-NL","@id":"https:\/\/tibladin.dk\/#\/schema\/logo\/image\/","url":"https:\/\/tibladin.dk\/wp-content\/uploads\/2022\/09\/tibladin_logo.svg","contentUrl":"https:\/\/tibladin.dk\/wp-content\/uploads\/2022\/09\/tibladin_logo.svg","caption":"Tibladin"},"image":{"@id":"https:\/\/tibladin.dk\/#\/schema\/logo\/image\/"}}]}},"_links":{"self":[{"href":"https:\/\/tibladin.dk\/nl\/wp-json\/wp\/v2\/product\/421","targetHints":{"allow":["GET"]}}],"collection":[{"href":"https:\/\/tibladin.dk\/nl\/wp-json\/wp\/v2\/product"}],"about":[{"href":"https:\/\/tibladin.dk\/nl\/wp-json\/wp\/v2\/types\/product"}],"wp:featuredmedia":[{"embeddable":true,"href":"https:\/\/tibladin.dk\/nl\/wp-json\/wp\/v2\/media\/502"}],"wp:attachment":[{"href":"https:\/\/tibladin.dk\/nl\/wp-json\/wp\/v2\/media?parent=421"}],"wp:term":[{"taxonomy":"product_brand","embeddable":true,"href":"https:\/\/tibladin.dk\/nl\/wp-json\/wp\/v2\/product_brand?post=421"},{"taxonomy":"product_cat","embeddable":true,"href":"https:\/\/tibladin.dk\/nl\/wp-json\/wp\/v2\/product_cat?post=421"},{"taxonomy":"product_tag","embeddable":true,"href":"https:\/\/tibladin.dk\/nl\/wp-json\/wp\/v2\/product_tag?post=421"}],"curies":[{"name":"wp","href":"https:\/\/api.w.org\/{rel}","templated":true}]}}