{"id":44072,"date":"2026-04-18T14:19:40","date_gmt":"2026-04-18T12:19:40","guid":{"rendered":"https:\/\/tibladin.dk\/?post_type=product&#038;p=44072"},"modified":"2026-04-19T07:54:16","modified_gmt":"2026-04-19T05:54:16","slug":"puf-lysebrun-35-cm","status":"publish","type":"product","link":"https:\/\/tibladin.dk\/nl\/produkt\/puf-lysebrun-35-cm\/","title":{"rendered":"Poef lichtbruin \u2013 35 cm."},"content":{"rendered":"<div class=\"wpb-content-wrapper\"><div class=\"vc_row wpb_row vc_row-fluid\"><div class=\"wpb_column vc_column_container vc_col-sm-6\"><div class=\"vc_column-inner\"><div class=\"wpb_wrapper\"><h3 style=\"text-align: left\" class=\"vc_custom_heading vc_do_custom_heading\" >Onderhoud van uw poef<\/h3>\n\t<div class=\"wpb_text_column wpb_content_element\" >\n\t\t<div class=\"wpb_wrapper\">\n\t\t\t<p>Het leer van deze Marokkaanse poef is gemaakt van geitenleer en zal na verloop van tijd een prachtige patina krijgen. Als je je poef donkerder en glanzender wilt, kun je hem een beetje leerolie geven. Al in het begin, als je het gebruikt, kan het een beetje naar leer ruiken. Dit trekt weer snel weg. Als je dat proces wilt versnellen, leg het dan een tijdje in de zon en het zal verdwijnen.<\/p>\n\n\t\t<\/div>\n\t<\/div>\n<\/div><\/div><\/div><div class=\"wpb_column vc_column_container vc_col-sm-6\"><div class=\"vc_column-inner\"><div class=\"wpb_wrapper\"><h3 style=\"text-align: left\" class=\"vc_custom_heading vc_do_custom_heading\" >Leren poef<\/h3>\n\t<div class=\"wpb_text_column wpb_content_element\" >\n\t\t<div class=\"wpb_wrapper\">\n\t\t\t<p>Kleine poefjes zijn makkelijk toe te voegen aan je interieur en krijgen al snel een exotische uitstraling en een persoonlijker tintje. Mijn leverancier van leren poefs heeft jarenlange ervaring met het maken van goede en zeer duurzame poefs en exporteert naar meerdere plekken in de wereld. Al mijn poefs zijn gemaakt van geitenleer, omdat dit de zachtste en meest flexibele poef geeft.<\/p>\n<p>&nbsp;<\/p>\n<p><b>Vul je poef<\/b><\/p>\n<p>Je kunt gemakkelijk dingen gebruiken die je al hebt, dekbedden, kussens, dekens of een strak verfrommelde krant. Voor uw poef kunt u ook schuimkorrels of katoenen vulling kopen. Als u dit soort vulling gebruikt, raden wij u aan een binnenhoes te naaien of een oud dekbedovertrek te nemen en de vulling erin te doen voordat u deze in uw poef legt.<\/p>\n<p>Je kunt er ook voor kiezen om je poef te laten vullen met houtwol. Dit is een optie, precies daar waar u het product in het winkelmandje plaatst.<\/p>\n\n\t\t<\/div>\n\t<\/div>\n<\/div><\/div><\/div><\/div>\n<\/div>","protected":false},"excerpt":{"rendered":"<p class=\"p1\">Ronde Marokkaanse leren poef van lichtbruin kwaliteitsleer in een schattige mini-uitvoering, perfect voor een beperkte ruimte of voor een kinderkamer. De poef heeft net als al onze leren poefs een dikke stiknaad. De rits aan de onderkant is verborgen zodat hij de vloer niet raakt.<\/p>\n<p class=\"p1\">Cre\u00eber een gezellige sfeer in huis met deze mooie poef. Gebruik hem als extra zitplaats of bijvoorbeeld als bijzettafel met een klein dienblad erop.<\/p>\n<p>Puffen er 35 cm i diameter og ca 43 cm h\u00f8j.<\/p>\n<p>Puffen s\u00e6lges uden fyld. \u00d8nsker du puffen fyldt op med tr\u00e6uld, s\u00e5 husk at tilv\u00e6lge det i feltet lige over knappen &#8220;l\u00e6g i kurv&#8221;.<\/p>","protected":false},"featured_media":44069,"template":"","meta":{"inline_featured_image":false},"product_brand":[],"product_cat":[41,39,40],"product_tag":[],"class_list":{"0":"post-44072","1":"product","2":"type-product","3":"status-publish","4":"has-post-thumbnail","6":"product_cat-laederpufs","7":"product_cat-moebler","8":"product_cat-pufs","10":"first","11":"instock","12":"taxable","13":"shipping-taxable","14":"purchasable","15":"product-type-simple"},"exclude_global_add_ons":false,"addons":[{"name":"Wilt u uw poef geleverd hebben met houtwolvulling?","type":"checkbox","position":0,"required":false,"title_format":"label","default":"","description_enable":false,"description":"","placeholder_enable":false,"placeholder":"","display":"select","restrictions_type":"any_text","adjust_price":false,"price":"","price_type":"flat_fee","restrictions":false,"min":"0","max":"0","options":[{"label":"Ja tak!","price":"200","price_type":"quantity_based","image":0,"visibility":true}],"id":1710619023}],"yoast_head":"<!-- This site is optimized with the Yoast SEO plugin v27.4 - https:\/\/yoast.com\/product\/yoast-seo-wordpress\/ -->\n<title>Marokkansk puf i lysebrunt med m\u00f8rkebrune syninger | stort udvalg<\/title>\n<meta name=\"description\" content=\"Unik marokkansk l\u00e6derpuf i naturligt l\u00e6der| Hos Tibladin finder du et stort udvalg af pufs, s\u00e5 det er let at finde den der passer perfekt til dig.\" \/>\n<meta name=\"robots\" content=\"index, follow, max-snippet:-1, max-image-preview:large, max-video-preview:-1\" \/>\n<link rel=\"canonical\" href=\"https:\/\/tibladin.dk\/nl\/product-2\/puf-lysebrun-35-cm\/\" \/>\n<meta property=\"og:locale\" content=\"nl_NL\" \/>\n<meta property=\"og:type\" content=\"article\" \/>\n<meta property=\"og:title\" content=\"Marokkansk puf i lysebrunt med m\u00f8rkebrune syninger | stort udvalg\" \/>\n<meta property=\"og:description\" content=\"Unik marokkansk l\u00e6derpuf i naturligt l\u00e6der| Hos Tibladin finder du et stort udvalg af pufs, s\u00e5 det er let at finde den der passer perfekt til dig.\" \/>\n<meta property=\"og:url\" content=\"https:\/\/tibladin.dk\/nl\/product-2\/puf-lysebrun-35-cm\/\" \/>\n<meta property=\"og:site_name\" content=\"Tibladin\" \/>\n<meta property=\"article:modified_time\" content=\"2026-04-19T05:54:16+00:00\" \/>\n<meta property=\"og:image\" content=\"https:\/\/tibladin.dk\/wp-content\/uploads\/2026\/04\/Photoroom_20260418_135937.jpg\" \/>\n\t<meta property=\"og:image:width\" content=\"800\" \/>\n\t<meta property=\"og:image:height\" content=\"800\" \/>\n\t<meta property=\"og:image:type\" content=\"image\/jpeg\" \/>\n<meta name=\"twitter:card\" content=\"summary_large_image\" \/>\n<meta name=\"twitter:label1\" content=\"Geschatte leestijd\" \/>\n\t<meta name=\"twitter:data1\" content=\"2 minuten\" \/>\n<script type=\"application\/ld+json\" class=\"yoast-schema-graph\">{\"@context\":\"https:\\\/\\\/schema.org\",\"@graph\":[{\"@type\":\"WebPage\",\"@id\":\"https:\\\/\\\/tibladin.dk\\\/produkt\\\/puf-lysebrun-35-cm\\\/\",\"url\":\"https:\\\/\\\/tibladin.dk\\\/produkt\\\/puf-lysebrun-35-cm\\\/\",\"name\":\"Marokkansk puf i lysebrunt med m\u00f8rkebrune syninger | stort udvalg\",\"isPartOf\":{\"@id\":\"https:\\\/\\\/tibladin.dk\\\/#website\"},\"primaryImageOfPage\":{\"@id\":\"https:\\\/\\\/tibladin.dk\\\/produkt\\\/puf-lysebrun-35-cm\\\/#primaryimage\"},\"image\":{\"@id\":\"https:\\\/\\\/tibladin.dk\\\/produkt\\\/puf-lysebrun-35-cm\\\/#primaryimage\"},\"thumbnailUrl\":\"https:\\\/\\\/tibladin.dk\\\/wp-content\\\/uploads\\\/2026\\\/04\\\/Photoroom_20260418_135937.jpg\",\"datePublished\":\"2026-04-18T12:19:40+00:00\",\"dateModified\":\"2026-04-19T05:54:16+00:00\",\"description\":\"Unik marokkansk l\u00e6derpuf i naturligt l\u00e6der| Hos Tibladin finder du et stort udvalg af pufs, s\u00e5 det er let at finde den der passer perfekt til dig.\",\"breadcrumb\":{\"@id\":\"https:\\\/\\\/tibladin.dk\\\/produkt\\\/puf-lysebrun-35-cm\\\/#breadcrumb\"},\"inLanguage\":\"nl-NL\",\"potentialAction\":[{\"@type\":\"ReadAction\",\"target\":[\"https:\\\/\\\/tibladin.dk\\\/produkt\\\/puf-lysebrun-35-cm\\\/\"]}]},{\"@type\":\"ImageObject\",\"inLanguage\":\"nl-NL\",\"@id\":\"https:\\\/\\\/tibladin.dk\\\/produkt\\\/puf-lysebrun-35-cm\\\/#primaryimage\",\"url\":\"https:\\\/\\\/tibladin.dk\\\/wp-content\\\/uploads\\\/2026\\\/04\\\/Photoroom_20260418_135937.jpg\",\"contentUrl\":\"https:\\\/\\\/tibladin.dk\\\/wp-content\\\/uploads\\\/2026\\\/04\\\/Photoroom_20260418_135937.jpg\",\"width\":800,\"height\":800,\"caption\":\"Puf i lysebrunt gedel\u00e6der.\"},{\"@type\":\"BreadcrumbList\",\"@id\":\"https:\\\/\\\/tibladin.dk\\\/produkt\\\/puf-lysebrun-35-cm\\\/#breadcrumb\",\"itemListElement\":[{\"@type\":\"ListItem\",\"position\":1,\"name\":\"Hjem\",\"item\":\"https:\\\/\\\/tibladin.dk\\\/\"},{\"@type\":\"ListItem\",\"position\":2,\"name\":\"Shop\",\"item\":\"https:\\\/\\\/tibladin.dk\\\/shop\\\/\"},{\"@type\":\"ListItem\",\"position\":3,\"name\":\"Puf Lysebrun &#8211; 35 cm.\"}]},{\"@type\":\"WebSite\",\"@id\":\"https:\\\/\\\/tibladin.dk\\\/#website\",\"url\":\"https:\\\/\\\/tibladin.dk\\\/\",\"name\":\"Tibladin\",\"description\":\"Tibladin\",\"publisher\":{\"@id\":\"https:\\\/\\\/tibladin.dk\\\/#organization\"},\"potentialAction\":[{\"@type\":\"SearchAction\",\"target\":{\"@type\":\"EntryPoint\",\"urlTemplate\":\"https:\\\/\\\/tibladin.dk\\\/?s={search_term_string}\"},\"query-input\":{\"@type\":\"PropertyValueSpecification\",\"valueRequired\":true,\"valueName\":\"search_term_string\"}}],\"inLanguage\":\"nl-NL\"},{\"@type\":\"Organization\",\"@id\":\"https:\\\/\\\/tibladin.dk\\\/#organization\",\"name\":\"Tibladin\",\"url\":\"https:\\\/\\\/tibladin.dk\\\/\",\"logo\":{\"@type\":\"ImageObject\",\"inLanguage\":\"nl-NL\",\"@id\":\"https:\\\/\\\/tibladin.dk\\\/#\\\/schema\\\/logo\\\/image\\\/\",\"url\":\"https:\\\/\\\/tibladin.dk\\\/wp-content\\\/uploads\\\/2022\\\/09\\\/tibladin_logo.svg\",\"contentUrl\":\"https:\\\/\\\/tibladin.dk\\\/wp-content\\\/uploads\\\/2022\\\/09\\\/tibladin_logo.svg\",\"caption\":\"Tibladin\"},\"image\":{\"@id\":\"https:\\\/\\\/tibladin.dk\\\/#\\\/schema\\\/logo\\\/image\\\/\"}}]}<\/script>\n<!-- \/ Yoast SEO plugin. -->","yoast_head_json":{"title":"Marokkaanse poef in lichtbruin met donkerbruin stiksel | grote selectie","description":"Unieke Marokkaanse leren poef van natuurlijk leer Bij Tibladin vind je een grote keuze aan poefs, zodat je gemakkelijk degene kunt vinden die perfect bij je past.","robots":{"index":"index","follow":"follow","max-snippet":"max-snippet:-1","max-image-preview":"max-image-preview:large","max-video-preview":"max-video-preview:-1"},"canonical":"https:\/\/tibladin.dk\/nl\/product-2\/puf-lysebrun-35-cm\/","og_locale":"nl_NL","og_type":"article","og_title":"Marokkansk puf i lysebrunt med m\u00f8rkebrune syninger | stort udvalg","og_description":"Unik marokkansk l\u00e6derpuf i naturligt l\u00e6der| Hos Tibladin finder du et stort udvalg af pufs, s\u00e5 det er let at finde den der passer perfekt til dig.","og_url":"https:\/\/tibladin.dk\/nl\/product-2\/puf-lysebrun-35-cm\/","og_site_name":"Tibladin","article_modified_time":"2026-04-19T05:54:16+00:00","og_image":[{"width":800,"height":800,"url":"https:\/\/tibladin.dk\/wp-content\/uploads\/2026\/04\/Photoroom_20260418_135937.jpg","type":"image\/jpeg"}],"twitter_card":"summary_large_image","twitter_misc":{"Geschatte leestijd":"2 minuten"},"schema":{"@context":"https:\/\/schema.org","@graph":[{"@type":"WebPage","@id":"https:\/\/tibladin.dk\/produkt\/puf-lysebrun-35-cm\/","url":"https:\/\/tibladin.dk\/produkt\/puf-lysebrun-35-cm\/","name":"Marokkaanse poef in lichtbruin met donkerbruin stiksel | grote selectie","isPartOf":{"@id":"https:\/\/tibladin.dk\/#website"},"primaryImageOfPage":{"@id":"https:\/\/tibladin.dk\/produkt\/puf-lysebrun-35-cm\/#primaryimage"},"image":{"@id":"https:\/\/tibladin.dk\/produkt\/puf-lysebrun-35-cm\/#primaryimage"},"thumbnailUrl":"https:\/\/tibladin.dk\/wp-content\/uploads\/2026\/04\/Photoroom_20260418_135937.jpg","datePublished":"2026-04-18T12:19:40+00:00","dateModified":"2026-04-19T05:54:16+00:00","description":"Unieke Marokkaanse leren poef van natuurlijk leer Bij Tibladin vind je een grote keuze aan poefs, zodat je gemakkelijk degene kunt vinden die perfect bij je past.","breadcrumb":{"@id":"https:\/\/tibladin.dk\/produkt\/puf-lysebrun-35-cm\/#breadcrumb"},"inLanguage":"nl-NL","potentialAction":[{"@type":"ReadAction","target":["https:\/\/tibladin.dk\/produkt\/puf-lysebrun-35-cm\/"]}]},{"@type":"ImageObject","inLanguage":"nl-NL","@id":"https:\/\/tibladin.dk\/produkt\/puf-lysebrun-35-cm\/#primaryimage","url":"https:\/\/tibladin.dk\/wp-content\/uploads\/2026\/04\/Photoroom_20260418_135937.jpg","contentUrl":"https:\/\/tibladin.dk\/wp-content\/uploads\/2026\/04\/Photoroom_20260418_135937.jpg","width":800,"height":800,"caption":"Puf i lysebrunt gedel\u00e6der."},{"@type":"BreadcrumbList","@id":"https:\/\/tibladin.dk\/produkt\/puf-lysebrun-35-cm\/#breadcrumb","itemListElement":[{"@type":"ListItem","position":1,"name":"Hjem","item":"https:\/\/tibladin.dk\/"},{"@type":"ListItem","position":2,"name":"Shop","item":"https:\/\/tibladin.dk\/shop\/"},{"@type":"ListItem","position":3,"name":"Puf Lysebrun &#8211; 35 cm."}]},{"@type":"WebSite","@id":"https:\/\/tibladin.dk\/#website","url":"https:\/\/tibladin.dk\/","name":"Tibladin","description":"Tibladin","publisher":{"@id":"https:\/\/tibladin.dk\/#organization"},"potentialAction":[{"@type":"SearchAction","target":{"@type":"EntryPoint","urlTemplate":"https:\/\/tibladin.dk\/?s={search_term_string}"},"query-input":{"@type":"PropertyValueSpecification","valueRequired":true,"valueName":"search_term_string"}}],"inLanguage":"nl-NL"},{"@type":"Organization","@id":"https:\/\/tibladin.dk\/#organization","name":"Tibladin","url":"https:\/\/tibladin.dk\/","logo":{"@type":"ImageObject","inLanguage":"nl-NL","@id":"https:\/\/tibladin.dk\/#\/schema\/logo\/image\/","url":"https:\/\/tibladin.dk\/wp-content\/uploads\/2022\/09\/tibladin_logo.svg","contentUrl":"https:\/\/tibladin.dk\/wp-content\/uploads\/2022\/09\/tibladin_logo.svg","caption":"Tibladin"},"image":{"@id":"https:\/\/tibladin.dk\/#\/schema\/logo\/image\/"}}]}},"_links":{"self":[{"href":"https:\/\/tibladin.dk\/nl\/wp-json\/wp\/v2\/product\/44072","targetHints":{"allow":["GET"]}}],"collection":[{"href":"https:\/\/tibladin.dk\/nl\/wp-json\/wp\/v2\/product"}],"about":[{"href":"https:\/\/tibladin.dk\/nl\/wp-json\/wp\/v2\/types\/product"}],"wp:featuredmedia":[{"embeddable":true,"href":"https:\/\/tibladin.dk\/nl\/wp-json\/wp\/v2\/media\/44069"}],"wp:attachment":[{"href":"https:\/\/tibladin.dk\/nl\/wp-json\/wp\/v2\/media?parent=44072"}],"wp:term":[{"taxonomy":"product_brand","embeddable":true,"href":"https:\/\/tibladin.dk\/nl\/wp-json\/wp\/v2\/product_brand?post=44072"},{"taxonomy":"product_cat","embeddable":true,"href":"https:\/\/tibladin.dk\/nl\/wp-json\/wp\/v2\/product_cat?post=44072"},{"taxonomy":"product_tag","embeddable":true,"href":"https:\/\/tibladin.dk\/nl\/wp-json\/wp\/v2\/product_tag?post=44072"}],"curies":[{"name":"wp","href":"https:\/\/api.w.org\/{rel}","templated":true}]}}