{"id":44073,"date":"2026-04-18T14:29:28","date_gmt":"2026-04-18T12:29:28","guid":{"rendered":"https:\/\/tibladin.dk\/?post_type=product&#038;p=44073"},"modified":"2026-04-19T07:57:26","modified_gmt":"2026-04-19T05:57:26","slug":"grote-vierkante-leren-poef-60x60-cm","status":"publish","type":"product","link":"https:\/\/tibladin.dk\/nl\/produkt\/stor-firkantet-puf-i-laeder-60x60-cm\/","title":{"rendered":"Grote vierkante leren poef 60\u00d760 cm."},"content":{"rendered":"<div class=\"wpb-content-wrapper\"><div class=\"vc_row wpb_row vc_row-fluid\"><div class=\"wpb_column vc_column_container vc_col-sm-4\"><div class=\"vc_column-inner\"><div class=\"wpb_wrapper\">\n\t<div class=\"wpb_video_widget wpb_content_element vc_clearfix   vc_video-aspect-ratio-43 vc_video-el-width-100 vc_video-align-left\" >\n\t\t<div class=\"wpb_wrapper\">\n\t\t\t\n\t\t\t<div class=\"wpb_video_wrapper\"><div class=\"video-container\"><iframe loading=\"lazy\" title=\"Vul je Marokkaanse leren poef\" src=\"https:\/\/player.vimeo.com\/video\/417093994?dnt=1&amp;app_id=122963\" width=\"310\" height=\"310\" frameborder=\"0\" allow=\"autoplay; fullscreen; picture-in-picture\"><\/iframe><\/div><\/div>\n\t\t<\/div>\n\t<\/div>\n<\/div><\/div><\/div><div class=\"wpb_column vc_column_container vc_col-sm-4\"><div class=\"vc_column-inner\"><div class=\"wpb_wrapper\"><h3 style=\"text-align: left\" class=\"vc_custom_heading vc_do_custom_heading\" >Onderhoud<\/h3>\n\t<div class=\"wpb_text_column wpb_content_element\" >\n\t\t<div class=\"wpb_wrapper\">\n\t\t\t<p>Bij Tibladin koop je leren poefs zonder vulling, zodat je hem zelf kunt vullen met vulling naar eigen smaak.<\/p>\n<p>Je kunt gemakkelijk spullen gebruiken die je al hebt, zoals kleding die je niet meer gebruikt, winterdekbedden, kussens, dekens of een strak gekreukelde krant, maar je kunt ook schuimkorrels of katoenen vulling voor je poef kopen. Als je dit soort vulling gebruikt, kan ik je aanraden een binnenhoes te naaien of een oud dekbedovertrek te nemen en de vulling erin te doen voordat je hem in je poef legt.<\/p>\n<p>Leren poefs zijn gemaakt van geitenleer en zullen na verloop van tijd een mooie patina krijgen. Als je je poef donkerder en glanzender wilt, kun je hem een beetje leerolie geven. Al in het begin, als je het gebruikt, kan het een beetje naar leer ruiken. Dit trekt weer snel weg. Als je dat proces wilt versnellen, leg het dan een tijdje in de zon en het zal verdwijnen.<\/p>\n\n\t\t<\/div>\n\t<\/div>\n<\/div><\/div><\/div><div class=\"wpb_column vc_column_container vc_col-sm-4\"><div class=\"vc_column-inner\"><div class=\"wpb_wrapper\"><h3 style=\"text-align: left\" class=\"vc_custom_heading vc_do_custom_heading\" >Het verhaal erachter<\/h3>\n\t<div class=\"wpb_text_column wpb_content_element\" >\n\t\t<div class=\"wpb_wrapper\">\n\t\t\t<p>Poefs zijn gemakkelijk toe te voegen aan je interieur en krijgen snel een exotische uitstraling en een persoonlijker tintje. Mijn leverancier van leren poefs heeft jarenlange ervaring met het maken van goede en zeer duurzame poefs, die hij naar meerdere plekken in de wereld exporteert. Al mijn poefs zijn gemaakt van geitenleer, omdat dit de zachtste en meest flexibele poef geeft. Alle poefs zijn handgemaakt en kleine imperfecties kunnen voorkomen.<\/p>\n\n\t\t<\/div>\n\t<\/div>\n<\/div><\/div><\/div><\/div>\n<\/div>","protected":false},"excerpt":{"rendered":"<p data-start=\"0\" data-end=\"265\">Deze Marokkaanse poef is handgemaakt van prachtig, zacht geitenleer en geeft de kamer een warme en authentieke uitstraling. De natuurlijke textuur van het leer en de warme, lichtroodbruine kleur geven de poef karakter, en het oppervlak zal na verloop van tijd een mooie patina ontwikkelen, waardoor hij nog unieker wordt.<\/p>\n<p data-start=\"267\" data-end=\"541\">De poef is met de hand genaaid door vakkundige ambachtslieden, waarbij elke steek getuigt van traditioneel vakmanschap en een gevoel voor kwaliteit. Het eenvoudige, kubistische ontwerp maakt hem tijdloos en veelzijdig \u2013 perfect als extra zitplaats voor twee personen of als decoratief element in het interieur.<\/p>\n<p data-start=\"543\" data-end=\"754\">Het wordt zonder vulling verkocht, zodat u de stevigheid zelf naar wens kunt aanpassen \u2013 vul het met textiel, kussens of schuim voor een duurzamere optie. Als u een kant-en-klare oplossing wilt, kan het ook met vulling worden geleverd als extra aankoop.<\/p>\n<p data-start=\"756\" data-end=\"930\" data-is-last-node=\"\" data-is-only-node=\"\">De poef meet 60 x 60 cm en heeft een hoogte van circa 50 cm wanneer volledig gevuld. Een ruime en functionele poef die comfort, esthetiek en authentiek Marokkaans vakmanschap combineert.<\/p>","protected":false},"featured_media":44078,"template":"","meta":{"inline_featured_image":false},"product_brand":[],"product_cat":[41,39,40],"product_tag":[],"class_list":{"0":"post-44073","1":"product","2":"type-product","3":"status-publish","4":"has-post-thumbnail","6":"product_cat-laederpufs","7":"product_cat-moebler","8":"product_cat-pufs","10":"first","11":"instock","12":"taxable","13":"shipping-taxable","14":"purchasable","15":"product-type-simple"},"exclude_global_add_ons":false,"addons":[{"name":"Wilt u uw poef geleverd hebben met houtwolvulling?","type":"checkbox","position":0,"required":false,"title_format":"label","default":"","description_enable":false,"description":"","placeholder_enable":false,"placeholder":"","display":"select","restrictions_type":"any_text","adjust_price":false,"price":"","price_type":"flat_fee","restrictions":false,"min":"0","max":"0","options":[{"label":"Ja tak!","price":"350.00","price_type":"quantity_based","image":0,"visibility":true}],"id":1712670669}],"yoast_head":"<!-- This site is optimized with the Yoast SEO plugin v27.4 - https:\/\/yoast.com\/product\/yoast-seo-wordpress\/ -->\n<title>Stor marokkansk puf i l\u00e6der 60x60cm | H\u00e5ndlavet i Marokko<\/title>\n<meta name=\"description\" content=\"Stor marokkansk puf i l\u00e6der. Sammensat af firkanter af 15x15 cm med kraftige syninger. Sk\u00f8n flyder. H\u00e5ndlavet i Marokko \u21d2 Se mere\" \/>\n<meta name=\"robots\" content=\"index, follow, max-snippet:-1, max-image-preview:large, max-video-preview:-1\" \/>\n<link rel=\"canonical\" href=\"https:\/\/tibladin.dk\/nl\/product-2\/grote-vierkante-leren-poef-60x60-cm\/\" \/>\n<meta property=\"og:locale\" content=\"nl_NL\" \/>\n<meta property=\"og:type\" content=\"article\" \/>\n<meta property=\"og:title\" content=\"Stor marokkansk puf i l\u00e6der 60x60cm | H\u00e5ndlavet i Marokko\" \/>\n<meta property=\"og:description\" content=\"Stor marokkansk puf i l\u00e6der. Sammensat af firkanter af 15x15 cm med kraftige syninger. Sk\u00f8n flyder. H\u00e5ndlavet i Marokko \u21d2 Se mere\" \/>\n<meta property=\"og:url\" content=\"https:\/\/tibladin.dk\/nl\/product-2\/grote-vierkante-leren-poef-60x60-cm\/\" \/>\n<meta property=\"og:site_name\" content=\"Tibladin\" \/>\n<meta property=\"article:modified_time\" content=\"2026-04-19T05:57:26+00:00\" \/>\n<meta property=\"og:image\" content=\"https:\/\/tibladin.dk\/wp-content\/uploads\/2026\/04\/Photoroom_20260418_142729.jpg\" \/>\n\t<meta property=\"og:image:width\" content=\"800\" \/>\n\t<meta property=\"og:image:height\" content=\"800\" \/>\n\t<meta property=\"og:image:type\" content=\"image\/jpeg\" \/>\n<meta name=\"twitter:card\" content=\"summary_large_image\" \/>\n<meta name=\"twitter:label1\" content=\"Geschatte leestijd\" \/>\n\t<meta name=\"twitter:data1\" content=\"2 minuten\" \/>\n<script type=\"application\/ld+json\" class=\"yoast-schema-graph\">{\"@context\":\"https:\\\/\\\/schema.org\",\"@graph\":[{\"@type\":\"WebPage\",\"@id\":\"https:\\\/\\\/tibladin.dk\\\/produkt\\\/stor-firkantet-puf-i-laeder-60x60-cm\\\/\",\"url\":\"https:\\\/\\\/tibladin.dk\\\/produkt\\\/stor-firkantet-puf-i-laeder-60x60-cm\\\/\",\"name\":\"Stor marokkansk puf i l\u00e6der 60x60cm | H\u00e5ndlavet i Marokko\",\"isPartOf\":{\"@id\":\"https:\\\/\\\/tibladin.dk\\\/#website\"},\"primaryImageOfPage\":{\"@id\":\"https:\\\/\\\/tibladin.dk\\\/produkt\\\/stor-firkantet-puf-i-laeder-60x60-cm\\\/#primaryimage\"},\"image\":{\"@id\":\"https:\\\/\\\/tibladin.dk\\\/produkt\\\/stor-firkantet-puf-i-laeder-60x60-cm\\\/#primaryimage\"},\"thumbnailUrl\":\"https:\\\/\\\/tibladin.dk\\\/wp-content\\\/uploads\\\/2026\\\/04\\\/Photoroom_20260418_142729.jpg\",\"datePublished\":\"2026-04-18T12:29:28+00:00\",\"dateModified\":\"2026-04-19T05:57:26+00:00\",\"description\":\"Stor marokkansk puf i l\u00e6der. Sammensat af firkanter af 15x15 cm med kraftige syninger. Sk\u00f8n flyder. H\u00e5ndlavet i Marokko \u21d2 Se mere\",\"breadcrumb\":{\"@id\":\"https:\\\/\\\/tibladin.dk\\\/produkt\\\/stor-firkantet-puf-i-laeder-60x60-cm\\\/#breadcrumb\"},\"inLanguage\":\"nl-NL\",\"potentialAction\":[{\"@type\":\"ReadAction\",\"target\":[\"https:\\\/\\\/tibladin.dk\\\/produkt\\\/stor-firkantet-puf-i-laeder-60x60-cm\\\/\"]}]},{\"@type\":\"ImageObject\",\"inLanguage\":\"nl-NL\",\"@id\":\"https:\\\/\\\/tibladin.dk\\\/produkt\\\/stor-firkantet-puf-i-laeder-60x60-cm\\\/#primaryimage\",\"url\":\"https:\\\/\\\/tibladin.dk\\\/wp-content\\\/uploads\\\/2026\\\/04\\\/Photoroom_20260418_142729.jpg\",\"contentUrl\":\"https:\\\/\\\/tibladin.dk\\\/wp-content\\\/uploads\\\/2026\\\/04\\\/Photoroom_20260418_142729.jpg\",\"width\":800,\"height\":800,\"caption\":\"Smuk stor firkantet puf i lysebrunt gedel\u00e6der.\"},{\"@type\":\"BreadcrumbList\",\"@id\":\"https:\\\/\\\/tibladin.dk\\\/produkt\\\/stor-firkantet-puf-i-laeder-60x60-cm\\\/#breadcrumb\",\"itemListElement\":[{\"@type\":\"ListItem\",\"position\":1,\"name\":\"Hjem\",\"item\":\"https:\\\/\\\/tibladin.dk\\\/\"},{\"@type\":\"ListItem\",\"position\":2,\"name\":\"Shop\",\"item\":\"https:\\\/\\\/tibladin.dk\\\/shop\\\/\"},{\"@type\":\"ListItem\",\"position\":3,\"name\":\"Stor firkantet puf i l\u00e6der 60&#215;60 cm.\"}]},{\"@type\":\"WebSite\",\"@id\":\"https:\\\/\\\/tibladin.dk\\\/#website\",\"url\":\"https:\\\/\\\/tibladin.dk\\\/\",\"name\":\"Tibladin\",\"description\":\"Tibladin\",\"publisher\":{\"@id\":\"https:\\\/\\\/tibladin.dk\\\/#organization\"},\"potentialAction\":[{\"@type\":\"SearchAction\",\"target\":{\"@type\":\"EntryPoint\",\"urlTemplate\":\"https:\\\/\\\/tibladin.dk\\\/?s={search_term_string}\"},\"query-input\":{\"@type\":\"PropertyValueSpecification\",\"valueRequired\":true,\"valueName\":\"search_term_string\"}}],\"inLanguage\":\"nl-NL\"},{\"@type\":\"Organization\",\"@id\":\"https:\\\/\\\/tibladin.dk\\\/#organization\",\"name\":\"Tibladin\",\"url\":\"https:\\\/\\\/tibladin.dk\\\/\",\"logo\":{\"@type\":\"ImageObject\",\"inLanguage\":\"nl-NL\",\"@id\":\"https:\\\/\\\/tibladin.dk\\\/#\\\/schema\\\/logo\\\/image\\\/\",\"url\":\"https:\\\/\\\/tibladin.dk\\\/wp-content\\\/uploads\\\/2022\\\/09\\\/tibladin_logo.svg\",\"contentUrl\":\"https:\\\/\\\/tibladin.dk\\\/wp-content\\\/uploads\\\/2022\\\/09\\\/tibladin_logo.svg\",\"caption\":\"Tibladin\"},\"image\":{\"@id\":\"https:\\\/\\\/tibladin.dk\\\/#\\\/schema\\\/logo\\\/image\\\/\"}}]}<\/script>\n<!-- \/ Yoast SEO plugin. -->","yoast_head_json":{"title":"Grote Marokkaanse poef in leer 60x60cm | Handgemaakt in Marokko","description":"Grote Marokkaanse poef van leer. Samengesteld uit vierkanten van 15x15 cm met sterke stiksels. Lekker vloeiend. Handgemaakt in Marokko \u21d2 Zie meer","robots":{"index":"index","follow":"follow","max-snippet":"max-snippet:-1","max-image-preview":"max-image-preview:large","max-video-preview":"max-video-preview:-1"},"canonical":"https:\/\/tibladin.dk\/nl\/product-2\/grote-vierkante-leren-poef-60x60-cm\/","og_locale":"nl_NL","og_type":"article","og_title":"Stor marokkansk puf i l\u00e6der 60x60cm | H\u00e5ndlavet i Marokko","og_description":"Stor marokkansk puf i l\u00e6der. Sammensat af firkanter af 15x15 cm med kraftige syninger. Sk\u00f8n flyder. H\u00e5ndlavet i Marokko \u21d2 Se mere","og_url":"https:\/\/tibladin.dk\/nl\/product-2\/grote-vierkante-leren-poef-60x60-cm\/","og_site_name":"Tibladin","article_modified_time":"2026-04-19T05:57:26+00:00","og_image":[{"width":800,"height":800,"url":"https:\/\/tibladin.dk\/wp-content\/uploads\/2026\/04\/Photoroom_20260418_142729.jpg","type":"image\/jpeg"}],"twitter_card":"summary_large_image","twitter_misc":{"Geschatte leestijd":"2 minuten"},"schema":{"@context":"https:\/\/schema.org","@graph":[{"@type":"WebPage","@id":"https:\/\/tibladin.dk\/produkt\/stor-firkantet-puf-i-laeder-60x60-cm\/","url":"https:\/\/tibladin.dk\/produkt\/stor-firkantet-puf-i-laeder-60x60-cm\/","name":"Grote Marokkaanse poef in leer 60x60cm | Handgemaakt in Marokko","isPartOf":{"@id":"https:\/\/tibladin.dk\/#website"},"primaryImageOfPage":{"@id":"https:\/\/tibladin.dk\/produkt\/stor-firkantet-puf-i-laeder-60x60-cm\/#primaryimage"},"image":{"@id":"https:\/\/tibladin.dk\/produkt\/stor-firkantet-puf-i-laeder-60x60-cm\/#primaryimage"},"thumbnailUrl":"https:\/\/tibladin.dk\/wp-content\/uploads\/2026\/04\/Photoroom_20260418_142729.jpg","datePublished":"2026-04-18T12:29:28+00:00","dateModified":"2026-04-19T05:57:26+00:00","description":"Grote Marokkaanse poef van leer. Samengesteld uit vierkanten van 15x15 cm met sterke stiksels. Lekker vloeiend. Handgemaakt in Marokko \u21d2 Zie meer","breadcrumb":{"@id":"https:\/\/tibladin.dk\/produkt\/stor-firkantet-puf-i-laeder-60x60-cm\/#breadcrumb"},"inLanguage":"nl-NL","potentialAction":[{"@type":"ReadAction","target":["https:\/\/tibladin.dk\/produkt\/stor-firkantet-puf-i-laeder-60x60-cm\/"]}]},{"@type":"ImageObject","inLanguage":"nl-NL","@id":"https:\/\/tibladin.dk\/produkt\/stor-firkantet-puf-i-laeder-60x60-cm\/#primaryimage","url":"https:\/\/tibladin.dk\/wp-content\/uploads\/2026\/04\/Photoroom_20260418_142729.jpg","contentUrl":"https:\/\/tibladin.dk\/wp-content\/uploads\/2026\/04\/Photoroom_20260418_142729.jpg","width":800,"height":800,"caption":"Smuk stor firkantet puf i lysebrunt gedel\u00e6der."},{"@type":"BreadcrumbList","@id":"https:\/\/tibladin.dk\/produkt\/stor-firkantet-puf-i-laeder-60x60-cm\/#breadcrumb","itemListElement":[{"@type":"ListItem","position":1,"name":"Hjem","item":"https:\/\/tibladin.dk\/"},{"@type":"ListItem","position":2,"name":"Shop","item":"https:\/\/tibladin.dk\/shop\/"},{"@type":"ListItem","position":3,"name":"Stor firkantet puf i l\u00e6der 60&#215;60 cm."}]},{"@type":"WebSite","@id":"https:\/\/tibladin.dk\/#website","url":"https:\/\/tibladin.dk\/","name":"Tibladin","description":"Tibladin","publisher":{"@id":"https:\/\/tibladin.dk\/#organization"},"potentialAction":[{"@type":"SearchAction","target":{"@type":"EntryPoint","urlTemplate":"https:\/\/tibladin.dk\/?s={search_term_string}"},"query-input":{"@type":"PropertyValueSpecification","valueRequired":true,"valueName":"search_term_string"}}],"inLanguage":"nl-NL"},{"@type":"Organization","@id":"https:\/\/tibladin.dk\/#organization","name":"Tibladin","url":"https:\/\/tibladin.dk\/","logo":{"@type":"ImageObject","inLanguage":"nl-NL","@id":"https:\/\/tibladin.dk\/#\/schema\/logo\/image\/","url":"https:\/\/tibladin.dk\/wp-content\/uploads\/2022\/09\/tibladin_logo.svg","contentUrl":"https:\/\/tibladin.dk\/wp-content\/uploads\/2022\/09\/tibladin_logo.svg","caption":"Tibladin"},"image":{"@id":"https:\/\/tibladin.dk\/#\/schema\/logo\/image\/"}}]}},"_links":{"self":[{"href":"https:\/\/tibladin.dk\/nl\/wp-json\/wp\/v2\/product\/44073","targetHints":{"allow":["GET"]}}],"collection":[{"href":"https:\/\/tibladin.dk\/nl\/wp-json\/wp\/v2\/product"}],"about":[{"href":"https:\/\/tibladin.dk\/nl\/wp-json\/wp\/v2\/types\/product"}],"wp:featuredmedia":[{"embeddable":true,"href":"https:\/\/tibladin.dk\/nl\/wp-json\/wp\/v2\/media\/44078"}],"wp:attachment":[{"href":"https:\/\/tibladin.dk\/nl\/wp-json\/wp\/v2\/media?parent=44073"}],"wp:term":[{"taxonomy":"product_brand","embeddable":true,"href":"https:\/\/tibladin.dk\/nl\/wp-json\/wp\/v2\/product_brand?post=44073"},{"taxonomy":"product_cat","embeddable":true,"href":"https:\/\/tibladin.dk\/nl\/wp-json\/wp\/v2\/product_cat?post=44073"},{"taxonomy":"product_tag","embeddable":true,"href":"https:\/\/tibladin.dk\/nl\/wp-json\/wp\/v2\/product_tag?post=44073"}],"curies":[{"name":"wp","href":"https:\/\/api.w.org\/{rel}","templated":true}]}}