{"id":4462,"date":"2022-10-27T10:43:37","date_gmt":"2022-10-27T08:43:37","guid":{"rendered":"https:\/\/tibladin.dk\/?post_type=product&#038;p=4462"},"modified":"2025-03-29T12:02:52","modified_gmt":"2025-03-29T11:02:52","slug":"marokkaanse-poster-hassan-toren","status":"publish","type":"product","link":"https:\/\/tibladin.dk\/nl\/produkt\/marokkansk-plakat-hassan-tower\/","title":{"rendered":"Marokkaanse poster HASSAN TOREN"},"content":{"rendered":"<div class=\"wpb-content-wrapper\"><div class=\"vc_row wpb_row vc_row-fluid\"><div class=\"wpb_column vc_column_container vc_col-sm-4\"><div class=\"vc_column-inner\"><div class=\"wpb_wrapper\"><\/div><\/div><\/div><div class=\"wpb_column vc_column_container vc_col-sm-4\"><div class=\"vc_column-inner\"><div class=\"wpb_wrapper\"><h3 style=\"text-align: left\" class=\"vc_custom_heading vc_do_custom_heading\" >Kader<\/h3>\n\t<div class=\"wpb_text_column wpb_content_element\" >\n\t\t<div class=\"wpb_wrapper\">\n\t\t\t<p>Mogelijkheid tot extra aankoop van gekleurde en natuurlijk gekleurde frames.<\/p>\n\n\t\t<\/div>\n\t<\/div>\n<\/div><\/div><\/div><div class=\"wpb_column vc_column_container vc_col-sm-4\"><div class=\"vc_column-inner\"><div class=\"wpb_wrapper\"><h3 style=\"text-align: left\" class=\"vc_custom_heading vc_do_custom_heading\" >Zo versier ik mijn muren<\/h3>\n\t<div class=\"wpb_text_column wpb_content_element\" >\n\t\t<div class=\"wpb_wrapper\">\n\t\t\t<p><span class=\"JsGRdQ\">Mochten uw muren overstromen als een champagneglas vol romantiek, straal dan exclusiviteit uit, cre\u00eber een warme sfeer<\/span><span class=\"JsGRdQ\">\u00a0<\/span><span class=\"JsGRdQ\">bohemien sfeer of iets heel anders? Het kan worden bereikt met kleine veranderingen en enkele eenvoudige keuzes. Gebruik posters van lokale Marokkaanse kunstenaars om je interieur een persoonlijke en unieke uitstraling te geven.<\/span><\/p>\n\n\t\t<\/div>\n\t<\/div>\n<\/div><\/div><\/div><\/div>\n<\/div>","protected":false},"excerpt":{"rendered":"<h3>Hassan-toren door Emu Gallery<\/h3>\n<div>Marokkaanse poster van 100% gerecycled papier. De posters zijn van hoge kwaliteit en worden geleverd in een zorgvuldige en beschermende driehoekige doos.<\/div>\n<div><\/div>\n<div>De Hassan-toren werd in de 12e eeuw gebouwd in opdracht van Abu Yusuf Yaqub al-Mansur in de Marokkaanse hoofdstad Rabat. De toren is gemaakt van zandsteen en heeft door de jaren heen een rode kleur gekregen. Helaas slaagde de sultan er niet in om het project te voltooien, aangezien hij al vier jaar na de bouw stierf, dus het project stierf samen met hem. De prachtige onvoltooide moskee is tegenwoordig een populaire toeristische attractie. Een &#039;leuk feit&#039; dat je misschien niet weet over het monument is dat in plaats van een trap naar de top van de toren te bouwen, er een hellingbaan werd gebouwd zodat de Muezzin daar op zijn paard naar boven kon rijden als hij moest bidden. Het is eigenlijk niet bekend waarom de moskee Hassan heette, dus de betekenis achter de naam is onbekend. In Rabat zijn er veel historische monumenten en bezienswaardigheden, en de Hassan-toren is een van de bekendste.<\/div>\n<div>\n<h3><strong>Kader<\/strong><\/h3>\n<div>Het is mogelijk om een frame te kopen in de exacte kleur die u wenst. Door te kiezen voor een gekleurde lijst die aansluit bij de kleuren van de poster wordt de schoonheid van de poster benadrukt. Onze monturen voegen kleur toe en maken de hele look compleet. Het is echt de kers op de taart. De frames zijn respectievelijk verkrijgbaar in 30\u00d740 en 50\u00d770. De frames worden afzonderlijk van uw bestelling verzonden, omdat ze vanuit een externe opslag worden verzonden. De lijsten worden geleverd met plexiglas, maar als u liever gewoon glas heeft, kunt u dit gewoon in het opmerkingenveld vermelden.<\/div>\n<\/div>\n<div>\n<h3>Over de kunstenaar<\/h3>\n<div>De eigenaar van Emu Gallery is de in Polen wonende grafisch ontwerper Dorota. Ze houdt van schilderen en laat zich in haar kunst inspireren door Scandinavisch design. Ze gelooft veel in minimalisme en zegt op de website van Emu Gallery: \u201cIk geloof dat je veel kunt uitdrukken met een enkele lijn, een strakke vorm en verzadigde kleuren. Haar ontwerpen zijn dan ook eenvoudig en stijlvol.<\/div>\n<\/div>","protected":false},"featured_media":5258,"template":"","meta":{"inline_featured_image":false},"product_brand":[],"product_cat":[111,133,114,56],"product_tag":[],"class_list":{"0":"post-4462","1":"product","2":"type-product","3":"status-publish","4":"has-post-thumbnail","6":"product_cat-plakater","7":"product_cat-plakater30x40","8":"product_cat-plakater-50x70","9":"product_cat-vaegdekoration","11":"first","12":"instock","13":"taxable","14":"shipping-taxable","15":"purchasable","16":"product-type-variable"},"exclude_global_add_ons":false,"addons":[{"name":"Wilt u een cadeauverpakking?","type":"checkbox","position":0,"required":false,"title_format":"label","default":"","description_enable":false,"description":"","placeholder_enable":false,"placeholder":"","display":"images","restrictions_type":"any_text","adjust_price":false,"price":"","price_type":"flat_fee","restrictions":false,"min":"0","max":"0","options":[{"label":"Ja tak","price":"10","price_type":"flat_fee","image":11015,"visibility":true}],"id":1669646111},{"name":"Koop een lijst voor uw poster","type":"multiple_choice","position":0,"required":false,"title_format":"label","default":"","description_enable":true,"description":"De lijsten worden geleverd met plexiglas. Als u liever gewoon glas heeft, kunt u dit aangeven in het opmerkingenveld. De gekleurde lijsten worden apart geleverd omdat ze vanuit een extern magazijn worden verzonden.","placeholder_enable":false,"placeholder":"","display":"images","restrictions_type":"any_text","adjust_price":false,"price":"","price_type":"flat_fee","restrictions":false,"min":"0","max":"0","options":[{"label":"GUL 30x40","price":"199","price_type":"flat_fee","image":7321,"visibility":true},{"label":"GUL 50x70","price":"299","price_type":"flat_fee","image":7322,"visibility":true},{"label":"LYSEBL\u00c5 30x40","price":"199","price_type":"flat_fee","image":7325,"visibility":true},{"label":"LYSEBL\u00c5 50x70","price":"299","price_type":"flat_fee","image":7336,"visibility":true},{"label":"KOBOLTBL\u00c5 30x40","price":"199","price_type":"flat_fee","image":7323,"visibility":true},{"label":"KOBOLTBL\u00c5 50x70","price":"299","price_type":"flat_fee","image":7324,"visibility":true},{"label":"M\u00d8RKEBL\u00c5 30x40","price":"199","price_type":"flat_fee","image":7329,"visibility":true},{"label":"M\u00d8RKEBL\u00c5 50x70","price":"299","price_type":"flat_fee","image":7330,"visibility":true},{"label":"ROSA 30x40","price":"199","price_type":"flat_fee","image":7327,"visibility":true},{"label":"ROSA 50x70","price":"299","price_type":"flat_fee","image":7328,"visibility":true},{"label":"ORANGE 30x40","price":"199","price_type":"flat_fee","image":7333,"visibility":true},{"label":"ORANGE 50x70","price":"299","price_type":"flat_fee","image":7334,"visibility":true},{"label":"SORT 30x40","price":"199","price_type":"flat_fee","image":7319,"visibility":true},{"label":"SORT 50x70","price":"299","price_type":"flat_fee","image":7320,"visibility":true},{"label":"NATUR 30x40","price":"70","price_type":"flat_fee","image":7331,"visibility":true},{"label":"NATUR 50x70","price":"149","price_type":"flat_fee","image":7332,"visibility":true}],"id":1683372015}],"yoast_head":"<!-- This site is optimized with the Yoast SEO plugin v27.4 - https:\/\/yoast.com\/product\/yoast-seo-wordpress\/ -->\n<title>Marokkansk plakat HASSAN TOWER af Emu Gallery<\/title>\n<meta name=\"description\" content=\"Plakat HASSAN TOWER af Emu Gallery. Flot plakat af Hassan t\u00e5rnene i Rabat. Stort udvalg af marokkanske stemningsplakater hos Tibladin.\" \/>\n<meta name=\"robots\" content=\"index, follow, max-snippet:-1, max-image-preview:large, max-video-preview:-1\" \/>\n<link rel=\"canonical\" href=\"https:\/\/tibladin.dk\/nl\/product-2\/marokkaanse-poster-hassan-toren\/\" \/>\n<meta property=\"og:locale\" content=\"nl_NL\" \/>\n<meta property=\"og:type\" content=\"article\" \/>\n<meta property=\"og:title\" content=\"Marokkansk plakat HASSAN TOWER af Emu Gallery\" \/>\n<meta property=\"og:description\" content=\"Plakat HASSAN TOWER af Emu Gallery. Flot plakat af Hassan t\u00e5rnene i Rabat. Stort udvalg af marokkanske stemningsplakater hos Tibladin.\" \/>\n<meta property=\"og:url\" content=\"https:\/\/tibladin.dk\/nl\/product-2\/marokkaanse-poster-hassan-toren\/\" \/>\n<meta property=\"og:site_name\" content=\"Tibladin\" \/>\n<meta property=\"article:modified_time\" content=\"2025-03-29T11:02:52+00:00\" \/>\n<meta property=\"og:image\" content=\"https:\/\/tibladin.dk\/wp-content\/uploads\/2022\/10\/Rabat-Hassan-tower.jpg\" \/>\n\t<meta property=\"og:image:width\" content=\"800\" \/>\n\t<meta property=\"og:image:height\" content=\"800\" \/>\n\t<meta property=\"og:image:type\" content=\"image\/jpeg\" \/>\n<meta name=\"twitter:card\" content=\"summary_large_image\" \/>\n<meta name=\"twitter:label1\" content=\"Geschatte leestijd\" \/>\n\t<meta name=\"twitter:data1\" content=\"1 minuut\" \/>\n<script type=\"application\/ld+json\" class=\"yoast-schema-graph\">{\"@context\":\"https:\\\/\\\/schema.org\",\"@graph\":[{\"@type\":\"WebPage\",\"@id\":\"https:\\\/\\\/tibladin.dk\\\/produkt\\\/marokkansk-plakat-hassan-tower\\\/\",\"url\":\"https:\\\/\\\/tibladin.dk\\\/produkt\\\/marokkansk-plakat-hassan-tower\\\/\",\"name\":\"Marokkansk plakat HASSAN TOWER af Emu Gallery\",\"isPartOf\":{\"@id\":\"https:\\\/\\\/tibladin.dk\\\/#website\"},\"primaryImageOfPage\":{\"@id\":\"https:\\\/\\\/tibladin.dk\\\/produkt\\\/marokkansk-plakat-hassan-tower\\\/#primaryimage\"},\"image\":{\"@id\":\"https:\\\/\\\/tibladin.dk\\\/produkt\\\/marokkansk-plakat-hassan-tower\\\/#primaryimage\"},\"thumbnailUrl\":\"https:\\\/\\\/tibladin.dk\\\/wp-content\\\/uploads\\\/2022\\\/10\\\/Rabat-Hassan-tower.jpg\",\"datePublished\":\"2022-10-27T08:43:37+00:00\",\"dateModified\":\"2025-03-29T11:02:52+00:00\",\"description\":\"Plakat HASSAN TOWER af Emu Gallery. Flot plakat af Hassan t\u00e5rnene i Rabat. Stort udvalg af marokkanske stemningsplakater hos Tibladin.\",\"breadcrumb\":{\"@id\":\"https:\\\/\\\/tibladin.dk\\\/produkt\\\/marokkansk-plakat-hassan-tower\\\/#breadcrumb\"},\"inLanguage\":\"nl-NL\",\"potentialAction\":[{\"@type\":\"ReadAction\",\"target\":[\"https:\\\/\\\/tibladin.dk\\\/produkt\\\/marokkansk-plakat-hassan-tower\\\/\"]}]},{\"@type\":\"ImageObject\",\"inLanguage\":\"nl-NL\",\"@id\":\"https:\\\/\\\/tibladin.dk\\\/produkt\\\/marokkansk-plakat-hassan-tower\\\/#primaryimage\",\"url\":\"https:\\\/\\\/tibladin.dk\\\/wp-content\\\/uploads\\\/2022\\\/10\\\/Rabat-Hassan-tower.jpg\",\"contentUrl\":\"https:\\\/\\\/tibladin.dk\\\/wp-content\\\/uploads\\\/2022\\\/10\\\/Rabat-Hassan-tower.jpg\",\"width\":800,\"height\":800,\"caption\":\"Plakat hassan tower\"},{\"@type\":\"BreadcrumbList\",\"@id\":\"https:\\\/\\\/tibladin.dk\\\/produkt\\\/marokkansk-plakat-hassan-tower\\\/#breadcrumb\",\"itemListElement\":[{\"@type\":\"ListItem\",\"position\":1,\"name\":\"Hjem\",\"item\":\"https:\\\/\\\/tibladin.dk\\\/\"},{\"@type\":\"ListItem\",\"position\":2,\"name\":\"Shop\",\"item\":\"https:\\\/\\\/tibladin.dk\\\/shop\\\/\"},{\"@type\":\"ListItem\",\"position\":3,\"name\":\"Marokkansk plakat HASSAN TOWER\"}]},{\"@type\":\"WebSite\",\"@id\":\"https:\\\/\\\/tibladin.dk\\\/#website\",\"url\":\"https:\\\/\\\/tibladin.dk\\\/\",\"name\":\"Tibladin\",\"description\":\"Tibladin\",\"publisher\":{\"@id\":\"https:\\\/\\\/tibladin.dk\\\/#organization\"},\"potentialAction\":[{\"@type\":\"SearchAction\",\"target\":{\"@type\":\"EntryPoint\",\"urlTemplate\":\"https:\\\/\\\/tibladin.dk\\\/?s={search_term_string}\"},\"query-input\":{\"@type\":\"PropertyValueSpecification\",\"valueRequired\":true,\"valueName\":\"search_term_string\"}}],\"inLanguage\":\"nl-NL\"},{\"@type\":\"Organization\",\"@id\":\"https:\\\/\\\/tibladin.dk\\\/#organization\",\"name\":\"Tibladin\",\"url\":\"https:\\\/\\\/tibladin.dk\\\/\",\"logo\":{\"@type\":\"ImageObject\",\"inLanguage\":\"nl-NL\",\"@id\":\"https:\\\/\\\/tibladin.dk\\\/#\\\/schema\\\/logo\\\/image\\\/\",\"url\":\"https:\\\/\\\/tibladin.dk\\\/wp-content\\\/uploads\\\/2022\\\/09\\\/tibladin_logo.svg\",\"contentUrl\":\"https:\\\/\\\/tibladin.dk\\\/wp-content\\\/uploads\\\/2022\\\/09\\\/tibladin_logo.svg\",\"caption\":\"Tibladin\"},\"image\":{\"@id\":\"https:\\\/\\\/tibladin.dk\\\/#\\\/schema\\\/logo\\\/image\\\/\"}}]}<\/script>\n<!-- \/ Yoast SEO plugin. -->","yoast_head_json":{"title":"Marokkaanse poster HASSAN TOWER van Emu Gallery","description":"Poster HASSAN TOREN van Emu Gallery. Mooie poster van de Hassan-torens in Rabat. Grote selectie Marokkaanse sfeerposters bij Tibladin.","robots":{"index":"index","follow":"follow","max-snippet":"max-snippet:-1","max-image-preview":"max-image-preview:large","max-video-preview":"max-video-preview:-1"},"canonical":"https:\/\/tibladin.dk\/nl\/product-2\/marokkaanse-poster-hassan-toren\/","og_locale":"nl_NL","og_type":"article","og_title":"Marokkansk plakat HASSAN TOWER af Emu Gallery","og_description":"Plakat HASSAN TOWER af Emu Gallery. Flot plakat af Hassan t\u00e5rnene i Rabat. Stort udvalg af marokkanske stemningsplakater hos Tibladin.","og_url":"https:\/\/tibladin.dk\/nl\/product-2\/marokkaanse-poster-hassan-toren\/","og_site_name":"Tibladin","article_modified_time":"2025-03-29T11:02:52+00:00","og_image":[{"width":800,"height":800,"url":"https:\/\/tibladin.dk\/wp-content\/uploads\/2022\/10\/Rabat-Hassan-tower.jpg","type":"image\/jpeg"}],"twitter_card":"summary_large_image","twitter_misc":{"Geschatte leestijd":"1 minuut"},"schema":{"@context":"https:\/\/schema.org","@graph":[{"@type":"WebPage","@id":"https:\/\/tibladin.dk\/produkt\/marokkansk-plakat-hassan-tower\/","url":"https:\/\/tibladin.dk\/produkt\/marokkansk-plakat-hassan-tower\/","name":"Marokkaanse poster HASSAN TOWER van Emu Gallery","isPartOf":{"@id":"https:\/\/tibladin.dk\/#website"},"primaryImageOfPage":{"@id":"https:\/\/tibladin.dk\/produkt\/marokkansk-plakat-hassan-tower\/#primaryimage"},"image":{"@id":"https:\/\/tibladin.dk\/produkt\/marokkansk-plakat-hassan-tower\/#primaryimage"},"thumbnailUrl":"https:\/\/tibladin.dk\/wp-content\/uploads\/2022\/10\/Rabat-Hassan-tower.jpg","datePublished":"2022-10-27T08:43:37+00:00","dateModified":"2025-03-29T11:02:52+00:00","description":"Poster HASSAN TOREN van Emu Gallery. Mooie poster van de Hassan-torens in Rabat. Grote selectie Marokkaanse sfeerposters bij Tibladin.","breadcrumb":{"@id":"https:\/\/tibladin.dk\/produkt\/marokkansk-plakat-hassan-tower\/#breadcrumb"},"inLanguage":"nl-NL","potentialAction":[{"@type":"ReadAction","target":["https:\/\/tibladin.dk\/produkt\/marokkansk-plakat-hassan-tower\/"]}]},{"@type":"ImageObject","inLanguage":"nl-NL","@id":"https:\/\/tibladin.dk\/produkt\/marokkansk-plakat-hassan-tower\/#primaryimage","url":"https:\/\/tibladin.dk\/wp-content\/uploads\/2022\/10\/Rabat-Hassan-tower.jpg","contentUrl":"https:\/\/tibladin.dk\/wp-content\/uploads\/2022\/10\/Rabat-Hassan-tower.jpg","width":800,"height":800,"caption":"Plakat hassan tower"},{"@type":"BreadcrumbList","@id":"https:\/\/tibladin.dk\/produkt\/marokkansk-plakat-hassan-tower\/#breadcrumb","itemListElement":[{"@type":"ListItem","position":1,"name":"Hjem","item":"https:\/\/tibladin.dk\/"},{"@type":"ListItem","position":2,"name":"Shop","item":"https:\/\/tibladin.dk\/shop\/"},{"@type":"ListItem","position":3,"name":"Marokkansk plakat HASSAN TOWER"}]},{"@type":"WebSite","@id":"https:\/\/tibladin.dk\/#website","url":"https:\/\/tibladin.dk\/","name":"Tibladin","description":"Tibladin","publisher":{"@id":"https:\/\/tibladin.dk\/#organization"},"potentialAction":[{"@type":"SearchAction","target":{"@type":"EntryPoint","urlTemplate":"https:\/\/tibladin.dk\/?s={search_term_string}"},"query-input":{"@type":"PropertyValueSpecification","valueRequired":true,"valueName":"search_term_string"}}],"inLanguage":"nl-NL"},{"@type":"Organization","@id":"https:\/\/tibladin.dk\/#organization","name":"Tibladin","url":"https:\/\/tibladin.dk\/","logo":{"@type":"ImageObject","inLanguage":"nl-NL","@id":"https:\/\/tibladin.dk\/#\/schema\/logo\/image\/","url":"https:\/\/tibladin.dk\/wp-content\/uploads\/2022\/09\/tibladin_logo.svg","contentUrl":"https:\/\/tibladin.dk\/wp-content\/uploads\/2022\/09\/tibladin_logo.svg","caption":"Tibladin"},"image":{"@id":"https:\/\/tibladin.dk\/#\/schema\/logo\/image\/"}}]}},"_links":{"self":[{"href":"https:\/\/tibladin.dk\/nl\/wp-json\/wp\/v2\/product\/4462","targetHints":{"allow":["GET"]}}],"collection":[{"href":"https:\/\/tibladin.dk\/nl\/wp-json\/wp\/v2\/product"}],"about":[{"href":"https:\/\/tibladin.dk\/nl\/wp-json\/wp\/v2\/types\/product"}],"wp:featuredmedia":[{"embeddable":true,"href":"https:\/\/tibladin.dk\/nl\/wp-json\/wp\/v2\/media\/5258"}],"wp:attachment":[{"href":"https:\/\/tibladin.dk\/nl\/wp-json\/wp\/v2\/media?parent=4462"}],"wp:term":[{"taxonomy":"product_brand","embeddable":true,"href":"https:\/\/tibladin.dk\/nl\/wp-json\/wp\/v2\/product_brand?post=4462"},{"taxonomy":"product_cat","embeddable":true,"href":"https:\/\/tibladin.dk\/nl\/wp-json\/wp\/v2\/product_cat?post=4462"},{"taxonomy":"product_tag","embeddable":true,"href":"https:\/\/tibladin.dk\/nl\/wp-json\/wp\/v2\/product_tag?post=4462"}],"curies":[{"name":"wp","href":"https:\/\/api.w.org\/{rel}","templated":true}]}}