{"id":4825,"date":"2022-11-07T14:39:07","date_gmt":"2022-11-07T13:39:07","guid":{"rendered":"https:\/\/tibladin.dk\/?post_type=product&#038;p=4825"},"modified":"2025-03-22T12:21:57","modified_gmt":"2025-03-22T11:21:57","slug":"berbermand-met-fleur","status":"publish","type":"product","link":"https:\/\/tibladin.dk\/nl\/produkt\/berberkurv-m-fleur\/","title":{"rendered":"Berbermand M \u2013 FLEUR"},"content":{"rendered":"<div class=\"wpb-content-wrapper\"><div class=\"vc_row wpb_row vc_row-fluid\"><div class=\"wpb_column vc_column_container vc_col-sm-4\"><div class=\"vc_column-inner\"><div class=\"wpb_wrapper\"><\/div><\/div><\/div><div class=\"wpb_column vc_column_container vc_col-sm-4\"><div class=\"vc_column-inner\"><div class=\"wpb_wrapper\"><h3 style=\"text-align: left\" class=\"vc_custom_heading vc_do_custom_heading\" >Onderhoud<\/h3>\n\t<div class=\"wpb_text_column wpb_content_element\" >\n\t\t<div class=\"wpb_wrapper\">\n\t\t\t<p>Voor het schoonmaken is het het gemakkelijkst om het voorzichtig te stofzuigen.<\/p>\n\n\t\t<\/div>\n\t<\/div>\n<\/div><\/div><\/div><div class=\"wpb_column vc_column_container vc_col-sm-4\"><div class=\"vc_column-inner\"><div class=\"wpb_wrapper\"><h3 style=\"text-align: left\" class=\"vc_custom_heading vc_do_custom_heading\" >Het verhaal erachter<\/h3>\n\t<div class=\"wpb_text_column wpb_content_element\" >\n\t\t<div class=\"wpb_wrapper\">\n\t\t\t<p>Ik hou van rondingen! Ze kunnen elke kamer warmte en gezelligheid geven.<\/p>\n<p>De manden zijn handgemaakt en afkomstig van een familiebedrijf in Marrakech dat gespecialiseerd is in rieten en dat al generaties lang doet.<\/p>\n\n\t\t<\/div>\n\t<\/div>\n<\/div><\/div><\/div><\/div>\n<\/div>","protected":false},"excerpt":{"rendered":"<p>Prachtige Berbermand van raffia en wollen garen met een patroon in rode en roze tinten met een frisse lijn in geel. Oorspronkelijk gebruikt als broodmand door de nomadische bevolking in de Sahara-regio.<\/p>\n<p>De mand meet 30 cm met een diameter van 16 cm.<\/p>\n<p>Te gebruiken in de keuken, woonkamer, badkamer of slaapkamer.<\/p>","protected":false},"featured_media":5060,"template":"","meta":{"inline_featured_image":false},"product_brand":[],"product_cat":[55,51],"product_tag":[134],"class_list":{"0":"post-4825","1":"product","2":"type-product","3":"status-publish","4":"has-post-thumbnail","6":"product_cat-kurve","7":"product_cat-opbevaring","8":"product_tag-berberkurv","10":"first","11":"instock","12":"taxable","13":"shipping-taxable","14":"purchasable","15":"product-type-simple"},"exclude_global_add_ons":[],"addons":[],"yoast_head":"<!-- This site is optimized with the Yoast SEO plugin v27.4 - https:\/\/yoast.com\/product\/yoast-seo-wordpress\/ -->\n<title>Berberkurv M - FLEUR - Tibladin<\/title>\n<meta name=\"description\" content=\"Flot berberkurv med m\u00f8nster i r\u00f8de og m\u00f8rke nuancer. Passer til stuen, badev\u00e6relset og sovev\u00e6relset. Stort udvalg af berberkurve i mange m\u00f8nstrer og farver.\" \/>\n<meta name=\"robots\" content=\"index, follow, max-snippet:-1, max-image-preview:large, max-video-preview:-1\" \/>\n<link rel=\"canonical\" href=\"https:\/\/tibladin.dk\/nl\/product-2\/berbermand-met-fleur\/\" \/>\n<meta property=\"og:locale\" content=\"nl_NL\" \/>\n<meta property=\"og:type\" content=\"article\" \/>\n<meta property=\"og:title\" content=\"Berberkurv M - FLEUR - Tibladin\" \/>\n<meta property=\"og:description\" content=\"Flot berberkurv med m\u00f8nster i r\u00f8de og m\u00f8rke nuancer. Passer til stuen, badev\u00e6relset og sovev\u00e6relset. Stort udvalg af berberkurve i mange m\u00f8nstrer og farver.\" \/>\n<meta property=\"og:url\" content=\"https:\/\/tibladin.dk\/nl\/product-2\/berbermand-met-fleur\/\" \/>\n<meta property=\"og:site_name\" content=\"Tibladin\" \/>\n<meta property=\"article:modified_time\" content=\"2025-03-22T11:21:57+00:00\" \/>\n<meta property=\"og:image\" content=\"https:\/\/tibladin.dk\/wp-content\/uploads\/2022\/11\/Fleur.jpg\" \/>\n\t<meta property=\"og:image:width\" content=\"800\" \/>\n\t<meta property=\"og:image:height\" content=\"800\" \/>\n\t<meta property=\"og:image:type\" content=\"image\/jpeg\" \/>\n<meta name=\"twitter:card\" content=\"summary_large_image\" \/>\n<meta name=\"twitter:label1\" content=\"Geschatte leestijd\" \/>\n\t<meta name=\"twitter:data1\" content=\"1 minuut\" \/>\n<script type=\"application\/ld+json\" class=\"yoast-schema-graph\">{\"@context\":\"https:\\\/\\\/schema.org\",\"@graph\":[{\"@type\":\"WebPage\",\"@id\":\"https:\\\/\\\/tibladin.dk\\\/produkt\\\/berberkurv-m-fleur\\\/\",\"url\":\"https:\\\/\\\/tibladin.dk\\\/produkt\\\/berberkurv-m-fleur\\\/\",\"name\":\"Berberkurv M - FLEUR - Tibladin\",\"isPartOf\":{\"@id\":\"https:\\\/\\\/tibladin.dk\\\/#website\"},\"primaryImageOfPage\":{\"@id\":\"https:\\\/\\\/tibladin.dk\\\/produkt\\\/berberkurv-m-fleur\\\/#primaryimage\"},\"image\":{\"@id\":\"https:\\\/\\\/tibladin.dk\\\/produkt\\\/berberkurv-m-fleur\\\/#primaryimage\"},\"thumbnailUrl\":\"https:\\\/\\\/tibladin.dk\\\/wp-content\\\/uploads\\\/2022\\\/11\\\/Fleur.jpg\",\"datePublished\":\"2022-11-07T13:39:07+00:00\",\"dateModified\":\"2025-03-22T11:21:57+00:00\",\"description\":\"Flot berberkurv med m\u00f8nster i r\u00f8de og m\u00f8rke nuancer. Passer til stuen, badev\u00e6relset og sovev\u00e6relset. Stort udvalg af berberkurve i mange m\u00f8nstrer og farver.\",\"breadcrumb\":{\"@id\":\"https:\\\/\\\/tibladin.dk\\\/produkt\\\/berberkurv-m-fleur\\\/#breadcrumb\"},\"inLanguage\":\"nl-NL\",\"potentialAction\":[{\"@type\":\"ReadAction\",\"target\":[\"https:\\\/\\\/tibladin.dk\\\/produkt\\\/berberkurv-m-fleur\\\/\"]}]},{\"@type\":\"ImageObject\",\"inLanguage\":\"nl-NL\",\"@id\":\"https:\\\/\\\/tibladin.dk\\\/produkt\\\/berberkurv-m-fleur\\\/#primaryimage\",\"url\":\"https:\\\/\\\/tibladin.dk\\\/wp-content\\\/uploads\\\/2022\\\/11\\\/Fleur.jpg\",\"contentUrl\":\"https:\\\/\\\/tibladin.dk\\\/wp-content\\\/uploads\\\/2022\\\/11\\\/Fleur.jpg\",\"width\":800,\"height\":800,\"caption\":\"Berberkurv FLEUR i rosa diamantformet m\u00f8nster\"},{\"@type\":\"BreadcrumbList\",\"@id\":\"https:\\\/\\\/tibladin.dk\\\/produkt\\\/berberkurv-m-fleur\\\/#breadcrumb\",\"itemListElement\":[{\"@type\":\"ListItem\",\"position\":1,\"name\":\"Hjem\",\"item\":\"https:\\\/\\\/tibladin.dk\\\/\"},{\"@type\":\"ListItem\",\"position\":2,\"name\":\"Shop\",\"item\":\"https:\\\/\\\/tibladin.dk\\\/shop\\\/\"},{\"@type\":\"ListItem\",\"position\":3,\"name\":\"Berberkurv M &#8211; FLEUR\"}]},{\"@type\":\"WebSite\",\"@id\":\"https:\\\/\\\/tibladin.dk\\\/#website\",\"url\":\"https:\\\/\\\/tibladin.dk\\\/\",\"name\":\"Tibladin\",\"description\":\"Tibladin\",\"publisher\":{\"@id\":\"https:\\\/\\\/tibladin.dk\\\/#organization\"},\"potentialAction\":[{\"@type\":\"SearchAction\",\"target\":{\"@type\":\"EntryPoint\",\"urlTemplate\":\"https:\\\/\\\/tibladin.dk\\\/?s={search_term_string}\"},\"query-input\":{\"@type\":\"PropertyValueSpecification\",\"valueRequired\":true,\"valueName\":\"search_term_string\"}}],\"inLanguage\":\"nl-NL\"},{\"@type\":\"Organization\",\"@id\":\"https:\\\/\\\/tibladin.dk\\\/#organization\",\"name\":\"Tibladin\",\"url\":\"https:\\\/\\\/tibladin.dk\\\/\",\"logo\":{\"@type\":\"ImageObject\",\"inLanguage\":\"nl-NL\",\"@id\":\"https:\\\/\\\/tibladin.dk\\\/#\\\/schema\\\/logo\\\/image\\\/\",\"url\":\"https:\\\/\\\/tibladin.dk\\\/wp-content\\\/uploads\\\/2022\\\/09\\\/tibladin_logo.svg\",\"contentUrl\":\"https:\\\/\\\/tibladin.dk\\\/wp-content\\\/uploads\\\/2022\\\/09\\\/tibladin_logo.svg\",\"caption\":\"Tibladin\"},\"image\":{\"@id\":\"https:\\\/\\\/tibladin.dk\\\/#\\\/schema\\\/logo\\\/image\\\/\"}}]}<\/script>\n<!-- \/ Yoast SEO plugin. -->","yoast_head_json":{"title":"Berbermand M - FLEUR - Tibladin","description":"Prachtige Berbermand met een patroon in rode en donkere tinten. Geschikt voor de woonkamer, badkamer en slaapkamer. Grote selectie Berbermanden in vele patronen en kleuren.","robots":{"index":"index","follow":"follow","max-snippet":"max-snippet:-1","max-image-preview":"max-image-preview:large","max-video-preview":"max-video-preview:-1"},"canonical":"https:\/\/tibladin.dk\/nl\/product-2\/berbermand-met-fleur\/","og_locale":"nl_NL","og_type":"article","og_title":"Berberkurv M - FLEUR - Tibladin","og_description":"Flot berberkurv med m\u00f8nster i r\u00f8de og m\u00f8rke nuancer. Passer til stuen, badev\u00e6relset og sovev\u00e6relset. Stort udvalg af berberkurve i mange m\u00f8nstrer og farver.","og_url":"https:\/\/tibladin.dk\/nl\/product-2\/berbermand-met-fleur\/","og_site_name":"Tibladin","article_modified_time":"2025-03-22T11:21:57+00:00","og_image":[{"width":800,"height":800,"url":"https:\/\/tibladin.dk\/wp-content\/uploads\/2022\/11\/Fleur.jpg","type":"image\/jpeg"}],"twitter_card":"summary_large_image","twitter_misc":{"Geschatte leestijd":"1 minuut"},"schema":{"@context":"https:\/\/schema.org","@graph":[{"@type":"WebPage","@id":"https:\/\/tibladin.dk\/produkt\/berberkurv-m-fleur\/","url":"https:\/\/tibladin.dk\/produkt\/berberkurv-m-fleur\/","name":"Berbermand M - FLEUR - Tibladin","isPartOf":{"@id":"https:\/\/tibladin.dk\/#website"},"primaryImageOfPage":{"@id":"https:\/\/tibladin.dk\/produkt\/berberkurv-m-fleur\/#primaryimage"},"image":{"@id":"https:\/\/tibladin.dk\/produkt\/berberkurv-m-fleur\/#primaryimage"},"thumbnailUrl":"https:\/\/tibladin.dk\/wp-content\/uploads\/2022\/11\/Fleur.jpg","datePublished":"2022-11-07T13:39:07+00:00","dateModified":"2025-03-22T11:21:57+00:00","description":"Prachtige Berbermand met een patroon in rode en donkere tinten. Geschikt voor de woonkamer, badkamer en slaapkamer. Grote selectie Berbermanden in vele patronen en kleuren.","breadcrumb":{"@id":"https:\/\/tibladin.dk\/produkt\/berberkurv-m-fleur\/#breadcrumb"},"inLanguage":"nl-NL","potentialAction":[{"@type":"ReadAction","target":["https:\/\/tibladin.dk\/produkt\/berberkurv-m-fleur\/"]}]},{"@type":"ImageObject","inLanguage":"nl-NL","@id":"https:\/\/tibladin.dk\/produkt\/berberkurv-m-fleur\/#primaryimage","url":"https:\/\/tibladin.dk\/wp-content\/uploads\/2022\/11\/Fleur.jpg","contentUrl":"https:\/\/tibladin.dk\/wp-content\/uploads\/2022\/11\/Fleur.jpg","width":800,"height":800,"caption":"Berberkurv FLEUR i rosa diamantformet m\u00f8nster"},{"@type":"BreadcrumbList","@id":"https:\/\/tibladin.dk\/produkt\/berberkurv-m-fleur\/#breadcrumb","itemListElement":[{"@type":"ListItem","position":1,"name":"Hjem","item":"https:\/\/tibladin.dk\/"},{"@type":"ListItem","position":2,"name":"Shop","item":"https:\/\/tibladin.dk\/shop\/"},{"@type":"ListItem","position":3,"name":"Berberkurv M &#8211; FLEUR"}]},{"@type":"WebSite","@id":"https:\/\/tibladin.dk\/#website","url":"https:\/\/tibladin.dk\/","name":"Tibladin","description":"Tibladin","publisher":{"@id":"https:\/\/tibladin.dk\/#organization"},"potentialAction":[{"@type":"SearchAction","target":{"@type":"EntryPoint","urlTemplate":"https:\/\/tibladin.dk\/?s={search_term_string}"},"query-input":{"@type":"PropertyValueSpecification","valueRequired":true,"valueName":"search_term_string"}}],"inLanguage":"nl-NL"},{"@type":"Organization","@id":"https:\/\/tibladin.dk\/#organization","name":"Tibladin","url":"https:\/\/tibladin.dk\/","logo":{"@type":"ImageObject","inLanguage":"nl-NL","@id":"https:\/\/tibladin.dk\/#\/schema\/logo\/image\/","url":"https:\/\/tibladin.dk\/wp-content\/uploads\/2022\/09\/tibladin_logo.svg","contentUrl":"https:\/\/tibladin.dk\/wp-content\/uploads\/2022\/09\/tibladin_logo.svg","caption":"Tibladin"},"image":{"@id":"https:\/\/tibladin.dk\/#\/schema\/logo\/image\/"}}]}},"_links":{"self":[{"href":"https:\/\/tibladin.dk\/nl\/wp-json\/wp\/v2\/product\/4825","targetHints":{"allow":["GET"]}}],"collection":[{"href":"https:\/\/tibladin.dk\/nl\/wp-json\/wp\/v2\/product"}],"about":[{"href":"https:\/\/tibladin.dk\/nl\/wp-json\/wp\/v2\/types\/product"}],"wp:featuredmedia":[{"embeddable":true,"href":"https:\/\/tibladin.dk\/nl\/wp-json\/wp\/v2\/media\/5060"}],"wp:attachment":[{"href":"https:\/\/tibladin.dk\/nl\/wp-json\/wp\/v2\/media?parent=4825"}],"wp:term":[{"taxonomy":"product_brand","embeddable":true,"href":"https:\/\/tibladin.dk\/nl\/wp-json\/wp\/v2\/product_brand?post=4825"},{"taxonomy":"product_cat","embeddable":true,"href":"https:\/\/tibladin.dk\/nl\/wp-json\/wp\/v2\/product_cat?post=4825"},{"taxonomy":"product_tag","embeddable":true,"href":"https:\/\/tibladin.dk\/nl\/wp-json\/wp\/v2\/product_tag?post=4825"}],"curies":[{"name":"wp","href":"https:\/\/api.w.org\/{rel}","templated":true}]}}