{"id":4943,"date":"2022-11-08T14:44:59","date_gmt":"2022-11-08T13:44:59","guid":{"rendered":"https:\/\/tibladin.dk\/?post_type=product&#038;p=4943"},"modified":"2025-12-15T16:50:38","modified_gmt":"2025-12-15T15:50:38","slug":"kussensloop-van-vintage-vloerkleed-sahara-woestijn-38x38","status":"publish","type":"product","link":"https:\/\/tibladin.dk\/nl\/produkt\/pudebetraek-af-vintage-taeppe-sahara-desert-38x38\/","title":{"rendered":"Kussenhoes van vintage vloerkleed SAHARA DESERT 38\u00d738"},"content":{"rendered":"<div class=\"wpb-content-wrapper\"><div class=\"vc_row wpb_row vc_row-fluid\"><div class=\"wpb_column vc_column_container vc_col-sm-4\"><div class=\"vc_column-inner\"><div class=\"wpb_wrapper\"><\/div><\/div><\/div><div class=\"wpb_column vc_column_container vc_col-sm-4\"><div class=\"vc_column-inner\"><div class=\"wpb_wrapper\"><h3 style=\"text-align: left\" class=\"vc_custom_heading vc_do_custom_heading\" >Onderhoud<\/h3>\n\t<div class=\"wpb_text_column wpb_content_element\" >\n\t\t<div class=\"wpb_wrapper\">\n\t\t\t<p>De kussenslopen zijn gemaakt van vintage wollen Kelim-tapijten met een achterkant van kiria-katoen. Stomerij bij een stomerij. Omdat de hoezen delen van vintage Kelim-tapijten bevatten, zullen er gebruikssporen op zitten, wat slechts een deel van de charme is.<\/p>\n\n\t\t<\/div>\n\t<\/div>\n<\/div><\/div><\/div><div class=\"wpb_column vc_column_container vc_col-sm-4\"><div class=\"vc_column-inner\"><div class=\"wpb_wrapper\"><h3 style=\"text-align: left\" class=\"vc_custom_heading vc_do_custom_heading\" >Het verhaal erachter<\/h3>\n\t<div class=\"wpb_text_column wpb_content_element\" >\n\t\t<div class=\"wpb_wrapper\">\n\t\t\t<p>Deze prachtige handgemaakte kussenhoezen zijn gemaakt van kiria-katoen en vintage wollen kelim-tapijten. De voorkant van de kussensloop bestaat uit vintage Berber Kelim-tapijten, terwijl de achterkant van kiria-katoen is. Hier worden vintage vloerkleden uit Marokko nieuw leven ingeblazen in een kussenhoes die de warme tinten van het katoen combineert met de prachtige stoffen en patronen van de kelim-tapijten. De prachtige zandkleurige panelen aan de voorkant van het kussen zijn eveneens van vintage Kelim-tapijten. De prachtige vintage tapijten brengen kleuren en spannende patronen in huis en afhankelijk van welk vintage tapijt we hebben gekozen, krijg je een geheel uniek kussen. De kussens passen perfect in het Scandinavische huis, waar de warme kleuren en patronen een eenvoudige en tijdloze stijl complementeren. Ontwikkeld in samenwerking met ontwerper uit Marrakech.<\/p>\n<p>De hoezen zijn voorzien van een sterke ritssluiting, zodat ze eenvoudig kunnen worden verwijderd en gereinigd.<\/p>\n<p>De hoezen zijn 38 x 38<\/p>\n\n\t\t<\/div>\n\t<\/div>\n<\/div><\/div><\/div><\/div>\n<\/div>","protected":false},"excerpt":{"rendered":"<p><span data-sheets-value=\"{&quot;1&quot;:2,&quot;2&quot;:&quot;Smukke enkelte pudebetr\u00e6k. Alle LAVANDER LOVE kommer fra samme vintage t\u00e6ppe. Vi har udnyttet hver en cm. af t\u00e6ppet og skabt unikke puder i forskellige st\u00f8rrelser og motiver. Denne pude er der blevet 3 ens udaf.&quot;}\" data-sheets-userformat=\"{&quot;2&quot;:15293,&quot;3&quot;:{&quot;1&quot;:0},&quot;5&quot;:{&quot;1&quot;:[{&quot;1&quot;:2,&quot;2&quot;:0,&quot;5&quot;:{&quot;1&quot;:2,&quot;2&quot;:0}},{&quot;1&quot;:0,&quot;2&quot;:0,&quot;3&quot;:3},{&quot;1&quot;:1,&quot;2&quot;:0,&quot;4&quot;:1}]},&quot;6&quot;:{&quot;1&quot;:[{&quot;1&quot;:2,&quot;2&quot;:0,&quot;5&quot;:{&quot;1&quot;:2,&quot;2&quot;:0}},{&quot;1&quot;:0,&quot;2&quot;:0,&quot;3&quot;:3},{&quot;1&quot;:1,&quot;2&quot;:0,&quot;4&quot;:1}]},&quot;7&quot;:{&quot;1&quot;:[{&quot;1&quot;:2,&quot;2&quot;:0,&quot;5&quot;:{&quot;1&quot;:2,&quot;2&quot;:0}},{&quot;1&quot;:0,&quot;2&quot;:0,&quot;3&quot;:3},{&quot;1&quot;:1,&quot;2&quot;:0,&quot;4&quot;:1}]},&quot;8&quot;:{&quot;1&quot;:[{&quot;1&quot;:2,&quot;2&quot;:0,&quot;5&quot;:{&quot;1&quot;:2,&quot;2&quot;:0}},{&quot;1&quot;:0,&quot;2&quot;:0,&quot;3&quot;:3},{&quot;1&quot;:1,&quot;2&quot;:0,&quot;4&quot;:1}]},&quot;10&quot;:0,&quot;11&quot;:4,&quot;12&quot;:0,&quot;14&quot;:{&quot;1&quot;:2,&quot;2&quot;:0},&quot;15&quot;:&quot;Helvetica Neue&quot;,&quot;16&quot;:10}\">Smukke enkelte pudebetr\u00e6k af vintage berbert\u00e6ppe i br\u00e6ndte brunlige, r\u00f8dlige og orange farver. Vi har udnyttet hver en cm. af t\u00e6ppet og skabt unikke puder i forskellige st\u00f8rrelser og motiver.<\/span><\/p>\n<p><span data-sheets-value=\"{&quot;1&quot;:2,&quot;2&quot;:&quot;Smukke enkelte pudebetr\u00e6k. Alle LAVANDER LOVE kommer fra samme vintage t\u00e6ppe. Vi har udnyttet hver en cm. af t\u00e6ppet og skabt unikke puder i forskellige st\u00f8rrelser og motiver. Denne pude er der blevet 4 smukke 60x60 puder udaf - alle forskellige, men passer smukt sammen. Der kan v\u00e6re lidt forskel p\u00e5 st\u00f8rrelsen&quot;}\" data-sheets-userformat=\"{&quot;2&quot;:15293,&quot;3&quot;:{&quot;1&quot;:0},&quot;5&quot;:{&quot;1&quot;:[{&quot;1&quot;:2,&quot;2&quot;:0,&quot;5&quot;:{&quot;1&quot;:2,&quot;2&quot;:0}},{&quot;1&quot;:0,&quot;2&quot;:0,&quot;3&quot;:3},{&quot;1&quot;:1,&quot;2&quot;:0,&quot;4&quot;:1}]},&quot;6&quot;:{&quot;1&quot;:[{&quot;1&quot;:2,&quot;2&quot;:0,&quot;5&quot;:{&quot;1&quot;:2,&quot;2&quot;:0}},{&quot;1&quot;:0,&quot;2&quot;:0,&quot;3&quot;:3},{&quot;1&quot;:1,&quot;2&quot;:0,&quot;4&quot;:1}]},&quot;7&quot;:{&quot;1&quot;:[{&quot;1&quot;:2,&quot;2&quot;:0,&quot;5&quot;:{&quot;1&quot;:2,&quot;2&quot;:0}},{&quot;1&quot;:0,&quot;2&quot;:0,&quot;3&quot;:3},{&quot;1&quot;:1,&quot;2&quot;:0,&quot;4&quot;:1}]},&quot;8&quot;:{&quot;1&quot;:[{&quot;1&quot;:2,&quot;2&quot;:0,&quot;5&quot;:{&quot;1&quot;:2,&quot;2&quot;:0}},{&quot;1&quot;:0,&quot;2&quot;:0,&quot;3&quot;:3},{&quot;1&quot;:1,&quot;2&quot;:0,&quot;4&quot;:1}]},&quot;10&quot;:0,&quot;11&quot;:4,&quot;12&quot;:0,&quot;14&quot;:{&quot;1&quot;:2,&quot;2&quot;:0},&quot;15&quot;:&quot;Helvetica Neue&quot;,&quot;16&quot;:10}\">Betr\u00e6kket passer p\u00e5 puder i st\u00f8rrelsen 38 x 38. Der kan forekomme sm\u00e5 forskeligheder i st\u00f8rrelsen<\/span><\/p>\n","protected":false},"featured_media":5826,"template":"","meta":{"inline_featured_image":false},"product_brand":[],"product_cat":[66,163,37],"product_tag":[],"class_list":{"0":"post-4943","1":"product","2":"type-product","3":"status-publish","4":"has-post-thumbnail","6":"product_cat-pudebetraek","7":"product_cat-puder-af-vintagetaepper","8":"product_cat-tekstiler","10":"first","11":"instock","12":"taxable","13":"shipping-taxable","14":"purchasable","15":"product-type-variable"},"exclude_global_add_ons":false,"addons":[{"name":"Wilt u een cadeauverpakking?","type":"checkbox","position":0,"required":false,"title_format":"label","default":"","description_enable":false,"description":"","placeholder_enable":false,"placeholder":"","display":"images","restrictions_type":"any_text","adjust_price":false,"price":"","price_type":"flat_fee","restrictions":false,"min":"0","max":"0","options":[{"label":"Ja tak","price":"10","price_type":"flat_fee","image":11015,"visibility":true}],"id":1669646111},{"name":"Ontvang uw kussensloop geleverd met montagekussen in 100 % katoen en vulling van 100% dons\/veren","type":"checkbox","position":0,"required":false,"title_format":"label","default":"","description_enable":false,"description":"","placeholder_enable":false,"placeholder":"","display":"images","restrictions_type":"any_text","adjust_price":false,"price":"","price_type":"flat_fee","restrictions":false,"min":"0","max":"0","options":[{"label":"Ja tak","price":"125","price_type":"quantity_based","image":11025,"visibility":true}],"id":1760629331}],"yoast_head":"<!-- This site is optimized with the Yoast SEO plugin v27.4 - https:\/\/yoast.com\/product\/yoast-seo-wordpress\/ -->\n<title>Pudebetr\u00e6k af vintage t\u00e6ppe SAHARA DESERT 38x38<\/title>\n<meta name=\"description\" content=\"Flotte pudebetr\u00e6k af vintage t\u00e6pper med flot m\u00f8nster og design. Passer til 38x38cm. F\u00e5es i 4 forskellige motiver. Stort udvalg\" \/>\n<meta name=\"robots\" content=\"index, follow, max-snippet:-1, max-image-preview:large, max-video-preview:-1\" \/>\n<link rel=\"canonical\" href=\"https:\/\/tibladin.dk\/nl\/product-2\/kussensloop-van-vintage-vloerkleed-sahara-woestijn-38x38\/\" \/>\n<meta property=\"og:locale\" content=\"nl_NL\" \/>\n<meta property=\"og:type\" content=\"article\" \/>\n<meta property=\"og:title\" content=\"Pudebetr\u00e6k af vintage t\u00e6ppe SAHARA DESERT 38x38\" \/>\n<meta property=\"og:description\" content=\"Flotte pudebetr\u00e6k af vintage t\u00e6pper med flot m\u00f8nster og design. Passer til 38x38cm. F\u00e5es i 4 forskellige motiver. Stort udvalg\" \/>\n<meta property=\"og:url\" content=\"https:\/\/tibladin.dk\/nl\/product-2\/kussensloop-van-vintage-vloerkleed-sahara-woestijn-38x38\/\" \/>\n<meta property=\"og:site_name\" content=\"Tibladin\" \/>\n<meta property=\"article:modified_time\" content=\"2025-12-15T15:50:38+00:00\" \/>\n<meta property=\"og:image\" content=\"https:\/\/tibladin.dk\/wp-content\/uploads\/2022\/11\/Sahara-dessert-motiv-2.jpg\" \/>\n\t<meta property=\"og:image:width\" content=\"800\" \/>\n\t<meta property=\"og:image:height\" content=\"800\" \/>\n\t<meta property=\"og:image:type\" content=\"image\/jpeg\" \/>\n<meta name=\"twitter:card\" content=\"summary_large_image\" \/>\n<meta name=\"twitter:label1\" content=\"Geschatte leestijd\" \/>\n\t<meta name=\"twitter:data1\" content=\"2 minuten\" \/>\n<script type=\"application\/ld+json\" class=\"yoast-schema-graph\">{\"@context\":\"https:\\\/\\\/schema.org\",\"@graph\":[{\"@type\":\"WebPage\",\"@id\":\"https:\\\/\\\/tibladin.dk\\\/produkt\\\/pudebetraek-af-vintage-taeppe-sahara-desert-38x38\\\/\",\"url\":\"https:\\\/\\\/tibladin.dk\\\/produkt\\\/pudebetraek-af-vintage-taeppe-sahara-desert-38x38\\\/\",\"name\":\"Pudebetr\u00e6k af vintage t\u00e6ppe SAHARA DESERT 38x38\",\"isPartOf\":{\"@id\":\"https:\\\/\\\/tibladin.dk\\\/#website\"},\"primaryImageOfPage\":{\"@id\":\"https:\\\/\\\/tibladin.dk\\\/produkt\\\/pudebetraek-af-vintage-taeppe-sahara-desert-38x38\\\/#primaryimage\"},\"image\":{\"@id\":\"https:\\\/\\\/tibladin.dk\\\/produkt\\\/pudebetraek-af-vintage-taeppe-sahara-desert-38x38\\\/#primaryimage\"},\"thumbnailUrl\":\"https:\\\/\\\/tibladin.dk\\\/wp-content\\\/uploads\\\/2022\\\/11\\\/Sahara-dessert-motiv-2.jpg\",\"datePublished\":\"2022-11-08T13:44:59+00:00\",\"dateModified\":\"2025-12-15T15:50:38+00:00\",\"description\":\"Flotte pudebetr\u00e6k af vintage t\u00e6pper med flot m\u00f8nster og design. Passer til 38x38cm. F\u00e5es i 4 forskellige motiver. Stort udvalg\",\"breadcrumb\":{\"@id\":\"https:\\\/\\\/tibladin.dk\\\/produkt\\\/pudebetraek-af-vintage-taeppe-sahara-desert-38x38\\\/#breadcrumb\"},\"inLanguage\":\"nl-NL\",\"potentialAction\":[{\"@type\":\"ReadAction\",\"target\":[\"https:\\\/\\\/tibladin.dk\\\/produkt\\\/pudebetraek-af-vintage-taeppe-sahara-desert-38x38\\\/\"]}]},{\"@type\":\"ImageObject\",\"inLanguage\":\"nl-NL\",\"@id\":\"https:\\\/\\\/tibladin.dk\\\/produkt\\\/pudebetraek-af-vintage-taeppe-sahara-desert-38x38\\\/#primaryimage\",\"url\":\"https:\\\/\\\/tibladin.dk\\\/wp-content\\\/uploads\\\/2022\\\/11\\\/Sahara-dessert-motiv-2.jpg\",\"contentUrl\":\"https:\\\/\\\/tibladin.dk\\\/wp-content\\\/uploads\\\/2022\\\/11\\\/Sahara-dessert-motiv-2.jpg\",\"width\":800,\"height\":800,\"caption\":\"Pudebetr\u00e6k af vintage t\u00e6ppe\"},{\"@type\":\"BreadcrumbList\",\"@id\":\"https:\\\/\\\/tibladin.dk\\\/produkt\\\/pudebetraek-af-vintage-taeppe-sahara-desert-38x38\\\/#breadcrumb\",\"itemListElement\":[{\"@type\":\"ListItem\",\"position\":1,\"name\":\"Hjem\",\"item\":\"https:\\\/\\\/tibladin.dk\\\/\"},{\"@type\":\"ListItem\",\"position\":2,\"name\":\"Shop\",\"item\":\"https:\\\/\\\/tibladin.dk\\\/shop\\\/\"},{\"@type\":\"ListItem\",\"position\":3,\"name\":\"Pudebetr\u00e6k af vintage t\u00e6ppe SAHARA DESERT 38&#215;38\"}]},{\"@type\":\"WebSite\",\"@id\":\"https:\\\/\\\/tibladin.dk\\\/#website\",\"url\":\"https:\\\/\\\/tibladin.dk\\\/\",\"name\":\"Tibladin\",\"description\":\"Tibladin\",\"publisher\":{\"@id\":\"https:\\\/\\\/tibladin.dk\\\/#organization\"},\"potentialAction\":[{\"@type\":\"SearchAction\",\"target\":{\"@type\":\"EntryPoint\",\"urlTemplate\":\"https:\\\/\\\/tibladin.dk\\\/?s={search_term_string}\"},\"query-input\":{\"@type\":\"PropertyValueSpecification\",\"valueRequired\":true,\"valueName\":\"search_term_string\"}}],\"inLanguage\":\"nl-NL\"},{\"@type\":\"Organization\",\"@id\":\"https:\\\/\\\/tibladin.dk\\\/#organization\",\"name\":\"Tibladin\",\"url\":\"https:\\\/\\\/tibladin.dk\\\/\",\"logo\":{\"@type\":\"ImageObject\",\"inLanguage\":\"nl-NL\",\"@id\":\"https:\\\/\\\/tibladin.dk\\\/#\\\/schema\\\/logo\\\/image\\\/\",\"url\":\"https:\\\/\\\/tibladin.dk\\\/wp-content\\\/uploads\\\/2022\\\/09\\\/tibladin_logo.svg\",\"contentUrl\":\"https:\\\/\\\/tibladin.dk\\\/wp-content\\\/uploads\\\/2022\\\/09\\\/tibladin_logo.svg\",\"caption\":\"Tibladin\"},\"image\":{\"@id\":\"https:\\\/\\\/tibladin.dk\\\/#\\\/schema\\\/logo\\\/image\\\/\"}}]}<\/script>\n<!-- \/ Yoast SEO plugin. -->","yoast_head_json":{"title":"Kussenhoes van vintage vloerkleed SAHARA DESERT 38x38","description":"Leuke kussenhoezen van vintage tapijten met een leuk patroon en design. Geschikt voor 38x38cm. Verkrijgbaar in 4 verschillende motieven. Grote selectie","robots":{"index":"index","follow":"follow","max-snippet":"max-snippet:-1","max-image-preview":"max-image-preview:large","max-video-preview":"max-video-preview:-1"},"canonical":"https:\/\/tibladin.dk\/nl\/product-2\/kussensloop-van-vintage-vloerkleed-sahara-woestijn-38x38\/","og_locale":"nl_NL","og_type":"article","og_title":"Pudebetr\u00e6k af vintage t\u00e6ppe SAHARA DESERT 38x38","og_description":"Flotte pudebetr\u00e6k af vintage t\u00e6pper med flot m\u00f8nster og design. Passer til 38x38cm. F\u00e5es i 4 forskellige motiver. Stort udvalg","og_url":"https:\/\/tibladin.dk\/nl\/product-2\/kussensloop-van-vintage-vloerkleed-sahara-woestijn-38x38\/","og_site_name":"Tibladin","article_modified_time":"2025-12-15T15:50:38+00:00","og_image":[{"width":800,"height":800,"url":"https:\/\/tibladin.dk\/wp-content\/uploads\/2022\/11\/Sahara-dessert-motiv-2.jpg","type":"image\/jpeg"}],"twitter_card":"summary_large_image","twitter_misc":{"Geschatte leestijd":"2 minuten"},"schema":{"@context":"https:\/\/schema.org","@graph":[{"@type":"WebPage","@id":"https:\/\/tibladin.dk\/produkt\/pudebetraek-af-vintage-taeppe-sahara-desert-38x38\/","url":"https:\/\/tibladin.dk\/produkt\/pudebetraek-af-vintage-taeppe-sahara-desert-38x38\/","name":"Kussenhoes van vintage vloerkleed SAHARA DESERT 38x38","isPartOf":{"@id":"https:\/\/tibladin.dk\/#website"},"primaryImageOfPage":{"@id":"https:\/\/tibladin.dk\/produkt\/pudebetraek-af-vintage-taeppe-sahara-desert-38x38\/#primaryimage"},"image":{"@id":"https:\/\/tibladin.dk\/produkt\/pudebetraek-af-vintage-taeppe-sahara-desert-38x38\/#primaryimage"},"thumbnailUrl":"https:\/\/tibladin.dk\/wp-content\/uploads\/2022\/11\/Sahara-dessert-motiv-2.jpg","datePublished":"2022-11-08T13:44:59+00:00","dateModified":"2025-12-15T15:50:38+00:00","description":"Leuke kussenhoezen van vintage tapijten met een leuk patroon en design. Geschikt voor 38x38cm. Verkrijgbaar in 4 verschillende motieven. Grote selectie","breadcrumb":{"@id":"https:\/\/tibladin.dk\/produkt\/pudebetraek-af-vintage-taeppe-sahara-desert-38x38\/#breadcrumb"},"inLanguage":"nl-NL","potentialAction":[{"@type":"ReadAction","target":["https:\/\/tibladin.dk\/produkt\/pudebetraek-af-vintage-taeppe-sahara-desert-38x38\/"]}]},{"@type":"ImageObject","inLanguage":"nl-NL","@id":"https:\/\/tibladin.dk\/produkt\/pudebetraek-af-vintage-taeppe-sahara-desert-38x38\/#primaryimage","url":"https:\/\/tibladin.dk\/wp-content\/uploads\/2022\/11\/Sahara-dessert-motiv-2.jpg","contentUrl":"https:\/\/tibladin.dk\/wp-content\/uploads\/2022\/11\/Sahara-dessert-motiv-2.jpg","width":800,"height":800,"caption":"Pudebetr\u00e6k af vintage t\u00e6ppe"},{"@type":"BreadcrumbList","@id":"https:\/\/tibladin.dk\/produkt\/pudebetraek-af-vintage-taeppe-sahara-desert-38x38\/#breadcrumb","itemListElement":[{"@type":"ListItem","position":1,"name":"Hjem","item":"https:\/\/tibladin.dk\/"},{"@type":"ListItem","position":2,"name":"Shop","item":"https:\/\/tibladin.dk\/shop\/"},{"@type":"ListItem","position":3,"name":"Pudebetr\u00e6k af vintage t\u00e6ppe SAHARA DESERT 38&#215;38"}]},{"@type":"WebSite","@id":"https:\/\/tibladin.dk\/#website","url":"https:\/\/tibladin.dk\/","name":"Tibladin","description":"Tibladin","publisher":{"@id":"https:\/\/tibladin.dk\/#organization"},"potentialAction":[{"@type":"SearchAction","target":{"@type":"EntryPoint","urlTemplate":"https:\/\/tibladin.dk\/?s={search_term_string}"},"query-input":{"@type":"PropertyValueSpecification","valueRequired":true,"valueName":"search_term_string"}}],"inLanguage":"nl-NL"},{"@type":"Organization","@id":"https:\/\/tibladin.dk\/#organization","name":"Tibladin","url":"https:\/\/tibladin.dk\/","logo":{"@type":"ImageObject","inLanguage":"nl-NL","@id":"https:\/\/tibladin.dk\/#\/schema\/logo\/image\/","url":"https:\/\/tibladin.dk\/wp-content\/uploads\/2022\/09\/tibladin_logo.svg","contentUrl":"https:\/\/tibladin.dk\/wp-content\/uploads\/2022\/09\/tibladin_logo.svg","caption":"Tibladin"},"image":{"@id":"https:\/\/tibladin.dk\/#\/schema\/logo\/image\/"}}]}},"_links":{"self":[{"href":"https:\/\/tibladin.dk\/nl\/wp-json\/wp\/v2\/product\/4943","targetHints":{"allow":["GET"]}}],"collection":[{"href":"https:\/\/tibladin.dk\/nl\/wp-json\/wp\/v2\/product"}],"about":[{"href":"https:\/\/tibladin.dk\/nl\/wp-json\/wp\/v2\/types\/product"}],"wp:featuredmedia":[{"embeddable":true,"href":"https:\/\/tibladin.dk\/nl\/wp-json\/wp\/v2\/media\/5826"}],"wp:attachment":[{"href":"https:\/\/tibladin.dk\/nl\/wp-json\/wp\/v2\/media?parent=4943"}],"wp:term":[{"taxonomy":"product_brand","embeddable":true,"href":"https:\/\/tibladin.dk\/nl\/wp-json\/wp\/v2\/product_brand?post=4943"},{"taxonomy":"product_cat","embeddable":true,"href":"https:\/\/tibladin.dk\/nl\/wp-json\/wp\/v2\/product_cat?post=4943"},{"taxonomy":"product_tag","embeddable":true,"href":"https:\/\/tibladin.dk\/nl\/wp-json\/wp\/v2\/product_tag?post=4943"}],"curies":[{"name":"wp","href":"https:\/\/api.w.org\/{rel}","templated":true}]}}