{"id":5009,"date":"2022-11-09T11:10:00","date_gmt":"2022-11-09T10:10:00","guid":{"rendered":"https:\/\/tibladin.dk\/?post_type=product&#038;p=5009"},"modified":"2025-11-21T20:31:26","modified_gmt":"2025-11-21T19:31:26","slug":"kandelaarvaas-in-wit-tamegroot-30cm","status":"publish","type":"product","link":"https:\/\/tibladin.dk\/nl\/produkt\/lysestage-vase-i-hvid-tamegroute-30cm\/","title":{"rendered":"Kandelaar\/vaas in wit Tamegroute 30cm"},"content":{"rendered":"<div class=\"wpb-content-wrapper\"><div class=\"vc_row wpb_row vc_row-fluid\"><div class=\"wpb_column vc_column_container vc_col-sm-4\"><div class=\"vc_column-inner\"><div class=\"wpb_wrapper\"><\/div><\/div><\/div><div class=\"wpb_column vc_column_container vc_col-sm-4\"><div class=\"vc_column-inner\"><div class=\"wpb_wrapper\"><h3 style=\"text-align: left\" class=\"vc_custom_heading vc_do_custom_heading\" >Onderhoud<\/h3>\n\t<div class=\"wpb_text_column wpb_content_element\" >\n\t\t<div class=\"wpb_wrapper\">\n\t\t\t<p>Kan worden afgestoft met een stofdoek.<\/p>\n\n\t\t<\/div>\n\t<\/div>\n<\/div><\/div><\/div><div class=\"wpb_column vc_column_container vc_col-sm-4\"><div class=\"vc_column-inner\"><div class=\"wpb_wrapper\"><h3 style=\"text-align: left\" class=\"vc_custom_heading vc_do_custom_heading\" >Het verhaal erachter<\/h3>\n\t<div class=\"wpb_text_column wpb_content_element\" >\n\t\t<div class=\"wpb_wrapper\">\n\t\t\t<p>Tamegroute-aardewerk is een traditionele manier van aardewerk maken die afkomstig is van Marokkaanse mensen in de Zagora-regio. De manier waarop het gemaakt is en de unieke groene kleur kenmerken het keramiek het beste. Door de manier waarop het gemaakt is, heeft het keramiek een zeer tastbaar oppervlak. Naast dat het handgemaakt is, kunnen er ook diverse kleine variaties in maten, kleuren en coating en onvolkomenheden in het keramiek voorkomen. Het maakt deel uit van de charme dat het uniek is en het geeft het keramiek meer karakter.<\/p>\n\n\t\t<\/div>\n\t<\/div>\n<\/div><\/div><\/div><\/div>\n<\/div>","protected":false},"excerpt":{"rendered":"<p><span data-sheets-value=\"{&quot;1&quot;:2,&quot;2&quot;:&quot;smuk r\u00e5 lysestage\/vase i hvid ubehandlet tamegroute. Vasen Brug den som pynt, som lysestage, eller til vase til t\u00f8rrede blomster&quot;}\" data-sheets-userformat=\"{&quot;2&quot;:15293,&quot;3&quot;:{&quot;1&quot;:0},&quot;5&quot;:{&quot;1&quot;:[{&quot;1&quot;:2,&quot;2&quot;:0,&quot;5&quot;:{&quot;1&quot;:2,&quot;2&quot;:0}},{&quot;1&quot;:0,&quot;2&quot;:0,&quot;3&quot;:3},{&quot;1&quot;:1,&quot;2&quot;:0,&quot;4&quot;:1}]},&quot;6&quot;:{&quot;1&quot;:[{&quot;1&quot;:2,&quot;2&quot;:0,&quot;5&quot;:{&quot;1&quot;:2,&quot;2&quot;:0}},{&quot;1&quot;:0,&quot;2&quot;:0,&quot;3&quot;:3},{&quot;1&quot;:1,&quot;2&quot;:0,&quot;4&quot;:1}]},&quot;7&quot;:{&quot;1&quot;:[{&quot;1&quot;:2,&quot;2&quot;:0,&quot;5&quot;:{&quot;1&quot;:2,&quot;2&quot;:0}},{&quot;1&quot;:0,&quot;2&quot;:0,&quot;3&quot;:3},{&quot;1&quot;:1,&quot;2&quot;:0,&quot;4&quot;:1}]},&quot;8&quot;:{&quot;1&quot;:[{&quot;1&quot;:2,&quot;2&quot;:0,&quot;5&quot;:{&quot;1&quot;:2,&quot;2&quot;:0}},{&quot;1&quot;:0,&quot;2&quot;:0,&quot;3&quot;:3},{&quot;1&quot;:1,&quot;2&quot;:0,&quot;4&quot;:1}]},&quot;10&quot;:0,&quot;11&quot;:4,&quot;12&quot;:0,&quot;14&quot;:{&quot;1&quot;:2,&quot;2&quot;:0},&quot;15&quot;:&quot;Helvetica Neue&quot;,&quot;16&quot;:10}\">Smuk r\u00e5 lysestage \/ vase i hvid ubehandlet tamegroute keramik. Brug den som pynt, som lysestage, eller til vase til t\u00f8rrede blomster.<\/span><\/p>\n<p>Smukke runde former<\/p>\n<p>Vasen m\u00e5ler 30 cm\u00a0 i h\u00f8jde.<\/p>\n<p>Der kan forekomme forskellige sm\u00e5 variationer i st\u00f8rrelser, farver og bel\u00e6gningen, da Tamegroute keramik er h\u00e5ndlavet p\u00e5 en meget speciel m\u00e5de.<\/p>\n","protected":false},"featured_media":5382,"template":"","meta":{"inline_featured_image":false},"product_brand":[],"product_cat":[138],"product_tag":[],"class_list":{"0":"post-5009","1":"product","2":"type-product","3":"status-publish","4":"has-post-thumbnail","6":"product_cat-tamegroute-keramik","8":"first","9":"instock","10":"taxable","11":"shipping-taxable","12":"purchasable","13":"product-type-simple"},"exclude_global_add_ons":false,"addons":[{"name":"Wilt u een cadeauverpakking?","type":"checkbox","position":0,"required":false,"title_format":"label","default":"","description_enable":false,"description":"","placeholder_enable":false,"placeholder":"","display":"images","restrictions_type":"any_text","adjust_price":false,"price":"","price_type":"flat_fee","restrictions":false,"min":"0","max":"0","options":[{"label":"Ja tak","price":"10","price_type":"flat_fee","image":11015,"visibility":true}],"id":1669646111}],"yoast_head":"<!-- This site is optimized with the Yoast SEO plugin v27.5 - https:\/\/yoast.com\/product\/yoast-seo-wordpress\/ -->\n<title>Lysestage\/vase i hvid Tamegroute 30cm<\/title>\n<meta name=\"description\" content=\"Smuk lysestage \/ vase i hvid tamegroute keramik. Stort udvalg af den smukke Tamegroute keramik, som er h\u00e5ndlavet i Marokko.\" \/>\n<meta name=\"robots\" content=\"index, follow, max-snippet:-1, max-image-preview:large, max-video-preview:-1\" \/>\n<link rel=\"canonical\" href=\"https:\/\/tibladin.dk\/nl\/product-2\/kandelaarvaas-in-wit-tamegroot-30cm\/\" \/>\n<meta property=\"og:locale\" content=\"nl_NL\" \/>\n<meta property=\"og:type\" content=\"article\" \/>\n<meta property=\"og:title\" content=\"Lysestage\/vase i hvid Tamegroute 30cm\" \/>\n<meta property=\"og:description\" content=\"Smuk lysestage \/ vase i hvid tamegroute keramik. Stort udvalg af den smukke Tamegroute keramik, som er h\u00e5ndlavet i Marokko.\" \/>\n<meta property=\"og:url\" content=\"https:\/\/tibladin.dk\/nl\/product-2\/kandelaarvaas-in-wit-tamegroot-30cm\/\" \/>\n<meta property=\"og:site_name\" content=\"Tibladin\" \/>\n<meta property=\"article:modified_time\" content=\"2025-11-21T19:31:26+00:00\" \/>\n<meta property=\"og:image\" content=\"https:\/\/tibladin.dk\/wp-content\/uploads\/2022\/11\/Rund-vase-lysestage-i-hvis-Tamegroute-.jpg\" \/>\n\t<meta property=\"og:image:width\" content=\"800\" \/>\n\t<meta property=\"og:image:height\" content=\"800\" \/>\n\t<meta property=\"og:image:type\" content=\"image\/jpeg\" \/>\n<meta name=\"twitter:card\" content=\"summary_large_image\" \/>\n<meta name=\"twitter:label1\" content=\"Geschatte leestijd\" \/>\n\t<meta name=\"twitter:data1\" content=\"1 minuut\" \/>\n<script type=\"application\/ld+json\" class=\"yoast-schema-graph\">{\"@context\":\"https:\\\/\\\/schema.org\",\"@graph\":[{\"@type\":\"WebPage\",\"@id\":\"https:\\\/\\\/tibladin.dk\\\/produkt\\\/lysestage-vase-i-hvid-tamegroute-30cm\\\/\",\"url\":\"https:\\\/\\\/tibladin.dk\\\/produkt\\\/lysestage-vase-i-hvid-tamegroute-30cm\\\/\",\"name\":\"Lysestage\\\/vase i hvid Tamegroute 30cm\",\"isPartOf\":{\"@id\":\"https:\\\/\\\/tibladin.dk\\\/#website\"},\"primaryImageOfPage\":{\"@id\":\"https:\\\/\\\/tibladin.dk\\\/produkt\\\/lysestage-vase-i-hvid-tamegroute-30cm\\\/#primaryimage\"},\"image\":{\"@id\":\"https:\\\/\\\/tibladin.dk\\\/produkt\\\/lysestage-vase-i-hvid-tamegroute-30cm\\\/#primaryimage\"},\"thumbnailUrl\":\"https:\\\/\\\/tibladin.dk\\\/wp-content\\\/uploads\\\/2022\\\/11\\\/Rund-vase-lysestage-i-hvis-Tamegroute-.jpg\",\"datePublished\":\"2022-11-09T10:10:00+00:00\",\"dateModified\":\"2025-11-21T19:31:26+00:00\",\"description\":\"Smuk lysestage \\\/ vase i hvid tamegroute keramik. Stort udvalg af den smukke Tamegroute keramik, som er h\u00e5ndlavet i Marokko.\",\"breadcrumb\":{\"@id\":\"https:\\\/\\\/tibladin.dk\\\/produkt\\\/lysestage-vase-i-hvid-tamegroute-30cm\\\/#breadcrumb\"},\"inLanguage\":\"nl-NL\",\"potentialAction\":[{\"@type\":\"ReadAction\",\"target\":[\"https:\\\/\\\/tibladin.dk\\\/produkt\\\/lysestage-vase-i-hvid-tamegroute-30cm\\\/\"]}]},{\"@type\":\"ImageObject\",\"inLanguage\":\"nl-NL\",\"@id\":\"https:\\\/\\\/tibladin.dk\\\/produkt\\\/lysestage-vase-i-hvid-tamegroute-30cm\\\/#primaryimage\",\"url\":\"https:\\\/\\\/tibladin.dk\\\/wp-content\\\/uploads\\\/2022\\\/11\\\/Rund-vase-lysestage-i-hvis-Tamegroute-.jpg\",\"contentUrl\":\"https:\\\/\\\/tibladin.dk\\\/wp-content\\\/uploads\\\/2022\\\/11\\\/Rund-vase-lysestage-i-hvis-Tamegroute-.jpg\",\"width\":800,\"height\":800,\"caption\":\"Vase i hvid tamegroute\"},{\"@type\":\"BreadcrumbList\",\"@id\":\"https:\\\/\\\/tibladin.dk\\\/produkt\\\/lysestage-vase-i-hvid-tamegroute-30cm\\\/#breadcrumb\",\"itemListElement\":[{\"@type\":\"ListItem\",\"position\":1,\"name\":\"Hjem\",\"item\":\"https:\\\/\\\/tibladin.dk\\\/\"},{\"@type\":\"ListItem\",\"position\":2,\"name\":\"Shop\",\"item\":\"https:\\\/\\\/tibladin.dk\\\/shop\\\/\"},{\"@type\":\"ListItem\",\"position\":3,\"name\":\"Lysestage\\\/vase i hvid Tamegroute 30cm\"}]},{\"@type\":\"WebSite\",\"@id\":\"https:\\\/\\\/tibladin.dk\\\/#website\",\"url\":\"https:\\\/\\\/tibladin.dk\\\/\",\"name\":\"Tibladin\",\"description\":\"Tibladin\",\"publisher\":{\"@id\":\"https:\\\/\\\/tibladin.dk\\\/#organization\"},\"potentialAction\":[{\"@type\":\"SearchAction\",\"target\":{\"@type\":\"EntryPoint\",\"urlTemplate\":\"https:\\\/\\\/tibladin.dk\\\/?s={search_term_string}\"},\"query-input\":{\"@type\":\"PropertyValueSpecification\",\"valueRequired\":true,\"valueName\":\"search_term_string\"}}],\"inLanguage\":\"nl-NL\"},{\"@type\":\"Organization\",\"@id\":\"https:\\\/\\\/tibladin.dk\\\/#organization\",\"name\":\"Tibladin\",\"url\":\"https:\\\/\\\/tibladin.dk\\\/\",\"logo\":{\"@type\":\"ImageObject\",\"inLanguage\":\"nl-NL\",\"@id\":\"https:\\\/\\\/tibladin.dk\\\/#\\\/schema\\\/logo\\\/image\\\/\",\"url\":\"https:\\\/\\\/tibladin.dk\\\/wp-content\\\/uploads\\\/2022\\\/09\\\/tibladin_logo.svg\",\"contentUrl\":\"https:\\\/\\\/tibladin.dk\\\/wp-content\\\/uploads\\\/2022\\\/09\\\/tibladin_logo.svg\",\"caption\":\"Tibladin\"},\"image\":{\"@id\":\"https:\\\/\\\/tibladin.dk\\\/#\\\/schema\\\/logo\\\/image\\\/\"}}]}<\/script>\n<!-- \/ Yoast SEO plugin. -->","yoast_head_json":{"title":"Kandelaar\/vaas in wit Tamegroute 30cm","description":"Prachtige kandelaar\/vaas in wit tamegroute keramiek. Grote selectie van het prachtige Tamegroute keramiek, handgemaakt in Marokko.","robots":{"index":"index","follow":"follow","max-snippet":"max-snippet:-1","max-image-preview":"max-image-preview:large","max-video-preview":"max-video-preview:-1"},"canonical":"https:\/\/tibladin.dk\/nl\/product-2\/kandelaarvaas-in-wit-tamegroot-30cm\/","og_locale":"nl_NL","og_type":"article","og_title":"Lysestage\/vase i hvid Tamegroute 30cm","og_description":"Smuk lysestage \/ vase i hvid tamegroute keramik. Stort udvalg af den smukke Tamegroute keramik, som er h\u00e5ndlavet i Marokko.","og_url":"https:\/\/tibladin.dk\/nl\/product-2\/kandelaarvaas-in-wit-tamegroot-30cm\/","og_site_name":"Tibladin","article_modified_time":"2025-11-21T19:31:26+00:00","og_image":[{"width":800,"height":800,"url":"https:\/\/tibladin.dk\/wp-content\/uploads\/2022\/11\/Rund-vase-lysestage-i-hvis-Tamegroute-.jpg","type":"image\/jpeg"}],"twitter_card":"summary_large_image","twitter_misc":{"Geschatte leestijd":"1 minuut"},"schema":{"@context":"https:\/\/schema.org","@graph":[{"@type":"WebPage","@id":"https:\/\/tibladin.dk\/produkt\/lysestage-vase-i-hvid-tamegroute-30cm\/","url":"https:\/\/tibladin.dk\/produkt\/lysestage-vase-i-hvid-tamegroute-30cm\/","name":"Kandelaar\/vaas in wit Tamegroute 30cm","isPartOf":{"@id":"https:\/\/tibladin.dk\/#website"},"primaryImageOfPage":{"@id":"https:\/\/tibladin.dk\/produkt\/lysestage-vase-i-hvid-tamegroute-30cm\/#primaryimage"},"image":{"@id":"https:\/\/tibladin.dk\/produkt\/lysestage-vase-i-hvid-tamegroute-30cm\/#primaryimage"},"thumbnailUrl":"https:\/\/tibladin.dk\/wp-content\/uploads\/2022\/11\/Rund-vase-lysestage-i-hvis-Tamegroute-.jpg","datePublished":"2022-11-09T10:10:00+00:00","dateModified":"2025-11-21T19:31:26+00:00","description":"Prachtige kandelaar\/vaas in wit tamegroute keramiek. Grote selectie van het prachtige Tamegroute keramiek, handgemaakt in Marokko.","breadcrumb":{"@id":"https:\/\/tibladin.dk\/produkt\/lysestage-vase-i-hvid-tamegroute-30cm\/#breadcrumb"},"inLanguage":"nl-NL","potentialAction":[{"@type":"ReadAction","target":["https:\/\/tibladin.dk\/produkt\/lysestage-vase-i-hvid-tamegroute-30cm\/"]}]},{"@type":"ImageObject","inLanguage":"nl-NL","@id":"https:\/\/tibladin.dk\/produkt\/lysestage-vase-i-hvid-tamegroute-30cm\/#primaryimage","url":"https:\/\/tibladin.dk\/wp-content\/uploads\/2022\/11\/Rund-vase-lysestage-i-hvis-Tamegroute-.jpg","contentUrl":"https:\/\/tibladin.dk\/wp-content\/uploads\/2022\/11\/Rund-vase-lysestage-i-hvis-Tamegroute-.jpg","width":800,"height":800,"caption":"Vase i hvid tamegroute"},{"@type":"BreadcrumbList","@id":"https:\/\/tibladin.dk\/produkt\/lysestage-vase-i-hvid-tamegroute-30cm\/#breadcrumb","itemListElement":[{"@type":"ListItem","position":1,"name":"Hjem","item":"https:\/\/tibladin.dk\/"},{"@type":"ListItem","position":2,"name":"Shop","item":"https:\/\/tibladin.dk\/shop\/"},{"@type":"ListItem","position":3,"name":"Lysestage\/vase i hvid Tamegroute 30cm"}]},{"@type":"WebSite","@id":"https:\/\/tibladin.dk\/#website","url":"https:\/\/tibladin.dk\/","name":"Tibladin","description":"Tibladin","publisher":{"@id":"https:\/\/tibladin.dk\/#organization"},"potentialAction":[{"@type":"SearchAction","target":{"@type":"EntryPoint","urlTemplate":"https:\/\/tibladin.dk\/?s={search_term_string}"},"query-input":{"@type":"PropertyValueSpecification","valueRequired":true,"valueName":"search_term_string"}}],"inLanguage":"nl-NL"},{"@type":"Organization","@id":"https:\/\/tibladin.dk\/#organization","name":"Tibladin","url":"https:\/\/tibladin.dk\/","logo":{"@type":"ImageObject","inLanguage":"nl-NL","@id":"https:\/\/tibladin.dk\/#\/schema\/logo\/image\/","url":"https:\/\/tibladin.dk\/wp-content\/uploads\/2022\/09\/tibladin_logo.svg","contentUrl":"https:\/\/tibladin.dk\/wp-content\/uploads\/2022\/09\/tibladin_logo.svg","caption":"Tibladin"},"image":{"@id":"https:\/\/tibladin.dk\/#\/schema\/logo\/image\/"}}]}},"_links":{"self":[{"href":"https:\/\/tibladin.dk\/nl\/wp-json\/wp\/v2\/product\/5009","targetHints":{"allow":["GET"]}}],"collection":[{"href":"https:\/\/tibladin.dk\/nl\/wp-json\/wp\/v2\/product"}],"about":[{"href":"https:\/\/tibladin.dk\/nl\/wp-json\/wp\/v2\/types\/product"}],"wp:featuredmedia":[{"embeddable":true,"href":"https:\/\/tibladin.dk\/nl\/wp-json\/wp\/v2\/media\/5382"}],"wp:attachment":[{"href":"https:\/\/tibladin.dk\/nl\/wp-json\/wp\/v2\/media?parent=5009"}],"wp:term":[{"taxonomy":"product_brand","embeddable":true,"href":"https:\/\/tibladin.dk\/nl\/wp-json\/wp\/v2\/product_brand?post=5009"},{"taxonomy":"product_cat","embeddable":true,"href":"https:\/\/tibladin.dk\/nl\/wp-json\/wp\/v2\/product_cat?post=5009"},{"taxonomy":"product_tag","embeddable":true,"href":"https:\/\/tibladin.dk\/nl\/wp-json\/wp\/v2\/product_tag?post=5009"}],"curies":[{"name":"wp","href":"https:\/\/api.w.org\/{rel}","templated":true}]}}