{"id":512,"date":"2022-09-20T11:02:44","date_gmt":"2022-09-20T09:02:44","guid":{"rendered":"https:\/\/tibladin.dk\/vare\/krukke-i-stucco-tadlekt-turkis-firkantet\/"},"modified":"2025-09-28T23:42:45","modified_gmt":"2025-09-28T21:42:45","slug":"pot-in-stucwerk-tadlect-turquoise-vierkant","status":"publish","type":"product","link":"https:\/\/tibladin.dk\/nl\/produkt\/krukke-i-stucco-tadlekt-turkis-firkantet\/","title":{"rendered":"Pot in stucwerk\/tadlekt turkoois - vierkant"},"content":{"rendered":"<div class=\"wpb-content-wrapper\"><div class=\"vc_row wpb_row vc_row-fluid\"><div class=\"wpb_column vc_column_container vc_col-sm-4\"><div class=\"vc_column-inner\"><div class=\"wpb_wrapper\"><\/div><\/div><\/div><div class=\"wpb_column vc_column_container vc_col-sm-4\"><div class=\"vc_column-inner\"><div class=\"wpb_wrapper\"><h3 style=\"text-align: left\" class=\"vc_custom_heading vc_do_custom_heading\" >Onderhoud<\/h3>\n\t<div class=\"wpb_text_column wpb_content_element\" >\n\t\t<div class=\"wpb_wrapper\">\n\t\t\t<p>Voor het schoonmaken raad ik gewoon een stofdoek of een hard uitgewrongen doek aan.<\/p>\n\n\t\t<\/div>\n\t<\/div>\n<\/div><\/div><\/div><div class=\"wpb_column vc_column_container vc_col-sm-4\"><div class=\"vc_column-inner\"><div class=\"wpb_wrapper\"><h3 style=\"text-align: left\" class=\"vc_custom_heading vc_do_custom_heading\" >Het verhaal erachter<\/h3>\n\t<div class=\"wpb_text_column wpb_content_element\" >\n\t\t<div class=\"wpb_wrapper\">\n\t\t\t<p>Opbergruimte die siert. Het is altijd leuk om jezelf te omringen met mooie spullen, en als je daar ook spullen in kunt opbergen, is dat extra fijn. Ik hou van kleine dingen die het huis versieren en net dat extra vleugje warmte en Marokkaans mysterie geven.<\/p>\n<p>Talekt of het Europese woord stucwerk is een materiaal dat in Marokko wordt gebruikt op muren, vooral in badkamers. Het geeft de muren een soort marmering, een glanzende, exclusieve uitstraling. In Marokko zie je vaak tadlekt gebruikt worden op muren in de meeste kamers, in badkamers, in hamam (Marokkaanse stoomkamer) enz. Ik ben helemaal weg van dit materiaal, ik vind het er zo cool uitzien. Talekkt wordt ook gebruikt om potten te maken. Ze zijn goed te gebruiken in de badkamer voor wattenschijfjes en wattenstaafjes of gewoon als decoratie.<\/p>\n<p>Ze kunnen niet worden gebruikt om voedsel in te bewaren.<\/p>\n<p>Je kunt vrij kiezen tussen de verschillende kleuren kwastjes in zijden koord. Schrijf gewoon in het opmerkingenveld bij je bestelling welke kleur je wilt.<\/p>\n\n\t\t<\/div>\n\t<\/div>\n<\/div><\/div><\/div><\/div>\n<\/div>","protected":false},"excerpt":{"rendered":"<p>Vierkante potten in stucwerk\/tadlekt in een prachtige turquoise kleur gemaakt door Marokkaanse ambachtslieden. Goed voor wattenschijfjes of wattenstaafjes in de badkamer of ter decoratie op de vensterbank, op kantoor, in de kamer, ja, waar je maar mooie opbergruimte wilt. Verkrijgbaar in drie maten S, M en L.<\/p>\n<p>&nbsp;<\/p>","protected":false},"featured_media":506,"template":"","meta":{"inline_featured_image":false},"product_brand":[],"product_cat":[29,53,51],"product_tag":[],"class_list":{"0":"post-512","1":"product","2":"type-product","3":"status-publish","4":"has-post-thumbnail","6":"product_cat-gaven-til-den-unge-pige","7":"product_cat-krukker-i-stucco","8":"product_cat-opbevaring","10":"first","11":"instock","12":"taxable","13":"shipping-taxable","14":"purchasable","15":"product-type-variable"},"exclude_global_add_ons":false,"addons":[{"name":"Wilt u een cadeauverpakking?","type":"checkbox","position":0,"required":false,"title_format":"label","default":"","description_enable":false,"description":"","placeholder_enable":false,"placeholder":"","display":"images","restrictions_type":"any_text","adjust_price":false,"price":"","price_type":"flat_fee","restrictions":false,"min":"0","max":"0","options":[{"label":"Ja tak","price":"10","price_type":"flat_fee","image":11015,"visibility":true}],"id":1669646111}],"yoast_head":"<!-- This site is optimized with the Yoast SEO plugin v27.5 - https:\/\/yoast.com\/product\/yoast-seo-wordpress\/ -->\n<title>Krukke i stucco\/tadlekt turkis- firkantet | Marokkansk keramik<\/title>\n<meta name=\"description\" content=\"Firkantede Krukker i stucco\/tadlekt lavet af marokkanske h\u00e5ndv\u00e6rkere. Gode til vatrondeller el. vatpinde p\u00e5 badev\u00e6relset eller til pynt i vindueskarmen.\" \/>\n<meta name=\"robots\" content=\"index, follow, max-snippet:-1, max-image-preview:large, max-video-preview:-1\" \/>\n<link rel=\"canonical\" href=\"https:\/\/tibladin.dk\/nl\/product-2\/pot-in-stucwerk-tadlect-turquoise-vierkant\/\" \/>\n<meta property=\"og:locale\" content=\"nl_NL\" \/>\n<meta property=\"og:type\" content=\"article\" \/>\n<meta property=\"og:title\" content=\"Krukke i stucco\/tadlekt turkis- firkantet | Marokkansk keramik\" \/>\n<meta property=\"og:description\" content=\"Firkantede Krukker i stucco\/tadlekt lavet af marokkanske h\u00e5ndv\u00e6rkere. Gode til vatrondeller el. vatpinde p\u00e5 badev\u00e6relset eller til pynt i vindueskarmen.\" \/>\n<meta property=\"og:url\" content=\"https:\/\/tibladin.dk\/nl\/product-2\/pot-in-stucwerk-tadlect-turquoise-vierkant\/\" \/>\n<meta property=\"og:site_name\" content=\"Tibladin\" \/>\n<meta property=\"article:modified_time\" content=\"2025-09-28T21:42:45+00:00\" \/>\n<meta property=\"og:image\" content=\"https:\/\/tibladin.dk\/wp-content\/uploads\/2022\/09\/Tibladin_Stucco_Turkis_1-1.jpg\" \/>\n\t<meta property=\"og:image:width\" content=\"800\" \/>\n\t<meta property=\"og:image:height\" content=\"800\" \/>\n\t<meta property=\"og:image:type\" content=\"image\/jpeg\" \/>\n<meta name=\"twitter:card\" content=\"summary_large_image\" \/>\n<meta name=\"twitter:label1\" content=\"Geschatte leestijd\" \/>\n\t<meta name=\"twitter:data1\" content=\"2 minuten\" \/>\n<script type=\"application\/ld+json\" class=\"yoast-schema-graph\">{\"@context\":\"https:\\\/\\\/schema.org\",\"@graph\":[{\"@type\":\"WebPage\",\"@id\":\"https:\\\/\\\/tibladin.dk\\\/produkt\\\/krukke-i-stucco-tadlekt-turkis-firkantet\\\/\",\"url\":\"https:\\\/\\\/tibladin.dk\\\/produkt\\\/krukke-i-stucco-tadlekt-turkis-firkantet\\\/\",\"name\":\"Krukke i stucco\\\/tadlekt turkis- firkantet | Marokkansk keramik\",\"isPartOf\":{\"@id\":\"https:\\\/\\\/tibladin.dk\\\/#website\"},\"primaryImageOfPage\":{\"@id\":\"https:\\\/\\\/tibladin.dk\\\/produkt\\\/krukke-i-stucco-tadlekt-turkis-firkantet\\\/#primaryimage\"},\"image\":{\"@id\":\"https:\\\/\\\/tibladin.dk\\\/produkt\\\/krukke-i-stucco-tadlekt-turkis-firkantet\\\/#primaryimage\"},\"thumbnailUrl\":\"https:\\\/\\\/tibladin.dk\\\/wp-content\\\/uploads\\\/2022\\\/09\\\/Tibladin_Stucco_Turkis_1-1.jpg\",\"datePublished\":\"2022-09-20T09:02:44+00:00\",\"dateModified\":\"2025-09-28T21:42:45+00:00\",\"description\":\"Firkantede Krukker i stucco\\\/tadlekt lavet af marokkanske h\u00e5ndv\u00e6rkere. Gode til vatrondeller el. vatpinde p\u00e5 badev\u00e6relset eller til pynt i vindueskarmen.\",\"breadcrumb\":{\"@id\":\"https:\\\/\\\/tibladin.dk\\\/produkt\\\/krukke-i-stucco-tadlekt-turkis-firkantet\\\/#breadcrumb\"},\"inLanguage\":\"nl-NL\",\"potentialAction\":[{\"@type\":\"ReadAction\",\"target\":[\"https:\\\/\\\/tibladin.dk\\\/produkt\\\/krukke-i-stucco-tadlekt-turkis-firkantet\\\/\"]}]},{\"@type\":\"ImageObject\",\"inLanguage\":\"nl-NL\",\"@id\":\"https:\\\/\\\/tibladin.dk\\\/produkt\\\/krukke-i-stucco-tadlekt-turkis-firkantet\\\/#primaryimage\",\"url\":\"https:\\\/\\\/tibladin.dk\\\/wp-content\\\/uploads\\\/2022\\\/09\\\/Tibladin_Stucco_Turkis_1-1.jpg\",\"contentUrl\":\"https:\\\/\\\/tibladin.dk\\\/wp-content\\\/uploads\\\/2022\\\/09\\\/Tibladin_Stucco_Turkis_1-1.jpg\",\"width\":800,\"height\":800,\"caption\":\"Firkantet marokkanske krukker i stucco i turkis farve\"},{\"@type\":\"BreadcrumbList\",\"@id\":\"https:\\\/\\\/tibladin.dk\\\/produkt\\\/krukke-i-stucco-tadlekt-turkis-firkantet\\\/#breadcrumb\",\"itemListElement\":[{\"@type\":\"ListItem\",\"position\":1,\"name\":\"Hjem\",\"item\":\"https:\\\/\\\/tibladin.dk\\\/\"},{\"@type\":\"ListItem\",\"position\":2,\"name\":\"Shop\",\"item\":\"https:\\\/\\\/tibladin.dk\\\/shop\\\/\"},{\"@type\":\"ListItem\",\"position\":3,\"name\":\"Krukke i stucco\\\/tadlekt turkis- firkantet\"}]},{\"@type\":\"WebSite\",\"@id\":\"https:\\\/\\\/tibladin.dk\\\/#website\",\"url\":\"https:\\\/\\\/tibladin.dk\\\/\",\"name\":\"Tibladin\",\"description\":\"Tibladin\",\"publisher\":{\"@id\":\"https:\\\/\\\/tibladin.dk\\\/#organization\"},\"potentialAction\":[{\"@type\":\"SearchAction\",\"target\":{\"@type\":\"EntryPoint\",\"urlTemplate\":\"https:\\\/\\\/tibladin.dk\\\/?s={search_term_string}\"},\"query-input\":{\"@type\":\"PropertyValueSpecification\",\"valueRequired\":true,\"valueName\":\"search_term_string\"}}],\"inLanguage\":\"nl-NL\"},{\"@type\":\"Organization\",\"@id\":\"https:\\\/\\\/tibladin.dk\\\/#organization\",\"name\":\"Tibladin\",\"url\":\"https:\\\/\\\/tibladin.dk\\\/\",\"logo\":{\"@type\":\"ImageObject\",\"inLanguage\":\"nl-NL\",\"@id\":\"https:\\\/\\\/tibladin.dk\\\/#\\\/schema\\\/logo\\\/image\\\/\",\"url\":\"https:\\\/\\\/tibladin.dk\\\/wp-content\\\/uploads\\\/2022\\\/09\\\/tibladin_logo.svg\",\"contentUrl\":\"https:\\\/\\\/tibladin.dk\\\/wp-content\\\/uploads\\\/2022\\\/09\\\/tibladin_logo.svg\",\"caption\":\"Tibladin\"},\"image\":{\"@id\":\"https:\\\/\\\/tibladin.dk\\\/#\\\/schema\\\/logo\\\/image\\\/\"}}]}<\/script>\n<!-- \/ Yoast SEO plugin. -->","yoast_head_json":{"title":"Pot in stucwerk\/tadlekt turkoois - vierkant | Marokkaans keramiek","description":"Vierkante potten in stucwerk\/tadlect gemaakt door Marokkaanse ambachtslieden. Goed voor wattenschijfjes enz. wattenstaafjes in de badkamer of ter decoratie op de vensterbank.","robots":{"index":"index","follow":"follow","max-snippet":"max-snippet:-1","max-image-preview":"max-image-preview:large","max-video-preview":"max-video-preview:-1"},"canonical":"https:\/\/tibladin.dk\/nl\/product-2\/pot-in-stucwerk-tadlect-turquoise-vierkant\/","og_locale":"nl_NL","og_type":"article","og_title":"Krukke i stucco\/tadlekt turkis- firkantet | Marokkansk keramik","og_description":"Firkantede Krukker i stucco\/tadlekt lavet af marokkanske h\u00e5ndv\u00e6rkere. Gode til vatrondeller el. vatpinde p\u00e5 badev\u00e6relset eller til pynt i vindueskarmen.","og_url":"https:\/\/tibladin.dk\/nl\/product-2\/pot-in-stucwerk-tadlect-turquoise-vierkant\/","og_site_name":"Tibladin","article_modified_time":"2025-09-28T21:42:45+00:00","og_image":[{"width":800,"height":800,"url":"https:\/\/tibladin.dk\/wp-content\/uploads\/2022\/09\/Tibladin_Stucco_Turkis_1-1.jpg","type":"image\/jpeg"}],"twitter_card":"summary_large_image","twitter_misc":{"Geschatte leestijd":"2 minuten"},"schema":{"@context":"https:\/\/schema.org","@graph":[{"@type":"WebPage","@id":"https:\/\/tibladin.dk\/produkt\/krukke-i-stucco-tadlekt-turkis-firkantet\/","url":"https:\/\/tibladin.dk\/produkt\/krukke-i-stucco-tadlekt-turkis-firkantet\/","name":"Pot in stucwerk\/tadlekt turkoois - vierkant | Marokkaans keramiek","isPartOf":{"@id":"https:\/\/tibladin.dk\/#website"},"primaryImageOfPage":{"@id":"https:\/\/tibladin.dk\/produkt\/krukke-i-stucco-tadlekt-turkis-firkantet\/#primaryimage"},"image":{"@id":"https:\/\/tibladin.dk\/produkt\/krukke-i-stucco-tadlekt-turkis-firkantet\/#primaryimage"},"thumbnailUrl":"https:\/\/tibladin.dk\/wp-content\/uploads\/2022\/09\/Tibladin_Stucco_Turkis_1-1.jpg","datePublished":"2022-09-20T09:02:44+00:00","dateModified":"2025-09-28T21:42:45+00:00","description":"Vierkante potten in stucwerk\/tadlect gemaakt door Marokkaanse ambachtslieden. Goed voor wattenschijfjes enz. wattenstaafjes in de badkamer of ter decoratie op de vensterbank.","breadcrumb":{"@id":"https:\/\/tibladin.dk\/produkt\/krukke-i-stucco-tadlekt-turkis-firkantet\/#breadcrumb"},"inLanguage":"nl-NL","potentialAction":[{"@type":"ReadAction","target":["https:\/\/tibladin.dk\/produkt\/krukke-i-stucco-tadlekt-turkis-firkantet\/"]}]},{"@type":"ImageObject","inLanguage":"nl-NL","@id":"https:\/\/tibladin.dk\/produkt\/krukke-i-stucco-tadlekt-turkis-firkantet\/#primaryimage","url":"https:\/\/tibladin.dk\/wp-content\/uploads\/2022\/09\/Tibladin_Stucco_Turkis_1-1.jpg","contentUrl":"https:\/\/tibladin.dk\/wp-content\/uploads\/2022\/09\/Tibladin_Stucco_Turkis_1-1.jpg","width":800,"height":800,"caption":"Firkantet marokkanske krukker i stucco i turkis farve"},{"@type":"BreadcrumbList","@id":"https:\/\/tibladin.dk\/produkt\/krukke-i-stucco-tadlekt-turkis-firkantet\/#breadcrumb","itemListElement":[{"@type":"ListItem","position":1,"name":"Hjem","item":"https:\/\/tibladin.dk\/"},{"@type":"ListItem","position":2,"name":"Shop","item":"https:\/\/tibladin.dk\/shop\/"},{"@type":"ListItem","position":3,"name":"Krukke i stucco\/tadlekt turkis- firkantet"}]},{"@type":"WebSite","@id":"https:\/\/tibladin.dk\/#website","url":"https:\/\/tibladin.dk\/","name":"Tibladin","description":"Tibladin","publisher":{"@id":"https:\/\/tibladin.dk\/#organization"},"potentialAction":[{"@type":"SearchAction","target":{"@type":"EntryPoint","urlTemplate":"https:\/\/tibladin.dk\/?s={search_term_string}"},"query-input":{"@type":"PropertyValueSpecification","valueRequired":true,"valueName":"search_term_string"}}],"inLanguage":"nl-NL"},{"@type":"Organization","@id":"https:\/\/tibladin.dk\/#organization","name":"Tibladin","url":"https:\/\/tibladin.dk\/","logo":{"@type":"ImageObject","inLanguage":"nl-NL","@id":"https:\/\/tibladin.dk\/#\/schema\/logo\/image\/","url":"https:\/\/tibladin.dk\/wp-content\/uploads\/2022\/09\/tibladin_logo.svg","contentUrl":"https:\/\/tibladin.dk\/wp-content\/uploads\/2022\/09\/tibladin_logo.svg","caption":"Tibladin"},"image":{"@id":"https:\/\/tibladin.dk\/#\/schema\/logo\/image\/"}}]}},"_links":{"self":[{"href":"https:\/\/tibladin.dk\/nl\/wp-json\/wp\/v2\/product\/512","targetHints":{"allow":["GET"]}}],"collection":[{"href":"https:\/\/tibladin.dk\/nl\/wp-json\/wp\/v2\/product"}],"about":[{"href":"https:\/\/tibladin.dk\/nl\/wp-json\/wp\/v2\/types\/product"}],"wp:featuredmedia":[{"embeddable":true,"href":"https:\/\/tibladin.dk\/nl\/wp-json\/wp\/v2\/media\/506"}],"wp:attachment":[{"href":"https:\/\/tibladin.dk\/nl\/wp-json\/wp\/v2\/media?parent=512"}],"wp:term":[{"taxonomy":"product_brand","embeddable":true,"href":"https:\/\/tibladin.dk\/nl\/wp-json\/wp\/v2\/product_brand?post=512"},{"taxonomy":"product_cat","embeddable":true,"href":"https:\/\/tibladin.dk\/nl\/wp-json\/wp\/v2\/product_cat?post=512"},{"taxonomy":"product_tag","embeddable":true,"href":"https:\/\/tibladin.dk\/nl\/wp-json\/wp\/v2\/product_tag?post=512"}],"curies":[{"name":"wp","href":"https:\/\/api.w.org\/{rel}","templated":true}]}}