{"id":573,"date":"2022-09-20T11:03:10","date_gmt":"2022-09-20T09:03:10","guid":{"rendered":"https:\/\/tibladin.dk\/vare\/fjer-vaegdekoration-juju-hat-lysebrun-str-l\/"},"modified":"2024-12-09T14:59:30","modified_gmt":"2024-12-09T13:59:30","slug":"veren-wanddecoratie-juju-hoed-lichtbruin-maat-l","status":"publish","type":"product","link":"https:\/\/tibladin.dk\/nl\/produkt\/fjer-vaegdekoration-juju-hat-lysebrun-str-l\/","title":{"rendered":"Veren wanddecoratie juju hoed \u2013 lichtbruin maat L"},"content":{"rendered":"<div class=\"wpb-content-wrapper\"><div class=\"vc_row wpb_row vc_row-fluid\"><div class=\"wpb_column vc_column_container vc_col-sm-4\"><div class=\"vc_column-inner\"><div class=\"wpb_wrapper\">\n\t<div class=\"wpb_video_widget wpb_content_element vc_clearfix   vc_video-aspect-ratio-43 vc_video-el-width-100 vc_video-align-left\" >\n\t\t<div class=\"wpb_wrapper\">\n\t\t\t\n\t\t\t<div class=\"wpb_video_wrapper\"><div class=\"video-container\"><iframe loading=\"lazy\" title=\"Tibladin_Juju-hoeden\" src=\"https:\/\/player.vimeo.com\/video\/416817931?dnt=1&amp;app_id=122963\" width=\"310\" height=\"310\" frameborder=\"0\" allow=\"autoplay; fullscreen; picture-in-picture\"><\/iframe><\/div><\/div>\n\t\t<\/div>\n\t<\/div>\n<\/div><\/div><\/div><div class=\"wpb_column vc_column_container vc_col-sm-4\"><div class=\"vc_column-inner\"><div class=\"wpb_wrapper\"><h3 style=\"text-align: left\" class=\"vc_custom_heading vc_do_custom_heading\" >Onderhoud<\/h3>\n\t<div class=\"wpb_text_column wpb_content_element\" >\n\t\t<div class=\"wpb_wrapper\">\n\t\t\t<p class=\"p1\">Je ontvangt je Juju-hoed in een mooie en herbruikbare Tibladin-stoffen tas. Na het uitvouwen van de hoed kunt u de veren voorzichtig borstelen met een zachte borstel. Omdat Juju-hoeden gemaakt zijn van natuurlijke materialen \u2013 veren en bast \u2013 kunnen ze motten aantrekken. De hoed wordt daarom geleverd met een klein stoffen zakje van Tibladin gevuld met geurige, gedroogde lavendel en een houten bal van puur cederhout, die je aan de achterkant van je decoratie kunt hangen. Zowel de stoffen tas als de inhoud zijn gemaakt van biologisch en duurzaam materiaal. Als de cederhouten bal na verloop van tijd zijn geur verliest, schuur hem dan eenvoudigweg met een beetje schuurpapier en de geur keert terug. Tibladin raadt u ook aan om uw Juju-hoed elke twee maanden in te spuiten met een insectenspray.<\/p>\n\n\t\t<\/div>\n\t<\/div>\n<\/div><\/div><\/div><div class=\"wpb_column vc_column_container vc_col-sm-4\"><div class=\"vc_column-inner\"><div class=\"wpb_wrapper\"><h3 style=\"text-align: left\" class=\"vc_custom_heading vc_do_custom_heading\" >Het verhaal erachter<\/h3>\n\t<div class=\"wpb_text_column wpb_content_element\" >\n\t\t<div class=\"wpb_wrapper\">\n\t\t\t<p class=\"p2\">Bij een persoonlijk interieurontwerp gaat het ook om verrassen. Met deze decoratieve Juju-hoed kun je je muren nieuw leven inblazen. Elk kunstwerk is uniek en handgemaakt van geweven rotan\/bast met echte kippenveren en andere vogelveren afzonderlijk bevestigd.<\/p>\n<p class=\"p2\">Juju-hoeden worden gemaakt in Kameroen in Afrika en zijn erg trendy geworden in de interieurwereld, waar de prachtige decoraties de muren van hotels, restaurants en particuliere woningen sieren. Oorspronkelijk werden deze door royals in Kameroen gebruikt als haarversieringen voor ceremonies. Ze vertegenwoordigen het vermogen van een volgeling om de hemel te bereiken.<\/p>\n<p class=\"p2\">Versier je muren met een mix van foto&#039;s, Juju-hoeden en spiegels en krijg een levendige en persoonlijke uitstraling.<\/p>\n<p class=\"p2\">Het wordt gevouwen geleverd. Wanneer u deze ontvangt, knoopt u het touwtje vast en vouwt u de Juju-hoed open. Plaats het op een spijker aan de muur.<\/p>\n\n\t\t<\/div>\n\t<\/div>\n<\/div><\/div><\/div><\/div>\n<\/div>","protected":false},"excerpt":{"rendered":"<p class=\"p2\">Handgemaakte Juju hoed met fijne lichtbruine veren in veel verschillende tinten.<\/p>\n<p class=\"p2\">De Juju hoed is een persoonlijke en opvallende wanddecoratie voor je huis. Verkrijgbaar in maat L, deze is tussen de 60-65 cm groot en wordt gevouwen geleverd in een biologisch stoffen zakje met bijbehorend geurzakje dat gemakkelijk aan de achterkant van de hoed kan worden gehangen.<\/p>\n<p class=\"p2\">","protected":false},"featured_media":569,"template":"","meta":{"inline_featured_image":false},"product_brand":[],"product_cat":[57,56],"product_tag":[],"class_list":{"0":"post-573","1":"product","2":"type-product","3":"status-publish","4":"has-post-thumbnail","6":"product_cat-fjerdekoration","7":"product_cat-vaegdekoration","9":"first","10":"instock","11":"taxable","12":"shipping-taxable","13":"purchasable","14":"product-type-simple"},"exclude_global_add_ons":false,"addons":[{"name":"Wilt u een cadeauverpakking?","type":"checkbox","position":0,"required":false,"title_format":"label","default":"","description_enable":false,"description":"","placeholder_enable":false,"placeholder":"","display":"images","restrictions_type":"any_text","adjust_price":false,"price":"","price_type":"flat_fee","restrictions":false,"min":"0","max":"0","options":[{"label":"Ja tak","price":"10","price_type":"flat_fee","image":11015,"visibility":true}],"id":1669646111}],"yoast_head":"<!-- This site is optimized with the Yoast SEO plugin v27.4 - https:\/\/yoast.com\/product\/yoast-seo-wordpress\/ -->\n<title>Fjer v\u00e6gdekoration juju hat - lysebrun str. L | Tibladin<\/title>\n<meta name=\"description\" content=\"V\u00e6gdekoration i fjer-juju hat - lys brun. H\u00e5ndlavet af lokale h\u00e5ndv\u00e6rkere i Cameroon i Afrika. Giver dine v\u00e6gge liv og personlighed.\" \/>\n<meta name=\"robots\" content=\"index, follow, max-snippet:-1, max-image-preview:large, max-video-preview:-1\" \/>\n<link rel=\"canonical\" href=\"https:\/\/tibladin.dk\/nl\/product-2\/veren-wanddecoratie-juju-hoed-lichtbruin-maat-l\/\" \/>\n<meta property=\"og:locale\" content=\"nl_NL\" \/>\n<meta property=\"og:type\" content=\"article\" \/>\n<meta property=\"og:title\" content=\"Fjer v\u00e6gdekoration juju hat - lysebrun str. L | Tibladin\" \/>\n<meta property=\"og:description\" content=\"V\u00e6gdekoration i fjer-juju hat - lys brun. H\u00e5ndlavet af lokale h\u00e5ndv\u00e6rkere i Cameroon i Afrika. Giver dine v\u00e6gge liv og personlighed.\" \/>\n<meta property=\"og:url\" content=\"https:\/\/tibladin.dk\/nl\/product-2\/veren-wanddecoratie-juju-hoed-lichtbruin-maat-l\/\" \/>\n<meta property=\"og:site_name\" content=\"Tibladin\" \/>\n<meta property=\"article:modified_time\" content=\"2024-12-09T13:59:30+00:00\" \/>\n<meta property=\"og:image\" content=\"https:\/\/tibladin.dk\/wp-content\/uploads\/2022\/09\/Tibladin_juju-hat-lys-brun_800x800-1.jpg\" \/>\n\t<meta property=\"og:image:width\" content=\"800\" \/>\n\t<meta property=\"og:image:height\" content=\"800\" \/>\n\t<meta property=\"og:image:type\" content=\"image\/jpeg\" \/>\n<meta name=\"twitter:card\" content=\"summary_large_image\" \/>\n<meta name=\"twitter:label1\" content=\"Geschatte leestijd\" \/>\n\t<meta name=\"twitter:data1\" content=\"2 minuten\" \/>\n<script type=\"application\/ld+json\" class=\"yoast-schema-graph\">{\"@context\":\"https:\\\/\\\/schema.org\",\"@graph\":[{\"@type\":\"WebPage\",\"@id\":\"https:\\\/\\\/tibladin.dk\\\/produkt\\\/fjer-vaegdekoration-juju-hat-lysebrun-str-l\\\/\",\"url\":\"https:\\\/\\\/tibladin.dk\\\/produkt\\\/fjer-vaegdekoration-juju-hat-lysebrun-str-l\\\/\",\"name\":\"Fjer v\u00e6gdekoration juju hat - lysebrun str. L | Tibladin\",\"isPartOf\":{\"@id\":\"https:\\\/\\\/tibladin.dk\\\/#website\"},\"primaryImageOfPage\":{\"@id\":\"https:\\\/\\\/tibladin.dk\\\/produkt\\\/fjer-vaegdekoration-juju-hat-lysebrun-str-l\\\/#primaryimage\"},\"image\":{\"@id\":\"https:\\\/\\\/tibladin.dk\\\/produkt\\\/fjer-vaegdekoration-juju-hat-lysebrun-str-l\\\/#primaryimage\"},\"thumbnailUrl\":\"https:\\\/\\\/tibladin.dk\\\/wp-content\\\/uploads\\\/2022\\\/09\\\/Tibladin_juju-hat-lys-brun_800x800-1.jpg\",\"datePublished\":\"2022-09-20T09:03:10+00:00\",\"dateModified\":\"2024-12-09T13:59:30+00:00\",\"description\":\"V\u00e6gdekoration i fjer-juju hat - lys brun. H\u00e5ndlavet af lokale h\u00e5ndv\u00e6rkere i Cameroon i Afrika. Giver dine v\u00e6gge liv og personlighed.\",\"breadcrumb\":{\"@id\":\"https:\\\/\\\/tibladin.dk\\\/produkt\\\/fjer-vaegdekoration-juju-hat-lysebrun-str-l\\\/#breadcrumb\"},\"inLanguage\":\"nl-NL\",\"potentialAction\":[{\"@type\":\"ReadAction\",\"target\":[\"https:\\\/\\\/tibladin.dk\\\/produkt\\\/fjer-vaegdekoration-juju-hat-lysebrun-str-l\\\/\"]}]},{\"@type\":\"ImageObject\",\"inLanguage\":\"nl-NL\",\"@id\":\"https:\\\/\\\/tibladin.dk\\\/produkt\\\/fjer-vaegdekoration-juju-hat-lysebrun-str-l\\\/#primaryimage\",\"url\":\"https:\\\/\\\/tibladin.dk\\\/wp-content\\\/uploads\\\/2022\\\/09\\\/Tibladin_juju-hat-lys-brun_800x800-1.jpg\",\"contentUrl\":\"https:\\\/\\\/tibladin.dk\\\/wp-content\\\/uploads\\\/2022\\\/09\\\/Tibladin_juju-hat-lys-brun_800x800-1.jpg\",\"width\":800,\"height\":800,\"caption\":\"Jujuhat i lysebrun\"},{\"@type\":\"BreadcrumbList\",\"@id\":\"https:\\\/\\\/tibladin.dk\\\/produkt\\\/fjer-vaegdekoration-juju-hat-lysebrun-str-l\\\/#breadcrumb\",\"itemListElement\":[{\"@type\":\"ListItem\",\"position\":1,\"name\":\"Hjem\",\"item\":\"https:\\\/\\\/tibladin.dk\\\/\"},{\"@type\":\"ListItem\",\"position\":2,\"name\":\"Shop\",\"item\":\"https:\\\/\\\/tibladin.dk\\\/shop\\\/\"},{\"@type\":\"ListItem\",\"position\":3,\"name\":\"Fjer v\u00e6gdekoration juju hat &#8211; lysebrun str. L\"}]},{\"@type\":\"WebSite\",\"@id\":\"https:\\\/\\\/tibladin.dk\\\/#website\",\"url\":\"https:\\\/\\\/tibladin.dk\\\/\",\"name\":\"Tibladin\",\"description\":\"Tibladin\",\"publisher\":{\"@id\":\"https:\\\/\\\/tibladin.dk\\\/#organization\"},\"potentialAction\":[{\"@type\":\"SearchAction\",\"target\":{\"@type\":\"EntryPoint\",\"urlTemplate\":\"https:\\\/\\\/tibladin.dk\\\/?s={search_term_string}\"},\"query-input\":{\"@type\":\"PropertyValueSpecification\",\"valueRequired\":true,\"valueName\":\"search_term_string\"}}],\"inLanguage\":\"nl-NL\"},{\"@type\":\"Organization\",\"@id\":\"https:\\\/\\\/tibladin.dk\\\/#organization\",\"name\":\"Tibladin\",\"url\":\"https:\\\/\\\/tibladin.dk\\\/\",\"logo\":{\"@type\":\"ImageObject\",\"inLanguage\":\"nl-NL\",\"@id\":\"https:\\\/\\\/tibladin.dk\\\/#\\\/schema\\\/logo\\\/image\\\/\",\"url\":\"https:\\\/\\\/tibladin.dk\\\/wp-content\\\/uploads\\\/2022\\\/09\\\/tibladin_logo.svg\",\"contentUrl\":\"https:\\\/\\\/tibladin.dk\\\/wp-content\\\/uploads\\\/2022\\\/09\\\/tibladin_logo.svg\",\"caption\":\"Tibladin\"},\"image\":{\"@id\":\"https:\\\/\\\/tibladin.dk\\\/#\\\/schema\\\/logo\\\/image\\\/\"}}]}<\/script>\n<!-- \/ Yoast SEO plugin. -->","yoast_head_json":{"title":"Veren wanddecoratie jujuhoed - lichtbruin maat L | Tibladin","description":"Wanddecoratie in jujuhoed met veren - lichtbruin. Handgemaakt door lokale ambachtslieden in Kameroen, Afrika. Geeft uw muren leven en persoonlijkheid.","robots":{"index":"index","follow":"follow","max-snippet":"max-snippet:-1","max-image-preview":"max-image-preview:large","max-video-preview":"max-video-preview:-1"},"canonical":"https:\/\/tibladin.dk\/nl\/product-2\/veren-wanddecoratie-juju-hoed-lichtbruin-maat-l\/","og_locale":"nl_NL","og_type":"article","og_title":"Fjer v\u00e6gdekoration juju hat - lysebrun str. L | Tibladin","og_description":"V\u00e6gdekoration i fjer-juju hat - lys brun. H\u00e5ndlavet af lokale h\u00e5ndv\u00e6rkere i Cameroon i Afrika. Giver dine v\u00e6gge liv og personlighed.","og_url":"https:\/\/tibladin.dk\/nl\/product-2\/veren-wanddecoratie-juju-hoed-lichtbruin-maat-l\/","og_site_name":"Tibladin","article_modified_time":"2024-12-09T13:59:30+00:00","og_image":[{"width":800,"height":800,"url":"https:\/\/tibladin.dk\/wp-content\/uploads\/2022\/09\/Tibladin_juju-hat-lys-brun_800x800-1.jpg","type":"image\/jpeg"}],"twitter_card":"summary_large_image","twitter_misc":{"Geschatte leestijd":"2 minuten"},"schema":{"@context":"https:\/\/schema.org","@graph":[{"@type":"WebPage","@id":"https:\/\/tibladin.dk\/produkt\/fjer-vaegdekoration-juju-hat-lysebrun-str-l\/","url":"https:\/\/tibladin.dk\/produkt\/fjer-vaegdekoration-juju-hat-lysebrun-str-l\/","name":"Veren wanddecoratie jujuhoed - lichtbruin maat L | Tibladin","isPartOf":{"@id":"https:\/\/tibladin.dk\/#website"},"primaryImageOfPage":{"@id":"https:\/\/tibladin.dk\/produkt\/fjer-vaegdekoration-juju-hat-lysebrun-str-l\/#primaryimage"},"image":{"@id":"https:\/\/tibladin.dk\/produkt\/fjer-vaegdekoration-juju-hat-lysebrun-str-l\/#primaryimage"},"thumbnailUrl":"https:\/\/tibladin.dk\/wp-content\/uploads\/2022\/09\/Tibladin_juju-hat-lys-brun_800x800-1.jpg","datePublished":"2022-09-20T09:03:10+00:00","dateModified":"2024-12-09T13:59:30+00:00","description":"Wanddecoratie in jujuhoed met veren - lichtbruin. Handgemaakt door lokale ambachtslieden in Kameroen, Afrika. Geeft uw muren leven en persoonlijkheid.","breadcrumb":{"@id":"https:\/\/tibladin.dk\/produkt\/fjer-vaegdekoration-juju-hat-lysebrun-str-l\/#breadcrumb"},"inLanguage":"nl-NL","potentialAction":[{"@type":"ReadAction","target":["https:\/\/tibladin.dk\/produkt\/fjer-vaegdekoration-juju-hat-lysebrun-str-l\/"]}]},{"@type":"ImageObject","inLanguage":"nl-NL","@id":"https:\/\/tibladin.dk\/produkt\/fjer-vaegdekoration-juju-hat-lysebrun-str-l\/#primaryimage","url":"https:\/\/tibladin.dk\/wp-content\/uploads\/2022\/09\/Tibladin_juju-hat-lys-brun_800x800-1.jpg","contentUrl":"https:\/\/tibladin.dk\/wp-content\/uploads\/2022\/09\/Tibladin_juju-hat-lys-brun_800x800-1.jpg","width":800,"height":800,"caption":"Jujuhat i lysebrun"},{"@type":"BreadcrumbList","@id":"https:\/\/tibladin.dk\/produkt\/fjer-vaegdekoration-juju-hat-lysebrun-str-l\/#breadcrumb","itemListElement":[{"@type":"ListItem","position":1,"name":"Hjem","item":"https:\/\/tibladin.dk\/"},{"@type":"ListItem","position":2,"name":"Shop","item":"https:\/\/tibladin.dk\/shop\/"},{"@type":"ListItem","position":3,"name":"Fjer v\u00e6gdekoration juju hat &#8211; lysebrun str. L"}]},{"@type":"WebSite","@id":"https:\/\/tibladin.dk\/#website","url":"https:\/\/tibladin.dk\/","name":"Tibladin","description":"Tibladin","publisher":{"@id":"https:\/\/tibladin.dk\/#organization"},"potentialAction":[{"@type":"SearchAction","target":{"@type":"EntryPoint","urlTemplate":"https:\/\/tibladin.dk\/?s={search_term_string}"},"query-input":{"@type":"PropertyValueSpecification","valueRequired":true,"valueName":"search_term_string"}}],"inLanguage":"nl-NL"},{"@type":"Organization","@id":"https:\/\/tibladin.dk\/#organization","name":"Tibladin","url":"https:\/\/tibladin.dk\/","logo":{"@type":"ImageObject","inLanguage":"nl-NL","@id":"https:\/\/tibladin.dk\/#\/schema\/logo\/image\/","url":"https:\/\/tibladin.dk\/wp-content\/uploads\/2022\/09\/tibladin_logo.svg","contentUrl":"https:\/\/tibladin.dk\/wp-content\/uploads\/2022\/09\/tibladin_logo.svg","caption":"Tibladin"},"image":{"@id":"https:\/\/tibladin.dk\/#\/schema\/logo\/image\/"}}]}},"_links":{"self":[{"href":"https:\/\/tibladin.dk\/nl\/wp-json\/wp\/v2\/product\/573","targetHints":{"allow":["GET"]}}],"collection":[{"href":"https:\/\/tibladin.dk\/nl\/wp-json\/wp\/v2\/product"}],"about":[{"href":"https:\/\/tibladin.dk\/nl\/wp-json\/wp\/v2\/types\/product"}],"wp:featuredmedia":[{"embeddable":true,"href":"https:\/\/tibladin.dk\/nl\/wp-json\/wp\/v2\/media\/569"}],"wp:attachment":[{"href":"https:\/\/tibladin.dk\/nl\/wp-json\/wp\/v2\/media?parent=573"}],"wp:term":[{"taxonomy":"product_brand","embeddable":true,"href":"https:\/\/tibladin.dk\/nl\/wp-json\/wp\/v2\/product_brand?post=573"},{"taxonomy":"product_cat","embeddable":true,"href":"https:\/\/tibladin.dk\/nl\/wp-json\/wp\/v2\/product_cat?post=573"},{"taxonomy":"product_tag","embeddable":true,"href":"https:\/\/tibladin.dk\/nl\/wp-json\/wp\/v2\/product_tag?post=573"}],"curies":[{"name":"wp","href":"https:\/\/api.w.org\/{rel}","templated":true}]}}