{"id":5759,"date":"2022-11-24T10:24:50","date_gmt":"2022-11-24T09:24:50","guid":{"rendered":"https:\/\/tibladin.dk\/?post_type=product&#038;p=5759"},"modified":"2025-05-12T08:28:13","modified_gmt":"2025-05-12T06:28:13","slug":"beni-ouarain-155x260","status":"publish","type":"product","link":"https:\/\/tibladin.dk\/nl\/produkt\/beni-ouarain-155x260\/","title":{"rendered":"Beni Ouarain 155\u00d7260"},"content":{"rendered":"<div class=\"wpb-content-wrapper\"><p>eh<div class=\"vc_row wpb_row vc_row-fluid\"><div class=\"wpb_column vc_column_container vc_col-sm-4\"><div class=\"vc_column-inner\"><div class=\"wpb_wrapper\"><\/div><\/div><\/div><div class=\"wpb_column vc_column_container vc_col-sm-4\"><div class=\"vc_column-inner\"><div class=\"wpb_wrapper\"><h3 style=\"text-align: left\" class=\"vc_custom_heading vc_do_custom_heading\" >Beni Ouarain tapijtonderhoud<\/h3>\n\t<div class=\"wpb_text_column wpb_content_element\" >\n\t\t<div class=\"wpb_wrapper\">\n\t\t\t<p>Stofzuig het Beni Ouarain vloerkleed regelmatig, neem het mee naar buiten en schud het af en toe. Vlekken verwijdert u door de vlek zo snel mogelijk op te zuigen met een doek en vervolgens met een vochtige doek de vlek af te deppen.<\/p>\n<p>Het tapijt is 100% pure wol % en is op elke vezel op natuurlijke wijze bedekt met lanoline, waardoor vlekken niet in het tapijt dringen. Mochten we het geluk hebben om op een winter in Denemarken sneeuw te krijgen, leg dan eindelijk de deken in de witte sneeuw. Hierdoor wordt het tapijt grondig gereinigd \u2013 geheel natuurlijk.<\/p>\n\n\t\t<\/div>\n\t<\/div>\n<\/div><\/div><\/div><div class=\"wpb_column vc_column_container vc_col-sm-4\"><div class=\"vc_column-inner\"><div class=\"wpb_wrapper\"><h3 style=\"text-align: left\" class=\"vc_custom_heading vc_do_custom_heading\" >Het verhaal achter Beni Ouarain-tapijten<\/h3>\n\t<div class=\"wpb_text_column wpb_content_element\" >\n\t\t<div class=\"wpb_wrapper\">\n\t\t\t<p>Beni Ouarain tapijt siert, zorgt voor gezelligheid en warmte en is bovendien geluidsabsorberend. Beni Ouarain tapijten zijn over de hele wereld erg populair en passen ook heel goed bij het Scandinavische interieur. Veel interieurmerken hebben hun stijl gekopieerd en industrieel laten maken.<\/p>\n<p>Hier bij Tibladin hebben we alleen originele Beni Ouarain-tapijten, met de hand gemaakt door vrouwen van de Berberstam Beni Ouarain, die zijn oorsprong vindt ten zuiden van het Rifgebergte in Marokko. De dekens worden door de Berberstam gebruikt om zichzelf te bedekken en om op te liggen als ze moeten slapen. Elk tapijt is een kunstwerk en in tegenstelling tot oosterse tapijten worden ze niet volgens modellen geproduceerd, maar alleen volgens de wensen van de vrouw zelf en symboliseren ze vaak de gevoelens die de vrouwen hebben gehad tijdens het weven. De ruitvorm die je in veel van de vloerkleden ziet, beschermt tegen het kwaad. De kleurtonen zijn natuurlijk in hun witte, beige, bruine en zwarte kleuren.<\/p>\n<p>Gooi je schoenen weg en voel de zachte wol onder je voeten!<\/p>\n\n\t\t<\/div>\n\t<\/div>\n<\/div><\/div><\/div><\/div>\n<\/div>","protected":false},"excerpt":{"rendered":"<ul>\n<li>Beni Ouarain vloerkleed met gekleurde patronen in donkerblauw, groen, terracotta en vrolijk roze.<\/li>\n<li>Handgeweven Marokkaans vloerkleed van 100% wol. De wol is heerlijk zacht en warm.<\/li>\n<\/ul>\n<p>Normaal vloerkleed dat goed past in een hoekbank of onder de eettafel. Je kunt hem ook midden in een kamer gebruiken om een mooi kleurenpalet te krijgen en tegelijkertijd te isoleren tegen de kou van de vloer. Het vloerkleed is gemaakt door Berbervrouwen van de Beni Ouarain-stammen in het Marokkaanse Atlasgebergte.<\/p>\n<p><strong>Het vloerkleed heeft een afmeting van 155\u00d7260 cm<\/strong><\/p>","protected":false},"featured_media":5765,"template":"","meta":{"inline_featured_image":false},"product_brand":[],"product_cat":[62,59],"product_tag":[],"class_list":{"0":"post-5759","1":"product","2":"type-product","3":"status-publish","4":"has-post-thumbnail","6":"product_cat-beni-ouarain","7":"product_cat-marokkanske-taepper","9":"first","10":"instock","11":"taxable","12":"shipping-taxable","13":"purchasable","14":"product-type-simple"},"exclude_global_add_ons":[],"addons":[],"yoast_head":"<!-- This site is optimized with the Yoast SEO plugin v27.4 - https:\/\/yoast.com\/product\/yoast-seo-wordpress\/ -->\n<title>Beni Ouarain t\u00e6ppe | H\u00e5ndv\u00e6vet t\u00e6ppe | K\u00f8b online<\/title>\n<meta name=\"description\" content=\"Marokkansk t\u00e6ppe Beni Ouarain i 100% uld. Dejlig lys uld med smukt farvet m\u00f8nster. Tappet er h\u00e5ndv\u00e6vet i kvalitetsuld og m\u00e5ler 155x260 cm.\" \/>\n<meta name=\"robots\" content=\"index, follow, max-snippet:-1, max-image-preview:large, max-video-preview:-1\" \/>\n<link rel=\"canonical\" href=\"https:\/\/tibladin.dk\/nl\/product-2\/beni-ouarain-155x260\/\" \/>\n<meta property=\"og:locale\" content=\"nl_NL\" \/>\n<meta property=\"og:type\" content=\"article\" \/>\n<meta property=\"og:title\" content=\"Beni Ouarain t\u00e6ppe | H\u00e5ndv\u00e6vet t\u00e6ppe | K\u00f8b online\" \/>\n<meta property=\"og:description\" content=\"Marokkansk t\u00e6ppe Beni Ouarain i 100% uld. Dejlig lys uld med smukt farvet m\u00f8nster. Tappet er h\u00e5ndv\u00e6vet i kvalitetsuld og m\u00e5ler 155x260 cm.\" \/>\n<meta property=\"og:url\" content=\"https:\/\/tibladin.dk\/nl\/product-2\/beni-ouarain-155x260\/\" \/>\n<meta property=\"og:site_name\" content=\"Tibladin\" \/>\n<meta property=\"article:modified_time\" content=\"2025-05-12T06:28:13+00:00\" \/>\n<meta property=\"og:image\" content=\"https:\/\/tibladin.dk\/wp-content\/uploads\/2022\/11\/155x260.jpg\" \/>\n\t<meta property=\"og:image:width\" content=\"800\" \/>\n\t<meta property=\"og:image:height\" content=\"800\" \/>\n\t<meta property=\"og:image:type\" content=\"image\/jpeg\" \/>\n<meta name=\"twitter:card\" content=\"summary_large_image\" \/>\n<meta name=\"twitter:label1\" content=\"Geschatte leestijd\" \/>\n\t<meta name=\"twitter:data1\" content=\"2 minuten\" \/>\n<script type=\"application\/ld+json\" class=\"yoast-schema-graph\">{\"@context\":\"https:\\\/\\\/schema.org\",\"@graph\":[{\"@type\":\"WebPage\",\"@id\":\"https:\\\/\\\/tibladin.dk\\\/produkt\\\/beni-ouarain-155x260\\\/\",\"url\":\"https:\\\/\\\/tibladin.dk\\\/produkt\\\/beni-ouarain-155x260\\\/\",\"name\":\"Beni Ouarain t\u00e6ppe | H\u00e5ndv\u00e6vet t\u00e6ppe | K\u00f8b online\",\"isPartOf\":{\"@id\":\"https:\\\/\\\/tibladin.dk\\\/#website\"},\"primaryImageOfPage\":{\"@id\":\"https:\\\/\\\/tibladin.dk\\\/produkt\\\/beni-ouarain-155x260\\\/#primaryimage\"},\"image\":{\"@id\":\"https:\\\/\\\/tibladin.dk\\\/produkt\\\/beni-ouarain-155x260\\\/#primaryimage\"},\"thumbnailUrl\":\"https:\\\/\\\/tibladin.dk\\\/wp-content\\\/uploads\\\/2022\\\/11\\\/155x260.jpg\",\"datePublished\":\"2022-11-24T09:24:50+00:00\",\"dateModified\":\"2025-05-12T06:28:13+00:00\",\"description\":\"Marokkansk t\u00e6ppe Beni Ouarain i 100% uld. Dejlig lys uld med smukt farvet m\u00f8nster. Tappet er h\u00e5ndv\u00e6vet i kvalitetsuld og m\u00e5ler 155x260 cm.\",\"breadcrumb\":{\"@id\":\"https:\\\/\\\/tibladin.dk\\\/produkt\\\/beni-ouarain-155x260\\\/#breadcrumb\"},\"inLanguage\":\"nl-NL\",\"potentialAction\":[{\"@type\":\"ReadAction\",\"target\":[\"https:\\\/\\\/tibladin.dk\\\/produkt\\\/beni-ouarain-155x260\\\/\"]}]},{\"@type\":\"ImageObject\",\"inLanguage\":\"nl-NL\",\"@id\":\"https:\\\/\\\/tibladin.dk\\\/produkt\\\/beni-ouarain-155x260\\\/#primaryimage\",\"url\":\"https:\\\/\\\/tibladin.dk\\\/wp-content\\\/uploads\\\/2022\\\/11\\\/155x260.jpg\",\"contentUrl\":\"https:\\\/\\\/tibladin.dk\\\/wp-content\\\/uploads\\\/2022\\\/11\\\/155x260.jpg\",\"width\":800,\"height\":800,\"caption\":\"Beni Ouarain med farvet m\u00f8nster 155x260\"},{\"@type\":\"BreadcrumbList\",\"@id\":\"https:\\\/\\\/tibladin.dk\\\/produkt\\\/beni-ouarain-155x260\\\/#breadcrumb\",\"itemListElement\":[{\"@type\":\"ListItem\",\"position\":1,\"name\":\"Hjem\",\"item\":\"https:\\\/\\\/tibladin.dk\\\/\"},{\"@type\":\"ListItem\",\"position\":2,\"name\":\"Shop\",\"item\":\"https:\\\/\\\/tibladin.dk\\\/shop\\\/\"},{\"@type\":\"ListItem\",\"position\":3,\"name\":\"Beni Ouarain 155&#215;260\"}]},{\"@type\":\"WebSite\",\"@id\":\"https:\\\/\\\/tibladin.dk\\\/#website\",\"url\":\"https:\\\/\\\/tibladin.dk\\\/\",\"name\":\"Tibladin\",\"description\":\"Tibladin\",\"publisher\":{\"@id\":\"https:\\\/\\\/tibladin.dk\\\/#organization\"},\"potentialAction\":[{\"@type\":\"SearchAction\",\"target\":{\"@type\":\"EntryPoint\",\"urlTemplate\":\"https:\\\/\\\/tibladin.dk\\\/?s={search_term_string}\"},\"query-input\":{\"@type\":\"PropertyValueSpecification\",\"valueRequired\":true,\"valueName\":\"search_term_string\"}}],\"inLanguage\":\"nl-NL\"},{\"@type\":\"Organization\",\"@id\":\"https:\\\/\\\/tibladin.dk\\\/#organization\",\"name\":\"Tibladin\",\"url\":\"https:\\\/\\\/tibladin.dk\\\/\",\"logo\":{\"@type\":\"ImageObject\",\"inLanguage\":\"nl-NL\",\"@id\":\"https:\\\/\\\/tibladin.dk\\\/#\\\/schema\\\/logo\\\/image\\\/\",\"url\":\"https:\\\/\\\/tibladin.dk\\\/wp-content\\\/uploads\\\/2022\\\/09\\\/tibladin_logo.svg\",\"contentUrl\":\"https:\\\/\\\/tibladin.dk\\\/wp-content\\\/uploads\\\/2022\\\/09\\\/tibladin_logo.svg\",\"caption\":\"Tibladin\"},\"image\":{\"@id\":\"https:\\\/\\\/tibladin.dk\\\/#\\\/schema\\\/logo\\\/image\\\/\"}}]}<\/script>\n<!-- \/ Yoast SEO plugin. -->","yoast_head_json":{"title":"Beni Ouarain-tapijt | Handgeweven tapijt | Koop online","description":"Marokkaans vloerkleed Beni Ouarain van 100% wol. Heerlijk lichte wol met een prachtig gekleurd patroon. De kraan is handgeweven van kwaliteitswol en heeft een afmeting van 155x260 cm.","robots":{"index":"index","follow":"follow","max-snippet":"max-snippet:-1","max-image-preview":"max-image-preview:large","max-video-preview":"max-video-preview:-1"},"canonical":"https:\/\/tibladin.dk\/nl\/product-2\/beni-ouarain-155x260\/","og_locale":"nl_NL","og_type":"article","og_title":"Beni Ouarain t\u00e6ppe | H\u00e5ndv\u00e6vet t\u00e6ppe | K\u00f8b online","og_description":"Marokkansk t\u00e6ppe Beni Ouarain i 100% uld. Dejlig lys uld med smukt farvet m\u00f8nster. Tappet er h\u00e5ndv\u00e6vet i kvalitetsuld og m\u00e5ler 155x260 cm.","og_url":"https:\/\/tibladin.dk\/nl\/product-2\/beni-ouarain-155x260\/","og_site_name":"Tibladin","article_modified_time":"2025-05-12T06:28:13+00:00","og_image":[{"width":800,"height":800,"url":"https:\/\/tibladin.dk\/wp-content\/uploads\/2022\/11\/155x260.jpg","type":"image\/jpeg"}],"twitter_card":"summary_large_image","twitter_misc":{"Geschatte leestijd":"2 minuten"},"schema":{"@context":"https:\/\/schema.org","@graph":[{"@type":"WebPage","@id":"https:\/\/tibladin.dk\/produkt\/beni-ouarain-155x260\/","url":"https:\/\/tibladin.dk\/produkt\/beni-ouarain-155x260\/","name":"Beni Ouarain-tapijt | Handgeweven tapijt | Koop online","isPartOf":{"@id":"https:\/\/tibladin.dk\/#website"},"primaryImageOfPage":{"@id":"https:\/\/tibladin.dk\/produkt\/beni-ouarain-155x260\/#primaryimage"},"image":{"@id":"https:\/\/tibladin.dk\/produkt\/beni-ouarain-155x260\/#primaryimage"},"thumbnailUrl":"https:\/\/tibladin.dk\/wp-content\/uploads\/2022\/11\/155x260.jpg","datePublished":"2022-11-24T09:24:50+00:00","dateModified":"2025-05-12T06:28:13+00:00","description":"Marokkaans vloerkleed Beni Ouarain van 100% wol. Heerlijk lichte wol met een prachtig gekleurd patroon. De kraan is handgeweven van kwaliteitswol en heeft een afmeting van 155x260 cm.","breadcrumb":{"@id":"https:\/\/tibladin.dk\/produkt\/beni-ouarain-155x260\/#breadcrumb"},"inLanguage":"nl-NL","potentialAction":[{"@type":"ReadAction","target":["https:\/\/tibladin.dk\/produkt\/beni-ouarain-155x260\/"]}]},{"@type":"ImageObject","inLanguage":"nl-NL","@id":"https:\/\/tibladin.dk\/produkt\/beni-ouarain-155x260\/#primaryimage","url":"https:\/\/tibladin.dk\/wp-content\/uploads\/2022\/11\/155x260.jpg","contentUrl":"https:\/\/tibladin.dk\/wp-content\/uploads\/2022\/11\/155x260.jpg","width":800,"height":800,"caption":"Beni Ouarain med farvet m\u00f8nster 155x260"},{"@type":"BreadcrumbList","@id":"https:\/\/tibladin.dk\/produkt\/beni-ouarain-155x260\/#breadcrumb","itemListElement":[{"@type":"ListItem","position":1,"name":"Hjem","item":"https:\/\/tibladin.dk\/"},{"@type":"ListItem","position":2,"name":"Shop","item":"https:\/\/tibladin.dk\/shop\/"},{"@type":"ListItem","position":3,"name":"Beni Ouarain 155&#215;260"}]},{"@type":"WebSite","@id":"https:\/\/tibladin.dk\/#website","url":"https:\/\/tibladin.dk\/","name":"Tibladin","description":"Tibladin","publisher":{"@id":"https:\/\/tibladin.dk\/#organization"},"potentialAction":[{"@type":"SearchAction","target":{"@type":"EntryPoint","urlTemplate":"https:\/\/tibladin.dk\/?s={search_term_string}"},"query-input":{"@type":"PropertyValueSpecification","valueRequired":true,"valueName":"search_term_string"}}],"inLanguage":"nl-NL"},{"@type":"Organization","@id":"https:\/\/tibladin.dk\/#organization","name":"Tibladin","url":"https:\/\/tibladin.dk\/","logo":{"@type":"ImageObject","inLanguage":"nl-NL","@id":"https:\/\/tibladin.dk\/#\/schema\/logo\/image\/","url":"https:\/\/tibladin.dk\/wp-content\/uploads\/2022\/09\/tibladin_logo.svg","contentUrl":"https:\/\/tibladin.dk\/wp-content\/uploads\/2022\/09\/tibladin_logo.svg","caption":"Tibladin"},"image":{"@id":"https:\/\/tibladin.dk\/#\/schema\/logo\/image\/"}}]}},"_links":{"self":[{"href":"https:\/\/tibladin.dk\/nl\/wp-json\/wp\/v2\/product\/5759","targetHints":{"allow":["GET"]}}],"collection":[{"href":"https:\/\/tibladin.dk\/nl\/wp-json\/wp\/v2\/product"}],"about":[{"href":"https:\/\/tibladin.dk\/nl\/wp-json\/wp\/v2\/types\/product"}],"wp:featuredmedia":[{"embeddable":true,"href":"https:\/\/tibladin.dk\/nl\/wp-json\/wp\/v2\/media\/5765"}],"wp:attachment":[{"href":"https:\/\/tibladin.dk\/nl\/wp-json\/wp\/v2\/media?parent=5759"}],"wp:term":[{"taxonomy":"product_brand","embeddable":true,"href":"https:\/\/tibladin.dk\/nl\/wp-json\/wp\/v2\/product_brand?post=5759"},{"taxonomy":"product_cat","embeddable":true,"href":"https:\/\/tibladin.dk\/nl\/wp-json\/wp\/v2\/product_cat?post=5759"},{"taxonomy":"product_tag","embeddable":true,"href":"https:\/\/tibladin.dk\/nl\/wp-json\/wp\/v2\/product_tag?post=5759"}],"curies":[{"name":"wp","href":"https:\/\/api.w.org\/{rel}","templated":true}]}}