{"id":6003,"date":"2022-12-03T12:37:21","date_gmt":"2022-12-03T11:37:21","guid":{"rendered":"https:\/\/tibladin.dk\/?post_type=product&#038;p=6003"},"modified":"2026-04-04T00:28:31","modified_gmt":"2026-04-03T22:28:31","slug":"fleur-doranger-lichaamsolie","status":"publish","type":"product","link":"https:\/\/tibladin.dk\/nl\/produkt\/kropsolie-fleur-doranger\/","title":{"rendered":"Lichaamsolie FLEUR D&#039;ORANGER"},"content":{"rendered":"<div class=\"wpb-content-wrapper\"><div class=\"vc_row wpb_row vc_row-fluid\"><div class=\"wpb_column vc_column_container vc_col-sm-4\"><div class=\"vc_column-inner\"><div class=\"wpb_wrapper\"><\/div><\/div><\/div><div class=\"wpb_column vc_column_container vc_col-sm-4\"><div class=\"vc_column-inner\"><div class=\"wpb_wrapper\"><h3 style=\"text-align: left\" class=\"vc_custom_heading vc_do_custom_heading\" >Onderhoud<\/h3>\n\t<div class=\"wpb_text_column wpb_content_element\" >\n\t\t<div class=\"wpb_wrapper\">\n\t\t\t<p>Gebruik de olie als een heerlijk alternatief voor bodylotion. Verdeel en verwarm een kleine hoeveelheid in de handen en gebruik op gezicht, lichaam en voeten.<\/p>\n\n\t\t<\/div>\n\t<\/div>\n<\/div><\/div><\/div><div class=\"wpb_column vc_column_container vc_col-sm-4\"><div class=\"vc_column-inner\"><div class=\"wpb_wrapper\"><h3 style=\"text-align: left\" class=\"vc_custom_heading vc_do_custom_heading\" >Het verhaal erachter<\/h3>\n\t<div class=\"wpb_text_column wpb_content_element\" >\n\t\t<div class=\"wpb_wrapper\">\n\t\t\t<p>Deze heerlijke lichaamsolie is van het merk L&#039;art du bain, dat in 2004 in Marrakech werd gecre\u00eberd en sinds 2016 in Nantes in Frankrijk wordt geproduceerd.<\/p>\n<p>De olie is gemaakt van natuurlijke, biologische ingredi\u00ebnten en geeft vocht en een mooie glans aan de huid, en kan zowel op het gezicht, het lichaam als de voeten worden gebruikt. Een zorgvuldige productie, waarbij de oli\u00ebn koud worden geperst, geeft een zeer fijne kwaliteit en een heerlijke olie die niet vettig is.<\/p>\n\n\t\t<\/div>\n\t<\/div>\n<\/div><\/div><\/div><\/div>\n<\/div>","protected":false},"excerpt":{"rendered":"<p><span style=\"font-weight: 400;\">Een heerlijke lichaamsolie die voldoende vocht geeft en een heerlijke geur heeft die doet denken aan de zomer, warm zand, een zonovergoten huid en vakantie in de zon. De olie kan zowel als bodylotion worden gebruikt, maar ook om de huid een mooie en natuurlijke glans te geven.<\/span><\/p>\n<p><span style=\"font-weight: 400;\">Fleur d&#039;orange met arganolie, druivenpitolie en abrikozenolie, prachtige oranjebloesemgeur.<\/span><\/p>\n<p><span style=\"font-weight: 400;\">De olie wordt geleverd in een mooie, slanke container met een spuitmondje waardoor de olie gemakkelijk aan te brengen en te verdelen is.\u00a0<\/span><\/p>\n<p><span style=\"font-weight: 400;\">100 ml.<\/span><\/p>\n<p><span style=\"font-weight: 400;\">Ingredi\u00ebnten: Abrikozenpitolie, druivenpitolie, arganolie en parfum. De oli\u00ebn zijn rijk aan Omega 6- en 9-vetzuren, evenals vitamine B1, B2, B3, C en E, die allemaal bijdragen aan de elasticiteit van de huid en de huid van vocht voorzien. <\/span><\/p>","protected":false},"featured_media":6004,"template":"","meta":{"inline_featured_image":false},"product_brand":[],"product_cat":[27,110,103],"product_tag":[],"class_list":{"0":"post-6003","1":"product","2":"type-product","3":"status-publish","4":"has-post-thumbnail","6":"product_cat-diverse","7":"product_cat-kropsolie","8":"product_cat-personlig-pleje","10":"first","11":"instock","12":"taxable","13":"shipping-taxable","14":"purchasable","15":"product-type-simple"},"exclude_global_add_ons":false,"addons":[{"name":"Wilt u een cadeauverpakking?","type":"checkbox","position":0,"required":false,"title_format":"label","default":"","description_enable":false,"description":"","placeholder_enable":false,"placeholder":"","display":"images","restrictions_type":"any_text","adjust_price":false,"price":"","price_type":"flat_fee","restrictions":false,"min":"0","max":"0","options":[{"label":"Ja tak","price":"10","price_type":"flat_fee","image":11015,"visibility":true}],"id":1669646111}],"yoast_head":"<!-- This site is optimized with the Yoast SEO plugin v27.4 - https:\/\/yoast.com\/product\/yoast-seo-wordpress\/ -->\n<title>\u00d8kologisk kropsolie | Naturlige ingredienser | Tibladin<\/title>\n<meta name=\"description\" content=\"L\u00e6kker kropsolie til kroppen og ansigtet. Lavet af \u00f8kologiske ingredienser, der tilf\u00f8jer fugt og en flot gl\u00f8d til huden. 4 l\u00e6kre olier.\" \/>\n<meta name=\"robots\" content=\"index, follow, max-snippet:-1, max-image-preview:large, max-video-preview:-1\" \/>\n<link rel=\"canonical\" href=\"https:\/\/tibladin.dk\/nl\/product-2\/fleur-doranger-lichaamsolie\/\" \/>\n<meta property=\"og:locale\" content=\"nl_NL\" \/>\n<meta property=\"og:type\" content=\"article\" \/>\n<meta property=\"og:title\" content=\"\u00d8kologisk kropsolie | Naturlige ingredienser | Tibladin\" \/>\n<meta property=\"og:description\" content=\"L\u00e6kker kropsolie til kroppen og ansigtet. Lavet af \u00f8kologiske ingredienser, der tilf\u00f8jer fugt og en flot gl\u00f8d til huden. 4 l\u00e6kre olier.\" \/>\n<meta property=\"og:url\" content=\"https:\/\/tibladin.dk\/nl\/product-2\/fleur-doranger-lichaamsolie\/\" \/>\n<meta property=\"og:site_name\" content=\"Tibladin\" \/>\n<meta property=\"article:modified_time\" content=\"2026-04-03T22:28:31+00:00\" \/>\n<meta property=\"og:image\" content=\"https:\/\/tibladin.dk\/wp-content\/uploads\/2022\/12\/Fleur-doranger-kropsolie.jpg\" \/>\n\t<meta property=\"og:image:width\" content=\"800\" \/>\n\t<meta property=\"og:image:height\" content=\"800\" \/>\n\t<meta property=\"og:image:type\" content=\"image\/jpeg\" \/>\n<meta name=\"twitter:card\" content=\"summary_large_image\" \/>\n<meta name=\"twitter:label1\" content=\"Geschatte leestijd\" \/>\n\t<meta name=\"twitter:data1\" content=\"2 minuten\" \/>\n<script type=\"application\/ld+json\" class=\"yoast-schema-graph\">{\"@context\":\"https:\\\/\\\/schema.org\",\"@graph\":[{\"@type\":\"WebPage\",\"@id\":\"https:\\\/\\\/tibladin.dk\\\/produkt\\\/kropsolie-fleur-doranger\\\/\",\"url\":\"https:\\\/\\\/tibladin.dk\\\/produkt\\\/kropsolie-fleur-doranger\\\/\",\"name\":\"\u00d8kologisk kropsolie | Naturlige ingredienser | Tibladin\",\"isPartOf\":{\"@id\":\"https:\\\/\\\/tibladin.dk\\\/#website\"},\"primaryImageOfPage\":{\"@id\":\"https:\\\/\\\/tibladin.dk\\\/produkt\\\/kropsolie-fleur-doranger\\\/#primaryimage\"},\"image\":{\"@id\":\"https:\\\/\\\/tibladin.dk\\\/produkt\\\/kropsolie-fleur-doranger\\\/#primaryimage\"},\"thumbnailUrl\":\"https:\\\/\\\/tibladin.dk\\\/wp-content\\\/uploads\\\/2022\\\/12\\\/Fleur-doranger-kropsolie.jpg\",\"datePublished\":\"2022-12-03T11:37:21+00:00\",\"dateModified\":\"2026-04-03T22:28:31+00:00\",\"description\":\"L\u00e6kker kropsolie til kroppen og ansigtet. Lavet af \u00f8kologiske ingredienser, der tilf\u00f8jer fugt og en flot gl\u00f8d til huden. 4 l\u00e6kre olier.\",\"breadcrumb\":{\"@id\":\"https:\\\/\\\/tibladin.dk\\\/produkt\\\/kropsolie-fleur-doranger\\\/#breadcrumb\"},\"inLanguage\":\"nl-NL\",\"potentialAction\":[{\"@type\":\"ReadAction\",\"target\":[\"https:\\\/\\\/tibladin.dk\\\/produkt\\\/kropsolie-fleur-doranger\\\/\"]}]},{\"@type\":\"ImageObject\",\"inLanguage\":\"nl-NL\",\"@id\":\"https:\\\/\\\/tibladin.dk\\\/produkt\\\/kropsolie-fleur-doranger\\\/#primaryimage\",\"url\":\"https:\\\/\\\/tibladin.dk\\\/wp-content\\\/uploads\\\/2022\\\/12\\\/Fleur-doranger-kropsolie.jpg\",\"contentUrl\":\"https:\\\/\\\/tibladin.dk\\\/wp-content\\\/uploads\\\/2022\\\/12\\\/Fleur-doranger-kropsolie.jpg\",\"width\":800,\"height\":800,\"caption\":\"Kropsolie Fleur d'oranger\"},{\"@type\":\"BreadcrumbList\",\"@id\":\"https:\\\/\\\/tibladin.dk\\\/produkt\\\/kropsolie-fleur-doranger\\\/#breadcrumb\",\"itemListElement\":[{\"@type\":\"ListItem\",\"position\":1,\"name\":\"Hjem\",\"item\":\"https:\\\/\\\/tibladin.dk\\\/\"},{\"@type\":\"ListItem\",\"position\":2,\"name\":\"Shop\",\"item\":\"https:\\\/\\\/tibladin.dk\\\/shop\\\/\"},{\"@type\":\"ListItem\",\"position\":3,\"name\":\"Kropsolie FLEUR D&#8217;ORANGER\"}]},{\"@type\":\"WebSite\",\"@id\":\"https:\\\/\\\/tibladin.dk\\\/#website\",\"url\":\"https:\\\/\\\/tibladin.dk\\\/\",\"name\":\"Tibladin\",\"description\":\"Tibladin\",\"publisher\":{\"@id\":\"https:\\\/\\\/tibladin.dk\\\/#organization\"},\"potentialAction\":[{\"@type\":\"SearchAction\",\"target\":{\"@type\":\"EntryPoint\",\"urlTemplate\":\"https:\\\/\\\/tibladin.dk\\\/?s={search_term_string}\"},\"query-input\":{\"@type\":\"PropertyValueSpecification\",\"valueRequired\":true,\"valueName\":\"search_term_string\"}}],\"inLanguage\":\"nl-NL\"},{\"@type\":\"Organization\",\"@id\":\"https:\\\/\\\/tibladin.dk\\\/#organization\",\"name\":\"Tibladin\",\"url\":\"https:\\\/\\\/tibladin.dk\\\/\",\"logo\":{\"@type\":\"ImageObject\",\"inLanguage\":\"nl-NL\",\"@id\":\"https:\\\/\\\/tibladin.dk\\\/#\\\/schema\\\/logo\\\/image\\\/\",\"url\":\"https:\\\/\\\/tibladin.dk\\\/wp-content\\\/uploads\\\/2022\\\/09\\\/tibladin_logo.svg\",\"contentUrl\":\"https:\\\/\\\/tibladin.dk\\\/wp-content\\\/uploads\\\/2022\\\/09\\\/tibladin_logo.svg\",\"caption\":\"Tibladin\"},\"image\":{\"@id\":\"https:\\\/\\\/tibladin.dk\\\/#\\\/schema\\\/logo\\\/image\\\/\"}}]}<\/script>\n<!-- \/ Yoast SEO plugin. -->","yoast_head_json":{"title":"Biologische lichaamsolie | Natuurlijke ingredi\u00ebnten | Tibladin","description":"Heerlijke lichaamsolie voor lichaam en gezicht. Gemaakt van biologische ingredi\u00ebnten die vocht en een mooie glans aan de huid toevoegen. 4 heerlijke oli\u00ebn.","robots":{"index":"index","follow":"follow","max-snippet":"max-snippet:-1","max-image-preview":"max-image-preview:large","max-video-preview":"max-video-preview:-1"},"canonical":"https:\/\/tibladin.dk\/nl\/product-2\/fleur-doranger-lichaamsolie\/","og_locale":"nl_NL","og_type":"article","og_title":"\u00d8kologisk kropsolie | Naturlige ingredienser | Tibladin","og_description":"L\u00e6kker kropsolie til kroppen og ansigtet. Lavet af \u00f8kologiske ingredienser, der tilf\u00f8jer fugt og en flot gl\u00f8d til huden. 4 l\u00e6kre olier.","og_url":"https:\/\/tibladin.dk\/nl\/product-2\/fleur-doranger-lichaamsolie\/","og_site_name":"Tibladin","article_modified_time":"2026-04-03T22:28:31+00:00","og_image":[{"width":800,"height":800,"url":"https:\/\/tibladin.dk\/wp-content\/uploads\/2022\/12\/Fleur-doranger-kropsolie.jpg","type":"image\/jpeg"}],"twitter_card":"summary_large_image","twitter_misc":{"Geschatte leestijd":"2 minuten"},"schema":{"@context":"https:\/\/schema.org","@graph":[{"@type":"WebPage","@id":"https:\/\/tibladin.dk\/produkt\/kropsolie-fleur-doranger\/","url":"https:\/\/tibladin.dk\/produkt\/kropsolie-fleur-doranger\/","name":"Biologische lichaamsolie | Natuurlijke ingredi\u00ebnten | Tibladin","isPartOf":{"@id":"https:\/\/tibladin.dk\/#website"},"primaryImageOfPage":{"@id":"https:\/\/tibladin.dk\/produkt\/kropsolie-fleur-doranger\/#primaryimage"},"image":{"@id":"https:\/\/tibladin.dk\/produkt\/kropsolie-fleur-doranger\/#primaryimage"},"thumbnailUrl":"https:\/\/tibladin.dk\/wp-content\/uploads\/2022\/12\/Fleur-doranger-kropsolie.jpg","datePublished":"2022-12-03T11:37:21+00:00","dateModified":"2026-04-03T22:28:31+00:00","description":"Heerlijke lichaamsolie voor lichaam en gezicht. Gemaakt van biologische ingredi\u00ebnten die vocht en een mooie glans aan de huid toevoegen. 4 heerlijke oli\u00ebn.","breadcrumb":{"@id":"https:\/\/tibladin.dk\/produkt\/kropsolie-fleur-doranger\/#breadcrumb"},"inLanguage":"nl-NL","potentialAction":[{"@type":"ReadAction","target":["https:\/\/tibladin.dk\/produkt\/kropsolie-fleur-doranger\/"]}]},{"@type":"ImageObject","inLanguage":"nl-NL","@id":"https:\/\/tibladin.dk\/produkt\/kropsolie-fleur-doranger\/#primaryimage","url":"https:\/\/tibladin.dk\/wp-content\/uploads\/2022\/12\/Fleur-doranger-kropsolie.jpg","contentUrl":"https:\/\/tibladin.dk\/wp-content\/uploads\/2022\/12\/Fleur-doranger-kropsolie.jpg","width":800,"height":800,"caption":"Kropsolie Fleur d'oranger"},{"@type":"BreadcrumbList","@id":"https:\/\/tibladin.dk\/produkt\/kropsolie-fleur-doranger\/#breadcrumb","itemListElement":[{"@type":"ListItem","position":1,"name":"Hjem","item":"https:\/\/tibladin.dk\/"},{"@type":"ListItem","position":2,"name":"Shop","item":"https:\/\/tibladin.dk\/shop\/"},{"@type":"ListItem","position":3,"name":"Kropsolie FLEUR D&#8217;ORANGER"}]},{"@type":"WebSite","@id":"https:\/\/tibladin.dk\/#website","url":"https:\/\/tibladin.dk\/","name":"Tibladin","description":"Tibladin","publisher":{"@id":"https:\/\/tibladin.dk\/#organization"},"potentialAction":[{"@type":"SearchAction","target":{"@type":"EntryPoint","urlTemplate":"https:\/\/tibladin.dk\/?s={search_term_string}"},"query-input":{"@type":"PropertyValueSpecification","valueRequired":true,"valueName":"search_term_string"}}],"inLanguage":"nl-NL"},{"@type":"Organization","@id":"https:\/\/tibladin.dk\/#organization","name":"Tibladin","url":"https:\/\/tibladin.dk\/","logo":{"@type":"ImageObject","inLanguage":"nl-NL","@id":"https:\/\/tibladin.dk\/#\/schema\/logo\/image\/","url":"https:\/\/tibladin.dk\/wp-content\/uploads\/2022\/09\/tibladin_logo.svg","contentUrl":"https:\/\/tibladin.dk\/wp-content\/uploads\/2022\/09\/tibladin_logo.svg","caption":"Tibladin"},"image":{"@id":"https:\/\/tibladin.dk\/#\/schema\/logo\/image\/"}}]}},"_links":{"self":[{"href":"https:\/\/tibladin.dk\/nl\/wp-json\/wp\/v2\/product\/6003","targetHints":{"allow":["GET"]}}],"collection":[{"href":"https:\/\/tibladin.dk\/nl\/wp-json\/wp\/v2\/product"}],"about":[{"href":"https:\/\/tibladin.dk\/nl\/wp-json\/wp\/v2\/types\/product"}],"wp:featuredmedia":[{"embeddable":true,"href":"https:\/\/tibladin.dk\/nl\/wp-json\/wp\/v2\/media\/6004"}],"wp:attachment":[{"href":"https:\/\/tibladin.dk\/nl\/wp-json\/wp\/v2\/media?parent=6003"}],"wp:term":[{"taxonomy":"product_brand","embeddable":true,"href":"https:\/\/tibladin.dk\/nl\/wp-json\/wp\/v2\/product_brand?post=6003"},{"taxonomy":"product_cat","embeddable":true,"href":"https:\/\/tibladin.dk\/nl\/wp-json\/wp\/v2\/product_cat?post=6003"},{"taxonomy":"product_tag","embeddable":true,"href":"https:\/\/tibladin.dk\/nl\/wp-json\/wp\/v2\/product_tag?post=6003"}],"curies":[{"name":"wp","href":"https:\/\/api.w.org\/{rel}","templated":true}]}}