{"id":640,"date":"2022-09-20T11:03:35","date_gmt":"2022-09-20T09:03:35","guid":{"rendered":"https:\/\/tibladin.dk\/vare\/haandvaevet-uldtaeppe-farvet-mix-struktur-150x250\/"},"modified":"2024-12-09T14:59:11","modified_gmt":"2024-12-09T13:59:11","slug":"wollen-tapijt-150x250","status":"publish","type":"product","link":"https:\/\/tibladin.dk\/nl\/produkt\/uldtaeppe-150x250\/","title":{"rendered":"Wollen vloerkleed 150\u00d7250"},"content":{"rendered":"<div class=\"wpb-content-wrapper\"><div class=\"vc_row wpb_row vc_row-fluid\"><div class=\"wpb_column vc_column_container vc_col-sm-4\"><div class=\"vc_column-inner\"><div class=\"wpb_wrapper\">\n\t<div class=\"wpb_video_widget wpb_content_element vc_clearfix   vc_video-aspect-ratio-43 vc_video-el-width-100 vc_video-align-left\" >\n\t\t<div class=\"wpb_wrapper\">\n\t\t\t\n\t\t\t<div class=\"wpb_video_wrapper\"><div class=\"video-container\"><iframe loading=\"lazy\" title=\"Tibladin_Vrouwenco\u00f6peratie Marrakech\" src=\"https:\/\/player.vimeo.com\/video\/403985812?dnt=1&amp;app_id=122963\" width=\"500\" height=\"281\" frameborder=\"0\" allow=\"autoplay; fullscreen; picture-in-picture\"><\/iframe><\/div><\/div>\n\t\t<\/div>\n\t<\/div>\n<\/div><\/div><\/div><div class=\"wpb_column vc_column_container vc_col-sm-4\"><div class=\"vc_column-inner\"><div class=\"wpb_wrapper\"><h3 style=\"text-align: left\" class=\"vc_custom_heading vc_do_custom_heading\" >Onderhoud<\/h3>\n\t<div class=\"wpb_text_column wpb_content_element\" >\n\t\t<div class=\"wpb_wrapper\">\n\t\t\t<p>Stofzuig het tapijt regelmatig en neem het mee naar buiten en schud het af en toe. Vlekken verwijdert u door de vlek zo snel mogelijk met een doek op te zuigen en vervolgens met een vochtige doek de vlek af te deppen. Het tapijt is 100% pure wol % en is op elke vezel op natuurlijke wijze bedekt met lanoline, waardoor vlekken niet in het tapijt dringen. Mochten we het geluk hebben om op een winter in Denemarken sneeuw te krijgen, leg dan eindelijk de deken in de witte sneeuw. Hierdoor wordt het tapijt grondig gereinigd \u2013 geheel natuurlijk.<\/p>\n\n\t\t<\/div>\n\t<\/div>\n<\/div><\/div><\/div><div class=\"wpb_column vc_column_container vc_col-sm-4\"><div class=\"vc_column-inner\"><div class=\"wpb_wrapper\"><h3 style=\"text-align: left\" class=\"vc_custom_heading vc_do_custom_heading\" >Het verhaal erachter<\/h3>\n\t<div class=\"wpb_text_column wpb_content_element\" >\n\t\t<div class=\"wpb_wrapper\">\n\t\t\t<p>Tapijten decoreren, zorgen voor gezelligheid en warmte en zijn bovendien geluidsabsorberend.<\/p>\n<p>Deze vloerkleden zijn handgeweven door vrouwen ten zuiden van Marrakech en hebben een zeer Scandinavische uitstraling. Er wordt gespeeld met een mix van structuren in het weefpatroon, wat een heel spannend effect geeft.<\/p>\n<p>De vloerkleden zijn gemaakt van duurzame wol van schapen uit het Atlasgebergte en zijn volledig chemicali\u00ebnvrij.<\/p>\n\n\t\t<\/div>\n\t<\/div>\n<\/div><\/div><\/div><\/div>\n<\/div>","protected":false},"excerpt":{"rendered":"<ul>\n<li>Handgeweven Marokkaans wollen tapijt in een mix van kleuren in de tinten wit, grijs en bruin. Er wordt gespeeld met een mix van structuren in het weefpatroon, wat een spannende expressie geeft.<\/li>\n<li>Voegt warmte en gezelligheid toe aan uw kamer.<\/li>\n<\/ul>\n<p>Het vloerkleed is gemaakt door vrouwen van een vrouwenco\u00f6peratie ten zuiden van Marrakech. Door een vloerkleed van Tibladin te kopen, steun je het vrouwenwerk en help je de levensstandaard van veel gezinnen in het dorp te verbeteren.<\/p>\n<p><strong>Het tapijt heeft een afmeting van 150\u00d7250 cm<\/strong><\/p>","protected":false},"featured_media":635,"template":"","meta":{"inline_featured_image":false},"product_brand":[],"product_cat":[59,60],"product_tag":[],"class_list":{"0":"post-640","1":"product","2":"type-product","3":"status-publish","4":"has-post-thumbnail","6":"product_cat-marokkanske-taepper","7":"product_cat-uldtaepper","9":"first","10":"instock","11":"taxable","12":"shipping-taxable","13":"purchasable","14":"product-type-simple"},"exclude_global_add_ons":[],"addons":[],"yoast_head":"<!-- This site is optimized with the Yoast SEO plugin v27.4 - https:\/\/yoast.com\/product\/yoast-seo-wordpress\/ -->\n<title>Uldt\u00e6ppe | H\u00e5ndv\u00e6vet t\u00e6ppe | K\u00f8b online hos Tibladin<\/title>\n<meta name=\"description\" content=\"Marrokansk uldt\u00e6ppe i forskellige farvetoner fra hvid til m\u00f8rkegr\u00e5. Der er leget med et mix af strukturer i v\u00e6vningen som giver et sp\u00e6ndende udtryk.\" \/>\n<meta name=\"robots\" content=\"index, follow, max-snippet:-1, max-image-preview:large, max-video-preview:-1\" \/>\n<link rel=\"canonical\" href=\"https:\/\/tibladin.dk\/nl\/product-2\/wollen-tapijt-150x250\/\" \/>\n<meta property=\"og:locale\" content=\"nl_NL\" \/>\n<meta property=\"og:type\" content=\"article\" \/>\n<meta property=\"og:title\" content=\"Uldt\u00e6ppe | H\u00e5ndv\u00e6vet t\u00e6ppe | K\u00f8b online hos Tibladin\" \/>\n<meta property=\"og:description\" content=\"Marrokansk uldt\u00e6ppe i forskellige farvetoner fra hvid til m\u00f8rkegr\u00e5. Der er leget med et mix af strukturer i v\u00e6vningen som giver et sp\u00e6ndende udtryk.\" \/>\n<meta property=\"og:url\" content=\"https:\/\/tibladin.dk\/nl\/product-2\/wollen-tapijt-150x250\/\" \/>\n<meta property=\"og:site_name\" content=\"Tibladin\" \/>\n<meta property=\"article:modified_time\" content=\"2024-12-09T13:59:11+00:00\" \/>\n<meta property=\"og:image\" content=\"https:\/\/tibladin.dk\/wp-content\/uploads\/2022\/09\/Tibladin_marokkansk-taeppe_mix-struktur-farvet_800x800-1.jpg\" \/>\n\t<meta property=\"og:image:width\" content=\"800\" \/>\n\t<meta property=\"og:image:height\" content=\"800\" \/>\n\t<meta property=\"og:image:type\" content=\"image\/jpeg\" \/>\n<meta name=\"twitter:card\" content=\"summary_large_image\" \/>\n<meta name=\"twitter:label1\" content=\"Geschatte leestijd\" \/>\n\t<meta name=\"twitter:data1\" content=\"2 minuten\" \/>\n<script type=\"application\/ld+json\" class=\"yoast-schema-graph\">{\"@context\":\"https:\\\/\\\/schema.org\",\"@graph\":[{\"@type\":\"WebPage\",\"@id\":\"https:\\\/\\\/tibladin.dk\\\/produkt\\\/uldtaeppe-150x250\\\/\",\"url\":\"https:\\\/\\\/tibladin.dk\\\/produkt\\\/uldtaeppe-150x250\\\/\",\"name\":\"Uldt\u00e6ppe | H\u00e5ndv\u00e6vet t\u00e6ppe | K\u00f8b online hos Tibladin\",\"isPartOf\":{\"@id\":\"https:\\\/\\\/tibladin.dk\\\/#website\"},\"primaryImageOfPage\":{\"@id\":\"https:\\\/\\\/tibladin.dk\\\/produkt\\\/uldtaeppe-150x250\\\/#primaryimage\"},\"image\":{\"@id\":\"https:\\\/\\\/tibladin.dk\\\/produkt\\\/uldtaeppe-150x250\\\/#primaryimage\"},\"thumbnailUrl\":\"https:\\\/\\\/tibladin.dk\\\/wp-content\\\/uploads\\\/2022\\\/09\\\/Tibladin_marokkansk-taeppe_mix-struktur-farvet_800x800-1.jpg\",\"datePublished\":\"2022-09-20T09:03:35+00:00\",\"dateModified\":\"2024-12-09T13:59:11+00:00\",\"description\":\"Marrokansk uldt\u00e6ppe i forskellige farvetoner fra hvid til m\u00f8rkegr\u00e5. Der er leget med et mix af strukturer i v\u00e6vningen som giver et sp\u00e6ndende udtryk.\",\"breadcrumb\":{\"@id\":\"https:\\\/\\\/tibladin.dk\\\/produkt\\\/uldtaeppe-150x250\\\/#breadcrumb\"},\"inLanguage\":\"nl-NL\",\"potentialAction\":[{\"@type\":\"ReadAction\",\"target\":[\"https:\\\/\\\/tibladin.dk\\\/produkt\\\/uldtaeppe-150x250\\\/\"]}]},{\"@type\":\"ImageObject\",\"inLanguage\":\"nl-NL\",\"@id\":\"https:\\\/\\\/tibladin.dk\\\/produkt\\\/uldtaeppe-150x250\\\/#primaryimage\",\"url\":\"https:\\\/\\\/tibladin.dk\\\/wp-content\\\/uploads\\\/2022\\\/09\\\/Tibladin_marokkansk-taeppe_mix-struktur-farvet_800x800-1.jpg\",\"contentUrl\":\"https:\\\/\\\/tibladin.dk\\\/wp-content\\\/uploads\\\/2022\\\/09\\\/Tibladin_marokkansk-taeppe_mix-struktur-farvet_800x800-1.jpg\",\"width\":800,\"height\":800,\"caption\":\"Marokkansk h\u00e5ndv\u00e6vet t\u00e6ppe i gr\u00e5 og beige nuancer med ulddetaljer\"},{\"@type\":\"BreadcrumbList\",\"@id\":\"https:\\\/\\\/tibladin.dk\\\/produkt\\\/uldtaeppe-150x250\\\/#breadcrumb\",\"itemListElement\":[{\"@type\":\"ListItem\",\"position\":1,\"name\":\"Hjem\",\"item\":\"https:\\\/\\\/tibladin.dk\\\/\"},{\"@type\":\"ListItem\",\"position\":2,\"name\":\"Shop\",\"item\":\"https:\\\/\\\/tibladin.dk\\\/shop\\\/\"},{\"@type\":\"ListItem\",\"position\":3,\"name\":\"Uldt\u00e6ppe 150&#215;250\"}]},{\"@type\":\"WebSite\",\"@id\":\"https:\\\/\\\/tibladin.dk\\\/#website\",\"url\":\"https:\\\/\\\/tibladin.dk\\\/\",\"name\":\"Tibladin\",\"description\":\"Tibladin\",\"publisher\":{\"@id\":\"https:\\\/\\\/tibladin.dk\\\/#organization\"},\"potentialAction\":[{\"@type\":\"SearchAction\",\"target\":{\"@type\":\"EntryPoint\",\"urlTemplate\":\"https:\\\/\\\/tibladin.dk\\\/?s={search_term_string}\"},\"query-input\":{\"@type\":\"PropertyValueSpecification\",\"valueRequired\":true,\"valueName\":\"search_term_string\"}}],\"inLanguage\":\"nl-NL\"},{\"@type\":\"Organization\",\"@id\":\"https:\\\/\\\/tibladin.dk\\\/#organization\",\"name\":\"Tibladin\",\"url\":\"https:\\\/\\\/tibladin.dk\\\/\",\"logo\":{\"@type\":\"ImageObject\",\"inLanguage\":\"nl-NL\",\"@id\":\"https:\\\/\\\/tibladin.dk\\\/#\\\/schema\\\/logo\\\/image\\\/\",\"url\":\"https:\\\/\\\/tibladin.dk\\\/wp-content\\\/uploads\\\/2022\\\/09\\\/tibladin_logo.svg\",\"contentUrl\":\"https:\\\/\\\/tibladin.dk\\\/wp-content\\\/uploads\\\/2022\\\/09\\\/tibladin_logo.svg\",\"caption\":\"Tibladin\"},\"image\":{\"@id\":\"https:\\\/\\\/tibladin.dk\\\/#\\\/schema\\\/logo\\\/image\\\/\"}}]}<\/script>\n<!-- \/ Yoast SEO plugin. -->","yoast_head_json":{"title":"Wollen deken | Handgeweven tapijt | Koop online bij Tibladin","description":"Marokkaans wollen vloerkleed in verschillende tinten van wit tot donkergrijs. Er wordt gespeeld met een mix van structuren in het weefwerk wat een spannende expressie geeft.","robots":{"index":"index","follow":"follow","max-snippet":"max-snippet:-1","max-image-preview":"max-image-preview:large","max-video-preview":"max-video-preview:-1"},"canonical":"https:\/\/tibladin.dk\/nl\/product-2\/wollen-tapijt-150x250\/","og_locale":"nl_NL","og_type":"article","og_title":"Uldt\u00e6ppe | H\u00e5ndv\u00e6vet t\u00e6ppe | K\u00f8b online hos Tibladin","og_description":"Marrokansk uldt\u00e6ppe i forskellige farvetoner fra hvid til m\u00f8rkegr\u00e5. Der er leget med et mix af strukturer i v\u00e6vningen som giver et sp\u00e6ndende udtryk.","og_url":"https:\/\/tibladin.dk\/nl\/product-2\/wollen-tapijt-150x250\/","og_site_name":"Tibladin","article_modified_time":"2024-12-09T13:59:11+00:00","og_image":[{"width":800,"height":800,"url":"https:\/\/tibladin.dk\/wp-content\/uploads\/2022\/09\/Tibladin_marokkansk-taeppe_mix-struktur-farvet_800x800-1.jpg","type":"image\/jpeg"}],"twitter_card":"summary_large_image","twitter_misc":{"Geschatte leestijd":"2 minuten"},"schema":{"@context":"https:\/\/schema.org","@graph":[{"@type":"WebPage","@id":"https:\/\/tibladin.dk\/produkt\/uldtaeppe-150x250\/","url":"https:\/\/tibladin.dk\/produkt\/uldtaeppe-150x250\/","name":"Wollen deken | Handgeweven tapijt | Koop online bij Tibladin","isPartOf":{"@id":"https:\/\/tibladin.dk\/#website"},"primaryImageOfPage":{"@id":"https:\/\/tibladin.dk\/produkt\/uldtaeppe-150x250\/#primaryimage"},"image":{"@id":"https:\/\/tibladin.dk\/produkt\/uldtaeppe-150x250\/#primaryimage"},"thumbnailUrl":"https:\/\/tibladin.dk\/wp-content\/uploads\/2022\/09\/Tibladin_marokkansk-taeppe_mix-struktur-farvet_800x800-1.jpg","datePublished":"2022-09-20T09:03:35+00:00","dateModified":"2024-12-09T13:59:11+00:00","description":"Marokkaans wollen vloerkleed in verschillende tinten van wit tot donkergrijs. Er wordt gespeeld met een mix van structuren in het weefwerk wat een spannende expressie geeft.","breadcrumb":{"@id":"https:\/\/tibladin.dk\/produkt\/uldtaeppe-150x250\/#breadcrumb"},"inLanguage":"nl-NL","potentialAction":[{"@type":"ReadAction","target":["https:\/\/tibladin.dk\/produkt\/uldtaeppe-150x250\/"]}]},{"@type":"ImageObject","inLanguage":"nl-NL","@id":"https:\/\/tibladin.dk\/produkt\/uldtaeppe-150x250\/#primaryimage","url":"https:\/\/tibladin.dk\/wp-content\/uploads\/2022\/09\/Tibladin_marokkansk-taeppe_mix-struktur-farvet_800x800-1.jpg","contentUrl":"https:\/\/tibladin.dk\/wp-content\/uploads\/2022\/09\/Tibladin_marokkansk-taeppe_mix-struktur-farvet_800x800-1.jpg","width":800,"height":800,"caption":"Marokkansk h\u00e5ndv\u00e6vet t\u00e6ppe i gr\u00e5 og beige nuancer med ulddetaljer"},{"@type":"BreadcrumbList","@id":"https:\/\/tibladin.dk\/produkt\/uldtaeppe-150x250\/#breadcrumb","itemListElement":[{"@type":"ListItem","position":1,"name":"Hjem","item":"https:\/\/tibladin.dk\/"},{"@type":"ListItem","position":2,"name":"Shop","item":"https:\/\/tibladin.dk\/shop\/"},{"@type":"ListItem","position":3,"name":"Uldt\u00e6ppe 150&#215;250"}]},{"@type":"WebSite","@id":"https:\/\/tibladin.dk\/#website","url":"https:\/\/tibladin.dk\/","name":"Tibladin","description":"Tibladin","publisher":{"@id":"https:\/\/tibladin.dk\/#organization"},"potentialAction":[{"@type":"SearchAction","target":{"@type":"EntryPoint","urlTemplate":"https:\/\/tibladin.dk\/?s={search_term_string}"},"query-input":{"@type":"PropertyValueSpecification","valueRequired":true,"valueName":"search_term_string"}}],"inLanguage":"nl-NL"},{"@type":"Organization","@id":"https:\/\/tibladin.dk\/#organization","name":"Tibladin","url":"https:\/\/tibladin.dk\/","logo":{"@type":"ImageObject","inLanguage":"nl-NL","@id":"https:\/\/tibladin.dk\/#\/schema\/logo\/image\/","url":"https:\/\/tibladin.dk\/wp-content\/uploads\/2022\/09\/tibladin_logo.svg","contentUrl":"https:\/\/tibladin.dk\/wp-content\/uploads\/2022\/09\/tibladin_logo.svg","caption":"Tibladin"},"image":{"@id":"https:\/\/tibladin.dk\/#\/schema\/logo\/image\/"}}]}},"_links":{"self":[{"href":"https:\/\/tibladin.dk\/nl\/wp-json\/wp\/v2\/product\/640","targetHints":{"allow":["GET"]}}],"collection":[{"href":"https:\/\/tibladin.dk\/nl\/wp-json\/wp\/v2\/product"}],"about":[{"href":"https:\/\/tibladin.dk\/nl\/wp-json\/wp\/v2\/types\/product"}],"wp:featuredmedia":[{"embeddable":true,"href":"https:\/\/tibladin.dk\/nl\/wp-json\/wp\/v2\/media\/635"}],"wp:attachment":[{"href":"https:\/\/tibladin.dk\/nl\/wp-json\/wp\/v2\/media?parent=640"}],"wp:term":[{"taxonomy":"product_brand","embeddable":true,"href":"https:\/\/tibladin.dk\/nl\/wp-json\/wp\/v2\/product_brand?post=640"},{"taxonomy":"product_cat","embeddable":true,"href":"https:\/\/tibladin.dk\/nl\/wp-json\/wp\/v2\/product_cat?post=640"},{"taxonomy":"product_tag","embeddable":true,"href":"https:\/\/tibladin.dk\/nl\/wp-json\/wp\/v2\/product_tag?post=640"}],"curies":[{"name":"wp","href":"https:\/\/api.w.org\/{rel}","templated":true}]}}