{"id":6712,"date":"2023-01-26T16:22:21","date_gmt":"2023-01-26T15:22:21","guid":{"rendered":"https:\/\/tibladin.dk\/?post_type=product&#038;p=6712"},"modified":"2026-01-09T11:58:52","modified_gmt":"2026-01-09T10:58:52","slug":"marokkaanse-borden-16cm-kermiskleuren","status":"publish","type":"product","link":"https:\/\/tibladin.dk\/nl\/produkt\/marokkanske-tallerkner-16cm-tivoli-farver\/","title":{"rendered":"Marokkaanse borden - 16 cm"},"content":{"rendered":"<div class=\"wpb-content-wrapper\"><p>roodbaars<div class=\"vc_row wpb_row vc_row-fluid\"><div class=\"wpb_column vc_column_container vc_col-sm-4\"><div class=\"vc_column-inner\"><div class=\"wpb_wrapper\"><\/div><\/div><\/div><div class=\"wpb_column vc_column_container vc_col-sm-4\"><div class=\"vc_column-inner\"><div class=\"wpb_wrapper\"><h3 style=\"text-align: left\" class=\"vc_custom_heading vc_do_custom_heading\" >Onderhoud<\/h3>\n\t<div class=\"wpb_text_column wpb_content_element\" >\n\t\t<div class=\"wpb_wrapper\">\n\t\t\t<p><span style=\"font-weight: 400;\">Kan gebruikt worden voor voedsel.<\/span><\/p>\n<p><span style=\"font-weight: 400;\">Omdat keramiek iets poreuzer is dan steengoed, raden wij voor het reinigen geen vaatwasser aan. Om het keramiek zo lang mogelijk te behouden kun je de vaat het beste met de hand afwassen.<\/span><\/p>\n<p><br style=\"font-weight: 400;\" \/><br style=\"font-weight: 400;\" \/><\/p>\n\n\t\t<\/div>\n\t<\/div>\n<\/div><\/div><\/div><div class=\"wpb_column vc_column_container vc_col-sm-4\"><div class=\"vc_column-inner\"><div class=\"wpb_wrapper\"><h3 style=\"text-align: left\" class=\"vc_custom_heading vc_do_custom_heading\" >Het verhaal erachter<\/h3>\n\t<div class=\"wpb_text_column wpb_content_element\" >\n\t\t<div class=\"wpb_wrapper\">\n\t\t\t<p>Safi is een provinciehoofdstad en havenstad in het westen van Marokko, die zeer bekend staat om de productie van prachtig handgemaakt keramiek, dat vaak in veel verschillende kleuren en tinten glanst. \u2018Safi\u2019 is dus geen aardewerksoort, maar de naam voor de plaats waar het aardewerk wordt geproduceerd. Je zult &quot;Safi&quot; vaak aantreffen onder de bodem van aardewerk uit Marokko, omdat ze er zo&#039;n grote producent van zijn.<\/p>\n\n\t\t<\/div>\n\t<\/div>\n<\/div><\/div><\/div><\/div>\n<\/div>","protected":false},"excerpt":{"rendered":"<p><span data-sheets-value=\"{&quot;1&quot;:2,&quot;2&quot;:&quot;S\u00f8d lille sk\u00e5l med marokkansk farvet m\u00f8nster. Perfekt som soyask\u00e5l, tappenda sk\u00e5l, lille serveringssk\u00e5l til lidt chokolade, sukkersk\u00e5l, krydderisk\u00e5l&quot;}\" data-sheets-userformat=\"{&quot;2&quot;:15293,&quot;3&quot;:{&quot;1&quot;:0},&quot;5&quot;:{&quot;1&quot;:[{&quot;1&quot;:2,&quot;2&quot;:0,&quot;5&quot;:{&quot;1&quot;:2,&quot;2&quot;:0}},{&quot;1&quot;:0,&quot;2&quot;:0,&quot;3&quot;:3},{&quot;1&quot;:1,&quot;2&quot;:0,&quot;4&quot;:1}]},&quot;6&quot;:{&quot;1&quot;:[{&quot;1&quot;:2,&quot;2&quot;:0,&quot;5&quot;:{&quot;1&quot;:2,&quot;2&quot;:0}},{&quot;1&quot;:0,&quot;2&quot;:0,&quot;3&quot;:3},{&quot;1&quot;:1,&quot;2&quot;:0,&quot;4&quot;:1}]},&quot;7&quot;:{&quot;1&quot;:[{&quot;1&quot;:2,&quot;2&quot;:0,&quot;5&quot;:{&quot;1&quot;:2,&quot;2&quot;:0}},{&quot;1&quot;:0,&quot;2&quot;:0,&quot;3&quot;:3},{&quot;1&quot;:1,&quot;2&quot;:0,&quot;4&quot;:1}]},&quot;8&quot;:{&quot;1&quot;:[{&quot;1&quot;:2,&quot;2&quot;:0,&quot;5&quot;:{&quot;1&quot;:2,&quot;2&quot;:0}},{&quot;1&quot;:0,&quot;2&quot;:0,&quot;3&quot;:3},{&quot;1&quot;:1,&quot;2&quot;:0,&quot;4&quot;:1}]},&quot;10&quot;:0,&quot;11&quot;:4,&quot;12&quot;:0,&quot;14&quot;:{&quot;1&quot;:2,&quot;2&quot;:0},&quot;15&quot;:&quot;Helvetica Neue&quot;,&quot;16&quot;:10}\">Smuk tallerken med marokkansk m\u00f8nster. Tallerkenen<\/span> m\u00e5ler 16 cm i diameter<\/p>\n<p>Perfekt som en lille morgenmadstallerken eller til servering af mange forskellige salater eller dips.<\/p>\n<p>F\u00e5es i forskellige farver og fine h\u00e5ndmalede motiver.<\/p>\n<p>Ligsom alt andet keramik hos Tibladin er tallerkenerne h\u00e5ndlavet i Marokko af dygtige keramikere.<\/p>\n","protected":false},"featured_media":8514,"template":"","meta":{"inline_featured_image":false},"product_brand":[],"product_cat":[139,148],"product_tag":[],"class_list":{"0":"post-6712","1":"product","2":"type-product","3":"status-publish","4":"has-post-thumbnail","6":"product_cat-marokkansk-keramik","7":"product_cat-marokkanske-tallerkner","9":"first","10":"outofstock","11":"taxable","12":"shipping-taxable","13":"purchasable","14":"product-type-variable"},"exclude_global_add_ons":false,"addons":[{"name":"Wilt u een cadeauverpakking?","type":"checkbox","position":0,"required":false,"title_format":"label","default":"","description_enable":false,"description":"","placeholder_enable":false,"placeholder":"","display":"images","restrictions_type":"any_text","adjust_price":false,"price":"","price_type":"flat_fee","restrictions":false,"min":"0","max":"0","options":[{"label":"Ja tak","price":"10","price_type":"flat_fee","image":11015,"visibility":true}],"id":1669646111}],"yoast_head":"<!-- This site is optimized with the Yoast SEO plugin v27.4 - https:\/\/yoast.com\/product\/yoast-seo-wordpress\/ -->\n<title>Marokkanske tallerkner | Unikke m\u00f8nstre og farver | Tibladin<\/title>\n<meta name=\"description\" content=\"Smukke marokkanske tallerkner som f\u00e5es i mange forskellige farver. M\u00e5ler 16 cm. Stort udvalg af smuk marokkansk keramik, som er h\u00e5ndlavet i Marokko.\" \/>\n<meta name=\"robots\" content=\"index, follow, max-snippet:-1, max-image-preview:large, max-video-preview:-1\" \/>\n<link rel=\"canonical\" href=\"https:\/\/tibladin.dk\/nl\/product-2\/marokkaanse-borden-16cm-kermiskleuren\/\" \/>\n<meta property=\"og:locale\" content=\"nl_NL\" \/>\n<meta property=\"og:type\" content=\"article\" \/>\n<meta property=\"og:title\" content=\"Marokkanske tallerkner | Unikke m\u00f8nstre og farver | Tibladin\" \/>\n<meta property=\"og:description\" content=\"Smukke marokkanske tallerkner som f\u00e5es i mange forskellige farver. M\u00e5ler 16 cm. Stort udvalg af smuk marokkansk keramik, som er h\u00e5ndlavet i Marokko.\" \/>\n<meta property=\"og:url\" content=\"https:\/\/tibladin.dk\/nl\/product-2\/marokkaanse-borden-16cm-kermiskleuren\/\" \/>\n<meta property=\"og:site_name\" content=\"Tibladin\" \/>\n<meta property=\"article:modified_time\" content=\"2026-01-09T10:58:52+00:00\" \/>\n<meta property=\"og:image\" content=\"https:\/\/tibladin.dk\/wp-content\/uploads\/2023\/08\/marokkansk-keramik-tallerken-16-cm-alle-farver-1.jpg\" \/>\n\t<meta property=\"og:image:width\" content=\"800\" \/>\n\t<meta property=\"og:image:height\" content=\"800\" \/>\n\t<meta property=\"og:image:type\" content=\"image\/jpeg\" \/>\n<meta name=\"twitter:card\" content=\"summary_large_image\" \/>\n<meta name=\"twitter:label1\" content=\"Geschatte leestijd\" \/>\n\t<meta name=\"twitter:data1\" content=\"2 minuten\" \/>\n<script type=\"application\/ld+json\" class=\"yoast-schema-graph\">{\"@context\":\"https:\\\/\\\/schema.org\",\"@graph\":[{\"@type\":\"WebPage\",\"@id\":\"https:\\\/\\\/tibladin.dk\\\/produkt\\\/marokkanske-tallerkner-16cm-tivoli-farver\\\/\",\"url\":\"https:\\\/\\\/tibladin.dk\\\/produkt\\\/marokkanske-tallerkner-16cm-tivoli-farver\\\/\",\"name\":\"Marokkanske tallerkner | Unikke m\u00f8nstre og farver | Tibladin\",\"isPartOf\":{\"@id\":\"https:\\\/\\\/tibladin.dk\\\/#website\"},\"primaryImageOfPage\":{\"@id\":\"https:\\\/\\\/tibladin.dk\\\/produkt\\\/marokkanske-tallerkner-16cm-tivoli-farver\\\/#primaryimage\"},\"image\":{\"@id\":\"https:\\\/\\\/tibladin.dk\\\/produkt\\\/marokkanske-tallerkner-16cm-tivoli-farver\\\/#primaryimage\"},\"thumbnailUrl\":\"https:\\\/\\\/tibladin.dk\\\/wp-content\\\/uploads\\\/2023\\\/08\\\/marokkansk-keramik-tallerken-16-cm-alle-farver-1.jpg\",\"datePublished\":\"2023-01-26T15:22:21+00:00\",\"dateModified\":\"2026-01-09T10:58:52+00:00\",\"description\":\"Smukke marokkanske tallerkner som f\u00e5es i mange forskellige farver. M\u00e5ler 16 cm. Stort udvalg af smuk marokkansk keramik, som er h\u00e5ndlavet i Marokko.\",\"breadcrumb\":{\"@id\":\"https:\\\/\\\/tibladin.dk\\\/produkt\\\/marokkanske-tallerkner-16cm-tivoli-farver\\\/#breadcrumb\"},\"inLanguage\":\"nl-NL\",\"potentialAction\":[{\"@type\":\"ReadAction\",\"target\":[\"https:\\\/\\\/tibladin.dk\\\/produkt\\\/marokkanske-tallerkner-16cm-tivoli-farver\\\/\"]}]},{\"@type\":\"ImageObject\",\"inLanguage\":\"nl-NL\",\"@id\":\"https:\\\/\\\/tibladin.dk\\\/produkt\\\/marokkanske-tallerkner-16cm-tivoli-farver\\\/#primaryimage\",\"url\":\"https:\\\/\\\/tibladin.dk\\\/wp-content\\\/uploads\\\/2023\\\/08\\\/marokkansk-keramik-tallerken-16-cm-alle-farver-1.jpg\",\"contentUrl\":\"https:\\\/\\\/tibladin.dk\\\/wp-content\\\/uploads\\\/2023\\\/08\\\/marokkansk-keramik-tallerken-16-cm-alle-farver-1.jpg\",\"width\":800,\"height\":800,\"caption\":\"Marokkanske keramik tallerkner i forskellige farver og h\u00e5ndmalede marokkanske m\u00f8nstre. M\u00e5ler 16 cm i diameter.\"},{\"@type\":\"BreadcrumbList\",\"@id\":\"https:\\\/\\\/tibladin.dk\\\/produkt\\\/marokkanske-tallerkner-16cm-tivoli-farver\\\/#breadcrumb\",\"itemListElement\":[{\"@type\":\"ListItem\",\"position\":1,\"name\":\"Hjem\",\"item\":\"https:\\\/\\\/tibladin.dk\\\/\"},{\"@type\":\"ListItem\",\"position\":2,\"name\":\"Shop\",\"item\":\"https:\\\/\\\/tibladin.dk\\\/shop\\\/\"},{\"@type\":\"ListItem\",\"position\":3,\"name\":\"Marokkanske tallerkner &#8211; 16 cm\"}]},{\"@type\":\"WebSite\",\"@id\":\"https:\\\/\\\/tibladin.dk\\\/#website\",\"url\":\"https:\\\/\\\/tibladin.dk\\\/\",\"name\":\"Tibladin\",\"description\":\"Tibladin\",\"publisher\":{\"@id\":\"https:\\\/\\\/tibladin.dk\\\/#organization\"},\"potentialAction\":[{\"@type\":\"SearchAction\",\"target\":{\"@type\":\"EntryPoint\",\"urlTemplate\":\"https:\\\/\\\/tibladin.dk\\\/?s={search_term_string}\"},\"query-input\":{\"@type\":\"PropertyValueSpecification\",\"valueRequired\":true,\"valueName\":\"search_term_string\"}}],\"inLanguage\":\"nl-NL\"},{\"@type\":\"Organization\",\"@id\":\"https:\\\/\\\/tibladin.dk\\\/#organization\",\"name\":\"Tibladin\",\"url\":\"https:\\\/\\\/tibladin.dk\\\/\",\"logo\":{\"@type\":\"ImageObject\",\"inLanguage\":\"nl-NL\",\"@id\":\"https:\\\/\\\/tibladin.dk\\\/#\\\/schema\\\/logo\\\/image\\\/\",\"url\":\"https:\\\/\\\/tibladin.dk\\\/wp-content\\\/uploads\\\/2022\\\/09\\\/tibladin_logo.svg\",\"contentUrl\":\"https:\\\/\\\/tibladin.dk\\\/wp-content\\\/uploads\\\/2022\\\/09\\\/tibladin_logo.svg\",\"caption\":\"Tibladin\"},\"image\":{\"@id\":\"https:\\\/\\\/tibladin.dk\\\/#\\\/schema\\\/logo\\\/image\\\/\"}}]}<\/script>\n<!-- \/ Yoast SEO plugin. -->","yoast_head_json":{"title":"Marokkaanse Borden | Unieke patronen en kleuren | Tibladin","description":"Prachtige Marokkaanse borden die in veel verschillende kleuren verkrijgbaar zijn. Afmeting 16 cm. Grote selectie prachtig Marokkaans keramiek, handgemaakt in Marokko.","robots":{"index":"index","follow":"follow","max-snippet":"max-snippet:-1","max-image-preview":"max-image-preview:large","max-video-preview":"max-video-preview:-1"},"canonical":"https:\/\/tibladin.dk\/nl\/product-2\/marokkaanse-borden-16cm-kermiskleuren\/","og_locale":"nl_NL","og_type":"article","og_title":"Marokkanske tallerkner | Unikke m\u00f8nstre og farver | Tibladin","og_description":"Smukke marokkanske tallerkner som f\u00e5es i mange forskellige farver. M\u00e5ler 16 cm. Stort udvalg af smuk marokkansk keramik, som er h\u00e5ndlavet i Marokko.","og_url":"https:\/\/tibladin.dk\/nl\/product-2\/marokkaanse-borden-16cm-kermiskleuren\/","og_site_name":"Tibladin","article_modified_time":"2026-01-09T10:58:52+00:00","og_image":[{"width":800,"height":800,"url":"https:\/\/tibladin.dk\/wp-content\/uploads\/2023\/08\/marokkansk-keramik-tallerken-16-cm-alle-farver-1.jpg","type":"image\/jpeg"}],"twitter_card":"summary_large_image","twitter_misc":{"Geschatte leestijd":"2 minuten"},"schema":{"@context":"https:\/\/schema.org","@graph":[{"@type":"WebPage","@id":"https:\/\/tibladin.dk\/produkt\/marokkanske-tallerkner-16cm-tivoli-farver\/","url":"https:\/\/tibladin.dk\/produkt\/marokkanske-tallerkner-16cm-tivoli-farver\/","name":"Marokkaanse Borden | Unieke patronen en kleuren | Tibladin","isPartOf":{"@id":"https:\/\/tibladin.dk\/#website"},"primaryImageOfPage":{"@id":"https:\/\/tibladin.dk\/produkt\/marokkanske-tallerkner-16cm-tivoli-farver\/#primaryimage"},"image":{"@id":"https:\/\/tibladin.dk\/produkt\/marokkanske-tallerkner-16cm-tivoli-farver\/#primaryimage"},"thumbnailUrl":"https:\/\/tibladin.dk\/wp-content\/uploads\/2023\/08\/marokkansk-keramik-tallerken-16-cm-alle-farver-1.jpg","datePublished":"2023-01-26T15:22:21+00:00","dateModified":"2026-01-09T10:58:52+00:00","description":"Prachtige Marokkaanse borden die in veel verschillende kleuren verkrijgbaar zijn. Afmeting 16 cm. Grote selectie prachtig Marokkaans keramiek, handgemaakt in Marokko.","breadcrumb":{"@id":"https:\/\/tibladin.dk\/produkt\/marokkanske-tallerkner-16cm-tivoli-farver\/#breadcrumb"},"inLanguage":"nl-NL","potentialAction":[{"@type":"ReadAction","target":["https:\/\/tibladin.dk\/produkt\/marokkanske-tallerkner-16cm-tivoli-farver\/"]}]},{"@type":"ImageObject","inLanguage":"nl-NL","@id":"https:\/\/tibladin.dk\/produkt\/marokkanske-tallerkner-16cm-tivoli-farver\/#primaryimage","url":"https:\/\/tibladin.dk\/wp-content\/uploads\/2023\/08\/marokkansk-keramik-tallerken-16-cm-alle-farver-1.jpg","contentUrl":"https:\/\/tibladin.dk\/wp-content\/uploads\/2023\/08\/marokkansk-keramik-tallerken-16-cm-alle-farver-1.jpg","width":800,"height":800,"caption":"Marokkanske keramik tallerkner i forskellige farver og h\u00e5ndmalede marokkanske m\u00f8nstre. M\u00e5ler 16 cm i diameter."},{"@type":"BreadcrumbList","@id":"https:\/\/tibladin.dk\/produkt\/marokkanske-tallerkner-16cm-tivoli-farver\/#breadcrumb","itemListElement":[{"@type":"ListItem","position":1,"name":"Hjem","item":"https:\/\/tibladin.dk\/"},{"@type":"ListItem","position":2,"name":"Shop","item":"https:\/\/tibladin.dk\/shop\/"},{"@type":"ListItem","position":3,"name":"Marokkanske tallerkner &#8211; 16 cm"}]},{"@type":"WebSite","@id":"https:\/\/tibladin.dk\/#website","url":"https:\/\/tibladin.dk\/","name":"Tibladin","description":"Tibladin","publisher":{"@id":"https:\/\/tibladin.dk\/#organization"},"potentialAction":[{"@type":"SearchAction","target":{"@type":"EntryPoint","urlTemplate":"https:\/\/tibladin.dk\/?s={search_term_string}"},"query-input":{"@type":"PropertyValueSpecification","valueRequired":true,"valueName":"search_term_string"}}],"inLanguage":"nl-NL"},{"@type":"Organization","@id":"https:\/\/tibladin.dk\/#organization","name":"Tibladin","url":"https:\/\/tibladin.dk\/","logo":{"@type":"ImageObject","inLanguage":"nl-NL","@id":"https:\/\/tibladin.dk\/#\/schema\/logo\/image\/","url":"https:\/\/tibladin.dk\/wp-content\/uploads\/2022\/09\/tibladin_logo.svg","contentUrl":"https:\/\/tibladin.dk\/wp-content\/uploads\/2022\/09\/tibladin_logo.svg","caption":"Tibladin"},"image":{"@id":"https:\/\/tibladin.dk\/#\/schema\/logo\/image\/"}}]}},"_links":{"self":[{"href":"https:\/\/tibladin.dk\/nl\/wp-json\/wp\/v2\/product\/6712","targetHints":{"allow":["GET"]}}],"collection":[{"href":"https:\/\/tibladin.dk\/nl\/wp-json\/wp\/v2\/product"}],"about":[{"href":"https:\/\/tibladin.dk\/nl\/wp-json\/wp\/v2\/types\/product"}],"wp:featuredmedia":[{"embeddable":true,"href":"https:\/\/tibladin.dk\/nl\/wp-json\/wp\/v2\/media\/8514"}],"wp:attachment":[{"href":"https:\/\/tibladin.dk\/nl\/wp-json\/wp\/v2\/media?parent=6712"}],"wp:term":[{"taxonomy":"product_brand","embeddable":true,"href":"https:\/\/tibladin.dk\/nl\/wp-json\/wp\/v2\/product_brand?post=6712"},{"taxonomy":"product_cat","embeddable":true,"href":"https:\/\/tibladin.dk\/nl\/wp-json\/wp\/v2\/product_cat?post=6712"},{"taxonomy":"product_tag","embeddable":true,"href":"https:\/\/tibladin.dk\/nl\/wp-json\/wp\/v2\/product_tag?post=6712"}],"curies":[{"name":"wp","href":"https:\/\/api.w.org\/{rel}","templated":true}]}}