{"id":6854,"date":"2025-07-02T11:07:45","date_gmt":"2025-07-02T09:07:45","guid":{"rendered":"https:\/\/tibladin.dk\/?post_type=product&#038;p=6854"},"modified":"2026-03-30T20:40:14","modified_gmt":"2026-03-30T18:40:14","slug":"marokkaanse-kom-12-cm-bruintinten","status":"publish","type":"product","link":"https:\/\/tibladin.dk\/nl\/produkt\/marokkanske-skaale-12-cm-brune-nuancer\/","title":{"rendered":"Marokkaanse kommen 12 cm \u2013 Bruintinten"},"content":{"rendered":"<div class=\"wpb-content-wrapper\"><div class=\"vc_row wpb_row vc_row-fluid\"><div class=\"wpb_column vc_column_container vc_col-sm-4\"><div class=\"vc_column-inner\"><div class=\"wpb_wrapper\"><\/div><\/div><\/div><div class=\"wpb_column vc_column_container vc_col-sm-4\"><div class=\"vc_column-inner\"><div class=\"wpb_wrapper\"><h3 style=\"text-align: left\" class=\"vc_custom_heading vc_do_custom_heading\" >Onderhoud<\/h3>\n\t<div class=\"wpb_text_column wpb_content_element\" >\n\t\t<div class=\"wpb_wrapper\">\n\t\t\t<p><span style=\"font-weight: 400;\">Kan gebruikt worden voor voedsel.<\/span><\/p>\n<p><span style=\"font-weight: 400;\">Omdat keramiek iets poreuzer is dan steengoed, raden wij voor het reinigen geen vaatwasser aan. Om het keramiek zo lang mogelijk te behouden kun je de vaat het beste met de hand afwassen.<\/span><\/p>\n<p><br style=\"font-weight: 400;\" \/><br style=\"font-weight: 400;\" \/><\/p>\n\n\t\t<\/div>\n\t<\/div>\n<\/div><\/div><\/div><div class=\"wpb_column vc_column_container vc_col-sm-4\"><div class=\"vc_column-inner\"><div class=\"wpb_wrapper\"><h3 style=\"text-align: left\" class=\"vc_custom_heading vc_do_custom_heading\" >Het verhaal erachter<\/h3>\n\t<div class=\"wpb_text_column wpb_content_element\" >\n\t\t<div class=\"wpb_wrapper\">\n\t\t\t<p>Safi is een provinciehoofdstad en havenstad in het westen van Marokko, die zeer bekend staat om de productie van prachtig handgemaakt keramiek, dat vaak in veel verschillende kleuren en tinten glanst. \u2018Safi\u2019 is dus geen aardewerksoort, maar de naam voor de plaats waar het aardewerk wordt geproduceerd. Je zult &quot;Safi&quot; vaak aantreffen onder de bodem van aardewerk uit Marokko, omdat ze er zo&#039;n grote producent van zijn.<\/p>\n\n\t\t<\/div>\n\t<\/div>\n<\/div><\/div><\/div><\/div>\n<\/div>","protected":false},"excerpt":{"rendered":"<p>Lieve Marokkaanse kommen met een patroon in de mooiste kleuren. De kommen zijn 12 cm. in diameter. Klik op de variant om alle verschillende kleuren te zien. Van sommige is er maar 1, van sommige iets meer.<\/p>\n<p>Perfect als kleine ontbijtkom of voor het serveren van noten, snoepjes, dipsaus etc.<\/p>\n<p>De schalen zijn met de hand gedraaid en beschilderd en er zullen kleine imperfecties aanwezig zijn die een persoonlijke uitstraling geven.<\/p>","protected":false},"featured_media":37679,"template":"","meta":{"inline_featured_image":false},"product_brand":[],"product_cat":[139,146,154],"product_tag":[],"class_list":{"0":"post-6854","1":"product","2":"type-product","3":"status-publish","4":"has-post-thumbnail","6":"product_cat-marokkansk-keramik","7":"product_cat-marokkanske-keramik-skaale","8":"product_cat-smaaskaale","10":"first","11":"instock","12":"taxable","13":"shipping-taxable","14":"purchasable","15":"product-type-variable"},"exclude_global_add_ons":false,"addons":[{"name":"Wilt u een cadeauverpakking?","type":"checkbox","position":0,"required":false,"title_format":"label","default":"","description_enable":false,"description":"","placeholder_enable":false,"placeholder":"","display":"images","restrictions_type":"any_text","adjust_price":false,"price":"","price_type":"flat_fee","restrictions":false,"min":"0","max":"0","options":[{"label":"Ja tak","price":"10","price_type":"flat_fee","image":11015,"visibility":true}],"id":1669646111}],"yoast_head":"<!-- This site is optimized with the Yoast SEO plugin v27.4 - https:\/\/yoast.com\/product\/yoast-seo-wordpress\/ -->\n<title>Marokkanske sk\u00e5le | Unikke m\u00f8nstre i brune nuancer | Tibladin<\/title>\n<meta name=\"description\" content=\"Smukke marokkanske sk\u00e5le som f\u00e5es forskellige brune farver. M\u00e5ler 12 cm. Stort udvalg af smuk marokkansk keramik, som er h\u00e5ndlavet i Marokko.\" \/>\n<meta name=\"robots\" content=\"index, follow, max-snippet:-1, max-image-preview:large, max-video-preview:-1\" \/>\n<link rel=\"canonical\" href=\"https:\/\/tibladin.dk\/nl\/product-2\/marokkaanse-kom-12-cm-bruintinten\/\" \/>\n<meta property=\"og:locale\" content=\"nl_NL\" \/>\n<meta property=\"og:type\" content=\"article\" \/>\n<meta property=\"og:title\" content=\"Marokkanske sk\u00e5le | Unikke m\u00f8nstre i brune nuancer | Tibladin\" \/>\n<meta property=\"og:description\" content=\"Smukke marokkanske sk\u00e5le som f\u00e5es forskellige brune farver. M\u00e5ler 12 cm. Stort udvalg af smuk marokkansk keramik, som er h\u00e5ndlavet i Marokko.\" \/>\n<meta property=\"og:url\" content=\"https:\/\/tibladin.dk\/nl\/product-2\/marokkaanse-kom-12-cm-bruintinten\/\" \/>\n<meta property=\"og:site_name\" content=\"Tibladin\" \/>\n<meta property=\"article:modified_time\" content=\"2026-03-30T18:40:14+00:00\" \/>\n<meta property=\"og:image\" content=\"https:\/\/tibladin.dk\/wp-content\/uploads\/2025\/07\/marokkanske-skaale-12-cm-brune-nuancer2.jpg\" \/>\n\t<meta property=\"og:image:width\" content=\"800\" \/>\n\t<meta property=\"og:image:height\" content=\"800\" \/>\n\t<meta property=\"og:image:type\" content=\"image\/jpeg\" \/>\n<meta name=\"twitter:card\" content=\"summary_large_image\" \/>\n<meta name=\"twitter:label1\" content=\"Geschatte leestijd\" \/>\n\t<meta name=\"twitter:data1\" content=\"2 minuten\" \/>\n<script type=\"application\/ld+json\" class=\"yoast-schema-graph\">{\"@context\":\"https:\\\/\\\/schema.org\",\"@graph\":[{\"@type\":\"WebPage\",\"@id\":\"https:\\\/\\\/tibladin.dk\\\/produkt\\\/marokkanske-skaale-12-cm-brune-nuancer\\\/\",\"url\":\"https:\\\/\\\/tibladin.dk\\\/produkt\\\/marokkanske-skaale-12-cm-brune-nuancer\\\/\",\"name\":\"Marokkanske sk\u00e5le | Unikke m\u00f8nstre i brune nuancer | Tibladin\",\"isPartOf\":{\"@id\":\"https:\\\/\\\/tibladin.dk\\\/#website\"},\"primaryImageOfPage\":{\"@id\":\"https:\\\/\\\/tibladin.dk\\\/produkt\\\/marokkanske-skaale-12-cm-brune-nuancer\\\/#primaryimage\"},\"image\":{\"@id\":\"https:\\\/\\\/tibladin.dk\\\/produkt\\\/marokkanske-skaale-12-cm-brune-nuancer\\\/#primaryimage\"},\"thumbnailUrl\":\"https:\\\/\\\/tibladin.dk\\\/wp-content\\\/uploads\\\/2025\\\/07\\\/marokkanske-skaale-12-cm-brune-nuancer2.jpg\",\"datePublished\":\"2025-07-02T09:07:45+00:00\",\"dateModified\":\"2026-03-30T18:40:14+00:00\",\"description\":\"Smukke marokkanske sk\u00e5le som f\u00e5es forskellige brune farver. M\u00e5ler 12 cm. Stort udvalg af smuk marokkansk keramik, som er h\u00e5ndlavet i Marokko.\",\"breadcrumb\":{\"@id\":\"https:\\\/\\\/tibladin.dk\\\/produkt\\\/marokkanske-skaale-12-cm-brune-nuancer\\\/#breadcrumb\"},\"inLanguage\":\"nl-NL\",\"potentialAction\":[{\"@type\":\"ReadAction\",\"target\":[\"https:\\\/\\\/tibladin.dk\\\/produkt\\\/marokkanske-skaale-12-cm-brune-nuancer\\\/\"]}]},{\"@type\":\"ImageObject\",\"inLanguage\":\"nl-NL\",\"@id\":\"https:\\\/\\\/tibladin.dk\\\/produkt\\\/marokkanske-skaale-12-cm-brune-nuancer\\\/#primaryimage\",\"url\":\"https:\\\/\\\/tibladin.dk\\\/wp-content\\\/uploads\\\/2025\\\/07\\\/marokkanske-skaale-12-cm-brune-nuancer2.jpg\",\"contentUrl\":\"https:\\\/\\\/tibladin.dk\\\/wp-content\\\/uploads\\\/2025\\\/07\\\/marokkanske-skaale-12-cm-brune-nuancer2.jpg\",\"width\":800,\"height\":800,\"caption\":\"Marokkanske sk\u00e5le 12 cm brune nuancer\"},{\"@type\":\"BreadcrumbList\",\"@id\":\"https:\\\/\\\/tibladin.dk\\\/produkt\\\/marokkanske-skaale-12-cm-brune-nuancer\\\/#breadcrumb\",\"itemListElement\":[{\"@type\":\"ListItem\",\"position\":1,\"name\":\"Hjem\",\"item\":\"https:\\\/\\\/tibladin.dk\\\/\"},{\"@type\":\"ListItem\",\"position\":2,\"name\":\"Shop\",\"item\":\"https:\\\/\\\/tibladin.dk\\\/shop\\\/\"},{\"@type\":\"ListItem\",\"position\":3,\"name\":\"Marokkanske sk\u00e5le 12 cm &#8211; Brune nuancer\"}]},{\"@type\":\"WebSite\",\"@id\":\"https:\\\/\\\/tibladin.dk\\\/#website\",\"url\":\"https:\\\/\\\/tibladin.dk\\\/\",\"name\":\"Tibladin\",\"description\":\"Tibladin\",\"publisher\":{\"@id\":\"https:\\\/\\\/tibladin.dk\\\/#organization\"},\"potentialAction\":[{\"@type\":\"SearchAction\",\"target\":{\"@type\":\"EntryPoint\",\"urlTemplate\":\"https:\\\/\\\/tibladin.dk\\\/?s={search_term_string}\"},\"query-input\":{\"@type\":\"PropertyValueSpecification\",\"valueRequired\":true,\"valueName\":\"search_term_string\"}}],\"inLanguage\":\"nl-NL\"},{\"@type\":\"Organization\",\"@id\":\"https:\\\/\\\/tibladin.dk\\\/#organization\",\"name\":\"Tibladin\",\"url\":\"https:\\\/\\\/tibladin.dk\\\/\",\"logo\":{\"@type\":\"ImageObject\",\"inLanguage\":\"nl-NL\",\"@id\":\"https:\\\/\\\/tibladin.dk\\\/#\\\/schema\\\/logo\\\/image\\\/\",\"url\":\"https:\\\/\\\/tibladin.dk\\\/wp-content\\\/uploads\\\/2022\\\/09\\\/tibladin_logo.svg\",\"contentUrl\":\"https:\\\/\\\/tibladin.dk\\\/wp-content\\\/uploads\\\/2022\\\/09\\\/tibladin_logo.svg\",\"caption\":\"Tibladin\"},\"image\":{\"@id\":\"https:\\\/\\\/tibladin.dk\\\/#\\\/schema\\\/logo\\\/image\\\/\"}}]}<\/script>\n<!-- \/ Yoast SEO plugin. -->","yoast_head_json":{"title":"Marokkaanse kommen | Unieke patronen in bruintinten | Tibladin","description":"Prachtige Marokkaanse kommen verkrijgbaar in verschillende bruintinten. Afmetingen: 12 cm. Ruime keuze aan prachtig Marokkaans keramiek, handgemaakt in Marokko.","robots":{"index":"index","follow":"follow","max-snippet":"max-snippet:-1","max-image-preview":"max-image-preview:large","max-video-preview":"max-video-preview:-1"},"canonical":"https:\/\/tibladin.dk\/nl\/product-2\/marokkaanse-kom-12-cm-bruintinten\/","og_locale":"nl_NL","og_type":"article","og_title":"Marokkanske sk\u00e5le | Unikke m\u00f8nstre i brune nuancer | Tibladin","og_description":"Smukke marokkanske sk\u00e5le som f\u00e5es forskellige brune farver. M\u00e5ler 12 cm. Stort udvalg af smuk marokkansk keramik, som er h\u00e5ndlavet i Marokko.","og_url":"https:\/\/tibladin.dk\/nl\/product-2\/marokkaanse-kom-12-cm-bruintinten\/","og_site_name":"Tibladin","article_modified_time":"2026-03-30T18:40:14+00:00","og_image":[{"width":800,"height":800,"url":"https:\/\/tibladin.dk\/wp-content\/uploads\/2025\/07\/marokkanske-skaale-12-cm-brune-nuancer2.jpg","type":"image\/jpeg"}],"twitter_card":"summary_large_image","twitter_misc":{"Geschatte leestijd":"2 minuten"},"schema":{"@context":"https:\/\/schema.org","@graph":[{"@type":"WebPage","@id":"https:\/\/tibladin.dk\/produkt\/marokkanske-skaale-12-cm-brune-nuancer\/","url":"https:\/\/tibladin.dk\/produkt\/marokkanske-skaale-12-cm-brune-nuancer\/","name":"Marokkaanse kommen | Unieke patronen in bruintinten | Tibladin","isPartOf":{"@id":"https:\/\/tibladin.dk\/#website"},"primaryImageOfPage":{"@id":"https:\/\/tibladin.dk\/produkt\/marokkanske-skaale-12-cm-brune-nuancer\/#primaryimage"},"image":{"@id":"https:\/\/tibladin.dk\/produkt\/marokkanske-skaale-12-cm-brune-nuancer\/#primaryimage"},"thumbnailUrl":"https:\/\/tibladin.dk\/wp-content\/uploads\/2025\/07\/marokkanske-skaale-12-cm-brune-nuancer2.jpg","datePublished":"2025-07-02T09:07:45+00:00","dateModified":"2026-03-30T18:40:14+00:00","description":"Prachtige Marokkaanse kommen verkrijgbaar in verschillende bruintinten. Afmetingen: 12 cm. Ruime keuze aan prachtig Marokkaans keramiek, handgemaakt in Marokko.","breadcrumb":{"@id":"https:\/\/tibladin.dk\/produkt\/marokkanske-skaale-12-cm-brune-nuancer\/#breadcrumb"},"inLanguage":"nl-NL","potentialAction":[{"@type":"ReadAction","target":["https:\/\/tibladin.dk\/produkt\/marokkanske-skaale-12-cm-brune-nuancer\/"]}]},{"@type":"ImageObject","inLanguage":"nl-NL","@id":"https:\/\/tibladin.dk\/produkt\/marokkanske-skaale-12-cm-brune-nuancer\/#primaryimage","url":"https:\/\/tibladin.dk\/wp-content\/uploads\/2025\/07\/marokkanske-skaale-12-cm-brune-nuancer2.jpg","contentUrl":"https:\/\/tibladin.dk\/wp-content\/uploads\/2025\/07\/marokkanske-skaale-12-cm-brune-nuancer2.jpg","width":800,"height":800,"caption":"Marokkanske sk\u00e5le 12 cm brune nuancer"},{"@type":"BreadcrumbList","@id":"https:\/\/tibladin.dk\/produkt\/marokkanske-skaale-12-cm-brune-nuancer\/#breadcrumb","itemListElement":[{"@type":"ListItem","position":1,"name":"Hjem","item":"https:\/\/tibladin.dk\/"},{"@type":"ListItem","position":2,"name":"Shop","item":"https:\/\/tibladin.dk\/shop\/"},{"@type":"ListItem","position":3,"name":"Marokkanske sk\u00e5le 12 cm &#8211; Brune nuancer"}]},{"@type":"WebSite","@id":"https:\/\/tibladin.dk\/#website","url":"https:\/\/tibladin.dk\/","name":"Tibladin","description":"Tibladin","publisher":{"@id":"https:\/\/tibladin.dk\/#organization"},"potentialAction":[{"@type":"SearchAction","target":{"@type":"EntryPoint","urlTemplate":"https:\/\/tibladin.dk\/?s={search_term_string}"},"query-input":{"@type":"PropertyValueSpecification","valueRequired":true,"valueName":"search_term_string"}}],"inLanguage":"nl-NL"},{"@type":"Organization","@id":"https:\/\/tibladin.dk\/#organization","name":"Tibladin","url":"https:\/\/tibladin.dk\/","logo":{"@type":"ImageObject","inLanguage":"nl-NL","@id":"https:\/\/tibladin.dk\/#\/schema\/logo\/image\/","url":"https:\/\/tibladin.dk\/wp-content\/uploads\/2022\/09\/tibladin_logo.svg","contentUrl":"https:\/\/tibladin.dk\/wp-content\/uploads\/2022\/09\/tibladin_logo.svg","caption":"Tibladin"},"image":{"@id":"https:\/\/tibladin.dk\/#\/schema\/logo\/image\/"}}]}},"_links":{"self":[{"href":"https:\/\/tibladin.dk\/nl\/wp-json\/wp\/v2\/product\/6854","targetHints":{"allow":["GET"]}}],"collection":[{"href":"https:\/\/tibladin.dk\/nl\/wp-json\/wp\/v2\/product"}],"about":[{"href":"https:\/\/tibladin.dk\/nl\/wp-json\/wp\/v2\/types\/product"}],"wp:featuredmedia":[{"embeddable":true,"href":"https:\/\/tibladin.dk\/nl\/wp-json\/wp\/v2\/media\/37679"}],"wp:attachment":[{"href":"https:\/\/tibladin.dk\/nl\/wp-json\/wp\/v2\/media?parent=6854"}],"wp:term":[{"taxonomy":"product_brand","embeddable":true,"href":"https:\/\/tibladin.dk\/nl\/wp-json\/wp\/v2\/product_brand?post=6854"},{"taxonomy":"product_cat","embeddable":true,"href":"https:\/\/tibladin.dk\/nl\/wp-json\/wp\/v2\/product_cat?post=6854"},{"taxonomy":"product_tag","embeddable":true,"href":"https:\/\/tibladin.dk\/nl\/wp-json\/wp\/v2\/product_tag?post=6854"}],"curies":[{"name":"wp","href":"https:\/\/api.w.org\/{rel}","templated":true}]}}