{"id":7059,"date":"2023-02-25T13:58:34","date_gmt":"2023-02-25T12:58:34","guid":{"rendered":"https:\/\/tibladin.dk\/?post_type=product&#038;p=7059"},"modified":"2025-11-19T13:26:49","modified_gmt":"2025-11-19T12:26:49","slug":"zeepbakje-in-walnoothout","status":"publish","type":"product","link":"https:\/\/tibladin.dk\/nl\/produkt\/saebeskaal-i-valnoeddetrae\/","title":{"rendered":"zeepbakje in walnoothout"},"content":{"rendered":"<div class=\"wpb-content-wrapper\"><div class=\"vc_row wpb_row vc_row-fluid\"><div class=\"wpb_column vc_column_container vc_col-sm-4\"><div class=\"vc_column-inner\"><div class=\"wpb_wrapper\"><\/div><\/div><\/div><div class=\"wpb_column vc_column_container vc_col-sm-4\"><div class=\"vc_column-inner\"><div class=\"wpb_wrapper\"><h3 style=\"text-align: left\" class=\"vc_custom_heading vc_do_custom_heading\" >Onderhoud<\/h3>\n\t<div class=\"wpb_text_column wpb_content_element\" >\n\t\t<div class=\"wpb_wrapper\">\n\t\t\t<p>Het keukengerei kan met de hand worden afgewassen. Voor een warmere glans van het hout kun je er een beetje bakolie in doen.<\/p>\n\n\t\t<\/div>\n\t<\/div>\n<\/div><\/div><\/div><div class=\"wpb_column vc_column_container vc_col-sm-4\"><div class=\"vc_column-inner\"><div class=\"wpb_wrapper\"><h3 style=\"text-align: left\" class=\"vc_custom_heading vc_do_custom_heading\" >Het verhaal erachter<\/h3>\n\t<div class=\"wpb_text_column wpb_content_element\" >\n\t\t<div class=\"wpb_wrapper\">\n\t\t\t<p>Prachtig handgesneden keukengerei in notenhout. Geeft een warme en gezellige uitstraling aan uw keukeninterieur.<\/p>\n\n\t\t<\/div>\n\t<\/div>\n<\/div><\/div><\/div><\/div>\n<\/div>","protected":false},"excerpt":{"rendered":"<p><span style=\"font-weight: 400;\">Een schattig bakje voor je stuk zeep, dat je bij de gootsteen in de badkamer of in de keuken kunt plaatsen. Hij is rond met gaatjes erin zodat de zeep eraf kan druipen en je zeep droog blijft. Slim!\u00a0<\/span><\/p>\n<p><span style=\"font-weight: 400;\">Handgesneden uit 100% walnoothout in Marokko.\u00a0<\/span><\/p>\n<p><span style=\"font-weight: 400;\">Blijft onbehandeld. Als je een warmere en donkerdere glans wilt, kun je een beetje bakolie geven. Kan met de hand gewassen worden.<\/span><\/p>\n<p><span style=\"font-weight: 400;\">Afmetingen: 11 x 8,5 cm<\/span><\/p>","protected":false},"featured_media":7046,"template":"","meta":{"inline_featured_image":false},"product_brand":[],"product_cat":[144,104],"product_tag":[],"class_list":{"0":"post-7059","1":"product","2":"type-product","3":"status-publish","4":"has-post-thumbnail","6":"product_cat-koekkenredskaber-trae","7":"product_cat-saeber","9":"first","10":"instock","11":"featured","12":"taxable","13":"shipping-taxable","14":"purchasable","15":"product-type-simple"},"exclude_global_add_ons":[],"addons":[],"yoast_head":"<!-- This site is optimized with the Yoast SEO plugin v27.4 - https:\/\/yoast.com\/product\/yoast-seo-wordpress\/ -->\n<title>s\u00e6besk\u00e5l i valn\u00f8ddetr\u00e6 | H\u00e5ndsk\u00e5ret i Marokko | Tibladin<\/title>\n<meta name=\"description\" content=\"Hos Tibladin finder du et udvalg af l\u00e6kre kreationer i valn\u00f8ddetr\u00e6. S\u00f8d lille s\u00e6besk\u00e5l med sm\u00e5 huller, s\u00e5 vandet kan l\u00f8be fra og holde din s\u00e6be t\u00f8r,\" \/>\n<meta name=\"robots\" content=\"index, follow, max-snippet:-1, max-image-preview:large, max-video-preview:-1\" \/>\n<link rel=\"canonical\" href=\"https:\/\/tibladin.dk\/nl\/product-2\/zeepbakje-in-walnoothout\/\" \/>\n<meta property=\"og:locale\" content=\"nl_NL\" \/>\n<meta property=\"og:type\" content=\"article\" \/>\n<meta property=\"og:title\" content=\"s\u00e6besk\u00e5l i valn\u00f8ddetr\u00e6 | H\u00e5ndsk\u00e5ret i Marokko | Tibladin\" \/>\n<meta property=\"og:description\" content=\"Hos Tibladin finder du et udvalg af l\u00e6kre kreationer i valn\u00f8ddetr\u00e6. S\u00f8d lille s\u00e6besk\u00e5l med sm\u00e5 huller, s\u00e5 vandet kan l\u00f8be fra og holde din s\u00e6be t\u00f8r,\" \/>\n<meta property=\"og:url\" content=\"https:\/\/tibladin.dk\/nl\/product-2\/zeepbakje-in-walnoothout\/\" \/>\n<meta property=\"og:site_name\" content=\"Tibladin\" \/>\n<meta property=\"article:modified_time\" content=\"2025-11-19T12:26:49+00:00\" \/>\n<meta property=\"og:image\" content=\"https:\/\/tibladin.dk\/wp-content\/uploads\/2023\/02\/Saebeskaal_LS1.jpg\" \/>\n\t<meta property=\"og:image:width\" content=\"800\" \/>\n\t<meta property=\"og:image:height\" content=\"800\" \/>\n\t<meta property=\"og:image:type\" content=\"image\/jpeg\" \/>\n<meta name=\"twitter:card\" content=\"summary_large_image\" \/>\n<meta name=\"twitter:label1\" content=\"Geschatte leestijd\" \/>\n\t<meta name=\"twitter:data1\" content=\"1 minuut\" \/>\n<script type=\"application\/ld+json\" class=\"yoast-schema-graph\">{\"@context\":\"https:\\\/\\\/schema.org\",\"@graph\":[{\"@type\":\"WebPage\",\"@id\":\"https:\\\/\\\/tibladin.dk\\\/produkt\\\/saebeskaal-i-valnoeddetrae\\\/\",\"url\":\"https:\\\/\\\/tibladin.dk\\\/produkt\\\/saebeskaal-i-valnoeddetrae\\\/\",\"name\":\"s\u00e6besk\u00e5l i valn\u00f8ddetr\u00e6 | H\u00e5ndsk\u00e5ret i Marokko | Tibladin\",\"isPartOf\":{\"@id\":\"https:\\\/\\\/tibladin.dk\\\/#website\"},\"primaryImageOfPage\":{\"@id\":\"https:\\\/\\\/tibladin.dk\\\/produkt\\\/saebeskaal-i-valnoeddetrae\\\/#primaryimage\"},\"image\":{\"@id\":\"https:\\\/\\\/tibladin.dk\\\/produkt\\\/saebeskaal-i-valnoeddetrae\\\/#primaryimage\"},\"thumbnailUrl\":\"https:\\\/\\\/tibladin.dk\\\/wp-content\\\/uploads\\\/2023\\\/02\\\/Saebeskaal_LS1.jpg\",\"datePublished\":\"2023-02-25T12:58:34+00:00\",\"dateModified\":\"2025-11-19T12:26:49+00:00\",\"description\":\"Hos Tibladin finder du et udvalg af l\u00e6kre kreationer i valn\u00f8ddetr\u00e6. S\u00f8d lille s\u00e6besk\u00e5l med sm\u00e5 huller, s\u00e5 vandet kan l\u00f8be fra og holde din s\u00e6be t\u00f8r,\",\"breadcrumb\":{\"@id\":\"https:\\\/\\\/tibladin.dk\\\/produkt\\\/saebeskaal-i-valnoeddetrae\\\/#breadcrumb\"},\"inLanguage\":\"nl-NL\",\"potentialAction\":[{\"@type\":\"ReadAction\",\"target\":[\"https:\\\/\\\/tibladin.dk\\\/produkt\\\/saebeskaal-i-valnoeddetrae\\\/\"]}]},{\"@type\":\"ImageObject\",\"inLanguage\":\"nl-NL\",\"@id\":\"https:\\\/\\\/tibladin.dk\\\/produkt\\\/saebeskaal-i-valnoeddetrae\\\/#primaryimage\",\"url\":\"https:\\\/\\\/tibladin.dk\\\/wp-content\\\/uploads\\\/2023\\\/02\\\/Saebeskaal_LS1.jpg\",\"contentUrl\":\"https:\\\/\\\/tibladin.dk\\\/wp-content\\\/uploads\\\/2023\\\/02\\\/Saebeskaal_LS1.jpg\",\"width\":800,\"height\":800,\"caption\":\"s\u00e6besk\u00e5l i val\u00f8ddetr\u00e6\"},{\"@type\":\"BreadcrumbList\",\"@id\":\"https:\\\/\\\/tibladin.dk\\\/produkt\\\/saebeskaal-i-valnoeddetrae\\\/#breadcrumb\",\"itemListElement\":[{\"@type\":\"ListItem\",\"position\":1,\"name\":\"Hjem\",\"item\":\"https:\\\/\\\/tibladin.dk\\\/\"},{\"@type\":\"ListItem\",\"position\":2,\"name\":\"Shop\",\"item\":\"https:\\\/\\\/tibladin.dk\\\/shop\\\/\"},{\"@type\":\"ListItem\",\"position\":3,\"name\":\"s\u00e6besk\u00e5l i valn\u00f8ddetr\u00e6\"}]},{\"@type\":\"WebSite\",\"@id\":\"https:\\\/\\\/tibladin.dk\\\/#website\",\"url\":\"https:\\\/\\\/tibladin.dk\\\/\",\"name\":\"Tibladin\",\"description\":\"Tibladin\",\"publisher\":{\"@id\":\"https:\\\/\\\/tibladin.dk\\\/#organization\"},\"potentialAction\":[{\"@type\":\"SearchAction\",\"target\":{\"@type\":\"EntryPoint\",\"urlTemplate\":\"https:\\\/\\\/tibladin.dk\\\/?s={search_term_string}\"},\"query-input\":{\"@type\":\"PropertyValueSpecification\",\"valueRequired\":true,\"valueName\":\"search_term_string\"}}],\"inLanguage\":\"nl-NL\"},{\"@type\":\"Organization\",\"@id\":\"https:\\\/\\\/tibladin.dk\\\/#organization\",\"name\":\"Tibladin\",\"url\":\"https:\\\/\\\/tibladin.dk\\\/\",\"logo\":{\"@type\":\"ImageObject\",\"inLanguage\":\"nl-NL\",\"@id\":\"https:\\\/\\\/tibladin.dk\\\/#\\\/schema\\\/logo\\\/image\\\/\",\"url\":\"https:\\\/\\\/tibladin.dk\\\/wp-content\\\/uploads\\\/2022\\\/09\\\/tibladin_logo.svg\",\"contentUrl\":\"https:\\\/\\\/tibladin.dk\\\/wp-content\\\/uploads\\\/2022\\\/09\\\/tibladin_logo.svg\",\"caption\":\"Tibladin\"},\"image\":{\"@id\":\"https:\\\/\\\/tibladin.dk\\\/#\\\/schema\\\/logo\\\/image\\\/\"}}]}<\/script>\n<!-- \/ Yoast SEO plugin. -->","yoast_head_json":{"title":"zeepbakje in walnoothout | Handgesneden in Marokko | Tibladin","description":"Bij Tibladin vind je een selectie heerlijke creaties in walnotenhout. Schattig zeepbakje met kleine gaatjes zodat het water weg kan lopen en je zeep droog blijft,","robots":{"index":"index","follow":"follow","max-snippet":"max-snippet:-1","max-image-preview":"max-image-preview:large","max-video-preview":"max-video-preview:-1"},"canonical":"https:\/\/tibladin.dk\/nl\/product-2\/zeepbakje-in-walnoothout\/","og_locale":"nl_NL","og_type":"article","og_title":"s\u00e6besk\u00e5l i valn\u00f8ddetr\u00e6 | H\u00e5ndsk\u00e5ret i Marokko | Tibladin","og_description":"Hos Tibladin finder du et udvalg af l\u00e6kre kreationer i valn\u00f8ddetr\u00e6. S\u00f8d lille s\u00e6besk\u00e5l med sm\u00e5 huller, s\u00e5 vandet kan l\u00f8be fra og holde din s\u00e6be t\u00f8r,","og_url":"https:\/\/tibladin.dk\/nl\/product-2\/zeepbakje-in-walnoothout\/","og_site_name":"Tibladin","article_modified_time":"2025-11-19T12:26:49+00:00","og_image":[{"width":800,"height":800,"url":"https:\/\/tibladin.dk\/wp-content\/uploads\/2023\/02\/Saebeskaal_LS1.jpg","type":"image\/jpeg"}],"twitter_card":"summary_large_image","twitter_misc":{"Geschatte leestijd":"1 minuut"},"schema":{"@context":"https:\/\/schema.org","@graph":[{"@type":"WebPage","@id":"https:\/\/tibladin.dk\/produkt\/saebeskaal-i-valnoeddetrae\/","url":"https:\/\/tibladin.dk\/produkt\/saebeskaal-i-valnoeddetrae\/","name":"zeepbakje in walnoothout | Handgesneden in Marokko | Tibladin","isPartOf":{"@id":"https:\/\/tibladin.dk\/#website"},"primaryImageOfPage":{"@id":"https:\/\/tibladin.dk\/produkt\/saebeskaal-i-valnoeddetrae\/#primaryimage"},"image":{"@id":"https:\/\/tibladin.dk\/produkt\/saebeskaal-i-valnoeddetrae\/#primaryimage"},"thumbnailUrl":"https:\/\/tibladin.dk\/wp-content\/uploads\/2023\/02\/Saebeskaal_LS1.jpg","datePublished":"2023-02-25T12:58:34+00:00","dateModified":"2025-11-19T12:26:49+00:00","description":"Bij Tibladin vind je een selectie heerlijke creaties in walnotenhout. Schattig zeepbakje met kleine gaatjes zodat het water weg kan lopen en je zeep droog blijft,","breadcrumb":{"@id":"https:\/\/tibladin.dk\/produkt\/saebeskaal-i-valnoeddetrae\/#breadcrumb"},"inLanguage":"nl-NL","potentialAction":[{"@type":"ReadAction","target":["https:\/\/tibladin.dk\/produkt\/saebeskaal-i-valnoeddetrae\/"]}]},{"@type":"ImageObject","inLanguage":"nl-NL","@id":"https:\/\/tibladin.dk\/produkt\/saebeskaal-i-valnoeddetrae\/#primaryimage","url":"https:\/\/tibladin.dk\/wp-content\/uploads\/2023\/02\/Saebeskaal_LS1.jpg","contentUrl":"https:\/\/tibladin.dk\/wp-content\/uploads\/2023\/02\/Saebeskaal_LS1.jpg","width":800,"height":800,"caption":"s\u00e6besk\u00e5l i val\u00f8ddetr\u00e6"},{"@type":"BreadcrumbList","@id":"https:\/\/tibladin.dk\/produkt\/saebeskaal-i-valnoeddetrae\/#breadcrumb","itemListElement":[{"@type":"ListItem","position":1,"name":"Hjem","item":"https:\/\/tibladin.dk\/"},{"@type":"ListItem","position":2,"name":"Shop","item":"https:\/\/tibladin.dk\/shop\/"},{"@type":"ListItem","position":3,"name":"s\u00e6besk\u00e5l i valn\u00f8ddetr\u00e6"}]},{"@type":"WebSite","@id":"https:\/\/tibladin.dk\/#website","url":"https:\/\/tibladin.dk\/","name":"Tibladin","description":"Tibladin","publisher":{"@id":"https:\/\/tibladin.dk\/#organization"},"potentialAction":[{"@type":"SearchAction","target":{"@type":"EntryPoint","urlTemplate":"https:\/\/tibladin.dk\/?s={search_term_string}"},"query-input":{"@type":"PropertyValueSpecification","valueRequired":true,"valueName":"search_term_string"}}],"inLanguage":"nl-NL"},{"@type":"Organization","@id":"https:\/\/tibladin.dk\/#organization","name":"Tibladin","url":"https:\/\/tibladin.dk\/","logo":{"@type":"ImageObject","inLanguage":"nl-NL","@id":"https:\/\/tibladin.dk\/#\/schema\/logo\/image\/","url":"https:\/\/tibladin.dk\/wp-content\/uploads\/2022\/09\/tibladin_logo.svg","contentUrl":"https:\/\/tibladin.dk\/wp-content\/uploads\/2022\/09\/tibladin_logo.svg","caption":"Tibladin"},"image":{"@id":"https:\/\/tibladin.dk\/#\/schema\/logo\/image\/"}}]}},"_links":{"self":[{"href":"https:\/\/tibladin.dk\/nl\/wp-json\/wp\/v2\/product\/7059","targetHints":{"allow":["GET"]}}],"collection":[{"href":"https:\/\/tibladin.dk\/nl\/wp-json\/wp\/v2\/product"}],"about":[{"href":"https:\/\/tibladin.dk\/nl\/wp-json\/wp\/v2\/types\/product"}],"wp:featuredmedia":[{"embeddable":true,"href":"https:\/\/tibladin.dk\/nl\/wp-json\/wp\/v2\/media\/7046"}],"wp:attachment":[{"href":"https:\/\/tibladin.dk\/nl\/wp-json\/wp\/v2\/media?parent=7059"}],"wp:term":[{"taxonomy":"product_brand","embeddable":true,"href":"https:\/\/tibladin.dk\/nl\/wp-json\/wp\/v2\/product_brand?post=7059"},{"taxonomy":"product_cat","embeddable":true,"href":"https:\/\/tibladin.dk\/nl\/wp-json\/wp\/v2\/product_cat?post=7059"},{"taxonomy":"product_tag","embeddable":true,"href":"https:\/\/tibladin.dk\/nl\/wp-json\/wp\/v2\/product_tag?post=7059"}],"curies":[{"name":"wp","href":"https:\/\/api.w.org\/{rel}","templated":true}]}}