{"id":730,"date":"2022-09-20T11:04:10","date_gmt":"2022-09-20T09:04:10","guid":{"rendered":"https:\/\/tibladin.dk\/vare\/marokkansk-bordlampe-soelvmetal-firkantet\/"},"modified":"2024-12-09T14:58:41","modified_gmt":"2024-12-09T13:58:41","slug":"marokkaanse-tafellamp-zilver-metaal-vierkant","status":"publish","type":"product","link":"https:\/\/tibladin.dk\/nl\/produkt\/marokkansk-bordlampe-soelvmetal-firkantet\/","title":{"rendered":"Marokkaanse tafellamp zilver metaal - vierkant"},"content":{"rendered":"<div class=\"wpb-content-wrapper\"><div class=\"vc_row wpb_row vc_row-fluid\"><div class=\"wpb_column vc_column_container vc_col-sm-4\"><div class=\"vc_column-inner\"><div class=\"wpb_wrapper\">\n\t<div class=\"wpb_video_widget wpb_content_element vc_clearfix   vc_video-aspect-ratio-43 vc_video-el-width-100 vc_video-align-left\" >\n\t\t<div class=\"wpb_wrapper\">\n\t\t\t\n\t\t\t<div class=\"wpb_video_wrapper\"><div class=\"video-container\"><iframe loading=\"lazy\" title=\"Marokkaanse_lampen_montage-instructies\" src=\"https:\/\/player.vimeo.com\/video\/416973014?dnt=1&amp;app_id=122963\" width=\"310\" height=\"310\" frameborder=\"0\" allow=\"autoplay; fullscreen; picture-in-picture\"><\/iframe><\/div><\/div>\n\t\t<\/div>\n\t<\/div>\n<\/div><\/div><\/div><div class=\"wpb_column vc_column_container vc_col-sm-4\"><div class=\"vc_column-inner\"><div class=\"wpb_wrapper\"><h3 style=\"text-align: left;font-family:Abril Fatface;font-weight:400;font-style:normal\" class=\"vc_custom_heading vc_do_custom_heading\" >Onderhoud<\/h3>\n\t<div class=\"wpb_text_column wpb_content_element\" >\n\t\t<div class=\"wpb_wrapper\">\n\t\t\t<p>Veeg af met een vochtige doek. De lampen kunnen na verloop van tijd wat oxideren, wat alleen maar extra charme toevoegt. Als u uw lamp wilt laten polijsten, kunt u, zoals de Marokkanen doen, een polijstmiddel of een beetje citroensap gebruiken.<\/p>\n<p>Het metaal waarvan de lampen zijn gemaakt is flexibel en mocht uw lamp op een dag toch een klein deukje krijgen, dan kan deze heel gemakkelijk worden rechtgetrokken. Gebruik een theelepel en wrijf erover waar de bult uitsteekt en strijk het voorzichtig op zijn plaats.<\/p>\n\n\t\t<\/div>\n\t<\/div>\n<\/div><\/div><\/div><div class=\"wpb_column vc_column_container vc_col-sm-4\"><div class=\"vc_column-inner\"><div class=\"wpb_wrapper\"><h3 style=\"text-align: left;font-family:Abril Fatface;font-weight:400;font-style:normal\" class=\"vc_custom_heading vc_do_custom_heading\" >Het verhaal erachter<\/h3>\n\t<div class=\"wpb_text_column wpb_content_element\" >\n\t\t<div class=\"wpb_wrapper\">\n\t\t\t<p>De lampen zijn gemaakt van zilverkleurig metaal met kleine gaatjespatronen die met de hand of met de hand op een machine zijn uitgeslagen. De gaten in de lamp reflecteren het licht in een magische gloed op de muur en geven de kamer een heel bijzondere sfeer.<\/p>\n<p>Lampen uit Marokko geven een uniek tintje aan uw interieur en zorgen voor decoratief licht.<\/p>\n<p>De lampen zijn handgemaakt en er zullen kleine onvolkomenheden en verschillen in patroon en vorm voorkomen. Cre\u00eber je eigen riad sfeer met een handgemaakte lamp uit Marrakech.<\/p>\n\n\t\t<\/div>\n\t<\/div>\n<\/div><\/div><\/div><\/div>\n<\/div>","protected":false},"excerpt":{"rendered":"<p>Decoratieve vierkante tafellamp van zilverkleurig metaal. Haal je eigen 1001 nachtstemming in huis met deze Marokkaanse lamp.<\/p>\n<p>Alle zijden van de lamp zijn voorzien van een prachtig handgesneden gatenpatroon.<\/p>\n<p>De lamp wordt verkocht zonder fitting en snoer. Bekijk de instructievideo hoe je jouw lamp eenvoudig monteert.<\/p>\n<p>&nbsp;<\/p>","protected":false},"featured_media":725,"template":"","meta":{"inline_featured_image":false},"product_brand":[],"product_cat":[67,68],"product_tag":[],"class_list":{"0":"post-730","1":"product","2":"type-product","3":"status-publish","4":"has-post-thumbnail","6":"product_cat-lamper","7":"product_cat-metal-lamper","9":"first","10":"instock","11":"taxable","12":"shipping-taxable","13":"purchasable","14":"product-type-simple"},"exclude_global_add_ons":false,"addons":[{"name":"Wilt u een cadeauverpakking?","type":"checkbox","position":0,"required":false,"title_format":"label","default":"","description_enable":false,"description":"","placeholder_enable":false,"placeholder":"","display":"images","restrictions_type":"any_text","adjust_price":false,"price":"","price_type":"flat_fee","restrictions":false,"min":"0","max":"0","options":[{"label":"Ja tak","price":"10","price_type":"flat_fee","image":11015,"visibility":true}],"id":1669646111}],"yoast_head":"<!-- This site is optimized with the Yoast SEO plugin v27.4 - https:\/\/yoast.com\/product\/yoast-seo-wordpress\/ -->\n<title>Marokkansk h\u00e5ndlavet lampe i s\u00f8lvmetal | Tibladin<\/title>\n<meta name=\"description\" content=\"Marokkansk bordlampe i s\u00f8lvmetal med h\u00e5ndlavet hulm\u00f8nster der giver et dekorativt og hyggeligt lys i rummet. kan ogs\u00e5 f\u00e5es i guldmetal\" \/>\n<meta name=\"robots\" content=\"index, follow, max-snippet:-1, max-image-preview:large, max-video-preview:-1\" \/>\n<link rel=\"canonical\" href=\"https:\/\/tibladin.dk\/nl\/product-2\/marokkaanse-tafellamp-zilver-metaal-vierkant\/\" \/>\n<meta property=\"og:locale\" content=\"nl_NL\" \/>\n<meta property=\"og:type\" content=\"article\" \/>\n<meta property=\"og:title\" content=\"Marokkansk h\u00e5ndlavet lampe i s\u00f8lvmetal | Tibladin\" \/>\n<meta property=\"og:description\" content=\"Marokkansk bordlampe i s\u00f8lvmetal med h\u00e5ndlavet hulm\u00f8nster der giver et dekorativt og hyggeligt lys i rummet. kan ogs\u00e5 f\u00e5es i guldmetal\" \/>\n<meta property=\"og:url\" content=\"https:\/\/tibladin.dk\/nl\/product-2\/marokkaanse-tafellamp-zilver-metaal-vierkant\/\" \/>\n<meta property=\"og:site_name\" content=\"Tibladin\" \/>\n<meta property=\"article:modified_time\" content=\"2024-12-09T13:58:41+00:00\" \/>\n<meta property=\"og:image\" content=\"https:\/\/tibladin.dk\/wp-content\/uploads\/2022\/09\/Tibladin_marokkansk-firkantet-lampe_soelv_800s800-1.jpg\" \/>\n\t<meta property=\"og:image:width\" content=\"800\" \/>\n\t<meta property=\"og:image:height\" content=\"800\" \/>\n\t<meta property=\"og:image:type\" content=\"image\/jpeg\" \/>\n<meta name=\"twitter:card\" content=\"summary_large_image\" \/>\n<meta name=\"twitter:label1\" content=\"Geschatte leestijd\" \/>\n\t<meta name=\"twitter:data1\" content=\"2 minuten\" \/>\n<script type=\"application\/ld+json\" class=\"yoast-schema-graph\">{\"@context\":\"https:\\\/\\\/schema.org\",\"@graph\":[{\"@type\":\"WebPage\",\"@id\":\"https:\\\/\\\/tibladin.dk\\\/produkt\\\/marokkansk-bordlampe-soelvmetal-firkantet\\\/\",\"url\":\"https:\\\/\\\/tibladin.dk\\\/produkt\\\/marokkansk-bordlampe-soelvmetal-firkantet\\\/\",\"name\":\"Marokkansk h\u00e5ndlavet lampe i s\u00f8lvmetal | Tibladin\",\"isPartOf\":{\"@id\":\"https:\\\/\\\/tibladin.dk\\\/#website\"},\"primaryImageOfPage\":{\"@id\":\"https:\\\/\\\/tibladin.dk\\\/produkt\\\/marokkansk-bordlampe-soelvmetal-firkantet\\\/#primaryimage\"},\"image\":{\"@id\":\"https:\\\/\\\/tibladin.dk\\\/produkt\\\/marokkansk-bordlampe-soelvmetal-firkantet\\\/#primaryimage\"},\"thumbnailUrl\":\"https:\\\/\\\/tibladin.dk\\\/wp-content\\\/uploads\\\/2022\\\/09\\\/Tibladin_marokkansk-firkantet-lampe_soelv_800s800-1.jpg\",\"datePublished\":\"2022-09-20T09:04:10+00:00\",\"dateModified\":\"2024-12-09T13:58:41+00:00\",\"description\":\"Marokkansk bordlampe i s\u00f8lvmetal med h\u00e5ndlavet hulm\u00f8nster der giver et dekorativt og hyggeligt lys i rummet. kan ogs\u00e5 f\u00e5es i guldmetal\",\"breadcrumb\":{\"@id\":\"https:\\\/\\\/tibladin.dk\\\/produkt\\\/marokkansk-bordlampe-soelvmetal-firkantet\\\/#breadcrumb\"},\"inLanguage\":\"nl-NL\",\"potentialAction\":[{\"@type\":\"ReadAction\",\"target\":[\"https:\\\/\\\/tibladin.dk\\\/produkt\\\/marokkansk-bordlampe-soelvmetal-firkantet\\\/\"]}]},{\"@type\":\"ImageObject\",\"inLanguage\":\"nl-NL\",\"@id\":\"https:\\\/\\\/tibladin.dk\\\/produkt\\\/marokkansk-bordlampe-soelvmetal-firkantet\\\/#primaryimage\",\"url\":\"https:\\\/\\\/tibladin.dk\\\/wp-content\\\/uploads\\\/2022\\\/09\\\/Tibladin_marokkansk-firkantet-lampe_soelv_800s800-1.jpg\",\"contentUrl\":\"https:\\\/\\\/tibladin.dk\\\/wp-content\\\/uploads\\\/2022\\\/09\\\/Tibladin_marokkansk-firkantet-lampe_soelv_800s800-1.jpg\",\"width\":800,\"height\":800,\"caption\":\"Marokkansk h\u00e5ndlavet firkantet bordlampe, t\u00e6ndt i m\u00f8rket\"},{\"@type\":\"BreadcrumbList\",\"@id\":\"https:\\\/\\\/tibladin.dk\\\/produkt\\\/marokkansk-bordlampe-soelvmetal-firkantet\\\/#breadcrumb\",\"itemListElement\":[{\"@type\":\"ListItem\",\"position\":1,\"name\":\"Hjem\",\"item\":\"https:\\\/\\\/tibladin.dk\\\/\"},{\"@type\":\"ListItem\",\"position\":2,\"name\":\"Shop\",\"item\":\"https:\\\/\\\/tibladin.dk\\\/shop\\\/\"},{\"@type\":\"ListItem\",\"position\":3,\"name\":\"Marokkansk bordlampe s\u00f8lvmetal &#8211; firkantet\"}]},{\"@type\":\"WebSite\",\"@id\":\"https:\\\/\\\/tibladin.dk\\\/#website\",\"url\":\"https:\\\/\\\/tibladin.dk\\\/\",\"name\":\"Tibladin\",\"description\":\"Tibladin\",\"publisher\":{\"@id\":\"https:\\\/\\\/tibladin.dk\\\/#organization\"},\"potentialAction\":[{\"@type\":\"SearchAction\",\"target\":{\"@type\":\"EntryPoint\",\"urlTemplate\":\"https:\\\/\\\/tibladin.dk\\\/?s={search_term_string}\"},\"query-input\":{\"@type\":\"PropertyValueSpecification\",\"valueRequired\":true,\"valueName\":\"search_term_string\"}}],\"inLanguage\":\"nl-NL\"},{\"@type\":\"Organization\",\"@id\":\"https:\\\/\\\/tibladin.dk\\\/#organization\",\"name\":\"Tibladin\",\"url\":\"https:\\\/\\\/tibladin.dk\\\/\",\"logo\":{\"@type\":\"ImageObject\",\"inLanguage\":\"nl-NL\",\"@id\":\"https:\\\/\\\/tibladin.dk\\\/#\\\/schema\\\/logo\\\/image\\\/\",\"url\":\"https:\\\/\\\/tibladin.dk\\\/wp-content\\\/uploads\\\/2022\\\/09\\\/tibladin_logo.svg\",\"contentUrl\":\"https:\\\/\\\/tibladin.dk\\\/wp-content\\\/uploads\\\/2022\\\/09\\\/tibladin_logo.svg\",\"caption\":\"Tibladin\"},\"image\":{\"@id\":\"https:\\\/\\\/tibladin.dk\\\/#\\\/schema\\\/logo\\\/image\\\/\"}}]}<\/script>\n<!-- \/ Yoast SEO plugin. -->","yoast_head_json":{"title":"Marokkaanse handgemaakte lamp in zilver metaal | Tibladin","description":"Marokkaanse tafellamp van zilver metaal met een handgemaakt gatenpatroon dat zorgt voor een decoratief en gezellig licht in de kamer. ook verkrijgbaar in goud metaal","robots":{"index":"index","follow":"follow","max-snippet":"max-snippet:-1","max-image-preview":"max-image-preview:large","max-video-preview":"max-video-preview:-1"},"canonical":"https:\/\/tibladin.dk\/nl\/product-2\/marokkaanse-tafellamp-zilver-metaal-vierkant\/","og_locale":"nl_NL","og_type":"article","og_title":"Marokkansk h\u00e5ndlavet lampe i s\u00f8lvmetal | Tibladin","og_description":"Marokkansk bordlampe i s\u00f8lvmetal med h\u00e5ndlavet hulm\u00f8nster der giver et dekorativt og hyggeligt lys i rummet. kan ogs\u00e5 f\u00e5es i guldmetal","og_url":"https:\/\/tibladin.dk\/nl\/product-2\/marokkaanse-tafellamp-zilver-metaal-vierkant\/","og_site_name":"Tibladin","article_modified_time":"2024-12-09T13:58:41+00:00","og_image":[{"width":800,"height":800,"url":"https:\/\/tibladin.dk\/wp-content\/uploads\/2022\/09\/Tibladin_marokkansk-firkantet-lampe_soelv_800s800-1.jpg","type":"image\/jpeg"}],"twitter_card":"summary_large_image","twitter_misc":{"Geschatte leestijd":"2 minuten"},"schema":{"@context":"https:\/\/schema.org","@graph":[{"@type":"WebPage","@id":"https:\/\/tibladin.dk\/produkt\/marokkansk-bordlampe-soelvmetal-firkantet\/","url":"https:\/\/tibladin.dk\/produkt\/marokkansk-bordlampe-soelvmetal-firkantet\/","name":"Marokkaanse handgemaakte lamp in zilver metaal | Tibladin","isPartOf":{"@id":"https:\/\/tibladin.dk\/#website"},"primaryImageOfPage":{"@id":"https:\/\/tibladin.dk\/produkt\/marokkansk-bordlampe-soelvmetal-firkantet\/#primaryimage"},"image":{"@id":"https:\/\/tibladin.dk\/produkt\/marokkansk-bordlampe-soelvmetal-firkantet\/#primaryimage"},"thumbnailUrl":"https:\/\/tibladin.dk\/wp-content\/uploads\/2022\/09\/Tibladin_marokkansk-firkantet-lampe_soelv_800s800-1.jpg","datePublished":"2022-09-20T09:04:10+00:00","dateModified":"2024-12-09T13:58:41+00:00","description":"Marokkaanse tafellamp van zilver metaal met een handgemaakt gatenpatroon dat zorgt voor een decoratief en gezellig licht in de kamer. ook verkrijgbaar in goud metaal","breadcrumb":{"@id":"https:\/\/tibladin.dk\/produkt\/marokkansk-bordlampe-soelvmetal-firkantet\/#breadcrumb"},"inLanguage":"nl-NL","potentialAction":[{"@type":"ReadAction","target":["https:\/\/tibladin.dk\/produkt\/marokkansk-bordlampe-soelvmetal-firkantet\/"]}]},{"@type":"ImageObject","inLanguage":"nl-NL","@id":"https:\/\/tibladin.dk\/produkt\/marokkansk-bordlampe-soelvmetal-firkantet\/#primaryimage","url":"https:\/\/tibladin.dk\/wp-content\/uploads\/2022\/09\/Tibladin_marokkansk-firkantet-lampe_soelv_800s800-1.jpg","contentUrl":"https:\/\/tibladin.dk\/wp-content\/uploads\/2022\/09\/Tibladin_marokkansk-firkantet-lampe_soelv_800s800-1.jpg","width":800,"height":800,"caption":"Marokkansk h\u00e5ndlavet firkantet bordlampe, t\u00e6ndt i m\u00f8rket"},{"@type":"BreadcrumbList","@id":"https:\/\/tibladin.dk\/produkt\/marokkansk-bordlampe-soelvmetal-firkantet\/#breadcrumb","itemListElement":[{"@type":"ListItem","position":1,"name":"Hjem","item":"https:\/\/tibladin.dk\/"},{"@type":"ListItem","position":2,"name":"Shop","item":"https:\/\/tibladin.dk\/shop\/"},{"@type":"ListItem","position":3,"name":"Marokkansk bordlampe s\u00f8lvmetal &#8211; firkantet"}]},{"@type":"WebSite","@id":"https:\/\/tibladin.dk\/#website","url":"https:\/\/tibladin.dk\/","name":"Tibladin","description":"Tibladin","publisher":{"@id":"https:\/\/tibladin.dk\/#organization"},"potentialAction":[{"@type":"SearchAction","target":{"@type":"EntryPoint","urlTemplate":"https:\/\/tibladin.dk\/?s={search_term_string}"},"query-input":{"@type":"PropertyValueSpecification","valueRequired":true,"valueName":"search_term_string"}}],"inLanguage":"nl-NL"},{"@type":"Organization","@id":"https:\/\/tibladin.dk\/#organization","name":"Tibladin","url":"https:\/\/tibladin.dk\/","logo":{"@type":"ImageObject","inLanguage":"nl-NL","@id":"https:\/\/tibladin.dk\/#\/schema\/logo\/image\/","url":"https:\/\/tibladin.dk\/wp-content\/uploads\/2022\/09\/tibladin_logo.svg","contentUrl":"https:\/\/tibladin.dk\/wp-content\/uploads\/2022\/09\/tibladin_logo.svg","caption":"Tibladin"},"image":{"@id":"https:\/\/tibladin.dk\/#\/schema\/logo\/image\/"}}]}},"_links":{"self":[{"href":"https:\/\/tibladin.dk\/nl\/wp-json\/wp\/v2\/product\/730","targetHints":{"allow":["GET"]}}],"collection":[{"href":"https:\/\/tibladin.dk\/nl\/wp-json\/wp\/v2\/product"}],"about":[{"href":"https:\/\/tibladin.dk\/nl\/wp-json\/wp\/v2\/types\/product"}],"wp:featuredmedia":[{"embeddable":true,"href":"https:\/\/tibladin.dk\/nl\/wp-json\/wp\/v2\/media\/725"}],"wp:attachment":[{"href":"https:\/\/tibladin.dk\/nl\/wp-json\/wp\/v2\/media?parent=730"}],"wp:term":[{"taxonomy":"product_brand","embeddable":true,"href":"https:\/\/tibladin.dk\/nl\/wp-json\/wp\/v2\/product_brand?post=730"},{"taxonomy":"product_cat","embeddable":true,"href":"https:\/\/tibladin.dk\/nl\/wp-json\/wp\/v2\/product_cat?post=730"},{"taxonomy":"product_tag","embeddable":true,"href":"https:\/\/tibladin.dk\/nl\/wp-json\/wp\/v2\/product_tag?post=730"}],"curies":[{"name":"wp","href":"https:\/\/api.w.org\/{rel}","templated":true}]}}