{"id":7366,"date":"2025-06-19T08:26:24","date_gmt":"2025-06-19T06:26:24","guid":{"rendered":"https:\/\/tibladin.dk\/?post_type=product&#038;p=7366"},"modified":"2026-04-14T13:36:42","modified_gmt":"2026-04-14T11:36:42","slug":"marokkaanse-fouta-hamamdoek","status":"publish","type":"product","link":"https:\/\/tibladin.dk\/nl\/produkt\/marokkansk-fouta-hammamhaandklaede\/","title":{"rendered":"Marokkaanse FOUTA hamamdoek"},"content":{"rendered":"<div class=\"wpb-content-wrapper\"><div class=\"vc_row wpb_row vc_row-fluid\"><div class=\"wpb_column vc_column_container vc_col-sm-4\"><div class=\"vc_column-inner\"><div class=\"wpb_wrapper\"><\/div><\/div><\/div><div class=\"wpb_column vc_column_container vc_col-sm-4\"><div class=\"vc_column-inner\"><div class=\"wpb_wrapper\"><h3 style=\"text-align: left\" class=\"vc_custom_heading vc_do_custom_heading\" >Onderhoud<\/h3>\n\t<div class=\"wpb_text_column wpb_content_element\" >\n\t\t<div class=\"wpb_wrapper\">\n\t\t\t<p>De hamamdoek is 100% % katoen en kan gewassen worden op 60 graden.<\/p>\n\n\t\t<\/div>\n\t<\/div>\n<\/div><\/div><\/div><div class=\"wpb_column vc_column_container vc_col-sm-4\"><div class=\"vc_column-inner\"><div class=\"wpb_wrapper\"><h3 style=\"text-align: left\" class=\"vc_custom_heading vc_do_custom_heading\" >Het verhaal erachter<\/h3>\n\t<div class=\"wpb_text_column wpb_content_element\" >\n\t\t<div class=\"wpb_wrapper\">\n\t\t\t<p>De Marokkaanse Fouta handdoek is van een dunne en lichte kwaliteit. Perfect om mee te nemen onderweg, naar het strand, op vakantie of in je sporttas. De mogelijkheden zijn talrijk. Je kunt het tijdens de zomervakantie ook gebruiken als licht tafelkleed. Handgeweven door vrouwen in een vrouwenco\u00f6peratie van 100% % katoen.<\/p>\n<p>Kleurrijke en vrolijke kleuren!<\/p>\n\n\t\t<\/div>\n\t<\/div>\n<\/div><\/div><\/div><\/div>\n<\/div>","protected":false},"excerpt":{"rendered":"<p class=\"p1\"><span class=\"s1\">Handgeweven Fouta hamamdoek van 100 % dun en licht katoen. De handdoek is verkrijgbaar in 10 verschillende kleuren en heeft allemaal een stuk met witte strepen aan elk uiteinde en de uiteinden zijn voorzien van klein handgedraaid kant.\u00a0<\/span><\/p>\n<p>Helemaal uniek en heerlijk makkelijk mee te nemen onderweg, in je koffer, op vakantie of in je sporttas. De handdoek is super praktisch en droogt snel.<\/p>\n<p>Koop voor ieder gezinslid een handdoek, eventueel in verschillende kleuren, zodat je het verschil kunt zien.<\/p>\n<p>Het wordt aanbevolen om de handdoek v\u00f3\u00f3r het wassen in koud water te laten weken. Kan tot 60 graden gewassen worden in de machine.<\/p>\n<p>Ongeveer. afmetingen: 195\u00d790 cm.<\/p>","protected":false},"featured_media":37304,"template":"","meta":{"inline_featured_image":false},"product_brand":[],"product_cat":[29,63,37,32],"product_tag":[],"class_list":{"0":"post-7366","1":"product","2":"type-product","3":"status-publish","4":"has-post-thumbnail","6":"product_cat-gaven-til-den-unge-pige","7":"product_cat-hammamhaandklaeder","8":"product_cat-tekstiler","9":"product_cat-tilbud","11":"first","12":"instock","13":"sale","14":"featured","15":"taxable","16":"shipping-taxable","17":"purchasable","18":"product-type-variable"},"exclude_global_add_ons":false,"addons":[{"name":"Wilt u een cadeauverpakking?","type":"checkbox","position":0,"required":false,"title_format":"label","default":"","description_enable":false,"description":"","placeholder_enable":false,"placeholder":"","display":"images","restrictions_type":"any_text","adjust_price":false,"price":"","price_type":"flat_fee","restrictions":false,"min":"0","max":"0","options":[{"label":"Ja tak","price":"10","price_type":"flat_fee","image":11015,"visibility":true}],"id":1669646111}],"yoast_head":"<!-- This site is optimized with the Yoast SEO plugin v27.4 - https:\/\/yoast.com\/product\/yoast-seo-wordpress\/ -->\n<title>H\u00e5ndv\u00e6vet Fouta h\u00e5ndkl\u00e6der i en let og l\u00e6kker bomuld | Tibladin<\/title>\n<meta name=\"description\" content=\"Helt unikke Fouta hammam h\u00e5ndkl\u00e6de. Vejer ingenting og er lette at have med p\u00e5 farten. De t\u00f8rrer super hurtigt, s\u00e5 du kan v\u00e6re klar til endnu en dukkert\" \/>\n<meta name=\"robots\" content=\"index, follow, max-snippet:-1, max-image-preview:large, max-video-preview:-1\" \/>\n<link rel=\"canonical\" href=\"https:\/\/tibladin.dk\/nl\/product-2\/marokkaanse-fouta-hamamdoek\/\" \/>\n<meta property=\"og:locale\" content=\"nl_NL\" \/>\n<meta property=\"og:type\" content=\"article\" \/>\n<meta property=\"og:title\" content=\"H\u00e5ndv\u00e6vet Fouta h\u00e5ndkl\u00e6der i en let og l\u00e6kker bomuld | Tibladin\" \/>\n<meta property=\"og:description\" content=\"Helt unikke Fouta hammam h\u00e5ndkl\u00e6de. Vejer ingenting og er lette at have med p\u00e5 farten. De t\u00f8rrer super hurtigt, s\u00e5 du kan v\u00e6re klar til endnu en dukkert\" \/>\n<meta property=\"og:url\" content=\"https:\/\/tibladin.dk\/nl\/product-2\/marokkaanse-fouta-hamamdoek\/\" \/>\n<meta property=\"og:site_name\" content=\"Tibladin\" \/>\n<meta property=\"article:modified_time\" content=\"2026-04-14T11:36:42+00:00\" \/>\n<meta property=\"og:image\" content=\"https:\/\/tibladin.dk\/wp-content\/uploads\/2023\/05\/Marokkansk-hammam-haandklaede_alle-farver.jpg\" \/>\n\t<meta property=\"og:image:width\" content=\"800\" \/>\n\t<meta property=\"og:image:height\" content=\"800\" \/>\n\t<meta property=\"og:image:type\" content=\"image\/jpeg\" \/>\n<meta name=\"twitter:card\" content=\"summary_large_image\" \/>\n<meta name=\"twitter:label1\" content=\"Geschatte leestijd\" \/>\n\t<meta name=\"twitter:data1\" content=\"2 minuten\" \/>\n<script type=\"application\/ld+json\" class=\"yoast-schema-graph\">{\"@context\":\"https:\\\/\\\/schema.org\",\"@graph\":[{\"@type\":\"WebPage\",\"@id\":\"https:\\\/\\\/tibladin.dk\\\/produkt\\\/marokkansk-fouta-hammamhaandklaede\\\/\",\"url\":\"https:\\\/\\\/tibladin.dk\\\/produkt\\\/marokkansk-fouta-hammamhaandklaede\\\/\",\"name\":\"H\u00e5ndv\u00e6vet Fouta h\u00e5ndkl\u00e6der i en let og l\u00e6kker bomuld | Tibladin\",\"isPartOf\":{\"@id\":\"https:\\\/\\\/tibladin.dk\\\/#website\"},\"primaryImageOfPage\":{\"@id\":\"https:\\\/\\\/tibladin.dk\\\/produkt\\\/marokkansk-fouta-hammamhaandklaede\\\/#primaryimage\"},\"image\":{\"@id\":\"https:\\\/\\\/tibladin.dk\\\/produkt\\\/marokkansk-fouta-hammamhaandklaede\\\/#primaryimage\"},\"thumbnailUrl\":\"https:\\\/\\\/tibladin.dk\\\/wp-content\\\/uploads\\\/2023\\\/05\\\/Marokkansk-hammam-haandklaede_alle-farver.jpg\",\"datePublished\":\"2025-06-19T06:26:24+00:00\",\"dateModified\":\"2026-04-14T11:36:42+00:00\",\"description\":\"Helt unikke Fouta hammam h\u00e5ndkl\u00e6de. Vejer ingenting og er lette at have med p\u00e5 farten. De t\u00f8rrer super hurtigt, s\u00e5 du kan v\u00e6re klar til endnu en dukkert\",\"breadcrumb\":{\"@id\":\"https:\\\/\\\/tibladin.dk\\\/produkt\\\/marokkansk-fouta-hammamhaandklaede\\\/#breadcrumb\"},\"inLanguage\":\"nl-NL\",\"potentialAction\":[{\"@type\":\"ReadAction\",\"target\":[\"https:\\\/\\\/tibladin.dk\\\/produkt\\\/marokkansk-fouta-hammamhaandklaede\\\/\"]}]},{\"@type\":\"ImageObject\",\"inLanguage\":\"nl-NL\",\"@id\":\"https:\\\/\\\/tibladin.dk\\\/produkt\\\/marokkansk-fouta-hammamhaandklaede\\\/#primaryimage\",\"url\":\"https:\\\/\\\/tibladin.dk\\\/wp-content\\\/uploads\\\/2023\\\/05\\\/Marokkansk-hammam-haandklaede_alle-farver.jpg\",\"contentUrl\":\"https:\\\/\\\/tibladin.dk\\\/wp-content\\\/uploads\\\/2023\\\/05\\\/Marokkansk-hammam-haandklaede_alle-farver.jpg\",\"width\":800,\"height\":800,\"caption\":\"hammam h\u00e5ndkl\u00e6der alle farver\"},{\"@type\":\"BreadcrumbList\",\"@id\":\"https:\\\/\\\/tibladin.dk\\\/produkt\\\/marokkansk-fouta-hammamhaandklaede\\\/#breadcrumb\",\"itemListElement\":[{\"@type\":\"ListItem\",\"position\":1,\"name\":\"Hjem\",\"item\":\"https:\\\/\\\/tibladin.dk\\\/\"},{\"@type\":\"ListItem\",\"position\":2,\"name\":\"Shop\",\"item\":\"https:\\\/\\\/tibladin.dk\\\/shop\\\/\"},{\"@type\":\"ListItem\",\"position\":3,\"name\":\"Marokkansk FOUTA hammamh\u00e5ndkl\u00e6de\"}]},{\"@type\":\"WebSite\",\"@id\":\"https:\\\/\\\/tibladin.dk\\\/#website\",\"url\":\"https:\\\/\\\/tibladin.dk\\\/\",\"name\":\"Tibladin\",\"description\":\"Tibladin\",\"publisher\":{\"@id\":\"https:\\\/\\\/tibladin.dk\\\/#organization\"},\"potentialAction\":[{\"@type\":\"SearchAction\",\"target\":{\"@type\":\"EntryPoint\",\"urlTemplate\":\"https:\\\/\\\/tibladin.dk\\\/?s={search_term_string}\"},\"query-input\":{\"@type\":\"PropertyValueSpecification\",\"valueRequired\":true,\"valueName\":\"search_term_string\"}}],\"inLanguage\":\"nl-NL\"},{\"@type\":\"Organization\",\"@id\":\"https:\\\/\\\/tibladin.dk\\\/#organization\",\"name\":\"Tibladin\",\"url\":\"https:\\\/\\\/tibladin.dk\\\/\",\"logo\":{\"@type\":\"ImageObject\",\"inLanguage\":\"nl-NL\",\"@id\":\"https:\\\/\\\/tibladin.dk\\\/#\\\/schema\\\/logo\\\/image\\\/\",\"url\":\"https:\\\/\\\/tibladin.dk\\\/wp-content\\\/uploads\\\/2022\\\/09\\\/tibladin_logo.svg\",\"contentUrl\":\"https:\\\/\\\/tibladin.dk\\\/wp-content\\\/uploads\\\/2022\\\/09\\\/tibladin_logo.svg\",\"caption\":\"Tibladin\"},\"image\":{\"@id\":\"https:\\\/\\\/tibladin.dk\\\/#\\\/schema\\\/logo\\\/image\\\/\"}}]}<\/script>\n<!-- \/ Yoast SEO plugin. -->","yoast_head_json":{"title":"Handgeweven Fouta-handdoeken van licht en heerlijk katoen | Tibladin","description":"Geheel unieke Fouta hamamdoek. Weegt niets en is gemakkelijk mee te nemen onderweg. Ze drogen supersnel, zodat je weer klaar bent voor een nieuwe duik","robots":{"index":"index","follow":"follow","max-snippet":"max-snippet:-1","max-image-preview":"max-image-preview:large","max-video-preview":"max-video-preview:-1"},"canonical":"https:\/\/tibladin.dk\/nl\/product-2\/marokkaanse-fouta-hamamdoek\/","og_locale":"nl_NL","og_type":"article","og_title":"H\u00e5ndv\u00e6vet Fouta h\u00e5ndkl\u00e6der i en let og l\u00e6kker bomuld | Tibladin","og_description":"Helt unikke Fouta hammam h\u00e5ndkl\u00e6de. Vejer ingenting og er lette at have med p\u00e5 farten. De t\u00f8rrer super hurtigt, s\u00e5 du kan v\u00e6re klar til endnu en dukkert","og_url":"https:\/\/tibladin.dk\/nl\/product-2\/marokkaanse-fouta-hamamdoek\/","og_site_name":"Tibladin","article_modified_time":"2026-04-14T11:36:42+00:00","og_image":[{"width":800,"height":800,"url":"https:\/\/tibladin.dk\/wp-content\/uploads\/2023\/05\/Marokkansk-hammam-haandklaede_alle-farver.jpg","type":"image\/jpeg"}],"twitter_card":"summary_large_image","twitter_misc":{"Geschatte leestijd":"2 minuten"},"schema":{"@context":"https:\/\/schema.org","@graph":[{"@type":"WebPage","@id":"https:\/\/tibladin.dk\/produkt\/marokkansk-fouta-hammamhaandklaede\/","url":"https:\/\/tibladin.dk\/produkt\/marokkansk-fouta-hammamhaandklaede\/","name":"Handgeweven Fouta-handdoeken van licht en heerlijk katoen | Tibladin","isPartOf":{"@id":"https:\/\/tibladin.dk\/#website"},"primaryImageOfPage":{"@id":"https:\/\/tibladin.dk\/produkt\/marokkansk-fouta-hammamhaandklaede\/#primaryimage"},"image":{"@id":"https:\/\/tibladin.dk\/produkt\/marokkansk-fouta-hammamhaandklaede\/#primaryimage"},"thumbnailUrl":"https:\/\/tibladin.dk\/wp-content\/uploads\/2023\/05\/Marokkansk-hammam-haandklaede_alle-farver.jpg","datePublished":"2025-06-19T06:26:24+00:00","dateModified":"2026-04-14T11:36:42+00:00","description":"Geheel unieke Fouta hamamdoek. Weegt niets en is gemakkelijk mee te nemen onderweg. Ze drogen supersnel, zodat je weer klaar bent voor een nieuwe duik","breadcrumb":{"@id":"https:\/\/tibladin.dk\/produkt\/marokkansk-fouta-hammamhaandklaede\/#breadcrumb"},"inLanguage":"nl-NL","potentialAction":[{"@type":"ReadAction","target":["https:\/\/tibladin.dk\/produkt\/marokkansk-fouta-hammamhaandklaede\/"]}]},{"@type":"ImageObject","inLanguage":"nl-NL","@id":"https:\/\/tibladin.dk\/produkt\/marokkansk-fouta-hammamhaandklaede\/#primaryimage","url":"https:\/\/tibladin.dk\/wp-content\/uploads\/2023\/05\/Marokkansk-hammam-haandklaede_alle-farver.jpg","contentUrl":"https:\/\/tibladin.dk\/wp-content\/uploads\/2023\/05\/Marokkansk-hammam-haandklaede_alle-farver.jpg","width":800,"height":800,"caption":"hammam h\u00e5ndkl\u00e6der alle farver"},{"@type":"BreadcrumbList","@id":"https:\/\/tibladin.dk\/produkt\/marokkansk-fouta-hammamhaandklaede\/#breadcrumb","itemListElement":[{"@type":"ListItem","position":1,"name":"Hjem","item":"https:\/\/tibladin.dk\/"},{"@type":"ListItem","position":2,"name":"Shop","item":"https:\/\/tibladin.dk\/shop\/"},{"@type":"ListItem","position":3,"name":"Marokkansk FOUTA hammamh\u00e5ndkl\u00e6de"}]},{"@type":"WebSite","@id":"https:\/\/tibladin.dk\/#website","url":"https:\/\/tibladin.dk\/","name":"Tibladin","description":"Tibladin","publisher":{"@id":"https:\/\/tibladin.dk\/#organization"},"potentialAction":[{"@type":"SearchAction","target":{"@type":"EntryPoint","urlTemplate":"https:\/\/tibladin.dk\/?s={search_term_string}"},"query-input":{"@type":"PropertyValueSpecification","valueRequired":true,"valueName":"search_term_string"}}],"inLanguage":"nl-NL"},{"@type":"Organization","@id":"https:\/\/tibladin.dk\/#organization","name":"Tibladin","url":"https:\/\/tibladin.dk\/","logo":{"@type":"ImageObject","inLanguage":"nl-NL","@id":"https:\/\/tibladin.dk\/#\/schema\/logo\/image\/","url":"https:\/\/tibladin.dk\/wp-content\/uploads\/2022\/09\/tibladin_logo.svg","contentUrl":"https:\/\/tibladin.dk\/wp-content\/uploads\/2022\/09\/tibladin_logo.svg","caption":"Tibladin"},"image":{"@id":"https:\/\/tibladin.dk\/#\/schema\/logo\/image\/"}}]}},"_links":{"self":[{"href":"https:\/\/tibladin.dk\/nl\/wp-json\/wp\/v2\/product\/7366","targetHints":{"allow":["GET"]}}],"collection":[{"href":"https:\/\/tibladin.dk\/nl\/wp-json\/wp\/v2\/product"}],"about":[{"href":"https:\/\/tibladin.dk\/nl\/wp-json\/wp\/v2\/types\/product"}],"wp:featuredmedia":[{"embeddable":true,"href":"https:\/\/tibladin.dk\/nl\/wp-json\/wp\/v2\/media\/37304"}],"wp:attachment":[{"href":"https:\/\/tibladin.dk\/nl\/wp-json\/wp\/v2\/media?parent=7366"}],"wp:term":[{"taxonomy":"product_brand","embeddable":true,"href":"https:\/\/tibladin.dk\/nl\/wp-json\/wp\/v2\/product_brand?post=7366"},{"taxonomy":"product_cat","embeddable":true,"href":"https:\/\/tibladin.dk\/nl\/wp-json\/wp\/v2\/product_cat?post=7366"},{"taxonomy":"product_tag","embeddable":true,"href":"https:\/\/tibladin.dk\/nl\/wp-json\/wp\/v2\/product_tag?post=7366"}],"curies":[{"name":"wp","href":"https:\/\/api.w.org\/{rel}","templated":true}]}}