{"id":7757,"date":"2023-06-24T08:06:45","date_gmt":"2023-06-24T06:06:45","guid":{"rendered":"https:\/\/tibladin.dk\/?post_type=product&#038;p=7757"},"modified":"2026-03-30T20:43:50","modified_gmt":"2026-03-30T18:43:50","slug":"marokkaanse-poef-in-cognackleurig-leer","status":"publish","type":"product","link":"https:\/\/tibladin.dk\/nl\/produkt\/marokkansk-puf-i-cognacfarvet-laeder\/","title":{"rendered":"Marokkaanse poef in cognackleurig leer"},"content":{"rendered":"<div class=\"wpb-content-wrapper\"><div class=\"vc_row wpb_row vc_row-fluid\"><div class=\"wpb_column vc_column_container vc_col-sm-4\"><div class=\"vc_column-inner\"><div class=\"wpb_wrapper\">\n\t<div class=\"wpb_video_widget wpb_content_element vc_clearfix   vc_video-aspect-ratio-43 vc_video-el-width-100 vc_video-align-left\" >\n\t\t<div class=\"wpb_wrapper\">\n\t\t\t\n\t\t\t<div class=\"wpb_video_wrapper\"><div class=\"video-container\"><iframe loading=\"lazy\" title=\"Vul je Marokkaanse leren poef\" src=\"https:\/\/player.vimeo.com\/video\/417093994?dnt=1&amp;app_id=122963\" width=\"310\" height=\"310\" frameborder=\"0\" allow=\"autoplay; fullscreen; picture-in-picture\"><\/iframe><\/div><\/div>\n\t\t<\/div>\n\t<\/div>\n<\/div><\/div><\/div><div class=\"wpb_column vc_column_container vc_col-sm-4\"><div class=\"vc_column-inner\"><div class=\"wpb_wrapper\"><h3 style=\"text-align: left\" class=\"vc_custom_heading vc_do_custom_heading\" >Onderhoud<\/h3>\n\t<div class=\"wpb_text_column wpb_content_element\" >\n\t\t<div class=\"wpb_wrapper\">\n\t\t\t<p>Bij Tibladin koop je leren poefs zonder vulling, zodat je hem zelf kunt vullen met vulling naar eigen smaak. Je kunt gemakkelijk dingen gebruiken die je al hebt, zoals kleding die je niet meer gebruikt, winterdekbedden, kussens, dekens of een strak verfrommelde krant.<\/p>\n<p>Voor uw poef kunt u ook schuimkorrels of katoenen vulling kopen. Als je dit soort vulling gebruikt, kan ik je aanraden een binnenhoes te naaien of een oud dekbedovertrek te nemen en de vulling daarin te stoppen voordat je hem in je poef stopt<\/p>\n<p>Leren poefs zijn gemaakt van geitenleer en zullen na verloop van tijd een mooie patina krijgen. Als je je poef donkerder en glanzender wilt, kun je hem een beetje leerolie geven. Al in het begin, als je het gebruikt, kan het een beetje naar leer ruiken. Dit trekt weer snel weg. Als je dat proces wilt versnellen, leg het dan een tijdje in de zon en het zal verdwijnen.<\/p>\n\n\t\t<\/div>\n\t<\/div>\n<\/div><\/div><\/div><div class=\"wpb_column vc_column_container vc_col-sm-4\"><div class=\"vc_column-inner\"><div class=\"wpb_wrapper\"><h3 style=\"text-align: left\" class=\"vc_custom_heading vc_do_custom_heading\" >Het verhaal erachter<\/h3>\n\t<div class=\"wpb_text_column wpb_content_element\" >\n\t\t<div class=\"wpb_wrapper\">\n\t\t\t<p>Kleine poefjes zijn makkelijk toe te voegen aan je interieur en krijgen al snel een exotische uitstraling en een persoonlijker tintje. Mijn leverancier van leren poefs heeft jarenlange ervaring met het maken van goede en zeer duurzame poefs en exporteert naar meerdere plekken in de wereld. Al mijn poefs zijn gemaakt van geitenleer, omdat dit de zachtste en meest flexibele poef geeft.<\/p>\n\n\t\t<\/div>\n\t<\/div>\n<\/div><\/div><\/div><\/div>\n<\/div>","protected":false},"excerpt":{"rendered":"<p class=\"p1\"><span class=\"s1\">Je eigen Marokkaans kussen. Donkerbruin van zacht geitenleer. Deze poef heeft een oliebehandeling ondergaan, waardoor hij dieper en warmer van kleur lijkt.<\/span><\/p>\n<p class=\"p1\"><span class=\"s1\">Kan gevuld worden met veel verschillende dingen: kleding die je niet gebruikt als juf, de winterdeken, schuimkorrels, krant, etc., afhankelijk van de stevigheid die je wenst. U kunt er ook voor kiezen om uw poef gevuld met houtwol te laten bezorgen. Als je de poef gevuld wilt hebben met houtwol, vergeet dan niet om deze te selecteren in het veld net boven de knop &quot;toevoegen aan winkelmandje&quot;<\/span><\/p>\n<p>Afmetingen 50x50x30<\/p>\n<p>&nbsp;<\/p>","protected":false},"featured_media":7762,"template":"","meta":{"inline_featured_image":false},"product_brand":[],"product_cat":[47,41,40],"product_tag":[],"class_list":{"0":"post-7757","1":"product","2":"type-product","3":"status-publish","4":"has-post-thumbnail","6":"product_cat-gaven-til-ham","7":"product_cat-laederpufs","8":"product_cat-pufs","10":"first","11":"instock","12":"taxable","13":"shipping-taxable","14":"purchasable","15":"product-type-simple"},"exclude_global_add_ons":false,"addons":[{"name":"Wilt u uw poef geleverd hebben met houtwolvulling? \ufffc","type":"checkbox","position":0,"required":false,"title_format":"label","default":"","description_enable":false,"description":"","placeholder_enable":false,"placeholder":"","display":"select","restrictions_type":"any_text","adjust_price":false,"price":"","price_type":"flat_fee","restrictions":false,"min":"0","max":"0","options":[{"label":"Ja tak!","price":"200.00","price_type":"quantity_based","image":0,"visibility":true}],"id":1708085208}],"yoast_head":"<!-- This site is optimized with the Yoast SEO plugin v27.4 - https:\/\/yoast.com\/product\/yoast-seo-wordpress\/ -->\n<title>Marokkansk puf i l\u00e6der 50x50 cm | Stort udvalg | Tibladin<\/title>\n<meta name=\"description\" content=\"Marokkansk m\u00f8rkebrunt l\u00e6der 50x50 cm i bl\u00f8d og fleksibel kvalitet. Er lavet med ekstra syninger for at sikre en god holdbarhed.Her i en cognacfarvet model.\" \/>\n<meta name=\"robots\" content=\"index, follow, max-snippet:-1, max-image-preview:large, max-video-preview:-1\" \/>\n<link rel=\"canonical\" href=\"https:\/\/tibladin.dk\/nl\/product-2\/marokkaanse-poef-in-cognackleurig-leer\/\" \/>\n<meta property=\"og:locale\" content=\"nl_NL\" \/>\n<meta property=\"og:type\" content=\"article\" \/>\n<meta property=\"og:title\" content=\"Marokkansk puf i l\u00e6der 50x50 cm | Stort udvalg | Tibladin\" \/>\n<meta property=\"og:description\" content=\"Marokkansk m\u00f8rkebrunt l\u00e6der 50x50 cm i bl\u00f8d og fleksibel kvalitet. Er lavet med ekstra syninger for at sikre en god holdbarhed.Her i en cognacfarvet model.\" \/>\n<meta property=\"og:url\" content=\"https:\/\/tibladin.dk\/nl\/product-2\/marokkaanse-poef-in-cognackleurig-leer\/\" \/>\n<meta property=\"og:site_name\" content=\"Tibladin\" \/>\n<meta property=\"article:modified_time\" content=\"2026-03-30T18:43:50+00:00\" \/>\n<meta property=\"og:image\" content=\"https:\/\/tibladin.dk\/wp-content\/uploads\/2023\/06\/Puf-i-cognacfarvet-laeder-med-moenster.jpg\" \/>\n\t<meta property=\"og:image:width\" content=\"800\" \/>\n\t<meta property=\"og:image:height\" content=\"800\" \/>\n\t<meta property=\"og:image:type\" content=\"image\/jpeg\" \/>\n<meta name=\"twitter:card\" content=\"summary_large_image\" \/>\n<meta name=\"twitter:label1\" content=\"Geschatte leestijd\" \/>\n\t<meta name=\"twitter:data1\" content=\"2 minuten\" \/>\n<script type=\"application\/ld+json\" class=\"yoast-schema-graph\">{\"@context\":\"https:\\\/\\\/schema.org\",\"@graph\":[{\"@type\":\"WebPage\",\"@id\":\"https:\\\/\\\/tibladin.dk\\\/produkt\\\/marokkansk-puf-i-cognacfarvet-laeder\\\/\",\"url\":\"https:\\\/\\\/tibladin.dk\\\/produkt\\\/marokkansk-puf-i-cognacfarvet-laeder\\\/\",\"name\":\"Marokkansk puf i l\u00e6der 50x50 cm | Stort udvalg | Tibladin\",\"isPartOf\":{\"@id\":\"https:\\\/\\\/tibladin.dk\\\/#website\"},\"primaryImageOfPage\":{\"@id\":\"https:\\\/\\\/tibladin.dk\\\/produkt\\\/marokkansk-puf-i-cognacfarvet-laeder\\\/#primaryimage\"},\"image\":{\"@id\":\"https:\\\/\\\/tibladin.dk\\\/produkt\\\/marokkansk-puf-i-cognacfarvet-laeder\\\/#primaryimage\"},\"thumbnailUrl\":\"https:\\\/\\\/tibladin.dk\\\/wp-content\\\/uploads\\\/2023\\\/06\\\/Puf-i-cognacfarvet-laeder-med-moenster.jpg\",\"datePublished\":\"2023-06-24T06:06:45+00:00\",\"dateModified\":\"2026-03-30T18:43:50+00:00\",\"description\":\"Marokkansk m\u00f8rkebrunt l\u00e6der 50x50 cm i bl\u00f8d og fleksibel kvalitet. Er lavet med ekstra syninger for at sikre en god holdbarhed.Her i en cognacfarvet model.\",\"breadcrumb\":{\"@id\":\"https:\\\/\\\/tibladin.dk\\\/produkt\\\/marokkansk-puf-i-cognacfarvet-laeder\\\/#breadcrumb\"},\"inLanguage\":\"nl-NL\",\"potentialAction\":[{\"@type\":\"ReadAction\",\"target\":[\"https:\\\/\\\/tibladin.dk\\\/produkt\\\/marokkansk-puf-i-cognacfarvet-laeder\\\/\"]}]},{\"@type\":\"ImageObject\",\"inLanguage\":\"nl-NL\",\"@id\":\"https:\\\/\\\/tibladin.dk\\\/produkt\\\/marokkansk-puf-i-cognacfarvet-laeder\\\/#primaryimage\",\"url\":\"https:\\\/\\\/tibladin.dk\\\/wp-content\\\/uploads\\\/2023\\\/06\\\/Puf-i-cognacfarvet-laeder-med-moenster.jpg\",\"contentUrl\":\"https:\\\/\\\/tibladin.dk\\\/wp-content\\\/uploads\\\/2023\\\/06\\\/Puf-i-cognacfarvet-laeder-med-moenster.jpg\",\"width\":800,\"height\":800,\"caption\":\"marokkansk puf i cognacfarvet l\u00e6der\"},{\"@type\":\"BreadcrumbList\",\"@id\":\"https:\\\/\\\/tibladin.dk\\\/produkt\\\/marokkansk-puf-i-cognacfarvet-laeder\\\/#breadcrumb\",\"itemListElement\":[{\"@type\":\"ListItem\",\"position\":1,\"name\":\"Hjem\",\"item\":\"https:\\\/\\\/tibladin.dk\\\/\"},{\"@type\":\"ListItem\",\"position\":2,\"name\":\"Shop\",\"item\":\"https:\\\/\\\/tibladin.dk\\\/shop\\\/\"},{\"@type\":\"ListItem\",\"position\":3,\"name\":\"Marokkansk puf i cognacfarvet l\u00e6der\"}]},{\"@type\":\"WebSite\",\"@id\":\"https:\\\/\\\/tibladin.dk\\\/#website\",\"url\":\"https:\\\/\\\/tibladin.dk\\\/\",\"name\":\"Tibladin\",\"description\":\"Tibladin\",\"publisher\":{\"@id\":\"https:\\\/\\\/tibladin.dk\\\/#organization\"},\"potentialAction\":[{\"@type\":\"SearchAction\",\"target\":{\"@type\":\"EntryPoint\",\"urlTemplate\":\"https:\\\/\\\/tibladin.dk\\\/?s={search_term_string}\"},\"query-input\":{\"@type\":\"PropertyValueSpecification\",\"valueRequired\":true,\"valueName\":\"search_term_string\"}}],\"inLanguage\":\"nl-NL\"},{\"@type\":\"Organization\",\"@id\":\"https:\\\/\\\/tibladin.dk\\\/#organization\",\"name\":\"Tibladin\",\"url\":\"https:\\\/\\\/tibladin.dk\\\/\",\"logo\":{\"@type\":\"ImageObject\",\"inLanguage\":\"nl-NL\",\"@id\":\"https:\\\/\\\/tibladin.dk\\\/#\\\/schema\\\/logo\\\/image\\\/\",\"url\":\"https:\\\/\\\/tibladin.dk\\\/wp-content\\\/uploads\\\/2022\\\/09\\\/tibladin_logo.svg\",\"contentUrl\":\"https:\\\/\\\/tibladin.dk\\\/wp-content\\\/uploads\\\/2022\\\/09\\\/tibladin_logo.svg\",\"caption\":\"Tibladin\"},\"image\":{\"@id\":\"https:\\\/\\\/tibladin.dk\\\/#\\\/schema\\\/logo\\\/image\\\/\"}}]}<\/script>\n<!-- \/ Yoast SEO plugin. -->","yoast_head_json":{"title":"Marokkaanse poef in leer 50x50 cm | Grote selectie | Tibladin","description":"Marokkaans donkerbruin leer 50x50 cm in zachte en flexibele kwaliteit. Gemaakt met extra stiksels voor een goede duurzaamheid, hier in een cognackleurig model.","robots":{"index":"index","follow":"follow","max-snippet":"max-snippet:-1","max-image-preview":"max-image-preview:large","max-video-preview":"max-video-preview:-1"},"canonical":"https:\/\/tibladin.dk\/nl\/product-2\/marokkaanse-poef-in-cognackleurig-leer\/","og_locale":"nl_NL","og_type":"article","og_title":"Marokkansk puf i l\u00e6der 50x50 cm | Stort udvalg | Tibladin","og_description":"Marokkansk m\u00f8rkebrunt l\u00e6der 50x50 cm i bl\u00f8d og fleksibel kvalitet. Er lavet med ekstra syninger for at sikre en god holdbarhed.Her i en cognacfarvet model.","og_url":"https:\/\/tibladin.dk\/nl\/product-2\/marokkaanse-poef-in-cognackleurig-leer\/","og_site_name":"Tibladin","article_modified_time":"2026-03-30T18:43:50+00:00","og_image":[{"width":800,"height":800,"url":"https:\/\/tibladin.dk\/wp-content\/uploads\/2023\/06\/Puf-i-cognacfarvet-laeder-med-moenster.jpg","type":"image\/jpeg"}],"twitter_card":"summary_large_image","twitter_misc":{"Geschatte leestijd":"2 minuten"},"schema":{"@context":"https:\/\/schema.org","@graph":[{"@type":"WebPage","@id":"https:\/\/tibladin.dk\/produkt\/marokkansk-puf-i-cognacfarvet-laeder\/","url":"https:\/\/tibladin.dk\/produkt\/marokkansk-puf-i-cognacfarvet-laeder\/","name":"Marokkaanse poef in leer 50x50 cm | Grote selectie | Tibladin","isPartOf":{"@id":"https:\/\/tibladin.dk\/#website"},"primaryImageOfPage":{"@id":"https:\/\/tibladin.dk\/produkt\/marokkansk-puf-i-cognacfarvet-laeder\/#primaryimage"},"image":{"@id":"https:\/\/tibladin.dk\/produkt\/marokkansk-puf-i-cognacfarvet-laeder\/#primaryimage"},"thumbnailUrl":"https:\/\/tibladin.dk\/wp-content\/uploads\/2023\/06\/Puf-i-cognacfarvet-laeder-med-moenster.jpg","datePublished":"2023-06-24T06:06:45+00:00","dateModified":"2026-03-30T18:43:50+00:00","description":"Marokkaans donkerbruin leer 50x50 cm in zachte en flexibele kwaliteit. Gemaakt met extra stiksels voor een goede duurzaamheid, hier in een cognackleurig model.","breadcrumb":{"@id":"https:\/\/tibladin.dk\/produkt\/marokkansk-puf-i-cognacfarvet-laeder\/#breadcrumb"},"inLanguage":"nl-NL","potentialAction":[{"@type":"ReadAction","target":["https:\/\/tibladin.dk\/produkt\/marokkansk-puf-i-cognacfarvet-laeder\/"]}]},{"@type":"ImageObject","inLanguage":"nl-NL","@id":"https:\/\/tibladin.dk\/produkt\/marokkansk-puf-i-cognacfarvet-laeder\/#primaryimage","url":"https:\/\/tibladin.dk\/wp-content\/uploads\/2023\/06\/Puf-i-cognacfarvet-laeder-med-moenster.jpg","contentUrl":"https:\/\/tibladin.dk\/wp-content\/uploads\/2023\/06\/Puf-i-cognacfarvet-laeder-med-moenster.jpg","width":800,"height":800,"caption":"marokkansk puf i cognacfarvet l\u00e6der"},{"@type":"BreadcrumbList","@id":"https:\/\/tibladin.dk\/produkt\/marokkansk-puf-i-cognacfarvet-laeder\/#breadcrumb","itemListElement":[{"@type":"ListItem","position":1,"name":"Hjem","item":"https:\/\/tibladin.dk\/"},{"@type":"ListItem","position":2,"name":"Shop","item":"https:\/\/tibladin.dk\/shop\/"},{"@type":"ListItem","position":3,"name":"Marokkansk puf i cognacfarvet l\u00e6der"}]},{"@type":"WebSite","@id":"https:\/\/tibladin.dk\/#website","url":"https:\/\/tibladin.dk\/","name":"Tibladin","description":"Tibladin","publisher":{"@id":"https:\/\/tibladin.dk\/#organization"},"potentialAction":[{"@type":"SearchAction","target":{"@type":"EntryPoint","urlTemplate":"https:\/\/tibladin.dk\/?s={search_term_string}"},"query-input":{"@type":"PropertyValueSpecification","valueRequired":true,"valueName":"search_term_string"}}],"inLanguage":"nl-NL"},{"@type":"Organization","@id":"https:\/\/tibladin.dk\/#organization","name":"Tibladin","url":"https:\/\/tibladin.dk\/","logo":{"@type":"ImageObject","inLanguage":"nl-NL","@id":"https:\/\/tibladin.dk\/#\/schema\/logo\/image\/","url":"https:\/\/tibladin.dk\/wp-content\/uploads\/2022\/09\/tibladin_logo.svg","contentUrl":"https:\/\/tibladin.dk\/wp-content\/uploads\/2022\/09\/tibladin_logo.svg","caption":"Tibladin"},"image":{"@id":"https:\/\/tibladin.dk\/#\/schema\/logo\/image\/"}}]}},"_links":{"self":[{"href":"https:\/\/tibladin.dk\/nl\/wp-json\/wp\/v2\/product\/7757","targetHints":{"allow":["GET"]}}],"collection":[{"href":"https:\/\/tibladin.dk\/nl\/wp-json\/wp\/v2\/product"}],"about":[{"href":"https:\/\/tibladin.dk\/nl\/wp-json\/wp\/v2\/types\/product"}],"wp:featuredmedia":[{"embeddable":true,"href":"https:\/\/tibladin.dk\/nl\/wp-json\/wp\/v2\/media\/7762"}],"wp:attachment":[{"href":"https:\/\/tibladin.dk\/nl\/wp-json\/wp\/v2\/media?parent=7757"}],"wp:term":[{"taxonomy":"product_brand","embeddable":true,"href":"https:\/\/tibladin.dk\/nl\/wp-json\/wp\/v2\/product_brand?post=7757"},{"taxonomy":"product_cat","embeddable":true,"href":"https:\/\/tibladin.dk\/nl\/wp-json\/wp\/v2\/product_cat?post=7757"},{"taxonomy":"product_tag","embeddable":true,"href":"https:\/\/tibladin.dk\/nl\/wp-json\/wp\/v2\/product_tag?post=7757"}],"curies":[{"name":"wp","href":"https:\/\/api.w.org\/{rel}","templated":true}]}}