{"id":9266,"date":"2026-04-10T05:46:16","date_gmt":"2026-04-10T03:46:16","guid":{"rendered":"https:\/\/tibladin.dk\/?post_type=product&#038;p=9266"},"modified":"2026-04-14T16:33:20","modified_gmt":"2026-04-14T14:33:20","slug":"vloerkussen-poef-van-wol-in-karamelkleur","status":"publish","type":"product","link":"https:\/\/tibladin.dk\/nl\/produkt\/gulvpude-puf-i-uld-caramel\/","title":{"rendered":"Vloerkussen\/poef van wol \u2013 KARAMEL"},"content":{"rendered":"<div class=\"wpb-content-wrapper\"><div class=\"vc_row wpb_row vc_row-fluid\"><div class=\"wpb_column vc_column_container vc_col-sm-6\"><div class=\"vc_column-inner\"><div class=\"wpb_wrapper\"><h3 style=\"text-align: left\" class=\"vc_custom_heading vc_do_custom_heading\" >Onderhoud<\/h3>\n\t<div class=\"wpb_text_column wpb_content_element\" >\n\t\t<div class=\"wpb_wrapper\">\n\t\t\t<p>Mocht u de pech hebben dat er een vlek op uw wollen poef of wollen vloerkussen komt, begin dan met het stofzuigen van de vlek. De wol is van nature omgeven door lanoline, dat een beschermend laagje op de vezels vormt, waardoor vlekken een grotere kans hebben om in te dringen. Mocht het hiermee niet lukken, dan kun je een vochtige doek nemen en de vlek deppen, tenslotte niet wrijven. Mochten we het geluk hebben dat er op een winterdag sneeuw valt, leg dan uw wollen poef of wollen deken in de pas gevallen sneeuw. Het is de meest effectieve methode om het grondig te reinigen<\/p>\n\n\t\t<\/div>\n\t<\/div>\n<\/div><\/div><\/div><div class=\"wpb_column vc_column_container vc_col-sm-6\"><div class=\"vc_column-inner\"><div class=\"wpb_wrapper\"><h3 style=\"text-align: left\" class=\"vc_custom_heading vc_do_custom_heading\" >Vloerkussens\/poefs van azilal tapijten<\/h3>\n\t<div class=\"wpb_text_column wpb_content_element\" >\n\t\t<div class=\"wpb_wrapper\">\n\t\t\t<p>We hebben veel vloerkussens\/wollen poefs ontvangen in verschillende kleuren en patronen. Deze vloerkussens zijn met de hand gestikt van echte vintage azilal-tapijten, daarom zijn alle vloerkussens verschillend. De tapijten komen uit de regio Azilal in de Marokkaanse bergen ten oosten van Marrakech, waar het doorgaans de taak van de vrouw is om de tapijten met de hand te weven. Oorspronkelijk hadden de lokale Berbervrouwen geen geschreven taal, dus weefden ze verhalen in de tapijten, waardoor elk tapijt uniek is. Azilal-tapijten zijn gemaakt van 100%-wol \u2013 soms gecombineerd met katoendraad.<\/p>\n<p><a href=\"https:\/\/tibladin.dk\/nl\/product-categorie-3\/interieur\/meubilair\/poef\/\">Bekijk hier ons volledige assortiment vloerkussens gemaakt van gerecyclede Azilal- en Beni Ouarain-tapijten.<\/a><\/p>\n<p><b>Vul je poef<\/b><br \/>\nHet beste is om je poef te vullen met een groot stevig kussen van het liefst 90\u00d790 cm, waarmee je het hele kussen goed kunt vullen. Je kunt gemakkelijk dingen gebruiken die je al hebt, dekbedden, kussens, dekens of een strak verfrommelde krant. Voor uw poef kunt u ook schuimkorrels of katoenen vulling kopen. Als u dit soort vulling gebruikt, raden wij u aan een binnenhoes te naaien of een oud dekbedovertrek te nemen en de vulling erin te doen voordat u deze in uw poef legt.<\/p>\n<p>Bij extra aankoop sturen wij het met een montagepad van 90\u00d790 cm.<\/p>\n\n\t\t<\/div>\n\t<\/div>\n<\/div><\/div><\/div><\/div>\n<\/div>","protected":false},"excerpt":{"rendered":"<p class=\"p1\"><span class=\"s1\">Prachtige vierkante Marokkaanse vloerpoef\/sofa, gemaakt van vintage Azilal-tapijten en handgemaakt van hoogwaardige wol. Deze heerlijke karamelkleurige poef met warme roodachtige ondertonen zorgt voor een prachtig lichtspel.<\/span><\/p>\n<p class=\"p1\">Er bestaat slechts \u00e9\u00e9n exemplaar van deze poef \u2013 met de hand gestikt van vintage Azilal-tapijten in het Atlasgebergte door bekwame en behendige Berber-mensen.<\/p>\n<p>Onderkant van tapijt - met ritssluiting aan twee aangrenzende zijden, zodat je deze gemakkelijk kunt vullen. Als u wilt dat wij hem vullen met vulling van Tibladin, sturen wij hem met een groot montagekussen van 90\u00d790, waardoor uw vloerkussen zacht en heerlijk zit.<\/p>\n<p>Afmetingen 60 x 60 x 20<\/p>\n<p class=\"p1\"><span class=\"s1\">Voeg deze unieke poef toe aan je interieur en zie hoe hij gezelligheid en warmte verspreidt en een Marokkaans tintje geeft. Het vloerkussen past perfect in elke kamer. Zowel in de woonkamer door de bankopstelling als in de slaapkamer maar ook in een kinderkamer. Bekijk hoe je de vloer nu als extra ruimte wilt gebruiken. Het wint van de bank :-)<br \/>\n<\/span><\/p>","protected":false},"featured_media":9271,"template":"","meta":{"inline_featured_image":false},"product_brand":[],"product_cat":[101,39],"product_tag":[],"class_list":{"0":"post-9266","1":"product","2":"type-product","3":"status-publish","4":"has-post-thumbnail","6":"product_cat-gulvpuder-uldpufs","7":"product_cat-moebler","9":"first","10":"instock","11":"taxable","12":"shipping-taxable","13":"purchasable","14":"product-type-simple"},"exclude_global_add_ons":false,"addons":[{"name":"Laat je poef leveren met vulling van een groot montagekussen","type":"checkbox","position":0,"required":false,"title_format":"label","default":"","description_enable":true,"description":"Gevuld met een groot oplegkussen van 90x90 cm, dat de poef goed vult en zorgt voor een zacht en comfortabel zitcomfort. De hoes is eenvoudig te verwijderen en schoon te maken.","placeholder_enable":false,"placeholder":"","display":"images","restrictions_type":"any_text","adjust_price":false,"price":"","price_type":"flat_fee","restrictions":false,"min":"0","max":"0","options":[{"label":"Ja tak","price":"300","price_type":"quantity_based","image":11028,"visibility":true}],"id":1672424044}],"yoast_head":"<!-- This site is optimized with the Yoast SEO plugin v27.5 - https:\/\/yoast.com\/product\/yoast-seo-wordpress\/ -->\n<title>Unik marokkansk gulvpude | H\u00e5ndsyet af vintage azilal-t\u00e6pper<\/title>\n<meta name=\"description\" content=\"Marokkansk gulvpude i smukke nuancer, som pryder din indretning. H\u00e5ndsyet af vintage azilal-t\u00e6pper i atlasbjergene i Marrakech.\" \/>\n<meta name=\"robots\" content=\"index, follow, max-snippet:-1, max-image-preview:large, max-video-preview:-1\" \/>\n<link rel=\"canonical\" href=\"https:\/\/tibladin.dk\/nl\/product-2\/vloerkussen-poef-van-wol-in-karamelkleur\/\" \/>\n<meta property=\"og:locale\" content=\"nl_NL\" \/>\n<meta property=\"og:type\" content=\"article\" \/>\n<meta property=\"og:title\" content=\"Unik marokkansk gulvpude | H\u00e5ndsyet af vintage azilal-t\u00e6pper\" \/>\n<meta property=\"og:description\" content=\"Marokkansk gulvpude i smukke nuancer, som pryder din indretning. H\u00e5ndsyet af vintage azilal-t\u00e6pper i atlasbjergene i Marrakech.\" \/>\n<meta property=\"og:url\" content=\"https:\/\/tibladin.dk\/nl\/product-2\/vloerkussen-poef-van-wol-in-karamelkleur\/\" \/>\n<meta property=\"og:site_name\" content=\"Tibladin\" \/>\n<meta property=\"article:modified_time\" content=\"2026-04-14T14:33:20+00:00\" \/>\n<meta property=\"og:image\" content=\"https:\/\/tibladin.dk\/wp-content\/uploads\/2023\/11\/Marokkansk-gulvpude_CARAMEL_side2.jpg\" \/>\n\t<meta property=\"og:image:width\" content=\"800\" \/>\n\t<meta property=\"og:image:height\" content=\"800\" \/>\n\t<meta property=\"og:image:type\" content=\"image\/jpeg\" \/>\n<meta name=\"twitter:card\" content=\"summary_large_image\" \/>\n<meta name=\"twitter:label1\" content=\"Geschatte leestijd\" \/>\n\t<meta name=\"twitter:data1\" content=\"3 minuten\" \/>\n<script type=\"application\/ld+json\" class=\"yoast-schema-graph\">{\"@context\":\"https:\\\/\\\/schema.org\",\"@graph\":[{\"@type\":\"WebPage\",\"@id\":\"https:\\\/\\\/tibladin.dk\\\/produkt\\\/gulvpude-puf-i-uld-caramel\\\/\",\"url\":\"https:\\\/\\\/tibladin.dk\\\/produkt\\\/gulvpude-puf-i-uld-caramel\\\/\",\"name\":\"Unik marokkansk gulvpude | H\u00e5ndsyet af vintage azilal-t\u00e6pper\",\"isPartOf\":{\"@id\":\"https:\\\/\\\/tibladin.dk\\\/#website\"},\"primaryImageOfPage\":{\"@id\":\"https:\\\/\\\/tibladin.dk\\\/produkt\\\/gulvpude-puf-i-uld-caramel\\\/#primaryimage\"},\"image\":{\"@id\":\"https:\\\/\\\/tibladin.dk\\\/produkt\\\/gulvpude-puf-i-uld-caramel\\\/#primaryimage\"},\"thumbnailUrl\":\"https:\\\/\\\/tibladin.dk\\\/wp-content\\\/uploads\\\/2023\\\/11\\\/Marokkansk-gulvpude_CARAMEL_side2.jpg\",\"datePublished\":\"2026-04-10T03:46:16+00:00\",\"dateModified\":\"2026-04-14T14:33:20+00:00\",\"description\":\"Marokkansk gulvpude i smukke nuancer, som pryder din indretning. H\u00e5ndsyet af vintage azilal-t\u00e6pper i atlasbjergene i Marrakech.\",\"breadcrumb\":{\"@id\":\"https:\\\/\\\/tibladin.dk\\\/produkt\\\/gulvpude-puf-i-uld-caramel\\\/#breadcrumb\"},\"inLanguage\":\"nl-NL\",\"potentialAction\":[{\"@type\":\"ReadAction\",\"target\":[\"https:\\\/\\\/tibladin.dk\\\/produkt\\\/gulvpude-puf-i-uld-caramel\\\/\"]}]},{\"@type\":\"ImageObject\",\"inLanguage\":\"nl-NL\",\"@id\":\"https:\\\/\\\/tibladin.dk\\\/produkt\\\/gulvpude-puf-i-uld-caramel\\\/#primaryimage\",\"url\":\"https:\\\/\\\/tibladin.dk\\\/wp-content\\\/uploads\\\/2023\\\/11\\\/Marokkansk-gulvpude_CARAMEL_side2.jpg\",\"contentUrl\":\"https:\\\/\\\/tibladin.dk\\\/wp-content\\\/uploads\\\/2023\\\/11\\\/Marokkansk-gulvpude_CARAMEL_side2.jpg\",\"width\":800,\"height\":800,\"caption\":\"Marokkansk gulvpude_CARAMEL\"},{\"@type\":\"BreadcrumbList\",\"@id\":\"https:\\\/\\\/tibladin.dk\\\/produkt\\\/gulvpude-puf-i-uld-caramel\\\/#breadcrumb\",\"itemListElement\":[{\"@type\":\"ListItem\",\"position\":1,\"name\":\"Hjem\",\"item\":\"https:\\\/\\\/tibladin.dk\\\/\"},{\"@type\":\"ListItem\",\"position\":2,\"name\":\"Shop\",\"item\":\"https:\\\/\\\/tibladin.dk\\\/shop\\\/\"},{\"@type\":\"ListItem\",\"position\":3,\"name\":\"Gulvpude\\\/puf i uld &#8211; CARAMEL\"}]},{\"@type\":\"WebSite\",\"@id\":\"https:\\\/\\\/tibladin.dk\\\/#website\",\"url\":\"https:\\\/\\\/tibladin.dk\\\/\",\"name\":\"Tibladin\",\"description\":\"Tibladin\",\"publisher\":{\"@id\":\"https:\\\/\\\/tibladin.dk\\\/#organization\"},\"potentialAction\":[{\"@type\":\"SearchAction\",\"target\":{\"@type\":\"EntryPoint\",\"urlTemplate\":\"https:\\\/\\\/tibladin.dk\\\/?s={search_term_string}\"},\"query-input\":{\"@type\":\"PropertyValueSpecification\",\"valueRequired\":true,\"valueName\":\"search_term_string\"}}],\"inLanguage\":\"nl-NL\"},{\"@type\":\"Organization\",\"@id\":\"https:\\\/\\\/tibladin.dk\\\/#organization\",\"name\":\"Tibladin\",\"url\":\"https:\\\/\\\/tibladin.dk\\\/\",\"logo\":{\"@type\":\"ImageObject\",\"inLanguage\":\"nl-NL\",\"@id\":\"https:\\\/\\\/tibladin.dk\\\/#\\\/schema\\\/logo\\\/image\\\/\",\"url\":\"https:\\\/\\\/tibladin.dk\\\/wp-content\\\/uploads\\\/2022\\\/09\\\/tibladin_logo.svg\",\"contentUrl\":\"https:\\\/\\\/tibladin.dk\\\/wp-content\\\/uploads\\\/2022\\\/09\\\/tibladin_logo.svg\",\"caption\":\"Tibladin\"},\"image\":{\"@id\":\"https:\\\/\\\/tibladin.dk\\\/#\\\/schema\\\/logo\\\/image\\\/\"}}]}<\/script>\n<!-- \/ Yoast SEO plugin. -->","yoast_head_json":{"title":"Uniek Marokkaans vloerkussen | Met de hand genaaid van vintage azilal-tapijten","description":"Marokkaans vloerkussen in prachtige tinten die je interieur sieren. Met de hand genaaid van vintage azilal-tapijten in het Atlasgebergte van Marrakech.","robots":{"index":"index","follow":"follow","max-snippet":"max-snippet:-1","max-image-preview":"max-image-preview:large","max-video-preview":"max-video-preview:-1"},"canonical":"https:\/\/tibladin.dk\/nl\/product-2\/vloerkussen-poef-van-wol-in-karamelkleur\/","og_locale":"nl_NL","og_type":"article","og_title":"Unik marokkansk gulvpude | H\u00e5ndsyet af vintage azilal-t\u00e6pper","og_description":"Marokkansk gulvpude i smukke nuancer, som pryder din indretning. H\u00e5ndsyet af vintage azilal-t\u00e6pper i atlasbjergene i Marrakech.","og_url":"https:\/\/tibladin.dk\/nl\/product-2\/vloerkussen-poef-van-wol-in-karamelkleur\/","og_site_name":"Tibladin","article_modified_time":"2026-04-14T14:33:20+00:00","og_image":[{"width":800,"height":800,"url":"https:\/\/tibladin.dk\/wp-content\/uploads\/2023\/11\/Marokkansk-gulvpude_CARAMEL_side2.jpg","type":"image\/jpeg"}],"twitter_card":"summary_large_image","twitter_misc":{"Geschatte leestijd":"3 minuten"},"schema":{"@context":"https:\/\/schema.org","@graph":[{"@type":"WebPage","@id":"https:\/\/tibladin.dk\/produkt\/gulvpude-puf-i-uld-caramel\/","url":"https:\/\/tibladin.dk\/produkt\/gulvpude-puf-i-uld-caramel\/","name":"Uniek Marokkaans vloerkussen | Met de hand genaaid van vintage azilal-tapijten","isPartOf":{"@id":"https:\/\/tibladin.dk\/#website"},"primaryImageOfPage":{"@id":"https:\/\/tibladin.dk\/produkt\/gulvpude-puf-i-uld-caramel\/#primaryimage"},"image":{"@id":"https:\/\/tibladin.dk\/produkt\/gulvpude-puf-i-uld-caramel\/#primaryimage"},"thumbnailUrl":"https:\/\/tibladin.dk\/wp-content\/uploads\/2023\/11\/Marokkansk-gulvpude_CARAMEL_side2.jpg","datePublished":"2026-04-10T03:46:16+00:00","dateModified":"2026-04-14T14:33:20+00:00","description":"Marokkaans vloerkussen in prachtige tinten die je interieur sieren. Met de hand genaaid van vintage azilal-tapijten in het Atlasgebergte van Marrakech.","breadcrumb":{"@id":"https:\/\/tibladin.dk\/produkt\/gulvpude-puf-i-uld-caramel\/#breadcrumb"},"inLanguage":"nl-NL","potentialAction":[{"@type":"ReadAction","target":["https:\/\/tibladin.dk\/produkt\/gulvpude-puf-i-uld-caramel\/"]}]},{"@type":"ImageObject","inLanguage":"nl-NL","@id":"https:\/\/tibladin.dk\/produkt\/gulvpude-puf-i-uld-caramel\/#primaryimage","url":"https:\/\/tibladin.dk\/wp-content\/uploads\/2023\/11\/Marokkansk-gulvpude_CARAMEL_side2.jpg","contentUrl":"https:\/\/tibladin.dk\/wp-content\/uploads\/2023\/11\/Marokkansk-gulvpude_CARAMEL_side2.jpg","width":800,"height":800,"caption":"Marokkansk gulvpude_CARAMEL"},{"@type":"BreadcrumbList","@id":"https:\/\/tibladin.dk\/produkt\/gulvpude-puf-i-uld-caramel\/#breadcrumb","itemListElement":[{"@type":"ListItem","position":1,"name":"Hjem","item":"https:\/\/tibladin.dk\/"},{"@type":"ListItem","position":2,"name":"Shop","item":"https:\/\/tibladin.dk\/shop\/"},{"@type":"ListItem","position":3,"name":"Gulvpude\/puf i uld &#8211; CARAMEL"}]},{"@type":"WebSite","@id":"https:\/\/tibladin.dk\/#website","url":"https:\/\/tibladin.dk\/","name":"Tibladin","description":"Tibladin","publisher":{"@id":"https:\/\/tibladin.dk\/#organization"},"potentialAction":[{"@type":"SearchAction","target":{"@type":"EntryPoint","urlTemplate":"https:\/\/tibladin.dk\/?s={search_term_string}"},"query-input":{"@type":"PropertyValueSpecification","valueRequired":true,"valueName":"search_term_string"}}],"inLanguage":"nl-NL"},{"@type":"Organization","@id":"https:\/\/tibladin.dk\/#organization","name":"Tibladin","url":"https:\/\/tibladin.dk\/","logo":{"@type":"ImageObject","inLanguage":"nl-NL","@id":"https:\/\/tibladin.dk\/#\/schema\/logo\/image\/","url":"https:\/\/tibladin.dk\/wp-content\/uploads\/2022\/09\/tibladin_logo.svg","contentUrl":"https:\/\/tibladin.dk\/wp-content\/uploads\/2022\/09\/tibladin_logo.svg","caption":"Tibladin"},"image":{"@id":"https:\/\/tibladin.dk\/#\/schema\/logo\/image\/"}}]}},"_links":{"self":[{"href":"https:\/\/tibladin.dk\/nl\/wp-json\/wp\/v2\/product\/9266","targetHints":{"allow":["GET"]}}],"collection":[{"href":"https:\/\/tibladin.dk\/nl\/wp-json\/wp\/v2\/product"}],"about":[{"href":"https:\/\/tibladin.dk\/nl\/wp-json\/wp\/v2\/types\/product"}],"wp:featuredmedia":[{"embeddable":true,"href":"https:\/\/tibladin.dk\/nl\/wp-json\/wp\/v2\/media\/9271"}],"wp:attachment":[{"href":"https:\/\/tibladin.dk\/nl\/wp-json\/wp\/v2\/media?parent=9266"}],"wp:term":[{"taxonomy":"product_brand","embeddable":true,"href":"https:\/\/tibladin.dk\/nl\/wp-json\/wp\/v2\/product_brand?post=9266"},{"taxonomy":"product_cat","embeddable":true,"href":"https:\/\/tibladin.dk\/nl\/wp-json\/wp\/v2\/product_cat?post=9266"},{"taxonomy":"product_tag","embeddable":true,"href":"https:\/\/tibladin.dk\/nl\/wp-json\/wp\/v2\/product_tag?post=9266"}],"curies":[{"name":"wp","href":"https:\/\/api.w.org\/{rel}","templated":true}]}}