{"id":11438,"date":"2024-03-06T16:16:50","date_gmt":"2024-03-06T15:16:50","guid":{"rendered":"https:\/\/tibladin.dk\/?page_id=11438"},"modified":"2025-10-10T11:57:36","modified_gmt":"2025-10-10T09:57:36","slug":"aangerratt","status":"publish","type":"page","link":"https:\/\/tibladin.dk\/sv\/fortrydelsesret\/","title":{"rendered":"\u00c5ngerr\u00e4tt"},"content":{"rendered":"<div class=\"wpb-content-wrapper\"><div class=\"vc_row wpb_row vc_row-fluid\"><div class=\"wpb_column vc_column_container vc_col-sm-12\"><div class=\"vc_column-inner\"><div class=\"wpb_wrapper\">\n\t<div class=\"wpb_text_column wpb_content_element\" >\n\t\t<div class=\"wpb_wrapper\">\n\t\t\t<h3>Om du \u00e5ngrar ditt k\u00f6p (\u00e5ngerr\u00e4tt)<\/h3>\n<p>Du har 14 dagars full \u00e5ngerr\u00e4tt n\u00e4r du handlar p\u00e5 Tibladin.<br \/>\n\u00c5ngerfristen l\u00f6per ut 14 dagar efter den dag du:<\/p>\n<ul>\n<li>har f\u00e5tt din vara<\/li>\n<li>tar den sista varan i fysisk besittning vid \u00f6verenskommelse om flera olika varor som best\u00e4lls i en best\u00e4llning och levereras individuellt<\/li>\n<li>f\u00e5r den sista delen eller den sista delen i fysisk besittning vid avtal om leverans av en produkt som best\u00e5r av flera partier eller delar<\/li>\n<\/ul>\n<p>Du m\u00e5ste meddela Tibladin inom 14 dagar fr\u00e5n mottagandet att du vill \u00e5ngra ditt k\u00f6p.<\/p>\n<p>Kallelsen kan l\u00e4mnas via e-post till\u00a0<a href=\"mailto:info@tibladin.dk\">info@tibladin.dk, <\/a>du kan ocks\u00e5 anv\u00e4nda standardformul\u00e4ret f\u00f6r avbokning, som du hittar l\u00e4ngst ner i handelsvillkoren.<\/p>\n<p>I ditt meddelande ska du tydligt ange varf\u00f6r du vill returnera dina varor.<\/p>\n<p>Du kan inte \u00e5ngra dig genom att helt enkelt v\u00e4gra att ta emot varan utan att ge Tibladin tydligt besked om detta.<\/p>\n<p><b>H\u00e4vning av del av k\u00f6pet<br \/>\n<\/b>Om du har k\u00f6pt flera varor av oss har du m\u00f6jlighet att returnera en eller flera varor, \u00e4ven om de k\u00f6pts i en best\u00e4llning.<br \/>\nObservera att du inte f\u00e5r tillbaka fraktkostnaderna om du \u00e5ngrar en del av ditt k\u00f6p.<\/p>\n<p>&nbsp;<\/p>\n<h3>L\u00e4mna tillbaka<\/h3>\n<p>Du m\u00e5ste skicka tillbaka din best\u00e4llning till oss utan on\u00f6digt dr\u00f6jsm\u00e5l och senast 14 dagar efter att du meddelat Tibladin att du vill \u00e5ngra ditt k\u00f6p. Du ska st\u00e5 f\u00f6r de direkta kostnaderna i samband med retur av varan.<br \/>\nVid retur ansvarar du f\u00f6r att varan \u00e4r ordentligt packad.<br \/>\nDu b\u00e4r risken f\u00f6r varorna fr\u00e5n tidpunkten f\u00f6r leverans av varorna.<\/p>\n<p><strong>Varor undantagna fr\u00e5n \u00e5ngerr\u00e4tten<br \/>\n<\/strong>Leverans av varor som har tillverkats enligt konsumentens specifikationer eller har f\u00e5tt en utpr\u00e4glad personlig pr\u00e4gel.<\/p>\n<p><strong>Varans skick n\u00e4r du skickar tillbaka den<br \/>\n<\/strong>Du ansvarar f\u00f6r eventuell f\u00f6rs\u00e4mring av varans v\u00e4rde som beror p\u00e5 annan hantering \u00e4n vad som \u00e4r n\u00f6dv\u00e4ndigt f\u00f6r att fastst\u00e4lla varans art, egenskaper och funktionss\u00e4tt. Du kan med andra ord prova produkten p\u00e5 samma s\u00e4tt som om du provat den i en fysisk butik.<br \/>\nOm varan \u00e4r pr\u00f6vad p\u00e5 annat s\u00e4tt \u00e4n som beskrivs ovan, betraktar vi den som anv\u00e4nd, vilket inneb\u00e4r att om du \u00e5ngrar k\u00f6pet f\u00e5r du endast en del eller inget av k\u00f6pesumman tillbaka, beroende p\u00e5 varans reklam v\u00e4rde.<br \/>\nF\u00f6r att f\u00e5 tillbaka hela k\u00f6pesumman m\u00e5ste du allts\u00e5 g\u00f6ra detsamma som du kan i en fysisk butik. Du kan testa produkten, men inte anv\u00e4nda den faktiskt.<\/p>\n<p>Vi rekommenderar att du skickar tillbaka varan i originalf\u00f6rpackningen.<br \/>\nOm originalf\u00f6rpackningen saknas kan detta leda till att varans v\u00e4rde minskar.<\/p>\n<p><strong>\u00c5terbetalning av k\u00f6pesumman<br \/>\n<\/strong>Om du \u00e5ngrar ditt k\u00f6p f\u00e5r du sj\u00e4lvklart det belopp du betalat tillbaka. Vid en v\u00e4rdeminskning som du ansvarar f\u00f6r kommer detta att dras av fr\u00e5n k\u00f6peskillingen.<br \/>\nOm du utnyttjar din \u00e5ngerr\u00e4tt kommer Tibladin att \u00e5terbetala alla betalningar som erh\u00e5llits fr\u00e5n dig, inklusive leveranskostnader (men inte extra kostnader till f\u00f6ljd av ditt eget val av annan leveransform \u00e4n den billigaste standardleveransformen)<\/p>\n<p>Betalningen \u00e5terbetalas utan on\u00f6digt dr\u00f6jsm\u00e5l och i alla fall senast 14 dagar fr\u00e5n det datum d\u00e5 Tibladin har mottagit meddelandet om ditt beslut att fr\u00e5ntr\u00e4da detta avtal. En s\u00e5dan \u00e5terbetalning g\u00f6rs med samma betalningsmedel som du anv\u00e4nde f\u00f6r den ursprungliga transaktionen, om du inte uttryckligen har samtyckt till n\u00e5got annat.<br \/>\n\u00c5terbetalningen kan h\u00e5llas inne tills Tibladin har f\u00e5tt tillbaka varan, om du inte har l\u00e4mnat dokumentation p\u00e5 att du har returnerat den innan dess.<\/p>\n<p><strong>Om du \u00e5ngrar k\u00f6pet ska varan skickas till:<br \/>\n<\/strong>Tibladin<br \/>\nSkt. Knuds Torv 23<br \/>\n8000 Aarhus C<\/p>\n<p>M\u00e5ste skickas till en f\u00f6retagsadress och inte till en paketbutik.<\/p>\n<p><strong>Vad ska jag skicka tillbaka?<br \/>\n<\/strong>Bifoga en kopia av orderbekr\u00e4ftelsen. Notera! Tibladin tar inte emot paket skickade av postf\u00f6rskott.<\/p>\n<div id=\"primary\" class=\"content-area\">\n<div id=\"post-3629\" class=\"post-3629 page type-page status-publish hentry\">\n<div class=\"entry-content\">\n<p><strong><span class=\"s26\">Standard avbokningsformul\u00e4r<\/span><\/strong><\/p>\n<p><span class=\"s27\">(Detta formul\u00e4r fylls i och returneras endast om \u00e5ngerr\u00e4tten utnyttjas)<\/span><\/p>\n<p><span class=\"s27\">Till:<\/span><\/p>\n<p><span class=\"s27\">Tibladin<\/span><\/p>\n<p><span class=\"s27\">Skt. Knuds Torv 23<\/span><\/p>\n<p><span class=\"s27\">8000 Aarhus C<\/span><\/p>\n<p><span class=\"s27\">e-post: info@tibladin.dk<\/span><\/p>\n<p>&nbsp;<\/p>\n<p><span class=\"s27\">Jag meddelar h\u00e4rmed att jag \u00f6nskar utnyttja \u00e5ngerr\u00e4tten i samband med mitt k\u00f6peavtal f\u00f6r f\u00f6ljande varor\/tj\u00e4nster:<\/span><\/p>\n<p><span class=\"s27\">__________________________________________________________________________________<\/span><\/p>\n<p>P\u00e5 ordernummer<\/p>\n<p><span class=\"s27\">_______________________________<\/span><\/p>\n<p>&nbsp;<\/p>\n<p><span class=\"s27\">Best\u00e4llde den: _______________________________ Fick den: _______________________________<\/span><\/p>\n<p>&nbsp;<\/p>\n<p><span class=\"s27\">Konsumentens namn: ________________________________________________________________________________<\/span><\/p>\n<p>&nbsp;<\/p>\n<p><span class=\"s27\">Konsumentens adress: __________________________________________________________________<\/span><\/p>\n<p>&nbsp;<\/p>\n<p><span class=\"s27\">Konsumentens underskrift: ____________________________________ Datum: _________________<\/span><\/p>\n<p><span class=\"s28\">(endast om inneh\u00e5llet i formul\u00e4ret kommuniceras p\u00e5 papper)<\/span><\/p>\n<p>&nbsp;<\/p>\n<p class=\"s29\"><span class=\"s20\">Villkoren har uppdaterats senast <\/span><span class=\"s20\">den 24.10.2022<\/span><\/p>\n<p>&nbsp;<\/p>\n<\/div>\n<\/div>\n<p>&nbsp;<\/p>\n<\/div>\n\n\t\t<\/div>\n\t<\/div>\n<\/div><\/div><\/div><\/div>\n<\/div>","protected":false},"excerpt":{"rendered":"Hvis du fortryder dit k\u00f8b (fortrydelsesret) Du har 14 dages fuld fortrydelsesret, n\u00e5r du handler hos Tibladin. Fortrydelsesfristen udl\u00f8ber 14 dage efter den dag, du: har modtaget din vare f\u00e5r den sidste vare i fysisk besiddelse, n\u00e5r det drejer sig om en aftale om flere forskellige varer, som er bestilt i \u00e9n ordre, og som [...]","protected":false},"author":2,"featured_media":0,"parent":0,"menu_order":0,"comment_status":"closed","ping_status":"closed","template":"","meta":{"inline_featured_image":false,"footnotes":""},"class_list":["post-11438","page","type-page","status-publish","hentry"],"yoast_head":"<!-- This site is optimized with the Yoast SEO plugin v27.4 - https:\/\/yoast.com\/product\/yoast-seo-wordpress\/ -->\n<title>Fortrydelsesret | Hos Tibladin har de 14 dages fortrydelsesret<\/title>\n<meta name=\"description\" content=\"Fortryder du dit k\u00f8b? Ingen problem, du har 14 dages fortrydelsesret p\u00e5 dit k\u00f8b | L\u00e6s hvordan du skal forholde dig hvis du fortryder dit k\u00f8b.\" \/>\n<meta name=\"robots\" content=\"index, follow, max-snippet:-1, max-image-preview:large, max-video-preview:-1\" \/>\n<link rel=\"canonical\" href=\"https:\/\/tibladin.dk\/sv\/aangerratt\/\" \/>\n<meta property=\"og:locale\" content=\"sv_SE\" \/>\n<meta property=\"og:type\" content=\"article\" \/>\n<meta property=\"og:title\" content=\"Fortrydelsesret | Hos Tibladin har de 14 dages fortrydelsesret\" \/>\n<meta property=\"og:description\" content=\"Fortryder du dit k\u00f8b? Ingen problem, du har 14 dages fortrydelsesret p\u00e5 dit k\u00f8b | L\u00e6s hvordan du skal forholde dig hvis du fortryder dit k\u00f8b.\" \/>\n<meta property=\"og:url\" content=\"https:\/\/tibladin.dk\/sv\/aangerratt\/\" \/>\n<meta property=\"og:site_name\" content=\"Tibladin\" \/>\n<meta property=\"article:modified_time\" content=\"2025-10-10T09:57:36+00:00\" \/>\n<meta name=\"twitter:card\" content=\"summary_large_image\" \/>\n<meta name=\"twitter:label1\" content=\"Ber\u00e4knad l\u00e4stid\" \/>\n\t<meta name=\"twitter:data1\" content=\"4 minuter\" \/>\n<script type=\"application\/ld+json\" class=\"yoast-schema-graph\">{\"@context\":\"https:\\\/\\\/schema.org\",\"@graph\":[{\"@type\":\"WebPage\",\"@id\":\"https:\\\/\\\/tibladin.dk\\\/fortrydelsesret\\\/\",\"url\":\"https:\\\/\\\/tibladin.dk\\\/fortrydelsesret\\\/\",\"name\":\"Fortrydelsesret | Hos Tibladin har de 14 dages fortrydelsesret\",\"isPartOf\":{\"@id\":\"https:\\\/\\\/tibladin.dk\\\/#website\"},\"datePublished\":\"2024-03-06T15:16:50+00:00\",\"dateModified\":\"2025-10-10T09:57:36+00:00\",\"description\":\"Fortryder du dit k\u00f8b? Ingen problem, du har 14 dages fortrydelsesret p\u00e5 dit k\u00f8b | L\u00e6s hvordan du skal forholde dig hvis du fortryder dit k\u00f8b.\",\"breadcrumb\":{\"@id\":\"https:\\\/\\\/tibladin.dk\\\/fortrydelsesret\\\/#breadcrumb\"},\"inLanguage\":\"sv-SE\",\"potentialAction\":[{\"@type\":\"ReadAction\",\"target\":[\"https:\\\/\\\/tibladin.dk\\\/fortrydelsesret\\\/\"]}]},{\"@type\":\"BreadcrumbList\",\"@id\":\"https:\\\/\\\/tibladin.dk\\\/fortrydelsesret\\\/#breadcrumb\",\"itemListElement\":[{\"@type\":\"ListItem\",\"position\":1,\"name\":\"Hjem\",\"item\":\"https:\\\/\\\/tibladin.dk\\\/\"},{\"@type\":\"ListItem\",\"position\":2,\"name\":\"Fortrydelsesret\"}]},{\"@type\":\"WebSite\",\"@id\":\"https:\\\/\\\/tibladin.dk\\\/#website\",\"url\":\"https:\\\/\\\/tibladin.dk\\\/\",\"name\":\"Tibladin\",\"description\":\"Tibladin\",\"publisher\":{\"@id\":\"https:\\\/\\\/tibladin.dk\\\/#organization\"},\"potentialAction\":[{\"@type\":\"SearchAction\",\"target\":{\"@type\":\"EntryPoint\",\"urlTemplate\":\"https:\\\/\\\/tibladin.dk\\\/?s={search_term_string}\"},\"query-input\":{\"@type\":\"PropertyValueSpecification\",\"valueRequired\":true,\"valueName\":\"search_term_string\"}}],\"inLanguage\":\"sv-SE\"},{\"@type\":\"Organization\",\"@id\":\"https:\\\/\\\/tibladin.dk\\\/#organization\",\"name\":\"Tibladin\",\"url\":\"https:\\\/\\\/tibladin.dk\\\/\",\"logo\":{\"@type\":\"ImageObject\",\"inLanguage\":\"sv-SE\",\"@id\":\"https:\\\/\\\/tibladin.dk\\\/#\\\/schema\\\/logo\\\/image\\\/\",\"url\":\"https:\\\/\\\/tibladin.dk\\\/wp-content\\\/uploads\\\/2022\\\/09\\\/tibladin_logo.svg\",\"contentUrl\":\"https:\\\/\\\/tibladin.dk\\\/wp-content\\\/uploads\\\/2022\\\/09\\\/tibladin_logo.svg\",\"caption\":\"Tibladin\"},\"image\":{\"@id\":\"https:\\\/\\\/tibladin.dk\\\/#\\\/schema\\\/logo\\\/image\\\/\"}}]}<\/script>\n<!-- \/ Yoast SEO plugin. -->","yoast_head_json":{"title":"\u00c5ngerr\u00e4tt | Hos Tibladin har de 14 dagars \u00e5ngerr\u00e4tt","description":"\u00c5ngrar du ditt k\u00f6p? Inga problem, du har 14 dagars r\u00e4tt att \u00e5ngra ditt k\u00f6p L\u00e4s vad du ska g\u00f6ra om du \u00e5ngrar ditt k\u00f6p.","robots":{"index":"index","follow":"follow","max-snippet":"max-snippet:-1","max-image-preview":"max-image-preview:large","max-video-preview":"max-video-preview:-1"},"canonical":"https:\/\/tibladin.dk\/sv\/aangerratt\/","og_locale":"sv_SE","og_type":"article","og_title":"Fortrydelsesret | Hos Tibladin har de 14 dages fortrydelsesret","og_description":"Fortryder du dit k\u00f8b? Ingen problem, du har 14 dages fortrydelsesret p\u00e5 dit k\u00f8b | L\u00e6s hvordan du skal forholde dig hvis du fortryder dit k\u00f8b.","og_url":"https:\/\/tibladin.dk\/sv\/aangerratt\/","og_site_name":"Tibladin","article_modified_time":"2025-10-10T09:57:36+00:00","twitter_card":"summary_large_image","twitter_misc":{"Ber\u00e4knad l\u00e4stid":"4 minuter"},"schema":{"@context":"https:\/\/schema.org","@graph":[{"@type":"WebPage","@id":"https:\/\/tibladin.dk\/fortrydelsesret\/","url":"https:\/\/tibladin.dk\/fortrydelsesret\/","name":"\u00c5ngerr\u00e4tt | Hos Tibladin har de 14 dagars \u00e5ngerr\u00e4tt","isPartOf":{"@id":"https:\/\/tibladin.dk\/#website"},"datePublished":"2024-03-06T15:16:50+00:00","dateModified":"2025-10-10T09:57:36+00:00","description":"\u00c5ngrar du ditt k\u00f6p? Inga problem, du har 14 dagars r\u00e4tt att \u00e5ngra ditt k\u00f6p L\u00e4s vad du ska g\u00f6ra om du \u00e5ngrar ditt k\u00f6p.","breadcrumb":{"@id":"https:\/\/tibladin.dk\/fortrydelsesret\/#breadcrumb"},"inLanguage":"sv-SE","potentialAction":[{"@type":"ReadAction","target":["https:\/\/tibladin.dk\/fortrydelsesret\/"]}]},{"@type":"BreadcrumbList","@id":"https:\/\/tibladin.dk\/fortrydelsesret\/#breadcrumb","itemListElement":[{"@type":"ListItem","position":1,"name":"Hjem","item":"https:\/\/tibladin.dk\/"},{"@type":"ListItem","position":2,"name":"Fortrydelsesret"}]},{"@type":"WebSite","@id":"https:\/\/tibladin.dk\/#website","url":"https:\/\/tibladin.dk\/","name":"Tibladin","description":"Tibladin","publisher":{"@id":"https:\/\/tibladin.dk\/#organization"},"potentialAction":[{"@type":"SearchAction","target":{"@type":"EntryPoint","urlTemplate":"https:\/\/tibladin.dk\/?s={search_term_string}"},"query-input":{"@type":"PropertyValueSpecification","valueRequired":true,"valueName":"search_term_string"}}],"inLanguage":"sv-SE"},{"@type":"Organization","@id":"https:\/\/tibladin.dk\/#organization","name":"Tibladin","url":"https:\/\/tibladin.dk\/","logo":{"@type":"ImageObject","inLanguage":"sv-SE","@id":"https:\/\/tibladin.dk\/#\/schema\/logo\/image\/","url":"https:\/\/tibladin.dk\/wp-content\/uploads\/2022\/09\/tibladin_logo.svg","contentUrl":"https:\/\/tibladin.dk\/wp-content\/uploads\/2022\/09\/tibladin_logo.svg","caption":"Tibladin"},"image":{"@id":"https:\/\/tibladin.dk\/#\/schema\/logo\/image\/"}}]}},"_links":{"self":[{"href":"https:\/\/tibladin.dk\/sv\/wp-json\/wp\/v2\/pages\/11438","targetHints":{"allow":["GET"]}}],"collection":[{"href":"https:\/\/tibladin.dk\/sv\/wp-json\/wp\/v2\/pages"}],"about":[{"href":"https:\/\/tibladin.dk\/sv\/wp-json\/wp\/v2\/types\/page"}],"author":[{"embeddable":true,"href":"https:\/\/tibladin.dk\/sv\/wp-json\/wp\/v2\/users\/2"}],"replies":[{"embeddable":true,"href":"https:\/\/tibladin.dk\/sv\/wp-json\/wp\/v2\/comments?post=11438"}],"version-history":[{"count":3,"href":"https:\/\/tibladin.dk\/sv\/wp-json\/wp\/v2\/pages\/11438\/revisions"}],"predecessor-version":[{"id":40509,"href":"https:\/\/tibladin.dk\/sv\/wp-json\/wp\/v2\/pages\/11438\/revisions\/40509"}],"wp:attachment":[{"href":"https:\/\/tibladin.dk\/sv\/wp-json\/wp\/v2\/media?parent=11438"}],"curies":[{"name":"wp","href":"https:\/\/api.w.org\/{rel}","templated":true}]}}