{"id":3,"date":"2022-09-09T09:18:35","date_gmt":"2022-09-09T09:18:35","guid":{"rendered":"https:\/\/tibladin2.sky663.dk\/?page_id=3"},"modified":"2026-01-12T20:56:24","modified_gmt":"2026-01-12T19:56:24","slug":"integritetspolicy","status":"publish","type":"page","link":"https:\/\/tibladin.dk\/sv\/privatlivspolitik\/","title":{"rendered":"Integritetspolicy"},"content":{"rendered":"<div class=\"wpb-content-wrapper\"><div class=\"vc_row wpb_row vc_row-fluid\"><div class=\"wpb_column vc_column_container vc_col-sm-12\"><div class=\"vc_column-inner\"><div class=\"wpb_wrapper\">\n\t<div class=\"wpb_text_column wpb_content_element\" >\n\t\t<div class=\"wpb_wrapper\">\n\t\t\t<p><strong>Anv\u00e4ndning av personlig information:<br \/>\n<\/strong>Tibladin vidarebefordrar inte personuppgifter eller annan information relaterad till kundf\u00f6rh\u00e5llandet till tredje part.<\/p>\n<p><strong>Upphovsr\u00e4tt:<br \/>\n<\/strong>Alla bilder och texter p\u00e5 Tibladin omfattas av upphovsr\u00e4ttslagen, och f\u00e5r d\u00e4rf\u00f6r inte kopieras utan tillst\u00e5nd.<\/p>\n<p><strong>Sm\u00e5kakor<br \/>\n<\/strong>Webbplatsen anv\u00e4nder &quot;cookies&quot;, vilket \u00e4r en textfil som sparas p\u00e5 din dator, mobil eller liknande i syfte att k\u00e4nna igen den, komma ih\u00e5g inst\u00e4llningar, utf\u00f6ra statistik och rikta annonser. Cookies kan inte inneh\u00e5lla skadlig kod som t.ex virus.<\/p>\n<p><em>Vi erbjuder Klarnas betalningsmetoder.Vi skickar dina personuppgifter och best\u00e4llningsuppgifter till Klarna p\u00e5 betalningssidan. Klarna anv\u00e4nder denna data f\u00f6r att avg\u00f6ra om du kan anv\u00e4nda deras betalningsmetoder och skr\u00e4ddarsy betalningsalternativen f\u00f6r dig. Dina uppgifter behandlas enligt <a href=\"https:\/\/www.pricerunner.dk\/info\/privacy\" target=\"_blank\" rel=\"noopener noreferrer\" data-saferedirecturl=\"https:\/\/www.google.com\/url?q=https:\/\/sales.klarna.com\/t\/105541\/c\/64716352-5328-4c6e-abb0-b409df9ef2c4\/NB2HI4DTHIXS653XO4XGW3DBOJXGCLTDN5WS62LOORSXE3TBORUW63TBNQXXA4TJOZQWG6JNOBXWY2LDPEXQ%3D%3D%3D%3D\/www-klarna-com-international-privacy-policy&amp;source=gmail&amp;ust=1695453429463000&amp;usg=AOvVaw2scYnEMBzeYutsMo38aW5p\">Klarnas egen integritetspolicy<\/a>.\u201d<\/em><\/p>\n<div id=\"ohio-custom-63442bf7c10c6\" class=\"ohio-text-sc\">\n<h3>Personlig information<\/h3>\n<p><strong>I allm\u00e4nhet<br \/>\n<\/strong>Personuppgifter \u00e4r all slags information som i en eller annan utstr\u00e4ckning kan h\u00e4nf\u00f6ras till dig. N\u00e4r du anv\u00e4nder tibladin.dk samlar vi in och behandlar ett antal s\u00e5dan information. Detta h\u00e4nder t.ex. av allm\u00e4nt tillg\u00e5ng till inneh\u00e5ll om du anm\u00e4ler dig till v\u00e5rt nyhetsbrev eller g\u00f6r ett k\u00f6p i webbshoppen.<\/p>\n<p><strong>s\u00e4kerhet<br \/>\n<\/strong>Vi har vidtagit tekniska och organisatoriska \u00e5tg\u00e4rder f\u00f6r att f\u00f6rhindra att dina uppgifter oavsiktligt eller olagligt raderas, publiceras, g\u00e5r f\u00f6rlorade, f\u00f6rs\u00e4mras eller kommer till obeh\u00f6rigas k\u00e4nnedom, missbrukas eller p\u00e5 annat s\u00e4tt behandlas i strid med personuppgiftsf\u00f6rordningen.<\/p>\n<p>Dina uppgifter finns p\u00e5 ett danskt ISO s\u00e4kerhetscertifierat webbhotell och vi har \u00e4ven skyddat sidan p\u00e5 f\u00f6ljande s\u00e4tt:<\/p>\n<ul>\n<li>Drift\u00f6vervakning 24\/7<\/li>\n<li>Daglig backup som sparas i 30 dagar<\/li>\n<li>Antihackningsprogram placeras p\u00e5 hemsidan\/webbshopen och sidan skannas varje vecka efter skadlig programvara<\/li>\n<li>\u00c5tkomsten till sidan och data \u00f6vervakas och \u00e5tkomsten st\u00e4ngs efter 5 misslyckade f\u00f6rs\u00f6k.<\/li>\n<li>Granskningslogg \u00f6ver vem\/vad\/n\u00e4r \u00e4ndringar har gjorts p\u00e5 sidan<\/li>\n<li>Kontinuerlig uppdatering av webbplatsens mjukvara f\u00f6r att minimera hackattacker<\/li>\n<li>SSL-certifikat placerat p\u00e5 sidan s\u00e5 att den k\u00f6r https<\/li>\n<\/ul>\n<p><strong>Lagringsperiod<br \/>\n<\/strong>Informationen sparas under den tid som lagen till\u00e5ter och vi raderar den n\u00e4r den inte l\u00e4ngre beh\u00f6vs. Perioden beror p\u00e5 informationens karakt\u00e4r och bakgrunden till lagringen. Det \u00e4r d\u00e4rf\u00f6r inte m\u00f6jligt att ange en generell tidsram f\u00f6r n\u00e4r information raderas.<\/p>\n<p><strong>Offentligg\u00f6rande av information<br \/>\n<\/strong>Spridning av personuppgifter s\u00e5som namn och e-post mm kommer endast att ske om du ger skriftligt samtycke till det. Vi anv\u00e4nder endast databehandlare inom EU och alla har ett databehandlaravtal med dem.<\/p>\n<p><strong>Insikter och klagom\u00e5l<br \/>\n<\/strong>Du har r\u00e4tt att f\u00e5 information om vilka personuppgifter vi behandlar om dig. Du kan ocks\u00e5 n\u00e4r som helst inv\u00e4nda mot anv\u00e4ndningen av information. Du kan ocks\u00e5 \u00e5terkalla ditt samtycke f\u00f6r att uppgifter om dig ska behandlas. Om uppgifterna som behandlas om dig \u00e4r felaktiga har du r\u00e4tt att f\u00e5 dem r\u00e4ttade eller raderade. F\u00f6rfr\u00e5gningar om detta kan g\u00f6ras till: info@tibladin.dk. Om du vill klaga p\u00e5 v\u00e5r behandling av dina personuppgifter har du \u00e4ven m\u00f6jlighet att kontakta <a href=\"https:\/\/www.datatilsynet.dk\/\" target=\"_blank\" rel=\"noopener noreferrer\">Norska datatilsynet<\/a>.<\/p>\n<p><strong>Utgivare<br \/>\n<\/strong>Webbplatsen \u00e4gs och publiceras av:<\/p>\n<p>Tibladin<br \/>\n<a href=\"https:\/\/www.google.dk\/maps\/place\/Tibladin\/@56.1033852,10.2051637,17z\/data=!3m1!4b1!4m5!3m4!1s0x464c41877375fc0f:0x2f5598dce0fcea1a!8m2!3d56.1033852!4d10.2073524\" target=\"_blank\" rel=\"noopener\">Siriusvej 5 A, 8270 H\u00f8jbjerg<\/a><br \/>\n<a href=\"mailto:info@tibladin.dk\">info@tibladin.dk<\/a><br \/>\n<a href=\"telefon: 31405500\">+45 3140 5500<\/a><\/p>\n<p>CVR: 40875743<\/p>\n<\/div>\n<p><a href=\"https:\/\/reklamebeskyttelse.dk\" target=\"_blank\" rel=\"noopener\"><img loading=\"lazy\" decoding=\"async\" src=\"https:\/\/reklamebeskyttelse.dk\/wp-content\/uploads\/2018\/02\/reklamebeskyttelse-moerk.png\" alt=\"Reklamskydd\" width=\"75\" height=\"75\" \/><\/a><\/p>\n\n\t\t<\/div>\n\t<\/div>\n<\/div><\/div><\/div><\/div>\n<\/div>","protected":false},"excerpt":{"rendered":"Brug af personlige oplysninger: Tibladin videregiver ikke personlige oplysninger eller andre oplysninger, der har med kundeforholdet at g\u00f8re, til tredjepart. Ophavsret: Alle billeder og tekster p\u00e5 Tibladin er underlagt lov om ophavsret, og m\u00e5 derfor ikke kopieres uden tilladelse. Cookies Websitet anvender \u201dcookies\u201d, der er en tekstfil, som gemmes p\u00e5 din computer, mobil eller tilsvarende [...]","protected":false},"author":1,"featured_media":0,"parent":0,"menu_order":0,"comment_status":"closed","ping_status":"closed","template":"","meta":{"inline_featured_image":false,"footnotes":""},"class_list":["post-3","page","type-page","status-publish","hentry"],"yoast_head":"<!-- This site is optimized with the Yoast SEO plugin v27.6 - https:\/\/yoast.com\/product\/yoast-seo-wordpress\/ -->\n<title>Privatlivspolitik | Tibladin<\/title>\n<meta name=\"description\" content=\"L\u00e6s om hvordan vi opbevarer og beskytter jeres data, n\u00e5r I har med Tibladin. Sikkerhed og beskyttelse af data er altid en prioritet for os\" \/>\n<meta name=\"robots\" content=\"index, follow, max-snippet:-1, max-image-preview:large, max-video-preview:-1\" \/>\n<link rel=\"canonical\" href=\"https:\/\/tibladin.dk\/sv\/integritetspolicy\/\" \/>\n<meta property=\"og:locale\" content=\"sv_SE\" \/>\n<meta property=\"og:type\" content=\"article\" \/>\n<meta property=\"og:title\" content=\"Privatlivspolitik | Tibladin\" \/>\n<meta property=\"og:description\" content=\"L\u00e6s om hvordan vi opbevarer og beskytter jeres data, n\u00e5r I har med Tibladin. Sikkerhed og beskyttelse af data er altid en prioritet for os\" \/>\n<meta property=\"og:url\" content=\"https:\/\/tibladin.dk\/sv\/integritetspolicy\/\" \/>\n<meta property=\"og:site_name\" content=\"Tibladin\" \/>\n<meta property=\"article:modified_time\" content=\"2026-01-12T19:56:24+00:00\" \/>\n<meta property=\"og:image\" content=\"https:\/\/reklamebeskyttelse.dk\/wp-content\/uploads\/2018\/02\/reklamebeskyttelse-moerk.png\" \/>\n<meta name=\"twitter:card\" content=\"summary_large_image\" \/>\n<meta name=\"twitter:label1\" content=\"Ber\u00e4knad l\u00e4stid\" \/>\n\t<meta name=\"twitter:data1\" content=\"3 minuter\" \/>\n<script type=\"application\/ld+json\" class=\"yoast-schema-graph\">{\"@context\":\"https:\\\/\\\/schema.org\",\"@graph\":[{\"@type\":\"WebPage\",\"@id\":\"https:\\\/\\\/tibladin.dk\\\/privatlivspolitik\\\/\",\"url\":\"https:\\\/\\\/tibladin.dk\\\/privatlivspolitik\\\/\",\"name\":\"Privatlivspolitik | Tibladin\",\"isPartOf\":{\"@id\":\"https:\\\/\\\/tibladin.dk\\\/#website\"},\"primaryImageOfPage\":{\"@id\":\"https:\\\/\\\/tibladin.dk\\\/privatlivspolitik\\\/#primaryimage\"},\"image\":{\"@id\":\"https:\\\/\\\/tibladin.dk\\\/privatlivspolitik\\\/#primaryimage\"},\"thumbnailUrl\":\"https:\\\/\\\/reklamebeskyttelse.dk\\\/wp-content\\\/uploads\\\/2018\\\/02\\\/reklamebeskyttelse-moerk.png\",\"datePublished\":\"2022-09-09T09:18:35+00:00\",\"dateModified\":\"2026-01-12T19:56:24+00:00\",\"description\":\"L\u00e6s om hvordan vi opbevarer og beskytter jeres data, n\u00e5r I har med Tibladin. Sikkerhed og beskyttelse af data er altid en prioritet for os\",\"breadcrumb\":{\"@id\":\"https:\\\/\\\/tibladin.dk\\\/privatlivspolitik\\\/#breadcrumb\"},\"inLanguage\":\"sv-SE\",\"potentialAction\":[{\"@type\":\"ReadAction\",\"target\":[\"https:\\\/\\\/tibladin.dk\\\/privatlivspolitik\\\/\"]}]},{\"@type\":\"ImageObject\",\"inLanguage\":\"sv-SE\",\"@id\":\"https:\\\/\\\/tibladin.dk\\\/privatlivspolitik\\\/#primaryimage\",\"url\":\"https:\\\/\\\/reklamebeskyttelse.dk\\\/wp-content\\\/uploads\\\/2018\\\/02\\\/reklamebeskyttelse-moerk.png\",\"contentUrl\":\"https:\\\/\\\/reklamebeskyttelse.dk\\\/wp-content\\\/uploads\\\/2018\\\/02\\\/reklamebeskyttelse-moerk.png\"},{\"@type\":\"BreadcrumbList\",\"@id\":\"https:\\\/\\\/tibladin.dk\\\/privatlivspolitik\\\/#breadcrumb\",\"itemListElement\":[{\"@type\":\"ListItem\",\"position\":1,\"name\":\"Hjem\",\"item\":\"https:\\\/\\\/tibladin.dk\\\/\"},{\"@type\":\"ListItem\",\"position\":2,\"name\":\"Privatlivspolitik\"}]},{\"@type\":\"WebSite\",\"@id\":\"https:\\\/\\\/tibladin.dk\\\/#website\",\"url\":\"https:\\\/\\\/tibladin.dk\\\/\",\"name\":\"Tibladin\",\"description\":\"Tibladin\",\"publisher\":{\"@id\":\"https:\\\/\\\/tibladin.dk\\\/#organization\"},\"potentialAction\":[{\"@type\":\"SearchAction\",\"target\":{\"@type\":\"EntryPoint\",\"urlTemplate\":\"https:\\\/\\\/tibladin.dk\\\/?s={search_term_string}\"},\"query-input\":{\"@type\":\"PropertyValueSpecification\",\"valueRequired\":true,\"valueName\":\"search_term_string\"}}],\"inLanguage\":\"sv-SE\"},{\"@type\":\"Organization\",\"@id\":\"https:\\\/\\\/tibladin.dk\\\/#organization\",\"name\":\"Tibladin\",\"url\":\"https:\\\/\\\/tibladin.dk\\\/\",\"logo\":{\"@type\":\"ImageObject\",\"inLanguage\":\"sv-SE\",\"@id\":\"https:\\\/\\\/tibladin.dk\\\/#\\\/schema\\\/logo\\\/image\\\/\",\"url\":\"https:\\\/\\\/tibladin.dk\\\/wp-content\\\/uploads\\\/2022\\\/09\\\/tibladin_logo.svg\",\"contentUrl\":\"https:\\\/\\\/tibladin.dk\\\/wp-content\\\/uploads\\\/2022\\\/09\\\/tibladin_logo.svg\",\"caption\":\"Tibladin\"},\"image\":{\"@id\":\"https:\\\/\\\/tibladin.dk\\\/#\\\/schema\\\/logo\\\/image\\\/\"}}]}<\/script>\n<!-- \/ Yoast SEO plugin. -->","yoast_head_json":{"title":"Sekretesspolicy | Tibladin","description":"L\u00e4s om hur vi lagrar och skyddar din data n\u00e4r du anv\u00e4nder Tibladin. S\u00e4kerhet och skydd av data \u00e4r alltid en prioritet f\u00f6r oss","robots":{"index":"index","follow":"follow","max-snippet":"max-snippet:-1","max-image-preview":"max-image-preview:large","max-video-preview":"max-video-preview:-1"},"canonical":"https:\/\/tibladin.dk\/sv\/integritetspolicy\/","og_locale":"sv_SE","og_type":"article","og_title":"Privatlivspolitik | Tibladin","og_description":"L\u00e6s om hvordan vi opbevarer og beskytter jeres data, n\u00e5r I har med Tibladin. Sikkerhed og beskyttelse af data er altid en prioritet for os","og_url":"https:\/\/tibladin.dk\/sv\/integritetspolicy\/","og_site_name":"Tibladin","article_modified_time":"2026-01-12T19:56:24+00:00","og_image":[{"url":"https:\/\/reklamebeskyttelse.dk\/wp-content\/uploads\/2018\/02\/reklamebeskyttelse-moerk.png","type":"","width":"","height":""}],"twitter_card":"summary_large_image","twitter_misc":{"Ber\u00e4knad l\u00e4stid":"3 minuter"},"schema":{"@context":"https:\/\/schema.org","@graph":[{"@type":"WebPage","@id":"https:\/\/tibladin.dk\/privatlivspolitik\/","url":"https:\/\/tibladin.dk\/privatlivspolitik\/","name":"Sekretesspolicy | Tibladin","isPartOf":{"@id":"https:\/\/tibladin.dk\/#website"},"primaryImageOfPage":{"@id":"https:\/\/tibladin.dk\/privatlivspolitik\/#primaryimage"},"image":{"@id":"https:\/\/tibladin.dk\/privatlivspolitik\/#primaryimage"},"thumbnailUrl":"https:\/\/reklamebeskyttelse.dk\/wp-content\/uploads\/2018\/02\/reklamebeskyttelse-moerk.png","datePublished":"2022-09-09T09:18:35+00:00","dateModified":"2026-01-12T19:56:24+00:00","description":"L\u00e4s om hur vi lagrar och skyddar din data n\u00e4r du anv\u00e4nder Tibladin. S\u00e4kerhet och skydd av data \u00e4r alltid en prioritet f\u00f6r oss","breadcrumb":{"@id":"https:\/\/tibladin.dk\/privatlivspolitik\/#breadcrumb"},"inLanguage":"sv-SE","potentialAction":[{"@type":"ReadAction","target":["https:\/\/tibladin.dk\/privatlivspolitik\/"]}]},{"@type":"ImageObject","inLanguage":"sv-SE","@id":"https:\/\/tibladin.dk\/privatlivspolitik\/#primaryimage","url":"https:\/\/reklamebeskyttelse.dk\/wp-content\/uploads\/2018\/02\/reklamebeskyttelse-moerk.png","contentUrl":"https:\/\/reklamebeskyttelse.dk\/wp-content\/uploads\/2018\/02\/reklamebeskyttelse-moerk.png"},{"@type":"BreadcrumbList","@id":"https:\/\/tibladin.dk\/privatlivspolitik\/#breadcrumb","itemListElement":[{"@type":"ListItem","position":1,"name":"Hjem","item":"https:\/\/tibladin.dk\/"},{"@type":"ListItem","position":2,"name":"Privatlivspolitik"}]},{"@type":"WebSite","@id":"https:\/\/tibladin.dk\/#website","url":"https:\/\/tibladin.dk\/","name":"Tibladin","description":"Tibladin","publisher":{"@id":"https:\/\/tibladin.dk\/#organization"},"potentialAction":[{"@type":"SearchAction","target":{"@type":"EntryPoint","urlTemplate":"https:\/\/tibladin.dk\/?s={search_term_string}"},"query-input":{"@type":"PropertyValueSpecification","valueRequired":true,"valueName":"search_term_string"}}],"inLanguage":"sv-SE"},{"@type":"Organization","@id":"https:\/\/tibladin.dk\/#organization","name":"Tibladin","url":"https:\/\/tibladin.dk\/","logo":{"@type":"ImageObject","inLanguage":"sv-SE","@id":"https:\/\/tibladin.dk\/#\/schema\/logo\/image\/","url":"https:\/\/tibladin.dk\/wp-content\/uploads\/2022\/09\/tibladin_logo.svg","contentUrl":"https:\/\/tibladin.dk\/wp-content\/uploads\/2022\/09\/tibladin_logo.svg","caption":"Tibladin"},"image":{"@id":"https:\/\/tibladin.dk\/#\/schema\/logo\/image\/"}}]}},"_links":{"self":[{"href":"https:\/\/tibladin.dk\/sv\/wp-json\/wp\/v2\/pages\/3","targetHints":{"allow":["GET"]}}],"collection":[{"href":"https:\/\/tibladin.dk\/sv\/wp-json\/wp\/v2\/pages"}],"about":[{"href":"https:\/\/tibladin.dk\/sv\/wp-json\/wp\/v2\/types\/page"}],"author":[{"embeddable":true,"href":"https:\/\/tibladin.dk\/sv\/wp-json\/wp\/v2\/users\/1"}],"replies":[{"embeddable":true,"href":"https:\/\/tibladin.dk\/sv\/wp-json\/wp\/v2\/comments?post=3"}],"version-history":[{"count":11,"href":"https:\/\/tibladin.dk\/sv\/wp-json\/wp\/v2\/pages\/3\/revisions"}],"predecessor-version":[{"id":42911,"href":"https:\/\/tibladin.dk\/sv\/wp-json\/wp\/v2\/pages\/3\/revisions\/42911"}],"wp:attachment":[{"href":"https:\/\/tibladin.dk\/sv\/wp-json\/wp\/v2\/media?parent=3"}],"curies":[{"name":"wp","href":"https:\/\/api.w.org\/{rel}","templated":true}]}}