{"id":4128,"date":"2022-10-14T09:33:49","date_gmt":"2022-10-14T07:33:49","guid":{"rendered":"https:\/\/tibladin.dk\/?page_id=4128"},"modified":"2025-01-27T14:43:55","modified_gmt":"2025-01-27T13:43:55","slug":"om-tibladin","status":"publish","type":"page","link":"https:\/\/tibladin.dk\/sv\/om-tibladin\/","title":{"rendered":"Om Tibladin"},"content":{"rendered":"<div class=\"wpb-content-wrapper\"><section data-vc-full-width=\"true\" data-vc-full-width-temp=\"true\" data-vc-full-width-init=\"false\" class=\"vc_section vc_custom_1666001388259 vc_section-has-fill vc_row-o-full-height vc_section-o-content-middle vc_section-flex\"><div class=\"vc_row wpb_row vc_row-fluid\"><div class=\"wpb_column vc_column_container vc_col-sm-12\"><div class=\"vc_column-inner\"><div class=\"wpb_wrapper\"><h1 style=\"font-size: 4rem;color: #ffffff;text-align: center\" class=\"vc_custom_heading vc_do_custom_heading vc_custom_1666000350200\" >Om Tibladin<\/h1><div style=\"font-size: 1.3rem;color: #ffffff;text-align: center\" class=\"vc_custom_heading vc_do_custom_heading\" >En passion f\u00f6r marockanskt hantverk<\/div><\/div><\/div><\/div><\/div><\/section><div class=\"vc_row-full-width vc_clearfix\"><\/div><div class=\"vc_row wpb_row vc_row-fluid max-width-col vc_custom_1698923700774\"><div class=\"wpb_column vc_column_container vc_col-sm-12\"><div class=\"vc_column-inner\"><div class=\"wpb_wrapper\"><h2 style=\"text-align: center\" class=\"vc_custom_heading vc_do_custom_heading\" >&quot;Sm\u00e5 platta stenar&quot;<\/h2><div style=\"font-size: 1.3rem;text-align: center\" class=\"vc_custom_heading vc_do_custom_heading\" >&#039;Tibladin&#039; \u00e4r ett berberord och betyder sm\u00e5 platta stenar. Tibladin kallade mina sv\u00e4rf\u00f6r\u00e4ldrar f\u00f6r min mans barndomshem. F\u00f6r mig symboliserar det de f\u00f6rsta byggstenarna i min verksamhet.<\/div><div class=\"vc_empty_space\"   style=\"height: 32px\"><span class=\"vc_empty_space_inner\"><\/span><\/div>\n\t<div class=\"wpb_text_column wpb_content_element\" >\n\t\t<div class=\"wpb_wrapper\">\n\t\t\t<p style=\"text-align: center;\"><strong>Mette Frank Bijaad<br \/>\n<\/strong>\u00c4gare av Tibladin<\/p>\n\n\t\t<\/div>\n\t<\/div>\n<\/div><\/div><\/div><\/div><div class=\"vc_row wpb_row vc_row-fluid vc_row-o-content-middle vc_row-flex\"><div class=\"wpb_column vc_column_container vc_col-sm-6\"><div class=\"vc_column-inner\"><div class=\"wpb_wrapper\">\n\t<div  class=\"wpb_single_image wpb_content_element vc_align_left wpb_content_element\">\n\t\t\n\t\t<figure class=\"wpb_wrapper vc_figure\">\n\t\t\t<div class=\"vc_single_image-wrapper   vc_box_border_grey\"><img loading=\"lazy\" decoding=\"async\" width=\"800\" height=\"800\" src=\"https:\/\/tibladin.dk\/wp-content\/uploads\/2022\/09\/Tibladin_marokkansk-pendel-rafia-kurvelampe_stjerneformet_LS3-1.jpg\" class=\"vc_single_image-img attachment-large\" alt=\"Marockansk handgjord raffialampa i stj\u00e4rnformad rotting, med modell st\u00e5ende vid ett dukat bord\" title=\"Tibladin Marockansk Pendel Raffia B\u00f6jd Lampa Stj\u00e4rnformad LS3 1.jpg\" srcset=\"https:\/\/tibladin.dk\/wp-content\/uploads\/2022\/09\/Tibladin_marokkansk-pendel-rafia-kurvelampe_stjerneformet_LS3-1.jpg 800w, https:\/\/tibladin.dk\/wp-content\/uploads\/2022\/09\/Tibladin_marokkansk-pendel-rafia-kurvelampe_stjerneformet_LS3-1-400x400.jpg 400w, https:\/\/tibladin.dk\/wp-content\/uploads\/2022\/09\/Tibladin_marokkansk-pendel-rafia-kurvelampe_stjerneformet_LS3-1-150x150.jpg 150w, https:\/\/tibladin.dk\/wp-content\/uploads\/2022\/09\/Tibladin_marokkansk-pendel-rafia-kurvelampe_stjerneformet_LS3-1-64x64.jpg 64w, https:\/\/tibladin.dk\/wp-content\/uploads\/2022\/09\/Tibladin_marokkansk-pendel-rafia-kurvelampe_stjerneformet_LS3-1-300x300.jpg 300w, https:\/\/tibladin.dk\/wp-content\/uploads\/2022\/09\/Tibladin_marokkansk-pendel-rafia-kurvelampe_stjerneformet_LS3-1-768x768.jpg 768w, https:\/\/tibladin.dk\/wp-content\/uploads\/2022\/09\/Tibladin_marokkansk-pendel-rafia-kurvelampe_stjerneformet_LS3-1-441x441.jpg 441w, https:\/\/tibladin.dk\/wp-content\/uploads\/2022\/09\/Tibladin_marokkansk-pendel-rafia-kurvelampe_stjerneformet_LS3-1-100x100.jpg 100w\" sizes=\"auto, (max-width: 800px) 100vw, 800px\" \/><\/div>\n\t\t<\/figure>\n\t<\/div>\n<\/div><\/div><\/div><div class=\"wpb_column vc_column_container vc_col-sm-6\"><div class=\"vc_column-inner vc_custom_1666002432636\"><div class=\"wpb_wrapper\"><h2 style=\"text-align: left\" class=\"vc_custom_heading vc_do_custom_heading\" >Unik marockansk interi\u00f6r<\/h2>\n\t<div class=\"wpb_text_column wpb_content_element\" >\n\t\t<div class=\"wpb_wrapper\">\n\t\t\t<p>Jag skapade Tibladin utifr\u00e5n min passion f\u00f6r marockanskt hantverk. Jag har rest i Marocko de senaste 20 \u00e5ren och har varit mycket intresserad av marockansk kultur och hantverk fr\u00e5n b\u00f6rjan. Jag har alltid haft k\u00e4nsla f\u00f6r inredning och \u00e4lskar att omge mig med unika saker som skapar en mer personlig inredning. Jag vill ge er en bit av Marocko utifr\u00e5n min tolkning, och jag hittar och utvecklar produkter med ett fint marockanskt uttryck, men som passar bra till den skandinaviska inredningen.<\/p>\n<p>Jag \u00e4r gift med en fransk\/marockansk man och vi har ett stort n\u00e4tverk i Marocko vilket ger mig optimala arbetsvillkor. Jag v\u00e4ljer noga ut mina leverant\u00f6rer och aff\u00e4rspartners. Bra kvalitet och h\u00e5llbarhet \u2013 i b\u00e5de material, produktion och samh\u00e4llsekonomi \u2013 \u00e4r v\u00e4ldigt viktiga parametrar f\u00f6r mig.<\/p>\n<p>Jag hoppas att du kommer att inspireras av mitt universum.<\/p>\n\n\t\t<\/div>\n\t<\/div>\n<div class=\"vc_btn3-container vc_btn3-left vc_do_btn\" ><a onmouseleave=\"this.style.borderColor='#343434'; this.style.backgroundColor='transparent'; this.style.color='#343434'\" onmouseenter=\"this.style.borderColor='#053b43'; this.style.backgroundColor='#053b43'; this.style.color='#ffffff';\" style=\"border-color:#343434; color:#343434;\" class=\"vc_general vc_btn3 vc_btn3-size-md vc_btn3-shape-square vc_btn3-style-outline-custom\" href=\"\/sv\/affar\/\" title=\"G\u00c5 TILL BUTIK\">SHOPPA NU<\/a><\/div><\/div><\/div><\/div><\/div><div class=\"vc_row wpb_row vc_row-fluid vc_row-o-content-middle vc_row-flex\"><div class=\"wpb_column vc_column_container vc_col-sm-6\"><div class=\"vc_column-inner\"><div class=\"wpb_wrapper\"><h2 style=\"text-align: left\" class=\"vc_custom_heading vc_do_custom_heading\" >En liten bit av Marocko mitt i \u00c5rhus<\/h2>\n\t<div class=\"wpb_text_column wpb_content_element\" >\n\t\t<div class=\"wpb_wrapper\">\n\t\t\t<p><span style=\"font-weight: 400;\">V\u00e5r butik ligger centralt p\u00e5 Skt. Knuds Torv, och h\u00e4r bjuder vi in dig i ett unikt universum av handgjorda interi\u00f6rer. Hos Tibladin m\u00f6ts skandinavisk design och marockanskt hantverk i en vacker symbios som skapar en alldeles speciell atmosf\u00e4r.\u00a0<\/span><\/p>\n<p><span style=\"font-weight: 400;\">Vi erbjuder ett noga utvalt utbud av marockanska sittpuffar, lampor, textilier, mattor, glas och stengods - allt handgjort av skickliga hantverkare i Marocko. M\u00e5nga av v\u00e5ra produkter \u00e4r tillverkade av naturliga eller \u00e5tervunna material, vilket inneb\u00e4r att varje del \u00e4r unik och h\u00e5llbar. <\/span><a href=\"https:\/\/tibladin.dk\/sv\/lastkapacitet\/\">N\u00e4r du handlar hos oss st\u00f6djer du \u00e4ven sm\u00e5hantverkare och arbetande kvinnor i Marocko.<\/a>, och det \u00e4r vi stolta \u00f6ver.<\/p>\n<p><span style=\"font-weight: 400;\">Kom och bes\u00f6k oss och upplev v\u00e5r v\u00e4rld av f\u00e4rger, former och ber\u00e4ttelser. Vi ser fram emot att v\u00e4lkomna dig!<\/span><\/p>\n<p><span style=\"font-weight: 400;\">Vi \u00e4r stolta \u00f6ver att flera medier har valt att skriva om Tibladin och dela v\u00e5r historia. Du kan l\u00e4sa om oss p\u00e5 bland annat: <\/span><a href=\"https:\/\/migogaarhus.dk\/tibladin-er-aabnet-i-aarhus\/\"><span style=\"font-weight: 400;\">MigogAarhus<\/span><\/a><span style=\"font-weight: 400;\"> och <\/span><a href=\"https:\/\/stiften.dk\/byliv\/marokkansk-inspiration-midt-i-aarhus-de-fleste-varer-er-der-kun-en-slags-af\"><span style=\"font-weight: 400;\">\u00c5rhus Stiftstidning<\/span><\/a><span style=\"font-weight: 400;\">. Vi hoppas att du tycker om att l\u00e4sa med.\u00a0<\/span><\/p>\n\n\t\t<\/div>\n\t<\/div>\n<div class=\"vc_btn3-container vc_btn3-left vc_do_btn\" ><a onmouseleave=\"this.style.borderColor='#343434'; this.style.backgroundColor='transparent'; this.style.color='#343434'\" onmouseenter=\"this.style.borderColor='#053b43'; this.style.backgroundColor='#053b43'; this.style.color='#ffffff';\" style=\"border-color:#343434; color:#343434;\" class=\"vc_general vc_btn3 vc_btn3-size-md vc_btn3-shape-square vc_btn3-style-outline-custom\" href=\"https:\/\/maps.app.goo.gl\/LHgfuLJQdp3fEZny7\" title=\"Hitta v\u00e4gen till Tibladin\" target=\"_blank\">HITTA DIN V\u00c4G<\/a><\/div><\/div><\/div><\/div><div class=\"wpb_column vc_column_container vc_col-sm-6\"><div class=\"vc_column-inner\"><div class=\"wpb_wrapper\">\n\t<div  class=\"wpb_single_image wpb_content_element vc_align_left wpb_content_element\">\n\t\t\n\t\t<figure class=\"wpb_wrapper vc_figure\">\n\t\t\t<div class=\"vc_single_image-wrapper   vc_box_border_grey\"><img loading=\"lazy\" decoding=\"async\" width=\"800\" height=\"800\" src=\"https:\/\/tibladin.dk\/wp-content\/uploads\/2025\/01\/Tibladin-butilk_1.jpg\" class=\"vc_single_image-img attachment-large\" alt=\"Entr\u00e9 till Tibladins butik p\u00e5 Skt. Knuds Torv 23, 8000 Aarhus C\" title=\"Tibladin butilk input\" srcset=\"https:\/\/tibladin.dk\/wp-content\/uploads\/2025\/01\/Tibladin-butilk_1.jpg 800w, https:\/\/tibladin.dk\/wp-content\/uploads\/2025\/01\/Tibladin-butilk_1-400x400.jpg 400w, https:\/\/tibladin.dk\/wp-content\/uploads\/2025\/01\/Tibladin-butilk_1-150x150.jpg 150w, https:\/\/tibladin.dk\/wp-content\/uploads\/2025\/01\/Tibladin-butilk_1-64x64.jpg 64w, https:\/\/tibladin.dk\/wp-content\/uploads\/2025\/01\/Tibladin-butilk_1-300x300.jpg 300w, https:\/\/tibladin.dk\/wp-content\/uploads\/2025\/01\/Tibladin-butilk_1-768x768.jpg 768w, https:\/\/tibladin.dk\/wp-content\/uploads\/2025\/01\/Tibladin-butilk_1-12x12.jpg 12w, https:\/\/tibladin.dk\/wp-content\/uploads\/2025\/01\/Tibladin-butilk_1-441x441.jpg 441w, https:\/\/tibladin.dk\/wp-content\/uploads\/2025\/01\/Tibladin-butilk_1-100x100.jpg 100w\" sizes=\"auto, (max-width: 800px) 100vw, 800px\" \/><\/div>\n\t\t<\/figure>\n\t<\/div>\n<\/div><\/div><\/div><\/div><div class=\"vc_row wpb_row vc_row-fluid vc_row-o-content-middle vc_row-flex\"><div class=\"wpb_column vc_column_container vc_col-sm-6\"><div class=\"vc_column-inner\"><div class=\"wpb_wrapper\">\n\t<div  class=\"wpb_single_image wpb_content_element vc_align_left wpb_content_element\">\n\t\t\n\t\t<figure class=\"wpb_wrapper vc_figure\">\n\t\t\t<div class=\"vc_single_image-wrapper   vc_box_border_grey\"><img decoding=\"async\" class=\"vc_single_image-img\" src=\"https:\/\/tibladin.dk\/wp-content\/uploads\/2025\/01\/Vaeveteknikker_kvindekoopertaiv_1-800x800.jpg\" width=\"800\" height=\"800\" alt=\"Tv\u00e5 kvinnor som arbetar i ett kvinnokooperativ\" title=\"V\u00e4vteknik_kvinnokooperativ_1\" loading=\"lazy\" \/><\/div>\n\t\t<\/figure>\n\t<\/div>\n<\/div><\/div><\/div><div class=\"wpb_column vc_column_container vc_col-sm-6\"><div class=\"vc_column-inner\"><div class=\"wpb_wrapper\"><h2 style=\"text-align: left\" class=\"vc_custom_heading vc_do_custom_heading\" >Hur Tibladin arbetar med h\u00e5llbarhet<\/h2>\n\t<div class=\"wpb_text_column wpb_content_element\" >\n\t\t<div class=\"wpb_wrapper\">\n\t\t\t<p>Det \u00e4r helt naturligt f\u00f6r mig att t\u00e4nka p\u00e5 h\u00e5llbarhet i mitt f\u00f6retag d\u00e5 jag \u00e4ven i mitt privatliv t\u00e4nker mycket p\u00e5 hur vi kan belasta milj\u00f6n s\u00e5 lite som m\u00f6jligt. Jag sorterar noggrant mitt avfall, jag k\u00f6r elbil och handlar ekologiskt och h\u00e5llbart.<\/p>\n<p>N\u00e4r jag v\u00e4ljer mina leverant\u00f6rer \u00e4r det viktigt f\u00f6r mig att de har en h\u00e5llbar produktion, att materialen \u00e4r naturliga och s\u00e5 l\u00e5ngt som m\u00f6jligt ekologiska samt att alla resurser utnyttjas fullt ut. Jag tittar p\u00e5 om f\u00e4rgerna \u00e4r naturliga, om glasyren \u00e4r giftfri etc. H\u00e5llbarhet \u00e4r m\u00e5nga saker och en annan parameter jag v\u00e4ljer leverant\u00f6rer p\u00e5 \u00e4r om de ocks\u00e5 \u00e4r socialt h\u00e5llbara. Det betyder att jag st\u00f6djer lokala hantverkare och kvinnokooperativ, som g\u00f6r mycket f\u00f6r att f\u00e5 kvinnor att arbeta, s\u00e5 att levnadsstandarden i marockanska byar f\u00f6rb\u00e4ttras.<\/p>\n<p>F\u00f6r att undvika \u00f6verkonsumtion best\u00e4ller jag varor f\u00f6r hemf\u00f6rvaring i mindre portioner och efter efterfr\u00e5gan. Jag levererar sittpuffar utan fyllning, d\u00e5 det \u00e4r mer h\u00e5llbart att fylla sin sittpuff med l\u00e4mpliga material man redan har, som kl\u00e4der man inte l\u00e4ngre anv\u00e4nder, vintert\u00e4cken, kuddar eller skrynkligt tidningspapper.<\/p>\n<p><a href=\"https:\/\/tibladin.dk\/sv\/haallbar-produktion\/\">L\u00e4s mer om Tibladins arbete med h\u00e5llbar produktion.<\/a><\/p>\n\n\t\t<\/div>\n\t<\/div>\n<\/div><\/div><\/div><\/div>\n<\/div>","protected":false},"excerpt":{"rendered":"Om TibladinEn passion for marokkansk h\u00e5ndv\u00e6rk'Sm\u00e5 flade sten'\u2018Tibladin\u2019 er et berbisk ord og betyder sm\u00e5 flade sten. Tibladin kaldte min svigerfamilie min mands barndomshjem. For mig symboliserer det de f\u00f8rste byggesten i min forretning. Mette Frank Bijaad Ejer af Tibladin Marokkansk unika interi\u00f8r Tibladin.dk har jeg skabt ud fra min passion for marokkansk h\u00e5ndv\u00e6rk. Jeg [...]","protected":false},"author":2,"featured_media":4090,"parent":0,"menu_order":0,"comment_status":"closed","ping_status":"closed","template":"template-fullwidth-no-heading.php","meta":{"inline_featured_image":false,"footnotes":""},"class_list":["post-4128","page","type-page","status-publish","has-post-thumbnail","hentry"],"yoast_head":"<!-- This site is optimized with the Yoast SEO plugin v27.4 - https:\/\/yoast.com\/product\/yoast-seo-wordpress\/ -->\n<title>Om Tibladin | Passion for marokkansk h\u00e5ndv\u00e6rk<\/title>\n<meta name=\"description\" content=\"Hos Tibladin tilbyder vi produkter med et fint marokkansk udtryk, som passer med den skandinaviske indretning. B\u00e6redygtighed i forretningen\" \/>\n<meta name=\"robots\" content=\"index, follow, max-snippet:-1, max-image-preview:large, max-video-preview:-1\" \/>\n<link rel=\"canonical\" href=\"https:\/\/tibladin.dk\/sv\/om-tibladin\/\" \/>\n<meta property=\"og:locale\" content=\"sv_SE\" \/>\n<meta property=\"og:type\" content=\"article\" \/>\n<meta property=\"og:title\" content=\"Om Tibladin | Passion for marokkansk h\u00e5ndv\u00e6rk\" \/>\n<meta property=\"og:description\" content=\"Hos Tibladin tilbyder vi produkter med et fint marokkansk udtryk, som passer med den skandinaviske indretning. B\u00e6redygtighed i forretningen\" \/>\n<meta property=\"og:url\" content=\"https:\/\/tibladin.dk\/sv\/om-tibladin\/\" \/>\n<meta property=\"og:site_name\" content=\"Tibladin\" \/>\n<meta property=\"article:modified_time\" content=\"2025-01-27T13:43:55+00:00\" \/>\n<meta property=\"og:image\" content=\"https:\/\/tibladin.dk\/wp-content\/uploads\/2022\/10\/Tibladin_fjerdekoration.webp\" \/>\n\t<meta property=\"og:image:width\" content=\"800\" \/>\n\t<meta property=\"og:image:height\" content=\"800\" \/>\n\t<meta property=\"og:image:type\" content=\"image\/webp\" \/>\n<meta name=\"twitter:card\" content=\"summary_large_image\" \/>\n<meta name=\"twitter:label1\" content=\"Ber\u00e4knad l\u00e4stid\" \/>\n\t<meta name=\"twitter:data1\" content=\"5 minuter\" \/>\n<script type=\"application\/ld+json\" class=\"yoast-schema-graph\">{\"@context\":\"https:\\\/\\\/schema.org\",\"@graph\":[{\"@type\":\"WebPage\",\"@id\":\"https:\\\/\\\/tibladin.dk\\\/om-tibladin\\\/\",\"url\":\"https:\\\/\\\/tibladin.dk\\\/om-tibladin\\\/\",\"name\":\"Om Tibladin | Passion for marokkansk h\u00e5ndv\u00e6rk\",\"isPartOf\":{\"@id\":\"https:\\\/\\\/tibladin.dk\\\/#website\"},\"primaryImageOfPage\":{\"@id\":\"https:\\\/\\\/tibladin.dk\\\/om-tibladin\\\/#primaryimage\"},\"image\":{\"@id\":\"https:\\\/\\\/tibladin.dk\\\/om-tibladin\\\/#primaryimage\"},\"thumbnailUrl\":\"https:\\\/\\\/tibladin.dk\\\/wp-content\\\/uploads\\\/2022\\\/10\\\/Tibladin_fjerdekoration.webp\",\"datePublished\":\"2022-10-14T07:33:49+00:00\",\"dateModified\":\"2025-01-27T13:43:55+00:00\",\"description\":\"Hos Tibladin tilbyder vi produkter med et fint marokkansk udtryk, som passer med den skandinaviske indretning. B\u00e6redygtighed i forretningen\",\"breadcrumb\":{\"@id\":\"https:\\\/\\\/tibladin.dk\\\/om-tibladin\\\/#breadcrumb\"},\"inLanguage\":\"sv-SE\",\"potentialAction\":[{\"@type\":\"ReadAction\",\"target\":[\"https:\\\/\\\/tibladin.dk\\\/om-tibladin\\\/\"]}]},{\"@type\":\"ImageObject\",\"inLanguage\":\"sv-SE\",\"@id\":\"https:\\\/\\\/tibladin.dk\\\/om-tibladin\\\/#primaryimage\",\"url\":\"https:\\\/\\\/tibladin.dk\\\/wp-content\\\/uploads\\\/2022\\\/10\\\/Tibladin_fjerdekoration.webp\",\"contentUrl\":\"https:\\\/\\\/tibladin.dk\\\/wp-content\\\/uploads\\\/2022\\\/10\\\/Tibladin_fjerdekoration.webp\",\"width\":800,\"height\":800,\"caption\":\"Model ved marokkansk indretning\"},{\"@type\":\"BreadcrumbList\",\"@id\":\"https:\\\/\\\/tibladin.dk\\\/om-tibladin\\\/#breadcrumb\",\"itemListElement\":[{\"@type\":\"ListItem\",\"position\":1,\"name\":\"Hjem\",\"item\":\"https:\\\/\\\/tibladin.dk\\\/\"},{\"@type\":\"ListItem\",\"position\":2,\"name\":\"Om Tibladin\"}]},{\"@type\":\"WebSite\",\"@id\":\"https:\\\/\\\/tibladin.dk\\\/#website\",\"url\":\"https:\\\/\\\/tibladin.dk\\\/\",\"name\":\"Tibladin\",\"description\":\"Tibladin\",\"publisher\":{\"@id\":\"https:\\\/\\\/tibladin.dk\\\/#organization\"},\"potentialAction\":[{\"@type\":\"SearchAction\",\"target\":{\"@type\":\"EntryPoint\",\"urlTemplate\":\"https:\\\/\\\/tibladin.dk\\\/?s={search_term_string}\"},\"query-input\":{\"@type\":\"PropertyValueSpecification\",\"valueRequired\":true,\"valueName\":\"search_term_string\"}}],\"inLanguage\":\"sv-SE\"},{\"@type\":\"Organization\",\"@id\":\"https:\\\/\\\/tibladin.dk\\\/#organization\",\"name\":\"Tibladin\",\"url\":\"https:\\\/\\\/tibladin.dk\\\/\",\"logo\":{\"@type\":\"ImageObject\",\"inLanguage\":\"sv-SE\",\"@id\":\"https:\\\/\\\/tibladin.dk\\\/#\\\/schema\\\/logo\\\/image\\\/\",\"url\":\"https:\\\/\\\/tibladin.dk\\\/wp-content\\\/uploads\\\/2022\\\/09\\\/tibladin_logo.svg\",\"contentUrl\":\"https:\\\/\\\/tibladin.dk\\\/wp-content\\\/uploads\\\/2022\\\/09\\\/tibladin_logo.svg\",\"caption\":\"Tibladin\"},\"image\":{\"@id\":\"https:\\\/\\\/tibladin.dk\\\/#\\\/schema\\\/logo\\\/image\\\/\"}}]}<\/script>\n<!-- \/ Yoast SEO plugin. -->","yoast_head_json":{"title":"Om Tibladin | Passion f\u00f6r marockanskt hantverk","description":"P\u00e5 Tibladin erbjuder vi produkter med en fin marockansk look som passar bra till den skandinaviska inredningen. H\u00e5llbarhet i n\u00e4ringslivet","robots":{"index":"index","follow":"follow","max-snippet":"max-snippet:-1","max-image-preview":"max-image-preview:large","max-video-preview":"max-video-preview:-1"},"canonical":"https:\/\/tibladin.dk\/sv\/om-tibladin\/","og_locale":"sv_SE","og_type":"article","og_title":"Om Tibladin | Passion for marokkansk h\u00e5ndv\u00e6rk","og_description":"Hos Tibladin tilbyder vi produkter med et fint marokkansk udtryk, som passer med den skandinaviske indretning. B\u00e6redygtighed i forretningen","og_url":"https:\/\/tibladin.dk\/sv\/om-tibladin\/","og_site_name":"Tibladin","article_modified_time":"2025-01-27T13:43:55+00:00","og_image":[{"width":800,"height":800,"url":"https:\/\/tibladin.dk\/wp-content\/uploads\/2022\/10\/Tibladin_fjerdekoration.webp","type":"image\/webp"}],"twitter_card":"summary_large_image","twitter_misc":{"Ber\u00e4knad l\u00e4stid":"5 minuter"},"schema":{"@context":"https:\/\/schema.org","@graph":[{"@type":"WebPage","@id":"https:\/\/tibladin.dk\/om-tibladin\/","url":"https:\/\/tibladin.dk\/om-tibladin\/","name":"Om Tibladin | Passion f\u00f6r marockanskt hantverk","isPartOf":{"@id":"https:\/\/tibladin.dk\/#website"},"primaryImageOfPage":{"@id":"https:\/\/tibladin.dk\/om-tibladin\/#primaryimage"},"image":{"@id":"https:\/\/tibladin.dk\/om-tibladin\/#primaryimage"},"thumbnailUrl":"https:\/\/tibladin.dk\/wp-content\/uploads\/2022\/10\/Tibladin_fjerdekoration.webp","datePublished":"2022-10-14T07:33:49+00:00","dateModified":"2025-01-27T13:43:55+00:00","description":"P\u00e5 Tibladin erbjuder vi produkter med en fin marockansk look som passar bra till den skandinaviska inredningen. H\u00e5llbarhet i n\u00e4ringslivet","breadcrumb":{"@id":"https:\/\/tibladin.dk\/om-tibladin\/#breadcrumb"},"inLanguage":"sv-SE","potentialAction":[{"@type":"ReadAction","target":["https:\/\/tibladin.dk\/om-tibladin\/"]}]},{"@type":"ImageObject","inLanguage":"sv-SE","@id":"https:\/\/tibladin.dk\/om-tibladin\/#primaryimage","url":"https:\/\/tibladin.dk\/wp-content\/uploads\/2022\/10\/Tibladin_fjerdekoration.webp","contentUrl":"https:\/\/tibladin.dk\/wp-content\/uploads\/2022\/10\/Tibladin_fjerdekoration.webp","width":800,"height":800,"caption":"Model ved marokkansk indretning"},{"@type":"BreadcrumbList","@id":"https:\/\/tibladin.dk\/om-tibladin\/#breadcrumb","itemListElement":[{"@type":"ListItem","position":1,"name":"Hjem","item":"https:\/\/tibladin.dk\/"},{"@type":"ListItem","position":2,"name":"Om Tibladin"}]},{"@type":"WebSite","@id":"https:\/\/tibladin.dk\/#website","url":"https:\/\/tibladin.dk\/","name":"Tibladin","description":"Tibladin","publisher":{"@id":"https:\/\/tibladin.dk\/#organization"},"potentialAction":[{"@type":"SearchAction","target":{"@type":"EntryPoint","urlTemplate":"https:\/\/tibladin.dk\/?s={search_term_string}"},"query-input":{"@type":"PropertyValueSpecification","valueRequired":true,"valueName":"search_term_string"}}],"inLanguage":"sv-SE"},{"@type":"Organization","@id":"https:\/\/tibladin.dk\/#organization","name":"Tibladin","url":"https:\/\/tibladin.dk\/","logo":{"@type":"ImageObject","inLanguage":"sv-SE","@id":"https:\/\/tibladin.dk\/#\/schema\/logo\/image\/","url":"https:\/\/tibladin.dk\/wp-content\/uploads\/2022\/09\/tibladin_logo.svg","contentUrl":"https:\/\/tibladin.dk\/wp-content\/uploads\/2022\/09\/tibladin_logo.svg","caption":"Tibladin"},"image":{"@id":"https:\/\/tibladin.dk\/#\/schema\/logo\/image\/"}}]}},"_links":{"self":[{"href":"https:\/\/tibladin.dk\/sv\/wp-json\/wp\/v2\/pages\/4128","targetHints":{"allow":["GET"]}}],"collection":[{"href":"https:\/\/tibladin.dk\/sv\/wp-json\/wp\/v2\/pages"}],"about":[{"href":"https:\/\/tibladin.dk\/sv\/wp-json\/wp\/v2\/types\/page"}],"author":[{"embeddable":true,"href":"https:\/\/tibladin.dk\/sv\/wp-json\/wp\/v2\/users\/2"}],"replies":[{"embeddable":true,"href":"https:\/\/tibladin.dk\/sv\/wp-json\/wp\/v2\/comments?post=4128"}],"version-history":[{"count":73,"href":"https:\/\/tibladin.dk\/sv\/wp-json\/wp\/v2\/pages\/4128\/revisions"}],"predecessor-version":[{"id":34588,"href":"https:\/\/tibladin.dk\/sv\/wp-json\/wp\/v2\/pages\/4128\/revisions\/34588"}],"wp:featuredmedia":[{"embeddable":true,"href":"https:\/\/tibladin.dk\/sv\/wp-json\/wp\/v2\/media\/4090"}],"wp:attachment":[{"href":"https:\/\/tibladin.dk\/sv\/wp-json\/wp\/v2\/media?parent=4128"}],"curies":[{"name":"wp","href":"https:\/\/api.w.org\/{rel}","templated":true}]}}