{"id":6,"date":"2022-09-09T11:25:48","date_gmt":"2022-09-09T09:25:48","guid":{"rendered":"https:\/\/tibladin2.sky663.dk\/shop\/"},"modified":"2025-04-11T17:33:28","modified_gmt":"2025-04-11T15:33:28","slug":"affar","status":"publish","type":"page","link":"https:\/\/tibladin.dk\/sv\/shop\/","title":{"rendered":"aff\u00e4r"},"content":{"rendered":"<h2>Stort urval av marockansk inredning<\/h2>\n<p>Hos Tibladin kan du hitta en butik med ett stort utbud av inredningsprodukter som alla har marockanskt ursprung. Vi har ett stort sortiment, s\u00e5 du kan b\u00e5de handla <a href=\"https:\/\/tibladin.dk\/sv\/produktkategori-2\/interior\/mobel\/\">m\u00f6bel<\/a>, <a href=\"https:\/\/tibladin.dk\/sv\/produktkategori-2\/interior\/dukning\/\">dukningstj\u00e4nst<\/a>, <a href=\"https:\/\/tibladin.dk\/sv\/produktkategori-2\/marockanska-mattor\/\">Marockanska mattor<\/a>, <a href=\"https:\/\/tibladin.dk\/sv\/produktkategori-2\/interior\/hemtillbehor\/textilier\/hammam-haandklaeder\/\">hamam handdukar<\/a>, <a href=\"https:\/\/tibladin.dk\/sv\/produktkategori-2\/interior\/dukning\/glas\/\">beldi glas<\/a>, <a href=\"https:\/\/tibladin.dk\/sv\/produktkategori-2\/tofflor\/\">tofflor<\/a>, <a href=\"https:\/\/tibladin.dk\/sv\/produktkategori-2\/interior\/lampor\/\">Marockanska lampor<\/a>, <a href=\"https:\/\/tibladin.dk\/sv\/produktkategori-2\/interior\/vagdekoration\/\">v\u00e4ggdekorationer<\/a>, <a href=\"https:\/\/tibladin.dk\/sv\/produktkategori-2\/diverse\/personlig-omvaardnad\/\">tv\u00e5l och annan personlig v\u00e5rd<\/a>, och mycket mer. Oavsett vad du letar efter kommer vi garanterat att ha n\u00e5got som passar din smak. Alla produkterna \u00e4r handgjorda fr\u00e5n Marocko, s\u00e5 ingen \u00e4r den andra lik, och du f\u00e5r alltid n\u00e5got som \u00e4r unikt och unikt.<\/p>\n<p>Ta en titt p\u00e5 v\u00e5rt l\u00e4ckra urval av handgjorda unika produkter i marockansk stil och design!<\/p>","protected":false},"excerpt":{"rendered":"<p>Stort udvalg i marokkansk interi\u00f8r Hos Tibladin kan du finde en shop med et stort udvalg af interi\u00f8r produkter, der alt sammen har marokkansk afstamning. Vi har et stort sortiment, s\u00e5 du kan b\u00e5de shop m\u00f8bler, service til bordd\u00e6kning, marokkanske t\u00e6pper, hammam h\u00e5ndkl\u00e6der, beldi glas, slippers, marokkanske lamper, v\u00e6gdekorationer, s\u00e6ber og andet personlig pleje, og [&hellip;]<\/p>\n","protected":false},"author":1,"featured_media":0,"parent":0,"menu_order":0,"comment_status":"closed","ping_status":"closed","template":"","meta":{"inline_featured_image":false,"footnotes":""},"class_list":["post-6","page","type-page","status-publish","hentry"],"yoast_head":"<!-- This site is optimized with the Yoast SEO plugin v27.5 - https:\/\/yoast.com\/product\/yoast-seo-wordpress\/ -->\n<title>Shop med stort udvalg af marokkansk interi\u00f8r<\/title>\n<meta name=\"description\" content=\"Hos Tibladins shop kan du finde produkter, der alt sammen er i Marokkansk design. Stort udvalg i interi\u00f8r, marokkanske t\u00e6pper og meget andet.\" \/>\n<meta name=\"robots\" content=\"index, follow, max-snippet:-1, max-image-preview:large, max-video-preview:-1\" \/>\n<link rel=\"canonical\" href=\"https:\/\/tibladin.dk\/sv\/affar\/\" \/>\n<meta property=\"og:locale\" content=\"sv_SE\" \/>\n<meta property=\"og:type\" content=\"article\" \/>\n<meta property=\"og:title\" content=\"Shop med stort udvalg af marokkansk interi\u00f8r\" \/>\n<meta property=\"og:description\" content=\"Hos Tibladins shop kan du finde produkter, der alt sammen er i Marokkansk design. Stort udvalg i interi\u00f8r, marokkanske t\u00e6pper og meget andet.\" \/>\n<meta property=\"og:url\" content=\"https:\/\/tibladin.dk\/sv\/affar\/\" \/>\n<meta property=\"og:site_name\" content=\"Tibladin\" \/>\n<meta property=\"article:modified_time\" content=\"2025-04-11T15:33:28+00:00\" \/>\n<meta name=\"twitter:card\" content=\"summary_large_image\" \/>\n<meta name=\"twitter:label1\" content=\"Ber\u00e4knad l\u00e4stid\" \/>\n\t<meta name=\"twitter:data1\" content=\"1 minut\" \/>\n<script type=\"application\/ld+json\" class=\"yoast-schema-graph\">{\"@context\":\"https:\\\/\\\/schema.org\",\"@graph\":[{\"@type\":\"WebPage\",\"@id\":\"https:\\\/\\\/tibladin.dk\\\/shop\\\/\",\"url\":\"https:\\\/\\\/tibladin.dk\\\/shop\\\/\",\"name\":\"Shop med stort udvalg af marokkansk interi\u00f8r\",\"isPartOf\":{\"@id\":\"https:\\\/\\\/tibladin.dk\\\/#website\"},\"datePublished\":\"2022-09-09T09:25:48+00:00\",\"dateModified\":\"2025-04-11T15:33:28+00:00\",\"description\":\"Hos Tibladins shop kan du finde produkter, der alt sammen er i Marokkansk design. Stort udvalg i interi\u00f8r, marokkanske t\u00e6pper og meget andet.\",\"breadcrumb\":{\"@id\":\"https:\\\/\\\/tibladin.dk\\\/shop\\\/#breadcrumb\"},\"inLanguage\":\"sv-SE\",\"potentialAction\":[{\"@type\":\"ReadAction\",\"target\":[\"https:\\\/\\\/tibladin.dk\\\/shop\\\/\"]}]},{\"@type\":\"BreadcrumbList\",\"@id\":\"https:\\\/\\\/tibladin.dk\\\/shop\\\/#breadcrumb\",\"itemListElement\":[{\"@type\":\"ListItem\",\"position\":1,\"name\":\"Hjem\",\"item\":\"https:\\\/\\\/tibladin.dk\\\/\"},{\"@type\":\"ListItem\",\"position\":2,\"name\":\"Shop\"}]},{\"@type\":\"WebSite\",\"@id\":\"https:\\\/\\\/tibladin.dk\\\/#website\",\"url\":\"https:\\\/\\\/tibladin.dk\\\/\",\"name\":\"Tibladin\",\"description\":\"Tibladin\",\"publisher\":{\"@id\":\"https:\\\/\\\/tibladin.dk\\\/#organization\"},\"potentialAction\":[{\"@type\":\"SearchAction\",\"target\":{\"@type\":\"EntryPoint\",\"urlTemplate\":\"https:\\\/\\\/tibladin.dk\\\/?s={search_term_string}\"},\"query-input\":{\"@type\":\"PropertyValueSpecification\",\"valueRequired\":true,\"valueName\":\"search_term_string\"}}],\"inLanguage\":\"sv-SE\"},{\"@type\":\"Organization\",\"@id\":\"https:\\\/\\\/tibladin.dk\\\/#organization\",\"name\":\"Tibladin\",\"url\":\"https:\\\/\\\/tibladin.dk\\\/\",\"logo\":{\"@type\":\"ImageObject\",\"inLanguage\":\"sv-SE\",\"@id\":\"https:\\\/\\\/tibladin.dk\\\/#\\\/schema\\\/logo\\\/image\\\/\",\"url\":\"https:\\\/\\\/tibladin.dk\\\/wp-content\\\/uploads\\\/2022\\\/09\\\/tibladin_logo.svg\",\"contentUrl\":\"https:\\\/\\\/tibladin.dk\\\/wp-content\\\/uploads\\\/2022\\\/09\\\/tibladin_logo.svg\",\"caption\":\"Tibladin\"},\"image\":{\"@id\":\"https:\\\/\\\/tibladin.dk\\\/#\\\/schema\\\/logo\\\/image\\\/\"}}]}<\/script>\n<!-- \/ Yoast SEO plugin. -->","yoast_head_json":{"title":"Shoppa med ett stort urval av marockansk inredning","description":"Hos Tibladins butik kan du hitta produkter som alla \u00e4r i marockansk design. Stort utbud av interi\u00f6rer, marockanska mattor och mycket mer.","robots":{"index":"index","follow":"follow","max-snippet":"max-snippet:-1","max-image-preview":"max-image-preview:large","max-video-preview":"max-video-preview:-1"},"canonical":"https:\/\/tibladin.dk\/sv\/affar\/","og_locale":"sv_SE","og_type":"article","og_title":"Shop med stort udvalg af marokkansk interi\u00f8r","og_description":"Hos Tibladins shop kan du finde produkter, der alt sammen er i Marokkansk design. Stort udvalg i interi\u00f8r, marokkanske t\u00e6pper og meget andet.","og_url":"https:\/\/tibladin.dk\/sv\/affar\/","og_site_name":"Tibladin","article_modified_time":"2025-04-11T15:33:28+00:00","twitter_card":"summary_large_image","twitter_misc":{"Ber\u00e4knad l\u00e4stid":"1 minut"},"schema":{"@context":"https:\/\/schema.org","@graph":[{"@type":"WebPage","@id":"https:\/\/tibladin.dk\/shop\/","url":"https:\/\/tibladin.dk\/shop\/","name":"Shoppa med ett stort urval av marockansk inredning","isPartOf":{"@id":"https:\/\/tibladin.dk\/#website"},"datePublished":"2022-09-09T09:25:48+00:00","dateModified":"2025-04-11T15:33:28+00:00","description":"Hos Tibladins butik kan du hitta produkter som alla \u00e4r i marockansk design. Stort utbud av interi\u00f6rer, marockanska mattor och mycket mer.","breadcrumb":{"@id":"https:\/\/tibladin.dk\/shop\/#breadcrumb"},"inLanguage":"sv-SE","potentialAction":[{"@type":"ReadAction","target":["https:\/\/tibladin.dk\/shop\/"]}]},{"@type":"BreadcrumbList","@id":"https:\/\/tibladin.dk\/shop\/#breadcrumb","itemListElement":[{"@type":"ListItem","position":1,"name":"Hjem","item":"https:\/\/tibladin.dk\/"},{"@type":"ListItem","position":2,"name":"Shop"}]},{"@type":"WebSite","@id":"https:\/\/tibladin.dk\/#website","url":"https:\/\/tibladin.dk\/","name":"Tibladin","description":"Tibladin","publisher":{"@id":"https:\/\/tibladin.dk\/#organization"},"potentialAction":[{"@type":"SearchAction","target":{"@type":"EntryPoint","urlTemplate":"https:\/\/tibladin.dk\/?s={search_term_string}"},"query-input":{"@type":"PropertyValueSpecification","valueRequired":true,"valueName":"search_term_string"}}],"inLanguage":"sv-SE"},{"@type":"Organization","@id":"https:\/\/tibladin.dk\/#organization","name":"Tibladin","url":"https:\/\/tibladin.dk\/","logo":{"@type":"ImageObject","inLanguage":"sv-SE","@id":"https:\/\/tibladin.dk\/#\/schema\/logo\/image\/","url":"https:\/\/tibladin.dk\/wp-content\/uploads\/2022\/09\/tibladin_logo.svg","contentUrl":"https:\/\/tibladin.dk\/wp-content\/uploads\/2022\/09\/tibladin_logo.svg","caption":"Tibladin"},"image":{"@id":"https:\/\/tibladin.dk\/#\/schema\/logo\/image\/"}}]}},"_links":{"self":[{"href":"https:\/\/tibladin.dk\/sv\/wp-json\/wp\/v2\/pages\/6","targetHints":{"allow":["GET"]}}],"collection":[{"href":"https:\/\/tibladin.dk\/sv\/wp-json\/wp\/v2\/pages"}],"about":[{"href":"https:\/\/tibladin.dk\/sv\/wp-json\/wp\/v2\/types\/page"}],"author":[{"embeddable":true,"href":"https:\/\/tibladin.dk\/sv\/wp-json\/wp\/v2\/users\/1"}],"replies":[{"embeddable":true,"href":"https:\/\/tibladin.dk\/sv\/wp-json\/wp\/v2\/comments?post=6"}],"version-history":[{"count":7,"href":"https:\/\/tibladin.dk\/sv\/wp-json\/wp\/v2\/pages\/6\/revisions"}],"predecessor-version":[{"id":4671,"href":"https:\/\/tibladin.dk\/sv\/wp-json\/wp\/v2\/pages\/6\/revisions\/4671"}],"wp:attachment":[{"href":"https:\/\/tibladin.dk\/sv\/wp-json\/wp\/v2\/media?parent=6"}],"curies":[{"name":"wp","href":"https:\/\/api.w.org\/{rel}","templated":true}]}}